{"id":10499,"date":"2020-01-24T10:42:01","date_gmt":"2020-01-24T09:42:01","guid":{"rendered":"http:\/\/lloretdemar.org\/lloret-de-mar-de-dia\/cultura\/lloret-mariner\/"},"modified":"2020-11-19T14:00:31","modified_gmt":"2020-11-19T13:00:31","slug":"lloret-marinero","status":"publish","type":"page","link":"https:\/\/lloretdemar.org\/es\/que-hacer-en-lloret\/lloret-de-mar-de-dia\/cultura\/lloret-marinero\/","title":{"rendered":"Lloret marinero"},"content":{"rendered":"\n<p>Lloret de Mar\nconserva todav\u00eda algunos espacios que te recordar\u00e1n el estrecho v\u00ednculo\nhist\u00f3rico que la ciudad ha tenido con el mar.<\/p>\n\n\n\n<p>La arquitectura de los \u00abindianos\u00bb que fueron y volvieron de ultramar, el espacio donde antiguamente se te\u00f1\u00edan las redes de pesca o el homenaje a la dura vida de los pescadores con la celebraci\u00f3n de la Tirada a l\u2019Art son solo algunos ejemplos de lo que puedes visitar durante tu estancia.<\/p>\n\n\n\n<p>Consulta el patrimonio pesquero de Lloret de Mar <a href=\"https:\/\/lloretdemar.org\/wp-content\/uploads\/2020\/03\/patrimoni-pesquer.pdf\">aqu\u00ed<\/a>.<\/p>\n","protected":false},"excerpt":{"rendered":"<p>Lloret de Mar conserva todav\u00eda algunos espacios que te recordar\u00e1n el estrecho v\u00ednculo hist\u00f3rico que la ciudad ha tenido con el mar. La arquitectura de los \u00abindianos\u00bb que fueron y volvieron de ultramar, el espacio donde antiguamente se te\u00f1\u00edan las redes de pesca o el homenaje a la dura vida de los pescadores con la [&hellip;]<\/p>\n","protected":false},"author":12,"featured_media":0,"parent":10077,"menu_order":0,"comment_status":"closed","ping_status":"closed","template":"page-templates\/mouret-15.php","meta":{"_acf_changed":false,"content-type":"","footnotes":""},"class_list":["post-10499","page","type-page","status-publish","hentry"],"acf":{"banner_imatge":4487,"banner_titol":"Lloret marinero","banner_subtitol":"","botons_blanc_o_negres":"defecte","banner_links":[{"es_post":false,"banner_link":{"title":"Museo del Mar \u2013 Can Garriga","url":"https:\/\/lloretdemar.org\/es\/cultura\/museo-del-mar-can-garriga\/","target":""},"link_intern":null,"link_intern_titol":""},{"es_post":false,"banner_link":{"title":"Es Tint","url":"http:\/\/lloretdemar.org\/es\/cultura\/es-tint\/","target":""},"link_intern":null,"link_intern_titol":""},{"es_post":false,"banner_link":{"title":"Sa Caleta","url":"http:\/\/lloretdemar.org\/es\/playa\/sa-caleta\/","target":""},"link_intern":null,"link_intern_titol":""},{"es_post":false,"banner_link":{"title":"Dona Marinera","url":"http:\/\/lloretdemar.org\/es\/cultura\/dona-marinera\/","target":""},"link_intern":null,"link_intern_titol":""},{"es_post":false,"banner_link":{"title":"Port Canyelles","url":"http:\/\/lloretdemar.org\/es\/cultura\/port-canyelles\/","target":""},"link_intern":null,"link_intern_titol":""},{"es_post":false,"banner_link":{"title":"Ermita de Santa Cristina","url":"http:\/\/lloretdemar.org\/es\/cultura\/ermita-de-santa-cristina\/","target":""},"link_intern":null,"link_intern_titol":""},{"es_post":false,"banner_link":{"title":"Extensi\u00f3n a la Playa de Sa Caleta","url":" http:\/\/lloretdemar.org\/es\/cultura\/extensio-a-la-platja-de-sa-caleta\/","target":""},"link_intern":null,"link_intern_titol":""}],"blocs":[{"titol":"Museo del Mar","descripcio":"Situada en el paseo mar\u00edtimo, en primera l\u00ednea de mar, Can Garriga es una de las casas indianas m\u00e1s relevantes de Lloret de Mar. Actualmente, esta casa y su vecina, alojan el Museo del Mar, un espacio que explica el v\u00ednculo de Lloret de Mar con el mar.","imatge":4400,"es_enllac_intern_o_extern":"intern","link_intern":{"title":"M\u00e1s informaci\u00f3n","url":"https:\/\/lloretdemar.org\/es\/cultura\/museo-del-mar-can-garriga\/","target":""},"link_extern":"","link_extern_text":""},{"titol":"Es Tint","descripcio":"Actual sede de la Cofrad\u00eda de Pescadores de Lloret de Mar se sit\u00faa en el centro del municipio y conserva su estado original como espacio donde los pescadores acud\u00edan a te\u00f1ir sus redes de pesca.","imatge":4516,"es_enllac_intern_o_extern":"intern","link_intern":{"title":"M\u00e1s informaci\u00f3n","url":"http:\/\/lloretdemar.org\/es\/cultura\/es-tint\/","target":""},"link_extern":"","link_extern_text":""},{"titol":"Sa Caleta","descripcio":"Peque\u00f1a cala ubicada junto a la playa de Lloret y al inicio del camino de ronda que va de Lloret de Mar en Tossa de Mar. Transcurre en bajo el Castillo de en Playa, imagen ic\u00f3nica de la ciudad, que domina unas vistas espectaculares de nuestra ciudad.","imatge":4513,"es_enllac_intern_o_extern":"intern","link_intern":{"title":"M\u00e1s informaci\u00f3n","url":"http:\/\/lloretdemar.org\/es\/playa\/sa-caleta\/","target":""},"link_extern":"","link_extern_text":""},{"titol":"Dona Marinera","descripcio":"En 1966 se encarg\u00f3 la realizaci\u00f3n del monumento a \"La Mujer Marinera\", una bonita escultura de bronce que se puede contemplar el final de la playa de Lloret. Obra del artista Ernest Maragall, sus 2,40 m de altura impresionan.","imatge":4506,"es_enllac_intern_o_extern":"intern","link_intern":{"title":"M\u00e1s informaci\u00f3n","url":"http:\/\/lloretdemar.org\/es\/cultura\/dona-marinera\/","target":""},"link_extern":"","link_extern_text":""},{"titol":"Ermita Santa Cristina","descripcio":"La primera noticia que tenemos es de 1376, pero el templo actual es de finales del siglo XVIII. Es de estilo neocl\u00e1sico y tiene un riqu\u00edsimo altar mayor de m\u00e1rmol hecho en Italia y una interesante colecci\u00f3n de exvotos y de barcos en miniatura.","imatge":4412,"es_enllac_intern_o_extern":"intern","link_intern":{"title":"M\u00e1s informaci\u00f3n","url":"http:\/\/lloretdemar.org\/es\/cultura\/ermita-de-santa-cristina\/","target":""},"link_extern":"","link_extern_text":""},{"titol":"Port Canyelles","descripcio":"Lloret dispone de un \u00fanico puerto deportivo situado en la playa de Canyelles donde se pueden amarrar embarcaciones de tama\u00f1o medio. Canyelles es la playa m\u00e1s alejada del n\u00facleo urbano y se accede a ella desde la carretera que lleva a Tossa de Mar.","imatge":14067,"es_enllac_intern_o_extern":"intern","link_intern":{"title":"M\u00e1s informaci\u00f3n","url":"http:\/\/lloretdemar.org\/es\/cultura\/port-canyelles\/","target":""},"link_extern":"","link_extern_text":""},{"titol":"Extensi\u00f3n a la Playa de Sa Caleta","descripcio":"En esta peque\u00f1a cala, Lloret quiso recordar a los emigrantes que volvieron sin ver cumplido su sue\u00f1o con una placa que se erige sobre las rocas.","imatge":20961,"es_enllac_intern_o_extern":"intern","link_intern":{"title":"Extensi\u00f3n a la Playa de Sa Caleta","url":"https:\/\/lloretdemar.org\/es\/cultura\/extension-a-la-playa-de-sa-caleta\/","target":""},"link_extern":"","link_extern_text":""}],"titol_boto":"","document":"","apartats":null},"yoast_head":"<!-- This site is optimized with the Yoast SEO plugin v27.5 - https:\/\/yoast.com\/product\/yoast-seo-wordpress\/ -->\n<title>Lloret marinero - Lloret de Mar<\/title>\n<meta name=\"description\" content=\"Lloret de Mar conserva todav\u00eda algunos espacios que te recordar\u00e1n el estrecho v\u00ednculo hist\u00f3rico que la ciudad ha tenido con el mar. La arquitectura de los \u00abindianos\u00bb que fueron y volvieron de ultramar, el espacio donde antiguamente se te\u00f1\u00edan las redes de pesca o el homenaje a la dura vida de los pescadores con la&hellip;\" \/>\n<meta name=\"robots\" content=\"index, follow, max-snippet:-1, max-image-preview:large, max-video-preview:-1\" \/>\n<link rel=\"canonical\" href=\"https:\/\/lloretdemar.org\/es\/que-hacer-en-lloret\/lloret-de-mar-de-dia\/cultura\/lloret-marinero\/\" \/>\n<meta property=\"og:locale\" content=\"es_ES\" \/>\n<meta property=\"og:type\" content=\"article\" \/>\n<meta property=\"og:title\" content=\"Lloret marinero - Lloret de Mar\" \/>\n<meta property=\"og:description\" content=\"Lloret de Mar conserva todav\u00eda algunos espacios que te recordar\u00e1n el estrecho v\u00ednculo hist\u00f3rico que la ciudad ha tenido con el mar. La arquitectura de los \u00abindianos\u00bb que fueron y volvieron de ultramar, el espacio donde antiguamente se te\u00f1\u00edan las redes de pesca o el homenaje a la dura vida de los pescadores con la&hellip;\" \/>\n<meta property=\"og:url\" content=\"https:\/\/lloretdemar.org\/es\/que-hacer-en-lloret\/lloret-de-mar-de-dia\/cultura\/lloret-marinero\/\" \/>\n<meta property=\"og:site_name\" content=\"Lloret de Mar\" \/>\n<meta property=\"article:publisher\" content=\"https:\/\/www.facebook.com\/Lloretturisme\" \/>\n<meta property=\"article:modified_time\" content=\"2020-11-19T13:00:31+00:00\" \/>\n<meta property=\"og:image\" content=\"https:\/\/lloretdemar.org\/wp-content\/uploads\/2020\/01\/lloret-categories4.jpg\" \/>\n\t<meta property=\"og:image:width\" content=\"1920\" \/>\n\t<meta property=\"og:image:height\" content=\"885\" \/>\n\t<meta property=\"og:image:type\" content=\"image\/jpeg\" \/>\n<meta name=\"twitter:card\" content=\"summary_large_image\" \/>\n<meta name=\"twitter:site\" content=\"@lloretturisme\" \/>\n<script type=\"application\/ld+json\" class=\"yoast-schema-graph\">{\"@context\":\"https:\\\/\\\/schema.org\",\"@graph\":[{\"@type\":\"WebPage\",\"@id\":\"https:\\\/\\\/lloretdemar.org\\\/es\\\/que-hacer-en-lloret\\\/lloret-de-mar-de-dia\\\/cultura\\\/lloret-marinero\\\/\",\"url\":\"https:\\\/\\\/lloretdemar.org\\\/es\\\/que-hacer-en-lloret\\\/lloret-de-mar-de-dia\\\/cultura\\\/lloret-marinero\\\/\",\"name\":\"Lloret marinero - Lloret de Mar\",\"isPartOf\":{\"@id\":\"https:\\\/\\\/lloretdemar.org\\\/es\\\/#website\"},\"datePublished\":\"2020-01-24T09:42:01+00:00\",\"dateModified\":\"2020-11-19T13:00:31+00:00\",\"description\":\"Lloret de Mar\",\"breadcrumb\":{\"@id\":\"https:\\\/\\\/lloretdemar.org\\\/es\\\/que-hacer-en-lloret\\\/lloret-de-mar-de-dia\\\/cultura\\\/lloret-marinero\\\/#breadcrumb\"},\"inLanguage\":\"es\",\"potentialAction\":[{\"@type\":\"ReadAction\",\"target\":[\"https:\\\/\\\/lloretdemar.org\\\/es\\\/que-hacer-en-lloret\\\/lloret-de-mar-de-dia\\\/cultura\\\/lloret-marinero\\\/\"]}]},{\"@type\":\"BreadcrumbList\",\"@id\":\"https:\\\/\\\/lloretdemar.org\\\/es\\\/que-hacer-en-lloret\\\/lloret-de-mar-de-dia\\\/cultura\\\/lloret-marinero\\\/#breadcrumb\",\"itemListElement\":[{\"@type\":\"ListItem\",\"position\":1,\"name\":\"Home\",\"item\":\"https:\\\/\\\/lloretdemar.org\\\/es\\\/\"},{\"@type\":\"ListItem\",\"position\":2,\"name\":\"Qu\u00e9 hacer en Lloret\",\"item\":\"https:\\\/\\\/lloretdemar.org\\\/es\\\/que-hacer-en-lloret\\\/\"},{\"@type\":\"ListItem\",\"position\":3,\"name\":\"Lloret de Mar de D\u00eda\",\"item\":\"https:\\\/\\\/lloretdemar.org\\\/es\\\/que-hacer-en-lloret\\\/lloret-de-mar-de-dia\\\/\"},{\"@type\":\"ListItem\",\"position\":4,\"name\":\"Cultura\",\"item\":\"https:\\\/\\\/lloretdemar.org\\\/es\\\/que-hacer-en-lloret\\\/lloret-de-mar-de-dia\\\/cultura\\\/\"},{\"@type\":\"ListItem\",\"position\":5,\"name\":\"Lloret marinero\"}]},{\"@type\":\"WebSite\",\"@id\":\"https:\\\/\\\/lloretdemar.org\\\/es\\\/#website\",\"url\":\"https:\\\/\\\/lloretdemar.org\\\/es\\\/\",\"name\":\"Lloret de Mar\",\"description\":\"\",\"publisher\":{\"@id\":\"https:\\\/\\\/lloretdemar.org\\\/es\\\/#organization\"},\"potentialAction\":[{\"@type\":\"SearchAction\",\"target\":{\"@type\":\"EntryPoint\",\"urlTemplate\":\"https:\\\/\\\/lloretdemar.org\\\/es\\\/?s={search_term_string}\"},\"query-input\":{\"@type\":\"PropertyValueSpecification\",\"valueRequired\":true,\"valueName\":\"search_term_string\"}}],\"inLanguage\":\"es\"},{\"@type\":\"Organization\",\"@id\":\"https:\\\/\\\/lloretdemar.org\\\/es\\\/#organization\",\"name\":\"Lloret de Mar\",\"url\":\"https:\\\/\\\/lloretdemar.org\\\/es\\\/\",\"logo\":{\"@type\":\"ImageObject\",\"inLanguage\":\"es\",\"@id\":\"https:\\\/\\\/lloretdemar.org\\\/es\\\/#\\\/schema\\\/logo\\\/image\\\/\",\"url\":\"https:\\\/\\\/lloretdemar.org\\\/wp-content\\\/uploads\\\/2020\\\/05\\\/lloret-de-mar-logo.png\",\"contentUrl\":\"https:\\\/\\\/lloretdemar.org\\\/wp-content\\\/uploads\\\/2020\\\/05\\\/lloret-de-mar-logo.png\",\"width\":87,\"height\":38,\"caption\":\"Lloret de Mar\"},\"image\":{\"@id\":\"https:\\\/\\\/lloretdemar.org\\\/es\\\/#\\\/schema\\\/logo\\\/image\\\/\"},\"sameAs\":[\"https:\\\/\\\/www.facebook.com\\\/Lloretturisme\",\"https:\\\/\\\/x.com\\\/lloretturisme\",\"https:\\\/\\\/instagram.com\\\/lloretturisme\",\"https:\\\/\\\/www.youtube.com\\\/LloretTurisme\"]}]}<\/script>\n<!-- \/ Yoast SEO plugin. -->","yoast_head_json":{"title":"Lloret marinero - Lloret de Mar","description":"Lloret de Mar conserva todav\u00eda algunos espacios que te recordar\u00e1n el estrecho v\u00ednculo hist\u00f3rico que la ciudad ha tenido con el mar. La arquitectura de los \u00abindianos\u00bb que fueron y volvieron de ultramar, el espacio donde antiguamente se te\u00f1\u00edan las redes de pesca o el homenaje a la dura vida de los pescadores con la&hellip;","robots":{"index":"index","follow":"follow","max-snippet":"max-snippet:-1","max-image-preview":"max-image-preview:large","max-video-preview":"max-video-preview:-1"},"canonical":"https:\/\/lloretdemar.org\/es\/que-hacer-en-lloret\/lloret-de-mar-de-dia\/cultura\/lloret-marinero\/","og_locale":"es_ES","og_type":"article","og_title":"Lloret marinero - Lloret de Mar","og_description":"Lloret de Mar conserva todav\u00eda algunos espacios que te recordar\u00e1n el estrecho v\u00ednculo hist\u00f3rico que la ciudad ha tenido con el mar. La arquitectura de los \u00abindianos\u00bb que fueron y volvieron de ultramar, el espacio donde antiguamente se te\u00f1\u00edan las redes de pesca o el homenaje a la dura vida de los pescadores con la&hellip;","og_url":"https:\/\/lloretdemar.org\/es\/que-hacer-en-lloret\/lloret-de-mar-de-dia\/cultura\/lloret-marinero\/","og_site_name":"Lloret de Mar","article_publisher":"https:\/\/www.facebook.com\/Lloretturisme","article_modified_time":"2020-11-19T13:00:31+00:00","og_image":[{"width":1920,"height":885,"url":"https:\/\/lloretdemar.org\/wp-content\/uploads\/2020\/01\/lloret-categories4.jpg","type":"image\/jpeg"}],"twitter_card":"summary_large_image","twitter_site":"@lloretturisme","schema":{"@context":"https:\/\/schema.org","@graph":[{"@type":"WebPage","@id":"https:\/\/lloretdemar.org\/es\/que-hacer-en-lloret\/lloret-de-mar-de-dia\/cultura\/lloret-marinero\/","url":"https:\/\/lloretdemar.org\/es\/que-hacer-en-lloret\/lloret-de-mar-de-dia\/cultura\/lloret-marinero\/","name":"Lloret marinero - Lloret de Mar","isPartOf":{"@id":"https:\/\/lloretdemar.org\/es\/#website"},"datePublished":"2020-01-24T09:42:01+00:00","dateModified":"2020-11-19T13:00:31+00:00","description":"Lloret de Mar","breadcrumb":{"@id":"https:\/\/lloretdemar.org\/es\/que-hacer-en-lloret\/lloret-de-mar-de-dia\/cultura\/lloret-marinero\/#breadcrumb"},"inLanguage":"es","potentialAction":[{"@type":"ReadAction","target":["https:\/\/lloretdemar.org\/es\/que-hacer-en-lloret\/lloret-de-mar-de-dia\/cultura\/lloret-marinero\/"]}]},{"@type":"BreadcrumbList","@id":"https:\/\/lloretdemar.org\/es\/que-hacer-en-lloret\/lloret-de-mar-de-dia\/cultura\/lloret-marinero\/#breadcrumb","itemListElement":[{"@type":"ListItem","position":1,"name":"Home","item":"https:\/\/lloretdemar.org\/es\/"},{"@type":"ListItem","position":2,"name":"Qu\u00e9 hacer en Lloret","item":"https:\/\/lloretdemar.org\/es\/que-hacer-en-lloret\/"},{"@type":"ListItem","position":3,"name":"Lloret de Mar de D\u00eda","item":"https:\/\/lloretdemar.org\/es\/que-hacer-en-lloret\/lloret-de-mar-de-dia\/"},{"@type":"ListItem","position":4,"name":"Cultura","item":"https:\/\/lloretdemar.org\/es\/que-hacer-en-lloret\/lloret-de-mar-de-dia\/cultura\/"},{"@type":"ListItem","position":5,"name":"Lloret marinero"}]},{"@type":"WebSite","@id":"https:\/\/lloretdemar.org\/es\/#website","url":"https:\/\/lloretdemar.org\/es\/","name":"Lloret de Mar","description":"","publisher":{"@id":"https:\/\/lloretdemar.org\/es\/#organization"},"potentialAction":[{"@type":"SearchAction","target":{"@type":"EntryPoint","urlTemplate":"https:\/\/lloretdemar.org\/es\/?s={search_term_string}"},"query-input":{"@type":"PropertyValueSpecification","valueRequired":true,"valueName":"search_term_string"}}],"inLanguage":"es"},{"@type":"Organization","@id":"https:\/\/lloretdemar.org\/es\/#organization","name":"Lloret de Mar","url":"https:\/\/lloretdemar.org\/es\/","logo":{"@type":"ImageObject","inLanguage":"es","@id":"https:\/\/lloretdemar.org\/es\/#\/schema\/logo\/image\/","url":"https:\/\/lloretdemar.org\/wp-content\/uploads\/2020\/05\/lloret-de-mar-logo.png","contentUrl":"https:\/\/lloretdemar.org\/wp-content\/uploads\/2020\/05\/lloret-de-mar-logo.png","width":87,"height":38,"caption":"Lloret de Mar"},"image":{"@id":"https:\/\/lloretdemar.org\/es\/#\/schema\/logo\/image\/"},"sameAs":["https:\/\/www.facebook.com\/Lloretturisme","https:\/\/x.com\/lloretturisme","https:\/\/instagram.com\/lloretturisme","https:\/\/www.youtube.com\/LloretTurisme"]}]}},"_links":{"self":[{"href":"https:\/\/lloretdemar.org\/es\/wp-json\/wp\/v2\/pages\/10499","targetHints":{"allow":["GET"]}}],"collection":[{"href":"https:\/\/lloretdemar.org\/es\/wp-json\/wp\/v2\/pages"}],"about":[{"href":"https:\/\/lloretdemar.org\/es\/wp-json\/wp\/v2\/types\/page"}],"author":[{"embeddable":true,"href":"https:\/\/lloretdemar.org\/es\/wp-json\/wp\/v2\/users\/12"}],"replies":[{"embeddable":true,"href":"https:\/\/lloretdemar.org\/es\/wp-json\/wp\/v2\/comments?post=10499"}],"version-history":[{"count":0,"href":"https:\/\/lloretdemar.org\/es\/wp-json\/wp\/v2\/pages\/10499\/revisions"}],"up":[{"embeddable":true,"href":"https:\/\/lloretdemar.org\/es\/wp-json\/wp\/v2\/pages\/10077"}],"wp:attachment":[{"href":"https:\/\/lloretdemar.org\/es\/wp-json\/wp\/v2\/media?parent=10499"}],"curies":[{"name":"wp","href":"https:\/\/api.w.org\/{rel}","templated":true}]}}