{"id":10374,"date":"2020-01-27T10:57:01","date_gmt":"2020-01-27T09:57:01","guid":{"rendered":"http:\/\/lloretdemar.org\/lloret-de-mar-de-dia\/gastronomia\/activitats-i-jornades-gastronomiques\/"},"modified":"2021-01-26T09:55:36","modified_gmt":"2021-01-26T08:55:36","slug":"actividades-y-jornadas-gastronomicas","status":"publish","type":"page","link":"https:\/\/lloretdemar.org\/es\/que-hacer-en-lloret\/lloret-de-mar-de-dia\/gastronomia\/actividades-y-jornadas-gastronomicas\/","title":{"rendered":"Actividades y jornadas gastron\u00f3micas"},"content":{"rendered":"\n<p> Lloret de Mar acoge dos jornadas gastron\u00f3micas a las que no puedes faltar si eres un amante de la buena cocina mediterr\u00e1nea.<\/p>\n","protected":false},"excerpt":{"rendered":"<p>Lloret de Mar acoge dos jornadas gastron\u00f3micas a las que no puedes faltar si eres un amante de la buena cocina mediterr\u00e1nea.<\/p>\n","protected":false},"author":12,"featured_media":0,"parent":10361,"menu_order":0,"comment_status":"closed","ping_status":"closed","template":"page-templates\/mouret-15.php","meta":{"_acf_changed":false,"content-type":"","footnotes":""},"class_list":["post-10374","page","type-page","status-publish","hentry"],"acf":{"banner_imatge":6231,"banner_titol":"Actividades y jornadas gastron\u00f3micas","banner_subtitol":"","botons_blanc_o_negres":"defecte","banner_links":[{"es_post":false,"banner_link":{"title":"Jornadas Gastron\u00f3micas del Arroz","url":"#JornadasGastron\u00f3micasdelArroz","target":""},"link_intern":null,"link_intern_titol":""},{"es_post":false,"banner_link":{"title":"Jornadas Gastron\u00f3micas de la Cocina del pescado de la Red","url":"#JornadasGastron\u00f3micasdelaCocinadelpescadodelaRed","target":""},"link_intern":null,"link_intern_titol":""}],"blocs":[{"titol":"Jornadas Gastron\u00f3micas del Arroz","descripcio":"Durante el mes de mayo, Lloret de Mar muestra con orgullo sus facetas culinarias con una extensa muestra de arroces elaborados de todas las formas y para todos los gustos.\r\n\r\nLa historia de Lloret y nuestro pasado marinero hacen que disfrutemos de un rico patrimonio gastron\u00f3mico que podr\u00e1s degustar a trav\u00e9s de estas jornadas gastron\u00f3micas.\r\n\r\nOrganizadas por la Asociaci\u00f3n de Bares y Restaurantes de Lloret de Mar, el Gremio de Hosteler\u00eda de Lloret de Mar y Lloret Turismo, durante este mes tendr\u00e1s la oportunidad de disfrutar en diferentes restaurantes y hoteles de Lloret de Mar de una cocina creativa y una carta especializada.","imatge":12653,"es_enllac_intern_o_extern":"intern","link_intern":"","link_extern":"","link_extern_text":""},{"titol":"Jornadas Gastron\u00f3micas de la Cocina del pescado de la Red","descripcio":"Otra cita ineludible para conocer nuestra gastronom\u00eda es probar los platos m\u00e1s t\u00edpicos e innovadores que se pueden ver y degustar durante las Jornadas Gastron\u00f3micas del Pescado y el Marisco que celebramos durante todo el mes de octubre.\r\n\r\nEnlazando nuestra historia y el sistema tradicional de pesca que utilizaban nuestros antepasados, la Tirada a l\u2019Art, te ofrecemos la posibilidad de disfrutar de unos platos originales basados en la pesca de temporada.\r\n\r\nOrganizadas por la Asociaci\u00f3n de Bares y Restaurantes de Lloret de Mar, el Gremio de Hosteler\u00eda de Lloret de Mar y Lloret Turismo, durante este mes tendr\u00e1s la oportunidad de disfrutar en diferentes restaurantes y hoteles de Lloret de Mar de una cocina creativa y una carta especializada.","imatge":12659,"es_enllac_intern_o_extern":"intern","link_intern":"","link_extern":"","link_extern_text":""}],"titol_boto":"","document":"","apartats":null},"yoast_head":"<!-- This site is optimized with the Yoast SEO plugin v27.5 - https:\/\/yoast.com\/product\/yoast-seo-wordpress\/ -->\n<title>Actividades y jornadas gastron\u00f3micas - Lloret de Mar<\/title>\n<meta name=\"description\" content=\"Lloret de Mar acoge dos jornadas gastron\u00f3micas a las que no puedes faltar si eres un amante de la buena cocina mediterr\u00e1nea.\" \/>\n<meta name=\"robots\" content=\"index, follow, max-snippet:-1, max-image-preview:large, max-video-preview:-1\" \/>\n<link rel=\"canonical\" href=\"https:\/\/lloretdemar.org\/es\/que-hacer-en-lloret\/lloret-de-mar-de-dia\/gastronomia\/actividades-y-jornadas-gastronomicas\/\" \/>\n<meta property=\"og:locale\" content=\"es_ES\" \/>\n<meta property=\"og:type\" content=\"article\" \/>\n<meta property=\"og:title\" content=\"Actividades y jornadas gastron\u00f3micas - Lloret de Mar\" \/>\n<meta property=\"og:description\" content=\"Lloret de Mar acoge dos jornadas gastron\u00f3micas a las que no puedes faltar si eres un amante de la buena cocina mediterr\u00e1nea.\" \/>\n<meta property=\"og:url\" content=\"https:\/\/lloretdemar.org\/es\/que-hacer-en-lloret\/lloret-de-mar-de-dia\/gastronomia\/actividades-y-jornadas-gastronomicas\/\" \/>\n<meta property=\"og:site_name\" content=\"Lloret de Mar\" \/>\n<meta property=\"article:publisher\" content=\"https:\/\/www.facebook.com\/Lloretturisme\" \/>\n<meta property=\"article:modified_time\" content=\"2021-01-26T08:55:36+00:00\" \/>\n<meta property=\"og:image\" content=\"https:\/\/lloretdemar.org\/wp-content\/uploads\/2020\/02\/Activitats-i-jornades-gastronomiques.jpg\" \/>\n\t<meta property=\"og:image:width\" content=\"1920\" \/>\n\t<meta property=\"og:image:height\" content=\"885\" \/>\n\t<meta property=\"og:image:type\" content=\"image\/jpeg\" \/>\n<meta name=\"twitter:card\" content=\"summary_large_image\" \/>\n<meta name=\"twitter:site\" content=\"@lloretturisme\" \/>\n<script type=\"application\/ld+json\" class=\"yoast-schema-graph\">{\"@context\":\"https:\\\/\\\/schema.org\",\"@graph\":[{\"@type\":\"WebPage\",\"@id\":\"https:\\\/\\\/lloretdemar.org\\\/es\\\/que-hacer-en-lloret\\\/lloret-de-mar-de-dia\\\/gastronomia\\\/actividades-y-jornadas-gastronomicas\\\/\",\"url\":\"https:\\\/\\\/lloretdemar.org\\\/es\\\/que-hacer-en-lloret\\\/lloret-de-mar-de-dia\\\/gastronomia\\\/actividades-y-jornadas-gastronomicas\\\/\",\"name\":\"Actividades y jornadas gastron\u00f3micas - Lloret de Mar\",\"isPartOf\":{\"@id\":\"https:\\\/\\\/lloretdemar.org\\\/es\\\/#website\"},\"datePublished\":\"2020-01-27T09:57:01+00:00\",\"dateModified\":\"2021-01-26T08:55:36+00:00\",\"description\":\"Lloret de Mar\",\"breadcrumb\":{\"@id\":\"https:\\\/\\\/lloretdemar.org\\\/es\\\/que-hacer-en-lloret\\\/lloret-de-mar-de-dia\\\/gastronomia\\\/actividades-y-jornadas-gastronomicas\\\/#breadcrumb\"},\"inLanguage\":\"es\",\"potentialAction\":[{\"@type\":\"ReadAction\",\"target\":[\"https:\\\/\\\/lloretdemar.org\\\/es\\\/que-hacer-en-lloret\\\/lloret-de-mar-de-dia\\\/gastronomia\\\/actividades-y-jornadas-gastronomicas\\\/\"]}]},{\"@type\":\"BreadcrumbList\",\"@id\":\"https:\\\/\\\/lloretdemar.org\\\/es\\\/que-hacer-en-lloret\\\/lloret-de-mar-de-dia\\\/gastronomia\\\/actividades-y-jornadas-gastronomicas\\\/#breadcrumb\",\"itemListElement\":[{\"@type\":\"ListItem\",\"position\":1,\"name\":\"Home\",\"item\":\"https:\\\/\\\/lloretdemar.org\\\/es\\\/\"},{\"@type\":\"ListItem\",\"position\":2,\"name\":\"Qu\u00e9 hacer en Lloret\",\"item\":\"https:\\\/\\\/lloretdemar.org\\\/es\\\/que-hacer-en-lloret\\\/\"},{\"@type\":\"ListItem\",\"position\":3,\"name\":\"Lloret de Mar de D\u00eda\",\"item\":\"https:\\\/\\\/lloretdemar.org\\\/es\\\/que-hacer-en-lloret\\\/lloret-de-mar-de-dia\\\/\"},{\"@type\":\"ListItem\",\"position\":4,\"name\":\"Gastronom\u00eda\",\"item\":\"https:\\\/\\\/lloretdemar.org\\\/es\\\/que-hacer-en-lloret\\\/lloret-de-mar-de-dia\\\/gastronomia\\\/\"},{\"@type\":\"ListItem\",\"position\":5,\"name\":\"Actividades y jornadas gastron\u00f3micas\"}]},{\"@type\":\"WebSite\",\"@id\":\"https:\\\/\\\/lloretdemar.org\\\/es\\\/#website\",\"url\":\"https:\\\/\\\/lloretdemar.org\\\/es\\\/\",\"name\":\"Lloret de Mar\",\"description\":\"\",\"publisher\":{\"@id\":\"https:\\\/\\\/lloretdemar.org\\\/es\\\/#organization\"},\"potentialAction\":[{\"@type\":\"SearchAction\",\"target\":{\"@type\":\"EntryPoint\",\"urlTemplate\":\"https:\\\/\\\/lloretdemar.org\\\/es\\\/?s={search_term_string}\"},\"query-input\":{\"@type\":\"PropertyValueSpecification\",\"valueRequired\":true,\"valueName\":\"search_term_string\"}}],\"inLanguage\":\"es\"},{\"@type\":\"Organization\",\"@id\":\"https:\\\/\\\/lloretdemar.org\\\/es\\\/#organization\",\"name\":\"Lloret de Mar\",\"url\":\"https:\\\/\\\/lloretdemar.org\\\/es\\\/\",\"logo\":{\"@type\":\"ImageObject\",\"inLanguage\":\"es\",\"@id\":\"https:\\\/\\\/lloretdemar.org\\\/es\\\/#\\\/schema\\\/logo\\\/image\\\/\",\"url\":\"https:\\\/\\\/lloretdemar.org\\\/wp-content\\\/uploads\\\/2020\\\/05\\\/lloret-de-mar-logo.png\",\"contentUrl\":\"https:\\\/\\\/lloretdemar.org\\\/wp-content\\\/uploads\\\/2020\\\/05\\\/lloret-de-mar-logo.png\",\"width\":87,\"height\":38,\"caption\":\"Lloret de Mar\"},\"image\":{\"@id\":\"https:\\\/\\\/lloretdemar.org\\\/es\\\/#\\\/schema\\\/logo\\\/image\\\/\"},\"sameAs\":[\"https:\\\/\\\/www.facebook.com\\\/Lloretturisme\",\"https:\\\/\\\/x.com\\\/lloretturisme\",\"https:\\\/\\\/instagram.com\\\/lloretturisme\",\"https:\\\/\\\/www.youtube.com\\\/LloretTurisme\"]}]}<\/script>\n<!-- \/ Yoast SEO plugin. -->","yoast_head_json":{"title":"Actividades y jornadas gastron\u00f3micas - Lloret de Mar","description":"Lloret de Mar acoge dos jornadas gastron\u00f3micas a las que no puedes faltar si eres un amante de la buena cocina mediterr\u00e1nea.","robots":{"index":"index","follow":"follow","max-snippet":"max-snippet:-1","max-image-preview":"max-image-preview:large","max-video-preview":"max-video-preview:-1"},"canonical":"https:\/\/lloretdemar.org\/es\/que-hacer-en-lloret\/lloret-de-mar-de-dia\/gastronomia\/actividades-y-jornadas-gastronomicas\/","og_locale":"es_ES","og_type":"article","og_title":"Actividades y jornadas gastron\u00f3micas - Lloret de Mar","og_description":"Lloret de Mar acoge dos jornadas gastron\u00f3micas a las que no puedes faltar si eres un amante de la buena cocina mediterr\u00e1nea.","og_url":"https:\/\/lloretdemar.org\/es\/que-hacer-en-lloret\/lloret-de-mar-de-dia\/gastronomia\/actividades-y-jornadas-gastronomicas\/","og_site_name":"Lloret de Mar","article_publisher":"https:\/\/www.facebook.com\/Lloretturisme","article_modified_time":"2021-01-26T08:55:36+00:00","og_image":[{"width":1920,"height":885,"url":"https:\/\/lloretdemar.org\/wp-content\/uploads\/2020\/02\/Activitats-i-jornades-gastronomiques.jpg","type":"image\/jpeg"}],"twitter_card":"summary_large_image","twitter_site":"@lloretturisme","schema":{"@context":"https:\/\/schema.org","@graph":[{"@type":"WebPage","@id":"https:\/\/lloretdemar.org\/es\/que-hacer-en-lloret\/lloret-de-mar-de-dia\/gastronomia\/actividades-y-jornadas-gastronomicas\/","url":"https:\/\/lloretdemar.org\/es\/que-hacer-en-lloret\/lloret-de-mar-de-dia\/gastronomia\/actividades-y-jornadas-gastronomicas\/","name":"Actividades y jornadas gastron\u00f3micas - Lloret de Mar","isPartOf":{"@id":"https:\/\/lloretdemar.org\/es\/#website"},"datePublished":"2020-01-27T09:57:01+00:00","dateModified":"2021-01-26T08:55:36+00:00","description":"Lloret de Mar","breadcrumb":{"@id":"https:\/\/lloretdemar.org\/es\/que-hacer-en-lloret\/lloret-de-mar-de-dia\/gastronomia\/actividades-y-jornadas-gastronomicas\/#breadcrumb"},"inLanguage":"es","potentialAction":[{"@type":"ReadAction","target":["https:\/\/lloretdemar.org\/es\/que-hacer-en-lloret\/lloret-de-mar-de-dia\/gastronomia\/actividades-y-jornadas-gastronomicas\/"]}]},{"@type":"BreadcrumbList","@id":"https:\/\/lloretdemar.org\/es\/que-hacer-en-lloret\/lloret-de-mar-de-dia\/gastronomia\/actividades-y-jornadas-gastronomicas\/#breadcrumb","itemListElement":[{"@type":"ListItem","position":1,"name":"Home","item":"https:\/\/lloretdemar.org\/es\/"},{"@type":"ListItem","position":2,"name":"Qu\u00e9 hacer en Lloret","item":"https:\/\/lloretdemar.org\/es\/que-hacer-en-lloret\/"},{"@type":"ListItem","position":3,"name":"Lloret de Mar de D\u00eda","item":"https:\/\/lloretdemar.org\/es\/que-hacer-en-lloret\/lloret-de-mar-de-dia\/"},{"@type":"ListItem","position":4,"name":"Gastronom\u00eda","item":"https:\/\/lloretdemar.org\/es\/que-hacer-en-lloret\/lloret-de-mar-de-dia\/gastronomia\/"},{"@type":"ListItem","position":5,"name":"Actividades y jornadas gastron\u00f3micas"}]},{"@type":"WebSite","@id":"https:\/\/lloretdemar.org\/es\/#website","url":"https:\/\/lloretdemar.org\/es\/","name":"Lloret de Mar","description":"","publisher":{"@id":"https:\/\/lloretdemar.org\/es\/#organization"},"potentialAction":[{"@type":"SearchAction","target":{"@type":"EntryPoint","urlTemplate":"https:\/\/lloretdemar.org\/es\/?s={search_term_string}"},"query-input":{"@type":"PropertyValueSpecification","valueRequired":true,"valueName":"search_term_string"}}],"inLanguage":"es"},{"@type":"Organization","@id":"https:\/\/lloretdemar.org\/es\/#organization","name":"Lloret de Mar","url":"https:\/\/lloretdemar.org\/es\/","logo":{"@type":"ImageObject","inLanguage":"es","@id":"https:\/\/lloretdemar.org\/es\/#\/schema\/logo\/image\/","url":"https:\/\/lloretdemar.org\/wp-content\/uploads\/2020\/05\/lloret-de-mar-logo.png","contentUrl":"https:\/\/lloretdemar.org\/wp-content\/uploads\/2020\/05\/lloret-de-mar-logo.png","width":87,"height":38,"caption":"Lloret de Mar"},"image":{"@id":"https:\/\/lloretdemar.org\/es\/#\/schema\/logo\/image\/"},"sameAs":["https:\/\/www.facebook.com\/Lloretturisme","https:\/\/x.com\/lloretturisme","https:\/\/instagram.com\/lloretturisme","https:\/\/www.youtube.com\/LloretTurisme"]}]}},"_links":{"self":[{"href":"https:\/\/lloretdemar.org\/es\/wp-json\/wp\/v2\/pages\/10374","targetHints":{"allow":["GET"]}}],"collection":[{"href":"https:\/\/lloretdemar.org\/es\/wp-json\/wp\/v2\/pages"}],"about":[{"href":"https:\/\/lloretdemar.org\/es\/wp-json\/wp\/v2\/types\/page"}],"author":[{"embeddable":true,"href":"https:\/\/lloretdemar.org\/es\/wp-json\/wp\/v2\/users\/12"}],"replies":[{"embeddable":true,"href":"https:\/\/lloretdemar.org\/es\/wp-json\/wp\/v2\/comments?post=10374"}],"version-history":[{"count":0,"href":"https:\/\/lloretdemar.org\/es\/wp-json\/wp\/v2\/pages\/10374\/revisions"}],"up":[{"embeddable":true,"href":"https:\/\/lloretdemar.org\/es\/wp-json\/wp\/v2\/pages\/10361"}],"wp:attachment":[{"href":"https:\/\/lloretdemar.org\/es\/wp-json\/wp\/v2\/media?parent=10374"}],"curies":[{"name":"wp","href":"https:\/\/api.w.org\/{rel}","templated":true}]}}