{"id":10361,"date":"2020-01-27T11:00:53","date_gmt":"2020-01-27T10:00:53","guid":{"rendered":"http:\/\/lloretdemar.org\/lloret-de-mar-de-dia\/gastronomia\/"},"modified":"2025-07-11T10:03:55","modified_gmt":"2025-07-11T08:03:55","slug":"gastronomia","status":"publish","type":"page","link":"https:\/\/lloretdemar.org\/es\/que-hacer-en-lloret\/lloret-de-mar-de-dia\/gastronomia\/","title":{"rendered":"Gastronom\u00eda"},"content":{"rendered":"<p>La oferta gastron\u00f3mica de Lloret de Mar es diversa y amplia, desde comida local y mediterr\u00e1nea hasta establecimientos con cocina internacional que te transportar\u00e1n a otros territorios y culturas. Un mundo de sabores por descubrir en nuestra ciudad.<\/p>\n<p>Actualmente, Lloret de Mar apuesta por ofrecer una gastronom\u00eda saludable y apta para alergias e intolerancias en los establecimientos de la localidad a trav\u00e9s de una cocina que sea sana, sostenible y buena, y que est\u00e9 apoyada por certificaciones y acreditaciones relevantes en el \u00e1mbito gastron\u00f3mico.<\/p>\n<p>&nbsp;<\/p>\n<p>Si eres amante de la buena restauraci\u00f3n no puedes perderte dos citas gastron\u00f3micas anuales: las Jornadas Gastron\u00f3micas del Arroz en mayo y las Jornadas Gastron\u00f3micas del Pescado y Marisco en octubre.<\/p>\n<p>Y como elemento identitario que no encontrar\u00e1s en ning\u00fan otro lugar, la ciudad tambi\u00e9n te ofrece la posibilidad de degustar aut\u00e9ntica cocina indiana. \u00a1Busca tu local y disfruta de nuestra gastronom\u00eda!<\/p>\n<p>&nbsp;<\/p>\n","protected":false},"excerpt":{"rendered":"<p>La oferta gastron\u00f3mica de Lloret de Mar es diversa y amplia, desde comida local y mediterr\u00e1nea hasta establecimientos con cocina internacional que te transportar\u00e1n a otros territorios y culturas. Un mundo de sabores por descubrir en nuestra ciudad. Actualmente, Lloret de Mar apuesta por ofrecer una gastronom\u00eda saludable y apta para alergias e intolerancias en [&hellip;]<\/p>\n","protected":false},"author":12,"featured_media":0,"parent":10091,"menu_order":0,"comment_status":"closed","ping_status":"closed","template":"page-templates\/mouret-15.php","meta":{"_acf_changed":false,"content-type":"","footnotes":""},"class_list":["post-10361","page","type-page","status-publish","hentry"],"acf":{"banner_imatge":6197,"banner_titol":"Gastronom\u00eda","banner_subtitol":"","botons_blanc_o_negres":"defecte","banner_links":[{"es_post":false,"banner_link":{"title":"La cocina de la Costa Brava","url":"#LacocinadelaCostaBrava","target":""},"link_intern":null,"link_intern_titol":""},{"es_post":false,"banner_link":{"title":"Lloreat Good \u2013 gastronom\u00eda saludable","url":"#LloreatGood\u2013gastronom\u00edasaludable","target":""},"link_intern":null,"link_intern_titol":""},{"es_post":false,"banner_link":{"title":"Nuestros restaurantes","url":"#Nuestrosrestaurantes","target":""},"link_intern":null,"link_intern_titol":""},{"es_post":false,"banner_link":{"title":"Actividades y jornadas gastron\u00f3micas","url":"#Actividadesyjornadasgastron\u00f3micas","target":""},"link_intern":null,"link_intern_titol":""}],"blocs":[{"titol":"La cocina de la Costa Brava","descripcio":"Lloret de Mar ofrece una riqueza de productos naturales aut\u00f3ctonos elaborados por los profesionales de los restaurantes y bares del municipio.","imatge":6208,"es_enllac_intern_o_extern":"intern","link_intern":{"title":"M\u00e1s informaci\u00f3n","url":"http:\/\/lloretdemar.org\/es\/actividad\/la-cuina-de-la-costa-brava\/","target":""},"link_extern":"","link_extern_text":""},{"titol":"Lloreat Good \u2013 gastronom\u00eda saludable","descripcio":"Cocina saludable con hoteles y restaurantes que cuentan con la acreditaci\u00f3n AMED de dieta mediterr\u00e1nea, la certificaci\u00f3n Sin Gluten para alergias e intolerancias y el sello Little Foodies para los establecimientos del destino que cumplen los mejores est\u00e1ndares de calidad, sostenibilidad y salud para los m\u00e1s peque\u00f1os de casa.","imatge":6211,"es_enllac_intern_o_extern":"intern","link_intern":{"title":"Lloreat Good \u2013 gastronom\u00eda saludable","url":"https:\/\/lloretdemar.org\/es\/actividad\/lloreat-good-gastronomia-saludable\/","target":""},"link_extern":"","link_extern_text":""},{"titol":"Nuestros restaurantes","descripcio":"Lloret te ofrece una amplia y diversa oferta gastron\u00f3mica. As\u00ed se abre ante ti un gran abanico de bares y restaurantes donde descubrir los sabores m\u00e1s aut\u00e9nticos de nuestro territorio o degustar diferentes propuestas de cocina internacional de primer nivel.","imatge":6214,"es_enllac_intern_o_extern":"intern","link_intern":{"title":"D\u00f3nde comer en Lloret de Mar","url":"https:\/\/lloretdemar.org\/es\/planifica-tu-viaje\/donde-comer\/#restaurantes","target":""},"link_extern":"","link_extern_text":""},{"titol":"Actividades y jornadas gastron\u00f3micas","descripcio":"Lloret de mar acoge dos jornadas gastron\u00f3micas en las que no puedes faltar si eres amante de la buena cocina mediterr\u00e1nea!","imatge":6231,"es_enllac_intern_o_extern":"intern","link_intern":{"title":"M\u00e1s informaci\u00f3n","url":"http:\/\/lloretdemar.org\/es\/que-hacer-en-lloret\/lloret-de-mar-de-dia\/gastronomia\/actividades-y-jornadas-gastronomicas\/","target":""},"link_extern":"","link_extern_text":""}],"titol_boto":"","document":"","apartats":null},"yoast_head":"<!-- This site is optimized with the Yoast SEO plugin v27.5 - https:\/\/yoast.com\/product\/yoast-seo-wordpress\/ -->\n<title>Gastronom\u00eda - Lloret de Mar<\/title>\n<meta name=\"description\" content=\"La oferta gastron\u00f3mica de Lloret de Mar es diversa y amplia, desde comida local y mediterr\u00e1nea hasta establecimientos con cocina internacional que te transportar\u00e1n a otros territorios y culturas. Un mundo de sabores por descubrir en nuestra ciudad. Actualmente, Lloret de Mar apuesta por ofrecer una gastronom\u00eda saludable y apta para alergias e intolerancias en&hellip;\" \/>\n<meta name=\"robots\" content=\"index, follow, max-snippet:-1, max-image-preview:large, max-video-preview:-1\" \/>\n<link rel=\"canonical\" href=\"https:\/\/lloretdemar.org\/es\/que-hacer-en-lloret\/lloret-de-mar-de-dia\/gastronomia\/\" \/>\n<meta property=\"og:locale\" content=\"es_ES\" \/>\n<meta property=\"og:type\" content=\"article\" \/>\n<meta property=\"og:title\" content=\"Gastronom\u00eda - Lloret de Mar\" \/>\n<meta property=\"og:description\" content=\"La oferta gastron\u00f3mica de Lloret de Mar es diversa y amplia, desde comida local y mediterr\u00e1nea hasta establecimientos con cocina internacional que te transportar\u00e1n a otros territorios y culturas. Un mundo de sabores por descubrir en nuestra ciudad. Actualmente, Lloret de Mar apuesta por ofrecer una gastronom\u00eda saludable y apta para alergias e intolerancias en&hellip;\" \/>\n<meta property=\"og:url\" content=\"https:\/\/lloretdemar.org\/es\/que-hacer-en-lloret\/lloret-de-mar-de-dia\/gastronomia\/\" \/>\n<meta property=\"og:site_name\" content=\"Lloret de Mar\" \/>\n<meta property=\"article:publisher\" content=\"https:\/\/www.facebook.com\/Lloretturisme\" \/>\n<meta property=\"article:modified_time\" content=\"2025-07-11T08:03:55+00:00\" \/>\n<meta property=\"og:image\" content=\"https:\/\/lloretdemar.org\/wp-content\/uploads\/2020\/02\/slide-on-menjar-1.jpg\" \/>\n\t<meta property=\"og:image:width\" content=\"1920\" \/>\n\t<meta property=\"og:image:height\" content=\"885\" \/>\n\t<meta property=\"og:image:type\" content=\"image\/jpeg\" \/>\n<meta name=\"twitter:card\" content=\"summary_large_image\" \/>\n<meta name=\"twitter:site\" content=\"@lloretturisme\" \/>\n<meta name=\"twitter:label1\" content=\"Tiempo de lectura\" \/>\n\t<meta name=\"twitter:data1\" content=\"1 minuto\" \/>\n<script type=\"application\/ld+json\" class=\"yoast-schema-graph\">{\"@context\":\"https:\\\/\\\/schema.org\",\"@graph\":[{\"@type\":\"WebPage\",\"@id\":\"https:\\\/\\\/lloretdemar.org\\\/es\\\/que-hacer-en-lloret\\\/lloret-de-mar-de-dia\\\/gastronomia\\\/\",\"url\":\"https:\\\/\\\/lloretdemar.org\\\/es\\\/que-hacer-en-lloret\\\/lloret-de-mar-de-dia\\\/gastronomia\\\/\",\"name\":\"Gastronom\u00eda - Lloret de Mar\",\"isPartOf\":{\"@id\":\"https:\\\/\\\/lloretdemar.org\\\/es\\\/#website\"},\"datePublished\":\"2020-01-27T10:00:53+00:00\",\"dateModified\":\"2025-07-11T08:03:55+00:00\",\"description\":\"Lloret de Mar\",\"breadcrumb\":{\"@id\":\"https:\\\/\\\/lloretdemar.org\\\/es\\\/que-hacer-en-lloret\\\/lloret-de-mar-de-dia\\\/gastronomia\\\/#breadcrumb\"},\"inLanguage\":\"es\",\"potentialAction\":[{\"@type\":\"ReadAction\",\"target\":[\"https:\\\/\\\/lloretdemar.org\\\/es\\\/que-hacer-en-lloret\\\/lloret-de-mar-de-dia\\\/gastronomia\\\/\"]}]},{\"@type\":\"BreadcrumbList\",\"@id\":\"https:\\\/\\\/lloretdemar.org\\\/es\\\/que-hacer-en-lloret\\\/lloret-de-mar-de-dia\\\/gastronomia\\\/#breadcrumb\",\"itemListElement\":[{\"@type\":\"ListItem\",\"position\":1,\"name\":\"Home\",\"item\":\"https:\\\/\\\/lloretdemar.org\\\/es\\\/\"},{\"@type\":\"ListItem\",\"position\":2,\"name\":\"Qu\u00e9 hacer en Lloret\",\"item\":\"https:\\\/\\\/lloretdemar.org\\\/es\\\/que-hacer-en-lloret\\\/\"},{\"@type\":\"ListItem\",\"position\":3,\"name\":\"Lloret de Mar de D\u00eda\",\"item\":\"https:\\\/\\\/lloretdemar.org\\\/es\\\/que-hacer-en-lloret\\\/lloret-de-mar-de-dia\\\/\"},{\"@type\":\"ListItem\",\"position\":4,\"name\":\"Gastronom\u00eda\"}]},{\"@type\":\"WebSite\",\"@id\":\"https:\\\/\\\/lloretdemar.org\\\/es\\\/#website\",\"url\":\"https:\\\/\\\/lloretdemar.org\\\/es\\\/\",\"name\":\"Lloret de Mar\",\"description\":\"\",\"publisher\":{\"@id\":\"https:\\\/\\\/lloretdemar.org\\\/es\\\/#organization\"},\"potentialAction\":[{\"@type\":\"SearchAction\",\"target\":{\"@type\":\"EntryPoint\",\"urlTemplate\":\"https:\\\/\\\/lloretdemar.org\\\/es\\\/?s={search_term_string}\"},\"query-input\":{\"@type\":\"PropertyValueSpecification\",\"valueRequired\":true,\"valueName\":\"search_term_string\"}}],\"inLanguage\":\"es\"},{\"@type\":\"Organization\",\"@id\":\"https:\\\/\\\/lloretdemar.org\\\/es\\\/#organization\",\"name\":\"Lloret de Mar\",\"url\":\"https:\\\/\\\/lloretdemar.org\\\/es\\\/\",\"logo\":{\"@type\":\"ImageObject\",\"inLanguage\":\"es\",\"@id\":\"https:\\\/\\\/lloretdemar.org\\\/es\\\/#\\\/schema\\\/logo\\\/image\\\/\",\"url\":\"https:\\\/\\\/lloretdemar.org\\\/wp-content\\\/uploads\\\/2020\\\/05\\\/lloret-de-mar-logo.png\",\"contentUrl\":\"https:\\\/\\\/lloretdemar.org\\\/wp-content\\\/uploads\\\/2020\\\/05\\\/lloret-de-mar-logo.png\",\"width\":87,\"height\":38,\"caption\":\"Lloret de Mar\"},\"image\":{\"@id\":\"https:\\\/\\\/lloretdemar.org\\\/es\\\/#\\\/schema\\\/logo\\\/image\\\/\"},\"sameAs\":[\"https:\\\/\\\/www.facebook.com\\\/Lloretturisme\",\"https:\\\/\\\/x.com\\\/lloretturisme\",\"https:\\\/\\\/instagram.com\\\/lloretturisme\",\"https:\\\/\\\/www.youtube.com\\\/LloretTurisme\"]}]}<\/script>\n<!-- \/ Yoast SEO plugin. -->","yoast_head_json":{"title":"Gastronom\u00eda - Lloret de Mar","description":"La oferta gastron\u00f3mica de Lloret de Mar es diversa y amplia, desde comida local y mediterr\u00e1nea hasta establecimientos con cocina internacional que te transportar\u00e1n a otros territorios y culturas. Un mundo de sabores por descubrir en nuestra ciudad. Actualmente, Lloret de Mar apuesta por ofrecer una gastronom\u00eda saludable y apta para alergias e intolerancias en&hellip;","robots":{"index":"index","follow":"follow","max-snippet":"max-snippet:-1","max-image-preview":"max-image-preview:large","max-video-preview":"max-video-preview:-1"},"canonical":"https:\/\/lloretdemar.org\/es\/que-hacer-en-lloret\/lloret-de-mar-de-dia\/gastronomia\/","og_locale":"es_ES","og_type":"article","og_title":"Gastronom\u00eda - Lloret de Mar","og_description":"La oferta gastron\u00f3mica de Lloret de Mar es diversa y amplia, desde comida local y mediterr\u00e1nea hasta establecimientos con cocina internacional que te transportar\u00e1n a otros territorios y culturas. Un mundo de sabores por descubrir en nuestra ciudad. Actualmente, Lloret de Mar apuesta por ofrecer una gastronom\u00eda saludable y apta para alergias e intolerancias en&hellip;","og_url":"https:\/\/lloretdemar.org\/es\/que-hacer-en-lloret\/lloret-de-mar-de-dia\/gastronomia\/","og_site_name":"Lloret de Mar","article_publisher":"https:\/\/www.facebook.com\/Lloretturisme","article_modified_time":"2025-07-11T08:03:55+00:00","og_image":[{"width":1920,"height":885,"url":"https:\/\/lloretdemar.org\/wp-content\/uploads\/2020\/02\/slide-on-menjar-1.jpg","type":"image\/jpeg"}],"twitter_card":"summary_large_image","twitter_site":"@lloretturisme","twitter_misc":{"Tiempo de lectura":"1 minuto"},"schema":{"@context":"https:\/\/schema.org","@graph":[{"@type":"WebPage","@id":"https:\/\/lloretdemar.org\/es\/que-hacer-en-lloret\/lloret-de-mar-de-dia\/gastronomia\/","url":"https:\/\/lloretdemar.org\/es\/que-hacer-en-lloret\/lloret-de-mar-de-dia\/gastronomia\/","name":"Gastronom\u00eda - Lloret de Mar","isPartOf":{"@id":"https:\/\/lloretdemar.org\/es\/#website"},"datePublished":"2020-01-27T10:00:53+00:00","dateModified":"2025-07-11T08:03:55+00:00","description":"Lloret de Mar","breadcrumb":{"@id":"https:\/\/lloretdemar.org\/es\/que-hacer-en-lloret\/lloret-de-mar-de-dia\/gastronomia\/#breadcrumb"},"inLanguage":"es","potentialAction":[{"@type":"ReadAction","target":["https:\/\/lloretdemar.org\/es\/que-hacer-en-lloret\/lloret-de-mar-de-dia\/gastronomia\/"]}]},{"@type":"BreadcrumbList","@id":"https:\/\/lloretdemar.org\/es\/que-hacer-en-lloret\/lloret-de-mar-de-dia\/gastronomia\/#breadcrumb","itemListElement":[{"@type":"ListItem","position":1,"name":"Home","item":"https:\/\/lloretdemar.org\/es\/"},{"@type":"ListItem","position":2,"name":"Qu\u00e9 hacer en Lloret","item":"https:\/\/lloretdemar.org\/es\/que-hacer-en-lloret\/"},{"@type":"ListItem","position":3,"name":"Lloret de Mar de D\u00eda","item":"https:\/\/lloretdemar.org\/es\/que-hacer-en-lloret\/lloret-de-mar-de-dia\/"},{"@type":"ListItem","position":4,"name":"Gastronom\u00eda"}]},{"@type":"WebSite","@id":"https:\/\/lloretdemar.org\/es\/#website","url":"https:\/\/lloretdemar.org\/es\/","name":"Lloret de Mar","description":"","publisher":{"@id":"https:\/\/lloretdemar.org\/es\/#organization"},"potentialAction":[{"@type":"SearchAction","target":{"@type":"EntryPoint","urlTemplate":"https:\/\/lloretdemar.org\/es\/?s={search_term_string}"},"query-input":{"@type":"PropertyValueSpecification","valueRequired":true,"valueName":"search_term_string"}}],"inLanguage":"es"},{"@type":"Organization","@id":"https:\/\/lloretdemar.org\/es\/#organization","name":"Lloret de Mar","url":"https:\/\/lloretdemar.org\/es\/","logo":{"@type":"ImageObject","inLanguage":"es","@id":"https:\/\/lloretdemar.org\/es\/#\/schema\/logo\/image\/","url":"https:\/\/lloretdemar.org\/wp-content\/uploads\/2020\/05\/lloret-de-mar-logo.png","contentUrl":"https:\/\/lloretdemar.org\/wp-content\/uploads\/2020\/05\/lloret-de-mar-logo.png","width":87,"height":38,"caption":"Lloret de Mar"},"image":{"@id":"https:\/\/lloretdemar.org\/es\/#\/schema\/logo\/image\/"},"sameAs":["https:\/\/www.facebook.com\/Lloretturisme","https:\/\/x.com\/lloretturisme","https:\/\/instagram.com\/lloretturisme","https:\/\/www.youtube.com\/LloretTurisme"]}]}},"_links":{"self":[{"href":"https:\/\/lloretdemar.org\/es\/wp-json\/wp\/v2\/pages\/10361","targetHints":{"allow":["GET"]}}],"collection":[{"href":"https:\/\/lloretdemar.org\/es\/wp-json\/wp\/v2\/pages"}],"about":[{"href":"https:\/\/lloretdemar.org\/es\/wp-json\/wp\/v2\/types\/page"}],"author":[{"embeddable":true,"href":"https:\/\/lloretdemar.org\/es\/wp-json\/wp\/v2\/users\/12"}],"replies":[{"embeddable":true,"href":"https:\/\/lloretdemar.org\/es\/wp-json\/wp\/v2\/comments?post=10361"}],"version-history":[{"count":11,"href":"https:\/\/lloretdemar.org\/es\/wp-json\/wp\/v2\/pages\/10361\/revisions"}],"predecessor-version":[{"id":40656,"href":"https:\/\/lloretdemar.org\/es\/wp-json\/wp\/v2\/pages\/10361\/revisions\/40656"}],"up":[{"embeddable":true,"href":"https:\/\/lloretdemar.org\/es\/wp-json\/wp\/v2\/pages\/10091"}],"wp:attachment":[{"href":"https:\/\/lloretdemar.org\/es\/wp-json\/wp\/v2\/media?parent=10361"}],"curies":[{"name":"wp","href":"https:\/\/api.w.org\/{rel}","templated":true}]}}