{"id":10348,"date":"2019-05-28T10:03:26","date_gmt":"2019-05-28T08:03:26","guid":{"rendered":"http:\/\/lloretdemar.org\/planifica-el-teu-viatge\/on-dormir\/"},"modified":"2020-10-21T15:54:44","modified_gmt":"2020-10-21T13:54:44","slug":"donde-dormir","status":"publish","type":"page","link":"https:\/\/lloretdemar.org\/es\/planifica-tu-viaje\/donde-dormir\/","title":{"rendered":"D\u00f3nde dormir en Lloret de Mar"},"content":{"rendered":"\n<p>Nuestra ciudad ofrece alternativas para todo tipo de visitantes. Hay una amplia gama de alojamientos en Lloret de Mar desde hoteles, pensiones, apartamentos y campings.<\/p>\n\n\n\n<p>Adem\u00e1s, la oferta hotelera en Lloret de Mar es muy variada, encontrar\u00e1s varios hoteles familiares ideales para ir en familia que disponen de parques acu\u00e1ticos, tambi\u00e9n puedes relajarte en hoteles s\u00f3lo pensados para adultos o escoger un hotel especializado en dieta mediterr\u00e1nea. <\/p>\n","protected":false},"excerpt":{"rendered":"<p>Nuestra ciudad ofrece alternativas para todo tipo de visitantes. Hay una amplia gama de alojamientos en Lloret de Mar desde hoteles, pensiones, apartamentos y campings. Adem\u00e1s, la oferta hotelera en Lloret de Mar es muy variada, encontrar\u00e1s varios hoteles familiares ideales para ir en familia que disponen de parques acu\u00e1ticos, tambi\u00e9n puedes relajarte en hoteles [&hellip;]<\/p>\n","protected":false},"author":12,"featured_media":0,"parent":10257,"menu_order":0,"comment_status":"closed","ping_status":"closed","template":"page-templates\/directori1-22.php","meta":{"_acf_changed":false,"content-type":"","footnotes":""},"class_list":["post-10348","page","type-page","status-publish","hentry"],"acf":{"banner_imatge":721,"banner_titol":"D\u00f3nde dormir en Lloret de Mar","banner_subtitol":"","botons_blanc_o_negres":"defecte","banner_links":null,"apartats":null,"categories_titol":"Categorias","banner_mes_info_text":"Directorio municipal","banner_mes_info_link":{"title":"M\u00e1s info","url":"http:\/\/lloretdemar.org\/sobre-lloret-de-mar\/informacio-practica-sobre-lloret-de-mar\/directori-dempreses\/","target":""},"banner_contacte_text":"Si su establecimiento no aparece en nuestro directorio o los datos que figuran no son correctos:","banner_contacte_link":{"title":"Contacte con nosotros","url":"http:\/\/lloretdemar.org\/contacte\/","target":""},"banners":[{"text":"Lloret\r\nHub","imatge":257,"url":"https:\/\/lloretdemar.org\/es\/conoce-lloret-de-mar\/lloret-hub\/","color_fons":""}],"script_ipanema":"<!--HubSpot Call-to-Action Code --><span class=\"hs-cta-wrapper\" id=\"hs-cta-wrapper-0e5ea62f-c3e7-4591-b894-337525ca1cf4\"><span class=\"hs-cta-node hs-cta-0e5ea62f-c3e7-4591-b894-337525ca1cf4\" id=\"hs-cta-0e5ea62f-c3e7-4591-b894-337525ca1cf4\"><!--[if lte IE 8]><div id=\"hs-cta-ie-element\"><\/div><![endif]--><a href=\"https:\/\/cta-redirect.hubspot.com\/cta\/redirect\/4468071\/0e5ea62f-c3e7-4591-b894-337525ca1cf4\" ><img class=\"hs-cta-img\" id=\"hs-cta-img-0e5ea62f-c3e7-4591-b894-337525ca1cf4\" style=\"border-width:0px;\" src=\"https:\/\/no-cache.hubspot.com\/cta\/default\/4468071\/0e5ea62f-c3e7-4591-b894-337525ca1cf4.png\" alt=\"M\u00e9s info\"\/><\/a><\/span><script charset=\"utf-8\" src=\"https:\/\/js.hscta.net\/cta\/current.js\"><\/script><script type=\"text\/javascript\"> hbspt.cta.load(4468071, '0e5ea62f-c3e7-4591-b894-337525ca1cf4', {}); <\/script><\/span><!-- end HubSpot Call-to-Action Code -->"},"yoast_head":"<!-- This site is optimized with the Yoast SEO plugin v27.5 - https:\/\/yoast.com\/product\/yoast-seo-wordpress\/ -->\n<title>D\u00f3nde dormir en Lloret de Mar - Lloret de Mar<\/title>\n<meta name=\"description\" content=\"Nuestra ciudad ofrece alternativas para todo tipo de visitantes. Hay una amplia gama de alojamientos en Lloret de Mar desde hoteles, pensiones, apartamentos y campings. Adem\u00e1s, la oferta hotelera en Lloret de Mar es muy variada, encontrar\u00e1s varios hoteles familiares ideales para ir en familia que disponen de parques acu\u00e1ticos, tambi\u00e9n puedes relajarte en hoteles&hellip;\" \/>\n<meta name=\"robots\" content=\"index, follow, max-snippet:-1, max-image-preview:large, max-video-preview:-1\" \/>\n<link rel=\"canonical\" href=\"https:\/\/lloretdemar.org\/es\/planifica-tu-viaje\/donde-dormir\/\" \/>\n<meta property=\"og:locale\" content=\"es_ES\" \/>\n<meta property=\"og:type\" content=\"article\" \/>\n<meta property=\"og:title\" content=\"D\u00f3nde dormir en Lloret de Mar - Lloret de Mar\" \/>\n<meta property=\"og:description\" content=\"Nuestra ciudad ofrece alternativas para todo tipo de visitantes. Hay una amplia gama de alojamientos en Lloret de Mar desde hoteles, pensiones, apartamentos y campings. Adem\u00e1s, la oferta hotelera en Lloret de Mar es muy variada, encontrar\u00e1s varios hoteles familiares ideales para ir en familia que disponen de parques acu\u00e1ticos, tambi\u00e9n puedes relajarte en hoteles&hellip;\" \/>\n<meta property=\"og:url\" content=\"https:\/\/lloretdemar.org\/es\/planifica-tu-viaje\/donde-dormir\/\" \/>\n<meta property=\"og:site_name\" content=\"Lloret de Mar\" \/>\n<meta property=\"article:publisher\" content=\"https:\/\/www.facebook.com\/Lloretturisme\" \/>\n<meta property=\"article:modified_time\" content=\"2020-10-21T13:54:44+00:00\" \/>\n<meta property=\"og:image\" content=\"https:\/\/lloretdemar.org\/wp-content\/uploads\/2019\/10\/home_page_10.jpg\" \/>\n\t<meta property=\"og:image:width\" content=\"1920\" \/>\n\t<meta property=\"og:image:height\" content=\"885\" \/>\n\t<meta property=\"og:image:type\" content=\"image\/jpeg\" \/>\n<meta name=\"twitter:card\" content=\"summary_large_image\" \/>\n<meta name=\"twitter:site\" content=\"@lloretturisme\" \/>\n<script type=\"application\/ld+json\" class=\"yoast-schema-graph\">{\"@context\":\"https:\\\/\\\/schema.org\",\"@graph\":[{\"@type\":\"WebPage\",\"@id\":\"https:\\\/\\\/lloretdemar.org\\\/es\\\/planifica-tu-viaje\\\/donde-dormir\\\/\",\"url\":\"https:\\\/\\\/lloretdemar.org\\\/es\\\/planifica-tu-viaje\\\/donde-dormir\\\/\",\"name\":\"D\u00f3nde dormir en Lloret de Mar - Lloret de Mar\",\"isPartOf\":{\"@id\":\"https:\\\/\\\/lloretdemar.org\\\/es\\\/#website\"},\"datePublished\":\"2019-05-28T08:03:26+00:00\",\"dateModified\":\"2020-10-21T13:54:44+00:00\",\"description\":\"Lloret de Mar\",\"breadcrumb\":{\"@id\":\"https:\\\/\\\/lloretdemar.org\\\/es\\\/planifica-tu-viaje\\\/donde-dormir\\\/#breadcrumb\"},\"inLanguage\":\"es\",\"potentialAction\":[{\"@type\":\"ReadAction\",\"target\":[\"https:\\\/\\\/lloretdemar.org\\\/es\\\/planifica-tu-viaje\\\/donde-dormir\\\/\"]}]},{\"@type\":\"BreadcrumbList\",\"@id\":\"https:\\\/\\\/lloretdemar.org\\\/es\\\/planifica-tu-viaje\\\/donde-dormir\\\/#breadcrumb\",\"itemListElement\":[{\"@type\":\"ListItem\",\"position\":1,\"name\":\"Home\",\"item\":\"https:\\\/\\\/lloretdemar.org\\\/es\\\/\"},{\"@type\":\"ListItem\",\"position\":2,\"name\":\"Planifica tu viaje\",\"item\":\"https:\\\/\\\/lloretdemar.org\\\/es\\\/planifica-tu-viaje\\\/\"},{\"@type\":\"ListItem\",\"position\":3,\"name\":\"D\u00f3nde dormir en Lloret de Mar\"}]},{\"@type\":\"WebSite\",\"@id\":\"https:\\\/\\\/lloretdemar.org\\\/es\\\/#website\",\"url\":\"https:\\\/\\\/lloretdemar.org\\\/es\\\/\",\"name\":\"Lloret de Mar\",\"description\":\"\",\"publisher\":{\"@id\":\"https:\\\/\\\/lloretdemar.org\\\/es\\\/#organization\"},\"potentialAction\":[{\"@type\":\"SearchAction\",\"target\":{\"@type\":\"EntryPoint\",\"urlTemplate\":\"https:\\\/\\\/lloretdemar.org\\\/es\\\/?s={search_term_string}\"},\"query-input\":{\"@type\":\"PropertyValueSpecification\",\"valueRequired\":true,\"valueName\":\"search_term_string\"}}],\"inLanguage\":\"es\"},{\"@type\":\"Organization\",\"@id\":\"https:\\\/\\\/lloretdemar.org\\\/es\\\/#organization\",\"name\":\"Lloret de Mar\",\"url\":\"https:\\\/\\\/lloretdemar.org\\\/es\\\/\",\"logo\":{\"@type\":\"ImageObject\",\"inLanguage\":\"es\",\"@id\":\"https:\\\/\\\/lloretdemar.org\\\/es\\\/#\\\/schema\\\/logo\\\/image\\\/\",\"url\":\"https:\\\/\\\/lloretdemar.org\\\/wp-content\\\/uploads\\\/2020\\\/05\\\/lloret-de-mar-logo.png\",\"contentUrl\":\"https:\\\/\\\/lloretdemar.org\\\/wp-content\\\/uploads\\\/2020\\\/05\\\/lloret-de-mar-logo.png\",\"width\":87,\"height\":38,\"caption\":\"Lloret de Mar\"},\"image\":{\"@id\":\"https:\\\/\\\/lloretdemar.org\\\/es\\\/#\\\/schema\\\/logo\\\/image\\\/\"},\"sameAs\":[\"https:\\\/\\\/www.facebook.com\\\/Lloretturisme\",\"https:\\\/\\\/x.com\\\/lloretturisme\",\"https:\\\/\\\/instagram.com\\\/lloretturisme\",\"https:\\\/\\\/www.youtube.com\\\/LloretTurisme\"]}]}<\/script>\n<!-- \/ Yoast SEO plugin. -->","yoast_head_json":{"title":"D\u00f3nde dormir en Lloret de Mar - Lloret de Mar","description":"Nuestra ciudad ofrece alternativas para todo tipo de visitantes. Hay una amplia gama de alojamientos en Lloret de Mar desde hoteles, pensiones, apartamentos y campings. Adem\u00e1s, la oferta hotelera en Lloret de Mar es muy variada, encontrar\u00e1s varios hoteles familiares ideales para ir en familia que disponen de parques acu\u00e1ticos, tambi\u00e9n puedes relajarte en hoteles&hellip;","robots":{"index":"index","follow":"follow","max-snippet":"max-snippet:-1","max-image-preview":"max-image-preview:large","max-video-preview":"max-video-preview:-1"},"canonical":"https:\/\/lloretdemar.org\/es\/planifica-tu-viaje\/donde-dormir\/","og_locale":"es_ES","og_type":"article","og_title":"D\u00f3nde dormir en Lloret de Mar - Lloret de Mar","og_description":"Nuestra ciudad ofrece alternativas para todo tipo de visitantes. Hay una amplia gama de alojamientos en Lloret de Mar desde hoteles, pensiones, apartamentos y campings. Adem\u00e1s, la oferta hotelera en Lloret de Mar es muy variada, encontrar\u00e1s varios hoteles familiares ideales para ir en familia que disponen de parques acu\u00e1ticos, tambi\u00e9n puedes relajarte en hoteles&hellip;","og_url":"https:\/\/lloretdemar.org\/es\/planifica-tu-viaje\/donde-dormir\/","og_site_name":"Lloret de Mar","article_publisher":"https:\/\/www.facebook.com\/Lloretturisme","article_modified_time":"2020-10-21T13:54:44+00:00","og_image":[{"width":1920,"height":885,"url":"https:\/\/lloretdemar.org\/wp-content\/uploads\/2019\/10\/home_page_10.jpg","type":"image\/jpeg"}],"twitter_card":"summary_large_image","twitter_site":"@lloretturisme","schema":{"@context":"https:\/\/schema.org","@graph":[{"@type":"WebPage","@id":"https:\/\/lloretdemar.org\/es\/planifica-tu-viaje\/donde-dormir\/","url":"https:\/\/lloretdemar.org\/es\/planifica-tu-viaje\/donde-dormir\/","name":"D\u00f3nde dormir en Lloret de Mar - Lloret de Mar","isPartOf":{"@id":"https:\/\/lloretdemar.org\/es\/#website"},"datePublished":"2019-05-28T08:03:26+00:00","dateModified":"2020-10-21T13:54:44+00:00","description":"Lloret de Mar","breadcrumb":{"@id":"https:\/\/lloretdemar.org\/es\/planifica-tu-viaje\/donde-dormir\/#breadcrumb"},"inLanguage":"es","potentialAction":[{"@type":"ReadAction","target":["https:\/\/lloretdemar.org\/es\/planifica-tu-viaje\/donde-dormir\/"]}]},{"@type":"BreadcrumbList","@id":"https:\/\/lloretdemar.org\/es\/planifica-tu-viaje\/donde-dormir\/#breadcrumb","itemListElement":[{"@type":"ListItem","position":1,"name":"Home","item":"https:\/\/lloretdemar.org\/es\/"},{"@type":"ListItem","position":2,"name":"Planifica tu viaje","item":"https:\/\/lloretdemar.org\/es\/planifica-tu-viaje\/"},{"@type":"ListItem","position":3,"name":"D\u00f3nde dormir en Lloret de Mar"}]},{"@type":"WebSite","@id":"https:\/\/lloretdemar.org\/es\/#website","url":"https:\/\/lloretdemar.org\/es\/","name":"Lloret de Mar","description":"","publisher":{"@id":"https:\/\/lloretdemar.org\/es\/#organization"},"potentialAction":[{"@type":"SearchAction","target":{"@type":"EntryPoint","urlTemplate":"https:\/\/lloretdemar.org\/es\/?s={search_term_string}"},"query-input":{"@type":"PropertyValueSpecification","valueRequired":true,"valueName":"search_term_string"}}],"inLanguage":"es"},{"@type":"Organization","@id":"https:\/\/lloretdemar.org\/es\/#organization","name":"Lloret de Mar","url":"https:\/\/lloretdemar.org\/es\/","logo":{"@type":"ImageObject","inLanguage":"es","@id":"https:\/\/lloretdemar.org\/es\/#\/schema\/logo\/image\/","url":"https:\/\/lloretdemar.org\/wp-content\/uploads\/2020\/05\/lloret-de-mar-logo.png","contentUrl":"https:\/\/lloretdemar.org\/wp-content\/uploads\/2020\/05\/lloret-de-mar-logo.png","width":87,"height":38,"caption":"Lloret de Mar"},"image":{"@id":"https:\/\/lloretdemar.org\/es\/#\/schema\/logo\/image\/"},"sameAs":["https:\/\/www.facebook.com\/Lloretturisme","https:\/\/x.com\/lloretturisme","https:\/\/instagram.com\/lloretturisme","https:\/\/www.youtube.com\/LloretTurisme"]}]}},"_links":{"self":[{"href":"https:\/\/lloretdemar.org\/es\/wp-json\/wp\/v2\/pages\/10348","targetHints":{"allow":["GET"]}}],"collection":[{"href":"https:\/\/lloretdemar.org\/es\/wp-json\/wp\/v2\/pages"}],"about":[{"href":"https:\/\/lloretdemar.org\/es\/wp-json\/wp\/v2\/types\/page"}],"author":[{"embeddable":true,"href":"https:\/\/lloretdemar.org\/es\/wp-json\/wp\/v2\/users\/12"}],"replies":[{"embeddable":true,"href":"https:\/\/lloretdemar.org\/es\/wp-json\/wp\/v2\/comments?post=10348"}],"version-history":[{"count":0,"href":"https:\/\/lloretdemar.org\/es\/wp-json\/wp\/v2\/pages\/10348\/revisions"}],"up":[{"embeddable":true,"href":"https:\/\/lloretdemar.org\/es\/wp-json\/wp\/v2\/pages\/10257"}],"wp:attachment":[{"href":"https:\/\/lloretdemar.org\/es\/wp-json\/wp\/v2\/media?parent=10348"}],"curies":[{"name":"wp","href":"https:\/\/api.w.org\/{rel}","templated":true}]}}