{"id":10252,"date":"2019-05-28T10:01:11","date_gmt":"2019-05-28T08:01:11","guid":{"rendered":"http:\/\/lloretdemar.org\/planifica-el-teu-viatge\/com-arribar-carretera\/"},"modified":"2025-09-01T09:42:15","modified_gmt":"2025-09-01T07:42:15","slug":"como-llegar-a-lloret-de-mar-por-carretera","status":"publish","type":"page","link":"https:\/\/lloretdemar.org\/es\/planifica-tu-viaje\/como-llegar-a-lloret-de-mar-por-carretera\/","title":{"rendered":"C\u00f3mo llegar a Lloret de Mar por carretera"},"content":{"rendered":"","protected":false},"excerpt":{"rendered":"","protected":false},"author":12,"featured_media":0,"parent":10257,"menu_order":0,"comment_status":"closed","ping_status":"closed","template":"page-templates\/com-arribar1-14.php","meta":{"_acf_changed":false,"content-type":"","footnotes":""},"class_list":["post-10252","page","type-page","status-publish","hentry"],"acf":{"banner_imatge":6473,"banner_titol":"C\u00f3mo llegar a Lloret de Mar\r\npor carretera  ","banner_subtitol":"","botons_blanc_o_negres":"defecte","banner_links":[{"es_post":false,"banner_link":{"title":"En autob\u00fas","url":"#autobus","target":""},"link_intern":null,"link_intern_titol":""},{"es_post":false,"banner_link":{"title":"En coche","url":"#cotxe","target":""},"link_intern":null,"link_intern_titol":""},{"es_post":false,"banner_link":{"title":"En taxi","url":"#taxi","target":""},"link_intern":null,"link_intern_titol":""}],"apartats":null,"com_arribar_blocs":[{"acf_fc_layout":"autobus","titol":"En autob\u00fas ","text":"Lloret de Mar est\u00e1 conectado con Barcelona, Girona y las principales ciudades europeas a trav\u00e9s de l\u00edneas regulares y servicios discrecionales. Lloret dispone de una terminal de autobuses internacional y de terminales privadas que dan servicio a autocaristas extranjeros.\r\n\r\nDe forma similar, hay aparcamientos especializados en diferentes puntos de la poblaci\u00f3n.","imatge":5478,"titol_horaris":"","subtitol_horaris":"","horaris":[{"titol":"Desc\u00e1rgate a los Horarios de Autob\u00fas","informacio":"<a href=\"https:\/\/mylloret.lloretdemar.org\/hubfs\/Horaris%20bus\/QR%20Horaris%20bus.pdf\"><strong>CIUDADES<\/strong><\/a>\r\n\r\n<strong><a href=\"https:\/\/mylloret.lloretdemar.org\/hubfs\/Horaris%20bus\/QR%20Horaris%20bus%20aeroports.pdf\">AEROPUERTOS<\/a>\r\n<\/strong>\r\n\r\n&nbsp;\r\n\r\n<a href=\"https:\/\/mylloret.lloretdemar.org\/hubfs\/Horaris%20bus\/Barcelona.png\"><strong>Barcelona Estaci\u00f3 Nord<\/strong><\/a>\r\n\r\n<a href=\"https:\/\/mylloret.lloretdemar.org\/hubfs\/Horaris%20bus\/Blanes.png\"><strong>Blanes centro<\/strong><\/a>\r\n\r\n<a href=\"https:\/\/mylloret.lloretdemar.org\/hubfs\/Horaris%20bus\/Tossa.png\"><strong>Tossa de Mar<\/strong><\/a>\r\n\r\n<a href=\"https:\/\/mylloret.lloretdemar.org\/hubfs\/Horaris%20bus\/Blanes%20renfe.png\"><strong>Blanes estaci\u00f3n Renfe<\/strong><\/a>\r\n\r\n<a href=\"https:\/\/mylloret.lloretdemar.org\/hubfs\/Horaris%20bus\/Girona.png\"><strong>Girona<\/strong><\/a>\r\n\r\n<a href=\"https:\/\/mylloret.lloretdemar.org\/hubfs\/Horaris%20bus\/Olot.png\"><strong>Olot<\/strong><\/a>\r\n\r\n&nbsp;\r\n\r\n<a href=\"https:\/\/mylloret.lloretdemar.org\/hubfs\/Horaris%20bus\/Barcelona%20aeroport.png\"><strong>Aeropuerto Barcelona<\/strong><\/a>\r\n\r\n<a href=\"https:\/\/mylloret.lloretdemar.org\/hubfs\/Horaris%20bus\/Girona%20aeroport.png\"><strong>Aeropuerto Girona<\/strong><\/a>"}]},{"acf_fc_layout":"cotxe","titol":"En coche","text":"Lloret de Mar tiene tres v\u00edas de entrada.\r\n\r\n<strong>Por el sur<\/strong>, la autopista de la costa C-32 conecta Barcelona con Lloret hasta Blanes. Los \u00faltimos 12 kil\u00f3metros se deben hacer por las carreteras GI-600 en direcci\u00f3n a Blanes y la GI-682 en direcci\u00f3n a Lloret de Mar\r\n\r\n<strong>Por el norte<\/strong>, desde Francia, se debe seguir por la autopista AP-7 hasta la salida 9 (Lloret de Mar). Los \u00faltimos 14 kil\u00f3metros se deben hacer por la carretera C-63\r\n\r\n<strong>Por el noreste<\/strong>, 12 kil\u00f3metros por la carretera GI-682 separan Lloret de Tossa. En cuanto ya est\u00e1 en Lloret, el visitante dispone de diferentes aparcamientos p\u00fablicos y privados para estacionar el veh\u00edculo durante su estancia.\r\n\r\n<strong>Barcelona - Lloret de Mar:<\/strong> 80 km, 60 min\r\n\r\n<strong>Girona - Lloret de Mar:<\/strong> 42 km, 30 min\r\n\r\n<strong>Perpi\u00f1\u00e1n - Lloret de Mar:<\/strong> 115 km, 90 min","imatge":5481,"titol_sortides":"Salidas por la autopista","sortides":[{"sortida":"AUTOPISTA AP7 - SORTIDA 9"},{"sortida":"AUTOPISTA C32 - SORTIDA 134"},{"sortida":"CARRETERA N-II - LLORET DE MAR"}],"llistat_cotxe":[{"titol":"M\u00e1s informaci\u00f3n","text":"&nbsp;\r\n\r\n<a href=\"https:\/\/www.lloret.cat\/\">https:\/\/www.lloret.cat\/<\/a>"}]},{"acf_fc_layout":"taxi","titol":"En Taxi","text":"En Lloret hay una flota de m\u00e1s de 40 taxis. Los hay de 4 a 7 plazas y para personas con movilidad reducida. Se reconocen por ser blancos y con se\u00f1al identificativa.","imatge":5475,"text_esquerra":"<h2>Taxis Lloret<\/h2>\r\n<h3>Informaci\u00f3n y precios orientativos:<\/h3>\r\n<a href=\"http:\/\/www.taxi-lloret.com\">www.taxi-lloret.com<\/a>\r\n\r\nTel. 972 362 525 \/ 972 362 000\r\n\r\n&nbsp;\r\n\r\n<a href=\"https:\/\/www.lloret.cat\/seccions\/mobilitat\/taxis\" target=\"_blank\" rel=\"noopener\"><span style=\"text-decoration: underline;\">M\u00e1s informaci\u00f3n<\/span><\/a>"}]},"yoast_head":"<!-- This site is optimized with the Yoast SEO plugin v27.5 - https:\/\/yoast.com\/product\/yoast-seo-wordpress\/ -->\n<title>C\u00f3mo llegar a Lloret de Mar por carretera - Lloret de Mar<\/title>\n<meta name=\"robots\" content=\"index, follow, max-snippet:-1, max-image-preview:large, max-video-preview:-1\" \/>\n<link rel=\"canonical\" href=\"https:\/\/lloretdemar.org\/es\/planifica-tu-viaje\/como-llegar-a-lloret-de-mar-por-carretera\/\" \/>\n<meta property=\"og:locale\" content=\"es_ES\" \/>\n<meta property=\"og:type\" content=\"article\" \/>\n<meta property=\"og:title\" content=\"C\u00f3mo llegar a Lloret de Mar por carretera - Lloret de Mar\" \/>\n<meta property=\"og:url\" content=\"https:\/\/lloretdemar.org\/es\/planifica-tu-viaje\/como-llegar-a-lloret-de-mar-por-carretera\/\" \/>\n<meta property=\"og:site_name\" content=\"Lloret de Mar\" \/>\n<meta property=\"article:publisher\" content=\"https:\/\/www.facebook.com\/Lloretturisme\" \/>\n<meta property=\"article:modified_time\" content=\"2025-09-01T07:42:15+00:00\" \/>\n<meta property=\"og:image\" content=\"https:\/\/lloretdemar.org\/wp-content\/uploads\/2020\/02\/carretera.jpg\" \/>\n\t<meta property=\"og:image:width\" content=\"1920\" \/>\n\t<meta property=\"og:image:height\" content=\"885\" \/>\n\t<meta property=\"og:image:type\" content=\"image\/jpeg\" \/>\n<meta name=\"twitter:card\" content=\"summary_large_image\" \/>\n<meta name=\"twitter:site\" content=\"@lloretturisme\" \/>\n<script type=\"application\/ld+json\" class=\"yoast-schema-graph\">{\"@context\":\"https:\\\/\\\/schema.org\",\"@graph\":[{\"@type\":\"WebPage\",\"@id\":\"https:\\\/\\\/lloretdemar.org\\\/es\\\/planifica-tu-viaje\\\/como-llegar-a-lloret-de-mar-por-carretera\\\/\",\"url\":\"https:\\\/\\\/lloretdemar.org\\\/es\\\/planifica-tu-viaje\\\/como-llegar-a-lloret-de-mar-por-carretera\\\/\",\"name\":\"C\u00f3mo llegar a Lloret de Mar por carretera - Lloret de Mar\",\"isPartOf\":{\"@id\":\"https:\\\/\\\/lloretdemar.org\\\/es\\\/#website\"},\"datePublished\":\"2019-05-28T08:01:11+00:00\",\"dateModified\":\"2025-09-01T07:42:15+00:00\",\"description\":\"Lloret de Mar\",\"breadcrumb\":{\"@id\":\"https:\\\/\\\/lloretdemar.org\\\/es\\\/planifica-tu-viaje\\\/como-llegar-a-lloret-de-mar-por-carretera\\\/#breadcrumb\"},\"inLanguage\":\"es\",\"potentialAction\":[{\"@type\":\"ReadAction\",\"target\":[\"https:\\\/\\\/lloretdemar.org\\\/es\\\/planifica-tu-viaje\\\/como-llegar-a-lloret-de-mar-por-carretera\\\/\"]}]},{\"@type\":\"BreadcrumbList\",\"@id\":\"https:\\\/\\\/lloretdemar.org\\\/es\\\/planifica-tu-viaje\\\/como-llegar-a-lloret-de-mar-por-carretera\\\/#breadcrumb\",\"itemListElement\":[{\"@type\":\"ListItem\",\"position\":1,\"name\":\"Home\",\"item\":\"https:\\\/\\\/lloretdemar.org\\\/es\\\/\"},{\"@type\":\"ListItem\",\"position\":2,\"name\":\"Planifica tu viaje\",\"item\":\"https:\\\/\\\/lloretdemar.org\\\/es\\\/planifica-tu-viaje\\\/\"},{\"@type\":\"ListItem\",\"position\":3,\"name\":\"C\u00f3mo llegar a Lloret de Mar por carretera\"}]},{\"@type\":\"WebSite\",\"@id\":\"https:\\\/\\\/lloretdemar.org\\\/es\\\/#website\",\"url\":\"https:\\\/\\\/lloretdemar.org\\\/es\\\/\",\"name\":\"Lloret de Mar\",\"description\":\"\",\"publisher\":{\"@id\":\"https:\\\/\\\/lloretdemar.org\\\/es\\\/#organization\"},\"potentialAction\":[{\"@type\":\"SearchAction\",\"target\":{\"@type\":\"EntryPoint\",\"urlTemplate\":\"https:\\\/\\\/lloretdemar.org\\\/es\\\/?s={search_term_string}\"},\"query-input\":{\"@type\":\"PropertyValueSpecification\",\"valueRequired\":true,\"valueName\":\"search_term_string\"}}],\"inLanguage\":\"es\"},{\"@type\":\"Organization\",\"@id\":\"https:\\\/\\\/lloretdemar.org\\\/es\\\/#organization\",\"name\":\"Lloret de Mar\",\"url\":\"https:\\\/\\\/lloretdemar.org\\\/es\\\/\",\"logo\":{\"@type\":\"ImageObject\",\"inLanguage\":\"es\",\"@id\":\"https:\\\/\\\/lloretdemar.org\\\/es\\\/#\\\/schema\\\/logo\\\/image\\\/\",\"url\":\"https:\\\/\\\/lloretdemar.org\\\/wp-content\\\/uploads\\\/2020\\\/05\\\/lloret-de-mar-logo.png\",\"contentUrl\":\"https:\\\/\\\/lloretdemar.org\\\/wp-content\\\/uploads\\\/2020\\\/05\\\/lloret-de-mar-logo.png\",\"width\":87,\"height\":38,\"caption\":\"Lloret de Mar\"},\"image\":{\"@id\":\"https:\\\/\\\/lloretdemar.org\\\/es\\\/#\\\/schema\\\/logo\\\/image\\\/\"},\"sameAs\":[\"https:\\\/\\\/www.facebook.com\\\/Lloretturisme\",\"https:\\\/\\\/x.com\\\/lloretturisme\",\"https:\\\/\\\/instagram.com\\\/lloretturisme\",\"https:\\\/\\\/www.youtube.com\\\/LloretTurisme\"]}]}<\/script>\n<!-- \/ Yoast SEO plugin. -->","yoast_head_json":{"title":"C\u00f3mo llegar a Lloret de Mar por carretera - Lloret de Mar","robots":{"index":"index","follow":"follow","max-snippet":"max-snippet:-1","max-image-preview":"max-image-preview:large","max-video-preview":"max-video-preview:-1"},"canonical":"https:\/\/lloretdemar.org\/es\/planifica-tu-viaje\/como-llegar-a-lloret-de-mar-por-carretera\/","og_locale":"es_ES","og_type":"article","og_title":"C\u00f3mo llegar a Lloret de Mar por carretera - Lloret de Mar","og_url":"https:\/\/lloretdemar.org\/es\/planifica-tu-viaje\/como-llegar-a-lloret-de-mar-por-carretera\/","og_site_name":"Lloret de Mar","article_publisher":"https:\/\/www.facebook.com\/Lloretturisme","article_modified_time":"2025-09-01T07:42:15+00:00","og_image":[{"width":1920,"height":885,"url":"https:\/\/lloretdemar.org\/wp-content\/uploads\/2020\/02\/carretera.jpg","type":"image\/jpeg"}],"twitter_card":"summary_large_image","twitter_site":"@lloretturisme","schema":{"@context":"https:\/\/schema.org","@graph":[{"@type":"WebPage","@id":"https:\/\/lloretdemar.org\/es\/planifica-tu-viaje\/como-llegar-a-lloret-de-mar-por-carretera\/","url":"https:\/\/lloretdemar.org\/es\/planifica-tu-viaje\/como-llegar-a-lloret-de-mar-por-carretera\/","name":"C\u00f3mo llegar a Lloret de Mar por carretera - Lloret de Mar","isPartOf":{"@id":"https:\/\/lloretdemar.org\/es\/#website"},"datePublished":"2019-05-28T08:01:11+00:00","dateModified":"2025-09-01T07:42:15+00:00","description":"Lloret de Mar","breadcrumb":{"@id":"https:\/\/lloretdemar.org\/es\/planifica-tu-viaje\/como-llegar-a-lloret-de-mar-por-carretera\/#breadcrumb"},"inLanguage":"es","potentialAction":[{"@type":"ReadAction","target":["https:\/\/lloretdemar.org\/es\/planifica-tu-viaje\/como-llegar-a-lloret-de-mar-por-carretera\/"]}]},{"@type":"BreadcrumbList","@id":"https:\/\/lloretdemar.org\/es\/planifica-tu-viaje\/como-llegar-a-lloret-de-mar-por-carretera\/#breadcrumb","itemListElement":[{"@type":"ListItem","position":1,"name":"Home","item":"https:\/\/lloretdemar.org\/es\/"},{"@type":"ListItem","position":2,"name":"Planifica tu viaje","item":"https:\/\/lloretdemar.org\/es\/planifica-tu-viaje\/"},{"@type":"ListItem","position":3,"name":"C\u00f3mo llegar a Lloret de Mar por carretera"}]},{"@type":"WebSite","@id":"https:\/\/lloretdemar.org\/es\/#website","url":"https:\/\/lloretdemar.org\/es\/","name":"Lloret de Mar","description":"","publisher":{"@id":"https:\/\/lloretdemar.org\/es\/#organization"},"potentialAction":[{"@type":"SearchAction","target":{"@type":"EntryPoint","urlTemplate":"https:\/\/lloretdemar.org\/es\/?s={search_term_string}"},"query-input":{"@type":"PropertyValueSpecification","valueRequired":true,"valueName":"search_term_string"}}],"inLanguage":"es"},{"@type":"Organization","@id":"https:\/\/lloretdemar.org\/es\/#organization","name":"Lloret de Mar","url":"https:\/\/lloretdemar.org\/es\/","logo":{"@type":"ImageObject","inLanguage":"es","@id":"https:\/\/lloretdemar.org\/es\/#\/schema\/logo\/image\/","url":"https:\/\/lloretdemar.org\/wp-content\/uploads\/2020\/05\/lloret-de-mar-logo.png","contentUrl":"https:\/\/lloretdemar.org\/wp-content\/uploads\/2020\/05\/lloret-de-mar-logo.png","width":87,"height":38,"caption":"Lloret de Mar"},"image":{"@id":"https:\/\/lloretdemar.org\/es\/#\/schema\/logo\/image\/"},"sameAs":["https:\/\/www.facebook.com\/Lloretturisme","https:\/\/x.com\/lloretturisme","https:\/\/instagram.com\/lloretturisme","https:\/\/www.youtube.com\/LloretTurisme"]}]}},"_links":{"self":[{"href":"https:\/\/lloretdemar.org\/es\/wp-json\/wp\/v2\/pages\/10252","targetHints":{"allow":["GET"]}}],"collection":[{"href":"https:\/\/lloretdemar.org\/es\/wp-json\/wp\/v2\/pages"}],"about":[{"href":"https:\/\/lloretdemar.org\/es\/wp-json\/wp\/v2\/types\/page"}],"author":[{"embeddable":true,"href":"https:\/\/lloretdemar.org\/es\/wp-json\/wp\/v2\/users\/12"}],"replies":[{"embeddable":true,"href":"https:\/\/lloretdemar.org\/es\/wp-json\/wp\/v2\/comments?post=10252"}],"version-history":[{"count":72,"href":"https:\/\/lloretdemar.org\/es\/wp-json\/wp\/v2\/pages\/10252\/revisions"}],"predecessor-version":[{"id":41611,"href":"https:\/\/lloretdemar.org\/es\/wp-json\/wp\/v2\/pages\/10252\/revisions\/41611"}],"up":[{"embeddable":true,"href":"https:\/\/lloretdemar.org\/es\/wp-json\/wp\/v2\/pages\/10257"}],"wp:attachment":[{"href":"https:\/\/lloretdemar.org\/es\/wp-json\/wp\/v2\/media?parent=10252"}],"curies":[{"name":"wp","href":"https:\/\/api.w.org\/{rel}","templated":true}]}}