{"id":10137,"date":"2020-01-27T09:21:18","date_gmt":"2020-01-27T08:21:18","guid":{"rendered":"http:\/\/lloretdemar.org\/lloret-de-mar-de-dia\/compres\/"},"modified":"2020-11-04T17:17:24","modified_gmt":"2020-11-04T16:17:24","slug":"compras","status":"publish","type":"page","link":"https:\/\/lloretdemar.org\/es\/que-hacer-en-lloret\/lloret-de-mar-de-dia\/compras\/","title":{"rendered":"Compras"},"content":{"rendered":"\n<p>Disfruta de los establecimientos comerciales de Lloret, donde encontrar\u00e1s la variedad de productos y la atenci\u00f3n que mereces.<\/p>\n\n\n\n<p>El comercio de Lloret de Mar, con un <strong>millar de establecimientos<\/strong> comerciales, representa el segundo motor econ\u00f3mico de la poblaci\u00f3n. La oferta comercial de Lloret es amplia y diversa, y se puede encontrar toda clase de art\u00edculos y productos.<\/p>\n\n\n\n<p>Te interesa saber que los comercios de Lloret pueden abrir todos los d\u00edas del a\u00f1o, incluidos los domingos.<\/p>\n\n\n\n<p>A lo largo del a\u00f1o se celebran actividades y ferias comerciales como la Lloret Night Shopping, una aut\u00e9ntica fiesta del comercio con tiendas abiertas hasta la madrugada, desfiles de moda, m\u00fasica en vivo, performances y el mejor ambiente fashion; tambi\u00e9n se celebra la Feria Medieval, entre otros eventos.<\/p>\n\n\n\n<p>Tambi\u00e9n te recomendamos visitar el mercado semanal de los martes que se hace en el Rieral; en su recorrido podr\u00e1s encontrar todo tipo de paradas con productos tradicionales, art\u00edculos de ropa, alimentaci\u00f3n, etc.<\/p>\n\n\n\n<p>Y tambi\u00e9n puedes ir al Mercado Municipal, donde se pueden encontrar productos frescos y una variada selecci\u00f3n de los productos locales m\u00e1s t\u00edpicos de nuestra gastronom\u00eda<\/p>\n","protected":false},"excerpt":{"rendered":"<p>Disfruta de los establecimientos comerciales de Lloret, donde encontrar\u00e1s la variedad de productos y la atenci\u00f3n que mereces. El comercio de Lloret de Mar, con un millar de establecimientos comerciales, representa el segundo motor econ\u00f3mico de la poblaci\u00f3n. La oferta comercial de Lloret es amplia y diversa, y se puede encontrar toda clase de art\u00edculos [&hellip;]<\/p>\n","protected":false},"author":12,"featured_media":0,"parent":10091,"menu_order":0,"comment_status":"closed","ping_status":"closed","template":"page-templates\/puntinteres.php","meta":{"_acf_changed":false,"content-type":"","footnotes":""},"class_list":["post-10137","page","type-page","status-publish","hentry"],"acf":{"enllac_directori":true,"imatges":[{"imatge":5485}],"blocs":null,"direccio":{"titol_bloc":"M\u00e1s informaci\u00f3n","contingut_bloc":"Para obtener m\u00e1s informaci\u00f3n, consulta aqu\u00ed :\r\n\r\n<strong><a href=\"http:\/\/www.comerciantslloret.com\/ca\">Associaci\u00f3n de Comerciantes de Lloret de Mar<\/a><\/strong>","mapa":{"address":"Av. del Rieral, 17310 Lloret de Mar, Girona, Espanya","lat":41.706932599999988,"lng":2.8399364,"zoom":14,"place_id":"ChIJ6yh_IWwXuxIRB0Ml_lGN8KI","street_name":"Avinguda del Rieral","street_name_short":"Av. del Rieral","city":"Lloret de Mar","state":"Catalunya","state_short":"CT","post_code":17310,"country":"Espanya","country_short":"ES"}},"mes_informacio":{"titol_mes_info":"","contingut_mes_info":""},"viatge":{"titol_viatge":"\u00bfQuieres venir a Lloret de Mar ? ","contingut_viatge":"Planifica tu estancia en Lloret de Mar","link_viatge":{"title":"Planificador","url":"http:\/\/lloretdemar.org\/planificador\/","target":""}},"apartats":null},"yoast_head":"<!-- This site is optimized with the Yoast SEO plugin v27.5 - https:\/\/yoast.com\/product\/yoast-seo-wordpress\/ -->\n<title>Compras - Lloret de Mar<\/title>\n<meta name=\"description\" content=\"Disfruta de los establecimientos comerciales de Lloret, donde encontrar\u00e1s la variedad de productos y la atenci\u00f3n que mereces. El comercio de Lloret de Mar, con un millar de establecimientos comerciales, representa el segundo motor econ\u00f3mico de la poblaci\u00f3n. La oferta comercial de Lloret es amplia y diversa, y se puede encontrar toda clase de art\u00edculos&hellip;\" \/>\n<meta name=\"robots\" content=\"index, follow, max-snippet:-1, max-image-preview:large, max-video-preview:-1\" \/>\n<link rel=\"canonical\" href=\"https:\/\/lloretdemar.org\/es\/que-hacer-en-lloret\/lloret-de-mar-de-dia\/compras\/\" \/>\n<meta property=\"og:locale\" content=\"es_ES\" \/>\n<meta property=\"og:type\" content=\"article\" \/>\n<meta property=\"og:title\" content=\"Compras - Lloret de Mar\" \/>\n<meta property=\"og:description\" content=\"Disfruta de los establecimientos comerciales de Lloret, donde encontrar\u00e1s la variedad de productos y la atenci\u00f3n que mereces. El comercio de Lloret de Mar, con un millar de establecimientos comerciales, representa el segundo motor econ\u00f3mico de la poblaci\u00f3n. La oferta comercial de Lloret es amplia y diversa, y se puede encontrar toda clase de art\u00edculos&hellip;\" \/>\n<meta property=\"og:url\" content=\"https:\/\/lloretdemar.org\/es\/que-hacer-en-lloret\/lloret-de-mar-de-dia\/compras\/\" \/>\n<meta property=\"og:site_name\" content=\"Lloret de Mar\" \/>\n<meta property=\"article:publisher\" content=\"https:\/\/www.facebook.com\/Lloretturisme\" \/>\n<meta property=\"article:modified_time\" content=\"2020-11-04T16:17:24+00:00\" \/>\n<meta property=\"og:image\" content=\"https:\/\/lloretdemar.org\/wp-content\/uploads\/2020\/02\/slide-04.jpg\" \/>\n\t<meta property=\"og:image:width\" content=\"1920\" \/>\n\t<meta property=\"og:image:height\" content=\"885\" \/>\n\t<meta property=\"og:image:type\" content=\"image\/jpeg\" \/>\n<meta name=\"twitter:card\" content=\"summary_large_image\" \/>\n<meta name=\"twitter:site\" content=\"@lloretturisme\" \/>\n<meta name=\"twitter:label1\" content=\"Tiempo de lectura\" \/>\n\t<meta name=\"twitter:data1\" content=\"1 minuto\" \/>\n<script type=\"application\/ld+json\" class=\"yoast-schema-graph\">{\"@context\":\"https:\\\/\\\/schema.org\",\"@graph\":[{\"@type\":\"WebPage\",\"@id\":\"https:\\\/\\\/lloretdemar.org\\\/es\\\/que-hacer-en-lloret\\\/lloret-de-mar-de-dia\\\/compras\\\/\",\"url\":\"https:\\\/\\\/lloretdemar.org\\\/es\\\/que-hacer-en-lloret\\\/lloret-de-mar-de-dia\\\/compras\\\/\",\"name\":\"Compras - Lloret de Mar\",\"isPartOf\":{\"@id\":\"https:\\\/\\\/lloretdemar.org\\\/es\\\/#website\"},\"datePublished\":\"2020-01-27T08:21:18+00:00\",\"dateModified\":\"2020-11-04T16:17:24+00:00\",\"description\":\"Lloret de Mar\",\"breadcrumb\":{\"@id\":\"https:\\\/\\\/lloretdemar.org\\\/es\\\/que-hacer-en-lloret\\\/lloret-de-mar-de-dia\\\/compras\\\/#breadcrumb\"},\"inLanguage\":\"es\",\"potentialAction\":[{\"@type\":\"ReadAction\",\"target\":[\"https:\\\/\\\/lloretdemar.org\\\/es\\\/que-hacer-en-lloret\\\/lloret-de-mar-de-dia\\\/compras\\\/\"]}]},{\"@type\":\"BreadcrumbList\",\"@id\":\"https:\\\/\\\/lloretdemar.org\\\/es\\\/que-hacer-en-lloret\\\/lloret-de-mar-de-dia\\\/compras\\\/#breadcrumb\",\"itemListElement\":[{\"@type\":\"ListItem\",\"position\":1,\"name\":\"Home\",\"item\":\"https:\\\/\\\/lloretdemar.org\\\/es\\\/\"},{\"@type\":\"ListItem\",\"position\":2,\"name\":\"Qu\u00e9 hacer en Lloret\",\"item\":\"https:\\\/\\\/lloretdemar.org\\\/es\\\/que-hacer-en-lloret\\\/\"},{\"@type\":\"ListItem\",\"position\":3,\"name\":\"Lloret de Mar de D\u00eda\",\"item\":\"https:\\\/\\\/lloretdemar.org\\\/es\\\/que-hacer-en-lloret\\\/lloret-de-mar-de-dia\\\/\"},{\"@type\":\"ListItem\",\"position\":4,\"name\":\"Compras\"}]},{\"@type\":\"WebSite\",\"@id\":\"https:\\\/\\\/lloretdemar.org\\\/es\\\/#website\",\"url\":\"https:\\\/\\\/lloretdemar.org\\\/es\\\/\",\"name\":\"Lloret de Mar\",\"description\":\"\",\"publisher\":{\"@id\":\"https:\\\/\\\/lloretdemar.org\\\/es\\\/#organization\"},\"potentialAction\":[{\"@type\":\"SearchAction\",\"target\":{\"@type\":\"EntryPoint\",\"urlTemplate\":\"https:\\\/\\\/lloretdemar.org\\\/es\\\/?s={search_term_string}\"},\"query-input\":{\"@type\":\"PropertyValueSpecification\",\"valueRequired\":true,\"valueName\":\"search_term_string\"}}],\"inLanguage\":\"es\"},{\"@type\":\"Organization\",\"@id\":\"https:\\\/\\\/lloretdemar.org\\\/es\\\/#organization\",\"name\":\"Lloret de Mar\",\"url\":\"https:\\\/\\\/lloretdemar.org\\\/es\\\/\",\"logo\":{\"@type\":\"ImageObject\",\"inLanguage\":\"es\",\"@id\":\"https:\\\/\\\/lloretdemar.org\\\/es\\\/#\\\/schema\\\/logo\\\/image\\\/\",\"url\":\"https:\\\/\\\/lloretdemar.org\\\/wp-content\\\/uploads\\\/2020\\\/05\\\/lloret-de-mar-logo.png\",\"contentUrl\":\"https:\\\/\\\/lloretdemar.org\\\/wp-content\\\/uploads\\\/2020\\\/05\\\/lloret-de-mar-logo.png\",\"width\":87,\"height\":38,\"caption\":\"Lloret de Mar\"},\"image\":{\"@id\":\"https:\\\/\\\/lloretdemar.org\\\/es\\\/#\\\/schema\\\/logo\\\/image\\\/\"},\"sameAs\":[\"https:\\\/\\\/www.facebook.com\\\/Lloretturisme\",\"https:\\\/\\\/x.com\\\/lloretturisme\",\"https:\\\/\\\/instagram.com\\\/lloretturisme\",\"https:\\\/\\\/www.youtube.com\\\/LloretTurisme\"]}]}<\/script>\n<!-- \/ Yoast SEO plugin. -->","yoast_head_json":{"title":"Compras - Lloret de Mar","description":"Disfruta de los establecimientos comerciales de Lloret, donde encontrar\u00e1s la variedad de productos y la atenci\u00f3n que mereces. El comercio de Lloret de Mar, con un millar de establecimientos comerciales, representa el segundo motor econ\u00f3mico de la poblaci\u00f3n. La oferta comercial de Lloret es amplia y diversa, y se puede encontrar toda clase de art\u00edculos&hellip;","robots":{"index":"index","follow":"follow","max-snippet":"max-snippet:-1","max-image-preview":"max-image-preview:large","max-video-preview":"max-video-preview:-1"},"canonical":"https:\/\/lloretdemar.org\/es\/que-hacer-en-lloret\/lloret-de-mar-de-dia\/compras\/","og_locale":"es_ES","og_type":"article","og_title":"Compras - Lloret de Mar","og_description":"Disfruta de los establecimientos comerciales de Lloret, donde encontrar\u00e1s la variedad de productos y la atenci\u00f3n que mereces. El comercio de Lloret de Mar, con un millar de establecimientos comerciales, representa el segundo motor econ\u00f3mico de la poblaci\u00f3n. La oferta comercial de Lloret es amplia y diversa, y se puede encontrar toda clase de art\u00edculos&hellip;","og_url":"https:\/\/lloretdemar.org\/es\/que-hacer-en-lloret\/lloret-de-mar-de-dia\/compras\/","og_site_name":"Lloret de Mar","article_publisher":"https:\/\/www.facebook.com\/Lloretturisme","article_modified_time":"2020-11-04T16:17:24+00:00","og_image":[{"width":1920,"height":885,"url":"https:\/\/lloretdemar.org\/wp-content\/uploads\/2020\/02\/slide-04.jpg","type":"image\/jpeg"}],"twitter_card":"summary_large_image","twitter_site":"@lloretturisme","twitter_misc":{"Tiempo de lectura":"1 minuto"},"schema":{"@context":"https:\/\/schema.org","@graph":[{"@type":"WebPage","@id":"https:\/\/lloretdemar.org\/es\/que-hacer-en-lloret\/lloret-de-mar-de-dia\/compras\/","url":"https:\/\/lloretdemar.org\/es\/que-hacer-en-lloret\/lloret-de-mar-de-dia\/compras\/","name":"Compras - Lloret de Mar","isPartOf":{"@id":"https:\/\/lloretdemar.org\/es\/#website"},"datePublished":"2020-01-27T08:21:18+00:00","dateModified":"2020-11-04T16:17:24+00:00","description":"Lloret de Mar","breadcrumb":{"@id":"https:\/\/lloretdemar.org\/es\/que-hacer-en-lloret\/lloret-de-mar-de-dia\/compras\/#breadcrumb"},"inLanguage":"es","potentialAction":[{"@type":"ReadAction","target":["https:\/\/lloretdemar.org\/es\/que-hacer-en-lloret\/lloret-de-mar-de-dia\/compras\/"]}]},{"@type":"BreadcrumbList","@id":"https:\/\/lloretdemar.org\/es\/que-hacer-en-lloret\/lloret-de-mar-de-dia\/compras\/#breadcrumb","itemListElement":[{"@type":"ListItem","position":1,"name":"Home","item":"https:\/\/lloretdemar.org\/es\/"},{"@type":"ListItem","position":2,"name":"Qu\u00e9 hacer en Lloret","item":"https:\/\/lloretdemar.org\/es\/que-hacer-en-lloret\/"},{"@type":"ListItem","position":3,"name":"Lloret de Mar de D\u00eda","item":"https:\/\/lloretdemar.org\/es\/que-hacer-en-lloret\/lloret-de-mar-de-dia\/"},{"@type":"ListItem","position":4,"name":"Compras"}]},{"@type":"WebSite","@id":"https:\/\/lloretdemar.org\/es\/#website","url":"https:\/\/lloretdemar.org\/es\/","name":"Lloret de Mar","description":"","publisher":{"@id":"https:\/\/lloretdemar.org\/es\/#organization"},"potentialAction":[{"@type":"SearchAction","target":{"@type":"EntryPoint","urlTemplate":"https:\/\/lloretdemar.org\/es\/?s={search_term_string}"},"query-input":{"@type":"PropertyValueSpecification","valueRequired":true,"valueName":"search_term_string"}}],"inLanguage":"es"},{"@type":"Organization","@id":"https:\/\/lloretdemar.org\/es\/#organization","name":"Lloret de Mar","url":"https:\/\/lloretdemar.org\/es\/","logo":{"@type":"ImageObject","inLanguage":"es","@id":"https:\/\/lloretdemar.org\/es\/#\/schema\/logo\/image\/","url":"https:\/\/lloretdemar.org\/wp-content\/uploads\/2020\/05\/lloret-de-mar-logo.png","contentUrl":"https:\/\/lloretdemar.org\/wp-content\/uploads\/2020\/05\/lloret-de-mar-logo.png","width":87,"height":38,"caption":"Lloret de Mar"},"image":{"@id":"https:\/\/lloretdemar.org\/es\/#\/schema\/logo\/image\/"},"sameAs":["https:\/\/www.facebook.com\/Lloretturisme","https:\/\/x.com\/lloretturisme","https:\/\/instagram.com\/lloretturisme","https:\/\/www.youtube.com\/LloretTurisme"]}]}},"_links":{"self":[{"href":"https:\/\/lloretdemar.org\/es\/wp-json\/wp\/v2\/pages\/10137","targetHints":{"allow":["GET"]}}],"collection":[{"href":"https:\/\/lloretdemar.org\/es\/wp-json\/wp\/v2\/pages"}],"about":[{"href":"https:\/\/lloretdemar.org\/es\/wp-json\/wp\/v2\/types\/page"}],"author":[{"embeddable":true,"href":"https:\/\/lloretdemar.org\/es\/wp-json\/wp\/v2\/users\/12"}],"replies":[{"embeddable":true,"href":"https:\/\/lloretdemar.org\/es\/wp-json\/wp\/v2\/comments?post=10137"}],"version-history":[{"count":1,"href":"https:\/\/lloretdemar.org\/es\/wp-json\/wp\/v2\/pages\/10137\/revisions"}],"predecessor-version":[{"id":34157,"href":"https:\/\/lloretdemar.org\/es\/wp-json\/wp\/v2\/pages\/10137\/revisions\/34157"}],"up":[{"embeddable":true,"href":"https:\/\/lloretdemar.org\/es\/wp-json\/wp\/v2\/pages\/10091"}],"wp:attachment":[{"href":"https:\/\/lloretdemar.org\/es\/wp-json\/wp\/v2\/media?parent=10137"}],"curies":[{"name":"wp","href":"https:\/\/api.w.org\/{rel}","templated":true}]}}