{"id":10098,"date":"2020-01-27T09:38:43","date_gmt":"2020-01-27T08:38:43","guid":{"rendered":"http:\/\/lloretdemar.org\/lloret-de-mar-de-nit\/"},"modified":"2022-05-24T13:44:48","modified_gmt":"2022-05-24T11:44:48","slug":"lloret-de-mar-de-noche","status":"publish","type":"page","link":"https:\/\/lloretdemar.org\/es\/que-hacer-en-lloret\/lloret-de-mar-de-noche\/","title":{"rendered":"Lloret de Mar de Noche"},"content":{"rendered":"","protected":false},"excerpt":{"rendered":"","protected":false},"author":12,"featured_media":0,"parent":1071,"menu_order":0,"comment_status":"closed","ping_status":"closed","template":"page-templates\/dia-nit.php","meta":{"_acf_changed":false,"content-type":"","footnotes":""},"class_list":["post-10098","page","type-page","status-publish","hentry"],"acf":{"banner_imatge":5687,"banner_titol":"Lloret de Mar de Noche","banner_subtitol":"","botons_blanc_o_negres":"defecte","banner_links":[{"es_post":true,"banner_link":{"title":"Restaurants","url":"http:\/\/lloretdemar.org\/que-fer-a-lloret\/lloret-de-mar-de-dia\/gastronomia-local\/","target":"_blank"},"link_intern":4704,"link_intern_titol":"Gastronom\u00eda"},{"es_post":true,"banner_link":{"title":"Teatre","url":"http:\/\/lloretdemar.org\/cultura\/teatre\/","target":""},"link_intern":4689,"link_intern_titol":"Teatro"},{"es_post":true,"banner_link":{"title":"Casino","url":"http:\/\/lloretdemar.org\/cultura\/casino\/","target":""},"link_intern":4690,"link_intern_titol":"Casino"},{"es_post":true,"banner_link":{"title":"Bars","url":"http:\/\/lloretdemar.org\/activitat\/bars\/","target":""},"link_intern":4691,"link_intern_titol":"Bares"},{"es_post":true,"banner_link":{"title":"Discoteques","url":"http:\/\/lloretdemar.org\/activitat\/discoteques\/","target":""},"link_intern":4692,"link_intern_titol":"Discotecas"},{"es_post":true,"banner_link":{"title":"Festivals","url":"http:\/\/lloretdemar.org\/activitat\/festivals\/","target":""},"link_intern":12409,"link_intern_titol":"Festivales y eventos"}],"pagina_dia":10091,"pagina_dia_titol":"Lloret de Mar de D\u00eda","pagina_dia_descripcio":"Lloret de Mar te ofrece un mundo de posibilidades \u00fanicas para disfrutar de tus mejores noches.","titol_plans":"\u00a1Te proponemos los mejores planes!","subtitol_plans":"Elige con qui\u00e9n quieres venir y te proponemos mil opciones para disfrutar a fondo de Lloret de Mar","pagina_nit":10098,"pagina_nit_titol":"Lloret de Mar de Noche","pagina_nit_descripcio":"Lloret de Mar te ofrece un mundo de posibilidades \u00fanicas para disfrutar de tus mejores noches.","apartats":[{"acf_fc_layout":"mosaic_fletxa","titol":"Los Imprescindibles de la Noche","subsubtitol":"","subtitol":"Todo lo que no te puedes perder cuando se pone el sol","tots_text":"","tots_link":"","mosaic":[{"titol":"Teatro","subtitol":"","imatge":5694,"link_intern_o_extern":"intern","link_intern":4689,"link_extern":null},{"titol":"Casino","subtitol":"","imatge":5700,"link_intern_o_extern":"intern","link_intern":4690,"link_extern":null},{"titol":"Bares","subtitol":"","imatge":5697,"link_intern_o_extern":"intern","link_intern":4691,"link_extern":null},{"titol":"Discotecas","subtitol":"","imatge":5706,"link_intern_o_extern":"intern","link_intern":4692,"link_extern":null},{"titol":"Festivales y Eventos","subtitol":"","imatge":5709,"link_intern_o_extern":"intern","link_intern":12409,"link_extern":null},{"titol":"Gastronom\u00eda","subtitol":"","imatge":5691,"link_intern_o_extern":"intern","link_intern":4704,"link_extern":null},{"titol":"Outdoor Summer","subtitol":"","imatge":9692,"link_intern_o_extern":"intern","link_intern":4694,"link_extern":null},{"titol":"Clon Festival","subtitol":"","imatge":5703,"link_intern_o_extern":"intern","link_intern":"","link_extern":null}]},{"acf_fc_layout":"video","video":"","video_youtube":""},{"acf_fc_layout":"bloc_text","titol":"Lloret de Mar de Noche","subtitol":"Lloret de Mar te ofrece un mundo de posibilidades \u00fanicas para disfrutar de tus mejores noches.","descripcio":"Las sesiones de los DJ m\u00e1s internacionales, las mejores discotecas y pubs de la Costa Brava, los conciertos m\u00e1s espectaculares del momento, las terrazas y salas de fiesta con el mejor ambiente son algunos de los ejemplos que explican por qu\u00e9 Lloret de Mar es, desde hace muchos a\u00f1os, un icono del ocio nocturno en toda Europa.\r\n\r\nAdem\u00e1s, en Lloret encontrar\u00e1s un teatro con una programaci\u00f3n art\u00edstica de primer nivel y un casino donde pasar un buen rato.\r\n\r\nSin olvidar que nuestro calendario de actividades est\u00e1 lleno de ferias, festivales y eventos para disfrutar d\u00eda y noche.\r\n\r\nNo dejes que te lo cuenten y vive las noches de Lloret!"},{"acf_fc_layout":"banner_vols_venir","imatge_fons":908,"titol":"\u00bfQuieres venir a Lloret de Mar?","descripcio":"Organiza tu estancia perfecta","link":{"title":"Planifica tu viaje","url":"http:\/\/lloretdemar.org\/planifica-el-teu-viatge\/","target":""}},{"acf_fc_layout":"blocs_color","color_fons":"","imatge_fons":965,"titol":"","subtitol":"","blocs":[{"titol":"Informaci\u00f3n \u00fatil","subtitol":"Informaci\u00f3n pr\u00e1ctica para tu estancia en Lloret de Mar","descripcio":"","imatge":6476,"links":[{"link":{"title":"Horarios y festivos locales","url":"http:\/\/lloretdemar.org\/es\/sobre-lloret-de-mar\/informacio-practica-sobre-lloret-de-mar\/","target":"_blank"},"cta":"","boto_o_link":"link"},{"link":{"title":"Gesti\u00f3n de las playas en Lloret de Mar","url":"http:\/\/lloretdemar.org\/es\/que-fer-a-lloret\/lloret-de-mar-de-dia\/platges\/gestio-de-les-platges-a-lloret-de-mar\/","target":"_blank"},"cta":"","boto_o_link":"link"},{"link":{"title":"Directorio de empresas","url":"http:\/\/lloretdemar.org\/es\/sobre-lloret-de-mar\/directori-dempreses\/","target":"_blank"},"cta":"","boto_o_link":"boto"}]},{"titol":"Gu\u00edas y folletos tur\u00edsticos","subtitol":"Ideas para descubrir todo lo que Lloret de Mar te puede ofrecer","descripcio":"","imatge":6479,"links":[{"link":{"title":"Oficinas de turismo","url":"http:\/\/lloretdemar.org\/es\/planifica-el-teu-viatge\/oficines-de-turisme\/","target":"_blank"},"cta":"","boto_o_link":"link"}]}]}]},"yoast_head":"<!-- This site is optimized with the Yoast SEO plugin v27.5 - https:\/\/yoast.com\/product\/yoast-seo-wordpress\/ -->\n<title>Lloret de Mar de Noche - Lloret de Mar<\/title>\n<meta name=\"robots\" content=\"index, follow, max-snippet:-1, max-image-preview:large, max-video-preview:-1\" \/>\n<link rel=\"canonical\" href=\"https:\/\/lloretdemar.org\/es\/que-hacer-en-lloret\/lloret-de-mar-de-noche\/\" \/>\n<meta property=\"og:locale\" content=\"es_ES\" \/>\n<meta property=\"og:type\" content=\"article\" \/>\n<meta property=\"og:title\" content=\"Lloret de Mar de Noche - Lloret de Mar\" \/>\n<meta property=\"og:url\" content=\"https:\/\/lloretdemar.org\/es\/que-hacer-en-lloret\/lloret-de-mar-de-noche\/\" \/>\n<meta property=\"og:site_name\" content=\"Lloret de Mar\" \/>\n<meta property=\"article:publisher\" content=\"https:\/\/www.facebook.com\/Lloretturisme\" \/>\n<meta property=\"article:modified_time\" content=\"2022-05-24T11:44:48+00:00\" \/>\n<meta property=\"og:image\" content=\"https:\/\/lloretdemar.org\/wp-content\/uploads\/2020\/02\/slide-lloret-nit.jpg\" \/>\n\t<meta property=\"og:image:width\" content=\"1920\" \/>\n\t<meta property=\"og:image:height\" content=\"885\" \/>\n\t<meta property=\"og:image:type\" content=\"image\/jpeg\" \/>\n<meta name=\"twitter:card\" content=\"summary_large_image\" \/>\n<meta name=\"twitter:site\" content=\"@lloretturisme\" \/>\n<script type=\"application\/ld+json\" class=\"yoast-schema-graph\">{\"@context\":\"https:\\\/\\\/schema.org\",\"@graph\":[{\"@type\":\"WebPage\",\"@id\":\"https:\\\/\\\/lloretdemar.org\\\/es\\\/que-hacer-en-lloret\\\/lloret-de-mar-de-noche\\\/\",\"url\":\"https:\\\/\\\/lloretdemar.org\\\/es\\\/que-hacer-en-lloret\\\/lloret-de-mar-de-noche\\\/\",\"name\":\"Lloret de Mar de Noche - Lloret de Mar\",\"isPartOf\":{\"@id\":\"https:\\\/\\\/lloretdemar.org\\\/es\\\/#website\"},\"datePublished\":\"2020-01-27T08:38:43+00:00\",\"dateModified\":\"2022-05-24T11:44:48+00:00\",\"description\":\"Lloret de Mar\",\"breadcrumb\":{\"@id\":\"https:\\\/\\\/lloretdemar.org\\\/es\\\/que-hacer-en-lloret\\\/lloret-de-mar-de-noche\\\/#breadcrumb\"},\"inLanguage\":\"es\",\"potentialAction\":[{\"@type\":\"ReadAction\",\"target\":[\"https:\\\/\\\/lloretdemar.org\\\/es\\\/que-hacer-en-lloret\\\/lloret-de-mar-de-noche\\\/\"]}]},{\"@type\":\"BreadcrumbList\",\"@id\":\"https:\\\/\\\/lloretdemar.org\\\/es\\\/que-hacer-en-lloret\\\/lloret-de-mar-de-noche\\\/#breadcrumb\",\"itemListElement\":[{\"@type\":\"ListItem\",\"position\":1,\"name\":\"Home\",\"item\":\"https:\\\/\\\/lloretdemar.org\\\/es\\\/\"},{\"@type\":\"ListItem\",\"position\":2,\"name\":\"Qu\u00e9 hacer en Lloret\",\"item\":\"https:\\\/\\\/lloretdemar.org\\\/es\\\/que-hacer-en-lloret\\\/\"},{\"@type\":\"ListItem\",\"position\":3,\"name\":\"Lloret de Mar de Noche\"}]},{\"@type\":\"WebSite\",\"@id\":\"https:\\\/\\\/lloretdemar.org\\\/es\\\/#website\",\"url\":\"https:\\\/\\\/lloretdemar.org\\\/es\\\/\",\"name\":\"Lloret de Mar\",\"description\":\"\",\"publisher\":{\"@id\":\"https:\\\/\\\/lloretdemar.org\\\/es\\\/#organization\"},\"potentialAction\":[{\"@type\":\"SearchAction\",\"target\":{\"@type\":\"EntryPoint\",\"urlTemplate\":\"https:\\\/\\\/lloretdemar.org\\\/es\\\/?s={search_term_string}\"},\"query-input\":{\"@type\":\"PropertyValueSpecification\",\"valueRequired\":true,\"valueName\":\"search_term_string\"}}],\"inLanguage\":\"es\"},{\"@type\":\"Organization\",\"@id\":\"https:\\\/\\\/lloretdemar.org\\\/es\\\/#organization\",\"name\":\"Lloret de Mar\",\"url\":\"https:\\\/\\\/lloretdemar.org\\\/es\\\/\",\"logo\":{\"@type\":\"ImageObject\",\"inLanguage\":\"es\",\"@id\":\"https:\\\/\\\/lloretdemar.org\\\/es\\\/#\\\/schema\\\/logo\\\/image\\\/\",\"url\":\"https:\\\/\\\/lloretdemar.org\\\/wp-content\\\/uploads\\\/2020\\\/05\\\/lloret-de-mar-logo.png\",\"contentUrl\":\"https:\\\/\\\/lloretdemar.org\\\/wp-content\\\/uploads\\\/2020\\\/05\\\/lloret-de-mar-logo.png\",\"width\":87,\"height\":38,\"caption\":\"Lloret de Mar\"},\"image\":{\"@id\":\"https:\\\/\\\/lloretdemar.org\\\/es\\\/#\\\/schema\\\/logo\\\/image\\\/\"},\"sameAs\":[\"https:\\\/\\\/www.facebook.com\\\/Lloretturisme\",\"https:\\\/\\\/x.com\\\/lloretturisme\",\"https:\\\/\\\/instagram.com\\\/lloretturisme\",\"https:\\\/\\\/www.youtube.com\\\/LloretTurisme\"]}]}<\/script>\n<!-- \/ Yoast SEO plugin. -->","yoast_head_json":{"title":"Lloret de Mar de Noche - Lloret de Mar","robots":{"index":"index","follow":"follow","max-snippet":"max-snippet:-1","max-image-preview":"max-image-preview:large","max-video-preview":"max-video-preview:-1"},"canonical":"https:\/\/lloretdemar.org\/es\/que-hacer-en-lloret\/lloret-de-mar-de-noche\/","og_locale":"es_ES","og_type":"article","og_title":"Lloret de Mar de Noche - Lloret de Mar","og_url":"https:\/\/lloretdemar.org\/es\/que-hacer-en-lloret\/lloret-de-mar-de-noche\/","og_site_name":"Lloret de Mar","article_publisher":"https:\/\/www.facebook.com\/Lloretturisme","article_modified_time":"2022-05-24T11:44:48+00:00","og_image":[{"width":1920,"height":885,"url":"https:\/\/lloretdemar.org\/wp-content\/uploads\/2020\/02\/slide-lloret-nit.jpg","type":"image\/jpeg"}],"twitter_card":"summary_large_image","twitter_site":"@lloretturisme","schema":{"@context":"https:\/\/schema.org","@graph":[{"@type":"WebPage","@id":"https:\/\/lloretdemar.org\/es\/que-hacer-en-lloret\/lloret-de-mar-de-noche\/","url":"https:\/\/lloretdemar.org\/es\/que-hacer-en-lloret\/lloret-de-mar-de-noche\/","name":"Lloret de Mar de Noche - Lloret de Mar","isPartOf":{"@id":"https:\/\/lloretdemar.org\/es\/#website"},"datePublished":"2020-01-27T08:38:43+00:00","dateModified":"2022-05-24T11:44:48+00:00","description":"Lloret de Mar","breadcrumb":{"@id":"https:\/\/lloretdemar.org\/es\/que-hacer-en-lloret\/lloret-de-mar-de-noche\/#breadcrumb"},"inLanguage":"es","potentialAction":[{"@type":"ReadAction","target":["https:\/\/lloretdemar.org\/es\/que-hacer-en-lloret\/lloret-de-mar-de-noche\/"]}]},{"@type":"BreadcrumbList","@id":"https:\/\/lloretdemar.org\/es\/que-hacer-en-lloret\/lloret-de-mar-de-noche\/#breadcrumb","itemListElement":[{"@type":"ListItem","position":1,"name":"Home","item":"https:\/\/lloretdemar.org\/es\/"},{"@type":"ListItem","position":2,"name":"Qu\u00e9 hacer en Lloret","item":"https:\/\/lloretdemar.org\/es\/que-hacer-en-lloret\/"},{"@type":"ListItem","position":3,"name":"Lloret de Mar de Noche"}]},{"@type":"WebSite","@id":"https:\/\/lloretdemar.org\/es\/#website","url":"https:\/\/lloretdemar.org\/es\/","name":"Lloret de Mar","description":"","publisher":{"@id":"https:\/\/lloretdemar.org\/es\/#organization"},"potentialAction":[{"@type":"SearchAction","target":{"@type":"EntryPoint","urlTemplate":"https:\/\/lloretdemar.org\/es\/?s={search_term_string}"},"query-input":{"@type":"PropertyValueSpecification","valueRequired":true,"valueName":"search_term_string"}}],"inLanguage":"es"},{"@type":"Organization","@id":"https:\/\/lloretdemar.org\/es\/#organization","name":"Lloret de Mar","url":"https:\/\/lloretdemar.org\/es\/","logo":{"@type":"ImageObject","inLanguage":"es","@id":"https:\/\/lloretdemar.org\/es\/#\/schema\/logo\/image\/","url":"https:\/\/lloretdemar.org\/wp-content\/uploads\/2020\/05\/lloret-de-mar-logo.png","contentUrl":"https:\/\/lloretdemar.org\/wp-content\/uploads\/2020\/05\/lloret-de-mar-logo.png","width":87,"height":38,"caption":"Lloret de Mar"},"image":{"@id":"https:\/\/lloretdemar.org\/es\/#\/schema\/logo\/image\/"},"sameAs":["https:\/\/www.facebook.com\/Lloretturisme","https:\/\/x.com\/lloretturisme","https:\/\/instagram.com\/lloretturisme","https:\/\/www.youtube.com\/LloretTurisme"]}]}},"_links":{"self":[{"href":"https:\/\/lloretdemar.org\/es\/wp-json\/wp\/v2\/pages\/10098","targetHints":{"allow":["GET"]}}],"collection":[{"href":"https:\/\/lloretdemar.org\/es\/wp-json\/wp\/v2\/pages"}],"about":[{"href":"https:\/\/lloretdemar.org\/es\/wp-json\/wp\/v2\/types\/page"}],"author":[{"embeddable":true,"href":"https:\/\/lloretdemar.org\/es\/wp-json\/wp\/v2\/users\/12"}],"replies":[{"embeddable":true,"href":"https:\/\/lloretdemar.org\/es\/wp-json\/wp\/v2\/comments?post=10098"}],"version-history":[{"count":2,"href":"https:\/\/lloretdemar.org\/es\/wp-json\/wp\/v2\/pages\/10098\/revisions"}],"predecessor-version":[{"id":29243,"href":"https:\/\/lloretdemar.org\/es\/wp-json\/wp\/v2\/pages\/10098\/revisions\/29243"}],"up":[{"embeddable":true,"href":"https:\/\/lloretdemar.org\/es\/wp-json\/wp\/v2\/pages\/1071"}],"acf:post":[{"embeddable":true,"href":"https:\/\/lloretdemar.org\/es\/wp-json\/wp\/v2\/pages\/10098"},{"embeddable":true,"href":"https:\/\/lloretdemar.org\/es\/wp-json\/wp\/v2\/pages\/10091"}],"wp:attachment":[{"href":"https:\/\/lloretdemar.org\/es\/wp-json\/wp\/v2\/media?parent=10098"}],"curies":[{"name":"wp","href":"https:\/\/api.w.org\/{rel}","templated":true}]}}