{"id":10084,"date":"2020-01-23T13:43:21","date_gmt":"2020-01-23T12:43:21","guid":{"rendered":"http:\/\/lloretdemar.org\/lloret-de-mar-de-dia\/cultura\/moll-museu-obert-de-lloret\/"},"modified":"2022-09-05T14:13:33","modified_gmt":"2022-09-05T12:13:33","slug":"moll-museo-abierto-de-lloret","status":"publish","type":"page","link":"https:\/\/lloretdemar.org\/es\/que-hacer-en-lloret\/lloret-de-mar-de-dia\/cultura\/moll-museo-abierto-de-lloret\/","title":{"rendered":"MOLL: Museo Abierto de Lloret"},"content":{"rendered":"\n<p>Lloret de Mar es como un museo abierto: descubrir\u00e1s su historia a medida que recorras sus calles y plazas. Pasea por la ciudad, sum\u00e9rgete en su pasado y conoce su historia, su cultura y su gente.<br> <br> No te sientas como un observador: ac\u00e9rcate al patrimonio de Lloret y v\u00edvelo como uno m\u00e1s.<\/p>\n\n\n\n<div style=\"height:40px\" aria-hidden=\"true\" class=\"wp-block-spacer\"><\/div>\n\n\n\n<div class=\"wp-block-buttons is-content-justification-center is-layout-flex wp-container-core-buttons-is-layout-16018d1d wp-block-buttons-is-layout-flex\">\n<div class=\"wp-block-button agenda-btn\"><a class=\"wp-block-button__link has-background\" href=\"https:\/\/maps.lloretdemar.org\/es\/moll-museo-abierto-de-lloret\" style=\"border-radius:0px;background-color:#4798e9\">Gu\u00eda interactiva<\/a><\/div>\n<\/div>\n","protected":false},"excerpt":{"rendered":"<p>Lloret de Mar es como un museo abierto: descubrir\u00e1s su historia a medida que recorras sus calles y plazas. Pasea por la ciudad, sum\u00e9rgete en su pasado y conoce su historia, su cultura y su gente. No te sientas como un observador: ac\u00e9rcate al patrimonio de Lloret y v\u00edvelo como uno m\u00e1s.<\/p>\n","protected":false},"author":12,"featured_media":0,"parent":10077,"menu_order":0,"comment_status":"closed","ping_status":"closed","template":"page-templates\/mouret-15.php","meta":{"_acf_changed":false,"content-type":"","footnotes":""},"class_list":["post-10084","page","type-page","status-publish","hentry"],"acf":{"banner_imatge":5887,"banner_titol":"MOLL: Museo Abierto de Lloret","banner_subtitol":"","botons_blanc_o_negres":"defecte","banner_links":[{"es_post":false,"banner_link":{"title":"Jardines de Santa Clotilde","url":"http:\/\/lloretdemar.org\/es\/cultura\/jardins-de-santa-clotilde\/","target":""},"link_intern":null,"link_intern_titol":""},{"es_post":false,"banner_link":{"title":"Museo del Mar - Can Garriga","url":"https:\/\/lloretdemar.org\/es\/cultura\/museo-del-mar-can-garriga\/","target":""},"link_intern":null,"link_intern_titol":""},{"es_post":false,"banner_link":{"title":"Centro Hist\u00f3rico","url":"http:\/\/lloretdemar.org\/es\/cultura\/centre-historic\/","target":""},"link_intern":null,"link_intern_titol":""},{"es_post":false,"banner_link":{"title":"Iglesia parroquial de Sant Rom\u00e0","url":"http:\/\/lloretdemar.org\/es\/cultura\/esglesia-parroquial-de-sant-roma\/","target":""},"link_intern":null,"link_intern_titol":""},{"es_post":false,"banner_link":{"title":"Cementerio modernista","url":"http:\/\/lloretdemar.org\/es\/cultura\/cementiri-modernista\/","target":""},"link_intern":null,"link_intern_titol":""},{"es_post":false,"banner_link":{"title":"Can Font","url":"http:\/\/lloretdemar.org\/es\/cultura\/can-font\/","target":""},"link_intern":null,"link_intern_titol":""},{"es_post":false,"banner_link":{"title":"Ermita de Santa Cristina","url":"http:\/\/lloretdemar.org\/es\/cultura\/ermita-de-santa-cristina\/","target":""},"link_intern":null,"link_intern_titol":""},{"es_post":false,"banner_link":{"title":"Es Tint","url":"http:\/\/lloretdemar.org\/es\/cultura\/es-tint\/","target":""},"link_intern":null,"link_intern_titol":""},{"es_post":false,"banner_link":{"title":"Can Saragossa","url":"http:\/\/lloretdemar.org\/es\/cultura\/can-saragossa\/","target":""},"link_intern":null,"link_intern_titol":""},{"es_post":false,"banner_link":{"title":"Castillo de Sant Joan","url":"http:\/\/lloretdemar.org\/es\/cultura\/castell-de-sant-joan\/","target":""},"link_intern":null,"link_intern_titol":""},{"es_post":false,"banner_link":{"title":"Tur\u00f3 Rod\u00f3","url":"http:\/\/lloretdemar.org\/es\/cultura\/turo-rodo\/","target":""},"link_intern":null,"link_intern_titol":""},{"es_post":false,"banner_link":{"title":"Ermita de las Alegrias","url":"http:\/\/lloretdemar.org\/es\/cultura\/ermita-de-les-alegries\/","target":""},"link_intern":null,"link_intern_titol":""},{"es_post":false,"banner_link":{"title":"Sant Pere del Bosc","url":"http:\/\/lloretdemar.org\/es\/cultura\/sant-pere-del-bosc\/","target":""},"link_intern":null,"link_intern_titol":""},{"es_post":false,"banner_link":{"title":"Ermita de Sant Quirze","url":"http:\/\/lloretdemar.org\/es\/cultura\/ermita-de-sant-quirze\/","target":""},"link_intern":null,"link_intern_titol":""},{"es_post":false,"banner_link":{"title":"Capilla dels Sants Metges","url":"http:\/\/lloretdemar.org\/es\/cultura\/capella-dels-sants-metges\/","target":""},"link_intern":null,"link_intern_titol":""},{"es_post":false,"banner_link":{"title":"Yacimiento de Puig de Castellet","url":"http:\/\/lloretdemar.org\/es\/cultura\/jaciment-de-puig-de-castellet\/","target":""},"link_intern":null,"link_intern_titol":""},{"es_post":false,"banner_link":{"title":"Ayuntamiento","url":"http:\/\/lloretdemar.org\/es\/cultura\/ajuntament\/","target":""},"link_intern":null,"link_intern_titol":""}],"blocs":[{"titol":"Jardines de Santa Clotilde","descripcio":"Situados encima de un acantilado entre Cala Boadella y la Playa de Fenals y con unas impresionantes vistas sobre el mar, no te puedes perder uno de los tesoros mejor guardados de Lloret de Mar.","imatge":4397,"es_enllac_intern_o_extern":"intern","link_intern":{"title":" M\u00e1s informaci\u00f3n","url":"https:\/\/lloretdemar.org\/es\/cultura\/jardines-de-santa-clotilde\/","target":""},"link_extern":"","link_extern_text":""},{"titol":"Museo del Mar - Can Garriga","descripcio":"Situada en el paseo mar\u00edtimo, en primera l\u00ednea de mar, Can Garriga es una de las casas indianas m\u00e1s relevantes de Lloret de Mar. Actualmente esta casa, y su casa vecina, alojan el Museo del Mar, un espacio que explica el v\u00ednculo de Lloret de Mar con el mar.","imatge":4400,"es_enllac_intern_o_extern":"intern","link_intern":{"title":" M\u00e1s informaci\u00f3n","url":"https:\/\/lloretdemar.org\/es\/cultura\/museo-del-mar-can-garriga\/","target":""},"link_extern":"","link_extern_text":""},{"titol":"Centro Hist\u00f3rico","descripcio":"Te proponemos una ruta para conocer de cerca el patrimonio m\u00e1s interesante del centro hist\u00f3rico de Lloret de Mar.\r\n\r\nDesde el museo del Mar, casa indiana donde podr\u00e1s conocer la historia de nuestra ciudad vinculada con el mar y las Am\u00e9ricas, o el paseo Moss\u00e8n Jacint Verdaguer hasta llegar al Ayuntamiento.","imatge":6047,"es_enllac_intern_o_extern":"intern","link_intern":{"title":" M\u00e1s informaci\u00f3n","url":"https:\/\/lloretdemar.org\/es\/cultura\/centro-historico\/","target":""},"link_extern":"","link_extern_text":""},{"titol":"Iglesia parroquial de Sant Rom\u00e0","descripcio":"Caminando por el centro hist\u00f3rico de Lloret de Mar te encuentras la iglesia de San Romano, patr\u00f3n de Lloret de Mar y un ejemplo patrimonial reflejo de dos \u00e9pocas de construcci\u00f3n y arquitectura muy diferentes.","imatge":4403,"es_enllac_intern_o_extern":"intern","link_intern":{"title":" M\u00e1s informaci\u00f3n","url":"https:\/\/lloretdemar.org\/es\/cultura\/iglesia-parroquial-de-sant-roma\/","target":""},"link_extern":"","link_extern_text":""},{"titol":"Cementerio modernista","descripcio":"El cementerio de Lloret de Mar pertenece a la Ruta Europea de Cementerios y est\u00e1 declarado como Bien de Inter\u00e9s Cultural. Es uno de los principales ejemplos de arte f\u00fanebre del s.XIX de Catalu\u00f1a y conserva una importante huella indiana.","imatge":4406,"es_enllac_intern_o_extern":"intern","link_intern":{"title":" M\u00e1s informaci\u00f3n","url":"https:\/\/lloretdemar.org\/es\/cultura\/cementerio-modernista\/","target":""},"link_extern":"","link_extern_text":""},{"titol":"Can Font","descripcio":"Can Font es un edificio de estilo modernista, conocido tambi\u00e9n como Cal Conde o Can Piuet. Fue construida en 1877 por encargo de Nicolau Font y Mayo, su primer propietario.","imatge":4409,"es_enllac_intern_o_extern":"intern","link_intern":{"title":" M\u00e1s informaci\u00f3n","url":"https:\/\/lloretdemar.org\/es\/cultura\/can-font\/","target":""},"link_extern":"","link_extern_text":""},{"titol":"Ermita de Santa Cristina","descripcio":"La primera noticia que tenemos es de 1376, pero el templo actual es de finales del siglo XVIII. Es de estilo neocl\u00e1sico y tiene un riqu\u00edsimo altar mayor de m\u00e1rmol hecho en Italia y una interesante colecci\u00f3n de exvotos y de barcos en miniatura.","imatge":4412,"es_enllac_intern_o_extern":"intern","link_intern":{"title":" M\u00e1s informaci\u00f3n","url":"https:\/\/lloretdemar.org\/es\/cultura\/ermita-de-santa-cristina\/","target":""},"link_extern":"","link_extern_text":""},{"titol":"Ermita de les Alegries","descripcio":"Esta peque\u00f1a ermita fue la primera parroquia de nuestra villa desde que se consagr\u00f3 en 1079 hasta el a\u00f1o 1522, cuando se traslad\u00f3 a su ubicaci\u00f3n actual a 2,5 km del centro.","imatge":5922,"es_enllac_intern_o_extern":"intern","link_intern":{"title":" M\u00e1s informaci\u00f3n","url":"https:\/\/lloretdemar.org\/es\/cultura\/ermita-de-les-alegries\/","target":""},"link_extern":"","link_extern_text":""},{"titol":"Es Tint","descripcio":"Actual sede de la Cofrad\u00eda de Pescadores de Lloret de Mar, se sit\u00faa en el centro del municipio, y conserva su estado original como espacio donde los pescadores acud\u00edan a te\u00f1ir sus redes de pesca.","imatge":4818,"es_enllac_intern_o_extern":"intern","link_intern":{"title":" M\u00e1s informaci\u00f3n","url":"https:\/\/lloretdemar.org\/es\/cultura\/es-tint\/","target":""},"link_extern":"","link_extern_text":""},{"titol":"Can Saragossa","descripcio":"La mas\u00eda de Can Zaragoza se sit\u00faa encima de una peque\u00f1a colina, rodeada de bosques y jardines. En primavera, cuando todo comienza a florecer, se convierte en un \"must\".","imatge":4415,"es_enllac_intern_o_extern":"intern","link_intern":{"title":" M\u00e1s informaci\u00f3n","url":"https:\/\/lloretdemar.org\/es\/cultura\/can-saragossa\/","target":""},"link_extern":"","link_extern_text":""},{"titol":"Castillo de Sant Joan","descripcio":"Situado en la cima de la monta\u00f1a que separa las playas de Lloret de Mar y Fenals, es una torre emblem\u00e1tica del municipio la construcci\u00f3n data del siglo XI dC.","imatge":4418,"es_enllac_intern_o_extern":"intern","link_intern":{"title":" M\u00e1s informaci\u00f3n","url":"https:\/\/lloretdemar.org\/es\/cultura\/castillo-de-sant-joan\/","target":""},"link_extern":"","link_extern_text":""},{"titol":"Tur\u00f3 Rod\u00f3","descripcio":"El poblado de Tur\u00f3 Rod\u00f3 (s. III aC) es uno de los tres yacimientos \u00edberos que se encuentran en el municipio de Lloret de Mar y el m\u00e1s cercano al n\u00facleo de la poblaci\u00f3n. Este peque\u00f1o poblado \u00edbero se sit\u00faa sobre un peque\u00f1o promontorio peninsular de 40 metros de altura, justo detr\u00e1s del ic\u00f3nico Castillo de en Playa.","imatge":5925,"es_enllac_intern_o_extern":"intern","link_intern":{"title":" M\u00e1s informaci\u00f3n","url":"https:\/\/lloretdemar.org\/es\/cultura\/turo-rodo\/","target":""},"link_extern":"","link_extern_text":""},{"titol":"Sant Pere del Bosc","descripcio":"A 5 km del centro de Lloret de Mar, rodeado por la naturaleza, encontramos el hotel-restaurante de San Pedro del Bosque, recuperado de un antiguo Monasterio Benedictino del siglo X y reconstruido por Puig i Cadafalch en el XIX.","imatge":6027,"es_enllac_intern_o_extern":"intern","link_intern":{"title":" M\u00e1s informaci\u00f3n","url":"https:\/\/lloretdemar.org\/es\/cultura\/sant-pere-del-bosc\/","target":""},"link_extern":"","link_extern_text":""},{"titol":"Ermita de Sant Quirze","descripcio":"Situada a 200 metros del cementerio y a 1 km del centro es anterior al siglo XI y no tiene unidad de estilo. Al borde de esta ermita, se han encontrado fragmentos de cer\u00e1mica romana, una moneda de Constantino y diversas sepulturas.","imatge":4424,"es_enllac_intern_o_extern":"intern","link_intern":{"title":" M\u00e1s informaci\u00f3n","url":"https:\/\/lloretdemar.org\/es\/cultura\/ermita-de-sant-quirze\/","target":""},"link_extern":"","link_extern_text":""},{"titol":"Capilla dels Sants Metges","descripcio":"Esta peque\u00f1a capilla pertenec\u00eda al antiguo hospital de beneficencia de Lloret, que fue fundado en 1445 por Narciso Olivos, can\u00f3nigo de la catedral de Girona y administrador de la Pabordia del mes de noviembre y, como tal, se\u00f1or del territorio de Lloret.","imatge":5928,"es_enllac_intern_o_extern":"intern","link_intern":{"title":" M\u00e1s informaci\u00f3n","url":"https:\/\/lloretdemar.org\/es\/cultura\/capilla-dels-sants-metges\/","target":""},"link_extern":"","link_extern_text":""},{"titol":"Yacimiento de Puig de Castellet","descripcio":"El Yacimiento de Puig de Castellet, que data del siglo III a. de C., est\u00e1 situado a 2 kil\u00f3metros del n\u00facleo de Lloret de Mar en una zona estrat\u00e9gica de dominio visual que va de la desembocadura del Tordera hasta la costa de Lloret. Es un peque\u00f1o recinto de 650 m2 compuesto por unos seis viviendas.","imatge":6043,"es_enllac_intern_o_extern":"intern","link_intern":{"title":" M\u00e1s informaci\u00f3n","url":"https:\/\/lloretdemar.org\/es\/cultura\/yacimiento-de-puig-de-castellet\/","target":""},"link_extern":"","link_extern_text":""},{"titol":"Ayuntamiento","descripcio":"La Casa de la Villa de Lloret de Mar conserva la esencia hind\u00fa preside el paseo Moss\u00e8n Jacint Verdaguer y junto del mar.","imatge":5931,"es_enllac_intern_o_extern":"intern","link_intern":{"title":" M\u00e9s informaci\u00f3","url":"http:\/\/lloretdemar.org\/cultura\/ajuntament\/","target":""},"link_extern":"","link_extern_text":""}],"titol_boto":"Descarrega el fullet\u00f3","document":16323,"apartats":null},"yoast_head":"<!-- This site is optimized with the Yoast SEO plugin v27.5 - https:\/\/yoast.com\/product\/yoast-seo-wordpress\/ -->\n<title>MOLL: Museo Abierto de Lloret - Lloret de Mar<\/title>\n<meta name=\"description\" content=\"Lloret de Mar es como un museo abierto: descubrir\u00e1s su historia a medida que recorras sus calles y plazas. Pasea por la ciudad, sum\u00e9rgete en su pasado y conoce su historia, su cultura y su gente. No te sientas como un observador: ac\u00e9rcate al patrimonio de Lloret y v\u00edvelo como uno m\u00e1s. Gu\u00eda interactiva\" \/>\n<meta name=\"robots\" content=\"index, follow, max-snippet:-1, max-image-preview:large, max-video-preview:-1\" \/>\n<link rel=\"canonical\" href=\"https:\/\/lloretdemar.org\/es\/que-hacer-en-lloret\/lloret-de-mar-de-dia\/cultura\/moll-museo-abierto-de-lloret\/\" \/>\n<meta property=\"og:locale\" content=\"es_ES\" \/>\n<meta property=\"og:type\" content=\"article\" \/>\n<meta property=\"og:title\" content=\"MOLL: Museo Abierto de Lloret - Lloret de Mar\" \/>\n<meta property=\"og:description\" content=\"Lloret de Mar es como un museo abierto: descubrir\u00e1s su historia a medida que recorras sus calles y plazas. Pasea por la ciudad, sum\u00e9rgete en su pasado y conoce su historia, su cultura y su gente. No te sientas como un observador: ac\u00e9rcate al patrimonio de Lloret y v\u00edvelo como uno m\u00e1s. Gu\u00eda interactiva\" \/>\n<meta property=\"og:url\" content=\"https:\/\/lloretdemar.org\/es\/que-hacer-en-lloret\/lloret-de-mar-de-dia\/cultura\/moll-museo-abierto-de-lloret\/\" \/>\n<meta property=\"og:site_name\" content=\"Lloret de Mar\" \/>\n<meta property=\"article:publisher\" content=\"https:\/\/www.facebook.com\/Lloretturisme\" \/>\n<meta property=\"article:modified_time\" content=\"2022-09-05T12:13:33+00:00\" \/>\n<meta property=\"og:image\" content=\"https:\/\/lloretdemar.org\/wp-content\/uploads\/2020\/02\/slide-cultura-moll.jpg\" \/>\n\t<meta property=\"og:image:width\" content=\"1920\" \/>\n\t<meta property=\"og:image:height\" content=\"885\" \/>\n\t<meta property=\"og:image:type\" content=\"image\/jpeg\" \/>\n<meta name=\"twitter:card\" content=\"summary_large_image\" \/>\n<meta name=\"twitter:site\" content=\"@lloretturisme\" \/>\n<meta name=\"twitter:label1\" content=\"Tiempo de lectura\" \/>\n\t<meta name=\"twitter:data1\" content=\"1 minuto\" \/>\n<script type=\"application\/ld+json\" class=\"yoast-schema-graph\">{\"@context\":\"https:\\\/\\\/schema.org\",\"@graph\":[{\"@type\":\"WebPage\",\"@id\":\"https:\\\/\\\/lloretdemar.org\\\/es\\\/que-hacer-en-lloret\\\/lloret-de-mar-de-dia\\\/cultura\\\/moll-museo-abierto-de-lloret\\\/\",\"url\":\"https:\\\/\\\/lloretdemar.org\\\/es\\\/que-hacer-en-lloret\\\/lloret-de-mar-de-dia\\\/cultura\\\/moll-museo-abierto-de-lloret\\\/\",\"name\":\"MOLL: Museo Abierto de Lloret - Lloret de Mar\",\"isPartOf\":{\"@id\":\"https:\\\/\\\/lloretdemar.org\\\/es\\\/#website\"},\"datePublished\":\"2020-01-23T12:43:21+00:00\",\"dateModified\":\"2022-09-05T12:13:33+00:00\",\"description\":\"Lloret de Mar\",\"breadcrumb\":{\"@id\":\"https:\\\/\\\/lloretdemar.org\\\/es\\\/que-hacer-en-lloret\\\/lloret-de-mar-de-dia\\\/cultura\\\/moll-museo-abierto-de-lloret\\\/#breadcrumb\"},\"inLanguage\":\"es\",\"potentialAction\":[{\"@type\":\"ReadAction\",\"target\":[\"https:\\\/\\\/lloretdemar.org\\\/es\\\/que-hacer-en-lloret\\\/lloret-de-mar-de-dia\\\/cultura\\\/moll-museo-abierto-de-lloret\\\/\"]}]},{\"@type\":\"BreadcrumbList\",\"@id\":\"https:\\\/\\\/lloretdemar.org\\\/es\\\/que-hacer-en-lloret\\\/lloret-de-mar-de-dia\\\/cultura\\\/moll-museo-abierto-de-lloret\\\/#breadcrumb\",\"itemListElement\":[{\"@type\":\"ListItem\",\"position\":1,\"name\":\"Home\",\"item\":\"https:\\\/\\\/lloretdemar.org\\\/es\\\/\"},{\"@type\":\"ListItem\",\"position\":2,\"name\":\"Qu\u00e9 hacer en Lloret\",\"item\":\"https:\\\/\\\/lloretdemar.org\\\/es\\\/que-hacer-en-lloret\\\/\"},{\"@type\":\"ListItem\",\"position\":3,\"name\":\"Lloret de Mar de D\u00eda\",\"item\":\"https:\\\/\\\/lloretdemar.org\\\/es\\\/que-hacer-en-lloret\\\/lloret-de-mar-de-dia\\\/\"},{\"@type\":\"ListItem\",\"position\":4,\"name\":\"Cultura\",\"item\":\"https:\\\/\\\/lloretdemar.org\\\/es\\\/que-hacer-en-lloret\\\/lloret-de-mar-de-dia\\\/cultura\\\/\"},{\"@type\":\"ListItem\",\"position\":5,\"name\":\"MOLL: Museo Abierto de Lloret\"}]},{\"@type\":\"WebSite\",\"@id\":\"https:\\\/\\\/lloretdemar.org\\\/es\\\/#website\",\"url\":\"https:\\\/\\\/lloretdemar.org\\\/es\\\/\",\"name\":\"Lloret de Mar\",\"description\":\"\",\"publisher\":{\"@id\":\"https:\\\/\\\/lloretdemar.org\\\/es\\\/#organization\"},\"potentialAction\":[{\"@type\":\"SearchAction\",\"target\":{\"@type\":\"EntryPoint\",\"urlTemplate\":\"https:\\\/\\\/lloretdemar.org\\\/es\\\/?s={search_term_string}\"},\"query-input\":{\"@type\":\"PropertyValueSpecification\",\"valueRequired\":true,\"valueName\":\"search_term_string\"}}],\"inLanguage\":\"es\"},{\"@type\":\"Organization\",\"@id\":\"https:\\\/\\\/lloretdemar.org\\\/es\\\/#organization\",\"name\":\"Lloret de Mar\",\"url\":\"https:\\\/\\\/lloretdemar.org\\\/es\\\/\",\"logo\":{\"@type\":\"ImageObject\",\"inLanguage\":\"es\",\"@id\":\"https:\\\/\\\/lloretdemar.org\\\/es\\\/#\\\/schema\\\/logo\\\/image\\\/\",\"url\":\"https:\\\/\\\/lloretdemar.org\\\/wp-content\\\/uploads\\\/2020\\\/05\\\/lloret-de-mar-logo.png\",\"contentUrl\":\"https:\\\/\\\/lloretdemar.org\\\/wp-content\\\/uploads\\\/2020\\\/05\\\/lloret-de-mar-logo.png\",\"width\":87,\"height\":38,\"caption\":\"Lloret de Mar\"},\"image\":{\"@id\":\"https:\\\/\\\/lloretdemar.org\\\/es\\\/#\\\/schema\\\/logo\\\/image\\\/\"},\"sameAs\":[\"https:\\\/\\\/www.facebook.com\\\/Lloretturisme\",\"https:\\\/\\\/x.com\\\/lloretturisme\",\"https:\\\/\\\/instagram.com\\\/lloretturisme\",\"https:\\\/\\\/www.youtube.com\\\/LloretTurisme\"]}]}<\/script>\n<!-- \/ Yoast SEO plugin. -->","yoast_head_json":{"title":"MOLL: Museo Abierto de Lloret - Lloret de Mar","description":"Lloret de Mar es como un museo abierto: descubrir\u00e1s su historia a medida que recorras sus calles y plazas. Pasea por la ciudad, sum\u00e9rgete en su pasado y conoce su historia, su cultura y su gente. No te sientas como un observador: ac\u00e9rcate al patrimonio de Lloret y v\u00edvelo como uno m\u00e1s. Gu\u00eda interactiva","robots":{"index":"index","follow":"follow","max-snippet":"max-snippet:-1","max-image-preview":"max-image-preview:large","max-video-preview":"max-video-preview:-1"},"canonical":"https:\/\/lloretdemar.org\/es\/que-hacer-en-lloret\/lloret-de-mar-de-dia\/cultura\/moll-museo-abierto-de-lloret\/","og_locale":"es_ES","og_type":"article","og_title":"MOLL: Museo Abierto de Lloret - Lloret de Mar","og_description":"Lloret de Mar es como un museo abierto: descubrir\u00e1s su historia a medida que recorras sus calles y plazas. Pasea por la ciudad, sum\u00e9rgete en su pasado y conoce su historia, su cultura y su gente. No te sientas como un observador: ac\u00e9rcate al patrimonio de Lloret y v\u00edvelo como uno m\u00e1s. Gu\u00eda interactiva","og_url":"https:\/\/lloretdemar.org\/es\/que-hacer-en-lloret\/lloret-de-mar-de-dia\/cultura\/moll-museo-abierto-de-lloret\/","og_site_name":"Lloret de Mar","article_publisher":"https:\/\/www.facebook.com\/Lloretturisme","article_modified_time":"2022-09-05T12:13:33+00:00","og_image":[{"width":1920,"height":885,"url":"https:\/\/lloretdemar.org\/wp-content\/uploads\/2020\/02\/slide-cultura-moll.jpg","type":"image\/jpeg"}],"twitter_card":"summary_large_image","twitter_site":"@lloretturisme","twitter_misc":{"Tiempo de lectura":"1 minuto"},"schema":{"@context":"https:\/\/schema.org","@graph":[{"@type":"WebPage","@id":"https:\/\/lloretdemar.org\/es\/que-hacer-en-lloret\/lloret-de-mar-de-dia\/cultura\/moll-museo-abierto-de-lloret\/","url":"https:\/\/lloretdemar.org\/es\/que-hacer-en-lloret\/lloret-de-mar-de-dia\/cultura\/moll-museo-abierto-de-lloret\/","name":"MOLL: Museo Abierto de Lloret - Lloret de Mar","isPartOf":{"@id":"https:\/\/lloretdemar.org\/es\/#website"},"datePublished":"2020-01-23T12:43:21+00:00","dateModified":"2022-09-05T12:13:33+00:00","description":"Lloret de Mar","breadcrumb":{"@id":"https:\/\/lloretdemar.org\/es\/que-hacer-en-lloret\/lloret-de-mar-de-dia\/cultura\/moll-museo-abierto-de-lloret\/#breadcrumb"},"inLanguage":"es","potentialAction":[{"@type":"ReadAction","target":["https:\/\/lloretdemar.org\/es\/que-hacer-en-lloret\/lloret-de-mar-de-dia\/cultura\/moll-museo-abierto-de-lloret\/"]}]},{"@type":"BreadcrumbList","@id":"https:\/\/lloretdemar.org\/es\/que-hacer-en-lloret\/lloret-de-mar-de-dia\/cultura\/moll-museo-abierto-de-lloret\/#breadcrumb","itemListElement":[{"@type":"ListItem","position":1,"name":"Home","item":"https:\/\/lloretdemar.org\/es\/"},{"@type":"ListItem","position":2,"name":"Qu\u00e9 hacer en Lloret","item":"https:\/\/lloretdemar.org\/es\/que-hacer-en-lloret\/"},{"@type":"ListItem","position":3,"name":"Lloret de Mar de D\u00eda","item":"https:\/\/lloretdemar.org\/es\/que-hacer-en-lloret\/lloret-de-mar-de-dia\/"},{"@type":"ListItem","position":4,"name":"Cultura","item":"https:\/\/lloretdemar.org\/es\/que-hacer-en-lloret\/lloret-de-mar-de-dia\/cultura\/"},{"@type":"ListItem","position":5,"name":"MOLL: Museo Abierto de Lloret"}]},{"@type":"WebSite","@id":"https:\/\/lloretdemar.org\/es\/#website","url":"https:\/\/lloretdemar.org\/es\/","name":"Lloret de Mar","description":"","publisher":{"@id":"https:\/\/lloretdemar.org\/es\/#organization"},"potentialAction":[{"@type":"SearchAction","target":{"@type":"EntryPoint","urlTemplate":"https:\/\/lloretdemar.org\/es\/?s={search_term_string}"},"query-input":{"@type":"PropertyValueSpecification","valueRequired":true,"valueName":"search_term_string"}}],"inLanguage":"es"},{"@type":"Organization","@id":"https:\/\/lloretdemar.org\/es\/#organization","name":"Lloret de Mar","url":"https:\/\/lloretdemar.org\/es\/","logo":{"@type":"ImageObject","inLanguage":"es","@id":"https:\/\/lloretdemar.org\/es\/#\/schema\/logo\/image\/","url":"https:\/\/lloretdemar.org\/wp-content\/uploads\/2020\/05\/lloret-de-mar-logo.png","contentUrl":"https:\/\/lloretdemar.org\/wp-content\/uploads\/2020\/05\/lloret-de-mar-logo.png","width":87,"height":38,"caption":"Lloret de Mar"},"image":{"@id":"https:\/\/lloretdemar.org\/es\/#\/schema\/logo\/image\/"},"sameAs":["https:\/\/www.facebook.com\/Lloretturisme","https:\/\/x.com\/lloretturisme","https:\/\/instagram.com\/lloretturisme","https:\/\/www.youtube.com\/LloretTurisme"]}]}},"_links":{"self":[{"href":"https:\/\/lloretdemar.org\/es\/wp-json\/wp\/v2\/pages\/10084","targetHints":{"allow":["GET"]}}],"collection":[{"href":"https:\/\/lloretdemar.org\/es\/wp-json\/wp\/v2\/pages"}],"about":[{"href":"https:\/\/lloretdemar.org\/es\/wp-json\/wp\/v2\/types\/page"}],"author":[{"embeddable":true,"href":"https:\/\/lloretdemar.org\/es\/wp-json\/wp\/v2\/users\/12"}],"replies":[{"embeddable":true,"href":"https:\/\/lloretdemar.org\/es\/wp-json\/wp\/v2\/comments?post=10084"}],"version-history":[{"count":5,"href":"https:\/\/lloretdemar.org\/es\/wp-json\/wp\/v2\/pages\/10084\/revisions"}],"predecessor-version":[{"id":30481,"href":"https:\/\/lloretdemar.org\/es\/wp-json\/wp\/v2\/pages\/10084\/revisions\/30481"}],"up":[{"embeddable":true,"href":"https:\/\/lloretdemar.org\/es\/wp-json\/wp\/v2\/pages\/10077"}],"wp:attachment":[{"href":"https:\/\/lloretdemar.org\/es\/wp-json\/wp\/v2\/media?parent=10084"}],"curies":[{"name":"wp","href":"https:\/\/api.w.org\/{rel}","templated":true}]}}