{"id":10072,"date":"2020-02-05T16:40:39","date_gmt":"2020-02-05T15:40:39","guid":{"rendered":"http:\/\/lloretdemar.org\/lloret-de-mar-de-dia\/cami-de-ronda\/cami-de-ronda-lloret-de-mar-blanes\/"},"modified":"2022-09-05T13:08:50","modified_gmt":"2022-09-05T11:08:50","slug":"camino-de-ronda-lloret-de-mar-blanes","status":"publish","type":"page","link":"https:\/\/lloretdemar.org\/es\/que-hacer-en-lloret\/lloret-de-mar-de-dia\/camino-de-ronda\/camino-de-ronda-lloret-de-mar-blanes\/","title":{"rendered":"Camino de ronda Lloret de Mar &#8211; Blanes"},"content":{"rendered":"\n<p>Este camino de ronda constituye uno de los m\u00e1s bellos paseos que se pueden hacer por la Costa Brava. Es un recorrido por los caminos y bosques de pinos y encinas que bordean la costa lloretense y que te permite disfrutar del paisaje natural de la l\u00ednea de la Costa Brava (que sigue siendo uno de los valores principales de este destino tur\u00edstico) para disfrutar de este camino de ronda que va desde la playa de Lloret hasta la ciudad de Blanes.<\/p>\n\n\n\n<p>Este camino\nse puede recorrer en cualquier \u00e9poca del a\u00f1o, y en verano puedes aprovechar y\nba\u00f1arte en cualquiera de las calas que vas encontrando durante el trayecto, ya\nque el camino pasa muy cerca del agua. <\/p>\n\n\n\n<p>El resto del\na\u00f1o es ideal si buscas tranquilidad y calma, ya que est\u00e1 lleno de rincones,\nvegetaci\u00f3n y acantilados, sin olvidar las vistas, que son espectaculares para\nlos amantes de la fotograf\u00eda.<\/p>\n\n\n\n<p><\/p>\n","protected":false},"excerpt":{"rendered":"<p>Este camino de ronda constituye uno de los m\u00e1s bellos paseos que se pueden hacer por la Costa Brava. Es un recorrido por los caminos y bosques de pinos y encinas que bordean la costa lloretense y que te permite disfrutar del paisaje natural de la l\u00ednea de la Costa Brava (que sigue siendo uno [&hellip;]<\/p>\n","protected":false},"author":12,"featured_media":7387,"parent":10060,"menu_order":0,"comment_status":"closed","ping_status":"closed","template":"page-templates\/puntinteres.php","meta":{"_acf_changed":false,"content-type":"","footnotes":""},"class_list":["post-10072","page","type-page","status-publish","has-post-thumbnail","hentry"],"acf":{"enllac_directori":false,"imatges":null,"blocs":[{"nom_categoria":"Informaci\u00f3n t\u00e9cnica","contingut_categoria":"<strong>Salida:<\/strong> Museo del Mar\r\n\r\n<strong>Llegada:<\/strong> Blanes centro - Sa Palomera\r\n\r\n<strong>Tipo de ruta:<\/strong> Lineal\r\n\r\n<strong>Dificultad:<\/strong> Media\r\n\r\n<strong>Duraci\u00f3n aproximada:<\/strong> 2 horas y 15 minutos\r\n\r\n<strong>Desnivel:<\/strong> 201 metros"},{"nom_categoria":"Se\u00f1alizaci\u00f3n","contingut_categoria":"Marcas GR, PR y SL seg\u00fan las normas de la FEEC. (GR: marcas color blanco y rojo). Se\u00f1ales verticales y horizontales de Turisme de Catalunya"},{"nom_categoria":"Puntos de inter\u00e9s","contingut_categoria":"Museo del Mar, Monumento a la Dona Marinera, Cala Banys, Castillo de Sant Joan de Fenals, Jardines de Santa Clotilde, Ermita de Santa Cristina, Jard\u00edn Bot\u00e1nico Pinya de Rosa, Ermita de Santa B\u00e0rbara, Castillo de Sant Joan, Centro Blanes, Sa Palomera."},{"nom_categoria":"M\u00e1s informaci\u00f3n","contingut_categoria":"<a href=\"http:\/\/www.laselvaturisme.com\/wp-content\/uploads\/2016\/12\/GR92_LloretdeMar-Blanes.pdf\">http:\/\/www.laselvaturisme.com\/wp-content\/uploads\/2016\/12\/GR92_LloretdeMar-Blanes.pdf<\/a>"}],"direccio":{"titol_bloc":"Camino de ronda Lloret de Mar - Blanes","contingut_bloc":"En el siguiente enlace, te indicamos c\u00f3mo llegar\u00a0<a href=\"https:\/\/www.google.com\/maps\/place\/Cam%C3%AD+de+Ronda,+17300,+Girona\/@41.6783073,2.8055964,17.25z\/data=!4m5!3m4!1s0x12bb164ff3865197:0x6090d6fe8c0f836a!8m2!3d41.6780485!4d2.8069707\">aqu\u00ed.<\/a>","mapa":{"address":"17300 Blanes, Girona, Espanya","lat":41.675995399999998,"lng":2.7902288999999989,"zoom":14,"place_id":"ChIJQ40kOPM9uxIRgolj8LA4DtA","city":"Blanes","state":"Catalunya","state_short":"CT","post_code":17300,"country":"Espanya","country_short":"ES"}},"mes_informacio":{"titol_mes_info":"M\u00e9s informaci\u00f3","contingut_mes_info":"<strong>Tel\u00e8fon: <\/strong>+34 972 365 788\r\n<strong>E-mail:<\/strong> <a href=\"mailto:central-turisme@lloret.cat\">central-turisme@lloret.cat<\/a>\r\n<strong>Web:<\/strong> <a href=\"http:\/\/www.lloretdemar.org\/\">www.lloretdemar.org<\/a>"},"viatge":{"titol_viatge":"Necesitas m\u00e1s informaci\u00f3n?","contingut_viatge":"Cont\u00e1ctanos y preg\u00fantanos todo lo que quieras en Lloret Turismo","link_viatge":{"title":"Preg\u00fantanos","url":"mailto:lloret-turisme@lloret.cat","target":""}},"apartats":[{"acf_fc_layout":"bloc_amplada_completa","amb_marges":false,"html_js":"<div  style=\"width:92%; height:80vh; display:inline-block; margin-left:4%; margin-bottom:25px; border: 1px solid #fd5151\">\r\n<div \r\n\t\tid=\"bWidgetMap\"\r\n\t\tintegration=\"segment\"\r\n\t\tparenturiprefix=\"bwidget:\"\r\n\t\tembedurl=\"https:\/\/maps.lloretdemar.org\"\r\n\t\tembedmainuri=\"\/es\/camino-de-ronda-lloret-mar-blanes\"\r\n\t\tonFocus=\"\"\r\n\t\tonFocusOut=\"\"\r\n                btnColor='#fd5151'\r\n                showButtons = \"true\"\r\n                viewMapText = \"MAPA INTERACTIVO\"\r\n               >\r\n<\/div>\r\n<script type=\"text\/javascript\" src=\"https:\/\/maps.lloretdemar.org\/embed.js\"><\/script>\r\n<\/div>"}]},"yoast_head":"<!-- This site is optimized with the Yoast SEO plugin v27.5 - https:\/\/yoast.com\/product\/yoast-seo-wordpress\/ -->\n<title>Camino de ronda Lloret de Mar - Blanes - Lloret de Mar<\/title>\n<meta name=\"description\" content=\"Este camino de ronda constituye uno de los m\u00e1s bellos paseos que se pueden hacer por la Costa Brava. Es un recorrido por los caminos y bosques de pinos y encinas que bordean la costa lloretense y que te permite disfrutar del paisaje natural de la l\u00ednea de la Costa Brava (que sigue siendo uno&hellip;\" \/>\n<meta name=\"robots\" content=\"index, follow, max-snippet:-1, max-image-preview:large, max-video-preview:-1\" \/>\n<link rel=\"canonical\" href=\"https:\/\/lloretdemar.org\/es\/que-hacer-en-lloret\/lloret-de-mar-de-dia\/camino-de-ronda\/camino-de-ronda-lloret-de-mar-blanes\/\" \/>\n<meta property=\"og:locale\" content=\"es_ES\" \/>\n<meta property=\"og:type\" content=\"article\" \/>\n<meta property=\"og:title\" content=\"Camino de ronda Lloret de Mar - Blanes - Lloret de Mar\" \/>\n<meta property=\"og:description\" content=\"Este camino de ronda constituye uno de los m\u00e1s bellos paseos que se pueden hacer por la Costa Brava. Es un recorrido por los caminos y bosques de pinos y encinas que bordean la costa lloretense y que te permite disfrutar del paisaje natural de la l\u00ednea de la Costa Brava (que sigue siendo uno&hellip;\" \/>\n<meta property=\"og:url\" content=\"https:\/\/lloretdemar.org\/es\/que-hacer-en-lloret\/lloret-de-mar-de-dia\/camino-de-ronda\/camino-de-ronda-lloret-de-mar-blanes\/\" \/>\n<meta property=\"og:site_name\" content=\"Lloret de Mar\" \/>\n<meta property=\"article:publisher\" content=\"https:\/\/www.facebook.com\/Lloretturisme\" \/>\n<meta property=\"article:modified_time\" content=\"2022-09-05T11:08:50+00:00\" \/>\n<meta property=\"og:image\" content=\"https:\/\/lloretdemar.org\/wp-content\/uploads\/2020\/03\/cami-ronda-blanes3.jpg\" \/>\n\t<meta property=\"og:image:width\" content=\"1208\" \/>\n\t<meta property=\"og:image:height\" content=\"654\" \/>\n\t<meta property=\"og:image:type\" content=\"image\/jpeg\" \/>\n<meta name=\"twitter:card\" content=\"summary_large_image\" \/>\n<meta name=\"twitter:site\" content=\"@lloretturisme\" \/>\n<meta name=\"twitter:label1\" content=\"Tiempo de lectura\" \/>\n\t<meta name=\"twitter:data1\" content=\"1 minuto\" \/>\n<script type=\"application\/ld+json\" class=\"yoast-schema-graph\">{\"@context\":\"https:\\\/\\\/schema.org\",\"@graph\":[{\"@type\":\"WebPage\",\"@id\":\"https:\\\/\\\/lloretdemar.org\\\/es\\\/que-hacer-en-lloret\\\/lloret-de-mar-de-dia\\\/camino-de-ronda\\\/camino-de-ronda-lloret-de-mar-blanes\\\/\",\"url\":\"https:\\\/\\\/lloretdemar.org\\\/es\\\/que-hacer-en-lloret\\\/lloret-de-mar-de-dia\\\/camino-de-ronda\\\/camino-de-ronda-lloret-de-mar-blanes\\\/\",\"name\":\"Camino de ronda Lloret de Mar - Blanes - Lloret de Mar\",\"isPartOf\":{\"@id\":\"https:\\\/\\\/lloretdemar.org\\\/es\\\/#website\"},\"primaryImageOfPage\":{\"@id\":\"https:\\\/\\\/lloretdemar.org\\\/es\\\/que-hacer-en-lloret\\\/lloret-de-mar-de-dia\\\/camino-de-ronda\\\/camino-de-ronda-lloret-de-mar-blanes\\\/#primaryimage\"},\"image\":{\"@id\":\"https:\\\/\\\/lloretdemar.org\\\/es\\\/que-hacer-en-lloret\\\/lloret-de-mar-de-dia\\\/camino-de-ronda\\\/camino-de-ronda-lloret-de-mar-blanes\\\/#primaryimage\"},\"thumbnailUrl\":\"https:\\\/\\\/lloretdemar.org\\\/wp-content\\\/uploads\\\/2020\\\/03\\\/cami-ronda-blanes3.jpg\",\"datePublished\":\"2020-02-05T15:40:39+00:00\",\"dateModified\":\"2022-09-05T11:08:50+00:00\",\"description\":\"Lloret de Mar\",\"breadcrumb\":{\"@id\":\"https:\\\/\\\/lloretdemar.org\\\/es\\\/que-hacer-en-lloret\\\/lloret-de-mar-de-dia\\\/camino-de-ronda\\\/camino-de-ronda-lloret-de-mar-blanes\\\/#breadcrumb\"},\"inLanguage\":\"es\",\"potentialAction\":[{\"@type\":\"ReadAction\",\"target\":[\"https:\\\/\\\/lloretdemar.org\\\/es\\\/que-hacer-en-lloret\\\/lloret-de-mar-de-dia\\\/camino-de-ronda\\\/camino-de-ronda-lloret-de-mar-blanes\\\/\"]}]},{\"@type\":\"ImageObject\",\"inLanguage\":\"es\",\"@id\":\"https:\\\/\\\/lloretdemar.org\\\/es\\\/que-hacer-en-lloret\\\/lloret-de-mar-de-dia\\\/camino-de-ronda\\\/camino-de-ronda-lloret-de-mar-blanes\\\/#primaryimage\",\"url\":\"https:\\\/\\\/lloretdemar.org\\\/wp-content\\\/uploads\\\/2020\\\/03\\\/cami-ronda-blanes3.jpg\",\"contentUrl\":\"https:\\\/\\\/lloretdemar.org\\\/wp-content\\\/uploads\\\/2020\\\/03\\\/cami-ronda-blanes3.jpg\",\"width\":1208,\"height\":654},{\"@type\":\"BreadcrumbList\",\"@id\":\"https:\\\/\\\/lloretdemar.org\\\/es\\\/que-hacer-en-lloret\\\/lloret-de-mar-de-dia\\\/camino-de-ronda\\\/camino-de-ronda-lloret-de-mar-blanes\\\/#breadcrumb\",\"itemListElement\":[{\"@type\":\"ListItem\",\"position\":1,\"name\":\"Home\",\"item\":\"https:\\\/\\\/lloretdemar.org\\\/es\\\/\"},{\"@type\":\"ListItem\",\"position\":2,\"name\":\"Qu\u00e9 hacer en Lloret\",\"item\":\"https:\\\/\\\/lloretdemar.org\\\/es\\\/que-hacer-en-lloret\\\/\"},{\"@type\":\"ListItem\",\"position\":3,\"name\":\"Lloret de Mar de D\u00eda\",\"item\":\"https:\\\/\\\/lloretdemar.org\\\/es\\\/que-hacer-en-lloret\\\/lloret-de-mar-de-dia\\\/\"},{\"@type\":\"ListItem\",\"position\":4,\"name\":\"Camino de ronda\",\"item\":\"https:\\\/\\\/lloretdemar.org\\\/es\\\/que-hacer-en-lloret\\\/lloret-de-mar-de-dia\\\/camino-de-ronda\\\/\"},{\"@type\":\"ListItem\",\"position\":5,\"name\":\"Camino de ronda Lloret de Mar &#8211; Blanes\"}]},{\"@type\":\"WebSite\",\"@id\":\"https:\\\/\\\/lloretdemar.org\\\/es\\\/#website\",\"url\":\"https:\\\/\\\/lloretdemar.org\\\/es\\\/\",\"name\":\"Lloret de Mar\",\"description\":\"\",\"publisher\":{\"@id\":\"https:\\\/\\\/lloretdemar.org\\\/es\\\/#organization\"},\"potentialAction\":[{\"@type\":\"SearchAction\",\"target\":{\"@type\":\"EntryPoint\",\"urlTemplate\":\"https:\\\/\\\/lloretdemar.org\\\/es\\\/?s={search_term_string}\"},\"query-input\":{\"@type\":\"PropertyValueSpecification\",\"valueRequired\":true,\"valueName\":\"search_term_string\"}}],\"inLanguage\":\"es\"},{\"@type\":\"Organization\",\"@id\":\"https:\\\/\\\/lloretdemar.org\\\/es\\\/#organization\",\"name\":\"Lloret de Mar\",\"url\":\"https:\\\/\\\/lloretdemar.org\\\/es\\\/\",\"logo\":{\"@type\":\"ImageObject\",\"inLanguage\":\"es\",\"@id\":\"https:\\\/\\\/lloretdemar.org\\\/es\\\/#\\\/schema\\\/logo\\\/image\\\/\",\"url\":\"https:\\\/\\\/lloretdemar.org\\\/wp-content\\\/uploads\\\/2020\\\/05\\\/lloret-de-mar-logo.png\",\"contentUrl\":\"https:\\\/\\\/lloretdemar.org\\\/wp-content\\\/uploads\\\/2020\\\/05\\\/lloret-de-mar-logo.png\",\"width\":87,\"height\":38,\"caption\":\"Lloret de Mar\"},\"image\":{\"@id\":\"https:\\\/\\\/lloretdemar.org\\\/es\\\/#\\\/schema\\\/logo\\\/image\\\/\"},\"sameAs\":[\"https:\\\/\\\/www.facebook.com\\\/Lloretturisme\",\"https:\\\/\\\/x.com\\\/lloretturisme\",\"https:\\\/\\\/instagram.com\\\/lloretturisme\",\"https:\\\/\\\/www.youtube.com\\\/LloretTurisme\"]}]}<\/script>\n<!-- \/ Yoast SEO plugin. -->","yoast_head_json":{"title":"Camino de ronda Lloret de Mar - Blanes - Lloret de Mar","description":"Este camino de ronda constituye uno de los m\u00e1s bellos paseos que se pueden hacer por la Costa Brava. Es un recorrido por los caminos y bosques de pinos y encinas que bordean la costa lloretense y que te permite disfrutar del paisaje natural de la l\u00ednea de la Costa Brava (que sigue siendo uno&hellip;","robots":{"index":"index","follow":"follow","max-snippet":"max-snippet:-1","max-image-preview":"max-image-preview:large","max-video-preview":"max-video-preview:-1"},"canonical":"https:\/\/lloretdemar.org\/es\/que-hacer-en-lloret\/lloret-de-mar-de-dia\/camino-de-ronda\/camino-de-ronda-lloret-de-mar-blanes\/","og_locale":"es_ES","og_type":"article","og_title":"Camino de ronda Lloret de Mar - Blanes - Lloret de Mar","og_description":"Este camino de ronda constituye uno de los m\u00e1s bellos paseos que se pueden hacer por la Costa Brava. Es un recorrido por los caminos y bosques de pinos y encinas que bordean la costa lloretense y que te permite disfrutar del paisaje natural de la l\u00ednea de la Costa Brava (que sigue siendo uno&hellip;","og_url":"https:\/\/lloretdemar.org\/es\/que-hacer-en-lloret\/lloret-de-mar-de-dia\/camino-de-ronda\/camino-de-ronda-lloret-de-mar-blanes\/","og_site_name":"Lloret de Mar","article_publisher":"https:\/\/www.facebook.com\/Lloretturisme","article_modified_time":"2022-09-05T11:08:50+00:00","og_image":[{"width":1208,"height":654,"url":"https:\/\/lloretdemar.org\/wp-content\/uploads\/2020\/03\/cami-ronda-blanes3.jpg","type":"image\/jpeg"}],"twitter_card":"summary_large_image","twitter_site":"@lloretturisme","twitter_misc":{"Tiempo de lectura":"1 minuto"},"schema":{"@context":"https:\/\/schema.org","@graph":[{"@type":"WebPage","@id":"https:\/\/lloretdemar.org\/es\/que-hacer-en-lloret\/lloret-de-mar-de-dia\/camino-de-ronda\/camino-de-ronda-lloret-de-mar-blanes\/","url":"https:\/\/lloretdemar.org\/es\/que-hacer-en-lloret\/lloret-de-mar-de-dia\/camino-de-ronda\/camino-de-ronda-lloret-de-mar-blanes\/","name":"Camino de ronda Lloret de Mar - Blanes - Lloret de Mar","isPartOf":{"@id":"https:\/\/lloretdemar.org\/es\/#website"},"primaryImageOfPage":{"@id":"https:\/\/lloretdemar.org\/es\/que-hacer-en-lloret\/lloret-de-mar-de-dia\/camino-de-ronda\/camino-de-ronda-lloret-de-mar-blanes\/#primaryimage"},"image":{"@id":"https:\/\/lloretdemar.org\/es\/que-hacer-en-lloret\/lloret-de-mar-de-dia\/camino-de-ronda\/camino-de-ronda-lloret-de-mar-blanes\/#primaryimage"},"thumbnailUrl":"https:\/\/lloretdemar.org\/wp-content\/uploads\/2020\/03\/cami-ronda-blanes3.jpg","datePublished":"2020-02-05T15:40:39+00:00","dateModified":"2022-09-05T11:08:50+00:00","description":"Lloret de Mar","breadcrumb":{"@id":"https:\/\/lloretdemar.org\/es\/que-hacer-en-lloret\/lloret-de-mar-de-dia\/camino-de-ronda\/camino-de-ronda-lloret-de-mar-blanes\/#breadcrumb"},"inLanguage":"es","potentialAction":[{"@type":"ReadAction","target":["https:\/\/lloretdemar.org\/es\/que-hacer-en-lloret\/lloret-de-mar-de-dia\/camino-de-ronda\/camino-de-ronda-lloret-de-mar-blanes\/"]}]},{"@type":"ImageObject","inLanguage":"es","@id":"https:\/\/lloretdemar.org\/es\/que-hacer-en-lloret\/lloret-de-mar-de-dia\/camino-de-ronda\/camino-de-ronda-lloret-de-mar-blanes\/#primaryimage","url":"https:\/\/lloretdemar.org\/wp-content\/uploads\/2020\/03\/cami-ronda-blanes3.jpg","contentUrl":"https:\/\/lloretdemar.org\/wp-content\/uploads\/2020\/03\/cami-ronda-blanes3.jpg","width":1208,"height":654},{"@type":"BreadcrumbList","@id":"https:\/\/lloretdemar.org\/es\/que-hacer-en-lloret\/lloret-de-mar-de-dia\/camino-de-ronda\/camino-de-ronda-lloret-de-mar-blanes\/#breadcrumb","itemListElement":[{"@type":"ListItem","position":1,"name":"Home","item":"https:\/\/lloretdemar.org\/es\/"},{"@type":"ListItem","position":2,"name":"Qu\u00e9 hacer en Lloret","item":"https:\/\/lloretdemar.org\/es\/que-hacer-en-lloret\/"},{"@type":"ListItem","position":3,"name":"Lloret de Mar de D\u00eda","item":"https:\/\/lloretdemar.org\/es\/que-hacer-en-lloret\/lloret-de-mar-de-dia\/"},{"@type":"ListItem","position":4,"name":"Camino de ronda","item":"https:\/\/lloretdemar.org\/es\/que-hacer-en-lloret\/lloret-de-mar-de-dia\/camino-de-ronda\/"},{"@type":"ListItem","position":5,"name":"Camino de ronda Lloret de Mar &#8211; Blanes"}]},{"@type":"WebSite","@id":"https:\/\/lloretdemar.org\/es\/#website","url":"https:\/\/lloretdemar.org\/es\/","name":"Lloret de Mar","description":"","publisher":{"@id":"https:\/\/lloretdemar.org\/es\/#organization"},"potentialAction":[{"@type":"SearchAction","target":{"@type":"EntryPoint","urlTemplate":"https:\/\/lloretdemar.org\/es\/?s={search_term_string}"},"query-input":{"@type":"PropertyValueSpecification","valueRequired":true,"valueName":"search_term_string"}}],"inLanguage":"es"},{"@type":"Organization","@id":"https:\/\/lloretdemar.org\/es\/#organization","name":"Lloret de Mar","url":"https:\/\/lloretdemar.org\/es\/","logo":{"@type":"ImageObject","inLanguage":"es","@id":"https:\/\/lloretdemar.org\/es\/#\/schema\/logo\/image\/","url":"https:\/\/lloretdemar.org\/wp-content\/uploads\/2020\/05\/lloret-de-mar-logo.png","contentUrl":"https:\/\/lloretdemar.org\/wp-content\/uploads\/2020\/05\/lloret-de-mar-logo.png","width":87,"height":38,"caption":"Lloret de Mar"},"image":{"@id":"https:\/\/lloretdemar.org\/es\/#\/schema\/logo\/image\/"},"sameAs":["https:\/\/www.facebook.com\/Lloretturisme","https:\/\/x.com\/lloretturisme","https:\/\/instagram.com\/lloretturisme","https:\/\/www.youtube.com\/LloretTurisme"]}]}},"_links":{"self":[{"href":"https:\/\/lloretdemar.org\/es\/wp-json\/wp\/v2\/pages\/10072","targetHints":{"allow":["GET"]}}],"collection":[{"href":"https:\/\/lloretdemar.org\/es\/wp-json\/wp\/v2\/pages"}],"about":[{"href":"https:\/\/lloretdemar.org\/es\/wp-json\/wp\/v2\/types\/page"}],"author":[{"embeddable":true,"href":"https:\/\/lloretdemar.org\/es\/wp-json\/wp\/v2\/users\/12"}],"replies":[{"embeddable":true,"href":"https:\/\/lloretdemar.org\/es\/wp-json\/wp\/v2\/comments?post=10072"}],"version-history":[{"count":2,"href":"https:\/\/lloretdemar.org\/es\/wp-json\/wp\/v2\/pages\/10072\/revisions"}],"predecessor-version":[{"id":30429,"href":"https:\/\/lloretdemar.org\/es\/wp-json\/wp\/v2\/pages\/10072\/revisions\/30429"}],"up":[{"embeddable":true,"href":"https:\/\/lloretdemar.org\/es\/wp-json\/wp\/v2\/pages\/10060"}],"wp:featuredmedia":[{"embeddable":true,"href":"https:\/\/lloretdemar.org\/es\/wp-json\/wp\/v2\/media\/7387"}],"wp:attachment":[{"href":"https:\/\/lloretdemar.org\/es\/wp-json\/wp\/v2\/media?parent=10072"}],"curies":[{"name":"wp","href":"https:\/\/api.w.org\/{rel}","templated":true}]}}