{"id":10067,"date":"2019-12-30T10:17:04","date_gmt":"2019-12-30T09:17:04","guid":{"rendered":"http:\/\/lloretdemar.org\/lloret-de-mar-de-dia\/cami-de-ronda\/cami-de-ronda-lloret-de-mar-tossa-de-mar\/"},"modified":"2022-09-05T13:53:07","modified_gmt":"2022-09-05T11:53:07","slug":"camino-de-ronda-lloret-de-mar-tossa-de-mar","status":"publish","type":"page","link":"https:\/\/lloretdemar.org\/es\/que-hacer-en-lloret\/lloret-de-mar-de-dia\/camino-de-ronda\/camino-de-ronda-lloret-de-mar-tossa-de-mar\/","title":{"rendered":"Camino de ronda Lloret de Mar &#8211; Tossa de Mar"},"content":{"rendered":"\n<p>El recorrido costero de unos 12 km de longitud que separa Lloret de Mar de Tossa de Mar es una monta\u00f1a rusa que sube y baja acantilados. La excursi\u00f3n exige una buena forma f\u00edsica, ya que algunos tramos pasan por zonas asfaltadas y hay que prestar atenci\u00f3n a las se\u00f1alizaciones, pero tendr\u00e1s ocasi\u00f3n de hacer parada en alguno de los numerosos rincones m\u00e1gicos que ir\u00e1n apareciendo ante tus ojos en forma de peque\u00f1as calas salvajes, como la de Porto Pi, la cala Figuera, la cala d\u2019All\u00e0 on Raja l\u2019Aigua y muchas otras. Todo esfuerzo suele tener una recompensa \u00a1y este lo tiene!<\/p>\n\n\n\n<p>La llegada a la Playa des Codolar, bajo las murallas medievales de Tossa de Mar, es un premio m\u00e1s que merecido. La guinda de la excursi\u00f3n es un paseo con aires medievales por la Vila Vella de Tossa de Mar y, para rematar, una subida al faro.<\/p>\n","protected":false},"excerpt":{"rendered":"<p>El recorrido costero de unos 12 km de longitud que separa Lloret de Mar de Tossa de Mar es una monta\u00f1a rusa que sube y baja acantilados. La excursi\u00f3n exige una buena forma f\u00edsica, ya que algunos tramos pasan por zonas asfaltadas y hay que prestar atenci\u00f3n a las se\u00f1alizaciones, pero tendr\u00e1s ocasi\u00f3n de hacer [&hellip;]<\/p>\n","protected":false},"author":12,"featured_media":4215,"parent":10060,"menu_order":0,"comment_status":"closed","ping_status":"closed","template":"page-templates\/puntinteres.php","meta":{"_acf_changed":false,"content-type":"","footnotes":""},"class_list":["post-10067","page","type-page","status-publish","has-post-thumbnail","hentry"],"acf":{"enllac_directori":false,"imatges":null,"blocs":[{"nom_categoria":"Informaci\u00f3n t\u00e9cnica","contingut_categoria":"<strong>Salida:<\/strong> \u00a0\u00a0\u00a0\u00a0\u00a0\u00a0\u00a0\u00a0\u00a0\u00a0\u00a0\u00a0\u00a0\u00a0Museo del Mar\r\n\r\n<strong>Llegada: \u00a0\u00a0<\/strong>\u00a0\u00a0\u00a0\u00a0\u00a0\u00a0\u00a0\u00a0\u00a0\u00a0 Tossa de Mar\r\n\r\n<strong>Tipo de ruta:<\/strong> \u00a0\u00a0\u00a0 Lineal\r\n\r\n<strong>Dificultad: \u00a0\u00a0<\/strong>\u00a0\u00a0\u00a0\u00a0\u00a0\u00a0 Media\r\n\r\n<strong>Duraci\u00f3n aproximada:<\/strong> 3\u00a0horas\r\n\r\n<strong>Desnivel: \u00a0\u00a0\u00a0<\/strong>\u00a0\u00a0\u00a0\u00a0\u00a0\u00a0\u00a0 356\u00a0metros"},{"nom_categoria":"Se\u00f1alizaci\u00f3n","contingut_categoria":"Marcas GR, PR y SL seg\u00fan las normas de la FEEC. (GR: marcas color blanco y rojo). Se\u00f1ales verticales y horizontales de Turisme de Catalunya"},{"nom_categoria":"Puntos de inter\u00e9s","contingut_categoria":"Museo del Mar, Sa Caleta, Castillo d\u2019en Plaja, Cala dels Frares, Cala dels Trons, Punta des Cabdells, playa Canyelles, Cala Morisca, Sureda d\u2019en Santos, Punta des Cards, playa des Codolar, Porto Pi, Cala Figuera, Vila de Tossa."},{"nom_categoria":"M\u00e1s informaci\u00f3n","contingut_categoria":"<a href=\"http:\/\/www.laselvaturisme.com\/wp-content\/uploads\/2016\/12\/GR92_LloretdeMar-TossadeMar.pdf\">http:\/\/www.laselvaturisme.com\/wp-content\/uploads\/2016\/12\/GR92_LloretdeMar-TossadeMar.pdf<\/a>"}],"direccio":{"titol_bloc":"Salida","contingut_bloc":"<a href=\"https:\/\/www.google.com\/maps\/place\/Museu+del+Mar\/@41.699625,2.8507361,15z\/data=!4m2!3m1!1s0x0:0xeb5bea8a786c55ea?sa=X&amp;ved=2ahUKEwii097e_9zmAhXt6eAKHWwmBYoQ_BIwCnoECA0QCA\">Museo del Mar<\/a>","mapa":{"address":"Passeig de Camprodon i Arrieta, 2, 17310 Lloret de Mar, Girona, Espanya","lat":41.699624999999997,"lng":2.8507361000000002,"zoom":14,"place_id":"ChIJ8aJlIzEXuxIR6lVseIrqW-s","street_number":2,"street_name":"Passeig de Camprodon i Arrieta","city":"Lloret de Mar","state":"Catalunya","state_short":"CT","post_code":17310,"country":"Espanya","country_short":"ES"}},"mes_informacio":{"titol_mes_info":"M\u00e9s informaci\u00f3","contingut_mes_info":"<strong>Tel\u00e8fon: <\/strong>+34 972 365 788\r\n<strong>E-mail:<\/strong> <a href=\"mailto:central-turisme@lloret.cat\">central-turisme@lloret.cat<\/a>\r\n<strong>Web:<\/strong> <a href=\"http:\/\/www.lloretdemar.org\/\">www.lloretdemar.org<\/a>\r\n\r\n&nbsp;"},"viatge":{"titol_viatge":"\u00bfNecesitas m\u00e1s informaci\u00f3n?","contingut_viatge":"Cont\u00e1ctanos y preg\u00fantanos todo lo que quieras en Lloret Turismo","link_viatge":{"title":"Preg\u00fantanos","url":"mailto:lloret-turisme@lloret.cat","target":""}},"apartats":[{"acf_fc_layout":"bloc_amplada_completa","amb_marges":false,"html_js":"<div  style=\"width:92%; height:80vh; display:inline-block; margin-left:4%; margin-bottom:25px; border: 1px solid #fd5151\">\r\n<div \r\n\t\tid=\"bWidgetMap\"\r\n\t\tintegration=\"segment\"\r\n\t\tparenturiprefix=\"bwidget:\"\r\n\t\tembedurl=\"https:\/\/maps.lloretdemar.org\"\r\n\t\tembedmainuri=\"\/es\/camino-de-ronda-lloret-mar-tossa-de-mar\"\r\n\t\tonFocus=\"\"\r\n\t\tonFocusOut=\"\"\r\n                btnColor='#fd5151'\r\n                showButtons = \"true\"\r\n                viewMapText = \"MAPA INTERACTIVO\"\r\n               >\r\n<\/div>\r\n<script type=\"text\/javascript\" src=\"https:\/\/maps.lloretdemar.org\/embed.js\"><\/script>\r\n<\/div>"}]},"yoast_head":"<!-- This site is optimized with the Yoast SEO plugin v27.5 - https:\/\/yoast.com\/product\/yoast-seo-wordpress\/ -->\n<title>Camino de ronda Lloret de Mar - Tossa de Mar - Lloret de Mar<\/title>\n<meta name=\"description\" content=\"El recorrido costero de unos 12 km de longitud que separa Lloret de Mar de Tossa de Mar es una monta\u00f1a rusa que sube y baja acantilados. La excursi\u00f3n exige una buena forma f\u00edsica, ya que algunos tramos pasan por zonas asfaltadas y hay que prestar atenci\u00f3n a las se\u00f1alizaciones, pero tendr\u00e1s ocasi\u00f3n de hacer&hellip;\" \/>\n<meta name=\"robots\" content=\"index, follow, max-snippet:-1, max-image-preview:large, max-video-preview:-1\" \/>\n<link rel=\"canonical\" href=\"https:\/\/lloretdemar.org\/es\/que-hacer-en-lloret\/lloret-de-mar-de-dia\/camino-de-ronda\/camino-de-ronda-lloret-de-mar-tossa-de-mar\/\" \/>\n<meta property=\"og:locale\" content=\"es_ES\" \/>\n<meta property=\"og:type\" content=\"article\" \/>\n<meta property=\"og:title\" content=\"Camino de ronda Lloret de Mar - Tossa de Mar - Lloret de Mar\" \/>\n<meta property=\"og:description\" content=\"El recorrido costero de unos 12 km de longitud que separa Lloret de Mar de Tossa de Mar es una monta\u00f1a rusa que sube y baja acantilados. La excursi\u00f3n exige una buena forma f\u00edsica, ya que algunos tramos pasan por zonas asfaltadas y hay que prestar atenci\u00f3n a las se\u00f1alizaciones, pero tendr\u00e1s ocasi\u00f3n de hacer&hellip;\" \/>\n<meta property=\"og:url\" content=\"https:\/\/lloretdemar.org\/es\/que-hacer-en-lloret\/lloret-de-mar-de-dia\/camino-de-ronda\/camino-de-ronda-lloret-de-mar-tossa-de-mar\/\" \/>\n<meta property=\"og:site_name\" content=\"Lloret de Mar\" \/>\n<meta property=\"article:publisher\" content=\"https:\/\/www.facebook.com\/Lloretturisme\" \/>\n<meta property=\"article:modified_time\" content=\"2022-09-05T11:53:07+00:00\" \/>\n<meta property=\"og:image\" content=\"https:\/\/lloretdemar.org\/wp-content\/uploads\/2020\/01\/camironda3.jpg\" \/>\n\t<meta property=\"og:image:width\" content=\"1123\" \/>\n\t<meta property=\"og:image:height\" content=\"608\" \/>\n\t<meta property=\"og:image:type\" content=\"image\/jpeg\" \/>\n<meta name=\"twitter:card\" content=\"summary_large_image\" \/>\n<meta name=\"twitter:site\" content=\"@lloretturisme\" \/>\n<meta name=\"twitter:label1\" content=\"Tiempo de lectura\" \/>\n\t<meta name=\"twitter:data1\" content=\"1 minuto\" \/>\n<script type=\"application\/ld+json\" class=\"yoast-schema-graph\">{\"@context\":\"https:\\\/\\\/schema.org\",\"@graph\":[{\"@type\":\"WebPage\",\"@id\":\"https:\\\/\\\/lloretdemar.org\\\/es\\\/que-hacer-en-lloret\\\/lloret-de-mar-de-dia\\\/camino-de-ronda\\\/camino-de-ronda-lloret-de-mar-tossa-de-mar\\\/\",\"url\":\"https:\\\/\\\/lloretdemar.org\\\/es\\\/que-hacer-en-lloret\\\/lloret-de-mar-de-dia\\\/camino-de-ronda\\\/camino-de-ronda-lloret-de-mar-tossa-de-mar\\\/\",\"name\":\"Camino de ronda Lloret de Mar - Tossa de Mar - Lloret de Mar\",\"isPartOf\":{\"@id\":\"https:\\\/\\\/lloretdemar.org\\\/es\\\/#website\"},\"primaryImageOfPage\":{\"@id\":\"https:\\\/\\\/lloretdemar.org\\\/es\\\/que-hacer-en-lloret\\\/lloret-de-mar-de-dia\\\/camino-de-ronda\\\/camino-de-ronda-lloret-de-mar-tossa-de-mar\\\/#primaryimage\"},\"image\":{\"@id\":\"https:\\\/\\\/lloretdemar.org\\\/es\\\/que-hacer-en-lloret\\\/lloret-de-mar-de-dia\\\/camino-de-ronda\\\/camino-de-ronda-lloret-de-mar-tossa-de-mar\\\/#primaryimage\"},\"thumbnailUrl\":\"https:\\\/\\\/lloretdemar.org\\\/wp-content\\\/uploads\\\/2020\\\/01\\\/camironda3.jpg\",\"datePublished\":\"2019-12-30T09:17:04+00:00\",\"dateModified\":\"2022-09-05T11:53:07+00:00\",\"description\":\"Lloret de Mar\",\"breadcrumb\":{\"@id\":\"https:\\\/\\\/lloretdemar.org\\\/es\\\/que-hacer-en-lloret\\\/lloret-de-mar-de-dia\\\/camino-de-ronda\\\/camino-de-ronda-lloret-de-mar-tossa-de-mar\\\/#breadcrumb\"},\"inLanguage\":\"es\",\"potentialAction\":[{\"@type\":\"ReadAction\",\"target\":[\"https:\\\/\\\/lloretdemar.org\\\/es\\\/que-hacer-en-lloret\\\/lloret-de-mar-de-dia\\\/camino-de-ronda\\\/camino-de-ronda-lloret-de-mar-tossa-de-mar\\\/\"]}]},{\"@type\":\"ImageObject\",\"inLanguage\":\"es\",\"@id\":\"https:\\\/\\\/lloretdemar.org\\\/es\\\/que-hacer-en-lloret\\\/lloret-de-mar-de-dia\\\/camino-de-ronda\\\/camino-de-ronda-lloret-de-mar-tossa-de-mar\\\/#primaryimage\",\"url\":\"https:\\\/\\\/lloretdemar.org\\\/wp-content\\\/uploads\\\/2020\\\/01\\\/camironda3.jpg\",\"contentUrl\":\"https:\\\/\\\/lloretdemar.org\\\/wp-content\\\/uploads\\\/2020\\\/01\\\/camironda3.jpg\",\"width\":1123,\"height\":608,\"caption\":\"activitats a Lloret de Mar\"},{\"@type\":\"BreadcrumbList\",\"@id\":\"https:\\\/\\\/lloretdemar.org\\\/es\\\/que-hacer-en-lloret\\\/lloret-de-mar-de-dia\\\/camino-de-ronda\\\/camino-de-ronda-lloret-de-mar-tossa-de-mar\\\/#breadcrumb\",\"itemListElement\":[{\"@type\":\"ListItem\",\"position\":1,\"name\":\"Home\",\"item\":\"https:\\\/\\\/lloretdemar.org\\\/es\\\/\"},{\"@type\":\"ListItem\",\"position\":2,\"name\":\"Qu\u00e9 hacer en Lloret\",\"item\":\"https:\\\/\\\/lloretdemar.org\\\/es\\\/que-hacer-en-lloret\\\/\"},{\"@type\":\"ListItem\",\"position\":3,\"name\":\"Lloret de Mar de D\u00eda\",\"item\":\"https:\\\/\\\/lloretdemar.org\\\/es\\\/que-hacer-en-lloret\\\/lloret-de-mar-de-dia\\\/\"},{\"@type\":\"ListItem\",\"position\":4,\"name\":\"Camino de ronda\",\"item\":\"https:\\\/\\\/lloretdemar.org\\\/es\\\/que-hacer-en-lloret\\\/lloret-de-mar-de-dia\\\/camino-de-ronda\\\/\"},{\"@type\":\"ListItem\",\"position\":5,\"name\":\"Camino de ronda Lloret de Mar &#8211; Tossa de Mar\"}]},{\"@type\":\"WebSite\",\"@id\":\"https:\\\/\\\/lloretdemar.org\\\/es\\\/#website\",\"url\":\"https:\\\/\\\/lloretdemar.org\\\/es\\\/\",\"name\":\"Lloret de Mar\",\"description\":\"\",\"publisher\":{\"@id\":\"https:\\\/\\\/lloretdemar.org\\\/es\\\/#organization\"},\"potentialAction\":[{\"@type\":\"SearchAction\",\"target\":{\"@type\":\"EntryPoint\",\"urlTemplate\":\"https:\\\/\\\/lloretdemar.org\\\/es\\\/?s={search_term_string}\"},\"query-input\":{\"@type\":\"PropertyValueSpecification\",\"valueRequired\":true,\"valueName\":\"search_term_string\"}}],\"inLanguage\":\"es\"},{\"@type\":\"Organization\",\"@id\":\"https:\\\/\\\/lloretdemar.org\\\/es\\\/#organization\",\"name\":\"Lloret de Mar\",\"url\":\"https:\\\/\\\/lloretdemar.org\\\/es\\\/\",\"logo\":{\"@type\":\"ImageObject\",\"inLanguage\":\"es\",\"@id\":\"https:\\\/\\\/lloretdemar.org\\\/es\\\/#\\\/schema\\\/logo\\\/image\\\/\",\"url\":\"https:\\\/\\\/lloretdemar.org\\\/wp-content\\\/uploads\\\/2020\\\/05\\\/lloret-de-mar-logo.png\",\"contentUrl\":\"https:\\\/\\\/lloretdemar.org\\\/wp-content\\\/uploads\\\/2020\\\/05\\\/lloret-de-mar-logo.png\",\"width\":87,\"height\":38,\"caption\":\"Lloret de Mar\"},\"image\":{\"@id\":\"https:\\\/\\\/lloretdemar.org\\\/es\\\/#\\\/schema\\\/logo\\\/image\\\/\"},\"sameAs\":[\"https:\\\/\\\/www.facebook.com\\\/Lloretturisme\",\"https:\\\/\\\/x.com\\\/lloretturisme\",\"https:\\\/\\\/instagram.com\\\/lloretturisme\",\"https:\\\/\\\/www.youtube.com\\\/LloretTurisme\"]}]}<\/script>\n<!-- \/ Yoast SEO plugin. -->","yoast_head_json":{"title":"Camino de ronda Lloret de Mar - Tossa de Mar - Lloret de Mar","description":"El recorrido costero de unos 12 km de longitud que separa Lloret de Mar de Tossa de Mar es una monta\u00f1a rusa que sube y baja acantilados. La excursi\u00f3n exige una buena forma f\u00edsica, ya que algunos tramos pasan por zonas asfaltadas y hay que prestar atenci\u00f3n a las se\u00f1alizaciones, pero tendr\u00e1s ocasi\u00f3n de hacer&hellip;","robots":{"index":"index","follow":"follow","max-snippet":"max-snippet:-1","max-image-preview":"max-image-preview:large","max-video-preview":"max-video-preview:-1"},"canonical":"https:\/\/lloretdemar.org\/es\/que-hacer-en-lloret\/lloret-de-mar-de-dia\/camino-de-ronda\/camino-de-ronda-lloret-de-mar-tossa-de-mar\/","og_locale":"es_ES","og_type":"article","og_title":"Camino de ronda Lloret de Mar - Tossa de Mar - Lloret de Mar","og_description":"El recorrido costero de unos 12 km de longitud que separa Lloret de Mar de Tossa de Mar es una monta\u00f1a rusa que sube y baja acantilados. La excursi\u00f3n exige una buena forma f\u00edsica, ya que algunos tramos pasan por zonas asfaltadas y hay que prestar atenci\u00f3n a las se\u00f1alizaciones, pero tendr\u00e1s ocasi\u00f3n de hacer&hellip;","og_url":"https:\/\/lloretdemar.org\/es\/que-hacer-en-lloret\/lloret-de-mar-de-dia\/camino-de-ronda\/camino-de-ronda-lloret-de-mar-tossa-de-mar\/","og_site_name":"Lloret de Mar","article_publisher":"https:\/\/www.facebook.com\/Lloretturisme","article_modified_time":"2022-09-05T11:53:07+00:00","og_image":[{"width":1123,"height":608,"url":"https:\/\/lloretdemar.org\/wp-content\/uploads\/2020\/01\/camironda3.jpg","type":"image\/jpeg"}],"twitter_card":"summary_large_image","twitter_site":"@lloretturisme","twitter_misc":{"Tiempo de lectura":"1 minuto"},"schema":{"@context":"https:\/\/schema.org","@graph":[{"@type":"WebPage","@id":"https:\/\/lloretdemar.org\/es\/que-hacer-en-lloret\/lloret-de-mar-de-dia\/camino-de-ronda\/camino-de-ronda-lloret-de-mar-tossa-de-mar\/","url":"https:\/\/lloretdemar.org\/es\/que-hacer-en-lloret\/lloret-de-mar-de-dia\/camino-de-ronda\/camino-de-ronda-lloret-de-mar-tossa-de-mar\/","name":"Camino de ronda Lloret de Mar - Tossa de Mar - Lloret de Mar","isPartOf":{"@id":"https:\/\/lloretdemar.org\/es\/#website"},"primaryImageOfPage":{"@id":"https:\/\/lloretdemar.org\/es\/que-hacer-en-lloret\/lloret-de-mar-de-dia\/camino-de-ronda\/camino-de-ronda-lloret-de-mar-tossa-de-mar\/#primaryimage"},"image":{"@id":"https:\/\/lloretdemar.org\/es\/que-hacer-en-lloret\/lloret-de-mar-de-dia\/camino-de-ronda\/camino-de-ronda-lloret-de-mar-tossa-de-mar\/#primaryimage"},"thumbnailUrl":"https:\/\/lloretdemar.org\/wp-content\/uploads\/2020\/01\/camironda3.jpg","datePublished":"2019-12-30T09:17:04+00:00","dateModified":"2022-09-05T11:53:07+00:00","description":"Lloret de Mar","breadcrumb":{"@id":"https:\/\/lloretdemar.org\/es\/que-hacer-en-lloret\/lloret-de-mar-de-dia\/camino-de-ronda\/camino-de-ronda-lloret-de-mar-tossa-de-mar\/#breadcrumb"},"inLanguage":"es","potentialAction":[{"@type":"ReadAction","target":["https:\/\/lloretdemar.org\/es\/que-hacer-en-lloret\/lloret-de-mar-de-dia\/camino-de-ronda\/camino-de-ronda-lloret-de-mar-tossa-de-mar\/"]}]},{"@type":"ImageObject","inLanguage":"es","@id":"https:\/\/lloretdemar.org\/es\/que-hacer-en-lloret\/lloret-de-mar-de-dia\/camino-de-ronda\/camino-de-ronda-lloret-de-mar-tossa-de-mar\/#primaryimage","url":"https:\/\/lloretdemar.org\/wp-content\/uploads\/2020\/01\/camironda3.jpg","contentUrl":"https:\/\/lloretdemar.org\/wp-content\/uploads\/2020\/01\/camironda3.jpg","width":1123,"height":608,"caption":"activitats a Lloret de Mar"},{"@type":"BreadcrumbList","@id":"https:\/\/lloretdemar.org\/es\/que-hacer-en-lloret\/lloret-de-mar-de-dia\/camino-de-ronda\/camino-de-ronda-lloret-de-mar-tossa-de-mar\/#breadcrumb","itemListElement":[{"@type":"ListItem","position":1,"name":"Home","item":"https:\/\/lloretdemar.org\/es\/"},{"@type":"ListItem","position":2,"name":"Qu\u00e9 hacer en Lloret","item":"https:\/\/lloretdemar.org\/es\/que-hacer-en-lloret\/"},{"@type":"ListItem","position":3,"name":"Lloret de Mar de D\u00eda","item":"https:\/\/lloretdemar.org\/es\/que-hacer-en-lloret\/lloret-de-mar-de-dia\/"},{"@type":"ListItem","position":4,"name":"Camino de ronda","item":"https:\/\/lloretdemar.org\/es\/que-hacer-en-lloret\/lloret-de-mar-de-dia\/camino-de-ronda\/"},{"@type":"ListItem","position":5,"name":"Camino de ronda Lloret de Mar &#8211; Tossa de Mar"}]},{"@type":"WebSite","@id":"https:\/\/lloretdemar.org\/es\/#website","url":"https:\/\/lloretdemar.org\/es\/","name":"Lloret de Mar","description":"","publisher":{"@id":"https:\/\/lloretdemar.org\/es\/#organization"},"potentialAction":[{"@type":"SearchAction","target":{"@type":"EntryPoint","urlTemplate":"https:\/\/lloretdemar.org\/es\/?s={search_term_string}"},"query-input":{"@type":"PropertyValueSpecification","valueRequired":true,"valueName":"search_term_string"}}],"inLanguage":"es"},{"@type":"Organization","@id":"https:\/\/lloretdemar.org\/es\/#organization","name":"Lloret de Mar","url":"https:\/\/lloretdemar.org\/es\/","logo":{"@type":"ImageObject","inLanguage":"es","@id":"https:\/\/lloretdemar.org\/es\/#\/schema\/logo\/image\/","url":"https:\/\/lloretdemar.org\/wp-content\/uploads\/2020\/05\/lloret-de-mar-logo.png","contentUrl":"https:\/\/lloretdemar.org\/wp-content\/uploads\/2020\/05\/lloret-de-mar-logo.png","width":87,"height":38,"caption":"Lloret de Mar"},"image":{"@id":"https:\/\/lloretdemar.org\/es\/#\/schema\/logo\/image\/"},"sameAs":["https:\/\/www.facebook.com\/Lloretturisme","https:\/\/x.com\/lloretturisme","https:\/\/instagram.com\/lloretturisme","https:\/\/www.youtube.com\/LloretTurisme"]}]}},"_links":{"self":[{"href":"https:\/\/lloretdemar.org\/es\/wp-json\/wp\/v2\/pages\/10067","targetHints":{"allow":["GET"]}}],"collection":[{"href":"https:\/\/lloretdemar.org\/es\/wp-json\/wp\/v2\/pages"}],"about":[{"href":"https:\/\/lloretdemar.org\/es\/wp-json\/wp\/v2\/types\/page"}],"author":[{"embeddable":true,"href":"https:\/\/lloretdemar.org\/es\/wp-json\/wp\/v2\/users\/12"}],"replies":[{"embeddable":true,"href":"https:\/\/lloretdemar.org\/es\/wp-json\/wp\/v2\/comments?post=10067"}],"version-history":[{"count":4,"href":"https:\/\/lloretdemar.org\/es\/wp-json\/wp\/v2\/pages\/10067\/revisions"}],"predecessor-version":[{"id":30446,"href":"https:\/\/lloretdemar.org\/es\/wp-json\/wp\/v2\/pages\/10067\/revisions\/30446"}],"up":[{"embeddable":true,"href":"https:\/\/lloretdemar.org\/es\/wp-json\/wp\/v2\/pages\/10060"}],"wp:featuredmedia":[{"embeddable":true,"href":"https:\/\/lloretdemar.org\/es\/wp-json\/wp\/v2\/media\/4215"}],"wp:attachment":[{"href":"https:\/\/lloretdemar.org\/es\/wp-json\/wp\/v2\/media?parent=10067"}],"curies":[{"name":"wp","href":"https:\/\/api.w.org\/{rel}","templated":true}]}}