{"id":10055,"date":"2019-12-23T16:00:50","date_gmt":"2019-12-23T15:00:50","guid":{"rendered":"http:\/\/lloretdemar.org\/lloret-de-mar-de-dia\/platges\/gestio-de-les-platges-a-lloret-de-mar\/"},"modified":"2020-05-21T11:42:25","modified_gmt":"2020-05-21T09:42:25","slug":"gestion-de-las-playas-en-lloret-de-mar","status":"publish","type":"page","link":"https:\/\/lloretdemar.org\/es\/que-hacer-en-lloret\/lloret-de-mar-de-dia\/playas\/gestion-de-las-playas-en-lloret-de-mar\/","title":{"rendered":"Gesti\u00f3n de las playas en Lloret de Mar"},"content":{"rendered":"","protected":false},"excerpt":{"rendered":"","protected":false},"author":12,"featured_media":0,"parent":10034,"menu_order":0,"comment_status":"closed","ping_status":"closed","template":"page-templates\/informacio-3.php","meta":{"_acf_changed":false,"content-type":"","footnotes":""},"class_list":["post-10055","page","type-page","status-publish","hentry"],"acf":{"banner_imatge":5882,"banner_titol":"Gesti\u00f3n de las playas en Lloret de Mar","banner_subtitol":"","botons_blanc_o_negres":"defecte","banner_links":null,"apartats":null,"columna_esquerra":"Las playas constituyen, dentro del sector tur\u00edstico y especialmente en el Mediterr\u00e1neo, un recurso tur\u00edstico fundamental y de primer orden.\r\n\r\nAdem\u00e1s de los atractivos naturales, a una playa se le piden muchos otros servicios, unos para aliviar los efectos de la presi\u00f3n humana sobre la naturaleza y otros por los propios usuarios, que cada d\u00eda exigen una mejor calidad de dichos servicios.\r\n\r\nAs\u00ed, un ejemplo de los primeros ser\u00eda, entre otros, la necesidad de mantener el agua y la arena limpias; entre los segundos podr\u00edan considerarse las duchas, los establecimientos de bebidas y alimentos, los puntos de socorro o salvamento, tel\u00e9fonos p\u00fablicos, espacio para la pr\u00e1ctica de deportes n\u00e1uticos, alquiler de utensilios de playa, mantener los accesos en condiciones, ofrecer zonas de aparcamiento en los alrededores de playas, etc.","columna_dreta":"Para disponer de m\u00e1s informaci\u00f3n sobre los objetivos, resultados de los indicadores u otros datos relativos al sistema de gesti\u00f3n, puede ponerse en contacto con el \u00e1rea de medio ambiente a trav\u00e9s de la direcci\u00f3n <strong><a href=\"mailto:mediambient@lloret.cat\">mediambient@lloret.cat<\/a><\/strong>\r\n\r\n&nbsp;\r\n\r\n<strong><a href=\"http:\/\/lloretdemar.org\/images\/publicacions\/politica-ambiental-cat.pdf\">Pol\u00edtica ambiental y calidad de playas (29\/03\/07)<\/a><\/strong>","color_fons":"","imatge_fons":"","blocs_rosa_titol":"","blocs_rosa_subtitol":"","blocs_rosa":null,"frase":"","festius_titol":"","festius_subtitol":"","festius_llista":null,"banner_hub_imatge":"","banner_hub_imatge_titol":"","banner_hub_titol":"","banner_hub_text":"","banner_hub_link":""},"yoast_head":"<!-- This site is optimized with the Yoast SEO plugin v27.5 - https:\/\/yoast.com\/product\/yoast-seo-wordpress\/ -->\n<title>Gesti\u00f3n de las playas en Lloret de Mar - Lloret de Mar<\/title>\n<meta name=\"robots\" content=\"index, follow, max-snippet:-1, max-image-preview:large, max-video-preview:-1\" \/>\n<link rel=\"canonical\" href=\"https:\/\/lloretdemar.org\/es\/que-hacer-en-lloret\/lloret-de-mar-de-dia\/playas\/gestion-de-las-playas-en-lloret-de-mar\/\" \/>\n<meta property=\"og:locale\" content=\"es_ES\" \/>\n<meta property=\"og:type\" content=\"article\" \/>\n<meta property=\"og:title\" content=\"Gesti\u00f3n de las playas en Lloret de Mar - Lloret de Mar\" \/>\n<meta property=\"og:url\" content=\"https:\/\/lloretdemar.org\/es\/que-hacer-en-lloret\/lloret-de-mar-de-dia\/playas\/gestion-de-las-playas-en-lloret-de-mar\/\" \/>\n<meta property=\"og:site_name\" content=\"Lloret de Mar\" \/>\n<meta property=\"article:publisher\" content=\"https:\/\/www.facebook.com\/Lloretturisme\" \/>\n<meta property=\"article:modified_time\" content=\"2020-05-21T09:42:25+00:00\" \/>\n<meta property=\"og:image\" content=\"https:\/\/lloretdemar.org\/wp-content\/uploads\/2020\/02\/slide-gestio-platges.jpg\" \/>\n\t<meta property=\"og:image:width\" content=\"1920\" \/>\n\t<meta property=\"og:image:height\" content=\"885\" \/>\n\t<meta property=\"og:image:type\" content=\"image\/jpeg\" \/>\n<meta name=\"twitter:card\" content=\"summary_large_image\" \/>\n<meta name=\"twitter:site\" content=\"@lloretturisme\" \/>\n<script type=\"application\/ld+json\" class=\"yoast-schema-graph\">{\"@context\":\"https:\\\/\\\/schema.org\",\"@graph\":[{\"@type\":\"WebPage\",\"@id\":\"https:\\\/\\\/lloretdemar.org\\\/es\\\/que-hacer-en-lloret\\\/lloret-de-mar-de-dia\\\/playas\\\/gestion-de-las-playas-en-lloret-de-mar\\\/\",\"url\":\"https:\\\/\\\/lloretdemar.org\\\/es\\\/que-hacer-en-lloret\\\/lloret-de-mar-de-dia\\\/playas\\\/gestion-de-las-playas-en-lloret-de-mar\\\/\",\"name\":\"Gesti\u00f3n de las playas en Lloret de Mar - Lloret de Mar\",\"isPartOf\":{\"@id\":\"https:\\\/\\\/lloretdemar.org\\\/es\\\/#website\"},\"datePublished\":\"2019-12-23T15:00:50+00:00\",\"dateModified\":\"2020-05-21T09:42:25+00:00\",\"description\":\"Lloret de Mar\",\"breadcrumb\":{\"@id\":\"https:\\\/\\\/lloretdemar.org\\\/es\\\/que-hacer-en-lloret\\\/lloret-de-mar-de-dia\\\/playas\\\/gestion-de-las-playas-en-lloret-de-mar\\\/#breadcrumb\"},\"inLanguage\":\"es\",\"potentialAction\":[{\"@type\":\"ReadAction\",\"target\":[\"https:\\\/\\\/lloretdemar.org\\\/es\\\/que-hacer-en-lloret\\\/lloret-de-mar-de-dia\\\/playas\\\/gestion-de-las-playas-en-lloret-de-mar\\\/\"]}]},{\"@type\":\"BreadcrumbList\",\"@id\":\"https:\\\/\\\/lloretdemar.org\\\/es\\\/que-hacer-en-lloret\\\/lloret-de-mar-de-dia\\\/playas\\\/gestion-de-las-playas-en-lloret-de-mar\\\/#breadcrumb\",\"itemListElement\":[{\"@type\":\"ListItem\",\"position\":1,\"name\":\"Home\",\"item\":\"https:\\\/\\\/lloretdemar.org\\\/es\\\/\"},{\"@type\":\"ListItem\",\"position\":2,\"name\":\"Qu\u00e9 hacer en Lloret\",\"item\":\"https:\\\/\\\/lloretdemar.org\\\/es\\\/que-hacer-en-lloret\\\/\"},{\"@type\":\"ListItem\",\"position\":3,\"name\":\"Lloret de Mar de D\u00eda\",\"item\":\"https:\\\/\\\/lloretdemar.org\\\/es\\\/que-hacer-en-lloret\\\/lloret-de-mar-de-dia\\\/\"},{\"@type\":\"ListItem\",\"position\":4,\"name\":\"Playas\",\"item\":\"https:\\\/\\\/lloretdemar.org\\\/es\\\/que-hacer-en-lloret\\\/lloret-de-mar-de-dia\\\/playas\\\/\"},{\"@type\":\"ListItem\",\"position\":5,\"name\":\"Gesti\u00f3n de las playas en Lloret de Mar\"}]},{\"@type\":\"WebSite\",\"@id\":\"https:\\\/\\\/lloretdemar.org\\\/es\\\/#website\",\"url\":\"https:\\\/\\\/lloretdemar.org\\\/es\\\/\",\"name\":\"Lloret de Mar\",\"description\":\"\",\"publisher\":{\"@id\":\"https:\\\/\\\/lloretdemar.org\\\/es\\\/#organization\"},\"potentialAction\":[{\"@type\":\"SearchAction\",\"target\":{\"@type\":\"EntryPoint\",\"urlTemplate\":\"https:\\\/\\\/lloretdemar.org\\\/es\\\/?s={search_term_string}\"},\"query-input\":{\"@type\":\"PropertyValueSpecification\",\"valueRequired\":true,\"valueName\":\"search_term_string\"}}],\"inLanguage\":\"es\"},{\"@type\":\"Organization\",\"@id\":\"https:\\\/\\\/lloretdemar.org\\\/es\\\/#organization\",\"name\":\"Lloret de Mar\",\"url\":\"https:\\\/\\\/lloretdemar.org\\\/es\\\/\",\"logo\":{\"@type\":\"ImageObject\",\"inLanguage\":\"es\",\"@id\":\"https:\\\/\\\/lloretdemar.org\\\/es\\\/#\\\/schema\\\/logo\\\/image\\\/\",\"url\":\"https:\\\/\\\/lloretdemar.org\\\/wp-content\\\/uploads\\\/2020\\\/05\\\/lloret-de-mar-logo.png\",\"contentUrl\":\"https:\\\/\\\/lloretdemar.org\\\/wp-content\\\/uploads\\\/2020\\\/05\\\/lloret-de-mar-logo.png\",\"width\":87,\"height\":38,\"caption\":\"Lloret de Mar\"},\"image\":{\"@id\":\"https:\\\/\\\/lloretdemar.org\\\/es\\\/#\\\/schema\\\/logo\\\/image\\\/\"},\"sameAs\":[\"https:\\\/\\\/www.facebook.com\\\/Lloretturisme\",\"https:\\\/\\\/x.com\\\/lloretturisme\",\"https:\\\/\\\/instagram.com\\\/lloretturisme\",\"https:\\\/\\\/www.youtube.com\\\/LloretTurisme\"]}]}<\/script>\n<!-- \/ Yoast SEO plugin. -->","yoast_head_json":{"title":"Gesti\u00f3n de las playas en Lloret de Mar - Lloret de Mar","robots":{"index":"index","follow":"follow","max-snippet":"max-snippet:-1","max-image-preview":"max-image-preview:large","max-video-preview":"max-video-preview:-1"},"canonical":"https:\/\/lloretdemar.org\/es\/que-hacer-en-lloret\/lloret-de-mar-de-dia\/playas\/gestion-de-las-playas-en-lloret-de-mar\/","og_locale":"es_ES","og_type":"article","og_title":"Gesti\u00f3n de las playas en Lloret de Mar - Lloret de Mar","og_url":"https:\/\/lloretdemar.org\/es\/que-hacer-en-lloret\/lloret-de-mar-de-dia\/playas\/gestion-de-las-playas-en-lloret-de-mar\/","og_site_name":"Lloret de Mar","article_publisher":"https:\/\/www.facebook.com\/Lloretturisme","article_modified_time":"2020-05-21T09:42:25+00:00","og_image":[{"width":1920,"height":885,"url":"https:\/\/lloretdemar.org\/wp-content\/uploads\/2020\/02\/slide-gestio-platges.jpg","type":"image\/jpeg"}],"twitter_card":"summary_large_image","twitter_site":"@lloretturisme","schema":{"@context":"https:\/\/schema.org","@graph":[{"@type":"WebPage","@id":"https:\/\/lloretdemar.org\/es\/que-hacer-en-lloret\/lloret-de-mar-de-dia\/playas\/gestion-de-las-playas-en-lloret-de-mar\/","url":"https:\/\/lloretdemar.org\/es\/que-hacer-en-lloret\/lloret-de-mar-de-dia\/playas\/gestion-de-las-playas-en-lloret-de-mar\/","name":"Gesti\u00f3n de las playas en Lloret de Mar - Lloret de Mar","isPartOf":{"@id":"https:\/\/lloretdemar.org\/es\/#website"},"datePublished":"2019-12-23T15:00:50+00:00","dateModified":"2020-05-21T09:42:25+00:00","description":"Lloret de Mar","breadcrumb":{"@id":"https:\/\/lloretdemar.org\/es\/que-hacer-en-lloret\/lloret-de-mar-de-dia\/playas\/gestion-de-las-playas-en-lloret-de-mar\/#breadcrumb"},"inLanguage":"es","potentialAction":[{"@type":"ReadAction","target":["https:\/\/lloretdemar.org\/es\/que-hacer-en-lloret\/lloret-de-mar-de-dia\/playas\/gestion-de-las-playas-en-lloret-de-mar\/"]}]},{"@type":"BreadcrumbList","@id":"https:\/\/lloretdemar.org\/es\/que-hacer-en-lloret\/lloret-de-mar-de-dia\/playas\/gestion-de-las-playas-en-lloret-de-mar\/#breadcrumb","itemListElement":[{"@type":"ListItem","position":1,"name":"Home","item":"https:\/\/lloretdemar.org\/es\/"},{"@type":"ListItem","position":2,"name":"Qu\u00e9 hacer en Lloret","item":"https:\/\/lloretdemar.org\/es\/que-hacer-en-lloret\/"},{"@type":"ListItem","position":3,"name":"Lloret de Mar de D\u00eda","item":"https:\/\/lloretdemar.org\/es\/que-hacer-en-lloret\/lloret-de-mar-de-dia\/"},{"@type":"ListItem","position":4,"name":"Playas","item":"https:\/\/lloretdemar.org\/es\/que-hacer-en-lloret\/lloret-de-mar-de-dia\/playas\/"},{"@type":"ListItem","position":5,"name":"Gesti\u00f3n de las playas en Lloret de Mar"}]},{"@type":"WebSite","@id":"https:\/\/lloretdemar.org\/es\/#website","url":"https:\/\/lloretdemar.org\/es\/","name":"Lloret de Mar","description":"","publisher":{"@id":"https:\/\/lloretdemar.org\/es\/#organization"},"potentialAction":[{"@type":"SearchAction","target":{"@type":"EntryPoint","urlTemplate":"https:\/\/lloretdemar.org\/es\/?s={search_term_string}"},"query-input":{"@type":"PropertyValueSpecification","valueRequired":true,"valueName":"search_term_string"}}],"inLanguage":"es"},{"@type":"Organization","@id":"https:\/\/lloretdemar.org\/es\/#organization","name":"Lloret de Mar","url":"https:\/\/lloretdemar.org\/es\/","logo":{"@type":"ImageObject","inLanguage":"es","@id":"https:\/\/lloretdemar.org\/es\/#\/schema\/logo\/image\/","url":"https:\/\/lloretdemar.org\/wp-content\/uploads\/2020\/05\/lloret-de-mar-logo.png","contentUrl":"https:\/\/lloretdemar.org\/wp-content\/uploads\/2020\/05\/lloret-de-mar-logo.png","width":87,"height":38,"caption":"Lloret de Mar"},"image":{"@id":"https:\/\/lloretdemar.org\/es\/#\/schema\/logo\/image\/"},"sameAs":["https:\/\/www.facebook.com\/Lloretturisme","https:\/\/x.com\/lloretturisme","https:\/\/instagram.com\/lloretturisme","https:\/\/www.youtube.com\/LloretTurisme"]}]}},"_links":{"self":[{"href":"https:\/\/lloretdemar.org\/es\/wp-json\/wp\/v2\/pages\/10055","targetHints":{"allow":["GET"]}}],"collection":[{"href":"https:\/\/lloretdemar.org\/es\/wp-json\/wp\/v2\/pages"}],"about":[{"href":"https:\/\/lloretdemar.org\/es\/wp-json\/wp\/v2\/types\/page"}],"author":[{"embeddable":true,"href":"https:\/\/lloretdemar.org\/es\/wp-json\/wp\/v2\/users\/12"}],"replies":[{"embeddable":true,"href":"https:\/\/lloretdemar.org\/es\/wp-json\/wp\/v2\/comments?post=10055"}],"version-history":[{"count":0,"href":"https:\/\/lloretdemar.org\/es\/wp-json\/wp\/v2\/pages\/10055\/revisions"}],"up":[{"embeddable":true,"href":"https:\/\/lloretdemar.org\/es\/wp-json\/wp\/v2\/pages\/10034"}],"wp:attachment":[{"href":"https:\/\/lloretdemar.org\/es\/wp-json\/wp\/v2\/media?parent=10055"}],"curies":[{"name":"wp","href":"https:\/\/api.w.org\/{rel}","templated":true}]}}