{"id":11667,"date":"2020-01-24T11:14:33","date_gmt":"2020-01-24T10:14:33","guid":{"rendered":"http:\/\/lloretdemar.org\/lloret-de-mar-de-dia\/cultura\/miradors\/"},"modified":"2020-05-21T11:53:03","modified_gmt":"2020-05-21T09:53:03","slug":"viewpoints","status":"publish","type":"page","link":"https:\/\/lloretdemar.org\/en\/what-to-do-in-lloret\/lloret-de-mar-in-the-daytime\/culture\/viewpoints\/","title":{"rendered":"Viewpoints"},"content":{"rendered":"\n<p> Discover the Costa Brava\u2019s magical nooks and crannies and surrounding natural environment. Admire charming settings hidden away from Lloret\u2019s daily bustle from viewpoints in unrivalled locations, such as cliffs or unmissable points of interest.<\/p>\n","protected":false},"excerpt":{"rendered":"<p>Discover the Costa Brava\u2019s magical nooks and crannies and surrounding natural environment. Admire charming settings hidden away from Lloret\u2019s daily bustle from viewpoints in unrivalled locations, such as cliffs or unmissable points of interest.<\/p>\n","protected":false},"author":12,"featured_media":0,"parent":11214,"menu_order":0,"comment_status":"closed","ping_status":"closed","template":"page-templates\/mouret-15.php","meta":{"_acf_changed":false,"content-type":"","footnotes":""},"class_list":["post-11667","page","type-page","status-publish","hentry"],"acf":{"banner_imatge":4536,"banner_titol":"Viewpoints","banner_subtitol":"","botons_blanc_o_negres":"defecte","banner_links":[{"es_post":false,"banner_link":{"title":"Tur\u00f3 Rod\u00f3","url":"http:\/\/lloretdemar.org\/en\/cultura\/turo-rodo\/","target":""},"link_intern":null,"link_intern_titol":""},{"es_post":false,"banner_link":{"title":"Coastal Trail","url":"http:\/\/lloretdemar.org\/en\/lloret-de-mar-de-dia\/cami-de-ronda\/","target":""},"link_intern":null,"link_intern_titol":""},{"es_post":false,"banner_link":{"title":"Saint Joan's Castle","url":"http:\/\/lloretdemar.org\/en\/cultura\/castell-de-sant-joan\/","target":""},"link_intern":null,"link_intern_titol":""},{"es_post":false,"banner_link":{"title":"Plaja's Castel","url":"http:\/\/lloretdemar.org\/en\/cultura\/castell-den-plaja\/","target":""},"link_intern":null,"link_intern_titol":""},{"es_post":false,"banner_link":{"title":"Dona Marinera","url":"http:\/\/lloretdemar.org\/en\/cultura\/dona-marinera\/","target":""},"link_intern":null,"link_intern_titol":""}],"blocs":[{"titol":"Tur\u00f3 Rod\u00f3","descripcio":"The settlement of Tur\u00f3 Rod\u00f3 is one of three Iberian archaeological sites that can be found around Lloret de Mar and is the closest to the town centre. This small Iberian settlement is located on a small peninsular promontory measuring 40 metres in height, just behind the iconic D\u2019en Plaja Castle.","imatge":4420,"es_enllac_intern_o_extern":"intern","link_intern":{"title":"More information","url":"http:\/\/lloretdemar.org\/en\/cultura\/turo-rodo\/","target":""},"link_extern":"","link_extern_text":""},{"titol":"Cam\u00ed de ronda","descripcio":"The best way to take in the essence of Lloret de Mar is to enjoy the many footpaths that trace their way along the coastline or wind their way into the forests, revealing all the secrets of the Mediterranean flora and fauna.","imatge":4539,"es_enllac_intern_o_extern":"intern","link_intern":{"title":"More information","url":"http:\/\/lloretdemar.org\/en\/lloret-de-mar-de-dia\/cami-de-ronda\/","target":""},"link_extern":"","link_extern_text":""},{"titol":"Saint Joan's Castle","descripcio":"Located on top of the mountain that separates the Lloret de Mar and Fenals beaches is an iconic mountain built in the 11th century CE.","imatge":4417,"es_enllac_intern_o_extern":"intern","link_intern":{"title":"More information","url":"http:\/\/lloretdemar.org\/en\/cultura\/castell-de-sant-joan\/","target":""},"link_extern":"","link_extern_text":""},{"titol":"Plaja's Castle","descripcio":"While it appears to be an ancient castle, it\u2019s actually a summer home built in 1935 by Girona industry magnate Narc\u00eds Plaja and designed by Girona architect Isidor Bosch.","imatge":4512,"es_enllac_intern_o_extern":"intern","link_intern":{"title":"More information","url":"http:\/\/lloretdemar.org\/en\/cultura\/castell-den-plaja\/","target":""},"link_extern":"","link_extern_text":""},{"titol":"Monument dona Marinera","descripcio":"In 1966, a bronze statue called the Dona Marinera (Fisherman\u2019s Wife) Monument was commissioned. You can admire this beautiful creation at the end of Lloret Beach. A piece by artist Ernest Maragall, its height of 2.4 m leaves a lasting impression.","imatge":4505,"es_enllac_intern_o_extern":"intern","link_intern":{"title":"More information","url":"http:\/\/lloretdemar.org\/en\/cultura\/dona-marinera\/","target":""},"link_extern":"","link_extern_text":""}],"titol_boto":"","document":"","apartats":null},"yoast_head":"<!-- This site is optimized with the Yoast SEO plugin v27.5 - https:\/\/yoast.com\/product\/yoast-seo-wordpress\/ -->\n<title>Viewpoints - Lloret de Mar<\/title>\n<meta name=\"description\" content=\"Discover the Costa Brava\u2019s magical nooks and crannies and surrounding natural environment. Admire charming settings hidden away from Lloret\u2019s daily bustle from viewpoints in unrivalled locations, such as cliffs or unmissable points of interest.\" \/>\n<meta name=\"robots\" content=\"index, follow, max-snippet:-1, max-image-preview:large, max-video-preview:-1\" \/>\n<link rel=\"canonical\" href=\"https:\/\/lloretdemar.org\/en\/what-to-do-in-lloret\/lloret-de-mar-in-the-daytime\/culture\/viewpoints\/\" \/>\n<meta property=\"og:locale\" content=\"en_US\" \/>\n<meta property=\"og:type\" content=\"article\" \/>\n<meta property=\"og:title\" content=\"Viewpoints - Lloret de Mar\" \/>\n<meta property=\"og:description\" content=\"Discover the Costa Brava\u2019s magical nooks and crannies and surrounding natural environment. Admire charming settings hidden away from Lloret\u2019s daily bustle from viewpoints in unrivalled locations, such as cliffs or unmissable points of interest.\" \/>\n<meta property=\"og:url\" content=\"https:\/\/lloretdemar.org\/en\/what-to-do-in-lloret\/lloret-de-mar-in-the-daytime\/culture\/viewpoints\/\" \/>\n<meta property=\"og:site_name\" content=\"Lloret de Mar\" \/>\n<meta property=\"article:publisher\" content=\"https:\/\/www.facebook.com\/Lloretturisme\" \/>\n<meta property=\"article:modified_time\" content=\"2020-05-21T09:53:03+00:00\" \/>\n<meta property=\"og:image\" content=\"https:\/\/lloretdemar.org\/wp-content\/uploads\/2020\/01\/lloret-categories6-1.jpg\" \/>\n\t<meta property=\"og:image:width\" content=\"1920\" \/>\n\t<meta property=\"og:image:height\" content=\"885\" \/>\n\t<meta property=\"og:image:type\" content=\"image\/jpeg\" \/>\n<meta name=\"twitter:card\" content=\"summary_large_image\" \/>\n<meta name=\"twitter:site\" content=\"@lloretturisme\" \/>\n<script type=\"application\/ld+json\" class=\"yoast-schema-graph\">{\"@context\":\"https:\\\/\\\/schema.org\",\"@graph\":[{\"@type\":\"WebPage\",\"@id\":\"https:\\\/\\\/lloretdemar.org\\\/en\\\/what-to-do-in-lloret\\\/lloret-de-mar-in-the-daytime\\\/culture\\\/viewpoints\\\/\",\"url\":\"https:\\\/\\\/lloretdemar.org\\\/en\\\/what-to-do-in-lloret\\\/lloret-de-mar-in-the-daytime\\\/culture\\\/viewpoints\\\/\",\"name\":\"Viewpoints - Lloret de Mar\",\"isPartOf\":{\"@id\":\"https:\\\/\\\/lloretdemar.org\\\/en\\\/#website\"},\"datePublished\":\"2020-01-24T10:14:33+00:00\",\"dateModified\":\"2020-05-21T09:53:03+00:00\",\"description\":\"Lloret de Mar\",\"breadcrumb\":{\"@id\":\"https:\\\/\\\/lloretdemar.org\\\/en\\\/what-to-do-in-lloret\\\/lloret-de-mar-in-the-daytime\\\/culture\\\/viewpoints\\\/#breadcrumb\"},\"inLanguage\":\"en-US\",\"potentialAction\":[{\"@type\":\"ReadAction\",\"target\":[\"https:\\\/\\\/lloretdemar.org\\\/en\\\/what-to-do-in-lloret\\\/lloret-de-mar-in-the-daytime\\\/culture\\\/viewpoints\\\/\"]}]},{\"@type\":\"BreadcrumbList\",\"@id\":\"https:\\\/\\\/lloretdemar.org\\\/en\\\/what-to-do-in-lloret\\\/lloret-de-mar-in-the-daytime\\\/culture\\\/viewpoints\\\/#breadcrumb\",\"itemListElement\":[{\"@type\":\"ListItem\",\"position\":1,\"name\":\"Home\",\"item\":\"https:\\\/\\\/lloretdemar.org\\\/en\\\/\"},{\"@type\":\"ListItem\",\"position\":2,\"name\":\"What to do in Lloret\",\"item\":\"https:\\\/\\\/lloretdemar.org\\\/en\\\/what-to-do-in-lloret\\\/\"},{\"@type\":\"ListItem\",\"position\":3,\"name\":\"Lloret de Mar in the Daytime\",\"item\":\"https:\\\/\\\/lloretdemar.org\\\/en\\\/what-to-do-in-lloret\\\/lloret-de-mar-in-the-daytime\\\/\"},{\"@type\":\"ListItem\",\"position\":4,\"name\":\"Culture\",\"item\":\"https:\\\/\\\/lloretdemar.org\\\/en\\\/what-to-do-in-lloret\\\/lloret-de-mar-in-the-daytime\\\/culture\\\/\"},{\"@type\":\"ListItem\",\"position\":5,\"name\":\"Viewpoints\"}]},{\"@type\":\"WebSite\",\"@id\":\"https:\\\/\\\/lloretdemar.org\\\/en\\\/#website\",\"url\":\"https:\\\/\\\/lloretdemar.org\\\/en\\\/\",\"name\":\"Lloret de Mar\",\"description\":\"\",\"publisher\":{\"@id\":\"https:\\\/\\\/lloretdemar.org\\\/en\\\/#organization\"},\"potentialAction\":[{\"@type\":\"SearchAction\",\"target\":{\"@type\":\"EntryPoint\",\"urlTemplate\":\"https:\\\/\\\/lloretdemar.org\\\/en\\\/?s={search_term_string}\"},\"query-input\":{\"@type\":\"PropertyValueSpecification\",\"valueRequired\":true,\"valueName\":\"search_term_string\"}}],\"inLanguage\":\"en-US\"},{\"@type\":\"Organization\",\"@id\":\"https:\\\/\\\/lloretdemar.org\\\/en\\\/#organization\",\"name\":\"Lloret de Mar\",\"url\":\"https:\\\/\\\/lloretdemar.org\\\/en\\\/\",\"logo\":{\"@type\":\"ImageObject\",\"inLanguage\":\"en-US\",\"@id\":\"https:\\\/\\\/lloretdemar.org\\\/en\\\/#\\\/schema\\\/logo\\\/image\\\/\",\"url\":\"https:\\\/\\\/lloretdemar.org\\\/wp-content\\\/uploads\\\/2020\\\/05\\\/lloret-de-mar-logo.png\",\"contentUrl\":\"https:\\\/\\\/lloretdemar.org\\\/wp-content\\\/uploads\\\/2020\\\/05\\\/lloret-de-mar-logo.png\",\"width\":87,\"height\":38,\"caption\":\"Lloret de Mar\"},\"image\":{\"@id\":\"https:\\\/\\\/lloretdemar.org\\\/en\\\/#\\\/schema\\\/logo\\\/image\\\/\"},\"sameAs\":[\"https:\\\/\\\/www.facebook.com\\\/Lloretturisme\",\"https:\\\/\\\/x.com\\\/lloretturisme\",\"https:\\\/\\\/instagram.com\\\/lloretturisme\",\"https:\\\/\\\/www.youtube.com\\\/LloretTurisme\"]}]}<\/script>\n<!-- \/ Yoast SEO plugin. -->","yoast_head_json":{"title":"Viewpoints - Lloret de Mar","description":"Discover the Costa Brava\u2019s magical nooks and crannies and surrounding natural environment. Admire charming settings hidden away from Lloret\u2019s daily bustle from viewpoints in unrivalled locations, such as cliffs or unmissable points of interest.","robots":{"index":"index","follow":"follow","max-snippet":"max-snippet:-1","max-image-preview":"max-image-preview:large","max-video-preview":"max-video-preview:-1"},"canonical":"https:\/\/lloretdemar.org\/en\/what-to-do-in-lloret\/lloret-de-mar-in-the-daytime\/culture\/viewpoints\/","og_locale":"en_US","og_type":"article","og_title":"Viewpoints - Lloret de Mar","og_description":"Discover the Costa Brava\u2019s magical nooks and crannies and surrounding natural environment. Admire charming settings hidden away from Lloret\u2019s daily bustle from viewpoints in unrivalled locations, such as cliffs or unmissable points of interest.","og_url":"https:\/\/lloretdemar.org\/en\/what-to-do-in-lloret\/lloret-de-mar-in-the-daytime\/culture\/viewpoints\/","og_site_name":"Lloret de Mar","article_publisher":"https:\/\/www.facebook.com\/Lloretturisme","article_modified_time":"2020-05-21T09:53:03+00:00","og_image":[{"width":1920,"height":885,"url":"https:\/\/lloretdemar.org\/wp-content\/uploads\/2020\/01\/lloret-categories6-1.jpg","type":"image\/jpeg"}],"twitter_card":"summary_large_image","twitter_site":"@lloretturisme","schema":{"@context":"https:\/\/schema.org","@graph":[{"@type":"WebPage","@id":"https:\/\/lloretdemar.org\/en\/what-to-do-in-lloret\/lloret-de-mar-in-the-daytime\/culture\/viewpoints\/","url":"https:\/\/lloretdemar.org\/en\/what-to-do-in-lloret\/lloret-de-mar-in-the-daytime\/culture\/viewpoints\/","name":"Viewpoints - Lloret de Mar","isPartOf":{"@id":"https:\/\/lloretdemar.org\/en\/#website"},"datePublished":"2020-01-24T10:14:33+00:00","dateModified":"2020-05-21T09:53:03+00:00","description":"Lloret de Mar","breadcrumb":{"@id":"https:\/\/lloretdemar.org\/en\/what-to-do-in-lloret\/lloret-de-mar-in-the-daytime\/culture\/viewpoints\/#breadcrumb"},"inLanguage":"en-US","potentialAction":[{"@type":"ReadAction","target":["https:\/\/lloretdemar.org\/en\/what-to-do-in-lloret\/lloret-de-mar-in-the-daytime\/culture\/viewpoints\/"]}]},{"@type":"BreadcrumbList","@id":"https:\/\/lloretdemar.org\/en\/what-to-do-in-lloret\/lloret-de-mar-in-the-daytime\/culture\/viewpoints\/#breadcrumb","itemListElement":[{"@type":"ListItem","position":1,"name":"Home","item":"https:\/\/lloretdemar.org\/en\/"},{"@type":"ListItem","position":2,"name":"What to do in Lloret","item":"https:\/\/lloretdemar.org\/en\/what-to-do-in-lloret\/"},{"@type":"ListItem","position":3,"name":"Lloret de Mar in the Daytime","item":"https:\/\/lloretdemar.org\/en\/what-to-do-in-lloret\/lloret-de-mar-in-the-daytime\/"},{"@type":"ListItem","position":4,"name":"Culture","item":"https:\/\/lloretdemar.org\/en\/what-to-do-in-lloret\/lloret-de-mar-in-the-daytime\/culture\/"},{"@type":"ListItem","position":5,"name":"Viewpoints"}]},{"@type":"WebSite","@id":"https:\/\/lloretdemar.org\/en\/#website","url":"https:\/\/lloretdemar.org\/en\/","name":"Lloret de Mar","description":"","publisher":{"@id":"https:\/\/lloretdemar.org\/en\/#organization"},"potentialAction":[{"@type":"SearchAction","target":{"@type":"EntryPoint","urlTemplate":"https:\/\/lloretdemar.org\/en\/?s={search_term_string}"},"query-input":{"@type":"PropertyValueSpecification","valueRequired":true,"valueName":"search_term_string"}}],"inLanguage":"en-US"},{"@type":"Organization","@id":"https:\/\/lloretdemar.org\/en\/#organization","name":"Lloret de Mar","url":"https:\/\/lloretdemar.org\/en\/","logo":{"@type":"ImageObject","inLanguage":"en-US","@id":"https:\/\/lloretdemar.org\/en\/#\/schema\/logo\/image\/","url":"https:\/\/lloretdemar.org\/wp-content\/uploads\/2020\/05\/lloret-de-mar-logo.png","contentUrl":"https:\/\/lloretdemar.org\/wp-content\/uploads\/2020\/05\/lloret-de-mar-logo.png","width":87,"height":38,"caption":"Lloret de Mar"},"image":{"@id":"https:\/\/lloretdemar.org\/en\/#\/schema\/logo\/image\/"},"sameAs":["https:\/\/www.facebook.com\/Lloretturisme","https:\/\/x.com\/lloretturisme","https:\/\/instagram.com\/lloretturisme","https:\/\/www.youtube.com\/LloretTurisme"]}]}},"_links":{"self":[{"href":"https:\/\/lloretdemar.org\/en\/wp-json\/wp\/v2\/pages\/11667","targetHints":{"allow":["GET"]}}],"collection":[{"href":"https:\/\/lloretdemar.org\/en\/wp-json\/wp\/v2\/pages"}],"about":[{"href":"https:\/\/lloretdemar.org\/en\/wp-json\/wp\/v2\/types\/page"}],"author":[{"embeddable":true,"href":"https:\/\/lloretdemar.org\/en\/wp-json\/wp\/v2\/users\/12"}],"replies":[{"embeddable":true,"href":"https:\/\/lloretdemar.org\/en\/wp-json\/wp\/v2\/comments?post=11667"}],"version-history":[{"count":0,"href":"https:\/\/lloretdemar.org\/en\/wp-json\/wp\/v2\/pages\/11667\/revisions"}],"up":[{"embeddable":true,"href":"https:\/\/lloretdemar.org\/en\/wp-json\/wp\/v2\/pages\/11214"}],"wp:attachment":[{"href":"https:\/\/lloretdemar.org\/en\/wp-json\/wp\/v2\/media?parent=11667"}],"curies":[{"name":"wp","href":"https:\/\/api.w.org\/{rel}","templated":true}]}}