{"id":11628,"date":"2020-01-23T14:50:42","date_gmt":"2020-01-23T13:50:42","guid":{"rendered":"http:\/\/lloretdemar.org\/lloret-de-mar-de-dia\/cultura\/ermites-i-esglesies\/"},"modified":"2022-09-23T12:51:19","modified_gmt":"2022-09-23T10:51:19","slug":"chapels-and-churches","status":"publish","type":"page","link":"https:\/\/lloretdemar.org\/en\/what-to-do-in-lloret\/lloret-de-mar-in-the-daytime\/culture\/chapels-and-churches\/","title":{"rendered":"Chapels and churches"},"content":{"rendered":"\n<p>Lloret has a various chapels and churches that you can visit to get to know the history of the city. <br><\/p>\n\n\n\n<p>One of these is the Chapel of Santa Cristina, where there is also an exhibition of miniature ships offered by sailors and fishermen to the saint and where Lloret\u2019s Feast Day celebrations are held (24 July). There is also the Parish Church of Sant Rom\u00e0, a must-see if you are walking around Lloret de Mar\u2019s historic centre. Its artistic style is sure to surprise you.<\/p>\n\n\n\n<p><\/p>\n\n\n\n<div style=\"height:40px\" aria-hidden=\"true\" class=\"wp-block-spacer\"><\/div>\n\n\n\n<div class=\"wp-block-buttons is-content-justification-center is-layout-flex wp-container-core-buttons-is-layout-16018d1d wp-block-buttons-is-layout-flex\">\n<div class=\"wp-block-button agenda-btn\"><a class=\"wp-block-button__link has-background\" href=\"https:\/\/maps.lloretdemar.org\/en\/chapels-and-churches\" style=\"border-radius:0px;background-color:#4798e9\">Interactive Guide<\/a><\/div>\n<\/div>\n","protected":false},"excerpt":{"rendered":"<p>Lloret has a various chapels and churches that you can visit to get to know the history of the city. One of these is the Chapel of Santa Cristina, where there is also an exhibition of miniature ships offered by sailors and fishermen to the saint and where Lloret\u2019s Feast Day celebrations are held (24 [&hellip;]<\/p>\n","protected":false},"author":12,"featured_media":0,"parent":11214,"menu_order":0,"comment_status":"closed","ping_status":"closed","template":"page-templates\/mouret-15.php","meta":{"_acf_changed":false,"content-type":"","footnotes":""},"class_list":["post-11628","page","type-page","status-publish","hentry"],"acf":{"banner_imatge":4448,"banner_titol":"Chapels and churches","banner_subtitol":"","botons_blanc_o_negres":"defecte","banner_links":[{"es_post":false,"banner_link":{"title":"Parish Church of Sant Rom\u00e0","url":"http:\/\/lloretdemar.org\/en\/cultura\/esglesia-parroquial-de-sant-roma\/","target":""},"link_intern":null,"link_intern_titol":""},{"es_post":false,"banner_link":{"title":"Chapel of the Sants Metges","url":"http:\/\/lloretdemar.org\/en\/cultura\/capella-dels-sants-metges\/","target":""},"link_intern":null,"link_intern_titol":""},{"es_post":false,"banner_link":{"title":"Chapel of Santa Cristina","url":"http:\/\/lloretdemar.org\/en\/cultura\/ermita-de-santa-cristina\/","target":""},"link_intern":null,"link_intern_titol":""},{"es_post":false,"banner_link":{"title":"Chapel of Les Alegries","url":"http:\/\/lloretdemar.org\/en\/cultura\/ermita-de-les-alegries\/","target":""},"link_intern":null,"link_intern_titol":""},{"es_post":false,"banner_link":{"title":"Chapel of Sant Quirze","url":"http:\/\/lloretdemar.org\/en\/cultura\/ermita-de-sant-quirze\/","target":""},"link_intern":null,"link_intern_titol":""}],"blocs":[{"titol":"Parish Church of Sant Rom\u00e0","descripcio":"Taking a stroll through Lloret de Mar\u2019s historic centre, you will come across the Church of Sant Rom\u00e0, the patron saint of Lloret de Mar. The building reflects two very different periods of construction and architecture.","imatge":4402,"es_enllac_intern_o_extern":"intern","link_intern":{"title":"More information","url":"http:\/\/lloretdemar.org\/en\/cultura\/esglesia-parroquial-de-sant-roma\/","target":""},"link_extern":"","link_extern_text":""},{"titol":"Chapel of the Sants Metges","descripcio":"This small chapel belonged to the former charity hospital of Lloret, which was founded in 1445 by Narc\u00eds Oliveres, canon of Girona cathedral and administrator of the Provostship of the month of November and, as such, lord of the territory of Lloret.","imatge":6122,"es_enllac_intern_o_extern":"intern","link_intern":{"title":"More information","url":"http:\/\/lloretdemar.org\/en\/cultura\/capella-dels-sants-metges\/","target":""},"link_extern":"","link_extern_text":""},{"titol":"Chapel of Santa Cristina","descripcio":"The earliest records of this chapel date back to 1376, but the current building was constructed at the end of the 18th century. The chapel was built in the neoclassical style and its main lavish altar was made in Italy. It houses an interesting collection of ex-votos and miniature ships.","imatge":4411,"es_enllac_intern_o_extern":"intern","link_intern":{"title":"More information","url":"http:\/\/lloretdemar.org\/en\/cultura\/ermita-de-santa-cristina\/","target":"_blank"},"link_extern":"","link_extern_text":""},{"titol":"Chapel of Les Alegries","descripcio":"The chapel has been known by different names, such as Esgl\u00e9sia Vella (Old Church), Mare de D\u00e9u Antiga and, later, Mare de D\u00e9u de les Alegries.","imatge":5935,"es_enllac_intern_o_extern":"intern","link_intern":{"title":"More information","url":"http:\/\/lloretdemar.org\/en\/cultura\/ermita-de-les-alegries\/","target":""},"link_extern":"","link_extern_text":""},{"titol":"Chapel of Sant Quirze","descripcio":"Situada a 200 m del cementiri i a 1 km del centre, \u00e9s anterior al segle XI i no t\u00e9 unitat d\u2019estil. A la vora d\u2019aquesta ermit s\u2019han trobat fragments de cer\u00e0mica romana, una moneda de Constant\u00ed i diverses sepultures.","imatge":4423,"es_enllac_intern_o_extern":"intern","link_intern":{"title":"More information","url":"http:\/\/lloretdemar.org\/en\/cultura\/ermita-de-sant-quirze\/","target":""},"link_extern":"","link_extern_text":""}],"titol_boto":"","document":"","apartats":[{"acf_fc_layout":"bloc_amplada_completa","amb_marges":false,"html_js":"<div  style=\"width:92%; height:80vh; display:inline-block; margin-left:4%; margin-bottom:25px; border: 1px solid #fd5151\">\r\n<div \r\n\t\tid=\"bWidgetMap\"\r\n\t\tintegration=\"segment\"\r\n\t\tparenturiprefix=\"bwidget:\"\r\n\t\tembedurl=\"https:\/\/maps.lloretdemar.org\"\r\n\t\tembedmainuri=\"\/en\/walk-hermitages-of-lloret\"\r\n\t\tonFocus=\"\"\r\n\t\tonFocusOut=\"\"\r\n                btnColor='#fd5151'\r\n                showButtons = \"true\"\r\n                viewMapText = \"MARCH OF THE HERMITAGES\"\r\n               >\r\n<\/div>\r\n<script type=\"text\/javascript\" src=\"https:\/\/maps.lloretdemar.org\/embed.js\"><\/script>\r\n<\/div>"}]},"yoast_head":"<!-- This site is optimized with the Yoast SEO plugin v27.5 - https:\/\/yoast.com\/product\/yoast-seo-wordpress\/ -->\n<title>Chapels and churches - Lloret de Mar<\/title>\n<meta name=\"description\" content=\"Lloret has a various chapels and churches that you can visit to get to know the history of the city. One of these is the Chapel of Santa Cristina, where there is also an exhibition of miniature ships offered by sailors and fishermen to the saint and where Lloret\u2019s Feast Day celebrations are held (24&hellip;\" \/>\n<meta name=\"robots\" content=\"index, follow, max-snippet:-1, max-image-preview:large, max-video-preview:-1\" \/>\n<link rel=\"canonical\" href=\"https:\/\/lloretdemar.org\/en\/what-to-do-in-lloret\/lloret-de-mar-in-the-daytime\/culture\/chapels-and-churches\/\" \/>\n<meta property=\"og:locale\" content=\"en_US\" \/>\n<meta property=\"og:type\" content=\"article\" \/>\n<meta property=\"og:title\" content=\"Chapels and churches - Lloret de Mar\" \/>\n<meta property=\"og:description\" content=\"Lloret has a various chapels and churches that you can visit to get to know the history of the city. One of these is the Chapel of Santa Cristina, where there is also an exhibition of miniature ships offered by sailors and fishermen to the saint and where Lloret\u2019s Feast Day celebrations are held (24&hellip;\" \/>\n<meta property=\"og:url\" content=\"https:\/\/lloretdemar.org\/en\/what-to-do-in-lloret\/lloret-de-mar-in-the-daytime\/culture\/chapels-and-churches\/\" \/>\n<meta property=\"og:site_name\" content=\"Lloret de Mar\" \/>\n<meta property=\"article:publisher\" content=\"https:\/\/www.facebook.com\/Lloretturisme\" \/>\n<meta property=\"article:modified_time\" content=\"2022-09-23T10:51:19+00:00\" \/>\n<meta property=\"og:image\" content=\"https:\/\/lloretdemar.org\/wp-content\/uploads\/2020\/01\/lloret-categories2.jpg\" \/>\n\t<meta property=\"og:image:width\" content=\"1920\" \/>\n\t<meta property=\"og:image:height\" content=\"885\" \/>\n\t<meta property=\"og:image:type\" content=\"image\/jpeg\" \/>\n<meta name=\"twitter:card\" content=\"summary_large_image\" \/>\n<meta name=\"twitter:site\" content=\"@lloretturisme\" \/>\n<meta name=\"twitter:label1\" content=\"Est. reading time\" \/>\n\t<meta name=\"twitter:data1\" content=\"1 minute\" \/>\n<script type=\"application\/ld+json\" class=\"yoast-schema-graph\">{\"@context\":\"https:\\\/\\\/schema.org\",\"@graph\":[{\"@type\":\"WebPage\",\"@id\":\"https:\\\/\\\/lloretdemar.org\\\/en\\\/what-to-do-in-lloret\\\/lloret-de-mar-in-the-daytime\\\/culture\\\/chapels-and-churches\\\/\",\"url\":\"https:\\\/\\\/lloretdemar.org\\\/en\\\/what-to-do-in-lloret\\\/lloret-de-mar-in-the-daytime\\\/culture\\\/chapels-and-churches\\\/\",\"name\":\"Chapels and churches - Lloret de Mar\",\"isPartOf\":{\"@id\":\"https:\\\/\\\/lloretdemar.org\\\/en\\\/#website\"},\"datePublished\":\"2020-01-23T13:50:42+00:00\",\"dateModified\":\"2022-09-23T10:51:19+00:00\",\"description\":\"Lloret de Mar\",\"breadcrumb\":{\"@id\":\"https:\\\/\\\/lloretdemar.org\\\/en\\\/what-to-do-in-lloret\\\/lloret-de-mar-in-the-daytime\\\/culture\\\/chapels-and-churches\\\/#breadcrumb\"},\"inLanguage\":\"en-US\",\"potentialAction\":[{\"@type\":\"ReadAction\",\"target\":[\"https:\\\/\\\/lloretdemar.org\\\/en\\\/what-to-do-in-lloret\\\/lloret-de-mar-in-the-daytime\\\/culture\\\/chapels-and-churches\\\/\"]}]},{\"@type\":\"BreadcrumbList\",\"@id\":\"https:\\\/\\\/lloretdemar.org\\\/en\\\/what-to-do-in-lloret\\\/lloret-de-mar-in-the-daytime\\\/culture\\\/chapels-and-churches\\\/#breadcrumb\",\"itemListElement\":[{\"@type\":\"ListItem\",\"position\":1,\"name\":\"Home\",\"item\":\"https:\\\/\\\/lloretdemar.org\\\/en\\\/\"},{\"@type\":\"ListItem\",\"position\":2,\"name\":\"What to do in Lloret\",\"item\":\"https:\\\/\\\/lloretdemar.org\\\/en\\\/what-to-do-in-lloret\\\/\"},{\"@type\":\"ListItem\",\"position\":3,\"name\":\"Lloret de Mar in the Daytime\",\"item\":\"https:\\\/\\\/lloretdemar.org\\\/en\\\/what-to-do-in-lloret\\\/lloret-de-mar-in-the-daytime\\\/\"},{\"@type\":\"ListItem\",\"position\":4,\"name\":\"Culture\",\"item\":\"https:\\\/\\\/lloretdemar.org\\\/en\\\/what-to-do-in-lloret\\\/lloret-de-mar-in-the-daytime\\\/culture\\\/\"},{\"@type\":\"ListItem\",\"position\":5,\"name\":\"Chapels and churches\"}]},{\"@type\":\"WebSite\",\"@id\":\"https:\\\/\\\/lloretdemar.org\\\/en\\\/#website\",\"url\":\"https:\\\/\\\/lloretdemar.org\\\/en\\\/\",\"name\":\"Lloret de Mar\",\"description\":\"\",\"publisher\":{\"@id\":\"https:\\\/\\\/lloretdemar.org\\\/en\\\/#organization\"},\"potentialAction\":[{\"@type\":\"SearchAction\",\"target\":{\"@type\":\"EntryPoint\",\"urlTemplate\":\"https:\\\/\\\/lloretdemar.org\\\/en\\\/?s={search_term_string}\"},\"query-input\":{\"@type\":\"PropertyValueSpecification\",\"valueRequired\":true,\"valueName\":\"search_term_string\"}}],\"inLanguage\":\"en-US\"},{\"@type\":\"Organization\",\"@id\":\"https:\\\/\\\/lloretdemar.org\\\/en\\\/#organization\",\"name\":\"Lloret de Mar\",\"url\":\"https:\\\/\\\/lloretdemar.org\\\/en\\\/\",\"logo\":{\"@type\":\"ImageObject\",\"inLanguage\":\"en-US\",\"@id\":\"https:\\\/\\\/lloretdemar.org\\\/en\\\/#\\\/schema\\\/logo\\\/image\\\/\",\"url\":\"https:\\\/\\\/lloretdemar.org\\\/wp-content\\\/uploads\\\/2020\\\/05\\\/lloret-de-mar-logo.png\",\"contentUrl\":\"https:\\\/\\\/lloretdemar.org\\\/wp-content\\\/uploads\\\/2020\\\/05\\\/lloret-de-mar-logo.png\",\"width\":87,\"height\":38,\"caption\":\"Lloret de Mar\"},\"image\":{\"@id\":\"https:\\\/\\\/lloretdemar.org\\\/en\\\/#\\\/schema\\\/logo\\\/image\\\/\"},\"sameAs\":[\"https:\\\/\\\/www.facebook.com\\\/Lloretturisme\",\"https:\\\/\\\/x.com\\\/lloretturisme\",\"https:\\\/\\\/instagram.com\\\/lloretturisme\",\"https:\\\/\\\/www.youtube.com\\\/LloretTurisme\"]}]}<\/script>\n<!-- \/ Yoast SEO plugin. -->","yoast_head_json":{"title":"Chapels and churches - Lloret de Mar","description":"Lloret has a various chapels and churches that you can visit to get to know the history of the city. One of these is the Chapel of Santa Cristina, where there is also an exhibition of miniature ships offered by sailors and fishermen to the saint and where Lloret\u2019s Feast Day celebrations are held (24&hellip;","robots":{"index":"index","follow":"follow","max-snippet":"max-snippet:-1","max-image-preview":"max-image-preview:large","max-video-preview":"max-video-preview:-1"},"canonical":"https:\/\/lloretdemar.org\/en\/what-to-do-in-lloret\/lloret-de-mar-in-the-daytime\/culture\/chapels-and-churches\/","og_locale":"en_US","og_type":"article","og_title":"Chapels and churches - Lloret de Mar","og_description":"Lloret has a various chapels and churches that you can visit to get to know the history of the city. One of these is the Chapel of Santa Cristina, where there is also an exhibition of miniature ships offered by sailors and fishermen to the saint and where Lloret\u2019s Feast Day celebrations are held (24&hellip;","og_url":"https:\/\/lloretdemar.org\/en\/what-to-do-in-lloret\/lloret-de-mar-in-the-daytime\/culture\/chapels-and-churches\/","og_site_name":"Lloret de Mar","article_publisher":"https:\/\/www.facebook.com\/Lloretturisme","article_modified_time":"2022-09-23T10:51:19+00:00","og_image":[{"width":1920,"height":885,"url":"https:\/\/lloretdemar.org\/wp-content\/uploads\/2020\/01\/lloret-categories2.jpg","type":"image\/jpeg"}],"twitter_card":"summary_large_image","twitter_site":"@lloretturisme","twitter_misc":{"Est. reading time":"1 minute"},"schema":{"@context":"https:\/\/schema.org","@graph":[{"@type":"WebPage","@id":"https:\/\/lloretdemar.org\/en\/what-to-do-in-lloret\/lloret-de-mar-in-the-daytime\/culture\/chapels-and-churches\/","url":"https:\/\/lloretdemar.org\/en\/what-to-do-in-lloret\/lloret-de-mar-in-the-daytime\/culture\/chapels-and-churches\/","name":"Chapels and churches - Lloret de Mar","isPartOf":{"@id":"https:\/\/lloretdemar.org\/en\/#website"},"datePublished":"2020-01-23T13:50:42+00:00","dateModified":"2022-09-23T10:51:19+00:00","description":"Lloret de Mar","breadcrumb":{"@id":"https:\/\/lloretdemar.org\/en\/what-to-do-in-lloret\/lloret-de-mar-in-the-daytime\/culture\/chapels-and-churches\/#breadcrumb"},"inLanguage":"en-US","potentialAction":[{"@type":"ReadAction","target":["https:\/\/lloretdemar.org\/en\/what-to-do-in-lloret\/lloret-de-mar-in-the-daytime\/culture\/chapels-and-churches\/"]}]},{"@type":"BreadcrumbList","@id":"https:\/\/lloretdemar.org\/en\/what-to-do-in-lloret\/lloret-de-mar-in-the-daytime\/culture\/chapels-and-churches\/#breadcrumb","itemListElement":[{"@type":"ListItem","position":1,"name":"Home","item":"https:\/\/lloretdemar.org\/en\/"},{"@type":"ListItem","position":2,"name":"What to do in Lloret","item":"https:\/\/lloretdemar.org\/en\/what-to-do-in-lloret\/"},{"@type":"ListItem","position":3,"name":"Lloret de Mar in the Daytime","item":"https:\/\/lloretdemar.org\/en\/what-to-do-in-lloret\/lloret-de-mar-in-the-daytime\/"},{"@type":"ListItem","position":4,"name":"Culture","item":"https:\/\/lloretdemar.org\/en\/what-to-do-in-lloret\/lloret-de-mar-in-the-daytime\/culture\/"},{"@type":"ListItem","position":5,"name":"Chapels and churches"}]},{"@type":"WebSite","@id":"https:\/\/lloretdemar.org\/en\/#website","url":"https:\/\/lloretdemar.org\/en\/","name":"Lloret de Mar","description":"","publisher":{"@id":"https:\/\/lloretdemar.org\/en\/#organization"},"potentialAction":[{"@type":"SearchAction","target":{"@type":"EntryPoint","urlTemplate":"https:\/\/lloretdemar.org\/en\/?s={search_term_string}"},"query-input":{"@type":"PropertyValueSpecification","valueRequired":true,"valueName":"search_term_string"}}],"inLanguage":"en-US"},{"@type":"Organization","@id":"https:\/\/lloretdemar.org\/en\/#organization","name":"Lloret de Mar","url":"https:\/\/lloretdemar.org\/en\/","logo":{"@type":"ImageObject","inLanguage":"en-US","@id":"https:\/\/lloretdemar.org\/en\/#\/schema\/logo\/image\/","url":"https:\/\/lloretdemar.org\/wp-content\/uploads\/2020\/05\/lloret-de-mar-logo.png","contentUrl":"https:\/\/lloretdemar.org\/wp-content\/uploads\/2020\/05\/lloret-de-mar-logo.png","width":87,"height":38,"caption":"Lloret de Mar"},"image":{"@id":"https:\/\/lloretdemar.org\/en\/#\/schema\/logo\/image\/"},"sameAs":["https:\/\/www.facebook.com\/Lloretturisme","https:\/\/x.com\/lloretturisme","https:\/\/instagram.com\/lloretturisme","https:\/\/www.youtube.com\/LloretTurisme"]}]}},"_links":{"self":[{"href":"https:\/\/lloretdemar.org\/en\/wp-json\/wp\/v2\/pages\/11628","targetHints":{"allow":["GET"]}}],"collection":[{"href":"https:\/\/lloretdemar.org\/en\/wp-json\/wp\/v2\/pages"}],"about":[{"href":"https:\/\/lloretdemar.org\/en\/wp-json\/wp\/v2\/types\/page"}],"author":[{"embeddable":true,"href":"https:\/\/lloretdemar.org\/en\/wp-json\/wp\/v2\/users\/12"}],"replies":[{"embeddable":true,"href":"https:\/\/lloretdemar.org\/en\/wp-json\/wp\/v2\/comments?post=11628"}],"version-history":[{"count":3,"href":"https:\/\/lloretdemar.org\/en\/wp-json\/wp\/v2\/pages\/11628\/revisions"}],"predecessor-version":[{"id":30925,"href":"https:\/\/lloretdemar.org\/en\/wp-json\/wp\/v2\/pages\/11628\/revisions\/30925"}],"up":[{"embeddable":true,"href":"https:\/\/lloretdemar.org\/en\/wp-json\/wp\/v2\/pages\/11214"}],"wp:attachment":[{"href":"https:\/\/lloretdemar.org\/en\/wp-json\/wp\/v2\/media?parent=11628"}],"curies":[{"name":"wp","href":"https:\/\/api.w.org\/{rel}","templated":true}]}}