{"id":11621,"date":"2020-01-23T14:35:25","date_gmt":"2020-01-23T13:35:25","guid":{"rendered":"http:\/\/lloretdemar.org\/lloret-de-mar-de-dia\/cultura\/lloret-dels-ibers\/"},"modified":"2022-09-05T15:45:58","modified_gmt":"2022-09-05T13:45:58","slug":"iberian-lloret","status":"publish","type":"page","link":"https:\/\/lloretdemar.org\/en\/what-to-do-in-lloret\/lloret-de-mar-in-the-daytime\/culture\/iberian-lloret\/","title":{"rendered":"Iberian Lloret"},"content":{"rendered":"\n<p>Lloret de Mar has three Iberian settlements: Montbarbat, Puig de Castellet and Tur\u00f3 Rod\u00f3, where you can discover how the first inhabitants of our city used to live.<\/p>\n\n\n\n<div style=\"height:40px\" aria-hidden=\"true\" class=\"wp-block-spacer\"><\/div>\n\n\n\n<div class=\"wp-block-buttons is-content-justification-center is-layout-flex wp-container-core-buttons-is-layout-16018d1d wp-block-buttons-is-layout-flex\">\n<div class=\"wp-block-button agenda-btn\"><a class=\"wp-block-button__link has-background\" href=\"https:\/\/maps.lloretdemar.org\/en\/lloret-dels-ibers\" style=\"border-radius:0px;background-color:#4798e9\">Interactive Guide<\/a><\/div>\n<\/div>\n","protected":false},"excerpt":{"rendered":"<p>Lloret de Mar has three Iberian settlements: Montbarbat, Puig de Castellet and Tur\u00f3 Rod\u00f3, where you can discover how the first inhabitants of our city used to live.<\/p>\n","protected":false},"author":12,"featured_media":0,"parent":11214,"menu_order":0,"comment_status":"closed","ping_status":"closed","template":"page-templates\/mouret-15.php","meta":{"_acf_changed":false,"content-type":"","footnotes":""},"class_list":["post-11621","page","type-page","status-publish","hentry"],"acf":{"banner_imatge":4435,"banner_titol":"Lloret dels Ibers","banner_subtitol":"","botons_blanc_o_negres":"defecte","banner_links":[{"es_post":false,"banner_link":{"title":"Can Saragossa","url":"http:\/\/lloretdemar.org\/en\/cultura\/can-saragossa\/","target":""},"link_intern":null,"link_intern_titol":""},{"es_post":false,"banner_link":{"title":"Tur\u00f3 Rod\u00f3","url":"http:\/\/lloretdemar.org\/en\/cultura\/turo-rodo\/","target":""},"link_intern":null,"link_intern_titol":""},{"es_post":false,"banner_link":{"title":"Puig de Castellet Site","url":"http:\/\/lloretdemar.org\/en\/cultura\/jaciment-de-puig-de-castellet\/","target":""},"link_intern":null,"link_intern_titol":""},{"es_post":false,"banner_link":{"title":"Montbarbat","url":"http:\/\/lloretdemar.org\/en\/cultura\/montbarbat\/","target":""},"link_intern":null,"link_intern_titol":""}],"blocs":[{"titol":"Can Saragossa ","descripcio":"The Can Saragossa farmhouse is located on a small hill, surrounded by woodland and gardens. In spring, when the landscape begins to bloom, it\u2019s simply a must-see.","imatge":4414,"es_enllac_intern_o_extern":"intern","link_intern":{"title":"More information","url":"http:\/\/lloretdemar.org\/en\/cultura\/can-saragossa\/","target":""},"link_extern":"","link_extern_text":""},{"titol":"Tur\u00f3 Rod\u00f3","descripcio":"The settlement of Tur\u00f3 Rod\u00f3 is one of three Iberian archaeological sites that can be found around Lloret de Mar and is the closest to the town centre. This small Iberian settlement is located on a small peninsular promontory measuring 40 metres in height, just behind the iconic D\u2019en Plaja Castle.","imatge":4420,"es_enllac_intern_o_extern":"intern","link_intern":{"title":"More information","url":"http:\/\/lloretdemar.org\/en\/cultura\/turo-rodo\/","target":""},"link_extern":"","link_extern_text":""},{"titol":"Puig de Castellet Archaeological Site","descripcio":"The Puig de Castellet Archaeological Site, which dates back to the 3rd century B.C., is located 2 kilometres from the centre of Lloret de Mar.","imatge":6115,"es_enllac_intern_o_extern":"intern","link_intern":{"title":"More information","url":"http:\/\/lloretdemar.org\/en\/cultura\/jaciment-de-puig-de-castellet\/","target":""},"link_extern":"","link_extern_text":""},{"titol":"Montbarbat","descripcio":"This is the largest settlement (5,700 m<sup>2<\/sup>) and the furthest from the town. It appears to be the most important settlement in the region, especially from an urban planning perspective as it is surrounded by defensive walls and towers.","imatge":6118,"es_enllac_intern_o_extern":"intern","link_intern":{"title":"More information","url":"http:\/\/lloretdemar.org\/en\/cultura\/montbarbat\/","target":""},"link_extern":"","link_extern_text":""}],"titol_boto":"","document":"","apartats":null},"yoast_head":"<!-- This site is optimized with the Yoast SEO plugin v27.5 - https:\/\/yoast.com\/product\/yoast-seo-wordpress\/ -->\n<title>Iberian Lloret - Lloret de Mar<\/title>\n<meta name=\"description\" content=\"Lloret de Mar has three Iberian settlements: Montbarbat, Puig de Castellet and Tur\u00f3 Rod\u00f3, where you can discover how the first inhabitants of our city used to live. Interactive Guide\" \/>\n<meta name=\"robots\" content=\"index, follow, max-snippet:-1, max-image-preview:large, max-video-preview:-1\" \/>\n<link rel=\"canonical\" href=\"https:\/\/lloretdemar.org\/en\/what-to-do-in-lloret\/lloret-de-mar-in-the-daytime\/culture\/iberian-lloret\/\" \/>\n<meta property=\"og:locale\" content=\"en_US\" \/>\n<meta property=\"og:type\" content=\"article\" \/>\n<meta property=\"og:title\" content=\"Iberian Lloret - Lloret de Mar\" \/>\n<meta property=\"og:description\" content=\"Lloret de Mar has three Iberian settlements: Montbarbat, Puig de Castellet and Tur\u00f3 Rod\u00f3, where you can discover how the first inhabitants of our city used to live. Interactive Guide\" \/>\n<meta property=\"og:url\" content=\"https:\/\/lloretdemar.org\/en\/what-to-do-in-lloret\/lloret-de-mar-in-the-daytime\/culture\/iberian-lloret\/\" \/>\n<meta property=\"og:site_name\" content=\"Lloret de Mar\" \/>\n<meta property=\"article:publisher\" content=\"https:\/\/www.facebook.com\/Lloretturisme\" \/>\n<meta property=\"article:modified_time\" content=\"2022-09-05T13:45:58+00:00\" \/>\n<meta property=\"og:image\" content=\"https:\/\/lloretdemar.org\/wp-content\/uploads\/2020\/01\/lloret-categories10.jpg\" \/>\n\t<meta property=\"og:image:width\" content=\"1920\" \/>\n\t<meta property=\"og:image:height\" content=\"885\" \/>\n\t<meta property=\"og:image:type\" content=\"image\/jpeg\" \/>\n<meta name=\"twitter:card\" content=\"summary_large_image\" \/>\n<meta name=\"twitter:site\" content=\"@lloretturisme\" \/>\n<meta name=\"twitter:label1\" content=\"Est. reading time\" \/>\n\t<meta name=\"twitter:data1\" content=\"1 minute\" \/>\n<script type=\"application\/ld+json\" class=\"yoast-schema-graph\">{\"@context\":\"https:\\\/\\\/schema.org\",\"@graph\":[{\"@type\":\"WebPage\",\"@id\":\"https:\\\/\\\/lloretdemar.org\\\/en\\\/what-to-do-in-lloret\\\/lloret-de-mar-in-the-daytime\\\/culture\\\/iberian-lloret\\\/\",\"url\":\"https:\\\/\\\/lloretdemar.org\\\/en\\\/what-to-do-in-lloret\\\/lloret-de-mar-in-the-daytime\\\/culture\\\/iberian-lloret\\\/\",\"name\":\"Iberian Lloret - Lloret de Mar\",\"isPartOf\":{\"@id\":\"https:\\\/\\\/lloretdemar.org\\\/en\\\/#website\"},\"datePublished\":\"2020-01-23T13:35:25+00:00\",\"dateModified\":\"2022-09-05T13:45:58+00:00\",\"description\":\"Lloret de Mar\",\"breadcrumb\":{\"@id\":\"https:\\\/\\\/lloretdemar.org\\\/en\\\/what-to-do-in-lloret\\\/lloret-de-mar-in-the-daytime\\\/culture\\\/iberian-lloret\\\/#breadcrumb\"},\"inLanguage\":\"en-US\",\"potentialAction\":[{\"@type\":\"ReadAction\",\"target\":[\"https:\\\/\\\/lloretdemar.org\\\/en\\\/what-to-do-in-lloret\\\/lloret-de-mar-in-the-daytime\\\/culture\\\/iberian-lloret\\\/\"]}]},{\"@type\":\"BreadcrumbList\",\"@id\":\"https:\\\/\\\/lloretdemar.org\\\/en\\\/what-to-do-in-lloret\\\/lloret-de-mar-in-the-daytime\\\/culture\\\/iberian-lloret\\\/#breadcrumb\",\"itemListElement\":[{\"@type\":\"ListItem\",\"position\":1,\"name\":\"Home\",\"item\":\"https:\\\/\\\/lloretdemar.org\\\/en\\\/\"},{\"@type\":\"ListItem\",\"position\":2,\"name\":\"What to do in Lloret\",\"item\":\"https:\\\/\\\/lloretdemar.org\\\/en\\\/what-to-do-in-lloret\\\/\"},{\"@type\":\"ListItem\",\"position\":3,\"name\":\"Lloret de Mar in the Daytime\",\"item\":\"https:\\\/\\\/lloretdemar.org\\\/en\\\/what-to-do-in-lloret\\\/lloret-de-mar-in-the-daytime\\\/\"},{\"@type\":\"ListItem\",\"position\":4,\"name\":\"Culture\",\"item\":\"https:\\\/\\\/lloretdemar.org\\\/en\\\/what-to-do-in-lloret\\\/lloret-de-mar-in-the-daytime\\\/culture\\\/\"},{\"@type\":\"ListItem\",\"position\":5,\"name\":\"Iberian Lloret\"}]},{\"@type\":\"WebSite\",\"@id\":\"https:\\\/\\\/lloretdemar.org\\\/en\\\/#website\",\"url\":\"https:\\\/\\\/lloretdemar.org\\\/en\\\/\",\"name\":\"Lloret de Mar\",\"description\":\"\",\"publisher\":{\"@id\":\"https:\\\/\\\/lloretdemar.org\\\/en\\\/#organization\"},\"potentialAction\":[{\"@type\":\"SearchAction\",\"target\":{\"@type\":\"EntryPoint\",\"urlTemplate\":\"https:\\\/\\\/lloretdemar.org\\\/en\\\/?s={search_term_string}\"},\"query-input\":{\"@type\":\"PropertyValueSpecification\",\"valueRequired\":true,\"valueName\":\"search_term_string\"}}],\"inLanguage\":\"en-US\"},{\"@type\":\"Organization\",\"@id\":\"https:\\\/\\\/lloretdemar.org\\\/en\\\/#organization\",\"name\":\"Lloret de Mar\",\"url\":\"https:\\\/\\\/lloretdemar.org\\\/en\\\/\",\"logo\":{\"@type\":\"ImageObject\",\"inLanguage\":\"en-US\",\"@id\":\"https:\\\/\\\/lloretdemar.org\\\/en\\\/#\\\/schema\\\/logo\\\/image\\\/\",\"url\":\"https:\\\/\\\/lloretdemar.org\\\/wp-content\\\/uploads\\\/2020\\\/05\\\/lloret-de-mar-logo.png\",\"contentUrl\":\"https:\\\/\\\/lloretdemar.org\\\/wp-content\\\/uploads\\\/2020\\\/05\\\/lloret-de-mar-logo.png\",\"width\":87,\"height\":38,\"caption\":\"Lloret de Mar\"},\"image\":{\"@id\":\"https:\\\/\\\/lloretdemar.org\\\/en\\\/#\\\/schema\\\/logo\\\/image\\\/\"},\"sameAs\":[\"https:\\\/\\\/www.facebook.com\\\/Lloretturisme\",\"https:\\\/\\\/x.com\\\/lloretturisme\",\"https:\\\/\\\/instagram.com\\\/lloretturisme\",\"https:\\\/\\\/www.youtube.com\\\/LloretTurisme\"]}]}<\/script>\n<!-- \/ Yoast SEO plugin. -->","yoast_head_json":{"title":"Iberian Lloret - Lloret de Mar","description":"Lloret de Mar has three Iberian settlements: Montbarbat, Puig de Castellet and Tur\u00f3 Rod\u00f3, where you can discover how the first inhabitants of our city used to live. Interactive Guide","robots":{"index":"index","follow":"follow","max-snippet":"max-snippet:-1","max-image-preview":"max-image-preview:large","max-video-preview":"max-video-preview:-1"},"canonical":"https:\/\/lloretdemar.org\/en\/what-to-do-in-lloret\/lloret-de-mar-in-the-daytime\/culture\/iberian-lloret\/","og_locale":"en_US","og_type":"article","og_title":"Iberian Lloret - Lloret de Mar","og_description":"Lloret de Mar has three Iberian settlements: Montbarbat, Puig de Castellet and Tur\u00f3 Rod\u00f3, where you can discover how the first inhabitants of our city used to live. Interactive Guide","og_url":"https:\/\/lloretdemar.org\/en\/what-to-do-in-lloret\/lloret-de-mar-in-the-daytime\/culture\/iberian-lloret\/","og_site_name":"Lloret de Mar","article_publisher":"https:\/\/www.facebook.com\/Lloretturisme","article_modified_time":"2022-09-05T13:45:58+00:00","og_image":[{"width":1920,"height":885,"url":"https:\/\/lloretdemar.org\/wp-content\/uploads\/2020\/01\/lloret-categories10.jpg","type":"image\/jpeg"}],"twitter_card":"summary_large_image","twitter_site":"@lloretturisme","twitter_misc":{"Est. reading time":"1 minute"},"schema":{"@context":"https:\/\/schema.org","@graph":[{"@type":"WebPage","@id":"https:\/\/lloretdemar.org\/en\/what-to-do-in-lloret\/lloret-de-mar-in-the-daytime\/culture\/iberian-lloret\/","url":"https:\/\/lloretdemar.org\/en\/what-to-do-in-lloret\/lloret-de-mar-in-the-daytime\/culture\/iberian-lloret\/","name":"Iberian Lloret - Lloret de Mar","isPartOf":{"@id":"https:\/\/lloretdemar.org\/en\/#website"},"datePublished":"2020-01-23T13:35:25+00:00","dateModified":"2022-09-05T13:45:58+00:00","description":"Lloret de Mar","breadcrumb":{"@id":"https:\/\/lloretdemar.org\/en\/what-to-do-in-lloret\/lloret-de-mar-in-the-daytime\/culture\/iberian-lloret\/#breadcrumb"},"inLanguage":"en-US","potentialAction":[{"@type":"ReadAction","target":["https:\/\/lloretdemar.org\/en\/what-to-do-in-lloret\/lloret-de-mar-in-the-daytime\/culture\/iberian-lloret\/"]}]},{"@type":"BreadcrumbList","@id":"https:\/\/lloretdemar.org\/en\/what-to-do-in-lloret\/lloret-de-mar-in-the-daytime\/culture\/iberian-lloret\/#breadcrumb","itemListElement":[{"@type":"ListItem","position":1,"name":"Home","item":"https:\/\/lloretdemar.org\/en\/"},{"@type":"ListItem","position":2,"name":"What to do in Lloret","item":"https:\/\/lloretdemar.org\/en\/what-to-do-in-lloret\/"},{"@type":"ListItem","position":3,"name":"Lloret de Mar in the Daytime","item":"https:\/\/lloretdemar.org\/en\/what-to-do-in-lloret\/lloret-de-mar-in-the-daytime\/"},{"@type":"ListItem","position":4,"name":"Culture","item":"https:\/\/lloretdemar.org\/en\/what-to-do-in-lloret\/lloret-de-mar-in-the-daytime\/culture\/"},{"@type":"ListItem","position":5,"name":"Iberian Lloret"}]},{"@type":"WebSite","@id":"https:\/\/lloretdemar.org\/en\/#website","url":"https:\/\/lloretdemar.org\/en\/","name":"Lloret de Mar","description":"","publisher":{"@id":"https:\/\/lloretdemar.org\/en\/#organization"},"potentialAction":[{"@type":"SearchAction","target":{"@type":"EntryPoint","urlTemplate":"https:\/\/lloretdemar.org\/en\/?s={search_term_string}"},"query-input":{"@type":"PropertyValueSpecification","valueRequired":true,"valueName":"search_term_string"}}],"inLanguage":"en-US"},{"@type":"Organization","@id":"https:\/\/lloretdemar.org\/en\/#organization","name":"Lloret de Mar","url":"https:\/\/lloretdemar.org\/en\/","logo":{"@type":"ImageObject","inLanguage":"en-US","@id":"https:\/\/lloretdemar.org\/en\/#\/schema\/logo\/image\/","url":"https:\/\/lloretdemar.org\/wp-content\/uploads\/2020\/05\/lloret-de-mar-logo.png","contentUrl":"https:\/\/lloretdemar.org\/wp-content\/uploads\/2020\/05\/lloret-de-mar-logo.png","width":87,"height":38,"caption":"Lloret de Mar"},"image":{"@id":"https:\/\/lloretdemar.org\/en\/#\/schema\/logo\/image\/"},"sameAs":["https:\/\/www.facebook.com\/Lloretturisme","https:\/\/x.com\/lloretturisme","https:\/\/instagram.com\/lloretturisme","https:\/\/www.youtube.com\/LloretTurisme"]}]}},"_links":{"self":[{"href":"https:\/\/lloretdemar.org\/en\/wp-json\/wp\/v2\/pages\/11621","targetHints":{"allow":["GET"]}}],"collection":[{"href":"https:\/\/lloretdemar.org\/en\/wp-json\/wp\/v2\/pages"}],"about":[{"href":"https:\/\/lloretdemar.org\/en\/wp-json\/wp\/v2\/types\/page"}],"author":[{"embeddable":true,"href":"https:\/\/lloretdemar.org\/en\/wp-json\/wp\/v2\/users\/12"}],"replies":[{"embeddable":true,"href":"https:\/\/lloretdemar.org\/en\/wp-json\/wp\/v2\/comments?post=11621"}],"version-history":[{"count":1,"href":"https:\/\/lloretdemar.org\/en\/wp-json\/wp\/v2\/pages\/11621\/revisions"}],"predecessor-version":[{"id":30518,"href":"https:\/\/lloretdemar.org\/en\/wp-json\/wp\/v2\/pages\/11621\/revisions\/30518"}],"up":[{"embeddable":true,"href":"https:\/\/lloretdemar.org\/en\/wp-json\/wp\/v2\/pages\/11214"}],"wp:attachment":[{"href":"https:\/\/lloretdemar.org\/en\/wp-json\/wp\/v2\/media?parent=11621"}],"curies":[{"name":"wp","href":"https:\/\/api.w.org\/{rel}","templated":true}]}}