{"id":11324,"date":"2020-01-23T13:43:21","date_gmt":"2020-01-23T12:43:21","guid":{"rendered":"http:\/\/lloretdemar.org\/lloret-de-mar-de-dia\/cultura\/moll-museu-obert-de-lloret\/"},"modified":"2022-09-05T14:16:53","modified_gmt":"2022-09-05T12:16:53","slug":"moll-lloret-open-museum","status":"publish","type":"page","link":"https:\/\/lloretdemar.org\/en\/what-to-do-in-lloret\/lloret-de-mar-in-the-daytime\/culture\/moll-lloret-open-museum\/","title":{"rendered":"MOLL: Lloret Open Museum"},"content":{"rendered":"\n<p>Lloret de Mar\nis like an open museum: you will discover its history as you walk through its\nstreets and squares. Walk around the city, submerge yourself in its past and\nlearn its history, culture and people.<br>\n<br>\nDon\u2019t feel like an observer: get to know Lloret\u2019s heritage and get\ninvolved.<\/p>\n\n\n\n<div style=\"height:40px\" aria-hidden=\"true\" class=\"wp-block-spacer\"><\/div>\n\n\n\n<div class=\"wp-block-buttons is-content-justification-center is-layout-flex wp-container-core-buttons-is-layout-16018d1d wp-block-buttons-is-layout-flex\">\n<div class=\"wp-block-button agenda-btn\"><a class=\"wp-block-button__link has-background\" href=\"https:\/\/maps.lloretdemar.org\/en\/moll-lloret-open-museum\" style=\"border-radius:0px;background-color:#4798e9\">Interactive Guide<\/a><\/div>\n<\/div>\n","protected":false},"excerpt":{"rendered":"<p>Lloret de Mar is like an open museum: you will discover its history as you walk through its streets and squares. Walk around the city, submerge yourself in its past and learn its history, culture and people. Don\u2019t feel like an observer: get to know Lloret\u2019s heritage and get involved.<\/p>\n","protected":false},"author":12,"featured_media":0,"parent":11214,"menu_order":0,"comment_status":"closed","ping_status":"closed","template":"page-templates\/mouret-15.php","meta":{"_acf_changed":false,"content-type":"","footnotes":""},"class_list":["post-11324","page","type-page","status-publish","hentry"],"acf":{"banner_imatge":5886,"banner_titol":"MOLL: Lloret Open Museum","banner_subtitol":"","botons_blanc_o_negres":"defecte","banner_links":[{"es_post":false,"banner_link":{"title":"Santa Clotilde Gardens","url":"http:\/\/lloretdemar.org\/en\/cultura\/jardins-de-santa-clotilde\/","target":""},"link_intern":null,"link_intern_titol":""},{"es_post":false,"banner_link":{"title":"Maritime Museum - Can Garriga","url":"https:\/\/lloretdemar.org\/en\/cultura\/maritime-museum-can-garriga\/","target":""},"link_intern":null,"link_intern_titol":""},{"es_post":false,"banner_link":{"title":"Historic Centre","url":"http:\/\/lloretdemar.org\/en\/cultura\/centre-historic\/","target":""},"link_intern":null,"link_intern_titol":""},{"es_post":false,"banner_link":{"title":"Parish Church of Sant Rom\u00e0","url":"http:\/\/lloretdemar.org\/en\/cultura\/esglesia-parroquial-de-sant-roma\/","target":""},"link_intern":null,"link_intern_titol":""},{"es_post":false,"banner_link":{"title":"Modernist cemetery","url":"http:\/\/lloretdemar.org\/en\/cultura\/cementiri-modernista\/","target":""},"link_intern":null,"link_intern_titol":""},{"es_post":false,"banner_link":{"title":"Can Font","url":"http:\/\/lloretdemar.org\/en\/cultura\/can-font\/","target":""},"link_intern":null,"link_intern_titol":""},{"es_post":false,"banner_link":{"title":"Chapel of Santa Cristina","url":"http:\/\/lloretdemar.org\/en\/cultura\/ermita-de-santa-cristina\/","target":""},"link_intern":null,"link_intern_titol":""},{"es_post":false,"banner_link":{"title":"Es Tint","url":"http:\/\/lloretdemar.org\/en\/cultura\/es-tint\/","target":""},"link_intern":null,"link_intern_titol":""},{"es_post":false,"banner_link":{"title":"Can Saragossa","url":"http:\/\/lloretdemar.org\/en\/cultura\/can-saragossa\/","target":""},"link_intern":null,"link_intern_titol":""},{"es_post":false,"banner_link":{"title":"Sant Joan\u2019s Castle","url":"http:\/\/lloretdemar.org\/en\/cultura\/castell-de-sant-joan\/","target":""},"link_intern":null,"link_intern_titol":""},{"es_post":false,"banner_link":{"title":"Tur\u00f3 Rod\u00f3 Iberian Settlement","url":"http:\/\/lloretdemar.org\/en\/cultura\/turo-rodo\/","target":""},"link_intern":null,"link_intern_titol":""},{"es_post":false,"banner_link":{"title":"Chapel of Les Alegries","url":"http:\/\/lloretdemar.org\/en\/cultura\/ermita-de-les-alegries\/","target":""},"link_intern":null,"link_intern_titol":""},{"es_post":false,"banner_link":{"title":"Sant Pere del Bosc","url":"http:\/\/lloretdemar.org\/en\/cultura\/sant-pere-del-bosc\/","target":""},"link_intern":null,"link_intern_titol":""},{"es_post":false,"banner_link":{"title":"Chapel of Sant Quirze","url":"http:\/\/lloretdemar.org\/en\/cultura\/ermita-de-sant-quirze\/","target":""},"link_intern":null,"link_intern_titol":""},{"es_post":false,"banner_link":{"title":"Chapel of the Sants Metges","url":"http:\/\/lloretdemar.org\/en\/cultura\/capella-dels-sants-metges\/","target":""},"link_intern":null,"link_intern_titol":""},{"es_post":false,"banner_link":{"title":"Puig de Castellet Archaeological Site","url":"http:\/\/lloretdemar.org\/en\/cultura\/jaciment-de-puig-de-castellet\/","target":""},"link_intern":null,"link_intern_titol":""},{"es_post":false,"banner_link":{"title":"Town hall","url":"http:\/\/lloretdemar.org\/en\/cultura\/ajuntament\/","target":""},"link_intern":null,"link_intern_titol":""}],"blocs":[{"titol":"Santa Clotilde Gardens","descripcio":"Located atop a cliff between Cala Boadella and Fenals Beach with incredible sea views, you simply can\u2019t miss out on one of Lloret de Mar\u2019s best kept treasures.","imatge":4396,"es_enllac_intern_o_extern":"intern","link_intern":{"title":"More information","url":"https:\/\/lloretdemar.org\/en\/cultura\/santa-clotilde-gardens\/","target":""},"link_extern":"","link_extern_text":""},{"titol":"Maritime Museum - Can Garriga","descripcio":"Located on the waterfront promenade, Can Garriga is one of the most important \u2018Indiano\u2019 houses in Lloret de Mar. Currently, this house, together with its neighbouring property, is home to the Maritime Museum, where you can learn about Lloret de Mar\u2019s connection with the sea.","imatge":4399,"es_enllac_intern_o_extern":"intern","link_intern":{"title":"More information","url":"https:\/\/lloretdemar.org\/en\/cultura\/maritime-museum-can-garriga\/","target":""},"link_extern":"","link_extern_text":""},{"titol":"Historic Centre","descripcio":"We\u2019ve created a route for you to really get to know the most interesting heritage of Lloret de Mar\u2019s historic centre.","imatge":6046,"es_enllac_intern_o_extern":"intern","link_intern":{"title":"More information","url":"https:\/\/lloretdemar.org\/en\/cultura\/historic-centre\/","target":""},"link_extern":"","link_extern_text":""},{"titol":"Parish Church of Sant Rom\u00e0","descripcio":"Taking a stroll through Lloret de Mar\u2019s historic centre, you will come across the Church of Sant Rom\u00e0, the patron saint of Lloret de Mar.","imatge":4402,"es_enllac_intern_o_extern":"intern","link_intern":{"title":"More information","url":"https:\/\/lloretdemar.org\/en\/cultura\/parish-church-of-sant-roma\/","target":""},"link_extern":"","link_extern_text":""},{"titol":"Modernist cemetery","descripcio":"Lloret de Mar\u2019s cemetery belonged to the European Cemeteries Route and has been declared a Site of Cultural Interest. It\u2019s one of the primary examples of 19th century funerary art in Catalonia and holds a considerable \u2018Indiano\u2019 legacy.","imatge":4405,"es_enllac_intern_o_extern":"intern","link_intern":{"title":"More information","url":"https:\/\/lloretdemar.org\/en\/cultura\/modernist-cemetery\/","target":""},"link_extern":"","link_extern_text":""},{"titol":"Can Font","descripcio":"Can Font is a building constructed in the Catalan modernist style and is also known as Cal Conde o Can Piuet. It was built in 1877 on the request of Nicolau Font i Maig, its first owner.","imatge":4408,"es_enllac_intern_o_extern":"intern","link_intern":{"title":"More information","url":"https:\/\/lloretdemar.org\/en\/cultura\/can-font-the-house-of-nicolau-font-i-maig\/","target":""},"link_extern":"","link_extern_text":""},{"titol":"Chapel of Santa Cristina","descripcio":"This beautiful white chapel is located 3.5 kilometres from the centre of Lloret.","imatge":4411,"es_enllac_intern_o_extern":"intern","link_intern":{"title":"More information","url":"https:\/\/lloretdemar.org\/en\/cultura\/chapel-of-santa-cristina\/","target":""},"link_extern":"","link_extern_text":""},{"titol":"Chapel of Les Alegries","descripcio":"This small chapel was the first parish church in our city, from its consecration in 1079 to 1522, when it moved to its present-day location 2.5 km from the centre","imatge":5921,"es_enllac_intern_o_extern":"intern","link_intern":{"title":"More information","url":"https:\/\/lloretdemar.org\/en\/cultura\/chapel-of-les-alegries\/","target":""},"link_extern":"","link_extern_text":""},{"titol":"Es Tint","descripcio":"The current headquarters of the Lloret de Mar Fisherman\u2019s Guild. Located in the town centre, it still serves its original purpose as a space where fishermen go to dye their nets.\r\n","imatge":4817,"es_enllac_intern_o_extern":"intern","link_intern":{"title":"More information","url":"https:\/\/lloretdemar.org\/en\/cultura\/es-tint\/","target":""},"link_extern":"","link_extern_text":""},{"titol":"Can Saragossa","descripcio":"The Can Saragossa farmhouse is located on a small hill, surrounded by woodland and gardens. In spring, when the landscape begins to bloom, it\u2019s simply a must-see.","imatge":4414,"es_enllac_intern_o_extern":"intern","link_intern":{"title":"More information","url":"https:\/\/lloretdemar.org\/en\/cultura\/can-saragossa\/","target":""},"link_extern":"","link_extern_text":""},{"titol":"Castle of Sant Joan","descripcio":"Located on top of the mountain that separates the Lloret de Mar and Fenals beaches is an iconic mountain built in the 11th century CE.","imatge":4417,"es_enllac_intern_o_extern":"intern","link_intern":{"title":"More information","url":"https:\/\/lloretdemar.org\/en\/cultura\/castle-of-sant-joan\/","target":""},"link_extern":"","link_extern_text":""},{"titol":"Tur\u00f3 Rod\u00f3 Iberian Settlement","descripcio":"The settlement of Tur\u00f3 Rod\u00f3 (3rd century B.C.) is one of three Iberian archaeological sites that can be found around Lloret de Mar and is the closest to the town centre. This small Iberian settlement is located on a small promontory 40 metres high, just behind the iconic D\u2019en Plaja Castle.","imatge":5924,"es_enllac_intern_o_extern":"intern","link_intern":{"title":"More information","url":"https:\/\/lloretdemar.org\/en\/cultura\/turo-rodo\/","target":""},"link_extern":"","link_extern_text":""},{"titol":"Sant Pere del Bosc","descripcio":"Located 5 km from the centre of Lloret de Mar and surrounded by nature is the Sant Pere del Bosc hotel and restaurant, a restored Benedictine monastery constructed in the 10th century and rebuilt by Puig i Cadafalch in the 19th century.","imatge":6026,"es_enllac_intern_o_extern":"intern","link_intern":{"title":"More information","url":"https:\/\/lloretdemar.org\/en\/cultura\/sant-pere-del-bosc\/","target":""},"link_extern":"","link_extern_text":""},{"titol":"Chapel of Sant Quirze","descripcio":"Located 200 metres from the cemetery and 1km from the town centre, the chapel has its origins prior to the 11th century and is a mix of styles.","imatge":4423,"es_enllac_intern_o_extern":"intern","link_intern":{"title":"More information","url":"https:\/\/lloretdemar.org\/en\/cultura\/chapel-of-sant-quirze\/","target":""},"link_extern":"","link_extern_text":""},{"titol":"Chapel of the Sants Metges","descripcio":"This small chapel belonged to the former charity hospital of Lloret, which was founded in 1445 by Narc\u00eds Oliveres, canon of Girona cathedral and administrator of the Provostship of the month of November and, as such, lord of the territory of Lloret.","imatge":5927,"es_enllac_intern_o_extern":"intern","link_intern":{"title":"More information","url":"https:\/\/lloretdemar.org\/en\/cultura\/chapel-of-the-sants-metges\/","target":""},"link_extern":"","link_extern_text":""},{"titol":"Puig de Castellet Archaeological Site","descripcio":"The Puig de Castellet Archaeological Site, which dates back to the 3rd century B.C., is located 2 kilometres from the centre of Lloret de Mar. The area enjoyed a strategic advantage due to the dominant views that span from the mouth of the Tordera river to the coast of Lloret. It is a small site measuring 650 m2 and containing around 6 dwellings.","imatge":6042,"es_enllac_intern_o_extern":"intern","link_intern":{"title":"More information","url":"https:\/\/lloretdemar.org\/en\/cultura\/puig-de-castellet-archaeological-site\/","target":""},"link_extern":"","link_extern_text":""},{"titol":"Town Hall - \u2018Casa de la Villa\u2019","descripcio":"Lloret de Mar\u2019s town hall conserves the area\u2019s \u2018Indiano\u2019 essence and presides over Passeig Moss\u00e8n Jacint Verdaguer, beside the sea.","imatge":5930,"es_enllac_intern_o_extern":"intern","link_intern":{"title":" M\u00e9s informaci\u00f3","url":"http:\/\/lloretdemar.org\/cultura\/ajuntament\/","target":""},"link_extern":"","link_extern_text":""}],"titol_boto":"Descarrega el fullet\u00f3","document":6535,"apartats":null},"yoast_head":"<!-- This site is optimized with the Yoast SEO plugin v27.5 - https:\/\/yoast.com\/product\/yoast-seo-wordpress\/ -->\n<title>MOLL: Lloret Open Museum - Lloret de Mar<\/title>\n<meta name=\"description\" content=\"Lloret de Mar is like an open museum: you will discover its history as you walk through its streets and squares. Walk around the city, submerge yourself in its past and learn its history, culture and people. Don\u2019t feel like an observer: get to know Lloret\u2019s heritage and get involved. Interactive Guide\" \/>\n<meta name=\"robots\" content=\"index, follow, max-snippet:-1, max-image-preview:large, max-video-preview:-1\" \/>\n<link rel=\"canonical\" href=\"https:\/\/lloretdemar.org\/en\/what-to-do-in-lloret\/lloret-de-mar-in-the-daytime\/culture\/moll-lloret-open-museum\/\" \/>\n<meta property=\"og:locale\" content=\"en_US\" \/>\n<meta property=\"og:type\" content=\"article\" \/>\n<meta property=\"og:title\" content=\"MOLL: Lloret Open Museum - Lloret de Mar\" \/>\n<meta property=\"og:description\" content=\"Lloret de Mar is like an open museum: you will discover its history as you walk through its streets and squares. Walk around the city, submerge yourself in its past and learn its history, culture and people. Don\u2019t feel like an observer: get to know Lloret\u2019s heritage and get involved. Interactive Guide\" \/>\n<meta property=\"og:url\" content=\"https:\/\/lloretdemar.org\/en\/what-to-do-in-lloret\/lloret-de-mar-in-the-daytime\/culture\/moll-lloret-open-museum\/\" \/>\n<meta property=\"og:site_name\" content=\"Lloret de Mar\" \/>\n<meta property=\"article:publisher\" content=\"https:\/\/www.facebook.com\/Lloretturisme\" \/>\n<meta property=\"article:modified_time\" content=\"2022-09-05T12:16:53+00:00\" \/>\n<meta property=\"og:image\" content=\"https:\/\/lloretdemar.org\/wp-content\/uploads\/2020\/02\/slide-cultura-moll.jpg\" \/>\n\t<meta property=\"og:image:width\" content=\"1920\" \/>\n\t<meta property=\"og:image:height\" content=\"885\" \/>\n\t<meta property=\"og:image:type\" content=\"image\/jpeg\" \/>\n<meta name=\"twitter:card\" content=\"summary_large_image\" \/>\n<meta name=\"twitter:site\" content=\"@lloretturisme\" \/>\n<meta name=\"twitter:label1\" content=\"Est. reading time\" \/>\n\t<meta name=\"twitter:data1\" content=\"1 minute\" \/>\n<script type=\"application\/ld+json\" class=\"yoast-schema-graph\">{\"@context\":\"https:\\\/\\\/schema.org\",\"@graph\":[{\"@type\":\"WebPage\",\"@id\":\"https:\\\/\\\/lloretdemar.org\\\/en\\\/what-to-do-in-lloret\\\/lloret-de-mar-in-the-daytime\\\/culture\\\/moll-lloret-open-museum\\\/\",\"url\":\"https:\\\/\\\/lloretdemar.org\\\/en\\\/what-to-do-in-lloret\\\/lloret-de-mar-in-the-daytime\\\/culture\\\/moll-lloret-open-museum\\\/\",\"name\":\"MOLL: Lloret Open Museum - Lloret de Mar\",\"isPartOf\":{\"@id\":\"https:\\\/\\\/lloretdemar.org\\\/en\\\/#website\"},\"datePublished\":\"2020-01-23T12:43:21+00:00\",\"dateModified\":\"2022-09-05T12:16:53+00:00\",\"description\":\"Lloret de Mar\",\"breadcrumb\":{\"@id\":\"https:\\\/\\\/lloretdemar.org\\\/en\\\/what-to-do-in-lloret\\\/lloret-de-mar-in-the-daytime\\\/culture\\\/moll-lloret-open-museum\\\/#breadcrumb\"},\"inLanguage\":\"en-US\",\"potentialAction\":[{\"@type\":\"ReadAction\",\"target\":[\"https:\\\/\\\/lloretdemar.org\\\/en\\\/what-to-do-in-lloret\\\/lloret-de-mar-in-the-daytime\\\/culture\\\/moll-lloret-open-museum\\\/\"]}]},{\"@type\":\"BreadcrumbList\",\"@id\":\"https:\\\/\\\/lloretdemar.org\\\/en\\\/what-to-do-in-lloret\\\/lloret-de-mar-in-the-daytime\\\/culture\\\/moll-lloret-open-museum\\\/#breadcrumb\",\"itemListElement\":[{\"@type\":\"ListItem\",\"position\":1,\"name\":\"Home\",\"item\":\"https:\\\/\\\/lloretdemar.org\\\/en\\\/\"},{\"@type\":\"ListItem\",\"position\":2,\"name\":\"What to do in Lloret\",\"item\":\"https:\\\/\\\/lloretdemar.org\\\/en\\\/what-to-do-in-lloret\\\/\"},{\"@type\":\"ListItem\",\"position\":3,\"name\":\"Lloret de Mar in the Daytime\",\"item\":\"https:\\\/\\\/lloretdemar.org\\\/en\\\/what-to-do-in-lloret\\\/lloret-de-mar-in-the-daytime\\\/\"},{\"@type\":\"ListItem\",\"position\":4,\"name\":\"Culture\",\"item\":\"https:\\\/\\\/lloretdemar.org\\\/en\\\/what-to-do-in-lloret\\\/lloret-de-mar-in-the-daytime\\\/culture\\\/\"},{\"@type\":\"ListItem\",\"position\":5,\"name\":\"MOLL: Lloret Open Museum\"}]},{\"@type\":\"WebSite\",\"@id\":\"https:\\\/\\\/lloretdemar.org\\\/en\\\/#website\",\"url\":\"https:\\\/\\\/lloretdemar.org\\\/en\\\/\",\"name\":\"Lloret de Mar\",\"description\":\"\",\"publisher\":{\"@id\":\"https:\\\/\\\/lloretdemar.org\\\/en\\\/#organization\"},\"potentialAction\":[{\"@type\":\"SearchAction\",\"target\":{\"@type\":\"EntryPoint\",\"urlTemplate\":\"https:\\\/\\\/lloretdemar.org\\\/en\\\/?s={search_term_string}\"},\"query-input\":{\"@type\":\"PropertyValueSpecification\",\"valueRequired\":true,\"valueName\":\"search_term_string\"}}],\"inLanguage\":\"en-US\"},{\"@type\":\"Organization\",\"@id\":\"https:\\\/\\\/lloretdemar.org\\\/en\\\/#organization\",\"name\":\"Lloret de Mar\",\"url\":\"https:\\\/\\\/lloretdemar.org\\\/en\\\/\",\"logo\":{\"@type\":\"ImageObject\",\"inLanguage\":\"en-US\",\"@id\":\"https:\\\/\\\/lloretdemar.org\\\/en\\\/#\\\/schema\\\/logo\\\/image\\\/\",\"url\":\"https:\\\/\\\/lloretdemar.org\\\/wp-content\\\/uploads\\\/2020\\\/05\\\/lloret-de-mar-logo.png\",\"contentUrl\":\"https:\\\/\\\/lloretdemar.org\\\/wp-content\\\/uploads\\\/2020\\\/05\\\/lloret-de-mar-logo.png\",\"width\":87,\"height\":38,\"caption\":\"Lloret de Mar\"},\"image\":{\"@id\":\"https:\\\/\\\/lloretdemar.org\\\/en\\\/#\\\/schema\\\/logo\\\/image\\\/\"},\"sameAs\":[\"https:\\\/\\\/www.facebook.com\\\/Lloretturisme\",\"https:\\\/\\\/x.com\\\/lloretturisme\",\"https:\\\/\\\/instagram.com\\\/lloretturisme\",\"https:\\\/\\\/www.youtube.com\\\/LloretTurisme\"]}]}<\/script>\n<!-- \/ Yoast SEO plugin. -->","yoast_head_json":{"title":"MOLL: Lloret Open Museum - Lloret de Mar","description":"Lloret de Mar is like an open museum: you will discover its history as you walk through its streets and squares. Walk around the city, submerge yourself in its past and learn its history, culture and people. Don\u2019t feel like an observer: get to know Lloret\u2019s heritage and get involved. Interactive Guide","robots":{"index":"index","follow":"follow","max-snippet":"max-snippet:-1","max-image-preview":"max-image-preview:large","max-video-preview":"max-video-preview:-1"},"canonical":"https:\/\/lloretdemar.org\/en\/what-to-do-in-lloret\/lloret-de-mar-in-the-daytime\/culture\/moll-lloret-open-museum\/","og_locale":"en_US","og_type":"article","og_title":"MOLL: Lloret Open Museum - Lloret de Mar","og_description":"Lloret de Mar is like an open museum: you will discover its history as you walk through its streets and squares. Walk around the city, submerge yourself in its past and learn its history, culture and people. Don\u2019t feel like an observer: get to know Lloret\u2019s heritage and get involved. Interactive Guide","og_url":"https:\/\/lloretdemar.org\/en\/what-to-do-in-lloret\/lloret-de-mar-in-the-daytime\/culture\/moll-lloret-open-museum\/","og_site_name":"Lloret de Mar","article_publisher":"https:\/\/www.facebook.com\/Lloretturisme","article_modified_time":"2022-09-05T12:16:53+00:00","og_image":[{"width":1920,"height":885,"url":"https:\/\/lloretdemar.org\/wp-content\/uploads\/2020\/02\/slide-cultura-moll.jpg","type":"image\/jpeg"}],"twitter_card":"summary_large_image","twitter_site":"@lloretturisme","twitter_misc":{"Est. reading time":"1 minute"},"schema":{"@context":"https:\/\/schema.org","@graph":[{"@type":"WebPage","@id":"https:\/\/lloretdemar.org\/en\/what-to-do-in-lloret\/lloret-de-mar-in-the-daytime\/culture\/moll-lloret-open-museum\/","url":"https:\/\/lloretdemar.org\/en\/what-to-do-in-lloret\/lloret-de-mar-in-the-daytime\/culture\/moll-lloret-open-museum\/","name":"MOLL: Lloret Open Museum - Lloret de Mar","isPartOf":{"@id":"https:\/\/lloretdemar.org\/en\/#website"},"datePublished":"2020-01-23T12:43:21+00:00","dateModified":"2022-09-05T12:16:53+00:00","description":"Lloret de Mar","breadcrumb":{"@id":"https:\/\/lloretdemar.org\/en\/what-to-do-in-lloret\/lloret-de-mar-in-the-daytime\/culture\/moll-lloret-open-museum\/#breadcrumb"},"inLanguage":"en-US","potentialAction":[{"@type":"ReadAction","target":["https:\/\/lloretdemar.org\/en\/what-to-do-in-lloret\/lloret-de-mar-in-the-daytime\/culture\/moll-lloret-open-museum\/"]}]},{"@type":"BreadcrumbList","@id":"https:\/\/lloretdemar.org\/en\/what-to-do-in-lloret\/lloret-de-mar-in-the-daytime\/culture\/moll-lloret-open-museum\/#breadcrumb","itemListElement":[{"@type":"ListItem","position":1,"name":"Home","item":"https:\/\/lloretdemar.org\/en\/"},{"@type":"ListItem","position":2,"name":"What to do in Lloret","item":"https:\/\/lloretdemar.org\/en\/what-to-do-in-lloret\/"},{"@type":"ListItem","position":3,"name":"Lloret de Mar in the Daytime","item":"https:\/\/lloretdemar.org\/en\/what-to-do-in-lloret\/lloret-de-mar-in-the-daytime\/"},{"@type":"ListItem","position":4,"name":"Culture","item":"https:\/\/lloretdemar.org\/en\/what-to-do-in-lloret\/lloret-de-mar-in-the-daytime\/culture\/"},{"@type":"ListItem","position":5,"name":"MOLL: Lloret Open Museum"}]},{"@type":"WebSite","@id":"https:\/\/lloretdemar.org\/en\/#website","url":"https:\/\/lloretdemar.org\/en\/","name":"Lloret de Mar","description":"","publisher":{"@id":"https:\/\/lloretdemar.org\/en\/#organization"},"potentialAction":[{"@type":"SearchAction","target":{"@type":"EntryPoint","urlTemplate":"https:\/\/lloretdemar.org\/en\/?s={search_term_string}"},"query-input":{"@type":"PropertyValueSpecification","valueRequired":true,"valueName":"search_term_string"}}],"inLanguage":"en-US"},{"@type":"Organization","@id":"https:\/\/lloretdemar.org\/en\/#organization","name":"Lloret de Mar","url":"https:\/\/lloretdemar.org\/en\/","logo":{"@type":"ImageObject","inLanguage":"en-US","@id":"https:\/\/lloretdemar.org\/en\/#\/schema\/logo\/image\/","url":"https:\/\/lloretdemar.org\/wp-content\/uploads\/2020\/05\/lloret-de-mar-logo.png","contentUrl":"https:\/\/lloretdemar.org\/wp-content\/uploads\/2020\/05\/lloret-de-mar-logo.png","width":87,"height":38,"caption":"Lloret de Mar"},"image":{"@id":"https:\/\/lloretdemar.org\/en\/#\/schema\/logo\/image\/"},"sameAs":["https:\/\/www.facebook.com\/Lloretturisme","https:\/\/x.com\/lloretturisme","https:\/\/instagram.com\/lloretturisme","https:\/\/www.youtube.com\/LloretTurisme"]}]}},"_links":{"self":[{"href":"https:\/\/lloretdemar.org\/en\/wp-json\/wp\/v2\/pages\/11324","targetHints":{"allow":["GET"]}}],"collection":[{"href":"https:\/\/lloretdemar.org\/en\/wp-json\/wp\/v2\/pages"}],"about":[{"href":"https:\/\/lloretdemar.org\/en\/wp-json\/wp\/v2\/types\/page"}],"author":[{"embeddable":true,"href":"https:\/\/lloretdemar.org\/en\/wp-json\/wp\/v2\/users\/12"}],"replies":[{"embeddable":true,"href":"https:\/\/lloretdemar.org\/en\/wp-json\/wp\/v2\/comments?post=11324"}],"version-history":[{"count":1,"href":"https:\/\/lloretdemar.org\/en\/wp-json\/wp\/v2\/pages\/11324\/revisions"}],"predecessor-version":[{"id":30483,"href":"https:\/\/lloretdemar.org\/en\/wp-json\/wp\/v2\/pages\/11324\/revisions\/30483"}],"up":[{"embeddable":true,"href":"https:\/\/lloretdemar.org\/en\/wp-json\/wp\/v2\/pages\/11214"}],"wp:attachment":[{"href":"https:\/\/lloretdemar.org\/en\/wp-json\/wp\/v2\/media?parent=11324"}],"curies":[{"name":"wp","href":"https:\/\/api.w.org\/{rel}","templated":true}]}}