{"id":11209,"date":"2020-02-05T16:40:39","date_gmt":"2020-02-05T15:40:39","guid":{"rendered":"http:\/\/lloretdemar.org\/lloret-de-mar-de-dia\/cami-de-ronda\/cami-de-ronda-lloret-de-mar-blanes\/"},"modified":"2022-09-05T13:20:27","modified_gmt":"2022-09-05T11:20:27","slug":"coastal-trail-lloret-de-mar-blanes","status":"publish","type":"page","link":"https:\/\/lloretdemar.org\/en\/what-to-do-in-lloret\/lloret-de-mar-in-the-daytime\/coastal-trail\/coastal-trail-lloret-de-mar-blanes\/","title":{"rendered":"Coastal trail Lloret de Mar &#8211; Blanes"},"content":{"rendered":"\n<p>This is one of\nthe most beautiful coastal walks you can take along the Costa Brava. The route\ntakes you along trails and through the forests of oak and pine trees that line\nthe Lloret coast, allowing you to enjoy the natural landscape of the Costa\nBrava (which remains one of the main attractions of this tourist destination),\nstarting from Lloret Beach and arriving in the city of Blanes.<\/p>\n\n\n\n<p>You can enjoy\nthis route all year round. In the summer, make the most of it and swim at any\nof the coves you find along your way as the trail passes very close to the\nwater. <\/p>\n\n\n\n<p>Throughout the\nrest of the year, it is ideal if you are looking for peace and quiet. It is\nfull of hidden spots, vegetation and cliffs, not to mention spectacular views\nthat are perfect for photography lovers.<\/p>\n","protected":false},"excerpt":{"rendered":"<p>This is one of the most beautiful coastal walks you can take along the Costa Brava. The route takes you along trails and through the forests of oak and pine trees that line the Lloret coast, allowing you to enjoy the natural landscape of the Costa Brava (which remains one of the main attractions of [&hellip;]<\/p>\n","protected":false},"author":12,"featured_media":7383,"parent":11199,"menu_order":0,"comment_status":"closed","ping_status":"closed","template":"page-templates\/puntinteres.php","meta":{"_acf_changed":false,"content-type":"","footnotes":""},"class_list":["post-11209","page","type-page","status-publish","has-post-thumbnail","hentry"],"acf":{"enllac_directori":false,"imatges":null,"blocs":[{"nom_categoria":"Technical information","contingut_categoria":"<strong>Start:<\/strong> Maritime Museum\r\n\r\n<strong>Arrival:<\/strong> Blanes centre - Sa Palomera\r\n\r\n<strong>Type of route:<\/strong> Linear\r\n\r\n<strong>Difficulty:<\/strong> Medium\r\n\r\n<strong>Approximate time:<\/strong> 2 hours 15 minutes\r\n\r\n<strong>Elevation change:<\/strong> 201 metres"},{"nom_categoria":"Signs","contingut_categoria":"GR, PR and SL markings according to FEEC standards. (GR: white and red markings). Vertical and horizontal Turisme de Catalunya signs"},{"nom_categoria":"Points of interest","contingut_categoria":"Maritime Museum, Dona Marinera (Fisherman\u2019s Wife) Monument, Cala Banys, Sant Joan de Fenals castle, Santa Clotilde Gardens, Chapel of Santa Cristina, Pinya de Rosa Botanical Garden, Chapel of Santa B\u00e0rbera, Sant Joan Castle, Blanes centre, Sa Palomera\r\n\r\n&nbsp;"},{"nom_categoria":"More information","contingut_categoria":"<a href=\"http:\/\/www.laselvaturisme.com\/wp-content\/uploads\/2016\/12\/GR92_LloretdeMar-Blanes.pdf\">http:\/\/www.laselvaturisme.com\/wp-content\/uploads\/2016\/12\/GR92_LloretdeMar-Blanes.pdf<\/a>"}],"direccio":{"titol_bloc":"Coastal trail Lloret de Mar - Blanes","contingut_bloc":"In the following link, we show you how to get there <a href=\"https:\/\/www.google.com\/maps\/place\/Cam%C3%AD+de+Ronda,+17300,+Girona\/@41.6783073,2.8055964,17.25z\/data=!4m5!3m4!1s0x12bb164ff3865197:0x6090d6fe8c0f836a!8m2!3d41.6780485!4d2.8069707\">here.<\/a>","mapa":{"address":"17300 Blanes, Girona, Espanya","lat":41.675995399999998,"lng":2.7902288999999989,"zoom":14,"place_id":"ChIJQ40kOPM9uxIRgolj8LA4DtA","city":"Blanes","state":"Catalunya","state_short":"CT","post_code":17300,"country":"Espanya","country_short":"ES"}},"mes_informacio":{"titol_mes_info":"M\u00e9s informaci\u00f3","contingut_mes_info":"<strong>Tel\u00e8fon: <\/strong>+34 972 365 788\r\n<strong>E-mail:<\/strong> <a href=\"mailto:central-turisme@lloret.cat\">central-turisme@lloret.cat<\/a>\r\n<strong>Web:<\/strong> <a href=\"http:\/\/www.lloretdemar.org\/\">www.lloretdemar.org<\/a>"},"viatge":{"titol_viatge":"Need more information?","contingut_viatge":"Contact us and ask us everything you want in Lloret Turisme","link_viatge":{"title":"Ask us","url":"mailto:lloret-turisme@lloret.cat","target":""}},"apartats":[{"acf_fc_layout":"bloc_amplada_completa","amb_marges":false,"html_js":"<div  style=\"width:92%; height:80vh; display:inline-block; margin-left:4%; margin-bottom:25px; border: 1px solid #fd5151\">\r\n<div \r\n\t\tid=\"bWidgetMap\"\r\n\t\tintegration=\"segment\"\r\n\t\tparenturiprefix=\"bwidget:\"\r\n\t\tembedurl=\"https:\/\/maps.lloretdemar.org\"\r\n\t\tembedmainuri=\"\/en\/coastal-trail-lloret-mar-blanes\"\r\n\t\tonFocus=\"\"\r\n\t\tonFocusOut=\"\"\r\n                btnColor='#fd5151'\r\n                showButtons = \"true\"\r\n                viewMapText = \"INTERACTIVE MAP\"\r\n               >\r\n<\/div>\r\n<script type=\"text\/javascript\" src=\"https:\/\/maps.lloretdemar.org\/embed.js\"><\/script>\r\n<\/div>"}]},"yoast_head":"<!-- This site is optimized with the Yoast SEO plugin v27.5 - https:\/\/yoast.com\/product\/yoast-seo-wordpress\/ -->\n<title>Coastal trail Lloret de Mar - Blanes - Lloret de Mar<\/title>\n<meta name=\"description\" content=\"This is one of the most beautiful coastal walks you can take along the Costa Brava. The route takes you along trails and through the forests of oak and pine trees that line the Lloret coast, allowing you to enjoy the natural landscape of the Costa Brava (which remains one of the main attractions of&hellip;\" \/>\n<meta name=\"robots\" content=\"index, follow, max-snippet:-1, max-image-preview:large, max-video-preview:-1\" \/>\n<link rel=\"canonical\" href=\"https:\/\/lloretdemar.org\/en\/what-to-do-in-lloret\/lloret-de-mar-in-the-daytime\/coastal-trail\/coastal-trail-lloret-de-mar-blanes\/\" \/>\n<meta property=\"og:locale\" content=\"en_US\" \/>\n<meta property=\"og:type\" content=\"article\" \/>\n<meta property=\"og:title\" content=\"Coastal trail Lloret de Mar - Blanes - Lloret de Mar\" \/>\n<meta property=\"og:description\" content=\"This is one of the most beautiful coastal walks you can take along the Costa Brava. The route takes you along trails and through the forests of oak and pine trees that line the Lloret coast, allowing you to enjoy the natural landscape of the Costa Brava (which remains one of the main attractions of&hellip;\" \/>\n<meta property=\"og:url\" content=\"https:\/\/lloretdemar.org\/en\/what-to-do-in-lloret\/lloret-de-mar-in-the-daytime\/coastal-trail\/coastal-trail-lloret-de-mar-blanes\/\" \/>\n<meta property=\"og:site_name\" content=\"Lloret de Mar\" \/>\n<meta property=\"article:publisher\" content=\"https:\/\/www.facebook.com\/Lloretturisme\" \/>\n<meta property=\"article:modified_time\" content=\"2022-09-05T11:20:27+00:00\" \/>\n<meta property=\"og:image\" content=\"https:\/\/lloretdemar.org\/wp-content\/uploads\/2020\/03\/cami-ronda-blanes3.jpg\" \/>\n\t<meta property=\"og:image:width\" content=\"1208\" \/>\n\t<meta property=\"og:image:height\" content=\"654\" \/>\n\t<meta property=\"og:image:type\" content=\"image\/jpeg\" \/>\n<meta name=\"twitter:card\" content=\"summary_large_image\" \/>\n<meta name=\"twitter:site\" content=\"@lloretturisme\" \/>\n<meta name=\"twitter:label1\" content=\"Est. reading time\" \/>\n\t<meta name=\"twitter:data1\" content=\"1 minute\" \/>\n<script type=\"application\/ld+json\" class=\"yoast-schema-graph\">{\"@context\":\"https:\\\/\\\/schema.org\",\"@graph\":[{\"@type\":\"WebPage\",\"@id\":\"https:\\\/\\\/lloretdemar.org\\\/en\\\/what-to-do-in-lloret\\\/lloret-de-mar-in-the-daytime\\\/coastal-trail\\\/coastal-trail-lloret-de-mar-blanes\\\/\",\"url\":\"https:\\\/\\\/lloretdemar.org\\\/en\\\/what-to-do-in-lloret\\\/lloret-de-mar-in-the-daytime\\\/coastal-trail\\\/coastal-trail-lloret-de-mar-blanes\\\/\",\"name\":\"Coastal trail Lloret de Mar - Blanes - Lloret de Mar\",\"isPartOf\":{\"@id\":\"https:\\\/\\\/lloretdemar.org\\\/en\\\/#website\"},\"primaryImageOfPage\":{\"@id\":\"https:\\\/\\\/lloretdemar.org\\\/en\\\/what-to-do-in-lloret\\\/lloret-de-mar-in-the-daytime\\\/coastal-trail\\\/coastal-trail-lloret-de-mar-blanes\\\/#primaryimage\"},\"image\":{\"@id\":\"https:\\\/\\\/lloretdemar.org\\\/en\\\/what-to-do-in-lloret\\\/lloret-de-mar-in-the-daytime\\\/coastal-trail\\\/coastal-trail-lloret-de-mar-blanes\\\/#primaryimage\"},\"thumbnailUrl\":\"https:\\\/\\\/lloretdemar.org\\\/wp-content\\\/uploads\\\/2020\\\/03\\\/cami-ronda-blanes3.jpg\",\"datePublished\":\"2020-02-05T15:40:39+00:00\",\"dateModified\":\"2022-09-05T11:20:27+00:00\",\"description\":\"Lloret de Mar\",\"breadcrumb\":{\"@id\":\"https:\\\/\\\/lloretdemar.org\\\/en\\\/what-to-do-in-lloret\\\/lloret-de-mar-in-the-daytime\\\/coastal-trail\\\/coastal-trail-lloret-de-mar-blanes\\\/#breadcrumb\"},\"inLanguage\":\"en-US\",\"potentialAction\":[{\"@type\":\"ReadAction\",\"target\":[\"https:\\\/\\\/lloretdemar.org\\\/en\\\/what-to-do-in-lloret\\\/lloret-de-mar-in-the-daytime\\\/coastal-trail\\\/coastal-trail-lloret-de-mar-blanes\\\/\"]}]},{\"@type\":\"ImageObject\",\"inLanguage\":\"en-US\",\"@id\":\"https:\\\/\\\/lloretdemar.org\\\/en\\\/what-to-do-in-lloret\\\/lloret-de-mar-in-the-daytime\\\/coastal-trail\\\/coastal-trail-lloret-de-mar-blanes\\\/#primaryimage\",\"url\":\"https:\\\/\\\/lloretdemar.org\\\/wp-content\\\/uploads\\\/2020\\\/03\\\/cami-ronda-blanes3.jpg\",\"contentUrl\":\"https:\\\/\\\/lloretdemar.org\\\/wp-content\\\/uploads\\\/2020\\\/03\\\/cami-ronda-blanes3.jpg\",\"width\":1208,\"height\":654},{\"@type\":\"BreadcrumbList\",\"@id\":\"https:\\\/\\\/lloretdemar.org\\\/en\\\/what-to-do-in-lloret\\\/lloret-de-mar-in-the-daytime\\\/coastal-trail\\\/coastal-trail-lloret-de-mar-blanes\\\/#breadcrumb\",\"itemListElement\":[{\"@type\":\"ListItem\",\"position\":1,\"name\":\"Home\",\"item\":\"https:\\\/\\\/lloretdemar.org\\\/en\\\/\"},{\"@type\":\"ListItem\",\"position\":2,\"name\":\"What to do in Lloret\",\"item\":\"https:\\\/\\\/lloretdemar.org\\\/en\\\/what-to-do-in-lloret\\\/\"},{\"@type\":\"ListItem\",\"position\":3,\"name\":\"Lloret de Mar in the Daytime\",\"item\":\"https:\\\/\\\/lloretdemar.org\\\/en\\\/what-to-do-in-lloret\\\/lloret-de-mar-in-the-daytime\\\/\"},{\"@type\":\"ListItem\",\"position\":4,\"name\":\"Coastal Trail\",\"item\":\"https:\\\/\\\/lloretdemar.org\\\/en\\\/what-to-do-in-lloret\\\/lloret-de-mar-in-the-daytime\\\/coastal-trail\\\/\"},{\"@type\":\"ListItem\",\"position\":5,\"name\":\"Coastal trail Lloret de Mar &#8211; Blanes\"}]},{\"@type\":\"WebSite\",\"@id\":\"https:\\\/\\\/lloretdemar.org\\\/en\\\/#website\",\"url\":\"https:\\\/\\\/lloretdemar.org\\\/en\\\/\",\"name\":\"Lloret de Mar\",\"description\":\"\",\"publisher\":{\"@id\":\"https:\\\/\\\/lloretdemar.org\\\/en\\\/#organization\"},\"potentialAction\":[{\"@type\":\"SearchAction\",\"target\":{\"@type\":\"EntryPoint\",\"urlTemplate\":\"https:\\\/\\\/lloretdemar.org\\\/en\\\/?s={search_term_string}\"},\"query-input\":{\"@type\":\"PropertyValueSpecification\",\"valueRequired\":true,\"valueName\":\"search_term_string\"}}],\"inLanguage\":\"en-US\"},{\"@type\":\"Organization\",\"@id\":\"https:\\\/\\\/lloretdemar.org\\\/en\\\/#organization\",\"name\":\"Lloret de Mar\",\"url\":\"https:\\\/\\\/lloretdemar.org\\\/en\\\/\",\"logo\":{\"@type\":\"ImageObject\",\"inLanguage\":\"en-US\",\"@id\":\"https:\\\/\\\/lloretdemar.org\\\/en\\\/#\\\/schema\\\/logo\\\/image\\\/\",\"url\":\"https:\\\/\\\/lloretdemar.org\\\/wp-content\\\/uploads\\\/2020\\\/05\\\/lloret-de-mar-logo.png\",\"contentUrl\":\"https:\\\/\\\/lloretdemar.org\\\/wp-content\\\/uploads\\\/2020\\\/05\\\/lloret-de-mar-logo.png\",\"width\":87,\"height\":38,\"caption\":\"Lloret de Mar\"},\"image\":{\"@id\":\"https:\\\/\\\/lloretdemar.org\\\/en\\\/#\\\/schema\\\/logo\\\/image\\\/\"},\"sameAs\":[\"https:\\\/\\\/www.facebook.com\\\/Lloretturisme\",\"https:\\\/\\\/x.com\\\/lloretturisme\",\"https:\\\/\\\/instagram.com\\\/lloretturisme\",\"https:\\\/\\\/www.youtube.com\\\/LloretTurisme\"]}]}<\/script>\n<!-- \/ Yoast SEO plugin. -->","yoast_head_json":{"title":"Coastal trail Lloret de Mar - Blanes - Lloret de Mar","description":"This is one of the most beautiful coastal walks you can take along the Costa Brava. The route takes you along trails and through the forests of oak and pine trees that line the Lloret coast, allowing you to enjoy the natural landscape of the Costa Brava (which remains one of the main attractions of&hellip;","robots":{"index":"index","follow":"follow","max-snippet":"max-snippet:-1","max-image-preview":"max-image-preview:large","max-video-preview":"max-video-preview:-1"},"canonical":"https:\/\/lloretdemar.org\/en\/what-to-do-in-lloret\/lloret-de-mar-in-the-daytime\/coastal-trail\/coastal-trail-lloret-de-mar-blanes\/","og_locale":"en_US","og_type":"article","og_title":"Coastal trail Lloret de Mar - Blanes - Lloret de Mar","og_description":"This is one of the most beautiful coastal walks you can take along the Costa Brava. The route takes you along trails and through the forests of oak and pine trees that line the Lloret coast, allowing you to enjoy the natural landscape of the Costa Brava (which remains one of the main attractions of&hellip;","og_url":"https:\/\/lloretdemar.org\/en\/what-to-do-in-lloret\/lloret-de-mar-in-the-daytime\/coastal-trail\/coastal-trail-lloret-de-mar-blanes\/","og_site_name":"Lloret de Mar","article_publisher":"https:\/\/www.facebook.com\/Lloretturisme","article_modified_time":"2022-09-05T11:20:27+00:00","og_image":[{"width":1208,"height":654,"url":"https:\/\/lloretdemar.org\/wp-content\/uploads\/2020\/03\/cami-ronda-blanes3.jpg","type":"image\/jpeg"}],"twitter_card":"summary_large_image","twitter_site":"@lloretturisme","twitter_misc":{"Est. reading time":"1 minute"},"schema":{"@context":"https:\/\/schema.org","@graph":[{"@type":"WebPage","@id":"https:\/\/lloretdemar.org\/en\/what-to-do-in-lloret\/lloret-de-mar-in-the-daytime\/coastal-trail\/coastal-trail-lloret-de-mar-blanes\/","url":"https:\/\/lloretdemar.org\/en\/what-to-do-in-lloret\/lloret-de-mar-in-the-daytime\/coastal-trail\/coastal-trail-lloret-de-mar-blanes\/","name":"Coastal trail Lloret de Mar - Blanes - Lloret de Mar","isPartOf":{"@id":"https:\/\/lloretdemar.org\/en\/#website"},"primaryImageOfPage":{"@id":"https:\/\/lloretdemar.org\/en\/what-to-do-in-lloret\/lloret-de-mar-in-the-daytime\/coastal-trail\/coastal-trail-lloret-de-mar-blanes\/#primaryimage"},"image":{"@id":"https:\/\/lloretdemar.org\/en\/what-to-do-in-lloret\/lloret-de-mar-in-the-daytime\/coastal-trail\/coastal-trail-lloret-de-mar-blanes\/#primaryimage"},"thumbnailUrl":"https:\/\/lloretdemar.org\/wp-content\/uploads\/2020\/03\/cami-ronda-blanes3.jpg","datePublished":"2020-02-05T15:40:39+00:00","dateModified":"2022-09-05T11:20:27+00:00","description":"Lloret de Mar","breadcrumb":{"@id":"https:\/\/lloretdemar.org\/en\/what-to-do-in-lloret\/lloret-de-mar-in-the-daytime\/coastal-trail\/coastal-trail-lloret-de-mar-blanes\/#breadcrumb"},"inLanguage":"en-US","potentialAction":[{"@type":"ReadAction","target":["https:\/\/lloretdemar.org\/en\/what-to-do-in-lloret\/lloret-de-mar-in-the-daytime\/coastal-trail\/coastal-trail-lloret-de-mar-blanes\/"]}]},{"@type":"ImageObject","inLanguage":"en-US","@id":"https:\/\/lloretdemar.org\/en\/what-to-do-in-lloret\/lloret-de-mar-in-the-daytime\/coastal-trail\/coastal-trail-lloret-de-mar-blanes\/#primaryimage","url":"https:\/\/lloretdemar.org\/wp-content\/uploads\/2020\/03\/cami-ronda-blanes3.jpg","contentUrl":"https:\/\/lloretdemar.org\/wp-content\/uploads\/2020\/03\/cami-ronda-blanes3.jpg","width":1208,"height":654},{"@type":"BreadcrumbList","@id":"https:\/\/lloretdemar.org\/en\/what-to-do-in-lloret\/lloret-de-mar-in-the-daytime\/coastal-trail\/coastal-trail-lloret-de-mar-blanes\/#breadcrumb","itemListElement":[{"@type":"ListItem","position":1,"name":"Home","item":"https:\/\/lloretdemar.org\/en\/"},{"@type":"ListItem","position":2,"name":"What to do in Lloret","item":"https:\/\/lloretdemar.org\/en\/what-to-do-in-lloret\/"},{"@type":"ListItem","position":3,"name":"Lloret de Mar in the Daytime","item":"https:\/\/lloretdemar.org\/en\/what-to-do-in-lloret\/lloret-de-mar-in-the-daytime\/"},{"@type":"ListItem","position":4,"name":"Coastal Trail","item":"https:\/\/lloretdemar.org\/en\/what-to-do-in-lloret\/lloret-de-mar-in-the-daytime\/coastal-trail\/"},{"@type":"ListItem","position":5,"name":"Coastal trail Lloret de Mar &#8211; Blanes"}]},{"@type":"WebSite","@id":"https:\/\/lloretdemar.org\/en\/#website","url":"https:\/\/lloretdemar.org\/en\/","name":"Lloret de Mar","description":"","publisher":{"@id":"https:\/\/lloretdemar.org\/en\/#organization"},"potentialAction":[{"@type":"SearchAction","target":{"@type":"EntryPoint","urlTemplate":"https:\/\/lloretdemar.org\/en\/?s={search_term_string}"},"query-input":{"@type":"PropertyValueSpecification","valueRequired":true,"valueName":"search_term_string"}}],"inLanguage":"en-US"},{"@type":"Organization","@id":"https:\/\/lloretdemar.org\/en\/#organization","name":"Lloret de Mar","url":"https:\/\/lloretdemar.org\/en\/","logo":{"@type":"ImageObject","inLanguage":"en-US","@id":"https:\/\/lloretdemar.org\/en\/#\/schema\/logo\/image\/","url":"https:\/\/lloretdemar.org\/wp-content\/uploads\/2020\/05\/lloret-de-mar-logo.png","contentUrl":"https:\/\/lloretdemar.org\/wp-content\/uploads\/2020\/05\/lloret-de-mar-logo.png","width":87,"height":38,"caption":"Lloret de Mar"},"image":{"@id":"https:\/\/lloretdemar.org\/en\/#\/schema\/logo\/image\/"},"sameAs":["https:\/\/www.facebook.com\/Lloretturisme","https:\/\/x.com\/lloretturisme","https:\/\/instagram.com\/lloretturisme","https:\/\/www.youtube.com\/LloretTurisme"]}]}},"_links":{"self":[{"href":"https:\/\/lloretdemar.org\/en\/wp-json\/wp\/v2\/pages\/11209","targetHints":{"allow":["GET"]}}],"collection":[{"href":"https:\/\/lloretdemar.org\/en\/wp-json\/wp\/v2\/pages"}],"about":[{"href":"https:\/\/lloretdemar.org\/en\/wp-json\/wp\/v2\/types\/page"}],"author":[{"embeddable":true,"href":"https:\/\/lloretdemar.org\/en\/wp-json\/wp\/v2\/users\/12"}],"replies":[{"embeddable":true,"href":"https:\/\/lloretdemar.org\/en\/wp-json\/wp\/v2\/comments?post=11209"}],"version-history":[{"count":2,"href":"https:\/\/lloretdemar.org\/en\/wp-json\/wp\/v2\/pages\/11209\/revisions"}],"predecessor-version":[{"id":30431,"href":"https:\/\/lloretdemar.org\/en\/wp-json\/wp\/v2\/pages\/11209\/revisions\/30431"}],"up":[{"embeddable":true,"href":"https:\/\/lloretdemar.org\/en\/wp-json\/wp\/v2\/pages\/11199"}],"wp:featuredmedia":[{"embeddable":true,"href":"https:\/\/lloretdemar.org\/en\/wp-json\/wp\/v2\/media\/7383"}],"wp:attachment":[{"href":"https:\/\/lloretdemar.org\/en\/wp-json\/wp\/v2\/media?parent=11209"}],"curies":[{"name":"wp","href":"https:\/\/api.w.org\/{rel}","templated":true}]}}