{"id":11204,"date":"2019-12-30T10:17:04","date_gmt":"2019-12-30T09:17:04","guid":{"rendered":"http:\/\/lloretdemar.org\/lloret-de-mar-de-dia\/cami-de-ronda\/cami-de-ronda-lloret-de-mar-tossa-de-mar\/"},"modified":"2022-09-05T13:48:49","modified_gmt":"2022-09-05T11:48:49","slug":"coastal-trail-lloret-de-mar-tossa-de-mar","status":"publish","type":"page","link":"https:\/\/lloretdemar.org\/en\/what-to-do-in-lloret\/lloret-de-mar-in-the-daytime\/coastal-trail\/coastal-trail-lloret-de-mar-tossa-de-mar\/","title":{"rendered":"Coastal trail Lloret de Mar &#8211; Tossa de Mar"},"content":{"rendered":"\n<p>The 12-km coastal route that separates Lloret de Mar from Tossa de Mar is a rollercoaster of ups and downs. The walk requires a good level of fitness. Some sections pass through paved areas, and you need to pay attention to the signposts. However, you will have the opportunity to stop at some of the many magical places appearing before your eyes in the form of small wild coves, like Porto Pi, Figuera, D\u2019All\u00e0 on Raja l\u2019Aigua and many more. All effort usually comes with a reward, and this walk is no exception!<\/p>\n\n\n\n<p>Arriving at Playa des Codolar, under the medieval walls of Tossa de Mar, is a more than worthy reward. The highlight of the route is a walk with a medieval feel through the Tossa de Mar old town, and to round it off, a climb up to the lighthouse.<\/p>\n","protected":false},"excerpt":{"rendered":"<p>The 12-km coastal route that separates Lloret de Mar from Tossa de Mar is a rollercoaster of ups and downs. The walk requires a good level of fitness. Some sections pass through paved areas, and you need to pay attention to the signposts. However, you will have the opportunity to stop at some of the [&hellip;]<\/p>\n","protected":false},"author":12,"featured_media":4214,"parent":11199,"menu_order":0,"comment_status":"closed","ping_status":"closed","template":"page-templates\/puntinteres.php","meta":{"_acf_changed":false,"content-type":"","footnotes":""},"class_list":["post-11204","page","type-page","status-publish","has-post-thumbnail","hentry"],"acf":{"enllac_directori":false,"imatges":null,"blocs":[{"nom_categoria":"Technical information","contingut_categoria":"<strong>Start:\u00a0<\/strong> \u00a0Maritime Museum\r\n\r\n<strong>Arrival:<\/strong>\u00a0 Tossa de Mar\r\n\r\n<strong>Type of route:\u00a0<\/strong> Linear\r\n\r\n<strong>Difficulty:\u00a0<\/strong> Medium\r\n\r\n<strong>Approximate time:<\/strong>\u00a0 \u00a03 hours\r\n\r\n<strong>Elevation change:\u00a0<\/strong> \u00a0356 metres"},{"nom_categoria":"Signs","contingut_categoria":"GR, PR and SL markings according to FEEC standards. (GR: white and red markings). Vertical and horizontal Turisme de Catalunya signs"},{"nom_categoria":"Points of interest","contingut_categoria":"Maritime Museum, Sa Caleta cove, D\u2019en Plaja Castle, Cala dels Frares cove, Cala dels Trons cove, Punta des Cabdells, Canyelles Beach, Cala Morisca cove, Sureda d\u2019en Santos, Punta des Cards, Des Codolar Beach, Porto Pi, Cala Figuera cove, Vila de Tossa."},{"nom_categoria":"More information","contingut_categoria":"<a href=\"http:\/\/www.laselvaturisme.com\/wp-content\/uploads\/2016\/12\/GR92_LloretdeMar-TossadeMar.pdf\">http:\/\/www.laselvaturisme.com\/wp-content\/uploads\/2016\/12\/GR92_LloretdeMar-TossadeMar.pdf<\/a>"}],"direccio":{"titol_bloc":"Exit","contingut_bloc":"<a href=\"https:\/\/www.google.com\/maps\/place\/Museu+del+Mar\/@41.699625,2.8507361,15z\/data=!4m2!3m1!1s0x0:0xeb5bea8a786c55ea?sa=X&amp;ved=2ahUKEwii097e_9zmAhXt6eAKHWwmBYoQ_BIwCnoECA0QCA\">Museu del Mar<\/a>","mapa":null},"mes_informacio":{"titol_mes_info":"M\u00e9s informaci\u00f3","contingut_mes_info":"<strong>Tel\u00e8fon: <\/strong>+34 972 365 788\r\n<strong>E-mail:<\/strong> <a href=\"mailto:central-turisme@lloret.cat\">central-turisme@lloret.cat<\/a>\r\n<strong>Web:<\/strong> <a href=\"http:\/\/www.lloretdemar.org\/\">www.lloretdemar.org<\/a>\r\n\r\n&nbsp;"},"viatge":{"titol_viatge":"Need more information?","contingut_viatge":"Contact us and ask us everything you want in Lloret Turisme","link_viatge":{"title":"Preg\u00fantanos","url":"mailto:lloret-turisme@lloret.cat","target":""}},"apartats":[{"acf_fc_layout":"bloc_amplada_completa","amb_marges":false,"html_js":"<div  style=\"width:92%; height:80vh; display:inline-block; margin-left:4%; margin-bottom:25px; border: 1px solid #fd5151\">\r\n<div \r\n\t\tid=\"bWidgetMap\"\r\n\t\tintegration=\"segment\"\r\n\t\tparenturiprefix=\"bwidget:\"\r\n\t\tembedurl=\"https:\/\/maps.lloretdemar.org\"\r\n\t\tembedmainuri=\"\/en\/coastal-trail-lloret-mar-tossa-de-mar\"\r\n\t\tonFocus=\"\"\r\n\t\tonFocusOut=\"\"\r\n                btnColor='#fd5151'\r\n                showButtons = \"true\"\r\n                viewMapText = \"INTERACTIVE MAP\"\r\n               >\r\n<\/div>\r\n<script type=\"text\/javascript\" src=\"https:\/\/maps.lloretdemar.org\/embed.js\"><\/script>\r\n<\/div>"}]},"yoast_head":"<!-- This site is optimized with the Yoast SEO plugin v27.5 - https:\/\/yoast.com\/product\/yoast-seo-wordpress\/ -->\n<title>Coastal trail Lloret de Mar - Tossa de Mar - Lloret de Mar<\/title>\n<meta name=\"description\" content=\"The 12-km coastal route that separates Lloret de Mar from Tossa de Mar is a rollercoaster of ups and downs. The walk requires a good level of fitness. Some sections pass through paved areas, and you need to pay attention to the signposts. However, you will have the opportunity to stop at some of the&hellip;\" \/>\n<meta name=\"robots\" content=\"index, follow, max-snippet:-1, max-image-preview:large, max-video-preview:-1\" \/>\n<link rel=\"canonical\" href=\"https:\/\/lloretdemar.org\/en\/what-to-do-in-lloret\/lloret-de-mar-in-the-daytime\/coastal-trail\/coastal-trail-lloret-de-mar-tossa-de-mar\/\" \/>\n<meta property=\"og:locale\" content=\"en_US\" \/>\n<meta property=\"og:type\" content=\"article\" \/>\n<meta property=\"og:title\" content=\"Coastal trail Lloret de Mar - Tossa de Mar - Lloret de Mar\" \/>\n<meta property=\"og:description\" content=\"The 12-km coastal route that separates Lloret de Mar from Tossa de Mar is a rollercoaster of ups and downs. The walk requires a good level of fitness. Some sections pass through paved areas, and you need to pay attention to the signposts. However, you will have the opportunity to stop at some of the&hellip;\" \/>\n<meta property=\"og:url\" content=\"https:\/\/lloretdemar.org\/en\/what-to-do-in-lloret\/lloret-de-mar-in-the-daytime\/coastal-trail\/coastal-trail-lloret-de-mar-tossa-de-mar\/\" \/>\n<meta property=\"og:site_name\" content=\"Lloret de Mar\" \/>\n<meta property=\"article:publisher\" content=\"https:\/\/www.facebook.com\/Lloretturisme\" \/>\n<meta property=\"article:modified_time\" content=\"2022-09-05T11:48:49+00:00\" \/>\n<meta property=\"og:image\" content=\"https:\/\/lloretdemar.org\/wp-content\/uploads\/2020\/01\/camironda3.jpg\" \/>\n\t<meta property=\"og:image:width\" content=\"1123\" \/>\n\t<meta property=\"og:image:height\" content=\"608\" \/>\n\t<meta property=\"og:image:type\" content=\"image\/jpeg\" \/>\n<meta name=\"twitter:card\" content=\"summary_large_image\" \/>\n<meta name=\"twitter:site\" content=\"@lloretturisme\" \/>\n<meta name=\"twitter:label1\" content=\"Est. reading time\" \/>\n\t<meta name=\"twitter:data1\" content=\"1 minute\" \/>\n<script type=\"application\/ld+json\" class=\"yoast-schema-graph\">{\"@context\":\"https:\\\/\\\/schema.org\",\"@graph\":[{\"@type\":\"WebPage\",\"@id\":\"https:\\\/\\\/lloretdemar.org\\\/en\\\/what-to-do-in-lloret\\\/lloret-de-mar-in-the-daytime\\\/coastal-trail\\\/coastal-trail-lloret-de-mar-tossa-de-mar\\\/\",\"url\":\"https:\\\/\\\/lloretdemar.org\\\/en\\\/what-to-do-in-lloret\\\/lloret-de-mar-in-the-daytime\\\/coastal-trail\\\/coastal-trail-lloret-de-mar-tossa-de-mar\\\/\",\"name\":\"Coastal trail Lloret de Mar - Tossa de Mar - Lloret de Mar\",\"isPartOf\":{\"@id\":\"https:\\\/\\\/lloretdemar.org\\\/en\\\/#website\"},\"primaryImageOfPage\":{\"@id\":\"https:\\\/\\\/lloretdemar.org\\\/en\\\/what-to-do-in-lloret\\\/lloret-de-mar-in-the-daytime\\\/coastal-trail\\\/coastal-trail-lloret-de-mar-tossa-de-mar\\\/#primaryimage\"},\"image\":{\"@id\":\"https:\\\/\\\/lloretdemar.org\\\/en\\\/what-to-do-in-lloret\\\/lloret-de-mar-in-the-daytime\\\/coastal-trail\\\/coastal-trail-lloret-de-mar-tossa-de-mar\\\/#primaryimage\"},\"thumbnailUrl\":\"https:\\\/\\\/lloretdemar.org\\\/wp-content\\\/uploads\\\/2020\\\/01\\\/camironda3.jpg\",\"datePublished\":\"2019-12-30T09:17:04+00:00\",\"dateModified\":\"2022-09-05T11:48:49+00:00\",\"description\":\"Lloret de Mar\",\"breadcrumb\":{\"@id\":\"https:\\\/\\\/lloretdemar.org\\\/en\\\/what-to-do-in-lloret\\\/lloret-de-mar-in-the-daytime\\\/coastal-trail\\\/coastal-trail-lloret-de-mar-tossa-de-mar\\\/#breadcrumb\"},\"inLanguage\":\"en-US\",\"potentialAction\":[{\"@type\":\"ReadAction\",\"target\":[\"https:\\\/\\\/lloretdemar.org\\\/en\\\/what-to-do-in-lloret\\\/lloret-de-mar-in-the-daytime\\\/coastal-trail\\\/coastal-trail-lloret-de-mar-tossa-de-mar\\\/\"]}]},{\"@type\":\"ImageObject\",\"inLanguage\":\"en-US\",\"@id\":\"https:\\\/\\\/lloretdemar.org\\\/en\\\/what-to-do-in-lloret\\\/lloret-de-mar-in-the-daytime\\\/coastal-trail\\\/coastal-trail-lloret-de-mar-tossa-de-mar\\\/#primaryimage\",\"url\":\"https:\\\/\\\/lloretdemar.org\\\/wp-content\\\/uploads\\\/2020\\\/01\\\/camironda3.jpg\",\"contentUrl\":\"https:\\\/\\\/lloretdemar.org\\\/wp-content\\\/uploads\\\/2020\\\/01\\\/camironda3.jpg\",\"width\":1123,\"height\":608,\"caption\":\"activitats a Lloret de Mar\"},{\"@type\":\"BreadcrumbList\",\"@id\":\"https:\\\/\\\/lloretdemar.org\\\/en\\\/what-to-do-in-lloret\\\/lloret-de-mar-in-the-daytime\\\/coastal-trail\\\/coastal-trail-lloret-de-mar-tossa-de-mar\\\/#breadcrumb\",\"itemListElement\":[{\"@type\":\"ListItem\",\"position\":1,\"name\":\"Home\",\"item\":\"https:\\\/\\\/lloretdemar.org\\\/en\\\/\"},{\"@type\":\"ListItem\",\"position\":2,\"name\":\"What to do in Lloret\",\"item\":\"https:\\\/\\\/lloretdemar.org\\\/en\\\/what-to-do-in-lloret\\\/\"},{\"@type\":\"ListItem\",\"position\":3,\"name\":\"Lloret de Mar in the Daytime\",\"item\":\"https:\\\/\\\/lloretdemar.org\\\/en\\\/what-to-do-in-lloret\\\/lloret-de-mar-in-the-daytime\\\/\"},{\"@type\":\"ListItem\",\"position\":4,\"name\":\"Coastal Trail\",\"item\":\"https:\\\/\\\/lloretdemar.org\\\/en\\\/what-to-do-in-lloret\\\/lloret-de-mar-in-the-daytime\\\/coastal-trail\\\/\"},{\"@type\":\"ListItem\",\"position\":5,\"name\":\"Coastal trail Lloret de Mar &#8211; Tossa de Mar\"}]},{\"@type\":\"WebSite\",\"@id\":\"https:\\\/\\\/lloretdemar.org\\\/en\\\/#website\",\"url\":\"https:\\\/\\\/lloretdemar.org\\\/en\\\/\",\"name\":\"Lloret de Mar\",\"description\":\"\",\"publisher\":{\"@id\":\"https:\\\/\\\/lloretdemar.org\\\/en\\\/#organization\"},\"potentialAction\":[{\"@type\":\"SearchAction\",\"target\":{\"@type\":\"EntryPoint\",\"urlTemplate\":\"https:\\\/\\\/lloretdemar.org\\\/en\\\/?s={search_term_string}\"},\"query-input\":{\"@type\":\"PropertyValueSpecification\",\"valueRequired\":true,\"valueName\":\"search_term_string\"}}],\"inLanguage\":\"en-US\"},{\"@type\":\"Organization\",\"@id\":\"https:\\\/\\\/lloretdemar.org\\\/en\\\/#organization\",\"name\":\"Lloret de Mar\",\"url\":\"https:\\\/\\\/lloretdemar.org\\\/en\\\/\",\"logo\":{\"@type\":\"ImageObject\",\"inLanguage\":\"en-US\",\"@id\":\"https:\\\/\\\/lloretdemar.org\\\/en\\\/#\\\/schema\\\/logo\\\/image\\\/\",\"url\":\"https:\\\/\\\/lloretdemar.org\\\/wp-content\\\/uploads\\\/2020\\\/05\\\/lloret-de-mar-logo.png\",\"contentUrl\":\"https:\\\/\\\/lloretdemar.org\\\/wp-content\\\/uploads\\\/2020\\\/05\\\/lloret-de-mar-logo.png\",\"width\":87,\"height\":38,\"caption\":\"Lloret de Mar\"},\"image\":{\"@id\":\"https:\\\/\\\/lloretdemar.org\\\/en\\\/#\\\/schema\\\/logo\\\/image\\\/\"},\"sameAs\":[\"https:\\\/\\\/www.facebook.com\\\/Lloretturisme\",\"https:\\\/\\\/x.com\\\/lloretturisme\",\"https:\\\/\\\/instagram.com\\\/lloretturisme\",\"https:\\\/\\\/www.youtube.com\\\/LloretTurisme\"]}]}<\/script>\n<!-- \/ Yoast SEO plugin. -->","yoast_head_json":{"title":"Coastal trail Lloret de Mar - Tossa de Mar - Lloret de Mar","description":"The 12-km coastal route that separates Lloret de Mar from Tossa de Mar is a rollercoaster of ups and downs. The walk requires a good level of fitness. Some sections pass through paved areas, and you need to pay attention to the signposts. However, you will have the opportunity to stop at some of the&hellip;","robots":{"index":"index","follow":"follow","max-snippet":"max-snippet:-1","max-image-preview":"max-image-preview:large","max-video-preview":"max-video-preview:-1"},"canonical":"https:\/\/lloretdemar.org\/en\/what-to-do-in-lloret\/lloret-de-mar-in-the-daytime\/coastal-trail\/coastal-trail-lloret-de-mar-tossa-de-mar\/","og_locale":"en_US","og_type":"article","og_title":"Coastal trail Lloret de Mar - Tossa de Mar - Lloret de Mar","og_description":"The 12-km coastal route that separates Lloret de Mar from Tossa de Mar is a rollercoaster of ups and downs. The walk requires a good level of fitness. Some sections pass through paved areas, and you need to pay attention to the signposts. However, you will have the opportunity to stop at some of the&hellip;","og_url":"https:\/\/lloretdemar.org\/en\/what-to-do-in-lloret\/lloret-de-mar-in-the-daytime\/coastal-trail\/coastal-trail-lloret-de-mar-tossa-de-mar\/","og_site_name":"Lloret de Mar","article_publisher":"https:\/\/www.facebook.com\/Lloretturisme","article_modified_time":"2022-09-05T11:48:49+00:00","og_image":[{"width":1123,"height":608,"url":"https:\/\/lloretdemar.org\/wp-content\/uploads\/2020\/01\/camironda3.jpg","type":"image\/jpeg"}],"twitter_card":"summary_large_image","twitter_site":"@lloretturisme","twitter_misc":{"Est. reading time":"1 minute"},"schema":{"@context":"https:\/\/schema.org","@graph":[{"@type":"WebPage","@id":"https:\/\/lloretdemar.org\/en\/what-to-do-in-lloret\/lloret-de-mar-in-the-daytime\/coastal-trail\/coastal-trail-lloret-de-mar-tossa-de-mar\/","url":"https:\/\/lloretdemar.org\/en\/what-to-do-in-lloret\/lloret-de-mar-in-the-daytime\/coastal-trail\/coastal-trail-lloret-de-mar-tossa-de-mar\/","name":"Coastal trail Lloret de Mar - Tossa de Mar - Lloret de Mar","isPartOf":{"@id":"https:\/\/lloretdemar.org\/en\/#website"},"primaryImageOfPage":{"@id":"https:\/\/lloretdemar.org\/en\/what-to-do-in-lloret\/lloret-de-mar-in-the-daytime\/coastal-trail\/coastal-trail-lloret-de-mar-tossa-de-mar\/#primaryimage"},"image":{"@id":"https:\/\/lloretdemar.org\/en\/what-to-do-in-lloret\/lloret-de-mar-in-the-daytime\/coastal-trail\/coastal-trail-lloret-de-mar-tossa-de-mar\/#primaryimage"},"thumbnailUrl":"https:\/\/lloretdemar.org\/wp-content\/uploads\/2020\/01\/camironda3.jpg","datePublished":"2019-12-30T09:17:04+00:00","dateModified":"2022-09-05T11:48:49+00:00","description":"Lloret de Mar","breadcrumb":{"@id":"https:\/\/lloretdemar.org\/en\/what-to-do-in-lloret\/lloret-de-mar-in-the-daytime\/coastal-trail\/coastal-trail-lloret-de-mar-tossa-de-mar\/#breadcrumb"},"inLanguage":"en-US","potentialAction":[{"@type":"ReadAction","target":["https:\/\/lloretdemar.org\/en\/what-to-do-in-lloret\/lloret-de-mar-in-the-daytime\/coastal-trail\/coastal-trail-lloret-de-mar-tossa-de-mar\/"]}]},{"@type":"ImageObject","inLanguage":"en-US","@id":"https:\/\/lloretdemar.org\/en\/what-to-do-in-lloret\/lloret-de-mar-in-the-daytime\/coastal-trail\/coastal-trail-lloret-de-mar-tossa-de-mar\/#primaryimage","url":"https:\/\/lloretdemar.org\/wp-content\/uploads\/2020\/01\/camironda3.jpg","contentUrl":"https:\/\/lloretdemar.org\/wp-content\/uploads\/2020\/01\/camironda3.jpg","width":1123,"height":608,"caption":"activitats a Lloret de Mar"},{"@type":"BreadcrumbList","@id":"https:\/\/lloretdemar.org\/en\/what-to-do-in-lloret\/lloret-de-mar-in-the-daytime\/coastal-trail\/coastal-trail-lloret-de-mar-tossa-de-mar\/#breadcrumb","itemListElement":[{"@type":"ListItem","position":1,"name":"Home","item":"https:\/\/lloretdemar.org\/en\/"},{"@type":"ListItem","position":2,"name":"What to do in Lloret","item":"https:\/\/lloretdemar.org\/en\/what-to-do-in-lloret\/"},{"@type":"ListItem","position":3,"name":"Lloret de Mar in the Daytime","item":"https:\/\/lloretdemar.org\/en\/what-to-do-in-lloret\/lloret-de-mar-in-the-daytime\/"},{"@type":"ListItem","position":4,"name":"Coastal Trail","item":"https:\/\/lloretdemar.org\/en\/what-to-do-in-lloret\/lloret-de-mar-in-the-daytime\/coastal-trail\/"},{"@type":"ListItem","position":5,"name":"Coastal trail Lloret de Mar &#8211; Tossa de Mar"}]},{"@type":"WebSite","@id":"https:\/\/lloretdemar.org\/en\/#website","url":"https:\/\/lloretdemar.org\/en\/","name":"Lloret de Mar","description":"","publisher":{"@id":"https:\/\/lloretdemar.org\/en\/#organization"},"potentialAction":[{"@type":"SearchAction","target":{"@type":"EntryPoint","urlTemplate":"https:\/\/lloretdemar.org\/en\/?s={search_term_string}"},"query-input":{"@type":"PropertyValueSpecification","valueRequired":true,"valueName":"search_term_string"}}],"inLanguage":"en-US"},{"@type":"Organization","@id":"https:\/\/lloretdemar.org\/en\/#organization","name":"Lloret de Mar","url":"https:\/\/lloretdemar.org\/en\/","logo":{"@type":"ImageObject","inLanguage":"en-US","@id":"https:\/\/lloretdemar.org\/en\/#\/schema\/logo\/image\/","url":"https:\/\/lloretdemar.org\/wp-content\/uploads\/2020\/05\/lloret-de-mar-logo.png","contentUrl":"https:\/\/lloretdemar.org\/wp-content\/uploads\/2020\/05\/lloret-de-mar-logo.png","width":87,"height":38,"caption":"Lloret de Mar"},"image":{"@id":"https:\/\/lloretdemar.org\/en\/#\/schema\/logo\/image\/"},"sameAs":["https:\/\/www.facebook.com\/Lloretturisme","https:\/\/x.com\/lloretturisme","https:\/\/instagram.com\/lloretturisme","https:\/\/www.youtube.com\/LloretTurisme"]}]}},"_links":{"self":[{"href":"https:\/\/lloretdemar.org\/en\/wp-json\/wp\/v2\/pages\/11204","targetHints":{"allow":["GET"]}}],"collection":[{"href":"https:\/\/lloretdemar.org\/en\/wp-json\/wp\/v2\/pages"}],"about":[{"href":"https:\/\/lloretdemar.org\/en\/wp-json\/wp\/v2\/types\/page"}],"author":[{"embeddable":true,"href":"https:\/\/lloretdemar.org\/en\/wp-json\/wp\/v2\/users\/12"}],"replies":[{"embeddable":true,"href":"https:\/\/lloretdemar.org\/en\/wp-json\/wp\/v2\/comments?post=11204"}],"version-history":[{"count":2,"href":"https:\/\/lloretdemar.org\/en\/wp-json\/wp\/v2\/pages\/11204\/revisions"}],"predecessor-version":[{"id":30444,"href":"https:\/\/lloretdemar.org\/en\/wp-json\/wp\/v2\/pages\/11204\/revisions\/30444"}],"up":[{"embeddable":true,"href":"https:\/\/lloretdemar.org\/en\/wp-json\/wp\/v2\/pages\/11199"}],"wp:featuredmedia":[{"embeddable":true,"href":"https:\/\/lloretdemar.org\/en\/wp-json\/wp\/v2\/media\/4214"}],"wp:attachment":[{"href":"https:\/\/lloretdemar.org\/en\/wp-json\/wp\/v2\/media?parent=11204"}],"curies":[{"name":"wp","href":"https:\/\/api.w.org\/{rel}","templated":true}]}}