{"id":11145,"date":"2019-05-28T10:05:19","date_gmt":"2019-05-28T08:05:19","guid":{"rendered":"http:\/\/lloretdemar.org\/planifica-el-teu-viatge\/moures-per-lloret\/"},"modified":"2021-01-26T09:15:50","modified_gmt":"2021-01-26T08:15:50","slug":"getting-around-lloret","status":"publish","type":"page","link":"https:\/\/lloretdemar.org\/en\/plan-your-trip\/getting-around-lloret\/","title":{"rendered":"Getting around Lloret"},"content":{"rendered":"","protected":false},"excerpt":{"rendered":"","protected":false},"author":12,"featured_media":0,"parent":11124,"menu_order":0,"comment_status":"closed","ping_status":"closed","template":"page-templates\/mouret-15.php","meta":{"_acf_changed":false,"content-type":"","footnotes":""},"class_list":["post-11145","page","type-page","status-publish","hentry"],"acf":{"banner_imatge":5491,"banner_titol":"Getting around Lloret","banner_subtitol":"","botons_blanc_o_negres":"defecte","banner_links":[{"es_post":false,"banner_link":{"title":"On foot","url":"#Onfoot","target":""},"link_intern":null,"link_intern_titol":""},{"es_post":false,"banner_link":{"title":"Urban bus","url":"#Urbanbus","target":""},"link_intern":null,"link_intern_titol":""},{"es_post":false,"banner_link":{"title":"Taxis","url":"#Taxis","target":""},"link_intern":null,"link_intern_titol":""},{"es_post":false,"banner_link":{"title":"Bicycle","url":"#Bicycle","target":""},"link_intern":null,"link_intern_titol":""},{"es_post":false,"banner_link":{"title":"Vehicle rental","url":"#Vehiclerental","target":""},"link_intern":null,"link_intern_titol":""},{"es_post":false,"banner_link":{"title":"Parking","url":"#Parking","target":""},"link_intern":null,"link_intern_titol":""},{"es_post":false,"banner_link":{"title":"Sea transportation","url":"#Seatransportation","target":""},"link_intern":null,"link_intern_titol":""},{"es_post":false,"banner_link":null,"link_intern":null,"link_intern_titol":""}],"blocs":[{"titol":"On foot","descripcio":"You can reach everywhere on foot in Lloret de Mar.\r\n\r\nIt\u2019s a town where nothing\u2019s too far away. You\u2019ll find several spacious pedestrian streets, paths and parks which make getting around on foot both pleasant and fast, even when going from one neighbourhood to another.","imatge":5500,"es_enllac_intern_o_extern":"intern","link_intern":{"title":"Pedestrian guide","url":"http:\/\/gisweb.lloret.org\/lloretdemar41\/visor-guia.jsp?layers=guia%3AGUIA_FONS~GLL_GUIA_ZVIANANTS&center=487372,4616534&scale=5000","target":"_blank"},"link_extern":"javascript:void(0);","link_extern_text":"Llegeix m\u00e9s"},{"titol":"Urban bus","descripcio":"Lloret de Mar\u2019s urban bus network links the town\u2019s various neighbourhoods and tourist areas together. With the town bus, you can travel around quickly and easily.\r\n\r\nYou can view the different lines and fares at <a href=\"http:\/\/www.lloretbus.com\">www.lloretbus.com <\/a>\r\n\r\nAlso click this link if you\u2019d like to travel around the area <a href=\"https:\/\/lloretdemar.org\/planifica-el-teu-viatge\/com-arribar-carretera\/\">by bus<\/a>","imatge":5506,"es_enllac_intern_o_extern":"intern","link_intern":"","link_extern":"","link_extern_text":""},{"titol":"Taxis","descripcio":"Lloret has 4 taxi ranks with an extensive fleet of 4-7 seater vehicles in service 24 hours a day, year round. They can be recognised by their white exterior and identifying signage.\r\n\r\nRoute Distance Time\r\n\r\nBarcelona - Lloret de Mar\u00a0 \u00a0 \u00a0 80 km\u00a0 \u00a0 \u00a0 \u00a060 mins.\r\nPerpignan - Lloret de Mar\u00a0 \u00a0 \u00a0 115 km\u00a0 \u00a0 \u00a0 90 mins.\r\nGirona - Lloret de Mar\u00a0 \u00a0 \u00a0 \u00a0 \u00a0 \u00a0 30 km\u00a0 \u00a0 \u00a0 \u00a030 mins.\r\n\r\n&nbsp;\r\n\r\n<a href=\"https:\/\/www.lloret.cat\/seccions\/mobilitat\/taxis\">Use this link to view applicable fares in Lloret de Mar<\/a>\r\n\r\nYou\u2019ll find more information about the addresses and telephone numbers for taxi ranks in Lloret de Mar <a href=\"http:\/\/www.taxi-lloret.com\">here<\/a>\r\n\r\n&nbsp;","imatge":5512,"es_enllac_intern_o_extern":"extern","link_intern":{"title":"Directori d\u2019empreses","url":"http:\/\/lloretdemar.org\/directori-dempreses\/","target":""},"link_extern":"http:\/\/www.taxi-lloret.com","link_extern_text":"Address and telephone numbers of Taxi Stops in Lloret de Mar"},{"titol":"Bicycle","descripcio":"Currently, bicycle lanes in Lloret de Mar can be found in the El Rieral and Fenals neighbourhoods.\r\n\r\nThe aim is to continue to implement new bicycle lanes and form a continuous network, promoting sustainable travel in urban environments.\r\n\r\nYou can also find several bicycle parking locations to make riding around easier.\r\n\r\nWhen it comes to mobility, Lloret de Mar wants to be an environmentally sustainable town: the town continues to look for new alternatives to private transport and, what\u2019s more, prioritises cycling as a more sustainable mode of transport.","imatge":5503,"es_enllac_intern_o_extern":"intern","link_intern":{"title":"Check out the bike lane map","url":"http:\/\/gisweb.lloret.org\/lloretdemar41\/visor-guia.jsp?layers=guia%3AGUIA_FONS~GLL_VIA_CARRILBICI&center=487212,4616984&scale=25000%20%20","target":"_blank"},"link_extern":"http:\/\/www.taxi-lloret.com","link_extern_text":"Adre\u00e7a i els tel\u00e8fons de les parades de Taxi de Lloret de Mar "},{"titol":"Vehicle rental","descripcio":"If you\u2019re feeling independent and want to organise things your way, Lloret de Mar has several vehicle hire companies on offer, letting you move at your own pace.","imatge":5494,"es_enllac_intern_o_extern":"intern","link_intern":{"title":"Business Directory","url":"https:\/\/lloretdemar.org\/en\/discover-lloret-de-mar\/business-directory\/","target":""},"link_extern":"http:\/\/www.taxi-lloret.com","link_extern_text":"Adre\u00e7a i els tel\u00e8fons de les parades de Taxi de Lloret de Mar "},{"titol":"Parking","descripcio":"Lloret de Mar has a variety of public and private car parks, with both covered and uncovered options available.","imatge":5497,"es_enllac_intern_o_extern":"intern","link_intern":{"title":"Check here the location and rates of municipal car parks","url":"https:\/\/www.lloret.cat\/seccions\/mobilitat\/parquings","target":""},"link_extern":"www.autocarspujol.com","link_extern_text":"Trobar\u00e0s m\u00e9s informaci\u00f3 sobre les parades i els horaris aqu\u00ed"},{"titol":"Sea transportation","descripcio":"The regular service provided by Dofi Jet Boats lets you discover the Costa del Maresme and the Costa Brava from a different point of view. Why not visit the magnificent beaches and coves dotted along its route?\r\n\r\nTheir boats stop at the main towns and beaches in this part of the Costa Brava. The service links Lloret de Mar with Calella, Blanes and Tossa de Mar.\r\n\r\nDiscover the coast from a different perspective.\r\n\r\nContact details:\r\n\r\n<a href=\"https:\/\/www.dofijetboats.com\/\" target=\"_blank\" rel=\"noopener\">Dolfi Jet Boats<\/a>","imatge":5488,"es_enllac_intern_o_extern":"intern","link_intern":null,"link_extern":"https:\/\/autocarspujol.com\/lineas-regulares\/playas-y-jardines\/","link_extern_text":" Check for more information about the stops and timetables"},{"titol":"","descripcio":"","imatge":null,"es_enllac_intern_o_extern":"intern","link_intern":"","link_extern":"","link_extern_text":""}],"titol_boto":"","document":"","apartats":null},"yoast_head":"<!-- This site is optimized with the Yoast SEO plugin v27.5 - https:\/\/yoast.com\/product\/yoast-seo-wordpress\/ -->\n<title>Getting around Lloret - Lloret de Mar<\/title>\n<meta name=\"robots\" content=\"index, follow, max-snippet:-1, max-image-preview:large, max-video-preview:-1\" \/>\n<link rel=\"canonical\" href=\"https:\/\/lloretdemar.org\/en\/plan-your-trip\/getting-around-lloret\/\" \/>\n<meta property=\"og:locale\" content=\"en_US\" \/>\n<meta property=\"og:type\" content=\"article\" \/>\n<meta property=\"og:title\" content=\"Getting around Lloret - Lloret de Mar\" \/>\n<meta property=\"og:url\" content=\"https:\/\/lloretdemar.org\/en\/plan-your-trip\/getting-around-lloret\/\" \/>\n<meta property=\"og:site_name\" content=\"Lloret de Mar\" \/>\n<meta property=\"article:publisher\" content=\"https:\/\/www.facebook.com\/Lloretturisme\" \/>\n<meta property=\"article:modified_time\" content=\"2021-01-26T08:15:50+00:00\" \/>\n<meta property=\"og:image\" content=\"https:\/\/lloretdemar.org\/wp-content\/uploads\/2020\/02\/slide-moures.jpg\" \/>\n\t<meta property=\"og:image:width\" content=\"1920\" \/>\n\t<meta property=\"og:image:height\" content=\"885\" \/>\n\t<meta property=\"og:image:type\" content=\"image\/jpeg\" \/>\n<meta name=\"twitter:card\" content=\"summary_large_image\" \/>\n<meta name=\"twitter:site\" content=\"@lloretturisme\" \/>\n<script type=\"application\/ld+json\" class=\"yoast-schema-graph\">{\"@context\":\"https:\\\/\\\/schema.org\",\"@graph\":[{\"@type\":\"WebPage\",\"@id\":\"https:\\\/\\\/lloretdemar.org\\\/en\\\/plan-your-trip\\\/getting-around-lloret\\\/\",\"url\":\"https:\\\/\\\/lloretdemar.org\\\/en\\\/plan-your-trip\\\/getting-around-lloret\\\/\",\"name\":\"Getting around Lloret - Lloret de Mar\",\"isPartOf\":{\"@id\":\"https:\\\/\\\/lloretdemar.org\\\/en\\\/#website\"},\"datePublished\":\"2019-05-28T08:05:19+00:00\",\"dateModified\":\"2021-01-26T08:15:50+00:00\",\"description\":\"Lloret de Mar\",\"breadcrumb\":{\"@id\":\"https:\\\/\\\/lloretdemar.org\\\/en\\\/plan-your-trip\\\/getting-around-lloret\\\/#breadcrumb\"},\"inLanguage\":\"en-US\",\"potentialAction\":[{\"@type\":\"ReadAction\",\"target\":[\"https:\\\/\\\/lloretdemar.org\\\/en\\\/plan-your-trip\\\/getting-around-lloret\\\/\"]}]},{\"@type\":\"BreadcrumbList\",\"@id\":\"https:\\\/\\\/lloretdemar.org\\\/en\\\/plan-your-trip\\\/getting-around-lloret\\\/#breadcrumb\",\"itemListElement\":[{\"@type\":\"ListItem\",\"position\":1,\"name\":\"Home\",\"item\":\"https:\\\/\\\/lloretdemar.org\\\/en\\\/\"},{\"@type\":\"ListItem\",\"position\":2,\"name\":\"Plan your trip\",\"item\":\"https:\\\/\\\/lloretdemar.org\\\/en\\\/plan-your-trip\\\/\"},{\"@type\":\"ListItem\",\"position\":3,\"name\":\"Getting around Lloret\"}]},{\"@type\":\"WebSite\",\"@id\":\"https:\\\/\\\/lloretdemar.org\\\/en\\\/#website\",\"url\":\"https:\\\/\\\/lloretdemar.org\\\/en\\\/\",\"name\":\"Lloret de Mar\",\"description\":\"\",\"publisher\":{\"@id\":\"https:\\\/\\\/lloretdemar.org\\\/en\\\/#organization\"},\"potentialAction\":[{\"@type\":\"SearchAction\",\"target\":{\"@type\":\"EntryPoint\",\"urlTemplate\":\"https:\\\/\\\/lloretdemar.org\\\/en\\\/?s={search_term_string}\"},\"query-input\":{\"@type\":\"PropertyValueSpecification\",\"valueRequired\":true,\"valueName\":\"search_term_string\"}}],\"inLanguage\":\"en-US\"},{\"@type\":\"Organization\",\"@id\":\"https:\\\/\\\/lloretdemar.org\\\/en\\\/#organization\",\"name\":\"Lloret de Mar\",\"url\":\"https:\\\/\\\/lloretdemar.org\\\/en\\\/\",\"logo\":{\"@type\":\"ImageObject\",\"inLanguage\":\"en-US\",\"@id\":\"https:\\\/\\\/lloretdemar.org\\\/en\\\/#\\\/schema\\\/logo\\\/image\\\/\",\"url\":\"https:\\\/\\\/lloretdemar.org\\\/wp-content\\\/uploads\\\/2020\\\/05\\\/lloret-de-mar-logo.png\",\"contentUrl\":\"https:\\\/\\\/lloretdemar.org\\\/wp-content\\\/uploads\\\/2020\\\/05\\\/lloret-de-mar-logo.png\",\"width\":87,\"height\":38,\"caption\":\"Lloret de Mar\"},\"image\":{\"@id\":\"https:\\\/\\\/lloretdemar.org\\\/en\\\/#\\\/schema\\\/logo\\\/image\\\/\"},\"sameAs\":[\"https:\\\/\\\/www.facebook.com\\\/Lloretturisme\",\"https:\\\/\\\/x.com\\\/lloretturisme\",\"https:\\\/\\\/instagram.com\\\/lloretturisme\",\"https:\\\/\\\/www.youtube.com\\\/LloretTurisme\"]}]}<\/script>\n<!-- \/ Yoast SEO plugin. -->","yoast_head_json":{"title":"Getting around Lloret - Lloret de Mar","robots":{"index":"index","follow":"follow","max-snippet":"max-snippet:-1","max-image-preview":"max-image-preview:large","max-video-preview":"max-video-preview:-1"},"canonical":"https:\/\/lloretdemar.org\/en\/plan-your-trip\/getting-around-lloret\/","og_locale":"en_US","og_type":"article","og_title":"Getting around Lloret - Lloret de Mar","og_url":"https:\/\/lloretdemar.org\/en\/plan-your-trip\/getting-around-lloret\/","og_site_name":"Lloret de Mar","article_publisher":"https:\/\/www.facebook.com\/Lloretturisme","article_modified_time":"2021-01-26T08:15:50+00:00","og_image":[{"width":1920,"height":885,"url":"https:\/\/lloretdemar.org\/wp-content\/uploads\/2020\/02\/slide-moures.jpg","type":"image\/jpeg"}],"twitter_card":"summary_large_image","twitter_site":"@lloretturisme","schema":{"@context":"https:\/\/schema.org","@graph":[{"@type":"WebPage","@id":"https:\/\/lloretdemar.org\/en\/plan-your-trip\/getting-around-lloret\/","url":"https:\/\/lloretdemar.org\/en\/plan-your-trip\/getting-around-lloret\/","name":"Getting around Lloret - Lloret de Mar","isPartOf":{"@id":"https:\/\/lloretdemar.org\/en\/#website"},"datePublished":"2019-05-28T08:05:19+00:00","dateModified":"2021-01-26T08:15:50+00:00","description":"Lloret de Mar","breadcrumb":{"@id":"https:\/\/lloretdemar.org\/en\/plan-your-trip\/getting-around-lloret\/#breadcrumb"},"inLanguage":"en-US","potentialAction":[{"@type":"ReadAction","target":["https:\/\/lloretdemar.org\/en\/plan-your-trip\/getting-around-lloret\/"]}]},{"@type":"BreadcrumbList","@id":"https:\/\/lloretdemar.org\/en\/plan-your-trip\/getting-around-lloret\/#breadcrumb","itemListElement":[{"@type":"ListItem","position":1,"name":"Home","item":"https:\/\/lloretdemar.org\/en\/"},{"@type":"ListItem","position":2,"name":"Plan your trip","item":"https:\/\/lloretdemar.org\/en\/plan-your-trip\/"},{"@type":"ListItem","position":3,"name":"Getting around Lloret"}]},{"@type":"WebSite","@id":"https:\/\/lloretdemar.org\/en\/#website","url":"https:\/\/lloretdemar.org\/en\/","name":"Lloret de Mar","description":"","publisher":{"@id":"https:\/\/lloretdemar.org\/en\/#organization"},"potentialAction":[{"@type":"SearchAction","target":{"@type":"EntryPoint","urlTemplate":"https:\/\/lloretdemar.org\/en\/?s={search_term_string}"},"query-input":{"@type":"PropertyValueSpecification","valueRequired":true,"valueName":"search_term_string"}}],"inLanguage":"en-US"},{"@type":"Organization","@id":"https:\/\/lloretdemar.org\/en\/#organization","name":"Lloret de Mar","url":"https:\/\/lloretdemar.org\/en\/","logo":{"@type":"ImageObject","inLanguage":"en-US","@id":"https:\/\/lloretdemar.org\/en\/#\/schema\/logo\/image\/","url":"https:\/\/lloretdemar.org\/wp-content\/uploads\/2020\/05\/lloret-de-mar-logo.png","contentUrl":"https:\/\/lloretdemar.org\/wp-content\/uploads\/2020\/05\/lloret-de-mar-logo.png","width":87,"height":38,"caption":"Lloret de Mar"},"image":{"@id":"https:\/\/lloretdemar.org\/en\/#\/schema\/logo\/image\/"},"sameAs":["https:\/\/www.facebook.com\/Lloretturisme","https:\/\/x.com\/lloretturisme","https:\/\/instagram.com\/lloretturisme","https:\/\/www.youtube.com\/LloretTurisme"]}]}},"_links":{"self":[{"href":"https:\/\/lloretdemar.org\/en\/wp-json\/wp\/v2\/pages\/11145","targetHints":{"allow":["GET"]}}],"collection":[{"href":"https:\/\/lloretdemar.org\/en\/wp-json\/wp\/v2\/pages"}],"about":[{"href":"https:\/\/lloretdemar.org\/en\/wp-json\/wp\/v2\/types\/page"}],"author":[{"embeddable":true,"href":"https:\/\/lloretdemar.org\/en\/wp-json\/wp\/v2\/users\/12"}],"replies":[{"embeddable":true,"href":"https:\/\/lloretdemar.org\/en\/wp-json\/wp\/v2\/comments?post=11145"}],"version-history":[{"count":0,"href":"https:\/\/lloretdemar.org\/en\/wp-json\/wp\/v2\/pages\/11145\/revisions"}],"up":[{"embeddable":true,"href":"https:\/\/lloretdemar.org\/en\/wp-json\/wp\/v2\/pages\/11124"}],"wp:attachment":[{"href":"https:\/\/lloretdemar.org\/en\/wp-json\/wp\/v2\/media?parent=11145"}],"curies":[{"name":"wp","href":"https:\/\/api.w.org\/{rel}","templated":true}]}}