{"id":18817,"date":"2019-05-28T09:43:10","date_gmt":"2019-05-28T07:43:10","guid":{"rendered":"http:\/\/lloretdemar.org\/cookies\/"},"modified":"2024-05-22T12:22:33","modified_gmt":"2024-05-22T10:22:33","slug":"cookies","status":"publish","type":"page","link":"https:\/\/lloretdemar.org\/de\/cookies\/","title":{"rendered":"Cookies"},"content":{"rendered":"\r\n<p>&nbsp;<\/p>\r\n","protected":false},"excerpt":{"rendered":"<p>&nbsp;<\/p>\n","protected":false},"author":12,"featured_media":0,"parent":0,"menu_order":0,"comment_status":"closed","ping_status":"closed","template":"","meta":{"_acf_changed":false,"content-type":"","footnotes":""},"class_list":["post-18817","page","type-page","status-publish","hentry"],"acf":{"banner_imatge":9979,"banner_titol":"Cookies","banner_subtitol":"","botons_blanc_o_negres":"defecte","banner_links":null,"apartats":[{"acf_fc_layout":"bloc_text","titol":"","subtitol":"","descripcio":"<strong>COOKIE-POLITIK<\/strong>\r\n\r\nGem\u00e4\u00df Artikel 22 des Gesetzes \u00fcber die Dienste der Informationsgesellschaft und den elektronischen Gesch\u00e4ftsverkehr sowie dem Leitfaden zur Verwendung von Cookies der AEPD informieren wir Sie dar\u00fcber, dass diese Website Cookies verwendet.\r\n\r\n<strong>1) Was sind Cookies?<\/strong>\r\nCookies sind Dateien, die auf der Website des Browsers oder der Ger\u00e4te (Smartphones, Tablets) des Benutzers w\u00e4hrend seiner Reise durch die Seiten der Website installiert werden und dazu dienen, Informationen \u00fcber Ihren Besuch zu speichern.\r\nCookies werden verwendet, um:\r\n- Sicherzustellen, dass Webseiten korrekt funktionieren k\u00f6nnen.\r\n- Pr\u00e4ferenzen zu speichern, wie z.B. Sprache oder Schriftgr\u00f6\u00dfe.\r\n- um das Surfverhalten des Benutzers zu kennen.\r\n- anonyme statistische Informationen zu sammeln, z. B. welche Seiten der Benutzer besucht hat oder wie lange er sich auf der Website aufgehalten hat.\r\nDie Verwendung von Cookies erm\u00f6glicht es, die Navigation zu optimieren und die angebotenen Informationen und Dienstleistungen an die Interessen der Nutzer anzupassen, indem sie bei jedem Besuch der Website ein besseres Erlebnis bieten.\r\n\r\n<strong>2) Cookies, die wir verwenden<\/strong>\r\nUnsere Website verwendet Cookies der folgenden Arten:\r\n- Technische Cookies\r\nZweck: Eigene Cookies und Cookies von Drittanbietern, die f\u00fcr die Nutzung der Website und die kontinuierliche Verbesserung des Dienstes erforderlich sind und es dem Benutzer erm\u00f6glichen, auf der Website zu surfen und die angebotenen Dienste zu nutzen: Anmeldung, Suchvorgang, elektronische Verfahren usw.\r\n- Personalisierungs-Cookies\r\nZweck: Eigene Cookies und Cookies von Drittanbietern, die es dem Nutzer erm\u00f6glichen, auf den Dienst mit vordefinierten Merkmalen zuzugreifen, wie z. B. Sprache, Browsertyp, regionale Konfiguration usw.\r\n- Analyse-Cookies\r\nZweck: Ausschlie\u00dflich zur Quantifizierung der Anzahl der Nutzer, die auf dieses Portal zugreifen, um die Durchf\u00fchrung statistischer Messungen und Analysen zu erleichtern, die eine Verbesserung der Website-Dienste erm\u00f6glichen. Aggregierte Daten werden ohne Identifizierung der Nutzer verarbeitet.\r\n- Gezielte Cookies\/Werbung\r\nZweck: Sie erm\u00f6glichen die Bereitstellung von Diensten (google maps, youtube, etc.) und sozialen Netzwerken (Facebook, etc.) durch Dritte. Effiziente Verwaltung der Werbefl\u00e4chen auf einer Website. Diese Unternehmen k\u00f6nnen sie nutzen, um ein Interessenprofil zu erstellen und an anderer Stelle relevante Werbung anzuzeigen. Sie speichern nicht direkt personenbezogene Daten, sondern basieren auf der eindeutigen Identifizierung des Browsers und des Ger\u00e4ts, das auf das Internet zugreift.\r\nDurch die Verwendung unserer Cookies wird kein Profiling oder eine Verarbeitung durchgef\u00fchrt, die automatisierte Entscheidungen mit Rechtswirkung f\u00fcr den Nutzer beinhaltet oder den Nutzer in \u00e4hnlicher Weise erheblich beeintr\u00e4chtigen w\u00fcrde.\r\n\r\n<strong>3) Internationale Daten\u00fcbermittlung<\/strong>\r\nEs findet kein internationaler Transfer von personenbezogenen Daten statt.\r\nObwohl die aus den analytischen Cookies gewonnenen Informationen au\u00dferhalb des Europ\u00e4ischen Wirtschaftsraums \u00fcbermittelt werden, findet keine internationale \u00dcbermittlung personenbezogener Daten statt, da diese Informationen weder die Identifizierung der Nutzer erm\u00f6glichen noch zur Unterscheidung zwischen den Nutzern oder zur Verfolgung einzelner Nutzer verwendet werden.\r\n\r\n<strong>4) Aufbewahrungsdauer von Cookies<\/strong>\r\nDie Cookies werden mindestens f\u00fcr die Dauer der Browsersitzung und h\u00f6chstens f\u00fcr 2 Jahre aufbewahrt, je nach Art der Cookies (siehe Tabelle oben). Die Nutzer k\u00f6nnen ihre Zustimmung mit Hilfe der im folgenden Abschnitt beschriebenen Mechanismen widerrufen, indem sie alle oder einen Teil der Cookies, die sie f\u00fcr wichtig halten, l\u00f6schen.\r\n\r\n<strong>5) Wie k\u00f6nnen Cookies im Browser verwaltet werden?<\/strong>\r\nCookies werden so lange installiert, wie der Nutzer sie zul\u00e4sst.\r\nCookies werden nur installiert, wenn der Nutzer die Verwendung von Cookies beim ersten Zugriff auf das Webportal \u00fcber ein kleines Informationsfenster zul\u00e4sst, in dem Sie die Annahme von Cookies konfigurieren k\u00f6nnen, die f\u00fcr den Betrieb der Website nicht unbedingt erforderlich sind.\r\nDer Nutzer kann die Zustimmung zur Verwendung von Cookies jederzeit verweigern oder widerrufen, indem er auf das Feld Einstellungen oder die Optionen seines Browsers klickt.\r\nAnleitungen zur Verwaltung von Cookies in den g\u00e4ngigsten Browsern finden Sie unter den folgenden Links:\r\n\r\n- <a href=\"https:\/\/support.google.com\/chrome\/answer\/95647?hl=de&amp;sjid=16805222892165598093-EU\">Google Chrome.<\/a>\r\n- <a href=\"https:\/\/support.mozilla.org\/de\/kb\/verbesserter-schutz-aktivitatenverfolgung-desktop?redirectslug=enable-and-disable-cookies-website-preferences&amp;redirectlocale=en-US\">Mozilla Firefox.<\/a>\r\n- <a href=\"https:\/\/support.microsoft.com\/de-de\/windows\/l%C3%B6schen-und-verwalten-von-cookies-168dab11-0753-043d-7c16-ede5947fc64d\">Internet Explorer.<\/a>\r\n- <a href=\"https:\/\/support.apple.com\/de-de\/guide\/safari\/sfri11471\/mac\">Safari<\/a>\r\n- <a href=\"https:\/\/help.opera.com\/de\/latest\/web-preferences\/\">Opera<\/a>\r\n\r\nWenn Sie andere Browser oder Plattformen verwenden, konsultieren Sie bitte die spezifische Dokumentation, die vom Entwickler des Browsers bereitgestellt wird.\r\nWenn Sie die Verwendung von Cookies in Ihrem Browser blockieren, kann es sein, dass einige Dienste oder Funktionen der Website nicht verf\u00fcgbar sind."}]},"yoast_head":"<!-- This site is optimized with the Yoast SEO plugin v27.5 - https:\/\/yoast.com\/product\/yoast-seo-wordpress\/ -->\n<title>Cookies - Lloret de Mar<\/title>\n<meta name=\"description\" content=\"&nbsp;\" \/>\n<meta name=\"robots\" content=\"noindex, nofollow\" \/>\n<meta property=\"og:locale\" content=\"de_DE\" \/>\n<meta property=\"og:type\" content=\"article\" \/>\n<meta property=\"og:title\" content=\"Cookies - Lloret de Mar\" \/>\n<meta property=\"og:description\" content=\"&nbsp;\" \/>\n<meta property=\"og:url\" content=\"https:\/\/lloretdemar.org\/de\/cookies\/\" \/>\n<meta property=\"og:site_name\" content=\"Lloret de Mar\" \/>\n<meta property=\"article:publisher\" content=\"https:\/\/www.facebook.com\/Lloretturisme\" \/>\n<meta property=\"article:modified_time\" content=\"2024-05-22T10:22:33+00:00\" \/>\n<meta property=\"og:image\" content=\"https:\/\/lloretdemar.org\/wp-content\/uploads\/2020\/03\/Capcalera-e1600338708928.jpg\" \/>\n\t<meta property=\"og:image:width\" content=\"1920\" \/>\n\t<meta property=\"og:image:height\" content=\"885\" \/>\n\t<meta property=\"og:image:type\" content=\"image\/jpeg\" \/>\n<meta name=\"twitter:card\" content=\"summary_large_image\" \/>\n<meta name=\"twitter:site\" content=\"@lloretturisme\" \/>\n<script type=\"application\/ld+json\" class=\"yoast-schema-graph\">{\"@context\":\"https:\\\/\\\/schema.org\",\"@graph\":[{\"@type\":\"WebPage\",\"@id\":\"https:\\\/\\\/lloretdemar.org\\\/de\\\/cookies\\\/\",\"url\":\"https:\\\/\\\/lloretdemar.org\\\/de\\\/cookies\\\/\",\"name\":\"Cookies - Lloret de Mar\",\"isPartOf\":{\"@id\":\"https:\\\/\\\/lloretdemar.org\\\/de\\\/#website\"},\"datePublished\":\"2019-05-28T07:43:10+00:00\",\"dateModified\":\"2024-05-22T10:22:33+00:00\",\"description\":\"Lloret de Mar\",\"breadcrumb\":{\"@id\":\"https:\\\/\\\/lloretdemar.org\\\/de\\\/cookies\\\/#breadcrumb\"},\"inLanguage\":\"de\",\"potentialAction\":[{\"@type\":\"ReadAction\",\"target\":[\"https:\\\/\\\/lloretdemar.org\\\/de\\\/cookies\\\/\"]}]},{\"@type\":\"BreadcrumbList\",\"@id\":\"https:\\\/\\\/lloretdemar.org\\\/de\\\/cookies\\\/#breadcrumb\",\"itemListElement\":[{\"@type\":\"ListItem\",\"position\":1,\"name\":\"Home\",\"item\":\"https:\\\/\\\/lloretdemar.org\\\/de\\\/\"},{\"@type\":\"ListItem\",\"position\":2,\"name\":\"Cookies\"}]},{\"@type\":\"WebSite\",\"@id\":\"https:\\\/\\\/lloretdemar.org\\\/de\\\/#website\",\"url\":\"https:\\\/\\\/lloretdemar.org\\\/de\\\/\",\"name\":\"Lloret de Mar\",\"description\":\"\",\"publisher\":{\"@id\":\"https:\\\/\\\/lloretdemar.org\\\/de\\\/#organization\"},\"potentialAction\":[{\"@type\":\"SearchAction\",\"target\":{\"@type\":\"EntryPoint\",\"urlTemplate\":\"https:\\\/\\\/lloretdemar.org\\\/de\\\/?s={search_term_string}\"},\"query-input\":{\"@type\":\"PropertyValueSpecification\",\"valueRequired\":true,\"valueName\":\"search_term_string\"}}],\"inLanguage\":\"de\"},{\"@type\":\"Organization\",\"@id\":\"https:\\\/\\\/lloretdemar.org\\\/de\\\/#organization\",\"name\":\"Lloret de Mar\",\"url\":\"https:\\\/\\\/lloretdemar.org\\\/de\\\/\",\"logo\":{\"@type\":\"ImageObject\",\"inLanguage\":\"de\",\"@id\":\"https:\\\/\\\/lloretdemar.org\\\/de\\\/#\\\/schema\\\/logo\\\/image\\\/\",\"url\":\"https:\\\/\\\/lloretdemar.org\\\/wp-content\\\/uploads\\\/2020\\\/05\\\/lloret-de-mar-logo.png\",\"contentUrl\":\"https:\\\/\\\/lloretdemar.org\\\/wp-content\\\/uploads\\\/2020\\\/05\\\/lloret-de-mar-logo.png\",\"width\":87,\"height\":38,\"caption\":\"Lloret de Mar\"},\"image\":{\"@id\":\"https:\\\/\\\/lloretdemar.org\\\/de\\\/#\\\/schema\\\/logo\\\/image\\\/\"},\"sameAs\":[\"https:\\\/\\\/www.facebook.com\\\/Lloretturisme\",\"https:\\\/\\\/x.com\\\/lloretturisme\",\"https:\\\/\\\/instagram.com\\\/lloretturisme\",\"https:\\\/\\\/www.youtube.com\\\/LloretTurisme\"]}]}<\/script>\n<!-- \/ Yoast SEO plugin. -->","yoast_head_json":{"title":"Cookies - Lloret de Mar","description":"&nbsp;","robots":{"index":"noindex","follow":"nofollow"},"og_locale":"de_DE","og_type":"article","og_title":"Cookies - Lloret de Mar","og_description":"&nbsp;","og_url":"https:\/\/lloretdemar.org\/de\/cookies\/","og_site_name":"Lloret de Mar","article_publisher":"https:\/\/www.facebook.com\/Lloretturisme","article_modified_time":"2024-05-22T10:22:33+00:00","og_image":[{"width":1920,"height":885,"url":"https:\/\/lloretdemar.org\/wp-content\/uploads\/2020\/03\/Capcalera-e1600338708928.jpg","type":"image\/jpeg"}],"twitter_card":"summary_large_image","twitter_site":"@lloretturisme","schema":{"@context":"https:\/\/schema.org","@graph":[{"@type":"WebPage","@id":"https:\/\/lloretdemar.org\/de\/cookies\/","url":"https:\/\/lloretdemar.org\/de\/cookies\/","name":"Cookies - Lloret de Mar","isPartOf":{"@id":"https:\/\/lloretdemar.org\/de\/#website"},"datePublished":"2019-05-28T07:43:10+00:00","dateModified":"2024-05-22T10:22:33+00:00","description":"Lloret de Mar","breadcrumb":{"@id":"https:\/\/lloretdemar.org\/de\/cookies\/#breadcrumb"},"inLanguage":"de","potentialAction":[{"@type":"ReadAction","target":["https:\/\/lloretdemar.org\/de\/cookies\/"]}]},{"@type":"BreadcrumbList","@id":"https:\/\/lloretdemar.org\/de\/cookies\/#breadcrumb","itemListElement":[{"@type":"ListItem","position":1,"name":"Home","item":"https:\/\/lloretdemar.org\/de\/"},{"@type":"ListItem","position":2,"name":"Cookies"}]},{"@type":"WebSite","@id":"https:\/\/lloretdemar.org\/de\/#website","url":"https:\/\/lloretdemar.org\/de\/","name":"Lloret de Mar","description":"","publisher":{"@id":"https:\/\/lloretdemar.org\/de\/#organization"},"potentialAction":[{"@type":"SearchAction","target":{"@type":"EntryPoint","urlTemplate":"https:\/\/lloretdemar.org\/de\/?s={search_term_string}"},"query-input":{"@type":"PropertyValueSpecification","valueRequired":true,"valueName":"search_term_string"}}],"inLanguage":"de"},{"@type":"Organization","@id":"https:\/\/lloretdemar.org\/de\/#organization","name":"Lloret de Mar","url":"https:\/\/lloretdemar.org\/de\/","logo":{"@type":"ImageObject","inLanguage":"de","@id":"https:\/\/lloretdemar.org\/de\/#\/schema\/logo\/image\/","url":"https:\/\/lloretdemar.org\/wp-content\/uploads\/2020\/05\/lloret-de-mar-logo.png","contentUrl":"https:\/\/lloretdemar.org\/wp-content\/uploads\/2020\/05\/lloret-de-mar-logo.png","width":87,"height":38,"caption":"Lloret de Mar"},"image":{"@id":"https:\/\/lloretdemar.org\/de\/#\/schema\/logo\/image\/"},"sameAs":["https:\/\/www.facebook.com\/Lloretturisme","https:\/\/x.com\/lloretturisme","https:\/\/instagram.com\/lloretturisme","https:\/\/www.youtube.com\/LloretTurisme"]}]}},"_links":{"self":[{"href":"https:\/\/lloretdemar.org\/de\/wp-json\/wp\/v2\/pages\/18817","targetHints":{"allow":["GET"]}}],"collection":[{"href":"https:\/\/lloretdemar.org\/de\/wp-json\/wp\/v2\/pages"}],"about":[{"href":"https:\/\/lloretdemar.org\/de\/wp-json\/wp\/v2\/types\/page"}],"author":[{"embeddable":true,"href":"https:\/\/lloretdemar.org\/de\/wp-json\/wp\/v2\/users\/12"}],"replies":[{"embeddable":true,"href":"https:\/\/lloretdemar.org\/de\/wp-json\/wp\/v2\/comments?post=18817"}],"version-history":[{"count":6,"href":"https:\/\/lloretdemar.org\/de\/wp-json\/wp\/v2\/pages\/18817\/revisions"}],"predecessor-version":[{"id":36594,"href":"https:\/\/lloretdemar.org\/de\/wp-json\/wp\/v2\/pages\/18817\/revisions\/36594"}],"wp:attachment":[{"href":"https:\/\/lloretdemar.org\/de\/wp-json\/wp\/v2\/media?parent=18817"}],"curies":[{"name":"wp","href":"https:\/\/api.w.org\/{rel}","templated":true}]}}