{"id":17395,"date":"2020-03-05T17:45:35","date_gmt":"2020-03-05T16:45:35","guid":{"rendered":"http:\/\/lloretdemar.org\/planifica-el-teu-viatge\/compres-directori\/"},"modified":"2023-08-17T11:30:08","modified_gmt":"2023-08-17T09:30:08","slug":"einkaufen","status":"publish","type":"page","link":"https:\/\/lloretdemar.org\/de\/planen-sie-ihre-reise\/einkaufen\/","title":{"rendered":"Shopping"},"content":{"rendered":"\r\n<p>Kommen Sie in den Genuss der Produktvielfalt in den <a href=\"https:\/\/lloretdemar.org\/que-fer\/compres\">Gesch\u00e4ften<\/a> von Lloret de Mar.<\/p>\r\n\r\n\r\n\r\n<p>Der Handel in Lloret de Mar stellt mit seinen <strong>unz\u00e4hligen Gewerben <\/strong>den zweitwichtigsten Wirtschaftsmotor der Stadt dar. Es gibt zahlreiche Einkaufsm\u00f6glichkeiten in Lloret, in denen alle m\u00f6glichen Arten von Artikeln und Produkten angeboten werden.<\/p>\r\n\r\n\r\n\r\n<p>Die Gesch\u00e4fte in Lloret d\u00fcrfen jeden Tag des Jahres, auch sonntags, \u00f6ffnen.<\/p>\r\n\r\n\r\n\r\n<p>Im Laufe des Jahres finden zahlreiche gewerbliche Aktionen und Messen statt. Dazu geh\u00f6rt auch das Lloret Night Shopping; an diesem speziellen Tag \u00f6ffnen die Gesch\u00e4fte bis zum Morgengrauen. Modenschauen, Live-Musik und Performances tauchen die Stadt in eine authentische Fashion-Atmosph\u00e4re. Ein weiteres Event ist der Mittelaltermarkt.<\/p>\r\n\r\n\r\n\r\n<p>Ebenfalls empfehlenswert ist ein Besuch des <strong>Wochenmarktes im Rieral am Dienstag. <\/strong>Hier finden Sie unter anderem traditionelle Produkte, Lebensmittel, Kleidung, etc.<\/p>\r\n\r\n\r\n\r\n<p>Auch der Stadtmarkt, der vor allem mit frischen Produkten und einer Vielzahl lokaler Delikatessen lockt, ist einen Besuch wert.<\/p>\r\n\r\n\r\n\r\n<p>&nbsp;<\/p>\r\n","protected":false},"excerpt":{"rendered":"<p>Kommen Sie in den Genuss der Produktvielfalt in den Gesch\u00e4ften von Lloret de Mar. Der Handel in Lloret de Mar stellt mit seinen unz\u00e4hligen Gewerben den zweitwichtigsten Wirtschaftsmotor der Stadt dar. Es gibt zahlreiche Einkaufsm\u00f6glichkeiten in Lloret, in denen alle m\u00f6glichen Arten von Artikeln und Produkten angeboten werden. Die Gesch\u00e4fte in Lloret d\u00fcrfen jeden Tag [&hellip;]<\/p>\n","protected":false},"author":12,"featured_media":0,"parent":13041,"menu_order":0,"comment_status":"closed","ping_status":"closed","template":"page-templates\/directori2-23.php","meta":{"_acf_changed":false,"content-type":"","footnotes":""},"class_list":["post-17395","page","type-page","status-publish","hentry"],"acf":{"banner_imatge":34430,"banner_titol":"Shopping","banner_subtitol":"","botons_blanc_o_negres":"defecte","banner_links":null,"apartats":null,"categories_titol":"Kategorien","banner_mes_info_text":"M\u00f6chten Sie mehr Einkaufsm\u00f6glichkeiten in Lloret de Mar kennenlernen?","banner_mes_info_link":{"title":"Weitere Informationen","url":"http:\/\/lloretdemar.org\/que-fer-a-lloret\/lloret-de-mar-de-dia\/compres\/","target":"_blank"},"banner_contacte_text":"Wenn Ihre Einrichtung nicht in unserem Verzeichnis erscheint oder die angegebenen Informationen falsch sind:","banner_contacte_link":{"title":"Kontaktieren Sie uns","url":"http:\/\/lloretdemar.org\/contacte\/","target":"_blank"},"banners":null,"script_ipanema":"<!--HubSpot Call-to-Action Code --><span class=\"hs-cta-wrapper\" id=\"hs-cta-wrapper-ac7afe2f-3887-497f-9403-e9a9ccf64882\"><span class=\"hs-cta-node hs-cta-ac7afe2f-3887-497f-9403-e9a9ccf64882\" id=\"hs-cta-ac7afe2f-3887-497f-9403-e9a9ccf64882\"><!--[if lte IE 8]><div id=\"hs-cta-ie-element\"><\/div><![endif]--><a href=\"https:\/\/cta-redirect.hubspot.com\/cta\/redirect\/4468071\/ac7afe2f-3887-497f-9403-e9a9ccf64882\" ><img class=\"hs-cta-img\" id=\"hs-cta-img-ac7afe2f-3887-497f-9403-e9a9ccf64882\" style=\"border-width:0px;\" src=\"https:\/\/no-cache.hubspot.com\/cta\/default\/4468071\/ac7afe2f-3887-497f-9403-e9a9ccf64882.png\" alt=\"M\u00e9s info\"\/><\/a><\/span><script charset=\"utf-8\" src=\"https:\/\/js.hscta.net\/cta\/current.js\"><\/script><script type=\"text\/javascript\"> hbspt.cta.load(4468071, 'ac7afe2f-3887-497f-9403-e9a9ccf64882', {}); <\/script><\/span><!-- end HubSpot Call-to-Action Code -->"},"yoast_head":"<!-- This site is optimized with the Yoast SEO plugin v27.5 - https:\/\/yoast.com\/product\/yoast-seo-wordpress\/ -->\n<title>Shopping - Lloret de Mar<\/title>\n<meta name=\"description\" content=\"Kommen Sie in den Genuss der Produktvielfalt in den Gesch\u00e4ften von Lloret de Mar. Der Handel in Lloret de Mar stellt mit seinen unz\u00e4hligen Gewerben den zweitwichtigsten Wirtschaftsmotor der Stadt dar. Es gibt zahlreiche Einkaufsm\u00f6glichkeiten in Lloret, in denen alle m\u00f6glichen Arten von Artikeln und Produkten angeboten werden. Die Gesch\u00e4fte in Lloret d\u00fcrfen jeden Tag&hellip;\" \/>\n<meta name=\"robots\" content=\"index, follow, max-snippet:-1, max-image-preview:large, max-video-preview:-1\" \/>\n<link rel=\"canonical\" href=\"https:\/\/lloretdemar.org\/de\/planen-sie-ihre-reise\/einkaufen\/\" \/>\n<meta property=\"og:locale\" content=\"de_DE\" \/>\n<meta property=\"og:type\" content=\"article\" \/>\n<meta property=\"og:title\" content=\"Shopping - Lloret de Mar\" \/>\n<meta property=\"og:description\" content=\"Kommen Sie in den Genuss der Produktvielfalt in den Gesch\u00e4ften von Lloret de Mar. Der Handel in Lloret de Mar stellt mit seinen unz\u00e4hligen Gewerben den zweitwichtigsten Wirtschaftsmotor der Stadt dar. Es gibt zahlreiche Einkaufsm\u00f6glichkeiten in Lloret, in denen alle m\u00f6glichen Arten von Artikeln und Produkten angeboten werden. Die Gesch\u00e4fte in Lloret d\u00fcrfen jeden Tag&hellip;\" \/>\n<meta property=\"og:url\" content=\"https:\/\/lloretdemar.org\/de\/planen-sie-ihre-reise\/einkaufen\/\" \/>\n<meta property=\"og:site_name\" content=\"Lloret de Mar\" \/>\n<meta property=\"article:publisher\" content=\"https:\/\/www.facebook.com\/Lloretturisme\" \/>\n<meta property=\"article:modified_time\" content=\"2023-08-17T09:30:08+00:00\" \/>\n<meta property=\"og:image\" content=\"https:\/\/lloretdemar.org\/wp-content\/uploads\/2023\/07\/capcalera-comprar.webp\" \/>\n\t<meta property=\"og:image:width\" content=\"1920\" \/>\n\t<meta property=\"og:image:height\" content=\"885\" \/>\n\t<meta property=\"og:image:type\" content=\"image\/jpeg\" \/>\n<meta name=\"twitter:card\" content=\"summary_large_image\" \/>\n<meta name=\"twitter:site\" content=\"@lloretturisme\" \/>\n<meta name=\"twitter:label1\" content=\"Gesch\u00e4tzte Lesezeit\" \/>\n\t<meta name=\"twitter:data1\" content=\"1\u00a0Minute\" \/>\n<script type=\"application\/ld+json\" class=\"yoast-schema-graph\">{\"@context\":\"https:\\\/\\\/schema.org\",\"@graph\":[{\"@type\":\"WebPage\",\"@id\":\"https:\\\/\\\/lloretdemar.org\\\/de\\\/planen-sie-ihre-reise\\\/einkaufen\\\/\",\"url\":\"https:\\\/\\\/lloretdemar.org\\\/de\\\/planen-sie-ihre-reise\\\/einkaufen\\\/\",\"name\":\"Shopping - Lloret de Mar\",\"isPartOf\":{\"@id\":\"https:\\\/\\\/lloretdemar.org\\\/de\\\/#website\"},\"datePublished\":\"2020-03-05T16:45:35+00:00\",\"dateModified\":\"2023-08-17T09:30:08+00:00\",\"description\":\"Lloret de Mar\",\"breadcrumb\":{\"@id\":\"https:\\\/\\\/lloretdemar.org\\\/de\\\/planen-sie-ihre-reise\\\/einkaufen\\\/#breadcrumb\"},\"inLanguage\":\"de\",\"potentialAction\":[{\"@type\":\"ReadAction\",\"target\":[\"https:\\\/\\\/lloretdemar.org\\\/de\\\/planen-sie-ihre-reise\\\/einkaufen\\\/\"]}]},{\"@type\":\"BreadcrumbList\",\"@id\":\"https:\\\/\\\/lloretdemar.org\\\/de\\\/planen-sie-ihre-reise\\\/einkaufen\\\/#breadcrumb\",\"itemListElement\":[{\"@type\":\"ListItem\",\"position\":1,\"name\":\"Home\",\"item\":\"https:\\\/\\\/lloretdemar.org\\\/de\\\/\"},{\"@type\":\"ListItem\",\"position\":2,\"name\":\"Planen Sie Ihre Reise\",\"item\":\"https:\\\/\\\/lloretdemar.org\\\/de\\\/planen-sie-ihre-reise\\\/\"},{\"@type\":\"ListItem\",\"position\":3,\"name\":\"Shopping\"}]},{\"@type\":\"WebSite\",\"@id\":\"https:\\\/\\\/lloretdemar.org\\\/de\\\/#website\",\"url\":\"https:\\\/\\\/lloretdemar.org\\\/de\\\/\",\"name\":\"Lloret de Mar\",\"description\":\"\",\"publisher\":{\"@id\":\"https:\\\/\\\/lloretdemar.org\\\/de\\\/#organization\"},\"potentialAction\":[{\"@type\":\"SearchAction\",\"target\":{\"@type\":\"EntryPoint\",\"urlTemplate\":\"https:\\\/\\\/lloretdemar.org\\\/de\\\/?s={search_term_string}\"},\"query-input\":{\"@type\":\"PropertyValueSpecification\",\"valueRequired\":true,\"valueName\":\"search_term_string\"}}],\"inLanguage\":\"de\"},{\"@type\":\"Organization\",\"@id\":\"https:\\\/\\\/lloretdemar.org\\\/de\\\/#organization\",\"name\":\"Lloret de Mar\",\"url\":\"https:\\\/\\\/lloretdemar.org\\\/de\\\/\",\"logo\":{\"@type\":\"ImageObject\",\"inLanguage\":\"de\",\"@id\":\"https:\\\/\\\/lloretdemar.org\\\/de\\\/#\\\/schema\\\/logo\\\/image\\\/\",\"url\":\"https:\\\/\\\/lloretdemar.org\\\/wp-content\\\/uploads\\\/2020\\\/05\\\/lloret-de-mar-logo.png\",\"contentUrl\":\"https:\\\/\\\/lloretdemar.org\\\/wp-content\\\/uploads\\\/2020\\\/05\\\/lloret-de-mar-logo.png\",\"width\":87,\"height\":38,\"caption\":\"Lloret de Mar\"},\"image\":{\"@id\":\"https:\\\/\\\/lloretdemar.org\\\/de\\\/#\\\/schema\\\/logo\\\/image\\\/\"},\"sameAs\":[\"https:\\\/\\\/www.facebook.com\\\/Lloretturisme\",\"https:\\\/\\\/x.com\\\/lloretturisme\",\"https:\\\/\\\/instagram.com\\\/lloretturisme\",\"https:\\\/\\\/www.youtube.com\\\/LloretTurisme\"]}]}<\/script>\n<!-- \/ Yoast SEO plugin. -->","yoast_head_json":{"title":"Shopping - Lloret de Mar","description":"Kommen Sie in den Genuss der Produktvielfalt in den Gesch\u00e4ften von Lloret de Mar. Der Handel in Lloret de Mar stellt mit seinen unz\u00e4hligen Gewerben den zweitwichtigsten Wirtschaftsmotor der Stadt dar. Es gibt zahlreiche Einkaufsm\u00f6glichkeiten in Lloret, in denen alle m\u00f6glichen Arten von Artikeln und Produkten angeboten werden. Die Gesch\u00e4fte in Lloret d\u00fcrfen jeden Tag&hellip;","robots":{"index":"index","follow":"follow","max-snippet":"max-snippet:-1","max-image-preview":"max-image-preview:large","max-video-preview":"max-video-preview:-1"},"canonical":"https:\/\/lloretdemar.org\/de\/planen-sie-ihre-reise\/einkaufen\/","og_locale":"de_DE","og_type":"article","og_title":"Shopping - Lloret de Mar","og_description":"Kommen Sie in den Genuss der Produktvielfalt in den Gesch\u00e4ften von Lloret de Mar. Der Handel in Lloret de Mar stellt mit seinen unz\u00e4hligen Gewerben den zweitwichtigsten Wirtschaftsmotor der Stadt dar. Es gibt zahlreiche Einkaufsm\u00f6glichkeiten in Lloret, in denen alle m\u00f6glichen Arten von Artikeln und Produkten angeboten werden. Die Gesch\u00e4fte in Lloret d\u00fcrfen jeden Tag&hellip;","og_url":"https:\/\/lloretdemar.org\/de\/planen-sie-ihre-reise\/einkaufen\/","og_site_name":"Lloret de Mar","article_publisher":"https:\/\/www.facebook.com\/Lloretturisme","article_modified_time":"2023-08-17T09:30:08+00:00","og_image":[{"width":1920,"height":885,"url":"https:\/\/lloretdemar.org\/wp-content\/uploads\/2023\/07\/capcalera-comprar.webp","type":"image\/jpeg"}],"twitter_card":"summary_large_image","twitter_site":"@lloretturisme","twitter_misc":{"Gesch\u00e4tzte Lesezeit":"1\u00a0Minute"},"schema":{"@context":"https:\/\/schema.org","@graph":[{"@type":"WebPage","@id":"https:\/\/lloretdemar.org\/de\/planen-sie-ihre-reise\/einkaufen\/","url":"https:\/\/lloretdemar.org\/de\/planen-sie-ihre-reise\/einkaufen\/","name":"Shopping - Lloret de Mar","isPartOf":{"@id":"https:\/\/lloretdemar.org\/de\/#website"},"datePublished":"2020-03-05T16:45:35+00:00","dateModified":"2023-08-17T09:30:08+00:00","description":"Lloret de Mar","breadcrumb":{"@id":"https:\/\/lloretdemar.org\/de\/planen-sie-ihre-reise\/einkaufen\/#breadcrumb"},"inLanguage":"de","potentialAction":[{"@type":"ReadAction","target":["https:\/\/lloretdemar.org\/de\/planen-sie-ihre-reise\/einkaufen\/"]}]},{"@type":"BreadcrumbList","@id":"https:\/\/lloretdemar.org\/de\/planen-sie-ihre-reise\/einkaufen\/#breadcrumb","itemListElement":[{"@type":"ListItem","position":1,"name":"Home","item":"https:\/\/lloretdemar.org\/de\/"},{"@type":"ListItem","position":2,"name":"Planen Sie Ihre Reise","item":"https:\/\/lloretdemar.org\/de\/planen-sie-ihre-reise\/"},{"@type":"ListItem","position":3,"name":"Shopping"}]},{"@type":"WebSite","@id":"https:\/\/lloretdemar.org\/de\/#website","url":"https:\/\/lloretdemar.org\/de\/","name":"Lloret de Mar","description":"","publisher":{"@id":"https:\/\/lloretdemar.org\/de\/#organization"},"potentialAction":[{"@type":"SearchAction","target":{"@type":"EntryPoint","urlTemplate":"https:\/\/lloretdemar.org\/de\/?s={search_term_string}"},"query-input":{"@type":"PropertyValueSpecification","valueRequired":true,"valueName":"search_term_string"}}],"inLanguage":"de"},{"@type":"Organization","@id":"https:\/\/lloretdemar.org\/de\/#organization","name":"Lloret de Mar","url":"https:\/\/lloretdemar.org\/de\/","logo":{"@type":"ImageObject","inLanguage":"de","@id":"https:\/\/lloretdemar.org\/de\/#\/schema\/logo\/image\/","url":"https:\/\/lloretdemar.org\/wp-content\/uploads\/2020\/05\/lloret-de-mar-logo.png","contentUrl":"https:\/\/lloretdemar.org\/wp-content\/uploads\/2020\/05\/lloret-de-mar-logo.png","width":87,"height":38,"caption":"Lloret de Mar"},"image":{"@id":"https:\/\/lloretdemar.org\/de\/#\/schema\/logo\/image\/"},"sameAs":["https:\/\/www.facebook.com\/Lloretturisme","https:\/\/x.com\/lloretturisme","https:\/\/instagram.com\/lloretturisme","https:\/\/www.youtube.com\/LloretTurisme"]}]}},"_links":{"self":[{"href":"https:\/\/lloretdemar.org\/de\/wp-json\/wp\/v2\/pages\/17395","targetHints":{"allow":["GET"]}}],"collection":[{"href":"https:\/\/lloretdemar.org\/de\/wp-json\/wp\/v2\/pages"}],"about":[{"href":"https:\/\/lloretdemar.org\/de\/wp-json\/wp\/v2\/types\/page"}],"author":[{"embeddable":true,"href":"https:\/\/lloretdemar.org\/de\/wp-json\/wp\/v2\/users\/12"}],"replies":[{"embeddable":true,"href":"https:\/\/lloretdemar.org\/de\/wp-json\/wp\/v2\/comments?post=17395"}],"version-history":[{"count":1,"href":"https:\/\/lloretdemar.org\/de\/wp-json\/wp\/v2\/pages\/17395\/revisions"}],"predecessor-version":[{"id":34518,"href":"https:\/\/lloretdemar.org\/de\/wp-json\/wp\/v2\/pages\/17395\/revisions\/34518"}],"up":[{"embeddable":true,"href":"https:\/\/lloretdemar.org\/de\/wp-json\/wp\/v2\/pages\/13041"}],"wp:attachment":[{"href":"https:\/\/lloretdemar.org\/de\/wp-json\/wp\/v2\/media?parent=17395"}],"curies":[{"name":"wp","href":"https:\/\/api.w.org\/{rel}","templated":true}]}}