{"id":17174,"date":"2020-03-06T13:38:50","date_gmt":"2020-03-06T12:38:50","guid":{"rendered":"http:\/\/lloretdemar.org\/politica-de-privacitat\/"},"modified":"2020-05-21T11:58:30","modified_gmt":"2020-05-21T09:58:30","slug":"datenschutzpolitik","status":"publish","type":"page","link":"https:\/\/lloretdemar.org\/de\/datenschutzpolitik\/","title":{"rendered":"Datenschutzpolitik"},"content":{"rendered":"\n<p>Diese Datenschutzpolitik regelt die Datenverarbeitung, die von Lloret Futur, S.A mit den auf ihrem Webportal erfassten Daten durchgef\u00fchrt wird.<br><br><\/p>\n\n\n\n<p><strong>1.- Identit\u00e4t des Verantwortlichen f\u00fcr die Datenverarbeitung<\/strong><\/p>\n\n\n\n<p>Der Verantwortliche f\u00fcr die personenbezogenen Daten, die auf der Webseite und den Subdomains von www.lloretdemar.org erfasst werden, ist:<br><br><\/p>\n\n\n\n<p>Lloret Turisme, LLORET FUTUR, S.A<br>Steuernummer: A-17354333<br>Av. Alegries, 3. 17310 &#8211; Lloret de Mar<br><a href=\"mailto:central-turisme@lloret.org\">central-turisme@lloret.cat<\/a><\/p>\n\n\n\n<p><strong>2.- Zweck der Datenverarbeitung<\/strong><\/p>\n\n\n\n<p>Die Verarbeitung der Daten, die Sie \u00fcber unterschiedliche Medien, Kontaktformulare, Umfragen oder Verfahren an Lloret Futur, S.A weitergeben und die erfasst werden, erfolgt gem\u00e4\u00df den geltenden Datenschutzgesetzen und zu dem einzigen Zweck, die von Ihnen angeforderten Dienste zu leisten.<\/p>\n\n\n\n<p>F\u00fcr jedes dieser Medien informieren wir ausf\u00fchrlich \u00fcber den Zweck der Datenverarbeitung, die ausschlie\u00dflich dann erfolgt, wenn Sie dieser Verarbeitung zugestimmt haben.<\/p>\n\n\n\n<p>Im Folgenden sind die Informationen zu den unterschiedlichen Zwecken aufgelistet, zu denen Ihre Daten erfassen werden k\u00f6nnen.<\/p>\n\n\n\n<figure class=\"wp-block-table\"><table class=\"\"><tbody><tr><td>   <strong>Verarbeitung<\/strong> <\/td><td><strong>Wof\u00fcr werden Ihre Daten verwendet<\/strong>  <\/td><td><strong>Wie lange werden Ihre Daten gespeichert<\/strong> <\/td><\/tr><tr><td><strong> <\/strong>  <strong>Anmeldungen <\/strong><\/td><td>Wir \u00fcbermitteln Ihnen Informationen zu unseren Produkten, Dienstleistungen und Aktivit\u00e4ten. Ihre Daten werden nicht an Dritte weitergegeben. <\/td><td>Ihre personenbezogenen Daten werden bis zu dem Zeitpunkt gespeichert, an dem Sie bekanntgeben, dass Sie unsere Mitteilungen nicht mehr erhalten m\u00f6chten, dann werden sie gel\u00f6scht.<br> Sie k\u00f6nnen jederzeit die L\u00f6schung veranlassen, die entsprechenden Angaben hierzu finden Sie in jeder Mitteilung.<\/td><\/tr><tr><td><strong>Aktivit\u00e4ten und Dienstleistungen: Kit des Lloretbesuchers, Weekend Formel usw. <br><br><\/strong><br> <\/td><td> Wir verarbeiten Ihre Daten zwecks Abwicklung der Aktivit\u00e4ten und Dienstleistungen, die von Lloret Futur, S.A. erbracht werden. Ihre Daten werden nicht an Dritte weitergegeben.<\/td><td>Ihre personenbezogenen Daten werden bis zu dem Zeitpunkt gespeichert, an dem Sie bekannt geben, dass Sie unsere Mitteilungen nicht mehr erhalten m\u00f6chten, dann werden sie gel\u00f6scht.<br> Sie k\u00f6nnen jederzeit die L\u00f6schung verlangen, die entsprechenden Angaben hierzu finden Sie in jeder Mitteilung.<\/td><\/tr><tr><td><strong>Mailbox f\u00fcr Kontaktaufnahme, Beschwerden oder Vorschl\u00e4ge  <\/strong><\/td><td>Wir verarbeiten Ihre Daten zur Beantwortung Ihrer Anfragen, Fragen oder Ihres Kl\u00e4rungsbedarfs. Ihre Daten  werden nicht an Dritte weitergegeben.<\/td><td>Ihre personenbezogenen Daten werden bis zu dem Zeitpunkt gespeichert, an dem Ihre Anfrage beantwortet wurde und die entsprechenden Abl\u00e4ufe abgeschlossen sind. Danach werden sie gel\u00f6scht, es sei denn, es liegt eine Verpflichtung seitens Lloret Futur, S.A. vor.<\/td><\/tr><tr><td><strong>Lloret Convention Bureau (LCB)<\/strong><\/td><td>Wir verarbeiten Ihre Daten im Zusammenhang mit Ihrer K\u00f6rperschaft als Mitglied des LCB oder als interessiertem Unternehmen: Abwickeln von Aktivit\u00e4ten, Mitteilen von Dienstleistungen, Beantworten von Anfragen usw. Ihre Daten werden nicht an Dritte weitergegeben.<\/td><td> Ihre personenbezogenen Daten werden gespeichert, bis Ihre K\u00f6rperschaft sich bei LCB abmeldet oder der Ansprechpartner wechselt. <\/td><\/tr><tr><td><strong>Profil des Vertragspartners<\/strong> <\/td><td>Wir verarbeiten Ihre Daten im Rahmen der \u00f6ffentlichen Auftragsvergabe durch Lloret Futur SA in ihrer Eigenschaft als \u00f6ffentliches Unternehmen. Im Rahmen der Aus\u00fcbung der eigenen Befugnisse k\u00f6nnen Ihre Daten von Lloret Futur SA an die Stadtverwaltung von Lloret de Mar als der zust\u00e4ndigen Verwaltung weitergegeben werden.<\/td><td> Ihre personenbezogenen Daten werden als Teil des Verwaltungsablaufs f\u00fcr die K\u00f6rperschaft gespeichert. <\/td><\/tr><\/tbody><\/table><\/figure>\n\n\n\n<p>Es werden ausschlie\u00dflich die von Ihnen weitergegebenen Daten verarbeitet, \u00fcber deren Zweck Sie informiert wurden und deren Verarbeitung Sie zugestimmt haben. Es erfolgt keine Verarbeitung Ihrer Daten durch Dritte noch werden Daten an Dritte weitergegeben, es sei denn, Sie haben dieser Weitergabe ausdr\u00fccklich zugestimmt.<\/p>\n\n\n\n<p>Die rechtliche Grundlage f\u00fcr die Verarbeitung Ihrer Daten bilden die Ausf\u00fchrung der Dienstleistungen, die Sie bei uns angefordert haben, und im Fall des Profils des Vertragspartners, die Lloret Futur, S.A. eigenen Befugnisse.<\/p>\n\n\n\n<p>Der Nutzer gibt seine Daten jederzeit freiwillig an und ist \u00fcber die Nutzung und Verarbeitung derselben unterrichtet. Alle Informationen, die der Nutzer angibt, m\u00fcssen wahrheitsgetreu sein. Der Nutzer ist allein verantwortlich f\u00fcr falsche oder ungenaue Angaben seinerseits und f\u00fcr m\u00f6gliche Sch\u00e4den, die Lloret Futur, der Stadtverwaltung von Lloret de Mar oder Dritten dadurch entstehen. Lloret Futur beh\u00e4lt sich das Recht vor, diejenigen Nutzer von den Dienstleistungen auszuschlie\u00dfen, die falsche Angaben gemacht haben, unbeschadet der weiteren rechtlich gebotenen Ma\u00dfnahmen.<\/p>\n\n\n\n<p><strong>4.- Ihre Rechte bei der Angabe Ihrer Daten<\/strong><\/p>\n\n\n\n<p>Sie haben das Recht, jederzeit Informationen \u00fcber Art und Zweck der Datenverarbeitung anzufordern und zu erhalten:<\/p>\n\n\n\n<ul class=\"wp-block-list\"><li>Zugang zu Ihren Daten: Anfrage zur Art Ihrer gespeicherten Daten und ihrer Verwendung, und Antrag auf Herausgabe zwecks Weitergabe derselben an ein anderes Unternehmen.<\/li><li>Berichtigung Ihrer Daten: Antrag auf \u00c4nderung oder Berichtigung unrichtiger Daten.<\/li><li>L\u00f6schung Ihrer Daten: Antrag auf L\u00f6schung Ihrer Daten und Einstellen ihrer Verarbeitung \u00fcber die Daten hinaus, deren Speicherung gesetzlich vorgegeben ist.<\/li><li>Einschr\u00e4nkung der Verarbeitung: Antrag auf Speicherung Ihrer Daten aufgrund rechtlicher Vorgaben.<\/li><li>Widerspruch gegen eine Verarbeitung: Ihre Daten d\u00fcrfen nicht f\u00fcr einen konkreten Zweck eingesetzt werden.<\/li><li>\u00dcbertragbarkeit der Daten: Ihre Daten m\u00fcssen in einem kompatiblen Format an Sie herausgegeben werden, damit Sie diese an einen Dritten \u00fcbertragen k\u00f6nnen, der Ihnen eine Dienstleistung anbieten soll.<\/li><\/ul>\n\n\n\n<p>Dazu k\u00f6nnen Sie ein Schreiben verfassen mit der Angabe, welches Recht Sie aus\u00fcben m\u00f6chten (Zugang, Berichtigung, L\u00f6schung, Widerspruch oder \u00dcbertragung), und dieses mit einer Kopie Ihres Personalausweises pers\u00f6nlich \u00fcbergeben oder per Post an LLORET FUTUR, S.A. \u2013 Aus\u00fcbung von Rechten \u2013 Avinguda de les Alegries, 3- 17310 &#8211; Lloret de Mar, oder an\u00a0<a href=\"mailto:central-turisme@lloret.org\">central-turisme@lloret.cat<\/a>\u00a0schicken.<\/p>\n\n\n\n<p><strong>5.- Weitere Informationen zur Verarbeitung personenbezogener Daten<\/strong><\/p>\n\n\n\n<p>Wenn \u00a0Sie weitere Informationen zur Verarbeitung personenbezogener Daten w\u00fcnschen, die von Lloret Futur durchgef\u00fchrt wird, k\u00f6nnen Sie sich an den Datenschutzbeauftragen wenden, entweder an die E-Mail-Adresse\u00a0<a href=\"mailto:dpd@lloret.cat\">dpd@lloret.cat<\/a>\u00a0oder per Post an den Delegat de Protecci\u00f3 de dades (Datenschutzbeauftragen) Ajuntament de Lloret de Mar, Pla\u00e7a de la Vila, 1 08172 Lloret de Mar.<\/p>\n\n\n\n<p><strong>6.- Beschwerde einlegen<\/strong><\/p>\n\n\n\n<p>Die Katalanische Beh\u00f6rde f\u00fcr Datenschutz (<a href=\"http:\/\/www.apdcat.cat\/\">www.apdcat.cat<\/a>) wacht als Aufsichtsbeh\u00f6rde \u00fcber die Einhaltung der Datenschutzgesetze bei der \u00f6ffentlichen katalanischen Verwaltung. Wenn Sie der Meinung sind, dass Lloret Futur eine der Vorschriften der ma\u00dfgeblichen Gesetze verletzt hat, k\u00f6nnen Sie sich an diese Beh\u00f6rde wenden, um eine Beschwerde einzulegen.<\/p>\n","protected":false},"excerpt":{"rendered":"<p>Diese Datenschutzpolitik regelt die Datenverarbeitung, die von Lloret Futur, S.A mit den auf ihrem Webportal erfassten Daten durchgef\u00fchrt wird. 1.- Identit\u00e4t des Verantwortlichen f\u00fcr die Datenverarbeitung Der Verantwortliche f\u00fcr die personenbezogenen Daten, die auf der Webseite und den Subdomains von www.lloretdemar.org erfasst werden, ist: Lloret Turisme, LLORET FUTUR, S.ASteuernummer: A-17354333Av. Alegries, 3. 17310 &#8211; Lloret [&hellip;]<\/p>\n","protected":false},"author":12,"featured_media":0,"parent":0,"menu_order":0,"comment_status":"closed","ping_status":"closed","template":"page-templates\/content-page.php","meta":{"_acf_changed":false,"content-type":"","footnotes":""},"class_list":["post-17174","page","type-page","status-publish","hentry"],"acf":{"banner_imatge":9979,"banner_titol":"Datenschutzpolitik","banner_subtitol":"","botons_blanc_o_negres":"defecte","banner_links":null,"apartats":null},"yoast_head":"<!-- This site is optimized with the Yoast SEO plugin v27.5 - https:\/\/yoast.com\/product\/yoast-seo-wordpress\/ -->\n<title>Datenschutzpolitik - Lloret de Mar<\/title>\n<meta name=\"description\" content=\"Diese Datenschutzpolitik regelt die Datenverarbeitung, die von Lloret Futur, S.A mit den auf ihrem Webportal erfassten Daten durchgef\u00fchrt wird. 1.- Identit\u00e4t des Verantwortlichen f\u00fcr die Datenverarbeitung Der Verantwortliche f\u00fcr die personenbezogenen Daten, die auf der Webseite und den Subdomains von www.lloretdemar.org erfasst werden, ist: Lloret Turisme, LLORET FUTUR, S.ASteuernummer: A-17354333Av. Alegries, 3. 17310 - Lloret&hellip;\" \/>\n<meta name=\"robots\" content=\"noindex, nofollow\" \/>\n<meta property=\"og:locale\" content=\"de_DE\" \/>\n<meta property=\"og:type\" content=\"article\" \/>\n<meta property=\"og:title\" content=\"Datenschutzpolitik - Lloret de Mar\" \/>\n<meta property=\"og:description\" content=\"Diese Datenschutzpolitik regelt die Datenverarbeitung, die von Lloret Futur, S.A mit den auf ihrem Webportal erfassten Daten durchgef\u00fchrt wird. 1.- Identit\u00e4t des Verantwortlichen f\u00fcr die Datenverarbeitung Der Verantwortliche f\u00fcr die personenbezogenen Daten, die auf der Webseite und den Subdomains von www.lloretdemar.org erfasst werden, ist: Lloret Turisme, LLORET FUTUR, S.ASteuernummer: A-17354333Av. Alegries, 3. 17310 - Lloret&hellip;\" \/>\n<meta property=\"og:url\" content=\"https:\/\/lloretdemar.org\/de\/datenschutzpolitik\/\" \/>\n<meta property=\"og:site_name\" content=\"Lloret de Mar\" \/>\n<meta property=\"article:publisher\" content=\"https:\/\/www.facebook.com\/Lloretturisme\" \/>\n<meta property=\"article:modified_time\" content=\"2020-05-21T09:58:30+00:00\" \/>\n<meta property=\"og:image\" content=\"https:\/\/lloretdemar.org\/wp-content\/uploads\/2020\/03\/Capcalera-e1600338708928.jpg\" \/>\n\t<meta property=\"og:image:width\" content=\"1920\" \/>\n\t<meta property=\"og:image:height\" content=\"885\" \/>\n\t<meta property=\"og:image:type\" content=\"image\/jpeg\" \/>\n<meta name=\"twitter:card\" content=\"summary_large_image\" \/>\n<meta name=\"twitter:site\" content=\"@lloretturisme\" \/>\n<meta name=\"twitter:label1\" content=\"Gesch\u00e4tzte Lesezeit\" \/>\n\t<meta name=\"twitter:data1\" content=\"5\u00a0Minuten\" \/>\n<script type=\"application\/ld+json\" class=\"yoast-schema-graph\">{\"@context\":\"https:\\\/\\\/schema.org\",\"@graph\":[{\"@type\":\"WebPage\",\"@id\":\"https:\\\/\\\/lloretdemar.org\\\/de\\\/datenschutzpolitik\\\/\",\"url\":\"https:\\\/\\\/lloretdemar.org\\\/de\\\/datenschutzpolitik\\\/\",\"name\":\"Datenschutzpolitik - Lloret de Mar\",\"isPartOf\":{\"@id\":\"https:\\\/\\\/lloretdemar.org\\\/de\\\/#website\"},\"datePublished\":\"2020-03-06T12:38:50+00:00\",\"dateModified\":\"2020-05-21T09:58:30+00:00\",\"description\":\"Lloret de Mar\",\"breadcrumb\":{\"@id\":\"https:\\\/\\\/lloretdemar.org\\\/de\\\/datenschutzpolitik\\\/#breadcrumb\"},\"inLanguage\":\"de\",\"potentialAction\":[{\"@type\":\"ReadAction\",\"target\":[\"https:\\\/\\\/lloretdemar.org\\\/de\\\/datenschutzpolitik\\\/\"]}]},{\"@type\":\"BreadcrumbList\",\"@id\":\"https:\\\/\\\/lloretdemar.org\\\/de\\\/datenschutzpolitik\\\/#breadcrumb\",\"itemListElement\":[{\"@type\":\"ListItem\",\"position\":1,\"name\":\"Home\",\"item\":\"https:\\\/\\\/lloretdemar.org\\\/de\\\/\"},{\"@type\":\"ListItem\",\"position\":2,\"name\":\"Datenschutzpolitik\"}]},{\"@type\":\"WebSite\",\"@id\":\"https:\\\/\\\/lloretdemar.org\\\/de\\\/#website\",\"url\":\"https:\\\/\\\/lloretdemar.org\\\/de\\\/\",\"name\":\"Lloret de Mar\",\"description\":\"\",\"publisher\":{\"@id\":\"https:\\\/\\\/lloretdemar.org\\\/de\\\/#organization\"},\"potentialAction\":[{\"@type\":\"SearchAction\",\"target\":{\"@type\":\"EntryPoint\",\"urlTemplate\":\"https:\\\/\\\/lloretdemar.org\\\/de\\\/?s={search_term_string}\"},\"query-input\":{\"@type\":\"PropertyValueSpecification\",\"valueRequired\":true,\"valueName\":\"search_term_string\"}}],\"inLanguage\":\"de\"},{\"@type\":\"Organization\",\"@id\":\"https:\\\/\\\/lloretdemar.org\\\/de\\\/#organization\",\"name\":\"Lloret de Mar\",\"url\":\"https:\\\/\\\/lloretdemar.org\\\/de\\\/\",\"logo\":{\"@type\":\"ImageObject\",\"inLanguage\":\"de\",\"@id\":\"https:\\\/\\\/lloretdemar.org\\\/de\\\/#\\\/schema\\\/logo\\\/image\\\/\",\"url\":\"https:\\\/\\\/lloretdemar.org\\\/wp-content\\\/uploads\\\/2020\\\/05\\\/lloret-de-mar-logo.png\",\"contentUrl\":\"https:\\\/\\\/lloretdemar.org\\\/wp-content\\\/uploads\\\/2020\\\/05\\\/lloret-de-mar-logo.png\",\"width\":87,\"height\":38,\"caption\":\"Lloret de Mar\"},\"image\":{\"@id\":\"https:\\\/\\\/lloretdemar.org\\\/de\\\/#\\\/schema\\\/logo\\\/image\\\/\"},\"sameAs\":[\"https:\\\/\\\/www.facebook.com\\\/Lloretturisme\",\"https:\\\/\\\/x.com\\\/lloretturisme\",\"https:\\\/\\\/instagram.com\\\/lloretturisme\",\"https:\\\/\\\/www.youtube.com\\\/LloretTurisme\"]}]}<\/script>\n<!-- \/ Yoast SEO plugin. -->","yoast_head_json":{"title":"Datenschutzpolitik - Lloret de Mar","description":"Diese Datenschutzpolitik regelt die Datenverarbeitung, die von Lloret Futur, S.A mit den auf ihrem Webportal erfassten Daten durchgef\u00fchrt wird. 1.- Identit\u00e4t des Verantwortlichen f\u00fcr die Datenverarbeitung Der Verantwortliche f\u00fcr die personenbezogenen Daten, die auf der Webseite und den Subdomains von www.lloretdemar.org erfasst werden, ist: Lloret Turisme, LLORET FUTUR, S.ASteuernummer: A-17354333Av. Alegries, 3. 17310 - Lloret&hellip;","robots":{"index":"noindex","follow":"nofollow"},"og_locale":"de_DE","og_type":"article","og_title":"Datenschutzpolitik - Lloret de Mar","og_description":"Diese Datenschutzpolitik regelt die Datenverarbeitung, die von Lloret Futur, S.A mit den auf ihrem Webportal erfassten Daten durchgef\u00fchrt wird. 1.- Identit\u00e4t des Verantwortlichen f\u00fcr die Datenverarbeitung Der Verantwortliche f\u00fcr die personenbezogenen Daten, die auf der Webseite und den Subdomains von www.lloretdemar.org erfasst werden, ist: Lloret Turisme, LLORET FUTUR, S.ASteuernummer: A-17354333Av. Alegries, 3. 17310 - Lloret&hellip;","og_url":"https:\/\/lloretdemar.org\/de\/datenschutzpolitik\/","og_site_name":"Lloret de Mar","article_publisher":"https:\/\/www.facebook.com\/Lloretturisme","article_modified_time":"2020-05-21T09:58:30+00:00","og_image":[{"width":1920,"height":885,"url":"https:\/\/lloretdemar.org\/wp-content\/uploads\/2020\/03\/Capcalera-e1600338708928.jpg","type":"image\/jpeg"}],"twitter_card":"summary_large_image","twitter_site":"@lloretturisme","twitter_misc":{"Gesch\u00e4tzte Lesezeit":"5\u00a0Minuten"},"schema":{"@context":"https:\/\/schema.org","@graph":[{"@type":"WebPage","@id":"https:\/\/lloretdemar.org\/de\/datenschutzpolitik\/","url":"https:\/\/lloretdemar.org\/de\/datenschutzpolitik\/","name":"Datenschutzpolitik - Lloret de Mar","isPartOf":{"@id":"https:\/\/lloretdemar.org\/de\/#website"},"datePublished":"2020-03-06T12:38:50+00:00","dateModified":"2020-05-21T09:58:30+00:00","description":"Lloret de Mar","breadcrumb":{"@id":"https:\/\/lloretdemar.org\/de\/datenschutzpolitik\/#breadcrumb"},"inLanguage":"de","potentialAction":[{"@type":"ReadAction","target":["https:\/\/lloretdemar.org\/de\/datenschutzpolitik\/"]}]},{"@type":"BreadcrumbList","@id":"https:\/\/lloretdemar.org\/de\/datenschutzpolitik\/#breadcrumb","itemListElement":[{"@type":"ListItem","position":1,"name":"Home","item":"https:\/\/lloretdemar.org\/de\/"},{"@type":"ListItem","position":2,"name":"Datenschutzpolitik"}]},{"@type":"WebSite","@id":"https:\/\/lloretdemar.org\/de\/#website","url":"https:\/\/lloretdemar.org\/de\/","name":"Lloret de Mar","description":"","publisher":{"@id":"https:\/\/lloretdemar.org\/de\/#organization"},"potentialAction":[{"@type":"SearchAction","target":{"@type":"EntryPoint","urlTemplate":"https:\/\/lloretdemar.org\/de\/?s={search_term_string}"},"query-input":{"@type":"PropertyValueSpecification","valueRequired":true,"valueName":"search_term_string"}}],"inLanguage":"de"},{"@type":"Organization","@id":"https:\/\/lloretdemar.org\/de\/#organization","name":"Lloret de Mar","url":"https:\/\/lloretdemar.org\/de\/","logo":{"@type":"ImageObject","inLanguage":"de","@id":"https:\/\/lloretdemar.org\/de\/#\/schema\/logo\/image\/","url":"https:\/\/lloretdemar.org\/wp-content\/uploads\/2020\/05\/lloret-de-mar-logo.png","contentUrl":"https:\/\/lloretdemar.org\/wp-content\/uploads\/2020\/05\/lloret-de-mar-logo.png","width":87,"height":38,"caption":"Lloret de Mar"},"image":{"@id":"https:\/\/lloretdemar.org\/de\/#\/schema\/logo\/image\/"},"sameAs":["https:\/\/www.facebook.com\/Lloretturisme","https:\/\/x.com\/lloretturisme","https:\/\/instagram.com\/lloretturisme","https:\/\/www.youtube.com\/LloretTurisme"]}]}},"_links":{"self":[{"href":"https:\/\/lloretdemar.org\/de\/wp-json\/wp\/v2\/pages\/17174","targetHints":{"allow":["GET"]}}],"collection":[{"href":"https:\/\/lloretdemar.org\/de\/wp-json\/wp\/v2\/pages"}],"about":[{"href":"https:\/\/lloretdemar.org\/de\/wp-json\/wp\/v2\/types\/page"}],"author":[{"embeddable":true,"href":"https:\/\/lloretdemar.org\/de\/wp-json\/wp\/v2\/users\/12"}],"replies":[{"embeddable":true,"href":"https:\/\/lloretdemar.org\/de\/wp-json\/wp\/v2\/comments?post=17174"}],"version-history":[{"count":0,"href":"https:\/\/lloretdemar.org\/de\/wp-json\/wp\/v2\/pages\/17174\/revisions"}],"wp:attachment":[{"href":"https:\/\/lloretdemar.org\/de\/wp-json\/wp\/v2\/media?parent=17174"}],"curies":[{"name":"wp","href":"https:\/\/api.w.org\/{rel}","templated":true}]}}