{"id":17150,"date":"2020-03-06T13:49:53","date_gmt":"2020-03-06T12:49:53","guid":{"rendered":"http:\/\/lloretdemar.org\/carta-de-serveis\/"},"modified":"2020-09-17T17:25:20","modified_gmt":"2020-09-17T15:25:20","slug":"liste-der-dienstleistungen","status":"publish","type":"page","link":"https:\/\/lloretdemar.org\/de\/liste-der-dienstleistungen\/","title":{"rendered":"Liste der Dienstleistungen"},"content":{"rendered":"\n<p><strong>Informieren und das Touristische Angebot von Lloret de Mar zur Verg\u00fcgung stellen.<br><\/strong>&#8211; Empfang, Betreuung und Information \u00fcber das Touristische Angebot von Lloret de Mar und umgebung in mehreren Sprachen Pers\u00f6nlich, Telefonisch oder per mail von<br>o Gastronomie und UnterKunft: Restaurants, Hotels, Campingpl\u00e4tze<br>o Verkehrsverbindungen: Eisenbahn, Strassen und Schiffverkerhrs usw.<br>o Nat\u00fcrliche Ressourcen und Kulturelles Erbe (Parks, St\u00e4nde, Freir\u00e4ume usw) Kulturelles Erbe ( Museen, Ausstellungen, Traditionen, Messen, Feativals, Tagungen Konferenzen und gastronomishe Veranstaltungen, Rouen usw) Architektonische Erbe ( Denkm\u00e4ler, einzigarte Geb\u00e4ude usw)<br>&#8211; Verantstaltungen, Freizeit, Kulturellen, Portlichen und Komerziellen Aktivit\u00e4ten: Wasserpark, Festivals, Konzerte, Theater, Sport (wasser, Abenteuer) und Sportberantstaltungen usw<br>o Dienst f\u00fcr neue Technologien. Dienst damit der Benutzer touristische Information mit technologische Werkzeuge erh\u00e4lt<br>o Kontaktbikdschirm 24 stunden, Im zentralen B\u00fcro Tourismus und Busbahnhof &#8211;  derzeit au\u00dfer Betrieb <br>o Wifi 24 stunden. Im zentralen B\u00fcro Tourismus un Meresmuseum B\u00fcro Tourismus.<br>o Tablet computer Im zentralen B\u00fcro Tourismus und Meresmuseum B\u00fcro Tourismus &#8211;  derzeit au\u00dfer Betrieb <br>o Dowloadm\u00f6glichkeiten. F\u00fcr Publikationen auf der Website: www.lloretdemar.org<br>&#8211; Beratung \u00fcber Verbraucher recht von Touristen, Berschwerden erhalen und weitergabe and die zust\u00e4ndige Stellen.<br>&#8211; Sammlung von Statistiken von Kunden Service<br>&#8211; Unterst\u00fctzng, Berantung, Koordination und F\u00f6rderung von Konferenzen (Busines Tourismus)<br>&#8211; Verwaltung des Lades des Museums un Fremdef\u00fchrer verkauft<br>&#8211; Koordination un Verwaltung von Elemente des Erbes<br>&#8211; Koordination und Verwaltung von Festivals in \u00f6ffentlichen R\u00e4umen <\/p>\n","protected":false},"excerpt":{"rendered":"<p>Informieren und das Touristische Angebot von Lloret de Mar zur Verg\u00fcgung stellen.&#8211; Empfang, Betreuung und Information \u00fcber das Touristische Angebot von Lloret de Mar und umgebung in mehreren Sprachen Pers\u00f6nlich, Telefonisch oder per mail vono Gastronomie und UnterKunft: Restaurants, Hotels, Campingpl\u00e4tzeo Verkehrsverbindungen: Eisenbahn, Strassen und Schiffverkerhrs usw.o Nat\u00fcrliche Ressourcen und Kulturelles Erbe (Parks, St\u00e4nde, Freir\u00e4ume [&hellip;]<\/p>\n","protected":false},"author":12,"featured_media":0,"parent":0,"menu_order":0,"comment_status":"closed","ping_status":"closed","template":"page-templates\/content-page.php","meta":{"_acf_changed":false,"content-type":"","footnotes":""},"class_list":["post-17150","page","type-page","status-publish","hentry"],"acf":{"banner_imatge":20027,"banner_titol":"","banner_subtitol":"","botons_blanc_o_negres":"defecte","banner_links":null,"apartats":null},"yoast_head":"<!-- This site is optimized with the Yoast SEO plugin v27.5 - https:\/\/yoast.com\/product\/yoast-seo-wordpress\/ -->\n<title>Liste der Dienstleistungen - Lloret de Mar<\/title>\n<meta name=\"description\" content=\"Informieren und das Touristische Angebot von Lloret de Mar zur Verg\u00fcgung stellen.- Empfang, Betreuung und Information \u00fcber das Touristische Angebot von Lloret de Mar und umgebung in mehreren Sprachen Pers\u00f6nlich, Telefonisch oder per mail vono Gastronomie und UnterKunft: Restaurants, Hotels, Campingpl\u00e4tzeo Verkehrsverbindungen: Eisenbahn, Strassen und Schiffverkerhrs usw.o Nat\u00fcrliche Ressourcen und Kulturelles Erbe (Parks, St\u00e4nde, Freir\u00e4ume&hellip;\" \/>\n<meta name=\"robots\" content=\"noindex, nofollow\" \/>\n<meta property=\"og:locale\" content=\"de_DE\" \/>\n<meta property=\"og:type\" content=\"article\" \/>\n<meta property=\"og:title\" content=\"Liste der Dienstleistungen - Lloret de Mar\" \/>\n<meta property=\"og:description\" content=\"Informieren und das Touristische Angebot von Lloret de Mar zur Verg\u00fcgung stellen.- Empfang, Betreuung und Information \u00fcber das Touristische Angebot von Lloret de Mar und umgebung in mehreren Sprachen Pers\u00f6nlich, Telefonisch oder per mail vono Gastronomie und UnterKunft: Restaurants, Hotels, Campingpl\u00e4tzeo Verkehrsverbindungen: Eisenbahn, Strassen und Schiffverkerhrs usw.o Nat\u00fcrliche Ressourcen und Kulturelles Erbe (Parks, St\u00e4nde, Freir\u00e4ume&hellip;\" \/>\n<meta property=\"og:url\" content=\"https:\/\/lloretdemar.org\/de\/liste-der-dienstleistungen\/\" \/>\n<meta property=\"og:site_name\" content=\"Lloret de Mar\" \/>\n<meta property=\"article:publisher\" content=\"https:\/\/www.facebook.com\/Lloretturisme\" \/>\n<meta property=\"article:modified_time\" content=\"2020-09-17T15:25:20+00:00\" \/>\n<meta property=\"og:image\" content=\"https:\/\/lloretdemar.org\/wp-content\/uploads\/2020\/09\/cap\u00e7alera.jpg\" \/>\n\t<meta property=\"og:image:width\" content=\"1920\" \/>\n\t<meta property=\"og:image:height\" content=\"885\" \/>\n\t<meta property=\"og:image:type\" content=\"image\/jpeg\" \/>\n<meta name=\"twitter:card\" content=\"summary_large_image\" \/>\n<meta name=\"twitter:site\" content=\"@lloretturisme\" \/>\n<meta name=\"twitter:label1\" content=\"Gesch\u00e4tzte Lesezeit\" \/>\n\t<meta name=\"twitter:data1\" content=\"1\u00a0Minute\" \/>\n<script type=\"application\/ld+json\" class=\"yoast-schema-graph\">{\"@context\":\"https:\\\/\\\/schema.org\",\"@graph\":[{\"@type\":\"WebPage\",\"@id\":\"https:\\\/\\\/lloretdemar.org\\\/de\\\/liste-der-dienstleistungen\\\/\",\"url\":\"https:\\\/\\\/lloretdemar.org\\\/de\\\/liste-der-dienstleistungen\\\/\",\"name\":\"Liste der Dienstleistungen - Lloret de Mar\",\"isPartOf\":{\"@id\":\"https:\\\/\\\/lloretdemar.org\\\/de\\\/#website\"},\"datePublished\":\"2020-03-06T12:49:53+00:00\",\"dateModified\":\"2020-09-17T15:25:20+00:00\",\"description\":\"Lloret de Mar\",\"breadcrumb\":{\"@id\":\"https:\\\/\\\/lloretdemar.org\\\/de\\\/liste-der-dienstleistungen\\\/#breadcrumb\"},\"inLanguage\":\"de\",\"potentialAction\":[{\"@type\":\"ReadAction\",\"target\":[\"https:\\\/\\\/lloretdemar.org\\\/de\\\/liste-der-dienstleistungen\\\/\"]}]},{\"@type\":\"BreadcrumbList\",\"@id\":\"https:\\\/\\\/lloretdemar.org\\\/de\\\/liste-der-dienstleistungen\\\/#breadcrumb\",\"itemListElement\":[{\"@type\":\"ListItem\",\"position\":1,\"name\":\"Home\",\"item\":\"https:\\\/\\\/lloretdemar.org\\\/de\\\/\"},{\"@type\":\"ListItem\",\"position\":2,\"name\":\"Liste der Dienstleistungen\"}]},{\"@type\":\"WebSite\",\"@id\":\"https:\\\/\\\/lloretdemar.org\\\/de\\\/#website\",\"url\":\"https:\\\/\\\/lloretdemar.org\\\/de\\\/\",\"name\":\"Lloret de Mar\",\"description\":\"\",\"publisher\":{\"@id\":\"https:\\\/\\\/lloretdemar.org\\\/de\\\/#organization\"},\"potentialAction\":[{\"@type\":\"SearchAction\",\"target\":{\"@type\":\"EntryPoint\",\"urlTemplate\":\"https:\\\/\\\/lloretdemar.org\\\/de\\\/?s={search_term_string}\"},\"query-input\":{\"@type\":\"PropertyValueSpecification\",\"valueRequired\":true,\"valueName\":\"search_term_string\"}}],\"inLanguage\":\"de\"},{\"@type\":\"Organization\",\"@id\":\"https:\\\/\\\/lloretdemar.org\\\/de\\\/#organization\",\"name\":\"Lloret de Mar\",\"url\":\"https:\\\/\\\/lloretdemar.org\\\/de\\\/\",\"logo\":{\"@type\":\"ImageObject\",\"inLanguage\":\"de\",\"@id\":\"https:\\\/\\\/lloretdemar.org\\\/de\\\/#\\\/schema\\\/logo\\\/image\\\/\",\"url\":\"https:\\\/\\\/lloretdemar.org\\\/wp-content\\\/uploads\\\/2020\\\/05\\\/lloret-de-mar-logo.png\",\"contentUrl\":\"https:\\\/\\\/lloretdemar.org\\\/wp-content\\\/uploads\\\/2020\\\/05\\\/lloret-de-mar-logo.png\",\"width\":87,\"height\":38,\"caption\":\"Lloret de Mar\"},\"image\":{\"@id\":\"https:\\\/\\\/lloretdemar.org\\\/de\\\/#\\\/schema\\\/logo\\\/image\\\/\"},\"sameAs\":[\"https:\\\/\\\/www.facebook.com\\\/Lloretturisme\",\"https:\\\/\\\/x.com\\\/lloretturisme\",\"https:\\\/\\\/instagram.com\\\/lloretturisme\",\"https:\\\/\\\/www.youtube.com\\\/LloretTurisme\"]}]}<\/script>\n<!-- \/ Yoast SEO plugin. -->","yoast_head_json":{"title":"Liste der Dienstleistungen - Lloret de Mar","description":"Informieren und das Touristische Angebot von Lloret de Mar zur Verg\u00fcgung stellen.- Empfang, Betreuung und Information \u00fcber das Touristische Angebot von Lloret de Mar und umgebung in mehreren Sprachen Pers\u00f6nlich, Telefonisch oder per mail vono Gastronomie und UnterKunft: Restaurants, Hotels, Campingpl\u00e4tzeo Verkehrsverbindungen: Eisenbahn, Strassen und Schiffverkerhrs usw.o Nat\u00fcrliche Ressourcen und Kulturelles Erbe (Parks, St\u00e4nde, Freir\u00e4ume&hellip;","robots":{"index":"noindex","follow":"nofollow"},"og_locale":"de_DE","og_type":"article","og_title":"Liste der Dienstleistungen - Lloret de Mar","og_description":"Informieren und das Touristische Angebot von Lloret de Mar zur Verg\u00fcgung stellen.- Empfang, Betreuung und Information \u00fcber das Touristische Angebot von Lloret de Mar und umgebung in mehreren Sprachen Pers\u00f6nlich, Telefonisch oder per mail vono Gastronomie und UnterKunft: Restaurants, Hotels, Campingpl\u00e4tzeo Verkehrsverbindungen: Eisenbahn, Strassen und Schiffverkerhrs usw.o Nat\u00fcrliche Ressourcen und Kulturelles Erbe (Parks, St\u00e4nde, Freir\u00e4ume&hellip;","og_url":"https:\/\/lloretdemar.org\/de\/liste-der-dienstleistungen\/","og_site_name":"Lloret de Mar","article_publisher":"https:\/\/www.facebook.com\/Lloretturisme","article_modified_time":"2020-09-17T15:25:20+00:00","og_image":[{"width":1920,"height":885,"url":"https:\/\/lloretdemar.org\/wp-content\/uploads\/2020\/09\/cap\u00e7alera.jpg","type":"image\/jpeg"}],"twitter_card":"summary_large_image","twitter_site":"@lloretturisme","twitter_misc":{"Gesch\u00e4tzte Lesezeit":"1\u00a0Minute"},"schema":{"@context":"https:\/\/schema.org","@graph":[{"@type":"WebPage","@id":"https:\/\/lloretdemar.org\/de\/liste-der-dienstleistungen\/","url":"https:\/\/lloretdemar.org\/de\/liste-der-dienstleistungen\/","name":"Liste der Dienstleistungen - Lloret de Mar","isPartOf":{"@id":"https:\/\/lloretdemar.org\/de\/#website"},"datePublished":"2020-03-06T12:49:53+00:00","dateModified":"2020-09-17T15:25:20+00:00","description":"Lloret de Mar","breadcrumb":{"@id":"https:\/\/lloretdemar.org\/de\/liste-der-dienstleistungen\/#breadcrumb"},"inLanguage":"de","potentialAction":[{"@type":"ReadAction","target":["https:\/\/lloretdemar.org\/de\/liste-der-dienstleistungen\/"]}]},{"@type":"BreadcrumbList","@id":"https:\/\/lloretdemar.org\/de\/liste-der-dienstleistungen\/#breadcrumb","itemListElement":[{"@type":"ListItem","position":1,"name":"Home","item":"https:\/\/lloretdemar.org\/de\/"},{"@type":"ListItem","position":2,"name":"Liste der Dienstleistungen"}]},{"@type":"WebSite","@id":"https:\/\/lloretdemar.org\/de\/#website","url":"https:\/\/lloretdemar.org\/de\/","name":"Lloret de Mar","description":"","publisher":{"@id":"https:\/\/lloretdemar.org\/de\/#organization"},"potentialAction":[{"@type":"SearchAction","target":{"@type":"EntryPoint","urlTemplate":"https:\/\/lloretdemar.org\/de\/?s={search_term_string}"},"query-input":{"@type":"PropertyValueSpecification","valueRequired":true,"valueName":"search_term_string"}}],"inLanguage":"de"},{"@type":"Organization","@id":"https:\/\/lloretdemar.org\/de\/#organization","name":"Lloret de Mar","url":"https:\/\/lloretdemar.org\/de\/","logo":{"@type":"ImageObject","inLanguage":"de","@id":"https:\/\/lloretdemar.org\/de\/#\/schema\/logo\/image\/","url":"https:\/\/lloretdemar.org\/wp-content\/uploads\/2020\/05\/lloret-de-mar-logo.png","contentUrl":"https:\/\/lloretdemar.org\/wp-content\/uploads\/2020\/05\/lloret-de-mar-logo.png","width":87,"height":38,"caption":"Lloret de Mar"},"image":{"@id":"https:\/\/lloretdemar.org\/de\/#\/schema\/logo\/image\/"},"sameAs":["https:\/\/www.facebook.com\/Lloretturisme","https:\/\/x.com\/lloretturisme","https:\/\/instagram.com\/lloretturisme","https:\/\/www.youtube.com\/LloretTurisme"]}]}},"_links":{"self":[{"href":"https:\/\/lloretdemar.org\/de\/wp-json\/wp\/v2\/pages\/17150","targetHints":{"allow":["GET"]}}],"collection":[{"href":"https:\/\/lloretdemar.org\/de\/wp-json\/wp\/v2\/pages"}],"about":[{"href":"https:\/\/lloretdemar.org\/de\/wp-json\/wp\/v2\/types\/page"}],"author":[{"embeddable":true,"href":"https:\/\/lloretdemar.org\/de\/wp-json\/wp\/v2\/users\/12"}],"replies":[{"embeddable":true,"href":"https:\/\/lloretdemar.org\/de\/wp-json\/wp\/v2\/comments?post=17150"}],"version-history":[{"count":0,"href":"https:\/\/lloretdemar.org\/de\/wp-json\/wp\/v2\/pages\/17150\/revisions"}],"wp:attachment":[{"href":"https:\/\/lloretdemar.org\/de\/wp-json\/wp\/v2\/media?parent=17150"}],"curies":[{"name":"wp","href":"https:\/\/api.w.org\/{rel}","templated":true}]}}