{"id":17125,"date":"2019-05-22T17:44:12","date_gmt":"2019-05-22T15:44:12","guid":{"rendered":"http:\/\/lloretdemar.org\/avis-legal\/"},"modified":"2024-03-04T12:52:23","modified_gmt":"2024-03-04T11:52:23","slug":"gesetzlicher-hinweis","status":"publish","type":"page","link":"https:\/\/lloretdemar.org\/de\/gesetzlicher-hinweis\/","title":{"rendered":"Gesetzlicher Hinweis"},"content":{"rendered":"\r\n<p><strong>ALLGEMEINE INFORMATIONEN IN AUSF\u00dcHRUNG DES GESETZES \u00dcBER DIENSTE DER INFORMATIONSGESELLSCHAFT UND DES ELEKTRONISCHEN GESCH\u00c4FTSVERKEHRS (LSSICE), GESETZ 34\/2002 VOM 12. OKTOBER.<br \/><\/strong><br \/>INHABERSCHAFT DER WEBSITE<br \/><br \/>Inhaber: Lloret Turisme, LLORET FUTUR, S.A<br \/>Firmensitz: Av. Alegries, 3. 17310\u00a0&#8211; Lloret de Mar<br \/>Telefon: 972 365 788<br \/>Fax: 972 367 750<br \/>E-Mail:\u00a0<a href=\"mailto:central-turisme@lloret.org\">central-turisme@lloret.cat<\/a><br \/>STEUERNUMMER: A-17354333<br \/>Band 568, Blatt 1, Seite GI-11097, 1. Eintragung.<br \/>Lloret Futur ist eine Kommunalgesellschaft der Stadtverwaltung von Lloret de Mar.<br \/><br \/><strong>ALLGEMEINE NUTZUNGSBEDINGUNGEN<\/strong><br \/><strong>LLORET TURISME<\/strong>\u00a0(LLORET FUTUR, S.A) hat diese Website eingerichtet, um m\u00f6glichen Besuchern von Lloret de Mar offizielle Informationen \u00fcber den Ort zur Verf\u00fcgung zu stellen.<br \/><br \/><strong>1. NUTZUNGSBESCHR\u00c4NKUNGEN<\/strong><br \/>Der Zugang zu diesem Portal ist kostenlos und das Anzeigen der Inhalte bedarf keines vorherigen Abonnements oder einer Registrierung. Davon ausgenommen sind die professionellen Bereiche.<br \/><br \/>Die Nutzer haben die in diesem Portal enthaltenen Informationen unter Einhaltung der in jedem Einzelfall geltenden Gesetze und unter Beachtung der Urheberrechte von\u00a0<strong>LLORET TURISME<\/strong>\u00a0beziehungsweise Dritter zu nutzen.<br \/><br \/>Der Nutzer darf im Rahmen der von\u00a0<strong>LLORET TURISME<\/strong>\u00a0angebotenen Dienste keine Handlungen ausf\u00fchren, die Sch\u00e4den oder \u00c4nderungen an den Inhalten nach sich ziehen oder die einwandfreie Funktionsweise der Website beeintr\u00e4chtigen k\u00f6nnen, noch technische Probleme jedweder Art verursachen, noch Elemente \u00fcbertragen, die m\u00f6glicherweise Computerviren enthalten und diese Website vollst\u00e4ndig oder teilweise sch\u00e4digen, beeintr\u00e4chtigen oder abfangen k\u00f6nnen, und darf die E-Mails anderer Nutzer weder beeintr\u00e4chtigen noch ver\u00e4ndern.\u00a0\u00a0\u00a0<br \/><br \/>In keinem Fall haftet<strong>\u00a0LLORET TURISME<\/strong>\u00a0f\u00fcr die unangemessene Nutzung dieses Portals oder seiner Inhalte oder f\u00fcr die Folgen, die sich aus dieser Nutzung ergeben k\u00f6nnen. Unter Beachtung der nachfolgenden Bedingungen ist es gestattet die Inhalte dieser Website zu drucken oder herunterzuladen:<\/p>\r\n\r\n\r\n\r\n<ul class=\"wp-block-list\">\r\n<li>Die Nutzung von Dokumenten und Grafiken dieser Website ist ausschlie\u00dflich pers\u00f6nlichen Informationszwecken vorbehalten und eine \u00c4nderung der Inhalte ist untersagt.<\/li>\r\n<li>Es ist nicht gestattet, diese ohne schriftliches Einverst\u00e4ndnis von\u00a0<strong>LLORET TURISME<\/strong>\u00a0auf anderen Websites oder in irgendeinem elektronischen oder sonstigen \u00f6ffentlichen oder privaten System wiederzugeben oder abzuspeichern.<\/li>\r\n<li>Es ist nicht gestattet, den Namen oder das Logo\u00a0<strong>LLORET TURISME\u00a0<\/strong>ohne schriftliches Einverst\u00e4ndnis von\u00a0<strong>LLORET TURISME<\/strong>\u00a0zu nutzen oder zu zeigen.<\/li>\r\n<li>Ein Teil dieser Website enth\u00e4lt Material, das\u00a0<strong>LLORET TURISME\u00a0<\/strong>von Dritten erhalten hat. Die besagten Dritten haften daf\u00fcr, dass das auf dieser Website eingestellte Material den nationalen und internationalen Gesetzen entspricht.\u00a0<strong>LLORET TURISME\u00a0<\/strong>gibt keine Gew\u00e4hr hinsichtlich der Genauigkeit und Richtigkeit dieses Materials und lehnt entschieden jegliche Haftung f\u00fcr Irrtum, Auslassung oder Unrichtigkeit des genannten Materials oder dessen falsche Auslegung sowie f\u00fcr Verluste, Misserfolge, Fahrl\u00e4ssigkeit oder Sch\u00e4den ab, die durch das Vertrauen auf die Inhalte dieser Seite entstehen k\u00f6nnen, oder durch Vers\u00e4umnisse oder vermeintliche Vers\u00e4umnisse hinsichtlich der Bereitstellung der genannten Dienste, oder im Falle von Konkurs, Liquidation oder Einstellung der Gesch\u00e4ftst\u00e4tigkeit aller dort genannten Unternehmen, nat\u00fcrlichen Personen oder Firmen. F\u00fcr das Best\u00e4tigen der Richtigkeit und die Berichtigung der Informationen sind die betreffenden Unternehmen verantwortlich.<\/li>\r\n<li><strong>LLORET TURISME<\/strong>\u00a0haftet nicht f\u00fcr Sch\u00e4den (einschlie\u00dflich, und unbegrenzt, Gesch\u00e4ftsverlust oder entgangenen Gewinn) aus Vertrag, Unrecht oder jeder anderen Handlung, die aus der Nutzung oder Unm\u00f6glichkeit der Nutzung der Website, aus dem auf dieser Website enthaltenen Material oder aus jeder Handlung oder Entscheidung entstehen, die auf der Nutzung dieser oder anderer Websites beruht.\u00a0\u00a0<\/li>\r\n<li><strong>LLORET TURISME<\/strong>\u00a0haftet nicht f\u00fcr die Inhalte anderer Websites, die mit der Website von\u00a0<strong>LLORET TURISME<\/strong>\u00a0verlinkt sind. Diese Links werden \u201ewie gesehen\u201c f\u00fcr den Nutzerkomfort zur Verf\u00fcgung gestellt und beinhalten keinerlei ausdr\u00fcckliche oder implizite Gew\u00e4hr hinsichtlich der darin enthaltenen Informationen.\u00a0<\/li>\r\n<\/ul>\r\n\r\n\r\n\r\n<p><strong>2. HAFTUNGSBEGRENZUNG<\/strong><br \/>LLORET TURISME garantiert weder die Funktionsf\u00e4higkeit ihrer Website noch die Vollst\u00e4ndigkeit, Richtigkeit oder Verl\u00e4sslichkeit der eingestellten Inhalte zu jedem Zeitpunkt.\u00a0<strong>LLORET TURISME<\/strong>\u00a0beh\u00e4lt sich das Recht vor, die Inhalte und die allgemeinen Zugangsbedingungen dieser Website jederzeit ohne Vorank\u00fcndigung zu \u00e4ndern.<br \/><br \/>F\u00fcr Arbeiten zur Wartung, Reparatur, Aktualisierung und Verbesserung der Dienste hat\u00a0<strong>LLORET TURISME<\/strong>\u00a0das Recht, den Zugriff auf diese Website zeitweise und ohne Vorank\u00fcndigung auszusetzen und sich das Recht auf Erbringung und Aufhebung der Dienstleistungen vorzubehalten. Dessen ungeachtet wird versucht, die Nutzer dar\u00fcber in Kenntnis zu setzen, sofern die Umst\u00e4nde dies erm\u00f6glichen.<br \/><br \/>Damit wird die Haftung f\u00fcr Sch\u00e4den jeglicher Art ausgeschlossen, die sich aus der Nichtverf\u00fcgbarkeit oder fehlenden Aufrechterhaltung der Website, der darauf angebotenen Dienste und der m\u00f6glichen Zweckm\u00e4\u00dfigkeit dieser Website f\u00fcr die Nutzer ergeben.<br \/>Lloret Turisme \u2013 Lloret Futur S.A. stellt auf der eigenen Website eine ganze Reihe von Links zu den Websites eigener Kunden und Lieferanten ein, die lediglich dazu dienen, die von ihnen beauftragten Arbeiten zu bewerben. Lloret Turisme \u2013 Lloret Futur S.A. haftet nicht f\u00fcr die kommerziellen Informationen dieser Websites oder f\u00fcr jegliche Dienstleistungen oder die Praktiken, die mit den verlinkten Webseiten verbunden sind oder damit im Zusammenhang stehen.<\/p>\r\n\r\n\r\n\r\n<p><strong>3. DATENSCHUTZ- UND COOKIERERKL\u00c4RUNG<\/strong><br \/><strong>LLORET TURISME<\/strong>\u00a0beschr\u00e4nkt die Verarbeitung Ihrer Daten lediglich und ausschlie\u00dflich auf die in Anspruch genommenen Dienstleistungen und im Rahmen der eigenen Befugnisse laut den geltenden Bestimmungen zum Datenschutz und zur Informationsgesellschaft. Die Nutzung personenbezogener Daten hat vertraulichen Charakter.<br \/>Weitere Informationen zur von uns vorgenommenen Verarbeitung der Daten finden Sie in unserer Datenschutzerkl\u00e4rung.<br \/>Unsere Website setzt Cookies zur Verbesserung des Benutzerservice ein. Informationen zu den verwendeten Cookies und wie Sie diese deaktivieren k\u00f6nnen finden Sie in unserer Cookieerkl\u00e4rung.<\/p>\r\n\r\n\r\n\r\n<p><strong>4. SONSTIGE BEDINGUNGEN<\/strong><br \/>F\u00fcr diese Allgemeinen Nutzungsbedingungen und s\u00e4mtliche zwischen dem Nutzer und\u00a0<strong>LLORET TURISME<\/strong>\u00a0entstehenden Beziehungen gilt das spanische Gesetz. Die Nutzung der Website beinhaltet die Annahme der vorgenannten Allgemeinen Nutzungsbedingungen.<\/p>\r\n\r\n\r\n\r\n<p>Diese Website wurde von\u00a0<strong>LLORET TURISME<\/strong>\u00a0erstellt und entwickelt.<br \/><br \/>Bei Fragen wenden Sie sich bitte an\u00a0<strong>LLORET TURISME<\/strong>, per E-Mail an\u00a0<a href=\"mailto:lloret-turisme@lloret.org\">lloret-turisme@lloret.org<\/a>\u00a0oder telefonisch an die Nummer 972 365 788<\/p>\r\n\r\n\r\n\r\n<p><strong>5.- ZUS\u00c4TZLICHE INFORMATIONEN ZUR VERARBEITUNG PERSONENBEZOGENER DATEN.<\/strong><br \/>Wenn Sie weitere Informationen \u00fcber die Verarbeitung personenbezogener Daten durch Lloret Futur w\u00fcnschen, k\u00f6nnen Sie sich an den Datenschutzbeauftragten unter der E-Mail-Adresse <a href=\"mailto:dpd@lloret.cat\">dpd@lloret.cat<\/a> oder per Post an den Datenschutzbeauftragten von Lloret de . wenden Stadtrat von Mar, Pla\u00e7a de la Vila, 1 &#8211; 17310 Lloret de Mar.<\/p>\r\n","protected":false},"excerpt":{"rendered":"<p>ALLGEMEINE INFORMATIONEN IN AUSF\u00dcHRUNG DES GESETZES \u00dcBER DIENSTE DER INFORMATIONSGESELLSCHAFT UND DES ELEKTRONISCHEN GESCH\u00c4FTSVERKEHRS (LSSICE), GESETZ 34\/2002 VOM 12. OKTOBER.INHABERSCHAFT DER WEBSITE Inhaber: Lloret Turisme, LLORET FUTUR, S.AFirmensitz: Av. Alegries, 3. 17310\u00a0&#8211; Lloret de MarTelefon: 972 365 788Fax: 972 367 750E-Mail:\u00a0central-turisme@lloret.catSTEUERNUMMER: A-17354333Band 568, Blatt 1, Seite GI-11097, 1. Eintragung.Lloret Futur ist eine Kommunalgesellschaft der Stadtverwaltung [&hellip;]<\/p>\n","protected":false},"author":12,"featured_media":0,"parent":0,"menu_order":0,"comment_status":"closed","ping_status":"open","template":"page-templates\/content-page.php","meta":{"_acf_changed":false,"content-type":"","footnotes":""},"class_list":["post-17125","page","type-page","status-publish","hentry"],"acf":{"banner_imatge":20027,"banner_titol":"","banner_subtitol":"Gesetzlicher Hinweis","botons_blanc_o_negres":"defecte","banner_links":null,"apartats":null},"yoast_head":"<!-- This site is optimized with the Yoast SEO plugin v27.5 - https:\/\/yoast.com\/product\/yoast-seo-wordpress\/ -->\n<title>Gesetzlicher Hinweis - Lloret de Mar<\/title>\n<meta name=\"description\" content=\"ALLGEMEINE INFORMATIONEN IN AUSF\u00dcHRUNG DES GESETZES \u00dcBER DIENSTE DER INFORMATIONSGESELLSCHAFT UND DES ELEKTRONISCHEN GESCH\u00c4FTSVERKEHRS (LSSICE), GESETZ 34\/2002 VOM 12. OKTOBER.INHABERSCHAFT DER WEBSITEInhaber: Lloret Turisme, LLORET FUTUR, S.AFirmensitz: Av. Alegries, 3. 17310\u00a0- Lloret de MarTelefon: 972 365 788Fax: 972 367 750E-Mail:\u00a0central-turisme@lloret.catSTEUERNUMMER: A-17354333Band 568, Blatt 1, Seite GI-11097, 1. Eintragung.Lloret Futur ist eine Kommunalgesellschaft der Stadtverwaltung von&hellip;\" \/>\n<meta name=\"robots\" content=\"noindex, nofollow\" \/>\n<meta property=\"og:locale\" content=\"de_DE\" \/>\n<meta property=\"og:type\" content=\"article\" \/>\n<meta property=\"og:title\" content=\"Gesetzlicher Hinweis - Lloret de Mar\" \/>\n<meta property=\"og:description\" content=\"ALLGEMEINE INFORMATIONEN IN AUSF\u00dcHRUNG DES GESETZES \u00dcBER DIENSTE DER INFORMATIONSGESELLSCHAFT UND DES ELEKTRONISCHEN GESCH\u00c4FTSVERKEHRS (LSSICE), GESETZ 34\/2002 VOM 12. OKTOBER.INHABERSCHAFT DER WEBSITEInhaber: Lloret Turisme, LLORET FUTUR, S.AFirmensitz: Av. Alegries, 3. 17310\u00a0- Lloret de MarTelefon: 972 365 788Fax: 972 367 750E-Mail:\u00a0central-turisme@lloret.catSTEUERNUMMER: A-17354333Band 568, Blatt 1, Seite GI-11097, 1. Eintragung.Lloret Futur ist eine Kommunalgesellschaft der Stadtverwaltung von&hellip;\" \/>\n<meta property=\"og:url\" content=\"https:\/\/lloretdemar.org\/de\/gesetzlicher-hinweis\/\" \/>\n<meta property=\"og:site_name\" content=\"Lloret de Mar\" \/>\n<meta property=\"article:publisher\" content=\"https:\/\/www.facebook.com\/Lloretturisme\" \/>\n<meta property=\"article:modified_time\" content=\"2024-03-04T11:52:23+00:00\" \/>\n<meta property=\"og:image\" content=\"https:\/\/lloretdemar.org\/wp-content\/uploads\/2020\/09\/cap\u00e7alera.jpg\" \/>\n\t<meta property=\"og:image:width\" content=\"1920\" \/>\n\t<meta property=\"og:image:height\" content=\"885\" \/>\n\t<meta property=\"og:image:type\" content=\"image\/jpeg\" \/>\n<meta name=\"twitter:card\" content=\"summary_large_image\" \/>\n<meta name=\"twitter:site\" content=\"@lloretturisme\" \/>\n<meta name=\"twitter:label1\" content=\"Gesch\u00e4tzte Lesezeit\" \/>\n\t<meta name=\"twitter:data1\" content=\"5\u00a0Minuten\" \/>\n<script type=\"application\/ld+json\" class=\"yoast-schema-graph\">{\"@context\":\"https:\\\/\\\/schema.org\",\"@graph\":[{\"@type\":\"WebPage\",\"@id\":\"https:\\\/\\\/lloretdemar.org\\\/de\\\/gesetzlicher-hinweis\\\/\",\"url\":\"https:\\\/\\\/lloretdemar.org\\\/de\\\/gesetzlicher-hinweis\\\/\",\"name\":\"Gesetzlicher Hinweis - Lloret de Mar\",\"isPartOf\":{\"@id\":\"https:\\\/\\\/lloretdemar.org\\\/de\\\/#website\"},\"datePublished\":\"2019-05-22T15:44:12+00:00\",\"dateModified\":\"2024-03-04T11:52:23+00:00\",\"description\":\"Lloret de Mar\",\"breadcrumb\":{\"@id\":\"https:\\\/\\\/lloretdemar.org\\\/de\\\/gesetzlicher-hinweis\\\/#breadcrumb\"},\"inLanguage\":\"de\",\"potentialAction\":[{\"@type\":\"ReadAction\",\"target\":[\"https:\\\/\\\/lloretdemar.org\\\/de\\\/gesetzlicher-hinweis\\\/\"]}]},{\"@type\":\"BreadcrumbList\",\"@id\":\"https:\\\/\\\/lloretdemar.org\\\/de\\\/gesetzlicher-hinweis\\\/#breadcrumb\",\"itemListElement\":[{\"@type\":\"ListItem\",\"position\":1,\"name\":\"Home\",\"item\":\"https:\\\/\\\/lloretdemar.org\\\/de\\\/\"},{\"@type\":\"ListItem\",\"position\":2,\"name\":\"Gesetzlicher Hinweis\"}]},{\"@type\":\"WebSite\",\"@id\":\"https:\\\/\\\/lloretdemar.org\\\/de\\\/#website\",\"url\":\"https:\\\/\\\/lloretdemar.org\\\/de\\\/\",\"name\":\"Lloret de Mar\",\"description\":\"\",\"publisher\":{\"@id\":\"https:\\\/\\\/lloretdemar.org\\\/de\\\/#organization\"},\"potentialAction\":[{\"@type\":\"SearchAction\",\"target\":{\"@type\":\"EntryPoint\",\"urlTemplate\":\"https:\\\/\\\/lloretdemar.org\\\/de\\\/?s={search_term_string}\"},\"query-input\":{\"@type\":\"PropertyValueSpecification\",\"valueRequired\":true,\"valueName\":\"search_term_string\"}}],\"inLanguage\":\"de\"},{\"@type\":\"Organization\",\"@id\":\"https:\\\/\\\/lloretdemar.org\\\/de\\\/#organization\",\"name\":\"Lloret de Mar\",\"url\":\"https:\\\/\\\/lloretdemar.org\\\/de\\\/\",\"logo\":{\"@type\":\"ImageObject\",\"inLanguage\":\"de\",\"@id\":\"https:\\\/\\\/lloretdemar.org\\\/de\\\/#\\\/schema\\\/logo\\\/image\\\/\",\"url\":\"https:\\\/\\\/lloretdemar.org\\\/wp-content\\\/uploads\\\/2020\\\/05\\\/lloret-de-mar-logo.png\",\"contentUrl\":\"https:\\\/\\\/lloretdemar.org\\\/wp-content\\\/uploads\\\/2020\\\/05\\\/lloret-de-mar-logo.png\",\"width\":87,\"height\":38,\"caption\":\"Lloret de Mar\"},\"image\":{\"@id\":\"https:\\\/\\\/lloretdemar.org\\\/de\\\/#\\\/schema\\\/logo\\\/image\\\/\"},\"sameAs\":[\"https:\\\/\\\/www.facebook.com\\\/Lloretturisme\",\"https:\\\/\\\/x.com\\\/lloretturisme\",\"https:\\\/\\\/instagram.com\\\/lloretturisme\",\"https:\\\/\\\/www.youtube.com\\\/LloretTurisme\"]}]}<\/script>\n<!-- \/ Yoast SEO plugin. -->","yoast_head_json":{"title":"Gesetzlicher Hinweis - Lloret de Mar","description":"ALLGEMEINE INFORMATIONEN IN AUSF\u00dcHRUNG DES GESETZES \u00dcBER DIENSTE DER INFORMATIONSGESELLSCHAFT UND DES ELEKTRONISCHEN GESCH\u00c4FTSVERKEHRS (LSSICE), GESETZ 34\/2002 VOM 12. OKTOBER.INHABERSCHAFT DER WEBSITEInhaber: Lloret Turisme, LLORET FUTUR, S.AFirmensitz: Av. Alegries, 3. 17310\u00a0- Lloret de MarTelefon: 972 365 788Fax: 972 367 750E-Mail:\u00a0central-turisme@lloret.catSTEUERNUMMER: A-17354333Band 568, Blatt 1, Seite GI-11097, 1. Eintragung.Lloret Futur ist eine Kommunalgesellschaft der Stadtverwaltung von&hellip;","robots":{"index":"noindex","follow":"nofollow"},"og_locale":"de_DE","og_type":"article","og_title":"Gesetzlicher Hinweis - Lloret de Mar","og_description":"ALLGEMEINE INFORMATIONEN IN AUSF\u00dcHRUNG DES GESETZES \u00dcBER DIENSTE DER INFORMATIONSGESELLSCHAFT UND DES ELEKTRONISCHEN GESCH\u00c4FTSVERKEHRS (LSSICE), GESETZ 34\/2002 VOM 12. OKTOBER.INHABERSCHAFT DER WEBSITEInhaber: Lloret Turisme, LLORET FUTUR, S.AFirmensitz: Av. Alegries, 3. 17310\u00a0- Lloret de MarTelefon: 972 365 788Fax: 972 367 750E-Mail:\u00a0central-turisme@lloret.catSTEUERNUMMER: A-17354333Band 568, Blatt 1, Seite GI-11097, 1. Eintragung.Lloret Futur ist eine Kommunalgesellschaft der Stadtverwaltung von&hellip;","og_url":"https:\/\/lloretdemar.org\/de\/gesetzlicher-hinweis\/","og_site_name":"Lloret de Mar","article_publisher":"https:\/\/www.facebook.com\/Lloretturisme","article_modified_time":"2024-03-04T11:52:23+00:00","og_image":[{"width":1920,"height":885,"url":"https:\/\/lloretdemar.org\/wp-content\/uploads\/2020\/09\/cap\u00e7alera.jpg","type":"image\/jpeg"}],"twitter_card":"summary_large_image","twitter_site":"@lloretturisme","twitter_misc":{"Gesch\u00e4tzte Lesezeit":"5\u00a0Minuten"},"schema":{"@context":"https:\/\/schema.org","@graph":[{"@type":"WebPage","@id":"https:\/\/lloretdemar.org\/de\/gesetzlicher-hinweis\/","url":"https:\/\/lloretdemar.org\/de\/gesetzlicher-hinweis\/","name":"Gesetzlicher Hinweis - Lloret de Mar","isPartOf":{"@id":"https:\/\/lloretdemar.org\/de\/#website"},"datePublished":"2019-05-22T15:44:12+00:00","dateModified":"2024-03-04T11:52:23+00:00","description":"Lloret de Mar","breadcrumb":{"@id":"https:\/\/lloretdemar.org\/de\/gesetzlicher-hinweis\/#breadcrumb"},"inLanguage":"de","potentialAction":[{"@type":"ReadAction","target":["https:\/\/lloretdemar.org\/de\/gesetzlicher-hinweis\/"]}]},{"@type":"BreadcrumbList","@id":"https:\/\/lloretdemar.org\/de\/gesetzlicher-hinweis\/#breadcrumb","itemListElement":[{"@type":"ListItem","position":1,"name":"Home","item":"https:\/\/lloretdemar.org\/de\/"},{"@type":"ListItem","position":2,"name":"Gesetzlicher Hinweis"}]},{"@type":"WebSite","@id":"https:\/\/lloretdemar.org\/de\/#website","url":"https:\/\/lloretdemar.org\/de\/","name":"Lloret de Mar","description":"","publisher":{"@id":"https:\/\/lloretdemar.org\/de\/#organization"},"potentialAction":[{"@type":"SearchAction","target":{"@type":"EntryPoint","urlTemplate":"https:\/\/lloretdemar.org\/de\/?s={search_term_string}"},"query-input":{"@type":"PropertyValueSpecification","valueRequired":true,"valueName":"search_term_string"}}],"inLanguage":"de"},{"@type":"Organization","@id":"https:\/\/lloretdemar.org\/de\/#organization","name":"Lloret de Mar","url":"https:\/\/lloretdemar.org\/de\/","logo":{"@type":"ImageObject","inLanguage":"de","@id":"https:\/\/lloretdemar.org\/de\/#\/schema\/logo\/image\/","url":"https:\/\/lloretdemar.org\/wp-content\/uploads\/2020\/05\/lloret-de-mar-logo.png","contentUrl":"https:\/\/lloretdemar.org\/wp-content\/uploads\/2020\/05\/lloret-de-mar-logo.png","width":87,"height":38,"caption":"Lloret de Mar"},"image":{"@id":"https:\/\/lloretdemar.org\/de\/#\/schema\/logo\/image\/"},"sameAs":["https:\/\/www.facebook.com\/Lloretturisme","https:\/\/x.com\/lloretturisme","https:\/\/instagram.com\/lloretturisme","https:\/\/www.youtube.com\/LloretTurisme"]}]}},"_links":{"self":[{"href":"https:\/\/lloretdemar.org\/de\/wp-json\/wp\/v2\/pages\/17125","targetHints":{"allow":["GET"]}}],"collection":[{"href":"https:\/\/lloretdemar.org\/de\/wp-json\/wp\/v2\/pages"}],"about":[{"href":"https:\/\/lloretdemar.org\/de\/wp-json\/wp\/v2\/types\/page"}],"author":[{"embeddable":true,"href":"https:\/\/lloretdemar.org\/de\/wp-json\/wp\/v2\/users\/12"}],"replies":[{"embeddable":true,"href":"https:\/\/lloretdemar.org\/de\/wp-json\/wp\/v2\/comments?post=17125"}],"version-history":[{"count":2,"href":"https:\/\/lloretdemar.org\/de\/wp-json\/wp\/v2\/pages\/17125\/revisions"}],"predecessor-version":[{"id":36150,"href":"https:\/\/lloretdemar.org\/de\/wp-json\/wp\/v2\/pages\/17125\/revisions\/36150"}],"wp:attachment":[{"href":"https:\/\/lloretdemar.org\/de\/wp-json\/wp\/v2\/media?parent=17125"}],"curies":[{"name":"wp","href":"https:\/\/api.w.org\/{rel}","templated":true}]}}