{"id":15746,"date":"2020-03-30T13:53:55","date_gmt":"2020-03-30T11:53:55","guid":{"rendered":"http:\/\/lloretdemar.org\/esdeveniments\/"},"modified":"2024-09-24T10:07:27","modified_gmt":"2024-09-24T08:07:27","slug":"veranstaltungshighlights","status":"publish","type":"page","link":"https:\/\/lloretdemar.org\/de\/veranstaltungshighlights\/","title":{"rendered":"Veranstaltungshighlights"},"content":{"rendered":"","protected":false},"excerpt":{"rendered":"","protected":false},"author":3,"featured_media":0,"parent":0,"menu_order":0,"comment_status":"closed","ping_status":"closed","template":"page-templates\/mouret-15.php","meta":{"_acf_changed":false,"content-type":"","footnotes":""},"class_list":["post-15746","page","type-page","status-publish","hentry"],"acf":{"banner_imatge":9711,"banner_titol":"Veranstaltungshighlights","banner_subtitol":"","botons_blanc_o_negres":"defecte","banner_links":[{"es_post":false,"banner_link":{"title":"Lloret Outdoor Summer Festival","url":"https:\/\/lloretdemar.org\/activitat\/lloret-outdoor-summer-festival\/","target":""},"link_intern":"","link_intern_titol":"Som de Mar"},{"es_post":false,"banner_link":{"title":"Clon Festival","url":"https:\/\/lloretdemar.org\/de\/activitat\/clon-festival\/","target":""},"link_intern":null,"link_intern_titol":""},{"es_post":false,"banner_link":{"title":"Messe der Amerikaner","url":"https:\/\/lloretdemar.org\/de\/veranstaltungshighlights\/","target":""},"link_intern":null,"link_intern_titol":""},{"es_post":false,"banner_link":{"title":"Feria Medieval (Mittelaltermarkt)","url":"https:\/\/lloretdemar.org\/de\/veranstaltungshighlights\/","target":""},"link_intern":null,"link_intern_titol":""},{"es_post":false,"banner_link":{"title":"Karneval","url":"https:\/\/lloretdemar.org\/de\/veranstaltungshighlights\/","target":""},"link_intern":null,"link_intern_titol":""}],"blocs":[{"titol":"Lloret Outdoor  Summer Festival","descripcio":"Erleben Sie jeden Sommer die Vielfalt der Auff\u00fchrungen des Lloret Outdoor Summer Festival, ein Open-Air-Festival, das sein Publikum mit kostenlosen Shows unterh\u00e4lt.","imatge":9690,"es_enllac_intern_o_extern":"intern","link_intern":{"title":"Weitere Info","url":"https:\/\/lloretdemar.org\/de\/activitat\/lloret-outdoor-summer-festival\/","target":""},"link_extern":"","link_extern_text":""},{"titol":"Clon Festival","descripcio":"Jedes Jahr wird die Stadt Lloret de Mar zum Gastgeber des sommerlichen Musikfestivals Festival Clon.","imatge":9564,"es_enllac_intern_o_extern":"intern","link_intern":{"title":"Weitere Info","url":"https:\/\/lloretdemar.org\/de\/activitat\/clon-festival\/","target":""},"link_extern":"","link_extern_text":""},{"titol":"Messe der Amerikaner","descripcio":"Lloret de Mar ist Erbe eines wichtigen historischen, kulturellen und sozialen Verm\u00e4chtnisses der \u201eIndianos\u201c. Das Festival der \u201eIndianos\u201c soll eine Reise in die Vergangenheit sein, um der Epoche und ihren Menschen zu gedenken.\r\n\r\nWenn Sie das Festival Fira dels Americanos besuchen, reisen Sie in die Vergangenheit. Hier k\u00f6nnen Sie Handwerksvorf\u00fchrungen, Theaterauff\u00fchrungen, Handwerkerm\u00e4rkte, Ausstellungen mit Produkten aus \u00dcbersee, Stadtf\u00fchrungen zum Kennenlernen des k\u00fcnstlerischen Verm\u00e4chtnisses der \u201eIndianos\u201c, Konzerte, Rumverkostungen und Daiquiri-Workshops miterleben.","imatge":17745,"es_enllac_intern_o_extern":"intern","link_intern":"","link_extern":"","link_extern_text":""},{"titol":"Feria Medieval (Mittelaltermarkt)","descripcio":"W\u00e4hrend der Feria Medieval kehrt Lloret in das Mittelalter zur\u00fcck und die Altstadt f\u00fcllt sich mit Holzh\u00fctten, Kunsthandwerkern und Markttreibenden. Es herrscht ein mittelalterliches Ambiente mit zahlreichen Zirkus , Zauber und Musikdarbietungen.\r\nWenn Sie im November nach Lloret reisen, haben Sie die M\u00f6glichkeit an der Feria Medieval teilzunehmen, an die sich die Fiesta Mayor von San Romano anschlie\u00dft und auf der Sie die fr\u00fcheste Geschichte von Lloret kennenlernen k\u00f6nnen.","imatge":7089,"es_enllac_intern_o_extern":"intern","link_intern":"","link_extern":"","link_extern_text":""},{"titol":"Karneval","descripcio":"Einmal im Jahr kleidet sich Lloret de Mar in verschiedensten Farben und bietet Feierlichkeiten und Unterhaltung: Die Karnevalszeit hat in voller Pracht begonnen. Wenn Ihnen Paraden, Kost\u00fcme, Feiern und Musik gefallen, werden Sie beim Karneval von Lloret alles finden, was Ihr Herz begehrt.\r\nFreitagnacht trifft Ihre Majest\u00e4t Carnestoltes ein und die \u00dcbergabe des Zauberstabs der Stadt wird durchgef\u00fchrt. Sobald die Festivit\u00e4ten in Lloret Einzug gehalten haben, feiern wir den Beginn des Karnevals mit einer guten Botifarra (Wurstspezialit\u00e4t) mit Bohnen und Wein.\r\nUnd um die besten Kost\u00fcme der Region zu sehen, d\u00fcrfen Sie die \u201eR\u00faas de Carnaval de Lloret\u201c nicht verpassen, die an der Strandpromenade stattfinden.","imatge":9662,"es_enllac_intern_o_extern":"intern","link_intern":"","link_extern":"","link_extern_text":""}],"titol_boto":"","document":"","apartats":null},"yoast_head":"<!-- This site is optimized with the Yoast SEO plugin v27.5 - https:\/\/yoast.com\/product\/yoast-seo-wordpress\/ -->\n<title>Veranstaltungshighlights - Lloret de Mar<\/title>\n<meta name=\"robots\" content=\"index, follow, max-snippet:-1, max-image-preview:large, max-video-preview:-1\" \/>\n<link rel=\"canonical\" href=\"https:\/\/lloretdemar.org\/de\/veranstaltungshighlights\/\" \/>\n<meta property=\"og:locale\" content=\"de_DE\" \/>\n<meta property=\"og:type\" content=\"article\" \/>\n<meta property=\"og:title\" content=\"Veranstaltungshighlights - Lloret de Mar\" \/>\n<meta property=\"og:url\" content=\"https:\/\/lloretdemar.org\/de\/veranstaltungshighlights\/\" \/>\n<meta property=\"og:site_name\" content=\"Lloret de Mar\" \/>\n<meta property=\"article:publisher\" content=\"https:\/\/www.facebook.com\/Lloretturisme\" \/>\n<meta property=\"article:modified_time\" content=\"2024-09-24T08:07:27+00:00\" \/>\n<meta property=\"og:image\" content=\"https:\/\/lloretdemar.org\/wp-content\/uploads\/2020\/03\/Americanos00014.jpg\" \/>\n\t<meta property=\"og:image:width\" content=\"1920\" \/>\n\t<meta property=\"og:image:height\" content=\"885\" \/>\n\t<meta property=\"og:image:type\" content=\"image\/jpeg\" \/>\n<meta name=\"twitter:card\" content=\"summary_large_image\" \/>\n<meta name=\"twitter:site\" content=\"@lloretturisme\" \/>\n<script type=\"application\/ld+json\" class=\"yoast-schema-graph\">{\"@context\":\"https:\\\/\\\/schema.org\",\"@graph\":[{\"@type\":\"WebPage\",\"@id\":\"https:\\\/\\\/lloretdemar.org\\\/de\\\/veranstaltungshighlights\\\/\",\"url\":\"https:\\\/\\\/lloretdemar.org\\\/de\\\/veranstaltungshighlights\\\/\",\"name\":\"Veranstaltungshighlights - Lloret de Mar\",\"isPartOf\":{\"@id\":\"https:\\\/\\\/lloretdemar.org\\\/de\\\/#website\"},\"datePublished\":\"2020-03-30T11:53:55+00:00\",\"dateModified\":\"2024-09-24T08:07:27+00:00\",\"description\":\"Lloret de Mar\",\"breadcrumb\":{\"@id\":\"https:\\\/\\\/lloretdemar.org\\\/de\\\/veranstaltungshighlights\\\/#breadcrumb\"},\"inLanguage\":\"de\",\"potentialAction\":[{\"@type\":\"ReadAction\",\"target\":[\"https:\\\/\\\/lloretdemar.org\\\/de\\\/veranstaltungshighlights\\\/\"]}]},{\"@type\":\"BreadcrumbList\",\"@id\":\"https:\\\/\\\/lloretdemar.org\\\/de\\\/veranstaltungshighlights\\\/#breadcrumb\",\"itemListElement\":[{\"@type\":\"ListItem\",\"position\":1,\"name\":\"Home\",\"item\":\"https:\\\/\\\/lloretdemar.org\\\/de\\\/\"},{\"@type\":\"ListItem\",\"position\":2,\"name\":\"Veranstaltungshighlights\"}]},{\"@type\":\"WebSite\",\"@id\":\"https:\\\/\\\/lloretdemar.org\\\/de\\\/#website\",\"url\":\"https:\\\/\\\/lloretdemar.org\\\/de\\\/\",\"name\":\"Lloret de Mar\",\"description\":\"\",\"publisher\":{\"@id\":\"https:\\\/\\\/lloretdemar.org\\\/de\\\/#organization\"},\"potentialAction\":[{\"@type\":\"SearchAction\",\"target\":{\"@type\":\"EntryPoint\",\"urlTemplate\":\"https:\\\/\\\/lloretdemar.org\\\/de\\\/?s={search_term_string}\"},\"query-input\":{\"@type\":\"PropertyValueSpecification\",\"valueRequired\":true,\"valueName\":\"search_term_string\"}}],\"inLanguage\":\"de\"},{\"@type\":\"Organization\",\"@id\":\"https:\\\/\\\/lloretdemar.org\\\/de\\\/#organization\",\"name\":\"Lloret de Mar\",\"url\":\"https:\\\/\\\/lloretdemar.org\\\/de\\\/\",\"logo\":{\"@type\":\"ImageObject\",\"inLanguage\":\"de\",\"@id\":\"https:\\\/\\\/lloretdemar.org\\\/de\\\/#\\\/schema\\\/logo\\\/image\\\/\",\"url\":\"https:\\\/\\\/lloretdemar.org\\\/wp-content\\\/uploads\\\/2020\\\/05\\\/lloret-de-mar-logo.png\",\"contentUrl\":\"https:\\\/\\\/lloretdemar.org\\\/wp-content\\\/uploads\\\/2020\\\/05\\\/lloret-de-mar-logo.png\",\"width\":87,\"height\":38,\"caption\":\"Lloret de Mar\"},\"image\":{\"@id\":\"https:\\\/\\\/lloretdemar.org\\\/de\\\/#\\\/schema\\\/logo\\\/image\\\/\"},\"sameAs\":[\"https:\\\/\\\/www.facebook.com\\\/Lloretturisme\",\"https:\\\/\\\/x.com\\\/lloretturisme\",\"https:\\\/\\\/instagram.com\\\/lloretturisme\",\"https:\\\/\\\/www.youtube.com\\\/LloretTurisme\"]}]}<\/script>\n<!-- \/ Yoast SEO plugin. -->","yoast_head_json":{"title":"Veranstaltungshighlights - Lloret de Mar","robots":{"index":"index","follow":"follow","max-snippet":"max-snippet:-1","max-image-preview":"max-image-preview:large","max-video-preview":"max-video-preview:-1"},"canonical":"https:\/\/lloretdemar.org\/de\/veranstaltungshighlights\/","og_locale":"de_DE","og_type":"article","og_title":"Veranstaltungshighlights - Lloret de Mar","og_url":"https:\/\/lloretdemar.org\/de\/veranstaltungshighlights\/","og_site_name":"Lloret de Mar","article_publisher":"https:\/\/www.facebook.com\/Lloretturisme","article_modified_time":"2024-09-24T08:07:27+00:00","og_image":[{"width":1920,"height":885,"url":"https:\/\/lloretdemar.org\/wp-content\/uploads\/2020\/03\/Americanos00014.jpg","type":"image\/jpeg"}],"twitter_card":"summary_large_image","twitter_site":"@lloretturisme","schema":{"@context":"https:\/\/schema.org","@graph":[{"@type":"WebPage","@id":"https:\/\/lloretdemar.org\/de\/veranstaltungshighlights\/","url":"https:\/\/lloretdemar.org\/de\/veranstaltungshighlights\/","name":"Veranstaltungshighlights - Lloret de Mar","isPartOf":{"@id":"https:\/\/lloretdemar.org\/de\/#website"},"datePublished":"2020-03-30T11:53:55+00:00","dateModified":"2024-09-24T08:07:27+00:00","description":"Lloret de Mar","breadcrumb":{"@id":"https:\/\/lloretdemar.org\/de\/veranstaltungshighlights\/#breadcrumb"},"inLanguage":"de","potentialAction":[{"@type":"ReadAction","target":["https:\/\/lloretdemar.org\/de\/veranstaltungshighlights\/"]}]},{"@type":"BreadcrumbList","@id":"https:\/\/lloretdemar.org\/de\/veranstaltungshighlights\/#breadcrumb","itemListElement":[{"@type":"ListItem","position":1,"name":"Home","item":"https:\/\/lloretdemar.org\/de\/"},{"@type":"ListItem","position":2,"name":"Veranstaltungshighlights"}]},{"@type":"WebSite","@id":"https:\/\/lloretdemar.org\/de\/#website","url":"https:\/\/lloretdemar.org\/de\/","name":"Lloret de Mar","description":"","publisher":{"@id":"https:\/\/lloretdemar.org\/de\/#organization"},"potentialAction":[{"@type":"SearchAction","target":{"@type":"EntryPoint","urlTemplate":"https:\/\/lloretdemar.org\/de\/?s={search_term_string}"},"query-input":{"@type":"PropertyValueSpecification","valueRequired":true,"valueName":"search_term_string"}}],"inLanguage":"de"},{"@type":"Organization","@id":"https:\/\/lloretdemar.org\/de\/#organization","name":"Lloret de Mar","url":"https:\/\/lloretdemar.org\/de\/","logo":{"@type":"ImageObject","inLanguage":"de","@id":"https:\/\/lloretdemar.org\/de\/#\/schema\/logo\/image\/","url":"https:\/\/lloretdemar.org\/wp-content\/uploads\/2020\/05\/lloret-de-mar-logo.png","contentUrl":"https:\/\/lloretdemar.org\/wp-content\/uploads\/2020\/05\/lloret-de-mar-logo.png","width":87,"height":38,"caption":"Lloret de Mar"},"image":{"@id":"https:\/\/lloretdemar.org\/de\/#\/schema\/logo\/image\/"},"sameAs":["https:\/\/www.facebook.com\/Lloretturisme","https:\/\/x.com\/lloretturisme","https:\/\/instagram.com\/lloretturisme","https:\/\/www.youtube.com\/LloretTurisme"]}]}},"_links":{"self":[{"href":"https:\/\/lloretdemar.org\/de\/wp-json\/wp\/v2\/pages\/15746","targetHints":{"allow":["GET"]}}],"collection":[{"href":"https:\/\/lloretdemar.org\/de\/wp-json\/wp\/v2\/pages"}],"about":[{"href":"https:\/\/lloretdemar.org\/de\/wp-json\/wp\/v2\/types\/page"}],"author":[{"embeddable":true,"href":"https:\/\/lloretdemar.org\/de\/wp-json\/wp\/v2\/users\/3"}],"replies":[{"embeddable":true,"href":"https:\/\/lloretdemar.org\/de\/wp-json\/wp\/v2\/comments?post=15746"}],"version-history":[{"count":1,"href":"https:\/\/lloretdemar.org\/de\/wp-json\/wp\/v2\/pages\/15746\/revisions"}],"predecessor-version":[{"id":37829,"href":"https:\/\/lloretdemar.org\/de\/wp-json\/wp\/v2\/pages\/15746\/revisions\/37829"}],"wp:attachment":[{"href":"https:\/\/lloretdemar.org\/de\/wp-json\/wp\/v2\/media?parent=15746"}],"curies":[{"name":"wp","href":"https:\/\/api.w.org\/{rel}","templated":true}]}}