{"id":15132,"date":"2019-12-30T08:42:05","date_gmt":"2019-12-30T07:42:05","guid":{"rendered":"http:\/\/lloretdemar.org\/sobre-lloret-de-mar\/lloret-hub\/pobles-mariners-i-medievals\/"},"modified":"2020-05-21T11:54:11","modified_gmt":"2020-05-21T09:54:11","slug":"fischerorte-und-mittelalterliche-dorfer","status":"publish","type":"page","link":"https:\/\/lloretdemar.org\/de\/lernen-sie-lloret-de-mar-kennen\/lloret-de-mar-ihr-ausgangspunkt\/fischerorte-und-mittelalterliche-dorfer\/","title":{"rendered":"Fischerorte und mittelalterliche D\u00f6rfer"},"content":{"rendered":"\n<p>Rundfahrt von 193&nbsp;km. Wir besuchen die kleinen Fischerd\u00f6rfer, die so typisch f\u00fcr die Costa Brava sind, und andere mittelalterliche Ortschaften, die nur so vor Charakter, Geschichte und Authentizit\u00e4t strotzen.<\/p>\n","protected":false},"excerpt":{"rendered":"<p>Rundfahrt von 193&nbsp;km. Wir besuchen die kleinen Fischerd\u00f6rfer, die so typisch f\u00fcr die Costa Brava sind, und andere mittelalterliche Ortschaften, die nur so vor Charakter, Geschichte und Authentizit\u00e4t strotzen.<\/p>\n","protected":false},"author":12,"featured_media":0,"parent":13816,"menu_order":0,"comment_status":"closed","ping_status":"closed","template":"page-templates\/hub1-13.php","meta":{"_acf_changed":false,"content-type":"","footnotes":""},"class_list":["post-15132","page","type-page","status-publish","hentry"],"acf":{"banner_imatge":"","banner_titol":"Fischerorte und mittelalterliche D\u00f6rfer","banner_subtitol":"","botons_blanc_o_negres":"defecte","banner_links":null,"apartats":null,"galeria":[7363],"destacats":[{"poble":1218},{"poble":470},{"poble":471},{"poble":1225},{"poble":1219},{"poble":464},{"poble":1224},{"poble":469},{"poble":1223},{"poble":472},{"poble":1226},{"poble":1220},{"poble":1222}],"fitxer_kmz":15135,"color":"hub_blue","pdf":"https:\/\/lloretdemar.org\/wp-content\/uploads\/2019\/12\/mapa-hub.pdf","ocultar_mapa":"no","banner_planifica_imatge":15096,"banner_planifica_titol":"M\u00f6chten Sie Lloret de Mar besuchen?","banner_planifica_text":"Organisieren Ihren Aufenthalt","banner_planifica_link":{"title":"Planen Sie Ihre Reise","url":"http:\/\/lloretdemar.org\/planifica-el-teu-viatge\/","target":""}},"yoast_head":"<!-- This site is optimized with the Yoast SEO plugin v27.5 - https:\/\/yoast.com\/product\/yoast-seo-wordpress\/ -->\n<title>Fischerorte und mittelalterliche D\u00f6rfer - Lloret de Mar<\/title>\n<meta name=\"description\" content=\"Rundfahrt von 193&nbsp;km. Wir besuchen die kleinen Fischerd\u00f6rfer, die so typisch f\u00fcr die Costa Brava sind, und andere mittelalterliche Ortschaften, die nur so vor Charakter, Geschichte und Authentizit\u00e4t strotzen.\" \/>\n<meta name=\"robots\" content=\"index, follow, max-snippet:-1, max-image-preview:large, max-video-preview:-1\" \/>\n<link rel=\"canonical\" href=\"https:\/\/lloretdemar.org\/de\/lernen-sie-lloret-de-mar-kennen\/lloret-de-mar-ihr-ausgangspunkt\/fischerorte-und-mittelalterliche-dorfer\/\" \/>\n<meta property=\"og:locale\" content=\"de_DE\" \/>\n<meta property=\"og:type\" content=\"article\" \/>\n<meta property=\"og:title\" content=\"Fischerorte und mittelalterliche D\u00f6rfer - Lloret de Mar\" \/>\n<meta property=\"og:description\" content=\"Rundfahrt von 193&nbsp;km. Wir besuchen die kleinen Fischerd\u00f6rfer, die so typisch f\u00fcr die Costa Brava sind, und andere mittelalterliche Ortschaften, die nur so vor Charakter, Geschichte und Authentizit\u00e4t strotzen.\" \/>\n<meta property=\"og:url\" content=\"https:\/\/lloretdemar.org\/de\/lernen-sie-lloret-de-mar-kennen\/lloret-de-mar-ihr-ausgangspunkt\/fischerorte-und-mittelalterliche-dorfer\/\" \/>\n<meta property=\"og:site_name\" content=\"Lloret de Mar\" \/>\n<meta property=\"article:publisher\" content=\"https:\/\/www.facebook.com\/Lloretturisme\" \/>\n<meta property=\"article:modified_time\" content=\"2020-05-21T09:54:11+00:00\" \/>\n<meta property=\"og:image\" content=\"https:\/\/lloretdemar.org\/wp-content\/uploads\/2020\/02\/slide-04.jpg\" \/>\n\t<meta property=\"og:image:width\" content=\"1920\" \/>\n\t<meta property=\"og:image:height\" content=\"885\" \/>\n\t<meta property=\"og:image:type\" content=\"image\/jpeg\" \/>\n<meta name=\"twitter:card\" content=\"summary_large_image\" \/>\n<meta name=\"twitter:site\" content=\"@lloretturisme\" \/>\n<script type=\"application\/ld+json\" class=\"yoast-schema-graph\">{\"@context\":\"https:\\\/\\\/schema.org\",\"@graph\":[{\"@type\":\"WebPage\",\"@id\":\"https:\\\/\\\/lloretdemar.org\\\/de\\\/lernen-sie-lloret-de-mar-kennen\\\/lloret-de-mar-ihr-ausgangspunkt\\\/fischerorte-und-mittelalterliche-dorfer\\\/\",\"url\":\"https:\\\/\\\/lloretdemar.org\\\/de\\\/lernen-sie-lloret-de-mar-kennen\\\/lloret-de-mar-ihr-ausgangspunkt\\\/fischerorte-und-mittelalterliche-dorfer\\\/\",\"name\":\"Fischerorte und mittelalterliche D\u00f6rfer - Lloret de Mar\",\"isPartOf\":{\"@id\":\"https:\\\/\\\/lloretdemar.org\\\/de\\\/#website\"},\"datePublished\":\"2019-12-30T07:42:05+00:00\",\"dateModified\":\"2020-05-21T09:54:11+00:00\",\"description\":\"Lloret de Mar\",\"breadcrumb\":{\"@id\":\"https:\\\/\\\/lloretdemar.org\\\/de\\\/lernen-sie-lloret-de-mar-kennen\\\/lloret-de-mar-ihr-ausgangspunkt\\\/fischerorte-und-mittelalterliche-dorfer\\\/#breadcrumb\"},\"inLanguage\":\"de\",\"potentialAction\":[{\"@type\":\"ReadAction\",\"target\":[\"https:\\\/\\\/lloretdemar.org\\\/de\\\/lernen-sie-lloret-de-mar-kennen\\\/lloret-de-mar-ihr-ausgangspunkt\\\/fischerorte-und-mittelalterliche-dorfer\\\/\"]}]},{\"@type\":\"BreadcrumbList\",\"@id\":\"https:\\\/\\\/lloretdemar.org\\\/de\\\/lernen-sie-lloret-de-mar-kennen\\\/lloret-de-mar-ihr-ausgangspunkt\\\/fischerorte-und-mittelalterliche-dorfer\\\/#breadcrumb\",\"itemListElement\":[{\"@type\":\"ListItem\",\"position\":1,\"name\":\"Home\",\"item\":\"https:\\\/\\\/lloretdemar.org\\\/de\\\/\"},{\"@type\":\"ListItem\",\"position\":2,\"name\":\"Lernen Sie Lloret de Mar kennen\",\"item\":\"https:\\\/\\\/lloretdemar.org\\\/de\\\/lernen-sie-lloret-de-mar-kennen\\\/\"},{\"@type\":\"ListItem\",\"position\":3,\"name\":\"Lloret de Mar \u2013 Ihr Ausgangspunkt\",\"item\":\"https:\\\/\\\/lloretdemar.org\\\/de\\\/lernen-sie-lloret-de-mar-kennen\\\/lloret-de-mar-ihr-ausgangspunkt\\\/\"},{\"@type\":\"ListItem\",\"position\":4,\"name\":\"Fischerorte und mittelalterliche D\u00f6rfer\"}]},{\"@type\":\"WebSite\",\"@id\":\"https:\\\/\\\/lloretdemar.org\\\/de\\\/#website\",\"url\":\"https:\\\/\\\/lloretdemar.org\\\/de\\\/\",\"name\":\"Lloret de Mar\",\"description\":\"\",\"publisher\":{\"@id\":\"https:\\\/\\\/lloretdemar.org\\\/de\\\/#organization\"},\"potentialAction\":[{\"@type\":\"SearchAction\",\"target\":{\"@type\":\"EntryPoint\",\"urlTemplate\":\"https:\\\/\\\/lloretdemar.org\\\/de\\\/?s={search_term_string}\"},\"query-input\":{\"@type\":\"PropertyValueSpecification\",\"valueRequired\":true,\"valueName\":\"search_term_string\"}}],\"inLanguage\":\"de\"},{\"@type\":\"Organization\",\"@id\":\"https:\\\/\\\/lloretdemar.org\\\/de\\\/#organization\",\"name\":\"Lloret de Mar\",\"url\":\"https:\\\/\\\/lloretdemar.org\\\/de\\\/\",\"logo\":{\"@type\":\"ImageObject\",\"inLanguage\":\"de\",\"@id\":\"https:\\\/\\\/lloretdemar.org\\\/de\\\/#\\\/schema\\\/logo\\\/image\\\/\",\"url\":\"https:\\\/\\\/lloretdemar.org\\\/wp-content\\\/uploads\\\/2020\\\/05\\\/lloret-de-mar-logo.png\",\"contentUrl\":\"https:\\\/\\\/lloretdemar.org\\\/wp-content\\\/uploads\\\/2020\\\/05\\\/lloret-de-mar-logo.png\",\"width\":87,\"height\":38,\"caption\":\"Lloret de Mar\"},\"image\":{\"@id\":\"https:\\\/\\\/lloretdemar.org\\\/de\\\/#\\\/schema\\\/logo\\\/image\\\/\"},\"sameAs\":[\"https:\\\/\\\/www.facebook.com\\\/Lloretturisme\",\"https:\\\/\\\/x.com\\\/lloretturisme\",\"https:\\\/\\\/instagram.com\\\/lloretturisme\",\"https:\\\/\\\/www.youtube.com\\\/LloretTurisme\"]}]}<\/script>\n<!-- \/ Yoast SEO plugin. -->","yoast_head_json":{"title":"Fischerorte und mittelalterliche D\u00f6rfer - Lloret de Mar","description":"Rundfahrt von 193&nbsp;km. Wir besuchen die kleinen Fischerd\u00f6rfer, die so typisch f\u00fcr die Costa Brava sind, und andere mittelalterliche Ortschaften, die nur so vor Charakter, Geschichte und Authentizit\u00e4t strotzen.","robots":{"index":"index","follow":"follow","max-snippet":"max-snippet:-1","max-image-preview":"max-image-preview:large","max-video-preview":"max-video-preview:-1"},"canonical":"https:\/\/lloretdemar.org\/de\/lernen-sie-lloret-de-mar-kennen\/lloret-de-mar-ihr-ausgangspunkt\/fischerorte-und-mittelalterliche-dorfer\/","og_locale":"de_DE","og_type":"article","og_title":"Fischerorte und mittelalterliche D\u00f6rfer - Lloret de Mar","og_description":"Rundfahrt von 193&nbsp;km. Wir besuchen die kleinen Fischerd\u00f6rfer, die so typisch f\u00fcr die Costa Brava sind, und andere mittelalterliche Ortschaften, die nur so vor Charakter, Geschichte und Authentizit\u00e4t strotzen.","og_url":"https:\/\/lloretdemar.org\/de\/lernen-sie-lloret-de-mar-kennen\/lloret-de-mar-ihr-ausgangspunkt\/fischerorte-und-mittelalterliche-dorfer\/","og_site_name":"Lloret de Mar","article_publisher":"https:\/\/www.facebook.com\/Lloretturisme","article_modified_time":"2020-05-21T09:54:11+00:00","og_image":[{"width":1920,"height":885,"url":"https:\/\/lloretdemar.org\/wp-content\/uploads\/2020\/02\/slide-04.jpg","type":"image\/jpeg"}],"twitter_card":"summary_large_image","twitter_site":"@lloretturisme","schema":{"@context":"https:\/\/schema.org","@graph":[{"@type":"WebPage","@id":"https:\/\/lloretdemar.org\/de\/lernen-sie-lloret-de-mar-kennen\/lloret-de-mar-ihr-ausgangspunkt\/fischerorte-und-mittelalterliche-dorfer\/","url":"https:\/\/lloretdemar.org\/de\/lernen-sie-lloret-de-mar-kennen\/lloret-de-mar-ihr-ausgangspunkt\/fischerorte-und-mittelalterliche-dorfer\/","name":"Fischerorte und mittelalterliche D\u00f6rfer - Lloret de Mar","isPartOf":{"@id":"https:\/\/lloretdemar.org\/de\/#website"},"datePublished":"2019-12-30T07:42:05+00:00","dateModified":"2020-05-21T09:54:11+00:00","description":"Lloret de Mar","breadcrumb":{"@id":"https:\/\/lloretdemar.org\/de\/lernen-sie-lloret-de-mar-kennen\/lloret-de-mar-ihr-ausgangspunkt\/fischerorte-und-mittelalterliche-dorfer\/#breadcrumb"},"inLanguage":"de","potentialAction":[{"@type":"ReadAction","target":["https:\/\/lloretdemar.org\/de\/lernen-sie-lloret-de-mar-kennen\/lloret-de-mar-ihr-ausgangspunkt\/fischerorte-und-mittelalterliche-dorfer\/"]}]},{"@type":"BreadcrumbList","@id":"https:\/\/lloretdemar.org\/de\/lernen-sie-lloret-de-mar-kennen\/lloret-de-mar-ihr-ausgangspunkt\/fischerorte-und-mittelalterliche-dorfer\/#breadcrumb","itemListElement":[{"@type":"ListItem","position":1,"name":"Home","item":"https:\/\/lloretdemar.org\/de\/"},{"@type":"ListItem","position":2,"name":"Lernen Sie Lloret de Mar kennen","item":"https:\/\/lloretdemar.org\/de\/lernen-sie-lloret-de-mar-kennen\/"},{"@type":"ListItem","position":3,"name":"Lloret de Mar \u2013 Ihr Ausgangspunkt","item":"https:\/\/lloretdemar.org\/de\/lernen-sie-lloret-de-mar-kennen\/lloret-de-mar-ihr-ausgangspunkt\/"},{"@type":"ListItem","position":4,"name":"Fischerorte und mittelalterliche D\u00f6rfer"}]},{"@type":"WebSite","@id":"https:\/\/lloretdemar.org\/de\/#website","url":"https:\/\/lloretdemar.org\/de\/","name":"Lloret de Mar","description":"","publisher":{"@id":"https:\/\/lloretdemar.org\/de\/#organization"},"potentialAction":[{"@type":"SearchAction","target":{"@type":"EntryPoint","urlTemplate":"https:\/\/lloretdemar.org\/de\/?s={search_term_string}"},"query-input":{"@type":"PropertyValueSpecification","valueRequired":true,"valueName":"search_term_string"}}],"inLanguage":"de"},{"@type":"Organization","@id":"https:\/\/lloretdemar.org\/de\/#organization","name":"Lloret de Mar","url":"https:\/\/lloretdemar.org\/de\/","logo":{"@type":"ImageObject","inLanguage":"de","@id":"https:\/\/lloretdemar.org\/de\/#\/schema\/logo\/image\/","url":"https:\/\/lloretdemar.org\/wp-content\/uploads\/2020\/05\/lloret-de-mar-logo.png","contentUrl":"https:\/\/lloretdemar.org\/wp-content\/uploads\/2020\/05\/lloret-de-mar-logo.png","width":87,"height":38,"caption":"Lloret de Mar"},"image":{"@id":"https:\/\/lloretdemar.org\/de\/#\/schema\/logo\/image\/"},"sameAs":["https:\/\/www.facebook.com\/Lloretturisme","https:\/\/x.com\/lloretturisme","https:\/\/instagram.com\/lloretturisme","https:\/\/www.youtube.com\/LloretTurisme"]}]}},"_links":{"self":[{"href":"https:\/\/lloretdemar.org\/de\/wp-json\/wp\/v2\/pages\/15132","targetHints":{"allow":["GET"]}}],"collection":[{"href":"https:\/\/lloretdemar.org\/de\/wp-json\/wp\/v2\/pages"}],"about":[{"href":"https:\/\/lloretdemar.org\/de\/wp-json\/wp\/v2\/types\/page"}],"author":[{"embeddable":true,"href":"https:\/\/lloretdemar.org\/de\/wp-json\/wp\/v2\/users\/12"}],"replies":[{"embeddable":true,"href":"https:\/\/lloretdemar.org\/de\/wp-json\/wp\/v2\/comments?post=15132"}],"version-history":[{"count":0,"href":"https:\/\/lloretdemar.org\/de\/wp-json\/wp\/v2\/pages\/15132\/revisions"}],"up":[{"embeddable":true,"href":"https:\/\/lloretdemar.org\/de\/wp-json\/wp\/v2\/pages\/13816"}],"acf:attachment":[{"embeddable":true,"href":"https:\/\/lloretdemar.org\/de\/wp-json\/wp\/v2\/media\/7363"}],"wp:attachment":[{"href":"https:\/\/lloretdemar.org\/de\/wp-json\/wp\/v2\/media?parent=15132"}],"curies":[{"name":"wp","href":"https:\/\/api.w.org\/{rel}","templated":true}]}}