{"id":15126,"date":"2019-12-30T08:48:23","date_gmt":"2019-12-30T07:48:23","guid":{"rendered":"http:\/\/lloretdemar.org\/sobre-lloret-de-mar\/lloret-hub\/pobles-de-la-zona-volcanica-i-les-valls\/"},"modified":"2020-05-21T11:54:11","modified_gmt":"2020-05-21T09:54:11","slug":"dorfer-im-vulkangebiet-und-die-taler-von-garrotxa","status":"publish","type":"page","link":"https:\/\/lloretdemar.org\/de\/lernen-sie-lloret-de-mar-kennen\/lloret-de-mar-ihr-ausgangspunkt\/dorfer-im-vulkangebiet-und-die-taler-von-garrotxa\/","title":{"rendered":"D\u00f6rfer im Vulkangebiet und die T\u00e4ler von Garrotxa"},"content":{"rendered":"\n<p>Rundfahrt von 210&nbsp;km. Wir beginnen an einem der gr\u00f6\u00dften Seen der Halbinsel, damit wir uns sp\u00e4ter auf den Weg in das Vulkangebiet von Garrotxa und die herrliche Landschaft des Waldgebiets Fageda d\u2019en Jord\u00e0 machen k\u00f6nnen.<\/p>\n","protected":false},"excerpt":{"rendered":"<p>Rundfahrt von 210&nbsp;km. Wir beginnen an einem der gr\u00f6\u00dften Seen der Halbinsel, damit wir uns sp\u00e4ter auf den Weg in das Vulkangebiet von Garrotxa und die herrliche Landschaft des Waldgebiets Fageda d\u2019en Jord\u00e0 machen k\u00f6nnen.<\/p>\n","protected":false},"author":12,"featured_media":0,"parent":13816,"menu_order":0,"comment_status":"closed","ping_status":"closed","template":"page-templates\/hub1-13.php","meta":{"_acf_changed":false,"content-type":"","footnotes":""},"class_list":["post-15126","page","type-page","status-publish","hentry"],"acf":{"banner_imatge":"","banner_titol":"D\u00f6rfer im Vulkangebiet und die T\u00e4ler von Garrotxa","banner_subtitol":"","botons_blanc_o_negres":"defecte","banner_links":null,"apartats":null,"galeria":[15107],"destacats":[{"poble":1232},{"poble":385},{"poble":468},{"poble":1235},{"poble":466},{"poble":480},{"poble":1233},{"poble":1234}],"fitxer_kmz":15129,"color":"hub_yellow","pdf":7212,"ocultar_mapa":"no","banner_planifica_imatge":15096,"banner_planifica_titol":"M\u00f6chten Sie Lloret de Mar besuchen?","banner_planifica_text":"Organizieren Sie Ihren Aufenthalt","banner_planifica_link":{"title":"Planen Sie Ihre Reise","url":"http:\/\/lloretdemar.org\/planifica-el-teu-viatge\/","target":""}},"yoast_head":"<!-- This site is optimized with the Yoast SEO plugin v27.5 - https:\/\/yoast.com\/product\/yoast-seo-wordpress\/ -->\n<title>D\u00f6rfer im Vulkangebiet und die T\u00e4ler von Garrotxa - Lloret de Mar<\/title>\n<meta name=\"description\" content=\"Rundfahrt von 210&nbsp;km. Wir beginnen an einem der gr\u00f6\u00dften Seen der Halbinsel, damit wir uns sp\u00e4ter auf den Weg in das Vulkangebiet von Garrotxa und die herrliche Landschaft des Waldgebiets Fageda d\u2019en Jord\u00e0 machen k\u00f6nnen.\" \/>\n<meta name=\"robots\" content=\"index, follow, max-snippet:-1, max-image-preview:large, max-video-preview:-1\" \/>\n<link rel=\"canonical\" href=\"https:\/\/lloretdemar.org\/de\/lernen-sie-lloret-de-mar-kennen\/lloret-de-mar-ihr-ausgangspunkt\/dorfer-im-vulkangebiet-und-die-taler-von-garrotxa\/\" \/>\n<meta property=\"og:locale\" content=\"de_DE\" \/>\n<meta property=\"og:type\" content=\"article\" \/>\n<meta property=\"og:title\" content=\"D\u00f6rfer im Vulkangebiet und die T\u00e4ler von Garrotxa - Lloret de Mar\" \/>\n<meta property=\"og:description\" content=\"Rundfahrt von 210&nbsp;km. Wir beginnen an einem der gr\u00f6\u00dften Seen der Halbinsel, damit wir uns sp\u00e4ter auf den Weg in das Vulkangebiet von Garrotxa und die herrliche Landschaft des Waldgebiets Fageda d\u2019en Jord\u00e0 machen k\u00f6nnen.\" \/>\n<meta property=\"og:url\" content=\"https:\/\/lloretdemar.org\/de\/lernen-sie-lloret-de-mar-kennen\/lloret-de-mar-ihr-ausgangspunkt\/dorfer-im-vulkangebiet-und-die-taler-von-garrotxa\/\" \/>\n<meta property=\"og:site_name\" content=\"Lloret de Mar\" \/>\n<meta property=\"article:publisher\" content=\"https:\/\/www.facebook.com\/Lloretturisme\" \/>\n<meta property=\"article:modified_time\" content=\"2020-05-21T09:54:11+00:00\" \/>\n<meta property=\"og:image\" content=\"https:\/\/lloretdemar.org\/wp-content\/uploads\/2020\/02\/slide-04.jpg\" \/>\n\t<meta property=\"og:image:width\" content=\"1920\" \/>\n\t<meta property=\"og:image:height\" content=\"885\" \/>\n\t<meta property=\"og:image:type\" content=\"image\/jpeg\" \/>\n<meta name=\"twitter:card\" content=\"summary_large_image\" \/>\n<meta name=\"twitter:site\" content=\"@lloretturisme\" \/>\n<script type=\"application\/ld+json\" class=\"yoast-schema-graph\">{\"@context\":\"https:\\\/\\\/schema.org\",\"@graph\":[{\"@type\":\"WebPage\",\"@id\":\"https:\\\/\\\/lloretdemar.org\\\/de\\\/lernen-sie-lloret-de-mar-kennen\\\/lloret-de-mar-ihr-ausgangspunkt\\\/dorfer-im-vulkangebiet-und-die-taler-von-garrotxa\\\/\",\"url\":\"https:\\\/\\\/lloretdemar.org\\\/de\\\/lernen-sie-lloret-de-mar-kennen\\\/lloret-de-mar-ihr-ausgangspunkt\\\/dorfer-im-vulkangebiet-und-die-taler-von-garrotxa\\\/\",\"name\":\"D\u00f6rfer im Vulkangebiet und die T\u00e4ler von Garrotxa - Lloret de Mar\",\"isPartOf\":{\"@id\":\"https:\\\/\\\/lloretdemar.org\\\/de\\\/#website\"},\"datePublished\":\"2019-12-30T07:48:23+00:00\",\"dateModified\":\"2020-05-21T09:54:11+00:00\",\"description\":\"Lloret de Mar\",\"breadcrumb\":{\"@id\":\"https:\\\/\\\/lloretdemar.org\\\/de\\\/lernen-sie-lloret-de-mar-kennen\\\/lloret-de-mar-ihr-ausgangspunkt\\\/dorfer-im-vulkangebiet-und-die-taler-von-garrotxa\\\/#breadcrumb\"},\"inLanguage\":\"de\",\"potentialAction\":[{\"@type\":\"ReadAction\",\"target\":[\"https:\\\/\\\/lloretdemar.org\\\/de\\\/lernen-sie-lloret-de-mar-kennen\\\/lloret-de-mar-ihr-ausgangspunkt\\\/dorfer-im-vulkangebiet-und-die-taler-von-garrotxa\\\/\"]}]},{\"@type\":\"BreadcrumbList\",\"@id\":\"https:\\\/\\\/lloretdemar.org\\\/de\\\/lernen-sie-lloret-de-mar-kennen\\\/lloret-de-mar-ihr-ausgangspunkt\\\/dorfer-im-vulkangebiet-und-die-taler-von-garrotxa\\\/#breadcrumb\",\"itemListElement\":[{\"@type\":\"ListItem\",\"position\":1,\"name\":\"Home\",\"item\":\"https:\\\/\\\/lloretdemar.org\\\/de\\\/\"},{\"@type\":\"ListItem\",\"position\":2,\"name\":\"Lernen Sie Lloret de Mar kennen\",\"item\":\"https:\\\/\\\/lloretdemar.org\\\/de\\\/lernen-sie-lloret-de-mar-kennen\\\/\"},{\"@type\":\"ListItem\",\"position\":3,\"name\":\"Lloret de Mar \u2013 Ihr Ausgangspunkt\",\"item\":\"https:\\\/\\\/lloretdemar.org\\\/de\\\/lernen-sie-lloret-de-mar-kennen\\\/lloret-de-mar-ihr-ausgangspunkt\\\/\"},{\"@type\":\"ListItem\",\"position\":4,\"name\":\"D\u00f6rfer im Vulkangebiet und die T\u00e4ler von Garrotxa\"}]},{\"@type\":\"WebSite\",\"@id\":\"https:\\\/\\\/lloretdemar.org\\\/de\\\/#website\",\"url\":\"https:\\\/\\\/lloretdemar.org\\\/de\\\/\",\"name\":\"Lloret de Mar\",\"description\":\"\",\"publisher\":{\"@id\":\"https:\\\/\\\/lloretdemar.org\\\/de\\\/#organization\"},\"potentialAction\":[{\"@type\":\"SearchAction\",\"target\":{\"@type\":\"EntryPoint\",\"urlTemplate\":\"https:\\\/\\\/lloretdemar.org\\\/de\\\/?s={search_term_string}\"},\"query-input\":{\"@type\":\"PropertyValueSpecification\",\"valueRequired\":true,\"valueName\":\"search_term_string\"}}],\"inLanguage\":\"de\"},{\"@type\":\"Organization\",\"@id\":\"https:\\\/\\\/lloretdemar.org\\\/de\\\/#organization\",\"name\":\"Lloret de Mar\",\"url\":\"https:\\\/\\\/lloretdemar.org\\\/de\\\/\",\"logo\":{\"@type\":\"ImageObject\",\"inLanguage\":\"de\",\"@id\":\"https:\\\/\\\/lloretdemar.org\\\/de\\\/#\\\/schema\\\/logo\\\/image\\\/\",\"url\":\"https:\\\/\\\/lloretdemar.org\\\/wp-content\\\/uploads\\\/2020\\\/05\\\/lloret-de-mar-logo.png\",\"contentUrl\":\"https:\\\/\\\/lloretdemar.org\\\/wp-content\\\/uploads\\\/2020\\\/05\\\/lloret-de-mar-logo.png\",\"width\":87,\"height\":38,\"caption\":\"Lloret de Mar\"},\"image\":{\"@id\":\"https:\\\/\\\/lloretdemar.org\\\/de\\\/#\\\/schema\\\/logo\\\/image\\\/\"},\"sameAs\":[\"https:\\\/\\\/www.facebook.com\\\/Lloretturisme\",\"https:\\\/\\\/x.com\\\/lloretturisme\",\"https:\\\/\\\/instagram.com\\\/lloretturisme\",\"https:\\\/\\\/www.youtube.com\\\/LloretTurisme\"]}]}<\/script>\n<!-- \/ Yoast SEO plugin. -->","yoast_head_json":{"title":"D\u00f6rfer im Vulkangebiet und die T\u00e4ler von Garrotxa - Lloret de Mar","description":"Rundfahrt von 210&nbsp;km. Wir beginnen an einem der gr\u00f6\u00dften Seen der Halbinsel, damit wir uns sp\u00e4ter auf den Weg in das Vulkangebiet von Garrotxa und die herrliche Landschaft des Waldgebiets Fageda d\u2019en Jord\u00e0 machen k\u00f6nnen.","robots":{"index":"index","follow":"follow","max-snippet":"max-snippet:-1","max-image-preview":"max-image-preview:large","max-video-preview":"max-video-preview:-1"},"canonical":"https:\/\/lloretdemar.org\/de\/lernen-sie-lloret-de-mar-kennen\/lloret-de-mar-ihr-ausgangspunkt\/dorfer-im-vulkangebiet-und-die-taler-von-garrotxa\/","og_locale":"de_DE","og_type":"article","og_title":"D\u00f6rfer im Vulkangebiet und die T\u00e4ler von Garrotxa - Lloret de Mar","og_description":"Rundfahrt von 210&nbsp;km. Wir beginnen an einem der gr\u00f6\u00dften Seen der Halbinsel, damit wir uns sp\u00e4ter auf den Weg in das Vulkangebiet von Garrotxa und die herrliche Landschaft des Waldgebiets Fageda d\u2019en Jord\u00e0 machen k\u00f6nnen.","og_url":"https:\/\/lloretdemar.org\/de\/lernen-sie-lloret-de-mar-kennen\/lloret-de-mar-ihr-ausgangspunkt\/dorfer-im-vulkangebiet-und-die-taler-von-garrotxa\/","og_site_name":"Lloret de Mar","article_publisher":"https:\/\/www.facebook.com\/Lloretturisme","article_modified_time":"2020-05-21T09:54:11+00:00","og_image":[{"width":1920,"height":885,"url":"https:\/\/lloretdemar.org\/wp-content\/uploads\/2020\/02\/slide-04.jpg","type":"image\/jpeg"}],"twitter_card":"summary_large_image","twitter_site":"@lloretturisme","schema":{"@context":"https:\/\/schema.org","@graph":[{"@type":"WebPage","@id":"https:\/\/lloretdemar.org\/de\/lernen-sie-lloret-de-mar-kennen\/lloret-de-mar-ihr-ausgangspunkt\/dorfer-im-vulkangebiet-und-die-taler-von-garrotxa\/","url":"https:\/\/lloretdemar.org\/de\/lernen-sie-lloret-de-mar-kennen\/lloret-de-mar-ihr-ausgangspunkt\/dorfer-im-vulkangebiet-und-die-taler-von-garrotxa\/","name":"D\u00f6rfer im Vulkangebiet und die T\u00e4ler von Garrotxa - Lloret de Mar","isPartOf":{"@id":"https:\/\/lloretdemar.org\/de\/#website"},"datePublished":"2019-12-30T07:48:23+00:00","dateModified":"2020-05-21T09:54:11+00:00","description":"Lloret de Mar","breadcrumb":{"@id":"https:\/\/lloretdemar.org\/de\/lernen-sie-lloret-de-mar-kennen\/lloret-de-mar-ihr-ausgangspunkt\/dorfer-im-vulkangebiet-und-die-taler-von-garrotxa\/#breadcrumb"},"inLanguage":"de","potentialAction":[{"@type":"ReadAction","target":["https:\/\/lloretdemar.org\/de\/lernen-sie-lloret-de-mar-kennen\/lloret-de-mar-ihr-ausgangspunkt\/dorfer-im-vulkangebiet-und-die-taler-von-garrotxa\/"]}]},{"@type":"BreadcrumbList","@id":"https:\/\/lloretdemar.org\/de\/lernen-sie-lloret-de-mar-kennen\/lloret-de-mar-ihr-ausgangspunkt\/dorfer-im-vulkangebiet-und-die-taler-von-garrotxa\/#breadcrumb","itemListElement":[{"@type":"ListItem","position":1,"name":"Home","item":"https:\/\/lloretdemar.org\/de\/"},{"@type":"ListItem","position":2,"name":"Lernen Sie Lloret de Mar kennen","item":"https:\/\/lloretdemar.org\/de\/lernen-sie-lloret-de-mar-kennen\/"},{"@type":"ListItem","position":3,"name":"Lloret de Mar \u2013 Ihr Ausgangspunkt","item":"https:\/\/lloretdemar.org\/de\/lernen-sie-lloret-de-mar-kennen\/lloret-de-mar-ihr-ausgangspunkt\/"},{"@type":"ListItem","position":4,"name":"D\u00f6rfer im Vulkangebiet und die T\u00e4ler von Garrotxa"}]},{"@type":"WebSite","@id":"https:\/\/lloretdemar.org\/de\/#website","url":"https:\/\/lloretdemar.org\/de\/","name":"Lloret de Mar","description":"","publisher":{"@id":"https:\/\/lloretdemar.org\/de\/#organization"},"potentialAction":[{"@type":"SearchAction","target":{"@type":"EntryPoint","urlTemplate":"https:\/\/lloretdemar.org\/de\/?s={search_term_string}"},"query-input":{"@type":"PropertyValueSpecification","valueRequired":true,"valueName":"search_term_string"}}],"inLanguage":"de"},{"@type":"Organization","@id":"https:\/\/lloretdemar.org\/de\/#organization","name":"Lloret de Mar","url":"https:\/\/lloretdemar.org\/de\/","logo":{"@type":"ImageObject","inLanguage":"de","@id":"https:\/\/lloretdemar.org\/de\/#\/schema\/logo\/image\/","url":"https:\/\/lloretdemar.org\/wp-content\/uploads\/2020\/05\/lloret-de-mar-logo.png","contentUrl":"https:\/\/lloretdemar.org\/wp-content\/uploads\/2020\/05\/lloret-de-mar-logo.png","width":87,"height":38,"caption":"Lloret de Mar"},"image":{"@id":"https:\/\/lloretdemar.org\/de\/#\/schema\/logo\/image\/"},"sameAs":["https:\/\/www.facebook.com\/Lloretturisme","https:\/\/x.com\/lloretturisme","https:\/\/instagram.com\/lloretturisme","https:\/\/www.youtube.com\/LloretTurisme"]}]}},"_links":{"self":[{"href":"https:\/\/lloretdemar.org\/de\/wp-json\/wp\/v2\/pages\/15126","targetHints":{"allow":["GET"]}}],"collection":[{"href":"https:\/\/lloretdemar.org\/de\/wp-json\/wp\/v2\/pages"}],"about":[{"href":"https:\/\/lloretdemar.org\/de\/wp-json\/wp\/v2\/types\/page"}],"author":[{"embeddable":true,"href":"https:\/\/lloretdemar.org\/de\/wp-json\/wp\/v2\/users\/12"}],"replies":[{"embeddable":true,"href":"https:\/\/lloretdemar.org\/de\/wp-json\/wp\/v2\/comments?post=15126"}],"version-history":[{"count":0,"href":"https:\/\/lloretdemar.org\/de\/wp-json\/wp\/v2\/pages\/15126\/revisions"}],"up":[{"embeddable":true,"href":"https:\/\/lloretdemar.org\/de\/wp-json\/wp\/v2\/pages\/13816"}],"acf:attachment":[{"embeddable":true,"href":"https:\/\/lloretdemar.org\/de\/wp-json\/wp\/v2\/media\/15107"}],"wp:attachment":[{"href":"https:\/\/lloretdemar.org\/de\/wp-json\/wp\/v2\/media?parent=15126"}],"curies":[{"name":"wp","href":"https:\/\/api.w.org\/{rel}","templated":true}]}}