{"id":15000,"date":"2020-02-07T13:38:33","date_gmt":"2020-02-07T12:38:33","guid":{"rendered":"http:\/\/lloretdemar.org\/turisme-esportiu-a-lloret-de-mar\/"},"modified":"2025-07-23T17:45:24","modified_gmt":"2025-07-23T15:45:24","slug":"sporttourismus-in-lloret-de-mar","status":"publish","type":"page","link":"https:\/\/lloretdemar.org\/de\/was-sie-in-lloret-de-mar-tun-konnen\/lloret-de-mar-bei-tag\/sporttourismus-in-lloret-de-mar\/","title":{"rendered":"Sporttourismus in Lloret de Mar"},"content":{"rendered":"\r\n<p>Lloret de Mar genie\u00dft das ganze Jahr \u00fcber milde Temperaturen und viele Sonnenstunden. Dar\u00fcber hinaus machen die privilegierte Lage im S\u00fcden der Costa Brava, die wundersch\u00f6ne Naturlandschaft und das breite Angebot an Sportanlagen und -ausr\u00fcstung Lloret de Mar zu einem idealen Reiseziel f\u00fcr Sportbegeisterte. Die Stadt hat eine lange Tradition im Sporttourismus und wurde vom katalanischen Fremdenverkehrsamt mit dem Siegel DTE (Destination de Turismo Deportivo) f\u00fcr Fu\u00dfball, Leichtathletik, Radsport, Schwimmen, Mannschaftssportarten und Triathlon ausgezeichnet. Lloret zeichnet sich durch ein hochwertiges Angebot an spezialisierten Einrichtungen und Dienstleistungen f\u00fcr Spitzensportler und Profis sowie f\u00fcr Amateure und Touristen aus, die in der Region Sport treiben m\u00f6chten.<\/p>\r\n","protected":false},"excerpt":{"rendered":"<p>Lloret de Mar genie\u00dft das ganze Jahr \u00fcber milde Temperaturen und viele Sonnenstunden. Dar\u00fcber hinaus machen die privilegierte Lage im S\u00fcden der Costa Brava, die wundersch\u00f6ne Naturlandschaft und das breite Angebot an Sportanlagen und -ausr\u00fcstung Lloret de Mar zu einem idealen Reiseziel f\u00fcr Sportbegeisterte. Die Stadt hat eine lange Tradition im Sporttourismus und wurde vom [&hellip;]<\/p>\n","protected":false},"author":12,"featured_media":0,"parent":13096,"menu_order":0,"comment_status":"closed","ping_status":"closed","template":"page-templates\/mouret-15.php","meta":{"_acf_changed":false,"content-type":"","footnotes":""},"class_list":["post-15000","page","type-page","status-publish","hentry"],"acf":{"banner_imatge":15008,"banner_titol":"Sporttourismus in Lloret de Mar","banner_subtitol":"","botons_blanc_o_negres":"defecte","banner_links":[{"es_post":false,"banner_link":{"title":"Fu\u00dfball","url":"#Fu\u00dfball","target":""},"link_intern":null,"link_intern_titol":""},{"es_post":false,"banner_link":{"title":"Schwimmen","url":"#Schwimmen","target":""},"link_intern":null,"link_intern_titol":""},{"es_post":false,"banner_link":{"title":"Leichtathletik","url":"#Leichtathletik","target":""},"link_intern":null,"link_intern_titol":""},{"es_post":false,"banner_link":{"title":"Radsport","url":"#Radsport","target":""},"link_intern":null,"link_intern_titol":""},{"es_post":false,"banner_link":{"title":"Running","url":"#Running","target":""},"link_intern":null,"link_intern_titol":""},{"es_post":false,"banner_link":{"title":"Kollektivsport","url":"#Kollektivsport","target":""},"link_intern":null,"link_intern_titol":""},{"es_post":false,"banner_link":{"title":"Triathlon","url":"#Triathlon","target":""},"link_intern":null,"link_intern_titol":""},{"es_post":false,"banner_link":{"title":"Dienstleistungen","url":"#Dienstleistungen","target":""},"link_intern":null,"link_intern_titol":""}],"blocs":[{"titol":"Fu\u00dfball","descripcio":"Die beliebteste Sportart der Welt spielt in Lloret de Mar eine sehr wichtige Rolle. Die Gemeinde bietet Teams unterschiedlicher Spielklassen und Nationalit\u00e4ten, die bei uns zu Gast sind, alle notwendigen Dienstleistungen.\r\n\r\nWir verf\u00fcgen \u00fcber drei Spielfelder, zwei mit Kunstrasen und eines mit Naturrasen, die sich im Zentrum der Stadt befinden.","imatge":40763,"es_enllac_intern_o_extern":"intern","link_intern":{"title":"Weitere Info","url":"http:\/\/professionals.lloretdemar.org\/en\/tourism-products\/sports-tourism\/football\/","target":"_blank"},"link_extern":"","link_extern_text":""},{"titol":"Schwimmen","descripcio":"Lloret de Mar verf\u00fcgt \u00fcber ein hochmodernes Sportzentrum, das neben einem olympischen Schwimmbecken einen voll ausgestatteten Fitnessraum und verschiedene R\u00e4ume f\u00fcr gef\u00fchrte Aktivit\u00e4ten bietet.\r\n\r\nWenn Sie lieber im offenen Meer schwimmen, bietet Lloret de Mar zwei Meeresrouten, \u00f6ffentliche Wasserwege, auf denen Sie entlang unserer K\u00fcste in v\u00f6lliger Sicherheit schwimmen k\u00f6nnen. Die erste verbindet den Strand von Lloret mit Fenals und die zweite den Strand von Fenals mit Santa Cristina, mit einer L\u00e4nge von 1,3 bzw. 1,2 km.","imatge":40781,"es_enllac_intern_o_extern":"intern","link_intern":{"title":"Weitere Info","url":"http:\/\/professionals.lloretdemar.org\/en\/tourism-products\/sports-tourism\/swimming\/","target":"_blank"},"link_extern":"","link_extern_text":""},{"titol":"Leichtathletik","descripcio":"Auf der 8-Bahnen-Leichtathletikbahn in Lloret de Mar k\u00f6nnen Sie verschiedene Leichtathletikdisziplinen aus\u00fcben: Laufen, Springen, Gehen und Mehrkampf.","imatge":15021,"es_enllac_intern_o_extern":"intern","link_intern":{"title":"Weitere Info","url":"http:\/\/professionals.lloretdemar.org\/en\/tourism-products\/sports-tourism\/athletics\/","target":"_blank"},"link_extern":"","link_extern_text":""},{"titol":"Radsport","descripcio":"In Lloret de Mar ist Radfahren mehr als nur in die Pedale treten, sich erholen und wieder in die Pedale treten.\r\n\r\nWenn Sie sich f\u00fcr Asphalt begeistern, werden Sie mehr als 600 Kilometer Routen auf Nebenstra\u00dfen mit einer gro\u00dfartigen Fahrradatmosph\u00e4re entdecken. Hier finden Sie alles, von h\u00fcgeligen Routen bis hin zu K\u00f6nigsetappen mit Anstiegen auf Bergp\u00e4ssen der Sonderkategorie.\r\n\r\nWenn Sie hingegen Trails bevorzugen, bieten die bewaldeten H\u00fcgel rund um Lloret de Mar einen versteckten Schatz: kilometerlange Wege und Pfade mit st\u00e4ndigen H\u00f6henunterschieden, ideal, um Ihre technischen Mountainbike-F\u00e4higkeiten zu trainieren.\r\n\r\nAuf der Website <a href=\"https:\/\/www.lloretcycling.com\/de\">lloretcycling.com<\/a> finden Sie die bekanntesten Routen der Region sowie alle unsere Unterkunftsm\u00f6glichkeiten und speziellen Dienstleistungen f\u00fcr Radfahrer.","imatge":40769,"es_enllac_intern_o_extern":"intern","link_intern":"","link_extern":"","link_extern_text":""},{"titol":"Running","descripcio":"Wenn Sie gerne laufen, ist Lloret de Mar ein Paradies f\u00fcr Sie. Wir haben f\u00fcnf Trail-Strecken entlang des <em>Cam\u00ed de Ronda<\/em> und durch herrliche bewaldete Naturlandschaften sowie drei Asphaltstrecken entworfen.\r\n\r\nIm st\u00e4dtischen Schwimmbad gibt es ein Laufzentrum, wo Sie kostenlose Schlie\u00dff\u00e4cher, Informationen und Routen nutzen k\u00f6nnen.","imatge":40787,"es_enllac_intern_o_extern":"intern","link_intern":{"title":"Weitere Info","url":"http:\/\/lloretdemar.org\/wp-content\/uploads\/2020\/03\/running2019-1.pdf","target":"_blank"},"link_extern":"","link_extern_text":""},{"titol":"Kollektivsport","descripcio":"Hockey, Handball, Basketball und Hallenfu\u00dfball sind nur einige der Mannschaftssportarten, die Sie in unseren Einrichtungen aus\u00fcben k\u00f6nnen. Im Stadtzentrum gibt es drei Sportzentren und weitere Au\u00dfenanlagen f\u00fcr alle Arten von Mannschaftssportarten.","imatge":40775,"es_enllac_intern_o_extern":"intern","link_intern":{"title":"Weitere Info","url":"http:\/\/professionals.lloretdemar.org\/en\/tourism-products\/sports-tourism\/team-sports\/","target":"_blank"},"link_extern":"","link_extern_text":""},{"titol":"Triathlon","descripcio":"Lloret de Mar ist eine SBR-Stadt, die Triathleten hochwertige Indoor- und Outdoor-Einrichtungen bietet, in denen sie alle drei Disziplinen bequem trainieren k\u00f6nnen. Hinzu kommt das milde mediterrane Klima, das ideal f\u00fcr das Training ist, und schon haben Sie ein f\u00fchrendes Reiseziel f\u00fcr diesen Sport.\r\n\r\n&nbsp;\r\n\r\nInteressante Links:\r\n\r\n<a href=\"http:\/\/professionals.lloretdemar.org\/productes-turistics\/turisme-esportiu\/natacio\/\"><strong>Olympisches Indoor-Schwimmbecken<\/strong><\/a>\r\n\r\n<a href=\"http:\/\/www.lloretcycling.com\/es\/btt\"><strong>Rad- und Mountainbike-Routen<\/strong><\/a>\r\n\r\n<a href=\"http:\/\/www.lloretcycling.com\/es\/carretera\"><strong>Routen Radfahrer Touristen Stra\u00dfe<\/strong><\/a>\r\n\r\n<a href=\"https:\/\/lloretdemar.org\/wp-content\/uploads\/2020\/03\/running-poster.pdf\"><strong>Laufstrecken<\/strong><\/a>","imatge":40793,"es_enllac_intern_o_extern":"intern","link_intern":"","link_extern":"","link_extern_text":""},{"titol":"Dienstleistungen","descripcio":"Sollten Sie w\u00e4hrend Ihres Aufenthalts eine Unterkunft oder spezielle Dienstleistungen ben\u00f6tigen, kontaktieren Sie bitte unsere Partner.","imatge":15018,"es_enllac_intern_o_extern":"intern","link_intern":"","link_extern":"","link_extern_text":""}],"titol_boto":"","document":"","apartats":[{"acf_fc_layout":"bloc_text","titol":"","subtitol":"","descripcio":"In Lloret de Mar herrschen ganzj\u00e4hrig milde Temperaturen und es gibt viele Sonnenstunden. Seine privilegierte Lage im s\u00fcdlichen Teil der Costa Brava und sein modernes Sportangebot machen den Ort zum idealen Reiseziel f\u00fcr Sportliebhaber. Dar\u00fcber hinaus wurde der K\u00fcstenstadt das DTE-Siegel (zertifiziertes sporttouristisches Reiseziel) der katalanischen Tourismusagentur f\u00fcr folgende Sportarten verliehen: Fu\u00dfball, Leichtathletik, Radfahren und Schwimmen, Kollektivsport und Triathlon. Auf diese Weise k\u00f6nnen Spitzensportlern, Profis, Amateuren und Touristen hochwertige Service- und Dienstleistungen im Sportbereich garantiert werden."}]},"yoast_head":"<!-- This site is optimized with the Yoast SEO plugin v27.5 - https:\/\/yoast.com\/product\/yoast-seo-wordpress\/ -->\n<title>Sporttourismus in Lloret de Mar - Lloret de Mar<\/title>\n<meta name=\"description\" content=\"Lloret de Mar genie\u00dft das ganze Jahr \u00fcber milde Temperaturen und viele Sonnenstunden. Dar\u00fcber hinaus machen die privilegierte Lage im S\u00fcden der Costa Brava, die wundersch\u00f6ne Naturlandschaft und das breite Angebot an Sportanlagen und -ausr\u00fcstung Lloret de Mar zu einem idealen Reiseziel f\u00fcr Sportbegeisterte. Die Stadt hat eine lange Tradition im Sporttourismus und wurde vom&hellip;\" \/>\n<meta name=\"robots\" content=\"index, follow, max-snippet:-1, max-image-preview:large, max-video-preview:-1\" \/>\n<link rel=\"canonical\" href=\"https:\/\/lloretdemar.org\/de\/was-sie-in-lloret-de-mar-tun-konnen\/lloret-de-mar-bei-tag\/sporttourismus-in-lloret-de-mar\/\" \/>\n<meta property=\"og:locale\" content=\"de_DE\" \/>\n<meta property=\"og:type\" content=\"article\" \/>\n<meta property=\"og:title\" content=\"Sporttourismus in Lloret de Mar - Lloret de Mar\" \/>\n<meta property=\"og:description\" content=\"Lloret de Mar genie\u00dft das ganze Jahr \u00fcber milde Temperaturen und viele Sonnenstunden. Dar\u00fcber hinaus machen die privilegierte Lage im S\u00fcden der Costa Brava, die wundersch\u00f6ne Naturlandschaft und das breite Angebot an Sportanlagen und -ausr\u00fcstung Lloret de Mar zu einem idealen Reiseziel f\u00fcr Sportbegeisterte. Die Stadt hat eine lange Tradition im Sporttourismus und wurde vom&hellip;\" \/>\n<meta property=\"og:url\" content=\"https:\/\/lloretdemar.org\/de\/was-sie-in-lloret-de-mar-tun-konnen\/lloret-de-mar-bei-tag\/sporttourismus-in-lloret-de-mar\/\" \/>\n<meta property=\"og:site_name\" content=\"Lloret de Mar\" \/>\n<meta property=\"article:publisher\" content=\"https:\/\/www.facebook.com\/Lloretturisme\" \/>\n<meta property=\"article:modified_time\" content=\"2025-07-23T15:45:24+00:00\" \/>\n<meta property=\"og:image\" content=\"https:\/\/lloretdemar.org\/wp-content\/uploads\/2020\/02\/slide-esports.jpg\" \/>\n\t<meta property=\"og:image:width\" content=\"1920\" \/>\n\t<meta property=\"og:image:height\" content=\"885\" \/>\n\t<meta property=\"og:image:type\" content=\"image\/jpeg\" \/>\n<meta name=\"twitter:card\" content=\"summary_large_image\" \/>\n<meta name=\"twitter:site\" content=\"@lloretturisme\" \/>\n<meta name=\"twitter:label1\" content=\"Gesch\u00e4tzte Lesezeit\" \/>\n\t<meta name=\"twitter:data1\" content=\"1\u00a0Minute\" \/>\n<script type=\"application\/ld+json\" class=\"yoast-schema-graph\">{\"@context\":\"https:\\\/\\\/schema.org\",\"@graph\":[{\"@type\":\"WebPage\",\"@id\":\"https:\\\/\\\/lloretdemar.org\\\/de\\\/was-sie-in-lloret-de-mar-tun-konnen\\\/lloret-de-mar-bei-tag\\\/sporttourismus-in-lloret-de-mar\\\/\",\"url\":\"https:\\\/\\\/lloretdemar.org\\\/de\\\/was-sie-in-lloret-de-mar-tun-konnen\\\/lloret-de-mar-bei-tag\\\/sporttourismus-in-lloret-de-mar\\\/\",\"name\":\"Sporttourismus in Lloret de Mar - Lloret de Mar\",\"isPartOf\":{\"@id\":\"https:\\\/\\\/lloretdemar.org\\\/de\\\/#website\"},\"datePublished\":\"2020-02-07T12:38:33+00:00\",\"dateModified\":\"2025-07-23T15:45:24+00:00\",\"description\":\"Lloret de Mar\",\"breadcrumb\":{\"@id\":\"https:\\\/\\\/lloretdemar.org\\\/de\\\/was-sie-in-lloret-de-mar-tun-konnen\\\/lloret-de-mar-bei-tag\\\/sporttourismus-in-lloret-de-mar\\\/#breadcrumb\"},\"inLanguage\":\"de\",\"potentialAction\":[{\"@type\":\"ReadAction\",\"target\":[\"https:\\\/\\\/lloretdemar.org\\\/de\\\/was-sie-in-lloret-de-mar-tun-konnen\\\/lloret-de-mar-bei-tag\\\/sporttourismus-in-lloret-de-mar\\\/\"]}]},{\"@type\":\"BreadcrumbList\",\"@id\":\"https:\\\/\\\/lloretdemar.org\\\/de\\\/was-sie-in-lloret-de-mar-tun-konnen\\\/lloret-de-mar-bei-tag\\\/sporttourismus-in-lloret-de-mar\\\/#breadcrumb\",\"itemListElement\":[{\"@type\":\"ListItem\",\"position\":1,\"name\":\"Home\",\"item\":\"https:\\\/\\\/lloretdemar.org\\\/de\\\/\"},{\"@type\":\"ListItem\",\"position\":2,\"name\":\"Was Sie in Lloret de Mar tun k\u00f6nnen\",\"item\":\"https:\\\/\\\/lloretdemar.org\\\/de\\\/was-sie-in-lloret-de-mar-tun-konnen\\\/\"},{\"@type\":\"ListItem\",\"position\":3,\"name\":\"Lloret de Mar bei Tag\",\"item\":\"https:\\\/\\\/lloretdemar.org\\\/de\\\/was-sie-in-lloret-de-mar-tun-konnen\\\/lloret-de-mar-bei-tag\\\/\"},{\"@type\":\"ListItem\",\"position\":4,\"name\":\"Sporttourismus in Lloret de Mar\"}]},{\"@type\":\"WebSite\",\"@id\":\"https:\\\/\\\/lloretdemar.org\\\/de\\\/#website\",\"url\":\"https:\\\/\\\/lloretdemar.org\\\/de\\\/\",\"name\":\"Lloret de Mar\",\"description\":\"\",\"publisher\":{\"@id\":\"https:\\\/\\\/lloretdemar.org\\\/de\\\/#organization\"},\"potentialAction\":[{\"@type\":\"SearchAction\",\"target\":{\"@type\":\"EntryPoint\",\"urlTemplate\":\"https:\\\/\\\/lloretdemar.org\\\/de\\\/?s={search_term_string}\"},\"query-input\":{\"@type\":\"PropertyValueSpecification\",\"valueRequired\":true,\"valueName\":\"search_term_string\"}}],\"inLanguage\":\"de\"},{\"@type\":\"Organization\",\"@id\":\"https:\\\/\\\/lloretdemar.org\\\/de\\\/#organization\",\"name\":\"Lloret de Mar\",\"url\":\"https:\\\/\\\/lloretdemar.org\\\/de\\\/\",\"logo\":{\"@type\":\"ImageObject\",\"inLanguage\":\"de\",\"@id\":\"https:\\\/\\\/lloretdemar.org\\\/de\\\/#\\\/schema\\\/logo\\\/image\\\/\",\"url\":\"https:\\\/\\\/lloretdemar.org\\\/wp-content\\\/uploads\\\/2020\\\/05\\\/lloret-de-mar-logo.png\",\"contentUrl\":\"https:\\\/\\\/lloretdemar.org\\\/wp-content\\\/uploads\\\/2020\\\/05\\\/lloret-de-mar-logo.png\",\"width\":87,\"height\":38,\"caption\":\"Lloret de Mar\"},\"image\":{\"@id\":\"https:\\\/\\\/lloretdemar.org\\\/de\\\/#\\\/schema\\\/logo\\\/image\\\/\"},\"sameAs\":[\"https:\\\/\\\/www.facebook.com\\\/Lloretturisme\",\"https:\\\/\\\/x.com\\\/lloretturisme\",\"https:\\\/\\\/instagram.com\\\/lloretturisme\",\"https:\\\/\\\/www.youtube.com\\\/LloretTurisme\"]}]}<\/script>\n<!-- \/ Yoast SEO plugin. -->","yoast_head_json":{"title":"Sporttourismus in Lloret de Mar - Lloret de Mar","description":"Lloret de Mar genie\u00dft das ganze Jahr \u00fcber milde Temperaturen und viele Sonnenstunden. Dar\u00fcber hinaus machen die privilegierte Lage im S\u00fcden der Costa Brava, die wundersch\u00f6ne Naturlandschaft und das breite Angebot an Sportanlagen und -ausr\u00fcstung Lloret de Mar zu einem idealen Reiseziel f\u00fcr Sportbegeisterte. Die Stadt hat eine lange Tradition im Sporttourismus und wurde vom&hellip;","robots":{"index":"index","follow":"follow","max-snippet":"max-snippet:-1","max-image-preview":"max-image-preview:large","max-video-preview":"max-video-preview:-1"},"canonical":"https:\/\/lloretdemar.org\/de\/was-sie-in-lloret-de-mar-tun-konnen\/lloret-de-mar-bei-tag\/sporttourismus-in-lloret-de-mar\/","og_locale":"de_DE","og_type":"article","og_title":"Sporttourismus in Lloret de Mar - Lloret de Mar","og_description":"Lloret de Mar genie\u00dft das ganze Jahr \u00fcber milde Temperaturen und viele Sonnenstunden. Dar\u00fcber hinaus machen die privilegierte Lage im S\u00fcden der Costa Brava, die wundersch\u00f6ne Naturlandschaft und das breite Angebot an Sportanlagen und -ausr\u00fcstung Lloret de Mar zu einem idealen Reiseziel f\u00fcr Sportbegeisterte. Die Stadt hat eine lange Tradition im Sporttourismus und wurde vom&hellip;","og_url":"https:\/\/lloretdemar.org\/de\/was-sie-in-lloret-de-mar-tun-konnen\/lloret-de-mar-bei-tag\/sporttourismus-in-lloret-de-mar\/","og_site_name":"Lloret de Mar","article_publisher":"https:\/\/www.facebook.com\/Lloretturisme","article_modified_time":"2025-07-23T15:45:24+00:00","og_image":[{"width":1920,"height":885,"url":"https:\/\/lloretdemar.org\/wp-content\/uploads\/2020\/02\/slide-esports.jpg","type":"image\/jpeg"}],"twitter_card":"summary_large_image","twitter_site":"@lloretturisme","twitter_misc":{"Gesch\u00e4tzte Lesezeit":"1\u00a0Minute"},"schema":{"@context":"https:\/\/schema.org","@graph":[{"@type":"WebPage","@id":"https:\/\/lloretdemar.org\/de\/was-sie-in-lloret-de-mar-tun-konnen\/lloret-de-mar-bei-tag\/sporttourismus-in-lloret-de-mar\/","url":"https:\/\/lloretdemar.org\/de\/was-sie-in-lloret-de-mar-tun-konnen\/lloret-de-mar-bei-tag\/sporttourismus-in-lloret-de-mar\/","name":"Sporttourismus in Lloret de Mar - Lloret de Mar","isPartOf":{"@id":"https:\/\/lloretdemar.org\/de\/#website"},"datePublished":"2020-02-07T12:38:33+00:00","dateModified":"2025-07-23T15:45:24+00:00","description":"Lloret de Mar","breadcrumb":{"@id":"https:\/\/lloretdemar.org\/de\/was-sie-in-lloret-de-mar-tun-konnen\/lloret-de-mar-bei-tag\/sporttourismus-in-lloret-de-mar\/#breadcrumb"},"inLanguage":"de","potentialAction":[{"@type":"ReadAction","target":["https:\/\/lloretdemar.org\/de\/was-sie-in-lloret-de-mar-tun-konnen\/lloret-de-mar-bei-tag\/sporttourismus-in-lloret-de-mar\/"]}]},{"@type":"BreadcrumbList","@id":"https:\/\/lloretdemar.org\/de\/was-sie-in-lloret-de-mar-tun-konnen\/lloret-de-mar-bei-tag\/sporttourismus-in-lloret-de-mar\/#breadcrumb","itemListElement":[{"@type":"ListItem","position":1,"name":"Home","item":"https:\/\/lloretdemar.org\/de\/"},{"@type":"ListItem","position":2,"name":"Was Sie in Lloret de Mar tun k\u00f6nnen","item":"https:\/\/lloretdemar.org\/de\/was-sie-in-lloret-de-mar-tun-konnen\/"},{"@type":"ListItem","position":3,"name":"Lloret de Mar bei Tag","item":"https:\/\/lloretdemar.org\/de\/was-sie-in-lloret-de-mar-tun-konnen\/lloret-de-mar-bei-tag\/"},{"@type":"ListItem","position":4,"name":"Sporttourismus in Lloret de Mar"}]},{"@type":"WebSite","@id":"https:\/\/lloretdemar.org\/de\/#website","url":"https:\/\/lloretdemar.org\/de\/","name":"Lloret de Mar","description":"","publisher":{"@id":"https:\/\/lloretdemar.org\/de\/#organization"},"potentialAction":[{"@type":"SearchAction","target":{"@type":"EntryPoint","urlTemplate":"https:\/\/lloretdemar.org\/de\/?s={search_term_string}"},"query-input":{"@type":"PropertyValueSpecification","valueRequired":true,"valueName":"search_term_string"}}],"inLanguage":"de"},{"@type":"Organization","@id":"https:\/\/lloretdemar.org\/de\/#organization","name":"Lloret de Mar","url":"https:\/\/lloretdemar.org\/de\/","logo":{"@type":"ImageObject","inLanguage":"de","@id":"https:\/\/lloretdemar.org\/de\/#\/schema\/logo\/image\/","url":"https:\/\/lloretdemar.org\/wp-content\/uploads\/2020\/05\/lloret-de-mar-logo.png","contentUrl":"https:\/\/lloretdemar.org\/wp-content\/uploads\/2020\/05\/lloret-de-mar-logo.png","width":87,"height":38,"caption":"Lloret de Mar"},"image":{"@id":"https:\/\/lloretdemar.org\/de\/#\/schema\/logo\/image\/"},"sameAs":["https:\/\/www.facebook.com\/Lloretturisme","https:\/\/x.com\/lloretturisme","https:\/\/instagram.com\/lloretturisme","https:\/\/www.youtube.com\/LloretTurisme"]}]}},"_links":{"self":[{"href":"https:\/\/lloretdemar.org\/de\/wp-json\/wp\/v2\/pages\/15000","targetHints":{"allow":["GET"]}}],"collection":[{"href":"https:\/\/lloretdemar.org\/de\/wp-json\/wp\/v2\/pages"}],"about":[{"href":"https:\/\/lloretdemar.org\/de\/wp-json\/wp\/v2\/types\/page"}],"author":[{"embeddable":true,"href":"https:\/\/lloretdemar.org\/de\/wp-json\/wp\/v2\/users\/12"}],"replies":[{"embeddable":true,"href":"https:\/\/lloretdemar.org\/de\/wp-json\/wp\/v2\/comments?post=15000"}],"version-history":[{"count":2,"href":"https:\/\/lloretdemar.org\/de\/wp-json\/wp\/v2\/pages\/15000\/revisions"}],"predecessor-version":[{"id":40805,"href":"https:\/\/lloretdemar.org\/de\/wp-json\/wp\/v2\/pages\/15000\/revisions\/40805"}],"up":[{"embeddable":true,"href":"https:\/\/lloretdemar.org\/de\/wp-json\/wp\/v2\/pages\/13096"}],"wp:attachment":[{"href":"https:\/\/lloretdemar.org\/de\/wp-json\/wp\/v2\/media?parent=15000"}],"curies":[{"name":"wp","href":"https:\/\/api.w.org\/{rel}","templated":true}]}}