{"id":14823,"date":"2020-03-30T13:33:49","date_gmt":"2020-03-30T11:33:49","guid":{"rendered":"http:\/\/lloretdemar.org\/festes-populars\/"},"modified":"2020-11-03T09:44:15","modified_gmt":"2020-11-03T08:44:15","slug":"volksfeste","status":"publish","type":"page","link":"https:\/\/lloretdemar.org\/de\/veranstaltungshighlights\/volksfeste\/","title":{"rendered":"Volksfeste"},"content":{"rendered":"","protected":false},"excerpt":{"rendered":"","protected":false},"author":3,"featured_media":0,"parent":15746,"menu_order":0,"comment_status":"closed","ping_status":"closed","template":"page-templates\/mouret-15.php","meta":{"_acf_changed":false,"content-type":"","footnotes":""},"class_list":["post-14823","page","type-page","status-publish","hentry"],"acf":{"banner_imatge":7121,"banner_titol":"Volksfeste","banner_subtitol":"","botons_blanc_o_negres":"defecte","banner_links":[{"es_post":false,"banner_link":{"title":"Santa Cristina, das Stadtfest von Lloret","url":"https:\/\/lloretdemar.org\/de\/activitat\/santa-cristina-das-stadtfest-von-lloret\/","target":""},"link_intern":null,"link_intern_titol":""},{"es_post":false,"banner_link":{"title":"Pilgerfahrt der Vergebung","url":"http:\/\/www.xinoxano.org\/ca\/activitats\/anada-a-laplec-dels-perdons","target":""},"link_intern":null,"link_intern_titol":""},{"es_post":false,"banner_link":{"title":"Blumenfest in Freuden","url":"https:\/\/lloretdemar.org\/de\/veranstaltungshighlights\/volksfeste\/","target":""},"link_intern":null,"link_intern_titol":""},{"es_post":false,"banner_link":{"title":"Beliebte M\u00e4rz die Einsiedeleien von Lloret","url":"http:\/\/www.xinoxano.org\/ca\/activitats\/marxa-a-les-ermites","target":""},"link_intern":null,"link_intern_titol":""},{"es_post":false,"banner_link":{"title":"Beliebte M\u00e4rz die Str\u00e4nde von Lloret","url":"http:\/\/www.xinoxano.org\/ca\/activitats\/marxa-popular-platges-les-de-lloret","target":""},"link_intern":null,"link_intern_titol":""},{"es_post":false,"banner_link":{"title":"Fiesta Mayor von San Roman","url":"https:\/\/lloretdemar.org\/de\/veranstaltungshighlights\/volksfeste\/","target":""},"link_intern":null,"link_intern_titol":""}],"blocs":[{"titol":"Santa Cristina, das Stadtfest von Lloret ","descripcio":"Am 24. Juli feiert Lloret de Mar sein Stadtest, die Fiesta Mayor des Sommers, zu Ehren seiner Schutzpatronin Santa Cristina. Vorf\u00fchrungen und Veranstaltungen wie die Prozession zur Kapelle zu Ehren der Santa Cristina, der Ball de la Pla\u00e7a oder die Regatta S\u2018Amorra Amorra am Strand von Santa Cristina sind nur einige der traditionsreichen Aktivit\u00e4ten, die Sie in Lloret in diesem Zeitraum erleben k\u00f6nnen.","imatge":12601,"es_enllac_intern_o_extern":"intern","link_intern":{"title":"Weitere Info","url":"https:\/\/lloretdemar.org\/de\/activitat\/santa-cristina-das-stadtfest-von-lloret\/","target":""},"link_extern":"","link_extern_text":""},{"titol":"Pilgerfahrt der Vergebung","descripcio":"W\u00e4hrend der Fastenzeit findet jeden zweiten Sonntag die traditionelle Romer\u00eda de los perdones (Wallfahrt der Vergebung) statt, eine Wanderung bis zur Kapelle Ermita de Santa Cristina, die am Pla\u00e7a de la Vila startet und mit dem Sardana-Volkstanz und der beliebten Paella endet.\r\nF\u00fcr weitere Informationen oder Anmeldungen: www.xinoxano.org","imatge":12631,"es_enllac_intern_o_extern":"intern","link_intern":{"title":"Weitere Informationen und \/ oder Anmeldungen","url":"http:\/\/www.xinoxano.org\/ca\/activitats\/anada-a-laplec-dels-perdons","target":"_blank"},"link_extern":"","link_extern_text":""},{"titol":"Blumenfest in Freuden","descripcio":"Die Festa de les Flors (Blumenfest) wird Mitte Mai gefeiert. Die Kirche wird mit Blumen geschm\u00fcckt und es finden den ganzen Tag \u00fcber Aktivit\u00e4ten in ihrer N\u00e4he statt.\r\nZus\u00e4tzlich zum Blumen-Wettbewerb am fr\u00fchen Morgen in Alegries k\u00f6nnen Sie allen m\u00f6glichen Veranstaltungen beiwohnen, wie z. B. Sardanas, T\u00e4nze, Kinderanimation, Lesungen und vieles mehr.","imatge":12625,"es_enllac_intern_o_extern":"intern","link_intern":"","link_extern":"","link_extern_text":""},{"titol":"Beliebte M\u00e4rz die Einsiedeleien von Lloret","descripcio":"Mit einer Strecke von etwa 18 Kilometern ist der Marcha Popular de las Ermitas (Wanderung zu den Kapellen von Lloret) eine der bedeutendsten Wanderungen von Lloret.\r\n\r\nWenn Sie an ihm teilnehmen, haben Sie die M\u00f6glichkeit, Sant Quirze, les Alegries, Sant Pere del Bosc, Santa Cristina, das Denkmal von l'\u00c0ngel, die Kapelle der Virgen de Gracia und la Cruz de T\u00e9rmino zu entdecken. Abschlie\u00dfend k\u00f6nnen Sie ein Fr\u00fchst\u00fcck am Hauptstrand von Lloret genie\u00dfen.","imatge":7101,"es_enllac_intern_o_extern":"intern","link_intern":{"title":"F\u00fcr weitere Informationen oder Anmeldungen","url":"http:\/\/www.xinoxano.org\/ca\/activitats\/marxa-a-les-ermites","target":"_blank"},"link_extern":"","link_extern_text":""},{"titol":"Beliebte M\u00e4rz die Str\u00e4nde von Lloret","descripcio":"Am letzten Sonntag im September findet zur Feier des Welttourismustages der Marcha Popular de las Playas de Lloret (Wanderung zu den Str\u00e4nden von Lloret) statt. Nehmen Sie daran teil und lernen Sie die gesamte K\u00fcste von Lloret bei dieser Wanderung kennen, die in der Bucht Cala Canyelles beginnt und in der Bucht Santa Cristina endet.\r\n\r\nDer Treffpunkt ist am Pla\u00e7a de la Vila am fr\u00fchen Morgen und von dort aus geht es entweder mit dem Boot oder dem Bus zur Bucht Cala Canyelles, wo die Wanderung beginnt.\r\n\r\nSie werden auf dem K\u00fcstenwanderweg bis zum Strand von Santa Cristina wandern und dabei eine Strecke von etwa 11 km zur\u00fccklegen, die fast immer am Meer entlangf\u00fchrt, wodurch sich Ihnen unvergessliche Ausblicke auf die Steilk\u00fcste bieten.\r\n\r\nDamit die Wanderung ihrem Namen gerecht wird, kommen Sie an der Bucht Cala Trons, Sa Caleta, dem Platja Gran de Lloret, Fenals und der Bucht Cala Sa Boadella vorbei, bis Sie letztendlich Santa Cristina erreichen, wo Sie eine k\u00f6stliche Sardinada (Sardinengericht) erwartet.","imatge":12619,"es_enllac_intern_o_extern":"intern","link_intern":{"title":"F\u00fcr weitere Informationen oder Anmeldungen","url":"http:\/\/www.xinoxano.org\/ca\/activitats\/marxa-popular-platges-les-de-lloret","target":"_blank"},"link_extern":"","link_extern_text":""},{"titol":"Fiesta Mayor von San Roman","descripcio":"Das Winterfest (Fiesta Mayor de Invierno) in Lloret de Mar findet an San Romano am 18. November statt. Zu Beginn wurde das Fest nur an einem einzigen Tag gefeiert. Es wurde jedoch erweitert und heutzutage findet San Roman fast den gesamten November \u00fcber statt.\r\nZu den Feierlichkeiten geh\u00f6ren Ausstellungen, Konzerte, Kino- und Theatervorstellungen, Darbietungen des Sardanas, Kinderspiele und zahlreiche Kultur und Freizeitaktivit\u00e4ten, bei denen sowohl die Gro\u00dfen als auch die Kleinen ihren Spa\u00df auf bei diesem Fest haben werden.","imatge":12637,"es_enllac_intern_o_extern":"intern","link_intern":"","link_extern":"","link_extern_text":""}],"titol_boto":"","document":"","apartats":null},"yoast_head":"<!-- This site is optimized with the Yoast SEO plugin v27.5 - https:\/\/yoast.com\/product\/yoast-seo-wordpress\/ -->\n<title>Volksfeste - Lloret de Mar<\/title>\n<meta name=\"robots\" content=\"index, follow, max-snippet:-1, max-image-preview:large, max-video-preview:-1\" \/>\n<link rel=\"canonical\" href=\"https:\/\/lloretdemar.org\/de\/veranstaltungshighlights\/volksfeste\/\" \/>\n<meta property=\"og:locale\" content=\"de_DE\" \/>\n<meta property=\"og:type\" content=\"article\" \/>\n<meta property=\"og:title\" content=\"Volksfeste - Lloret de Mar\" \/>\n<meta property=\"og:url\" content=\"https:\/\/lloretdemar.org\/de\/veranstaltungshighlights\/volksfeste\/\" \/>\n<meta property=\"og:site_name\" content=\"Lloret de Mar\" \/>\n<meta property=\"article:publisher\" content=\"https:\/\/www.facebook.com\/Lloretturisme\" \/>\n<meta property=\"article:modified_time\" content=\"2020-11-03T08:44:15+00:00\" \/>\n<meta property=\"og:image\" content=\"https:\/\/lloretdemar.org\/wp-content\/uploads\/2020\/03\/FestaMajorSantaCristina.jpg\" \/>\n\t<meta property=\"og:image:width\" content=\"1920\" \/>\n\t<meta property=\"og:image:height\" content=\"885\" \/>\n\t<meta property=\"og:image:type\" content=\"image\/jpeg\" \/>\n<meta name=\"twitter:card\" content=\"summary_large_image\" \/>\n<meta name=\"twitter:site\" content=\"@lloretturisme\" \/>\n<script type=\"application\/ld+json\" class=\"yoast-schema-graph\">{\"@context\":\"https:\\\/\\\/schema.org\",\"@graph\":[{\"@type\":\"WebPage\",\"@id\":\"https:\\\/\\\/lloretdemar.org\\\/de\\\/veranstaltungshighlights\\\/volksfeste\\\/\",\"url\":\"https:\\\/\\\/lloretdemar.org\\\/de\\\/veranstaltungshighlights\\\/volksfeste\\\/\",\"name\":\"Volksfeste - Lloret de Mar\",\"isPartOf\":{\"@id\":\"https:\\\/\\\/lloretdemar.org\\\/de\\\/#website\"},\"datePublished\":\"2020-03-30T11:33:49+00:00\",\"dateModified\":\"2020-11-03T08:44:15+00:00\",\"description\":\"Lloret de Mar\",\"breadcrumb\":{\"@id\":\"https:\\\/\\\/lloretdemar.org\\\/de\\\/veranstaltungshighlights\\\/volksfeste\\\/#breadcrumb\"},\"inLanguage\":\"de\",\"potentialAction\":[{\"@type\":\"ReadAction\",\"target\":[\"https:\\\/\\\/lloretdemar.org\\\/de\\\/veranstaltungshighlights\\\/volksfeste\\\/\"]}]},{\"@type\":\"BreadcrumbList\",\"@id\":\"https:\\\/\\\/lloretdemar.org\\\/de\\\/veranstaltungshighlights\\\/volksfeste\\\/#breadcrumb\",\"itemListElement\":[{\"@type\":\"ListItem\",\"position\":1,\"name\":\"Home\",\"item\":\"https:\\\/\\\/lloretdemar.org\\\/de\\\/\"},{\"@type\":\"ListItem\",\"position\":2,\"name\":\"Veranstaltungshighlights\",\"item\":\"https:\\\/\\\/lloretdemar.org\\\/de\\\/veranstaltungshighlights\\\/\"},{\"@type\":\"ListItem\",\"position\":3,\"name\":\"Volksfeste\"}]},{\"@type\":\"WebSite\",\"@id\":\"https:\\\/\\\/lloretdemar.org\\\/de\\\/#website\",\"url\":\"https:\\\/\\\/lloretdemar.org\\\/de\\\/\",\"name\":\"Lloret de Mar\",\"description\":\"\",\"publisher\":{\"@id\":\"https:\\\/\\\/lloretdemar.org\\\/de\\\/#organization\"},\"potentialAction\":[{\"@type\":\"SearchAction\",\"target\":{\"@type\":\"EntryPoint\",\"urlTemplate\":\"https:\\\/\\\/lloretdemar.org\\\/de\\\/?s={search_term_string}\"},\"query-input\":{\"@type\":\"PropertyValueSpecification\",\"valueRequired\":true,\"valueName\":\"search_term_string\"}}],\"inLanguage\":\"de\"},{\"@type\":\"Organization\",\"@id\":\"https:\\\/\\\/lloretdemar.org\\\/de\\\/#organization\",\"name\":\"Lloret de Mar\",\"url\":\"https:\\\/\\\/lloretdemar.org\\\/de\\\/\",\"logo\":{\"@type\":\"ImageObject\",\"inLanguage\":\"de\",\"@id\":\"https:\\\/\\\/lloretdemar.org\\\/de\\\/#\\\/schema\\\/logo\\\/image\\\/\",\"url\":\"https:\\\/\\\/lloretdemar.org\\\/wp-content\\\/uploads\\\/2020\\\/05\\\/lloret-de-mar-logo.png\",\"contentUrl\":\"https:\\\/\\\/lloretdemar.org\\\/wp-content\\\/uploads\\\/2020\\\/05\\\/lloret-de-mar-logo.png\",\"width\":87,\"height\":38,\"caption\":\"Lloret de Mar\"},\"image\":{\"@id\":\"https:\\\/\\\/lloretdemar.org\\\/de\\\/#\\\/schema\\\/logo\\\/image\\\/\"},\"sameAs\":[\"https:\\\/\\\/www.facebook.com\\\/Lloretturisme\",\"https:\\\/\\\/x.com\\\/lloretturisme\",\"https:\\\/\\\/instagram.com\\\/lloretturisme\",\"https:\\\/\\\/www.youtube.com\\\/LloretTurisme\"]}]}<\/script>\n<!-- \/ Yoast SEO plugin. -->","yoast_head_json":{"title":"Volksfeste - Lloret de Mar","robots":{"index":"index","follow":"follow","max-snippet":"max-snippet:-1","max-image-preview":"max-image-preview:large","max-video-preview":"max-video-preview:-1"},"canonical":"https:\/\/lloretdemar.org\/de\/veranstaltungshighlights\/volksfeste\/","og_locale":"de_DE","og_type":"article","og_title":"Volksfeste - Lloret de Mar","og_url":"https:\/\/lloretdemar.org\/de\/veranstaltungshighlights\/volksfeste\/","og_site_name":"Lloret de Mar","article_publisher":"https:\/\/www.facebook.com\/Lloretturisme","article_modified_time":"2020-11-03T08:44:15+00:00","og_image":[{"width":1920,"height":885,"url":"https:\/\/lloretdemar.org\/wp-content\/uploads\/2020\/03\/FestaMajorSantaCristina.jpg","type":"image\/jpeg"}],"twitter_card":"summary_large_image","twitter_site":"@lloretturisme","schema":{"@context":"https:\/\/schema.org","@graph":[{"@type":"WebPage","@id":"https:\/\/lloretdemar.org\/de\/veranstaltungshighlights\/volksfeste\/","url":"https:\/\/lloretdemar.org\/de\/veranstaltungshighlights\/volksfeste\/","name":"Volksfeste - Lloret de Mar","isPartOf":{"@id":"https:\/\/lloretdemar.org\/de\/#website"},"datePublished":"2020-03-30T11:33:49+00:00","dateModified":"2020-11-03T08:44:15+00:00","description":"Lloret de Mar","breadcrumb":{"@id":"https:\/\/lloretdemar.org\/de\/veranstaltungshighlights\/volksfeste\/#breadcrumb"},"inLanguage":"de","potentialAction":[{"@type":"ReadAction","target":["https:\/\/lloretdemar.org\/de\/veranstaltungshighlights\/volksfeste\/"]}]},{"@type":"BreadcrumbList","@id":"https:\/\/lloretdemar.org\/de\/veranstaltungshighlights\/volksfeste\/#breadcrumb","itemListElement":[{"@type":"ListItem","position":1,"name":"Home","item":"https:\/\/lloretdemar.org\/de\/"},{"@type":"ListItem","position":2,"name":"Veranstaltungshighlights","item":"https:\/\/lloretdemar.org\/de\/veranstaltungshighlights\/"},{"@type":"ListItem","position":3,"name":"Volksfeste"}]},{"@type":"WebSite","@id":"https:\/\/lloretdemar.org\/de\/#website","url":"https:\/\/lloretdemar.org\/de\/","name":"Lloret de Mar","description":"","publisher":{"@id":"https:\/\/lloretdemar.org\/de\/#organization"},"potentialAction":[{"@type":"SearchAction","target":{"@type":"EntryPoint","urlTemplate":"https:\/\/lloretdemar.org\/de\/?s={search_term_string}"},"query-input":{"@type":"PropertyValueSpecification","valueRequired":true,"valueName":"search_term_string"}}],"inLanguage":"de"},{"@type":"Organization","@id":"https:\/\/lloretdemar.org\/de\/#organization","name":"Lloret de Mar","url":"https:\/\/lloretdemar.org\/de\/","logo":{"@type":"ImageObject","inLanguage":"de","@id":"https:\/\/lloretdemar.org\/de\/#\/schema\/logo\/image\/","url":"https:\/\/lloretdemar.org\/wp-content\/uploads\/2020\/05\/lloret-de-mar-logo.png","contentUrl":"https:\/\/lloretdemar.org\/wp-content\/uploads\/2020\/05\/lloret-de-mar-logo.png","width":87,"height":38,"caption":"Lloret de Mar"},"image":{"@id":"https:\/\/lloretdemar.org\/de\/#\/schema\/logo\/image\/"},"sameAs":["https:\/\/www.facebook.com\/Lloretturisme","https:\/\/x.com\/lloretturisme","https:\/\/instagram.com\/lloretturisme","https:\/\/www.youtube.com\/LloretTurisme"]}]}},"_links":{"self":[{"href":"https:\/\/lloretdemar.org\/de\/wp-json\/wp\/v2\/pages\/14823","targetHints":{"allow":["GET"]}}],"collection":[{"href":"https:\/\/lloretdemar.org\/de\/wp-json\/wp\/v2\/pages"}],"about":[{"href":"https:\/\/lloretdemar.org\/de\/wp-json\/wp\/v2\/types\/page"}],"author":[{"embeddable":true,"href":"https:\/\/lloretdemar.org\/de\/wp-json\/wp\/v2\/users\/3"}],"replies":[{"embeddable":true,"href":"https:\/\/lloretdemar.org\/de\/wp-json\/wp\/v2\/comments?post=14823"}],"version-history":[{"count":0,"href":"https:\/\/lloretdemar.org\/de\/wp-json\/wp\/v2\/pages\/14823\/revisions"}],"up":[{"embeddable":true,"href":"https:\/\/lloretdemar.org\/de\/wp-json\/wp\/v2\/pages\/15746"}],"wp:attachment":[{"href":"https:\/\/lloretdemar.org\/de\/wp-json\/wp\/v2\/media?parent=14823"}],"curies":[{"name":"wp","href":"https:\/\/api.w.org\/{rel}","templated":true}]}}