{"id":14816,"date":"2020-02-13T12:17:20","date_gmt":"2020-02-13T11:17:20","guid":{"rendered":"http:\/\/lloretdemar.org\/festivals\/"},"modified":"2020-12-15T15:35:29","modified_gmt":"2020-12-15T14:35:29","slug":"festivals","status":"publish","type":"page","link":"https:\/\/lloretdemar.org\/de\/festivals\/","title":{"rendered":"Festivals"},"content":{"rendered":"\n<p>In Lloret de Mar werden Ihnen ganzj\u00e4hrig zahlreiche Festivals und Aktivit\u00e4ten geboten, die Ihren Urlaub in ein unvergessliches Erlebnis verwandeln. Musikspektakel, Tanz- und Theaterauff\u00fchrungen, Showacts, Zirkusvorstellungen&#8230; All das und noch viel mehr erwartet Sie in Lloret de Mar!<\/p>\n","protected":false},"excerpt":{"rendered":"<p>In Lloret de Mar werden Ihnen ganzj\u00e4hrig zahlreiche Festivals und Aktivit\u00e4ten geboten, die Ihren Urlaub in ein unvergessliches Erlebnis verwandeln. Musikspektakel, Tanz- und Theaterauff\u00fchrungen, Showacts, Zirkusvorstellungen&#8230; All das und noch viel mehr erwartet Sie in Lloret de Mar!<\/p>\n","protected":false},"author":12,"featured_media":0,"parent":0,"menu_order":0,"comment_status":"closed","ping_status":"closed","template":"page-templates\/mouret-15.php","meta":{"_acf_changed":false,"content-type":"","footnotes":""},"class_list":["post-14816","page","type-page","status-publish","hentry"],"acf":{"banner_imatge":11310,"banner_titol":"Festivals","banner_subtitol":"","botons_blanc_o_negres":"defecte","banner_links":[{"es_post":false,"banner_link":{"title":"Lloret Outdoor Summer Festival","url":"https:\/\/lloretdemar.org\/de\/activitat\/lloret-outdoor-summer-festival\/","target":""},"link_intern":4694,"link_intern_titol":"Lloret Outdoor Summer Festival"},{"es_post":false,"banner_link":{"title":"Clon Festival","url":"https:\/\/lloretdemar.org\/de\/activitat\/clon-festival\/","target":""},"link_intern":4695,"link_intern_titol":"Clon Festival"}],"blocs":[{"titol":"Lloret Outdoor Summer Festival","descripcio":"Erleben Sie jeden Sommer die Vielfalt der Auff\u00fchrungen des Lloret Outdoor Summer Festival, ein Open-Air-Festival, das sein Publikum mit kostenlosen Shows unterh\u00e4lt.","imatge":9690,"es_enllac_intern_o_extern":"intern","link_intern":{"title":"Weitere Info","url":"http:\/\/lloretdemar.org\/de\/activitat\/lloret-outdoor-summer-festival\/","target":""},"link_extern":"","link_extern_text":""},{"titol":"Clon Festival","descripcio":"Jedes Jahr wird die Stadt Lloret de Mar zum Gastgeber des sommerlichen Musikfestivals Festival Clon.","imatge":13167,"es_enllac_intern_o_extern":"intern","link_intern":{"title":"Weitere Info","url":"http:\/\/lloretdemar.org\/de\/activitat\/clon-festival\/","target":""},"link_extern":"","link_extern_text":""}],"titol_boto":"","document":"","apartats":[{"acf_fc_layout":"bloc_text","titol":"","subtitol":"","descripcio":"In Lloret de Mar werden Ihnen ganzj\u00e4hrig zahlreiche Festivals und Aktivit\u00e4ten geboten, die Ihren Urlaub in ein unvergessliches Erlebnis verwandeln.\r\n\r\nMusikspektakel, Tanz- und Theaterauff\u00fchrungen, Showacts, Zirkusvorstellungen... All das und noch viel mehr erwartet Sie in Lloret de Mar!\r\n\r\nWenn Sie w\u00e4hrend Ihres Aufenthalts in Lloret nichts verpassen m\u00f6chten, werfen Sie einen Blick auf unseren Veranstaltungskalender!"}]},"yoast_head":"<!-- This site is optimized with the Yoast SEO plugin v27.5 - https:\/\/yoast.com\/product\/yoast-seo-wordpress\/ -->\n<title>Festivals - Lloret de Mar<\/title>\n<meta name=\"description\" content=\"In Lloret de Mar werden Ihnen ganzj\u00e4hrig zahlreiche Festivals und Aktivit\u00e4ten geboten, die Ihren Urlaub in ein unvergessliches Erlebnis verwandeln. Musikspektakel, Tanz- und Theaterauff\u00fchrungen, Showacts, Zirkusvorstellungen... All das und noch viel mehr erwartet Sie in Lloret de Mar!\" \/>\n<meta name=\"robots\" content=\"index, follow, max-snippet:-1, max-image-preview:large, max-video-preview:-1\" \/>\n<link rel=\"canonical\" href=\"https:\/\/lloretdemar.org\/de\/festivals\/\" \/>\n<meta property=\"og:locale\" content=\"de_DE\" \/>\n<meta property=\"og:type\" content=\"article\" \/>\n<meta property=\"og:title\" content=\"Festivals - Lloret de Mar\" \/>\n<meta property=\"og:description\" content=\"In Lloret de Mar werden Ihnen ganzj\u00e4hrig zahlreiche Festivals und Aktivit\u00e4ten geboten, die Ihren Urlaub in ein unvergessliches Erlebnis verwandeln. Musikspektakel, Tanz- und Theaterauff\u00fchrungen, Showacts, Zirkusvorstellungen... All das und noch viel mehr erwartet Sie in Lloret de Mar!\" \/>\n<meta property=\"og:url\" content=\"https:\/\/lloretdemar.org\/de\/festivals\/\" \/>\n<meta property=\"og:site_name\" content=\"Lloret de Mar\" \/>\n<meta property=\"article:publisher\" content=\"https:\/\/www.facebook.com\/Lloretturisme\" \/>\n<meta property=\"article:modified_time\" content=\"2020-12-15T14:35:29+00:00\" \/>\n<meta property=\"og:image\" content=\"https:\/\/lloretdemar.org\/wp-content\/uploads\/2019\/10\/home_page_5.jpg\" \/>\n\t<meta property=\"og:image:width\" content=\"1920\" \/>\n\t<meta property=\"og:image:height\" content=\"885\" \/>\n\t<meta property=\"og:image:type\" content=\"image\/jpeg\" \/>\n<meta name=\"twitter:card\" content=\"summary_large_image\" \/>\n<meta name=\"twitter:site\" content=\"@lloretturisme\" \/>\n<script type=\"application\/ld+json\" class=\"yoast-schema-graph\">{\"@context\":\"https:\\\/\\\/schema.org\",\"@graph\":[{\"@type\":\"WebPage\",\"@id\":\"https:\\\/\\\/lloretdemar.org\\\/de\\\/festivals\\\/\",\"url\":\"https:\\\/\\\/lloretdemar.org\\\/de\\\/festivals\\\/\",\"name\":\"Festivals - Lloret de Mar\",\"isPartOf\":{\"@id\":\"https:\\\/\\\/lloretdemar.org\\\/de\\\/#website\"},\"datePublished\":\"2020-02-13T11:17:20+00:00\",\"dateModified\":\"2020-12-15T14:35:29+00:00\",\"description\":\"Lloret de Mar\",\"breadcrumb\":{\"@id\":\"https:\\\/\\\/lloretdemar.org\\\/de\\\/festivals\\\/#breadcrumb\"},\"inLanguage\":\"de\",\"potentialAction\":[{\"@type\":\"ReadAction\",\"target\":[\"https:\\\/\\\/lloretdemar.org\\\/de\\\/festivals\\\/\"]}]},{\"@type\":\"BreadcrumbList\",\"@id\":\"https:\\\/\\\/lloretdemar.org\\\/de\\\/festivals\\\/#breadcrumb\",\"itemListElement\":[{\"@type\":\"ListItem\",\"position\":1,\"name\":\"Home\",\"item\":\"https:\\\/\\\/lloretdemar.org\\\/de\\\/\"},{\"@type\":\"ListItem\",\"position\":2,\"name\":\"Festivals\"}]},{\"@type\":\"WebSite\",\"@id\":\"https:\\\/\\\/lloretdemar.org\\\/de\\\/#website\",\"url\":\"https:\\\/\\\/lloretdemar.org\\\/de\\\/\",\"name\":\"Lloret de Mar\",\"description\":\"\",\"publisher\":{\"@id\":\"https:\\\/\\\/lloretdemar.org\\\/de\\\/#organization\"},\"potentialAction\":[{\"@type\":\"SearchAction\",\"target\":{\"@type\":\"EntryPoint\",\"urlTemplate\":\"https:\\\/\\\/lloretdemar.org\\\/de\\\/?s={search_term_string}\"},\"query-input\":{\"@type\":\"PropertyValueSpecification\",\"valueRequired\":true,\"valueName\":\"search_term_string\"}}],\"inLanguage\":\"de\"},{\"@type\":\"Organization\",\"@id\":\"https:\\\/\\\/lloretdemar.org\\\/de\\\/#organization\",\"name\":\"Lloret de Mar\",\"url\":\"https:\\\/\\\/lloretdemar.org\\\/de\\\/\",\"logo\":{\"@type\":\"ImageObject\",\"inLanguage\":\"de\",\"@id\":\"https:\\\/\\\/lloretdemar.org\\\/de\\\/#\\\/schema\\\/logo\\\/image\\\/\",\"url\":\"https:\\\/\\\/lloretdemar.org\\\/wp-content\\\/uploads\\\/2020\\\/05\\\/lloret-de-mar-logo.png\",\"contentUrl\":\"https:\\\/\\\/lloretdemar.org\\\/wp-content\\\/uploads\\\/2020\\\/05\\\/lloret-de-mar-logo.png\",\"width\":87,\"height\":38,\"caption\":\"Lloret de Mar\"},\"image\":{\"@id\":\"https:\\\/\\\/lloretdemar.org\\\/de\\\/#\\\/schema\\\/logo\\\/image\\\/\"},\"sameAs\":[\"https:\\\/\\\/www.facebook.com\\\/Lloretturisme\",\"https:\\\/\\\/x.com\\\/lloretturisme\",\"https:\\\/\\\/instagram.com\\\/lloretturisme\",\"https:\\\/\\\/www.youtube.com\\\/LloretTurisme\"]}]}<\/script>\n<!-- \/ Yoast SEO plugin. -->","yoast_head_json":{"title":"Festivals - Lloret de Mar","description":"In Lloret de Mar werden Ihnen ganzj\u00e4hrig zahlreiche Festivals und Aktivit\u00e4ten geboten, die Ihren Urlaub in ein unvergessliches Erlebnis verwandeln. Musikspektakel, Tanz- und Theaterauff\u00fchrungen, Showacts, Zirkusvorstellungen... All das und noch viel mehr erwartet Sie in Lloret de Mar!","robots":{"index":"index","follow":"follow","max-snippet":"max-snippet:-1","max-image-preview":"max-image-preview:large","max-video-preview":"max-video-preview:-1"},"canonical":"https:\/\/lloretdemar.org\/de\/festivals\/","og_locale":"de_DE","og_type":"article","og_title":"Festivals - Lloret de Mar","og_description":"In Lloret de Mar werden Ihnen ganzj\u00e4hrig zahlreiche Festivals und Aktivit\u00e4ten geboten, die Ihren Urlaub in ein unvergessliches Erlebnis verwandeln. Musikspektakel, Tanz- und Theaterauff\u00fchrungen, Showacts, Zirkusvorstellungen... All das und noch viel mehr erwartet Sie in Lloret de Mar!","og_url":"https:\/\/lloretdemar.org\/de\/festivals\/","og_site_name":"Lloret de Mar","article_publisher":"https:\/\/www.facebook.com\/Lloretturisme","article_modified_time":"2020-12-15T14:35:29+00:00","og_image":[{"width":1920,"height":885,"url":"https:\/\/lloretdemar.org\/wp-content\/uploads\/2019\/10\/home_page_5.jpg","type":"image\/jpeg"}],"twitter_card":"summary_large_image","twitter_site":"@lloretturisme","schema":{"@context":"https:\/\/schema.org","@graph":[{"@type":"WebPage","@id":"https:\/\/lloretdemar.org\/de\/festivals\/","url":"https:\/\/lloretdemar.org\/de\/festivals\/","name":"Festivals - Lloret de Mar","isPartOf":{"@id":"https:\/\/lloretdemar.org\/de\/#website"},"datePublished":"2020-02-13T11:17:20+00:00","dateModified":"2020-12-15T14:35:29+00:00","description":"Lloret de Mar","breadcrumb":{"@id":"https:\/\/lloretdemar.org\/de\/festivals\/#breadcrumb"},"inLanguage":"de","potentialAction":[{"@type":"ReadAction","target":["https:\/\/lloretdemar.org\/de\/festivals\/"]}]},{"@type":"BreadcrumbList","@id":"https:\/\/lloretdemar.org\/de\/festivals\/#breadcrumb","itemListElement":[{"@type":"ListItem","position":1,"name":"Home","item":"https:\/\/lloretdemar.org\/de\/"},{"@type":"ListItem","position":2,"name":"Festivals"}]},{"@type":"WebSite","@id":"https:\/\/lloretdemar.org\/de\/#website","url":"https:\/\/lloretdemar.org\/de\/","name":"Lloret de Mar","description":"","publisher":{"@id":"https:\/\/lloretdemar.org\/de\/#organization"},"potentialAction":[{"@type":"SearchAction","target":{"@type":"EntryPoint","urlTemplate":"https:\/\/lloretdemar.org\/de\/?s={search_term_string}"},"query-input":{"@type":"PropertyValueSpecification","valueRequired":true,"valueName":"search_term_string"}}],"inLanguage":"de"},{"@type":"Organization","@id":"https:\/\/lloretdemar.org\/de\/#organization","name":"Lloret de Mar","url":"https:\/\/lloretdemar.org\/de\/","logo":{"@type":"ImageObject","inLanguage":"de","@id":"https:\/\/lloretdemar.org\/de\/#\/schema\/logo\/image\/","url":"https:\/\/lloretdemar.org\/wp-content\/uploads\/2020\/05\/lloret-de-mar-logo.png","contentUrl":"https:\/\/lloretdemar.org\/wp-content\/uploads\/2020\/05\/lloret-de-mar-logo.png","width":87,"height":38,"caption":"Lloret de Mar"},"image":{"@id":"https:\/\/lloretdemar.org\/de\/#\/schema\/logo\/image\/"},"sameAs":["https:\/\/www.facebook.com\/Lloretturisme","https:\/\/x.com\/lloretturisme","https:\/\/instagram.com\/lloretturisme","https:\/\/www.youtube.com\/LloretTurisme"]}]}},"_links":{"self":[{"href":"https:\/\/lloretdemar.org\/de\/wp-json\/wp\/v2\/pages\/14816","targetHints":{"allow":["GET"]}}],"collection":[{"href":"https:\/\/lloretdemar.org\/de\/wp-json\/wp\/v2\/pages"}],"about":[{"href":"https:\/\/lloretdemar.org\/de\/wp-json\/wp\/v2\/types\/page"}],"author":[{"embeddable":true,"href":"https:\/\/lloretdemar.org\/de\/wp-json\/wp\/v2\/users\/12"}],"replies":[{"embeddable":true,"href":"https:\/\/lloretdemar.org\/de\/wp-json\/wp\/v2\/comments?post=14816"}],"version-history":[{"count":0,"href":"https:\/\/lloretdemar.org\/de\/wp-json\/wp\/v2\/pages\/14816\/revisions"}],"wp:attachment":[{"href":"https:\/\/lloretdemar.org\/de\/wp-json\/wp\/v2\/media?parent=14816"}],"curies":[{"name":"wp","href":"https:\/\/api.w.org\/{rel}","templated":true}]}}