{"id":14751,"date":"2020-01-27T11:00:53","date_gmt":"2020-01-27T10:00:53","guid":{"rendered":"http:\/\/lloretdemar.org\/lloret-de-mar-de-dia\/gastronomia\/"},"modified":"2025-07-11T09:57:02","modified_gmt":"2025-07-11T07:57:02","slug":"gastronomie","status":"publish","type":"page","link":"https:\/\/lloretdemar.org\/de\/was-sie-in-lloret-de-mar-tun-konnen\/lloret-de-mar-bei-tag\/gastronomie\/","title":{"rendered":"Gastronomie"},"content":{"rendered":"\r\n<p>In Lloret de Mar gibt es ein vielf\u00e4ltiges und gro\u00dfes gastronomisches Angebot, angefangen bei lokalen und mediterranen Gerichten bis hin zu Lokalen mit internationaler K\u00fcche, die Sie in andere Regionen und Kulturen versetzen werden. Eine Welt der Aromen, die es in unserer Stadt zu entdecken gilt.<\/p>\r\n\r\n\r\n\r\n<p>Aktuell setzt sich Lloret de Mar daf\u00fcr ein, eine gesunde Gastronomie in den Lokalen der Stadt anzubieten, die auch f\u00fcr Menschen mit Allergien und Unvertr\u00e4glichkeiten geeignet ist. Dies soll durch eine gesunde, nachhaltige und gute K\u00fcche erreicht werden, die durch einschl\u00e4gige Zertifizierungen und Akkreditierungen im gastronomischen Bereich unterst\u00fctzt wird.<\/p>\r\n\r\n\r\n\r\n<p><br \/>Wenn Sie ein Liebhaber der guten K\u00fcche sind, sollten Sie zwei gastronomische Veranstaltungen im Jahr nicht verpassen: die Jornades Gastron\u00f2miques de l&#8217;Arr\u00f2s <em>(Gastronomische Tage des Reises)<\/em> im Mai und die Jornades Gastron\u00f2miques del Peix i el Marisc <em>(Gastronomische Tage des Fisches und der Meeresfr\u00fcchte)<\/em> im Oktober.<\/p>\r\n\r\n\r\n\r\n<p>Ein Alleinstellungsmerkmal der Stadt, das Sie an keinem anderen Ort finden werden, ist die M\u00f6glichkeit, die K\u00fcche der \u201eIndianos\u201c zu probieren.<\/p>\r\n\r\n\r\n\r\n<p>W\u00e4hlen Sie Ihr Restaurant und genie\u00dfen Sie unsere Gastronomie!<\/p>\r\n\r\n\r\n\r\n<p>&nbsp;<\/p>\r\n","protected":false},"excerpt":{"rendered":"<p>In Lloret de Mar gibt es ein vielf\u00e4ltiges und gro\u00dfes gastronomisches Angebot, angefangen bei lokalen und mediterranen Gerichten bis hin zu Lokalen mit internationaler K\u00fcche, die Sie in andere Regionen und Kulturen versetzen werden. Eine Welt der Aromen, die es in unserer Stadt zu entdecken gilt. Aktuell setzt sich Lloret de Mar daf\u00fcr ein, eine [&hellip;]<\/p>\n","protected":false},"author":12,"featured_media":0,"parent":13096,"menu_order":0,"comment_status":"closed","ping_status":"closed","template":"page-templates\/mouret-15.php","meta":{"_acf_changed":false,"content-type":"","footnotes":""},"class_list":["post-14751","page","type-page","status-publish","hentry"],"acf":{"banner_imatge":14752,"banner_titol":"Gastronomie","banner_subtitol":"","botons_blanc_o_negres":"defecte","banner_links":[{"es_post":false,"banner_link":{"title":"Die K\u00fcche der Costa Brava","url":"#DieK\u00fcchederCostaBrava","target":""},"link_intern":null,"link_intern_titol":""},{"es_post":false,"banner_link":{"title":"Lloreat Good \u2013 Gesunde Gastronomie","url":"#LloreatGood\u2013GesundeGastronomie","target":""},"link_intern":null,"link_intern_titol":""},{"es_post":false,"banner_link":{"title":"Unsere Restaurants","url":"#UnsereRestaurants","target":""},"link_intern":null,"link_intern_titol":""},{"es_post":false,"banner_link":{"title":"Gastronomische Aktivit\u00e4ten und Tage","url":"#GastronomischeAktivit\u00e4tenundVeranstaltungen","target":""},"link_intern":null,"link_intern_titol":""}],"blocs":[{"titol":"Die K\u00fcche der Costa Brava","descripcio":"Lloret de Mar bietet einen Reichtum an nat\u00fcrlichen Landesprodukten, die von den Experten der Restaurants und Bars der Gemeinde zubereitet werden.","imatge":14756,"es_enllac_intern_o_extern":"intern","link_intern":{"title":"Weitere Info","url":"http:\/\/lloretdemar.org\/de\/activitat\/la-cuina-de-la-costa-brava\/","target":""},"link_extern":"","link_extern_text":""},{"titol":"Lloreat Good \u2013 Gesunde Gastronomie","descripcio":"Gesunde K\u00fcche in Hotels und Restaurants mit AMED-Zertifizierung f\u00fcr mediterrane Ern\u00e4hrung, glutenfreier Zertifizierung f\u00fcr Allergien und Unvertr\u00e4glichkeiten sowie dem Little Foodies-Siegel f\u00fcr Destination-Einrichtungen, die h\u00f6chste Standards in puncto Qualit\u00e4t, Nachhaltigkeit und Gesundheit f\u00fcr die Kleinsten erf\u00fcllen.","imatge":14757,"es_enllac_intern_o_extern":"intern","link_intern":{"title":"Weitere Info","url":"https:\/\/lloretdemar.org\/de\/activitat\/lloreat-good-gesunde-gastronomie\/","target":""},"link_extern":"","link_extern_text":""},{"titol":"Unsere Restaurants","descripcio":"Lloret hat ein umfangreiches und vielf\u00e4ltiges gastronomisches Angebot zu bieten. Somit steht Ihnen eine gro\u00dfe Auswahl an Bars und Restaurants zur Verf\u00fcgung, in denen Sie die typischen Aromen unserer Region kennen lernen oder verschiedene erstklassige Gerichte der internationalen K\u00fcche probieren k\u00f6nnen. Lokale f\u00fcr jeden Geschmack und jedes Budget lassen jegliches Gericht zu einem Genuss f\u00fcr Ihre Sinne werden.","imatge":10262,"es_enllac_intern_o_extern":"intern","link_intern":{"title":"Weitere Info","url":"http:\/\/lloretdemar.org\/de\/activitat\/els-nostres-restaurants\/","target":""},"link_extern":"","link_extern_text":""},{"titol":"Gastronomische Aktivit\u00e4ten und Veranstaltungen","descripcio":"In Lloret de Mar finden zwei gastronomische Veranstaltungen statt, die Sie nicht verpassen d\u00fcrfen, wenn Sie ein Liebhaber der guten mediterranen K\u00fcche sind.","imatge":14762,"es_enllac_intern_o_extern":"intern","link_intern":{"title":"Weitere Info","url":"https:\/\/lloretdemar.org\/de\/was-sie-in-lloret-de-mar-tun-konnen\/lloret-de-mar-bei-tag\/gastronomie\/gastronomische-aktivitaten-und-veranstaltungen\/","target":""},"link_extern":"","link_extern_text":""}],"titol_boto":"","document":"","apartats":null},"yoast_head":"<!-- This site is optimized with the Yoast SEO plugin v27.5 - https:\/\/yoast.com\/product\/yoast-seo-wordpress\/ -->\n<title>Gastronomie - Lloret de Mar<\/title>\n<meta name=\"description\" content=\"In Lloret de Mar gibt es ein vielf\u00e4ltiges und gro\u00dfes gastronomisches Angebot, angefangen bei lokalen und mediterranen Gerichten bis hin zu Lokalen mit internationaler K\u00fcche, die Sie in andere Regionen und Kulturen versetzen werden. Eine Welt der Aromen, die es in unserer Stadt zu entdecken gilt. Aktuell setzt sich Lloret de Mar daf\u00fcr ein, eine&hellip;\" \/>\n<meta name=\"robots\" content=\"index, follow, max-snippet:-1, max-image-preview:large, max-video-preview:-1\" \/>\n<link rel=\"canonical\" href=\"https:\/\/lloretdemar.org\/de\/was-sie-in-lloret-de-mar-tun-konnen\/lloret-de-mar-bei-tag\/gastronomie\/\" \/>\n<meta property=\"og:locale\" content=\"de_DE\" \/>\n<meta property=\"og:type\" content=\"article\" \/>\n<meta property=\"og:title\" content=\"Gastronomie - Lloret de Mar\" \/>\n<meta property=\"og:description\" content=\"In Lloret de Mar gibt es ein vielf\u00e4ltiges und gro\u00dfes gastronomisches Angebot, angefangen bei lokalen und mediterranen Gerichten bis hin zu Lokalen mit internationaler K\u00fcche, die Sie in andere Regionen und Kulturen versetzen werden. Eine Welt der Aromen, die es in unserer Stadt zu entdecken gilt. Aktuell setzt sich Lloret de Mar daf\u00fcr ein, eine&hellip;\" \/>\n<meta property=\"og:url\" content=\"https:\/\/lloretdemar.org\/de\/was-sie-in-lloret-de-mar-tun-konnen\/lloret-de-mar-bei-tag\/gastronomie\/\" \/>\n<meta property=\"og:site_name\" content=\"Lloret de Mar\" \/>\n<meta property=\"article:publisher\" content=\"https:\/\/www.facebook.com\/Lloretturisme\" \/>\n<meta property=\"article:modified_time\" content=\"2025-07-11T07:57:02+00:00\" \/>\n<meta property=\"og:image\" content=\"https:\/\/lloretdemar.org\/wp-content\/uploads\/2020\/02\/slide-on-menjar-1.jpg\" \/>\n\t<meta property=\"og:image:width\" content=\"1920\" \/>\n\t<meta property=\"og:image:height\" content=\"885\" \/>\n\t<meta property=\"og:image:type\" content=\"image\/jpeg\" \/>\n<meta name=\"twitter:card\" content=\"summary_large_image\" \/>\n<meta name=\"twitter:site\" content=\"@lloretturisme\" \/>\n<meta name=\"twitter:label1\" content=\"Gesch\u00e4tzte Lesezeit\" \/>\n\t<meta name=\"twitter:data1\" content=\"1\u00a0Minute\" \/>\n<script type=\"application\/ld+json\" class=\"yoast-schema-graph\">{\"@context\":\"https:\\\/\\\/schema.org\",\"@graph\":[{\"@type\":\"WebPage\",\"@id\":\"https:\\\/\\\/lloretdemar.org\\\/de\\\/was-sie-in-lloret-de-mar-tun-konnen\\\/lloret-de-mar-bei-tag\\\/gastronomie\\\/\",\"url\":\"https:\\\/\\\/lloretdemar.org\\\/de\\\/was-sie-in-lloret-de-mar-tun-konnen\\\/lloret-de-mar-bei-tag\\\/gastronomie\\\/\",\"name\":\"Gastronomie - Lloret de Mar\",\"isPartOf\":{\"@id\":\"https:\\\/\\\/lloretdemar.org\\\/de\\\/#website\"},\"datePublished\":\"2020-01-27T10:00:53+00:00\",\"dateModified\":\"2025-07-11T07:57:02+00:00\",\"description\":\"Lloret de Mar\",\"breadcrumb\":{\"@id\":\"https:\\\/\\\/lloretdemar.org\\\/de\\\/was-sie-in-lloret-de-mar-tun-konnen\\\/lloret-de-mar-bei-tag\\\/gastronomie\\\/#breadcrumb\"},\"inLanguage\":\"de\",\"potentialAction\":[{\"@type\":\"ReadAction\",\"target\":[\"https:\\\/\\\/lloretdemar.org\\\/de\\\/was-sie-in-lloret-de-mar-tun-konnen\\\/lloret-de-mar-bei-tag\\\/gastronomie\\\/\"]}]},{\"@type\":\"BreadcrumbList\",\"@id\":\"https:\\\/\\\/lloretdemar.org\\\/de\\\/was-sie-in-lloret-de-mar-tun-konnen\\\/lloret-de-mar-bei-tag\\\/gastronomie\\\/#breadcrumb\",\"itemListElement\":[{\"@type\":\"ListItem\",\"position\":1,\"name\":\"Home\",\"item\":\"https:\\\/\\\/lloretdemar.org\\\/de\\\/\"},{\"@type\":\"ListItem\",\"position\":2,\"name\":\"Was Sie in Lloret de Mar tun k\u00f6nnen\",\"item\":\"https:\\\/\\\/lloretdemar.org\\\/de\\\/was-sie-in-lloret-de-mar-tun-konnen\\\/\"},{\"@type\":\"ListItem\",\"position\":3,\"name\":\"Lloret de Mar bei Tag\",\"item\":\"https:\\\/\\\/lloretdemar.org\\\/de\\\/was-sie-in-lloret-de-mar-tun-konnen\\\/lloret-de-mar-bei-tag\\\/\"},{\"@type\":\"ListItem\",\"position\":4,\"name\":\"Gastronomie\"}]},{\"@type\":\"WebSite\",\"@id\":\"https:\\\/\\\/lloretdemar.org\\\/de\\\/#website\",\"url\":\"https:\\\/\\\/lloretdemar.org\\\/de\\\/\",\"name\":\"Lloret de Mar\",\"description\":\"\",\"publisher\":{\"@id\":\"https:\\\/\\\/lloretdemar.org\\\/de\\\/#organization\"},\"potentialAction\":[{\"@type\":\"SearchAction\",\"target\":{\"@type\":\"EntryPoint\",\"urlTemplate\":\"https:\\\/\\\/lloretdemar.org\\\/de\\\/?s={search_term_string}\"},\"query-input\":{\"@type\":\"PropertyValueSpecification\",\"valueRequired\":true,\"valueName\":\"search_term_string\"}}],\"inLanguage\":\"de\"},{\"@type\":\"Organization\",\"@id\":\"https:\\\/\\\/lloretdemar.org\\\/de\\\/#organization\",\"name\":\"Lloret de Mar\",\"url\":\"https:\\\/\\\/lloretdemar.org\\\/de\\\/\",\"logo\":{\"@type\":\"ImageObject\",\"inLanguage\":\"de\",\"@id\":\"https:\\\/\\\/lloretdemar.org\\\/de\\\/#\\\/schema\\\/logo\\\/image\\\/\",\"url\":\"https:\\\/\\\/lloretdemar.org\\\/wp-content\\\/uploads\\\/2020\\\/05\\\/lloret-de-mar-logo.png\",\"contentUrl\":\"https:\\\/\\\/lloretdemar.org\\\/wp-content\\\/uploads\\\/2020\\\/05\\\/lloret-de-mar-logo.png\",\"width\":87,\"height\":38,\"caption\":\"Lloret de Mar\"},\"image\":{\"@id\":\"https:\\\/\\\/lloretdemar.org\\\/de\\\/#\\\/schema\\\/logo\\\/image\\\/\"},\"sameAs\":[\"https:\\\/\\\/www.facebook.com\\\/Lloretturisme\",\"https:\\\/\\\/x.com\\\/lloretturisme\",\"https:\\\/\\\/instagram.com\\\/lloretturisme\",\"https:\\\/\\\/www.youtube.com\\\/LloretTurisme\"]}]}<\/script>\n<!-- \/ Yoast SEO plugin. -->","yoast_head_json":{"title":"Gastronomie - Lloret de Mar","description":"In Lloret de Mar gibt es ein vielf\u00e4ltiges und gro\u00dfes gastronomisches Angebot, angefangen bei lokalen und mediterranen Gerichten bis hin zu Lokalen mit internationaler K\u00fcche, die Sie in andere Regionen und Kulturen versetzen werden. Eine Welt der Aromen, die es in unserer Stadt zu entdecken gilt. Aktuell setzt sich Lloret de Mar daf\u00fcr ein, eine&hellip;","robots":{"index":"index","follow":"follow","max-snippet":"max-snippet:-1","max-image-preview":"max-image-preview:large","max-video-preview":"max-video-preview:-1"},"canonical":"https:\/\/lloretdemar.org\/de\/was-sie-in-lloret-de-mar-tun-konnen\/lloret-de-mar-bei-tag\/gastronomie\/","og_locale":"de_DE","og_type":"article","og_title":"Gastronomie - Lloret de Mar","og_description":"In Lloret de Mar gibt es ein vielf\u00e4ltiges und gro\u00dfes gastronomisches Angebot, angefangen bei lokalen und mediterranen Gerichten bis hin zu Lokalen mit internationaler K\u00fcche, die Sie in andere Regionen und Kulturen versetzen werden. Eine Welt der Aromen, die es in unserer Stadt zu entdecken gilt. Aktuell setzt sich Lloret de Mar daf\u00fcr ein, eine&hellip;","og_url":"https:\/\/lloretdemar.org\/de\/was-sie-in-lloret-de-mar-tun-konnen\/lloret-de-mar-bei-tag\/gastronomie\/","og_site_name":"Lloret de Mar","article_publisher":"https:\/\/www.facebook.com\/Lloretturisme","article_modified_time":"2025-07-11T07:57:02+00:00","og_image":[{"width":1920,"height":885,"url":"https:\/\/lloretdemar.org\/wp-content\/uploads\/2020\/02\/slide-on-menjar-1.jpg","type":"image\/jpeg"}],"twitter_card":"summary_large_image","twitter_site":"@lloretturisme","twitter_misc":{"Gesch\u00e4tzte Lesezeit":"1\u00a0Minute"},"schema":{"@context":"https:\/\/schema.org","@graph":[{"@type":"WebPage","@id":"https:\/\/lloretdemar.org\/de\/was-sie-in-lloret-de-mar-tun-konnen\/lloret-de-mar-bei-tag\/gastronomie\/","url":"https:\/\/lloretdemar.org\/de\/was-sie-in-lloret-de-mar-tun-konnen\/lloret-de-mar-bei-tag\/gastronomie\/","name":"Gastronomie - Lloret de Mar","isPartOf":{"@id":"https:\/\/lloretdemar.org\/de\/#website"},"datePublished":"2020-01-27T10:00:53+00:00","dateModified":"2025-07-11T07:57:02+00:00","description":"Lloret de Mar","breadcrumb":{"@id":"https:\/\/lloretdemar.org\/de\/was-sie-in-lloret-de-mar-tun-konnen\/lloret-de-mar-bei-tag\/gastronomie\/#breadcrumb"},"inLanguage":"de","potentialAction":[{"@type":"ReadAction","target":["https:\/\/lloretdemar.org\/de\/was-sie-in-lloret-de-mar-tun-konnen\/lloret-de-mar-bei-tag\/gastronomie\/"]}]},{"@type":"BreadcrumbList","@id":"https:\/\/lloretdemar.org\/de\/was-sie-in-lloret-de-mar-tun-konnen\/lloret-de-mar-bei-tag\/gastronomie\/#breadcrumb","itemListElement":[{"@type":"ListItem","position":1,"name":"Home","item":"https:\/\/lloretdemar.org\/de\/"},{"@type":"ListItem","position":2,"name":"Was Sie in Lloret de Mar tun k\u00f6nnen","item":"https:\/\/lloretdemar.org\/de\/was-sie-in-lloret-de-mar-tun-konnen\/"},{"@type":"ListItem","position":3,"name":"Lloret de Mar bei Tag","item":"https:\/\/lloretdemar.org\/de\/was-sie-in-lloret-de-mar-tun-konnen\/lloret-de-mar-bei-tag\/"},{"@type":"ListItem","position":4,"name":"Gastronomie"}]},{"@type":"WebSite","@id":"https:\/\/lloretdemar.org\/de\/#website","url":"https:\/\/lloretdemar.org\/de\/","name":"Lloret de Mar","description":"","publisher":{"@id":"https:\/\/lloretdemar.org\/de\/#organization"},"potentialAction":[{"@type":"SearchAction","target":{"@type":"EntryPoint","urlTemplate":"https:\/\/lloretdemar.org\/de\/?s={search_term_string}"},"query-input":{"@type":"PropertyValueSpecification","valueRequired":true,"valueName":"search_term_string"}}],"inLanguage":"de"},{"@type":"Organization","@id":"https:\/\/lloretdemar.org\/de\/#organization","name":"Lloret de Mar","url":"https:\/\/lloretdemar.org\/de\/","logo":{"@type":"ImageObject","inLanguage":"de","@id":"https:\/\/lloretdemar.org\/de\/#\/schema\/logo\/image\/","url":"https:\/\/lloretdemar.org\/wp-content\/uploads\/2020\/05\/lloret-de-mar-logo.png","contentUrl":"https:\/\/lloretdemar.org\/wp-content\/uploads\/2020\/05\/lloret-de-mar-logo.png","width":87,"height":38,"caption":"Lloret de Mar"},"image":{"@id":"https:\/\/lloretdemar.org\/de\/#\/schema\/logo\/image\/"},"sameAs":["https:\/\/www.facebook.com\/Lloretturisme","https:\/\/x.com\/lloretturisme","https:\/\/instagram.com\/lloretturisme","https:\/\/www.youtube.com\/LloretTurisme"]}]}},"_links":{"self":[{"href":"https:\/\/lloretdemar.org\/de\/wp-json\/wp\/v2\/pages\/14751","targetHints":{"allow":["GET"]}}],"collection":[{"href":"https:\/\/lloretdemar.org\/de\/wp-json\/wp\/v2\/pages"}],"about":[{"href":"https:\/\/lloretdemar.org\/de\/wp-json\/wp\/v2\/types\/page"}],"author":[{"embeddable":true,"href":"https:\/\/lloretdemar.org\/de\/wp-json\/wp\/v2\/users\/12"}],"replies":[{"embeddable":true,"href":"https:\/\/lloretdemar.org\/de\/wp-json\/wp\/v2\/comments?post=14751"}],"version-history":[{"count":3,"href":"https:\/\/lloretdemar.org\/de\/wp-json\/wp\/v2\/pages\/14751\/revisions"}],"predecessor-version":[{"id":40651,"href":"https:\/\/lloretdemar.org\/de\/wp-json\/wp\/v2\/pages\/14751\/revisions\/40651"}],"up":[{"embeddable":true,"href":"https:\/\/lloretdemar.org\/de\/wp-json\/wp\/v2\/pages\/13096"}],"wp:attachment":[{"href":"https:\/\/lloretdemar.org\/de\/wp-json\/wp\/v2\/media?parent=14751"}],"curies":[{"name":"wp","href":"https:\/\/api.w.org\/{rel}","templated":true}]}}