{"id":14659,"date":"2020-01-23T13:43:21","date_gmt":"2020-01-23T12:43:21","guid":{"rendered":"http:\/\/lloretdemar.org\/lloret-de-mar-de-dia\/cultura\/moll-museu-obert-de-lloret\/"},"modified":"2022-09-05T15:10:43","modified_gmt":"2022-09-05T13:10:43","slug":"moll-offenes-museum-lloret","status":"publish","type":"page","link":"https:\/\/lloretdemar.org\/de\/was-sie-in-lloret-de-mar-tun-konnen\/lloret-de-mar-bei-tag\/kultur\/moll-offenes-museum-lloret\/","title":{"rendered":"MOLL: Offenes Museum Lloret"},"content":{"rendered":"\n<p>Lloret de Mar ist eine Art offenes Museum, das Ihnen die Geschichte und Kultur der Stadt bei einem Spaziergang durch die Stra\u00dfen und Gassen offenbart. Erkunden Sie die Stadt und tauchen Sie ein in die Vergangenheit von Lloret de Mar ein, um mehr \u00fcber die Geschichte, die Kultur und die Bewohner der K\u00fcstenstadt zu erfahren.<br> <br>Besuchen Sie das Kulturerbe von Lloret und erleben Sie es hautnah mit.<\/p>\n\n\n\n<div style=\"height:40px\" aria-hidden=\"true\" class=\"wp-block-spacer\"><\/div>\n\n\n\n<div class=\"wp-block-buttons is-content-justification-center is-layout-flex wp-container-core-buttons-is-layout-16018d1d wp-block-buttons-is-layout-flex\">\n<div class=\"wp-block-button agenda-btn\"><a class=\"wp-block-button__link has-background\" href=\"https:\/\/maps.lloretdemar.org\/de\/moll-offenes-museum-lloret\" style=\"border-radius:0px;background-color:#4798e9\">Interaktiver Leitfaden<\/a><\/div>\n<\/div>\n","protected":false},"excerpt":{"rendered":"<p>Lloret de Mar ist eine Art offenes Museum, das Ihnen die Geschichte und Kultur der Stadt bei einem Spaziergang durch die Stra\u00dfen und Gassen offenbart. Erkunden Sie die Stadt und tauchen Sie ein in die Vergangenheit von Lloret de Mar ein, um mehr \u00fcber die Geschichte, die Kultur und die Bewohner der K\u00fcstenstadt zu erfahren. [&hellip;]<\/p>\n","protected":false},"author":12,"featured_media":0,"parent":13881,"menu_order":0,"comment_status":"closed","ping_status":"closed","template":"page-templates\/mouret-15.php","meta":{"_acf_changed":false,"content-type":"","footnotes":""},"class_list":["post-14659","page","type-page","status-publish","hentry"],"acf":{"banner_imatge":14686,"banner_titol":"MOLL: Offenes Museum Lloret","banner_subtitol":"","botons_blanc_o_negres":"defecte","banner_links":[{"es_post":false,"banner_link":{"title":"Jardins de Santa Clotilde","url":"http:\/\/lloretdemar.org\/de\/cultura\/jardins-de-santa-clotilde\/","target":""},"link_intern":null,"link_intern_titol":""},{"es_post":false,"banner_link":{"title":"Meeresmuseum \u2013 Can Carriga","url":"https:\/\/lloretdemar.org\/de\/cultura\/meeresmuseum-can-garriga\/","target":""},"link_intern":null,"link_intern_titol":""},{"es_post":false,"banner_link":{"title":"Die Altstadt","url":"http:\/\/lloretdemar.org\/de\/cultura\/centre-historic\/","target":""},"link_intern":null,"link_intern_titol":""},{"es_post":false,"banner_link":{"title":"Pfarrkirche Sant Rom\u00e0","url":"http:\/\/lloretdemar.org\/de\/cultura\/esglesia-parroquial-de-sant-roma\/","target":""},"link_intern":null,"link_intern_titol":""},{"es_post":false,"banner_link":{"title":"Modernistischer Friedhof","url":"http:\/\/lloretdemar.org\/de\/cultura\/cementiri-modernista\/","target":""},"link_intern":null,"link_intern_titol":""},{"es_post":false,"banner_link":{"title":"Can Font \u2013 Casa de Nicolau Font i Maig","url":"http:\/\/lloretdemar.org\/de\/cultura\/can-font\/","target":""},"link_intern":null,"link_intern_titol":""},{"es_post":false,"banner_link":{"title":"Kapelle Ermita de Santa Cristina","url":"http:\/\/lloretdemar.org\/de\/cultura\/ermita-de-santa-cristina\/","target":""},"link_intern":null,"link_intern_titol":""},{"es_post":false,"banner_link":{"title":"Es Tint","url":"http:\/\/lloretdemar.org\/de\/cultura\/es-tint\/","target":""},"link_intern":null,"link_intern_titol":""},{"es_post":false,"banner_link":{"title":"Can Saragossa","url":"http:\/\/lloretdemar.org\/de\/cultura\/can-saragossa\/","target":""},"link_intern":null,"link_intern_titol":""},{"es_post":false,"banner_link":{"title":"Burg Sant Joan","url":"http:\/\/lloretdemar.org\/de\/cultura\/castell-de-sant-joan\/","target":""},"link_intern":null,"link_intern_titol":""},{"es_post":false,"banner_link":{"title":"Ausgrabungsst\u00e4tte Tur\u00f3 Rod\u00f3","url":"http:\/\/lloretdemar.org\/de\/cultura\/turo-rodo\/","target":""},"link_intern":null,"link_intern_titol":""},{"es_post":false,"banner_link":{"title":"Kapelle Ermita de les Alegries","url":"http:\/\/lloretdemar.org\/de\/cultura\/ermita-de-les-alegries\/","target":""},"link_intern":null,"link_intern_titol":""},{"es_post":false,"banner_link":{"title":"Sant Pere del Bosc","url":"http:\/\/lloretdemar.org\/de\/cultura\/sant-pere-del-bosc\/","target":""},"link_intern":null,"link_intern_titol":""},{"es_post":false,"banner_link":{"title":"Kapelle Ermita de Sant Quirze","url":"http:\/\/lloretdemar.org\/de\/cultura\/ermita-de-sant-quirze\/","target":""},"link_intern":null,"link_intern_titol":""},{"es_post":false,"banner_link":{"title":"Kapelle des Sants Metges","url":"http:\/\/lloretdemar.org\/de\/cultura\/capella-dels-sants-metges\/","target":""},"link_intern":null,"link_intern_titol":""},{"es_post":false,"banner_link":{"title":"Ausgrabungsst\u00e4tte von Puig de Castellet","url":"http:\/\/lloretdemar.org\/de\/cultura\/jaciment-de-puig-de-castellet\/","target":""},"link_intern":null,"link_intern_titol":""},{"es_post":false,"banner_link":{"title":"Rathaus \u2013 Casa de la Villa","url":"http:\/\/lloretdemar.org\/de\/cultura\/ajuntament\/","target":""},"link_intern":null,"link_intern_titol":""}],"blocs":[{"titol":"Die G\u00e4rten von Santa Clotilde","descripcio":"Die G\u00e4rten befinden sich auf einer Klippe zwischen der Bucht Cala Boadella und dem Strand von Fenals und bieten einen atemberaubenden Blick auf das Meer. Lassen Sie sich diesen wohlbeh\u00fcteten Schatz von Lloret de Mar nicht entgehen!","imatge":14673,"es_enllac_intern_o_extern":"intern","link_intern":{"title":"Mehr Informationen","url":"https:\/\/lloretdemar.org\/de\/cultura\/die-garten-von-santa-clotilde\/","target":""},"link_extern":"","link_extern_text":""},{"titol":"Meeresmuseum \u2013 Can Carriga","descripcio":"An der Strandpromenade in unmittelbarer Meeresn\u00e4he gelegen, ist Can Garriga eines der wichtigsten Geb\u00e4ude aus der Zeit der \u201eIndianos\u201c in Lloret de Mar. Aktuell wird hier und im Nebengeb\u00e4ude das Meeresmuseum (Museo del Mar) beherbergt, das die tiefe Verbindung von Lloret de Mar zum Meer erkl\u00e4rt.","imatge":14674,"es_enllac_intern_o_extern":"intern","link_intern":{"title":"Mehr Informationen","url":"https:\/\/lloretdemar.org\/de\/cultura\/meeresmuseum-can-garriga\/","target":""},"link_extern":"","link_extern_text":""},{"titol":"Die Altstadt","descripcio":"Auf unserer Route bieten wir Ihnen die M\u00f6glichkeit das interessantesten Ecken des historischen Zentrums von Lloret de Mar kennenzulernen.\r\nVom Meeresmuseum (Museo del Mar), ein Haus im Kolonialstil, das Ihnen mehr \u00fcber die historische Verbindung unserer Stadt zum Meer und zu Amerika erz\u00e4hlt, bis hin zur Promenade Moss\u00e8n Jacint Verdaguer und dem Rathaus. Verlieren Sie sich auf dieser Route in den Stra\u00dfen der Stadt, die zahlreiche Details der kolonialen Epoche, wie die Casa Caba\u00f1as oder die Stra\u00dfe Calle de las Viudas y Doncellas f\u00fcr Sie bereith\u00e4lt, bis Sie schlie\u00dflich am Wohnhaus Can Font angelangen. Dieses Schmuckst\u00fcck unserer Stadt k\u00f6nnen Sie ausschlie\u00dflich im Rahmen einer F\u00fchrung besichtigen.","imatge":14703,"es_enllac_intern_o_extern":"intern","link_intern":{"title":"Mehr Informationen","url":"http:\/\/lloretdemar.org\/de\/cultura\/centre-historic\/","target":""},"link_extern":"","link_extern_text":""},{"titol":"Pfarrkirche Sant Rom\u00e0","descripcio":"Auf Ihrem Spaziergang durch die Altstadt von Lloret de Mar sto\u00dfen Sie auf die Pfarrkirche des Sant Rom\u00e0, dem Schutzpatron der Stadt. In diesem historischen Beispiel sind zwei sehr unterschiedliche Stil-Epochen der Architektur vereint.","imatge":14675,"es_enllac_intern_o_extern":"intern","link_intern":{"title":"Mehr Informationen","url":"https:\/\/lloretdemar.org\/de\/cultura\/pfarrkirche-sant-roma\/","target":""},"link_extern":"","link_extern_text":""},{"titol":"Modernistischer Friedhof","descripcio":"Der Friedhof von Lloret de Mar geh\u00f6rt zur Europ\u00e4ischen Friedhofsroute und gilt offiziell als Kulturgut (Bien de Inter\u00e9s Cultural). Er z\u00e4hlt zu einem der Hauptbeispiele der katalanischen Bestattungskunst des 19. Jahrhunderts und weist noch heute wichtige Spuren der \u201eIndianos\u201c vor.","imatge":14676,"es_enllac_intern_o_extern":"intern","link_intern":{"title":"Mehr Informationen","url":"https:\/\/lloretdemar.org\/de\/cultura\/modernistischer-friedhof\/","target":""},"link_extern":"","link_extern_text":""},{"titol":"Can Font","descripcio":"Can Font, auch bekannt als Cal Conde und Can Piuet, ist ein im Jugendstil errichtetes Geb\u00e4ude. Es wurde 1877 im Auftrag von Nicolau Font i Maig, seinem ersten Eigent\u00fcmer, erbaut.","imatge":14677,"es_enllac_intern_o_extern":"intern","link_intern":{"title":"Mehr Informationen","url":"https:\/\/lloretdemar.org\/de\/cultura\/can-font-casa-de-nicolau-font-i-maig\/","target":""},"link_extern":"","link_extern_text":""},{"titol":"Kapelle Ermita de Santa Cristina","descripcio":"Im Jahr 1376 wird die Kirche erstmals schriftlich erw\u00e4hnt, obwohl das heutige Gotteshaus Ende des 18. Jahrhunderts erbaut wurde. Santa Cristina wurde im neoklassizistischen Stil erbaut und hat einen edlen Marmoraltar aus Italien sowie eine interessante Sammlung aus Weihgaben und Miniaturschiffen zu bieten.","imatge":14678,"es_enllac_intern_o_extern":"intern","link_intern":{"title":"Mehr Informationen","url":"https:\/\/lloretdemar.org\/de\/cultura\/kapelle-ermita-de-santa-cristina\/","target":""},"link_extern":"","link_extern_text":""},{"titol":"Kapelle Ermita de les Alegries","descripcio":"Diese kleine Kapelle war die erste Pfarrkirche von Lloret. Sie wurde im Jahr 1079 eingeweiht und bis 1522 genutzt, als sie auf ihren jetzigen Standort in 2,5 km Entfernung vom Ortskern umgesetzt wurde. Das Gel\u00e4nde, das f\u00fcr den Bau der Kirche mit dem dazugeh\u00f6rigen Friedhof ben\u00f6tigt wurde, war eine Schenkung von Sicardis, der Herrin von Lloret.","imatge":14693,"es_enllac_intern_o_extern":"intern","link_intern":{"title":"Mehr Informationen","url":"https:\/\/lloretdemar.org\/de\/cultura\/kapelle-ermita-de-les-alegries\/","target":""},"link_extern":"","link_extern_text":""},{"titol":"Es Tint","descripcio":"Die F\u00e4rberei Es Tint ist der derzeitige Sitz der Berufsvereinigung der Fischer in Lloret de Mar. Sie befindet sich im Zentrum der Gemeinde und bewahrt ihren urspr\u00fcnglichen Charakter als Ort, an dem die Fischer von Lloret ihre Netze f\u00e4rbten.","imatge":14685,"es_enllac_intern_o_extern":"intern","link_intern":{"title":"Mehr Informationen","url":"https:\/\/lloretdemar.org\/de\/cultura\/es-tint\/","target":""},"link_extern":"","link_extern_text":""},{"titol":"Can Saragossa","descripcio":"Das Bauernhaus Can Saragossa liegt auf einem kleinen H\u00fcgel, inmitten von W\u00e4ldern und G\u00e4rten. Wenn die Natur im Fr\u00fchling langsam zum Leben erwacht, ist der Besuch von Can Saragossa ein absolutes Muss.","imatge":14679,"es_enllac_intern_o_extern":"intern","link_intern":{"title":"Mehr Informationen","url":"https:\/\/lloretdemar.org\/de\/cultura\/can-saragossa\/","target":""},"link_extern":"","link_extern_text":""},{"titol":"Burg Sant Joan","descripcio":"Auf dem Gipfel des Berges, der die Str\u00e4nde von Lloret de Mar und Fenals trennt, ragt der eindrucksvolle Turm aus dem 11. Jahrhundert n. Chr. empor.","imatge":14680,"es_enllac_intern_o_extern":"intern","link_intern":{"title":"Mehr Informationen","url":"https:\/\/lloretdemar.org\/de\/cultura\/burg-sant-joan\/","target":""},"link_extern":"","link_extern_text":""},{"titol":"Ausgrabungsst\u00e4tte Tur\u00f3 Rod\u00f3","descripcio":"Die Siedlung Tur\u00f3 Rod\u00f3 (3. Jahrhundert v. Chr.) ist eine der drei iberischen Fundst\u00e4tten, die sich in der Gemeinde Lloret de Mar befinden und liegt nicht weit vom Stadtkern entfernt. Diese kleine iberische Siedlung liegt auf einem kleinen, 40 Meter hohen Felsen auf einer Halbinsel, unmittelbar hinter dem ber\u00fchmten Castell d'en Plaja.","imatge":14694,"es_enllac_intern_o_extern":"intern","link_intern":{"title":"Mehr Informationen","url":"https:\/\/lloretdemar.org\/de\/cultura\/ausgrabungsstatte-turo-rodo\/","target":""},"link_extern":"","link_extern_text":""},{"titol":"Sant Pere del Bosc","descripcio":"5 km vom Zentrum von Lloret de Mar entfernt und inmitten der Natur befindet sich das Hotel-Restaurant Sant Pere del Bosc, das ehemals ein altes Benediktinerkloster aus dem 10. Jahrhundert beherbergte und im 19. Jahrhundert von Puig i Cadafalch rekonstruiert wurde.","imatge":14697,"es_enllac_intern_o_extern":"intern","link_intern":{"title":"Mehr Informationen","url":"https:\/\/lloretdemar.org\/de\/cultura\/sant-pere-del-bosc\/","target":""},"link_extern":"","link_extern_text":""},{"titol":"Kapelle Ermita de Sant Quirze","descripcio":"Die Wallfahrtskapelle Sant Quirze liegt 200 Meter vom Friedhof bzw. einen Kilometer vom Ortskern entfernt. Sie wurde bereits vor dem 11. Jahrhundert erbaut und weist keine stilistische Einheit auf. In der N\u00e4he dieser Kapelle wurden einige r\u00f6mische Keramikfragmente, eine konstantinische M\u00fcnze und verschiedene Grabst\u00e4tten gefunden.","imatge":14682,"es_enllac_intern_o_extern":"intern","link_intern":{"title":"Mehr Informationen","url":"https:\/\/lloretdemar.org\/de\/cultura\/kapelle-ermita-de-sant-quirze\/","target":""},"link_extern":"","link_extern_text":""},{"titol":"Kapelle des Sants Metges","descripcio":"Diese kleine Kapelle geh\u00f6rte zum alten Wohlt\u00e4tigkeitskrankenhaus von Lloret, das 1445 von Narc\u00eds Oliveres gegr\u00fcndet wurde. Er war Kanoniker der Kathedrale von Gerona und Verwalter der Pavord\u00eda des Monats November, und als solcher Herr des Territoriums von Lloret.","imatge":14695,"es_enllac_intern_o_extern":"intern","link_intern":{"title":"Mehr Informationen","url":"https:\/\/lloretdemar.org\/de\/cultura\/kapelle-sants-metges\/","target":""},"link_extern":"","link_extern_text":""},{"titol":"Ausgrabungsst\u00e4tte von Puig de Castellet","descripcio":"Die Fundst\u00e4tte Puig de Castellet, die aus dem 3. Jahrhundert v. Chr. stammt, befindet sich zwei Kilometer vom Zentrum von Lloret de Mar entfernt. Ihre strategische Lage bietet einen Blick \u00fcber das ganze Gebiet, von der M\u00fcndung des Tordera bis zur K\u00fcste von Lloret. Die kleine, rund 650 m2 gro\u00dfe Siedlung setzt sich aus sechs Wohnh\u00e4usern zusammen.","imatge":14702,"es_enllac_intern_o_extern":"intern","link_intern":{"title":"Mehr Informationen","url":"https:\/\/lloretdemar.org\/de\/cultura\/ausgrabungsstatte-von-puig-de-castellet\/","target":""},"link_extern":"","link_extern_text":""},{"titol":"Rathaus \u2013 Casa de la Villa","descripcio":"Das Casa de la Villa in Lloret de Mar bewahrt das Wesen der \u201eIndianos\u201c der Stadt. Das Geb\u00e4ude befindet sich am Anfang der Promenade Moss\u00e8n Jacint Verdaguer, in unmittelbarer Strandn\u00e4he","imatge":14696,"es_enllac_intern_o_extern":"intern","link_intern":{"title":" M\u00e9s informaci\u00f3","url":"http:\/\/lloretdemar.org\/cultura\/ajuntament\/","target":""},"link_extern":"","link_extern_text":""}],"titol_boto":"Brosch\u00fcre herunterladen","document":12271,"apartats":null},"yoast_head":"<!-- This site is optimized with the Yoast SEO plugin v27.5 - https:\/\/yoast.com\/product\/yoast-seo-wordpress\/ -->\n<title>MOLL: Offenes Museum Lloret - Lloret de Mar<\/title>\n<meta name=\"description\" content=\"Lloret de Mar ist eine Art offenes Museum, das Ihnen die Geschichte und Kultur der Stadt bei einem Spaziergang durch die Stra\u00dfen und Gassen offenbart. Erkunden Sie die Stadt und tauchen Sie ein in die Vergangenheit von Lloret de Mar ein, um mehr \u00fcber die Geschichte, die Kultur und die Bewohner der K\u00fcstenstadt zu erfahren.&hellip;\" \/>\n<meta name=\"robots\" content=\"index, follow, max-snippet:-1, max-image-preview:large, max-video-preview:-1\" \/>\n<link rel=\"canonical\" href=\"https:\/\/lloretdemar.org\/de\/was-sie-in-lloret-de-mar-tun-konnen\/lloret-de-mar-bei-tag\/kultur\/moll-offenes-museum-lloret\/\" \/>\n<meta property=\"og:locale\" content=\"de_DE\" \/>\n<meta property=\"og:type\" content=\"article\" \/>\n<meta property=\"og:title\" content=\"MOLL: Offenes Museum Lloret - Lloret de Mar\" \/>\n<meta property=\"og:description\" content=\"Lloret de Mar ist eine Art offenes Museum, das Ihnen die Geschichte und Kultur der Stadt bei einem Spaziergang durch die Stra\u00dfen und Gassen offenbart. Erkunden Sie die Stadt und tauchen Sie ein in die Vergangenheit von Lloret de Mar ein, um mehr \u00fcber die Geschichte, die Kultur und die Bewohner der K\u00fcstenstadt zu erfahren.&hellip;\" \/>\n<meta property=\"og:url\" content=\"https:\/\/lloretdemar.org\/de\/was-sie-in-lloret-de-mar-tun-konnen\/lloret-de-mar-bei-tag\/kultur\/moll-offenes-museum-lloret\/\" \/>\n<meta property=\"og:site_name\" content=\"Lloret de Mar\" \/>\n<meta property=\"article:publisher\" content=\"https:\/\/www.facebook.com\/Lloretturisme\" \/>\n<meta property=\"article:modified_time\" content=\"2022-09-05T13:10:43+00:00\" \/>\n<meta property=\"og:image\" content=\"https:\/\/lloretdemar.org\/wp-content\/uploads\/2020\/02\/slide-cultura-moll.jpg\" \/>\n\t<meta property=\"og:image:width\" content=\"1920\" \/>\n\t<meta property=\"og:image:height\" content=\"885\" \/>\n\t<meta property=\"og:image:type\" content=\"image\/jpeg\" \/>\n<meta name=\"twitter:card\" content=\"summary_large_image\" \/>\n<meta name=\"twitter:site\" content=\"@lloretturisme\" \/>\n<meta name=\"twitter:label1\" content=\"Gesch\u00e4tzte Lesezeit\" \/>\n\t<meta name=\"twitter:data1\" content=\"1\u00a0Minute\" \/>\n<script type=\"application\/ld+json\" class=\"yoast-schema-graph\">{\"@context\":\"https:\\\/\\\/schema.org\",\"@graph\":[{\"@type\":\"WebPage\",\"@id\":\"https:\\\/\\\/lloretdemar.org\\\/de\\\/was-sie-in-lloret-de-mar-tun-konnen\\\/lloret-de-mar-bei-tag\\\/kultur\\\/moll-offenes-museum-lloret\\\/\",\"url\":\"https:\\\/\\\/lloretdemar.org\\\/de\\\/was-sie-in-lloret-de-mar-tun-konnen\\\/lloret-de-mar-bei-tag\\\/kultur\\\/moll-offenes-museum-lloret\\\/\",\"name\":\"MOLL: Offenes Museum Lloret - Lloret de Mar\",\"isPartOf\":{\"@id\":\"https:\\\/\\\/lloretdemar.org\\\/de\\\/#website\"},\"datePublished\":\"2020-01-23T12:43:21+00:00\",\"dateModified\":\"2022-09-05T13:10:43+00:00\",\"description\":\"Lloret de Mar\",\"breadcrumb\":{\"@id\":\"https:\\\/\\\/lloretdemar.org\\\/de\\\/was-sie-in-lloret-de-mar-tun-konnen\\\/lloret-de-mar-bei-tag\\\/kultur\\\/moll-offenes-museum-lloret\\\/#breadcrumb\"},\"inLanguage\":\"de\",\"potentialAction\":[{\"@type\":\"ReadAction\",\"target\":[\"https:\\\/\\\/lloretdemar.org\\\/de\\\/was-sie-in-lloret-de-mar-tun-konnen\\\/lloret-de-mar-bei-tag\\\/kultur\\\/moll-offenes-museum-lloret\\\/\"]}]},{\"@type\":\"BreadcrumbList\",\"@id\":\"https:\\\/\\\/lloretdemar.org\\\/de\\\/was-sie-in-lloret-de-mar-tun-konnen\\\/lloret-de-mar-bei-tag\\\/kultur\\\/moll-offenes-museum-lloret\\\/#breadcrumb\",\"itemListElement\":[{\"@type\":\"ListItem\",\"position\":1,\"name\":\"Home\",\"item\":\"https:\\\/\\\/lloretdemar.org\\\/de\\\/\"},{\"@type\":\"ListItem\",\"position\":2,\"name\":\"Was Sie in Lloret de Mar tun k\u00f6nnen\",\"item\":\"https:\\\/\\\/lloretdemar.org\\\/de\\\/was-sie-in-lloret-de-mar-tun-konnen\\\/\"},{\"@type\":\"ListItem\",\"position\":3,\"name\":\"Lloret de Mar bei Tag\",\"item\":\"https:\\\/\\\/lloretdemar.org\\\/de\\\/was-sie-in-lloret-de-mar-tun-konnen\\\/lloret-de-mar-bei-tag\\\/\"},{\"@type\":\"ListItem\",\"position\":4,\"name\":\"Kultur\",\"item\":\"https:\\\/\\\/lloretdemar.org\\\/de\\\/was-sie-in-lloret-de-mar-tun-konnen\\\/lloret-de-mar-bei-tag\\\/kultur\\\/\"},{\"@type\":\"ListItem\",\"position\":5,\"name\":\"MOLL: Offenes Museum Lloret\"}]},{\"@type\":\"WebSite\",\"@id\":\"https:\\\/\\\/lloretdemar.org\\\/de\\\/#website\",\"url\":\"https:\\\/\\\/lloretdemar.org\\\/de\\\/\",\"name\":\"Lloret de Mar\",\"description\":\"\",\"publisher\":{\"@id\":\"https:\\\/\\\/lloretdemar.org\\\/de\\\/#organization\"},\"potentialAction\":[{\"@type\":\"SearchAction\",\"target\":{\"@type\":\"EntryPoint\",\"urlTemplate\":\"https:\\\/\\\/lloretdemar.org\\\/de\\\/?s={search_term_string}\"},\"query-input\":{\"@type\":\"PropertyValueSpecification\",\"valueRequired\":true,\"valueName\":\"search_term_string\"}}],\"inLanguage\":\"de\"},{\"@type\":\"Organization\",\"@id\":\"https:\\\/\\\/lloretdemar.org\\\/de\\\/#organization\",\"name\":\"Lloret de Mar\",\"url\":\"https:\\\/\\\/lloretdemar.org\\\/de\\\/\",\"logo\":{\"@type\":\"ImageObject\",\"inLanguage\":\"de\",\"@id\":\"https:\\\/\\\/lloretdemar.org\\\/de\\\/#\\\/schema\\\/logo\\\/image\\\/\",\"url\":\"https:\\\/\\\/lloretdemar.org\\\/wp-content\\\/uploads\\\/2020\\\/05\\\/lloret-de-mar-logo.png\",\"contentUrl\":\"https:\\\/\\\/lloretdemar.org\\\/wp-content\\\/uploads\\\/2020\\\/05\\\/lloret-de-mar-logo.png\",\"width\":87,\"height\":38,\"caption\":\"Lloret de Mar\"},\"image\":{\"@id\":\"https:\\\/\\\/lloretdemar.org\\\/de\\\/#\\\/schema\\\/logo\\\/image\\\/\"},\"sameAs\":[\"https:\\\/\\\/www.facebook.com\\\/Lloretturisme\",\"https:\\\/\\\/x.com\\\/lloretturisme\",\"https:\\\/\\\/instagram.com\\\/lloretturisme\",\"https:\\\/\\\/www.youtube.com\\\/LloretTurisme\"]}]}<\/script>\n<!-- \/ Yoast SEO plugin. -->","yoast_head_json":{"title":"MOLL: Offenes Museum Lloret - Lloret de Mar","description":"Lloret de Mar ist eine Art offenes Museum, das Ihnen die Geschichte und Kultur der Stadt bei einem Spaziergang durch die Stra\u00dfen und Gassen offenbart. Erkunden Sie die Stadt und tauchen Sie ein in die Vergangenheit von Lloret de Mar ein, um mehr \u00fcber die Geschichte, die Kultur und die Bewohner der K\u00fcstenstadt zu erfahren.&hellip;","robots":{"index":"index","follow":"follow","max-snippet":"max-snippet:-1","max-image-preview":"max-image-preview:large","max-video-preview":"max-video-preview:-1"},"canonical":"https:\/\/lloretdemar.org\/de\/was-sie-in-lloret-de-mar-tun-konnen\/lloret-de-mar-bei-tag\/kultur\/moll-offenes-museum-lloret\/","og_locale":"de_DE","og_type":"article","og_title":"MOLL: Offenes Museum Lloret - Lloret de Mar","og_description":"Lloret de Mar ist eine Art offenes Museum, das Ihnen die Geschichte und Kultur der Stadt bei einem Spaziergang durch die Stra\u00dfen und Gassen offenbart. Erkunden Sie die Stadt und tauchen Sie ein in die Vergangenheit von Lloret de Mar ein, um mehr \u00fcber die Geschichte, die Kultur und die Bewohner der K\u00fcstenstadt zu erfahren.&hellip;","og_url":"https:\/\/lloretdemar.org\/de\/was-sie-in-lloret-de-mar-tun-konnen\/lloret-de-mar-bei-tag\/kultur\/moll-offenes-museum-lloret\/","og_site_name":"Lloret de Mar","article_publisher":"https:\/\/www.facebook.com\/Lloretturisme","article_modified_time":"2022-09-05T13:10:43+00:00","og_image":[{"width":1920,"height":885,"url":"https:\/\/lloretdemar.org\/wp-content\/uploads\/2020\/02\/slide-cultura-moll.jpg","type":"image\/jpeg"}],"twitter_card":"summary_large_image","twitter_site":"@lloretturisme","twitter_misc":{"Gesch\u00e4tzte Lesezeit":"1\u00a0Minute"},"schema":{"@context":"https:\/\/schema.org","@graph":[{"@type":"WebPage","@id":"https:\/\/lloretdemar.org\/de\/was-sie-in-lloret-de-mar-tun-konnen\/lloret-de-mar-bei-tag\/kultur\/moll-offenes-museum-lloret\/","url":"https:\/\/lloretdemar.org\/de\/was-sie-in-lloret-de-mar-tun-konnen\/lloret-de-mar-bei-tag\/kultur\/moll-offenes-museum-lloret\/","name":"MOLL: Offenes Museum Lloret - Lloret de Mar","isPartOf":{"@id":"https:\/\/lloretdemar.org\/de\/#website"},"datePublished":"2020-01-23T12:43:21+00:00","dateModified":"2022-09-05T13:10:43+00:00","description":"Lloret de Mar","breadcrumb":{"@id":"https:\/\/lloretdemar.org\/de\/was-sie-in-lloret-de-mar-tun-konnen\/lloret-de-mar-bei-tag\/kultur\/moll-offenes-museum-lloret\/#breadcrumb"},"inLanguage":"de","potentialAction":[{"@type":"ReadAction","target":["https:\/\/lloretdemar.org\/de\/was-sie-in-lloret-de-mar-tun-konnen\/lloret-de-mar-bei-tag\/kultur\/moll-offenes-museum-lloret\/"]}]},{"@type":"BreadcrumbList","@id":"https:\/\/lloretdemar.org\/de\/was-sie-in-lloret-de-mar-tun-konnen\/lloret-de-mar-bei-tag\/kultur\/moll-offenes-museum-lloret\/#breadcrumb","itemListElement":[{"@type":"ListItem","position":1,"name":"Home","item":"https:\/\/lloretdemar.org\/de\/"},{"@type":"ListItem","position":2,"name":"Was Sie in Lloret de Mar tun k\u00f6nnen","item":"https:\/\/lloretdemar.org\/de\/was-sie-in-lloret-de-mar-tun-konnen\/"},{"@type":"ListItem","position":3,"name":"Lloret de Mar bei Tag","item":"https:\/\/lloretdemar.org\/de\/was-sie-in-lloret-de-mar-tun-konnen\/lloret-de-mar-bei-tag\/"},{"@type":"ListItem","position":4,"name":"Kultur","item":"https:\/\/lloretdemar.org\/de\/was-sie-in-lloret-de-mar-tun-konnen\/lloret-de-mar-bei-tag\/kultur\/"},{"@type":"ListItem","position":5,"name":"MOLL: Offenes Museum Lloret"}]},{"@type":"WebSite","@id":"https:\/\/lloretdemar.org\/de\/#website","url":"https:\/\/lloretdemar.org\/de\/","name":"Lloret de Mar","description":"","publisher":{"@id":"https:\/\/lloretdemar.org\/de\/#organization"},"potentialAction":[{"@type":"SearchAction","target":{"@type":"EntryPoint","urlTemplate":"https:\/\/lloretdemar.org\/de\/?s={search_term_string}"},"query-input":{"@type":"PropertyValueSpecification","valueRequired":true,"valueName":"search_term_string"}}],"inLanguage":"de"},{"@type":"Organization","@id":"https:\/\/lloretdemar.org\/de\/#organization","name":"Lloret de Mar","url":"https:\/\/lloretdemar.org\/de\/","logo":{"@type":"ImageObject","inLanguage":"de","@id":"https:\/\/lloretdemar.org\/de\/#\/schema\/logo\/image\/","url":"https:\/\/lloretdemar.org\/wp-content\/uploads\/2020\/05\/lloret-de-mar-logo.png","contentUrl":"https:\/\/lloretdemar.org\/wp-content\/uploads\/2020\/05\/lloret-de-mar-logo.png","width":87,"height":38,"caption":"Lloret de Mar"},"image":{"@id":"https:\/\/lloretdemar.org\/de\/#\/schema\/logo\/image\/"},"sameAs":["https:\/\/www.facebook.com\/Lloretturisme","https:\/\/x.com\/lloretturisme","https:\/\/instagram.com\/lloretturisme","https:\/\/www.youtube.com\/LloretTurisme"]}]}},"_links":{"self":[{"href":"https:\/\/lloretdemar.org\/de\/wp-json\/wp\/v2\/pages\/14659","targetHints":{"allow":["GET"]}}],"collection":[{"href":"https:\/\/lloretdemar.org\/de\/wp-json\/wp\/v2\/pages"}],"about":[{"href":"https:\/\/lloretdemar.org\/de\/wp-json\/wp\/v2\/types\/page"}],"author":[{"embeddable":true,"href":"https:\/\/lloretdemar.org\/de\/wp-json\/wp\/v2\/users\/12"}],"replies":[{"embeddable":true,"href":"https:\/\/lloretdemar.org\/de\/wp-json\/wp\/v2\/comments?post=14659"}],"version-history":[{"count":1,"href":"https:\/\/lloretdemar.org\/de\/wp-json\/wp\/v2\/pages\/14659\/revisions"}],"predecessor-version":[{"id":30487,"href":"https:\/\/lloretdemar.org\/de\/wp-json\/wp\/v2\/pages\/14659\/revisions\/30487"}],"up":[{"embeddable":true,"href":"https:\/\/lloretdemar.org\/de\/wp-json\/wp\/v2\/pages\/13881"}],"wp:attachment":[{"href":"https:\/\/lloretdemar.org\/de\/wp-json\/wp\/v2\/media?parent=14659"}],"curies":[{"name":"wp","href":"https:\/\/api.w.org\/{rel}","templated":true}]}}