{"id":14634,"date":"2019-12-30T10:17:04","date_gmt":"2019-12-30T09:17:04","guid":{"rendered":"http:\/\/lloretdemar.org\/lloret-de-mar-de-dia\/cami-de-ronda\/cami-de-ronda-lloret-de-mar-tossa-de-mar\/"},"modified":"2022-09-05T13:56:09","modified_gmt":"2022-09-05T11:56:09","slug":"kustenwanderweg-lloret-de-mar-tossa-de-mar","status":"publish","type":"page","link":"https:\/\/lloretdemar.org\/de\/was-sie-in-lloret-de-mar-tun-konnen\/lloret-de-mar-bei-tag\/kustenwanderweg\/kustenwanderweg-lloret-de-mar-tossa-de-mar\/","title":{"rendered":"K\u00fcstenwanderweg Lloret de Mar \u2013 Tossa de Mar"},"content":{"rendered":"\n<p>Die etwa 12 km lange K\u00fcstenroute, die<a rel=\"noreferrer noopener\" href=\"https:\/\/ca.costabrava.org\/on-anar\/comarques-municipis\/la-selva\/lloret-de-mar-111634\" target=\"_blank\"> Lloret de Mar<\/a> von Tossa de Mar trennt, ist ein stetiges Auf und Ab inmitten von Klippen. Die Route ist nichts f\u00fcr Sportmuffel, da einige Abschnitte \u00fcber Pflasterwege f\u00fchren, die Ihrer Kondition einiges abverlangen. Dar\u00fcber hinaus m\u00fcssen Sie gleichzeitig auf die Schilder und Markierungen achten, die Ihren Weg kreuzen. Nat\u00fcrlich haben Sie die M\u00f6glichkeit, an einem der vielen magischen Orte zu verschnaufen, die sich in Form kleiner wilder Buchten wie Porto Pi, Cala Figuera, Cala d&#8217;All\u00e0 on Raja l\u2018Aigua, etc. vor Ihren Augen auftun. Doch jede Ihrer Anstrengungen wird auf alle F\u00e4lle belohnt!<\/p>\n\n\n\n<p>Bei der Ankunft am Strand von Codolar, unter den mittelalterlichen Mauern von <a rel=\"noreferrer noopener\" href=\"https:\/\/ca.costabrava.org\/que-fer\/cultura\/patrimoni-i-monuments\/castells-i-fortaleses\/recinte-emmurallat-de-la-vila-vella-de-tossa-de-mar-38742\" target=\"_blank\">Tossa de Mar<\/a>, sind alle Anstrengungen schnell vergessen. Das i-T\u00fcpfelchen der Wanderroute ist ein Spaziergang in mittelalterlicher Atmosph\u00e4re durch die Vila Vella de Tossa de Mar und schlussendlich der Aufstieg zum Leuchtturm.<\/p>\n","protected":false},"excerpt":{"rendered":"<p>Die etwa 12 km lange K\u00fcstenroute, die Lloret de Mar von Tossa de Mar trennt, ist ein stetiges Auf und Ab inmitten von Klippen. Die Route ist nichts f\u00fcr Sportmuffel, da einige Abschnitte \u00fcber Pflasterwege f\u00fchren, die Ihrer Kondition einiges abverlangen. Dar\u00fcber hinaus m\u00fcssen Sie gleichzeitig auf die Schilder und Markierungen achten, die Ihren Weg [&hellip;]<\/p>\n","protected":false},"author":12,"featured_media":14635,"parent":13857,"menu_order":0,"comment_status":"closed","ping_status":"closed","template":"page-templates\/puntinteres.php","meta":{"_acf_changed":false,"content-type":"","footnotes":""},"class_list":["post-14634","page","type-page","status-publish","has-post-thumbnail","hentry"],"acf":{"enllac_directori":false,"imatges":null,"blocs":[{"nom_categoria":"Technische Daten","contingut_categoria":"Start: \tMeeresmuseum\r\nAnkunft: \tTossa de Mar\r\nRoutentyp: \tLinear\r\nSchwierigkeit: \tMittel\r\nUngef\u00e4hre Dauer: 3 Stunden\r\nH\u00f6henunterschied: \t356 Meter\r\n"},{"nom_categoria":"Markierung","contingut_categoria":"Markierungen GR, PR und SL gem\u00e4\u00df den Normen der FEEC. (GR: Wei\u00dfe und rote Markierungen). Vertikale und horizontale Schilder mit der Aufschrift \u201eTurisme de Catalunya\u201c\r\n"},{"nom_categoria":"Sehensw\u00fcrdigkeiten","contingut_categoria":"Das Meeresmuseum, die Bucht Sa Caleta, die Burg d\u2019en Plaja, die Bucht Cala dels Frares, die Bucht Cala dels Trons, der Aussichtspunkt Punta des Cabdells, der Strand Canyelles, die Bucht Cala Morisca, der Wald Sureda d\u2019en Santos, der Aussichtspunkt Punta des Cards, der Strand Des Codolar, die Buchten Porto Pi und Cala Figuera, sowie die Vila de Tossa.\r\n\r\n"},{"nom_categoria":"Weitere Informationen","contingut_categoria":"http:\/\/www.laselvaturisme.com\/wp-content\/uploads\/2016\/12\/GR92_LloretdeMar-TossadeMar.pdf"}],"direccio":{"titol_bloc":"Abfahrt","contingut_bloc":"<a href=\"https:\/\/www.google.com\/maps\/place\/Museu+del+Mar\/@41.699625,2.8507361,15z\/data=!4m2!3m1!1s0x0:0xeb5bea8a786c55ea?sa=X&amp;ved=2ahUKEwii097e_9zmAhXt6eAKHWwmBYoQ_BIwCnoECA0QCA\">Museu del Mar<\/a>","mapa":null},"mes_informacio":{"titol_mes_info":"M\u00e9s informaci\u00f3","contingut_mes_info":"<strong>Tel\u00e8fon: <\/strong>+34 972 365 788\r\n<strong>E-mail:<\/strong> <a href=\"mailto:central-turisme@lloret.cat\">central-turisme@lloret.cat<\/a>\r\n<strong>Web:<\/strong> <a href=\"http:\/\/www.lloretdemar.org\/\">www.lloretdemar.org<\/a>\r\n\r\n&nbsp;"},"viatge":{"titol_viatge":"Weitere Informationen","contingut_viatge":"Kontaktieren Sie uns","link_viatge":{"title":"Fragen Sie uns","url":"mailto:lloret-turisme@lloret.cat","target":""}},"apartats":[{"acf_fc_layout":"bloc_amplada_completa","amb_marges":false,"html_js":"<div  style=\"width:92%; height:80vh; display:inline-block; margin-left:4%; margin-bottom:25px; border: 1px solid #fd5151\">\r\n<div \r\n\t\tid=\"bWidgetMap\"\r\n\t\tintegration=\"segment\"\r\n\t\tparenturiprefix=\"bwidget:\"\r\n\t\tembedurl=\"https:\/\/maps.lloretdemar.org\"\r\n\t\tembedmainuri=\"\/de\/kustenwanderweg-lloret-mar-tossa-de-mar\"\r\n\t\tonFocus=\"\"\r\n\t\tonFocusOut=\"\"\r\n                btnColor='#fd5151'\r\n                showButtons = \"true\"\r\n                viewMapText = \"INTERAKTIVE KARTE\"\r\n               >\r\n<\/div>\r\n<script type=\"text\/javascript\" src=\"https:\/\/maps.lloretdemar.org\/embed.js\"><\/script>\r\n<\/div>"}]},"yoast_head":"<!-- This site is optimized with the Yoast SEO plugin v27.5 - https:\/\/yoast.com\/product\/yoast-seo-wordpress\/ -->\n<title>K\u00fcstenwanderweg Lloret de Mar \u2013 Tossa de Mar - Lloret de Mar<\/title>\n<meta name=\"description\" content=\"Die etwa 12 km lange K\u00fcstenroute, die Lloret de Mar von Tossa de Mar trennt, ist ein stetiges Auf und Ab inmitten von Klippen. Die Route ist nichts f\u00fcr Sportmuffel, da einige Abschnitte \u00fcber Pflasterwege f\u00fchren, die Ihrer Kondition einiges abverlangen. Dar\u00fcber hinaus m\u00fcssen Sie gleichzeitig auf die Schilder und Markierungen achten, die Ihren Weg&hellip;\" \/>\n<meta name=\"robots\" content=\"index, follow, max-snippet:-1, max-image-preview:large, max-video-preview:-1\" \/>\n<link rel=\"canonical\" href=\"https:\/\/lloretdemar.org\/de\/was-sie-in-lloret-de-mar-tun-konnen\/lloret-de-mar-bei-tag\/kustenwanderweg\/kustenwanderweg-lloret-de-mar-tossa-de-mar\/\" \/>\n<meta property=\"og:locale\" content=\"de_DE\" \/>\n<meta property=\"og:type\" content=\"article\" \/>\n<meta property=\"og:title\" content=\"K\u00fcstenwanderweg Lloret de Mar \u2013 Tossa de Mar - Lloret de Mar\" \/>\n<meta property=\"og:description\" content=\"Die etwa 12 km lange K\u00fcstenroute, die Lloret de Mar von Tossa de Mar trennt, ist ein stetiges Auf und Ab inmitten von Klippen. Die Route ist nichts f\u00fcr Sportmuffel, da einige Abschnitte \u00fcber Pflasterwege f\u00fchren, die Ihrer Kondition einiges abverlangen. Dar\u00fcber hinaus m\u00fcssen Sie gleichzeitig auf die Schilder und Markierungen achten, die Ihren Weg&hellip;\" \/>\n<meta property=\"og:url\" content=\"https:\/\/lloretdemar.org\/de\/was-sie-in-lloret-de-mar-tun-konnen\/lloret-de-mar-bei-tag\/kustenwanderweg\/kustenwanderweg-lloret-de-mar-tossa-de-mar\/\" \/>\n<meta property=\"og:site_name\" content=\"Lloret de Mar\" \/>\n<meta property=\"article:publisher\" content=\"https:\/\/www.facebook.com\/Lloretturisme\" \/>\n<meta property=\"article:modified_time\" content=\"2022-09-05T11:56:09+00:00\" \/>\n<meta property=\"og:image\" content=\"https:\/\/lloretdemar.org\/wp-content\/uploads\/2020\/01\/camironda3.jpg\" \/>\n\t<meta property=\"og:image:width\" content=\"1123\" \/>\n\t<meta property=\"og:image:height\" content=\"608\" \/>\n\t<meta property=\"og:image:type\" content=\"image\/jpeg\" \/>\n<meta name=\"twitter:card\" content=\"summary_large_image\" \/>\n<meta name=\"twitter:site\" content=\"@lloretturisme\" \/>\n<meta name=\"twitter:label1\" content=\"Gesch\u00e4tzte Lesezeit\" \/>\n\t<meta name=\"twitter:data1\" content=\"1\u00a0Minute\" \/>\n<script type=\"application\/ld+json\" class=\"yoast-schema-graph\">{\"@context\":\"https:\\\/\\\/schema.org\",\"@graph\":[{\"@type\":\"WebPage\",\"@id\":\"https:\\\/\\\/lloretdemar.org\\\/de\\\/was-sie-in-lloret-de-mar-tun-konnen\\\/lloret-de-mar-bei-tag\\\/kustenwanderweg\\\/kustenwanderweg-lloret-de-mar-tossa-de-mar\\\/\",\"url\":\"https:\\\/\\\/lloretdemar.org\\\/de\\\/was-sie-in-lloret-de-mar-tun-konnen\\\/lloret-de-mar-bei-tag\\\/kustenwanderweg\\\/kustenwanderweg-lloret-de-mar-tossa-de-mar\\\/\",\"name\":\"K\u00fcstenwanderweg Lloret de Mar \u2013 Tossa de Mar - Lloret de Mar\",\"isPartOf\":{\"@id\":\"https:\\\/\\\/lloretdemar.org\\\/de\\\/#website\"},\"primaryImageOfPage\":{\"@id\":\"https:\\\/\\\/lloretdemar.org\\\/de\\\/was-sie-in-lloret-de-mar-tun-konnen\\\/lloret-de-mar-bei-tag\\\/kustenwanderweg\\\/kustenwanderweg-lloret-de-mar-tossa-de-mar\\\/#primaryimage\"},\"image\":{\"@id\":\"https:\\\/\\\/lloretdemar.org\\\/de\\\/was-sie-in-lloret-de-mar-tun-konnen\\\/lloret-de-mar-bei-tag\\\/kustenwanderweg\\\/kustenwanderweg-lloret-de-mar-tossa-de-mar\\\/#primaryimage\"},\"thumbnailUrl\":\"https:\\\/\\\/lloretdemar.org\\\/wp-content\\\/uploads\\\/2020\\\/01\\\/camironda3.jpg\",\"datePublished\":\"2019-12-30T09:17:04+00:00\",\"dateModified\":\"2022-09-05T11:56:09+00:00\",\"description\":\"Lloret de Mar\",\"breadcrumb\":{\"@id\":\"https:\\\/\\\/lloretdemar.org\\\/de\\\/was-sie-in-lloret-de-mar-tun-konnen\\\/lloret-de-mar-bei-tag\\\/kustenwanderweg\\\/kustenwanderweg-lloret-de-mar-tossa-de-mar\\\/#breadcrumb\"},\"inLanguage\":\"de\",\"potentialAction\":[{\"@type\":\"ReadAction\",\"target\":[\"https:\\\/\\\/lloretdemar.org\\\/de\\\/was-sie-in-lloret-de-mar-tun-konnen\\\/lloret-de-mar-bei-tag\\\/kustenwanderweg\\\/kustenwanderweg-lloret-de-mar-tossa-de-mar\\\/\"]}]},{\"@type\":\"ImageObject\",\"inLanguage\":\"de\",\"@id\":\"https:\\\/\\\/lloretdemar.org\\\/de\\\/was-sie-in-lloret-de-mar-tun-konnen\\\/lloret-de-mar-bei-tag\\\/kustenwanderweg\\\/kustenwanderweg-lloret-de-mar-tossa-de-mar\\\/#primaryimage\",\"url\":\"https:\\\/\\\/lloretdemar.org\\\/wp-content\\\/uploads\\\/2020\\\/01\\\/camironda3.jpg\",\"contentUrl\":\"https:\\\/\\\/lloretdemar.org\\\/wp-content\\\/uploads\\\/2020\\\/01\\\/camironda3.jpg\",\"width\":1123,\"height\":608,\"caption\":\"activitats a Lloret de Mar\"},{\"@type\":\"BreadcrumbList\",\"@id\":\"https:\\\/\\\/lloretdemar.org\\\/de\\\/was-sie-in-lloret-de-mar-tun-konnen\\\/lloret-de-mar-bei-tag\\\/kustenwanderweg\\\/kustenwanderweg-lloret-de-mar-tossa-de-mar\\\/#breadcrumb\",\"itemListElement\":[{\"@type\":\"ListItem\",\"position\":1,\"name\":\"Home\",\"item\":\"https:\\\/\\\/lloretdemar.org\\\/de\\\/\"},{\"@type\":\"ListItem\",\"position\":2,\"name\":\"Was Sie in Lloret de Mar tun k\u00f6nnen\",\"item\":\"https:\\\/\\\/lloretdemar.org\\\/de\\\/was-sie-in-lloret-de-mar-tun-konnen\\\/\"},{\"@type\":\"ListItem\",\"position\":3,\"name\":\"Lloret de Mar bei Tag\",\"item\":\"https:\\\/\\\/lloretdemar.org\\\/de\\\/was-sie-in-lloret-de-mar-tun-konnen\\\/lloret-de-mar-bei-tag\\\/\"},{\"@type\":\"ListItem\",\"position\":4,\"name\":\"K\u00fcstenwanderweg\",\"item\":\"https:\\\/\\\/lloretdemar.org\\\/de\\\/was-sie-in-lloret-de-mar-tun-konnen\\\/lloret-de-mar-bei-tag\\\/kustenwanderweg\\\/\"},{\"@type\":\"ListItem\",\"position\":5,\"name\":\"K\u00fcstenwanderweg Lloret de Mar \u2013 Tossa de Mar\"}]},{\"@type\":\"WebSite\",\"@id\":\"https:\\\/\\\/lloretdemar.org\\\/de\\\/#website\",\"url\":\"https:\\\/\\\/lloretdemar.org\\\/de\\\/\",\"name\":\"Lloret de Mar\",\"description\":\"\",\"publisher\":{\"@id\":\"https:\\\/\\\/lloretdemar.org\\\/de\\\/#organization\"},\"potentialAction\":[{\"@type\":\"SearchAction\",\"target\":{\"@type\":\"EntryPoint\",\"urlTemplate\":\"https:\\\/\\\/lloretdemar.org\\\/de\\\/?s={search_term_string}\"},\"query-input\":{\"@type\":\"PropertyValueSpecification\",\"valueRequired\":true,\"valueName\":\"search_term_string\"}}],\"inLanguage\":\"de\"},{\"@type\":\"Organization\",\"@id\":\"https:\\\/\\\/lloretdemar.org\\\/de\\\/#organization\",\"name\":\"Lloret de Mar\",\"url\":\"https:\\\/\\\/lloretdemar.org\\\/de\\\/\",\"logo\":{\"@type\":\"ImageObject\",\"inLanguage\":\"de\",\"@id\":\"https:\\\/\\\/lloretdemar.org\\\/de\\\/#\\\/schema\\\/logo\\\/image\\\/\",\"url\":\"https:\\\/\\\/lloretdemar.org\\\/wp-content\\\/uploads\\\/2020\\\/05\\\/lloret-de-mar-logo.png\",\"contentUrl\":\"https:\\\/\\\/lloretdemar.org\\\/wp-content\\\/uploads\\\/2020\\\/05\\\/lloret-de-mar-logo.png\",\"width\":87,\"height\":38,\"caption\":\"Lloret de Mar\"},\"image\":{\"@id\":\"https:\\\/\\\/lloretdemar.org\\\/de\\\/#\\\/schema\\\/logo\\\/image\\\/\"},\"sameAs\":[\"https:\\\/\\\/www.facebook.com\\\/Lloretturisme\",\"https:\\\/\\\/x.com\\\/lloretturisme\",\"https:\\\/\\\/instagram.com\\\/lloretturisme\",\"https:\\\/\\\/www.youtube.com\\\/LloretTurisme\"]}]}<\/script>\n<!-- \/ Yoast SEO plugin. -->","yoast_head_json":{"title":"K\u00fcstenwanderweg Lloret de Mar \u2013 Tossa de Mar - Lloret de Mar","description":"Die etwa 12 km lange K\u00fcstenroute, die Lloret de Mar von Tossa de Mar trennt, ist ein stetiges Auf und Ab inmitten von Klippen. Die Route ist nichts f\u00fcr Sportmuffel, da einige Abschnitte \u00fcber Pflasterwege f\u00fchren, die Ihrer Kondition einiges abverlangen. Dar\u00fcber hinaus m\u00fcssen Sie gleichzeitig auf die Schilder und Markierungen achten, die Ihren Weg&hellip;","robots":{"index":"index","follow":"follow","max-snippet":"max-snippet:-1","max-image-preview":"max-image-preview:large","max-video-preview":"max-video-preview:-1"},"canonical":"https:\/\/lloretdemar.org\/de\/was-sie-in-lloret-de-mar-tun-konnen\/lloret-de-mar-bei-tag\/kustenwanderweg\/kustenwanderweg-lloret-de-mar-tossa-de-mar\/","og_locale":"de_DE","og_type":"article","og_title":"K\u00fcstenwanderweg Lloret de Mar \u2013 Tossa de Mar - Lloret de Mar","og_description":"Die etwa 12 km lange K\u00fcstenroute, die Lloret de Mar von Tossa de Mar trennt, ist ein stetiges Auf und Ab inmitten von Klippen. Die Route ist nichts f\u00fcr Sportmuffel, da einige Abschnitte \u00fcber Pflasterwege f\u00fchren, die Ihrer Kondition einiges abverlangen. Dar\u00fcber hinaus m\u00fcssen Sie gleichzeitig auf die Schilder und Markierungen achten, die Ihren Weg&hellip;","og_url":"https:\/\/lloretdemar.org\/de\/was-sie-in-lloret-de-mar-tun-konnen\/lloret-de-mar-bei-tag\/kustenwanderweg\/kustenwanderweg-lloret-de-mar-tossa-de-mar\/","og_site_name":"Lloret de Mar","article_publisher":"https:\/\/www.facebook.com\/Lloretturisme","article_modified_time":"2022-09-05T11:56:09+00:00","og_image":[{"width":1123,"height":608,"url":"https:\/\/lloretdemar.org\/wp-content\/uploads\/2020\/01\/camironda3.jpg","type":"image\/jpeg"}],"twitter_card":"summary_large_image","twitter_site":"@lloretturisme","twitter_misc":{"Gesch\u00e4tzte Lesezeit":"1\u00a0Minute"},"schema":{"@context":"https:\/\/schema.org","@graph":[{"@type":"WebPage","@id":"https:\/\/lloretdemar.org\/de\/was-sie-in-lloret-de-mar-tun-konnen\/lloret-de-mar-bei-tag\/kustenwanderweg\/kustenwanderweg-lloret-de-mar-tossa-de-mar\/","url":"https:\/\/lloretdemar.org\/de\/was-sie-in-lloret-de-mar-tun-konnen\/lloret-de-mar-bei-tag\/kustenwanderweg\/kustenwanderweg-lloret-de-mar-tossa-de-mar\/","name":"K\u00fcstenwanderweg Lloret de Mar \u2013 Tossa de Mar - Lloret de Mar","isPartOf":{"@id":"https:\/\/lloretdemar.org\/de\/#website"},"primaryImageOfPage":{"@id":"https:\/\/lloretdemar.org\/de\/was-sie-in-lloret-de-mar-tun-konnen\/lloret-de-mar-bei-tag\/kustenwanderweg\/kustenwanderweg-lloret-de-mar-tossa-de-mar\/#primaryimage"},"image":{"@id":"https:\/\/lloretdemar.org\/de\/was-sie-in-lloret-de-mar-tun-konnen\/lloret-de-mar-bei-tag\/kustenwanderweg\/kustenwanderweg-lloret-de-mar-tossa-de-mar\/#primaryimage"},"thumbnailUrl":"https:\/\/lloretdemar.org\/wp-content\/uploads\/2020\/01\/camironda3.jpg","datePublished":"2019-12-30T09:17:04+00:00","dateModified":"2022-09-05T11:56:09+00:00","description":"Lloret de Mar","breadcrumb":{"@id":"https:\/\/lloretdemar.org\/de\/was-sie-in-lloret-de-mar-tun-konnen\/lloret-de-mar-bei-tag\/kustenwanderweg\/kustenwanderweg-lloret-de-mar-tossa-de-mar\/#breadcrumb"},"inLanguage":"de","potentialAction":[{"@type":"ReadAction","target":["https:\/\/lloretdemar.org\/de\/was-sie-in-lloret-de-mar-tun-konnen\/lloret-de-mar-bei-tag\/kustenwanderweg\/kustenwanderweg-lloret-de-mar-tossa-de-mar\/"]}]},{"@type":"ImageObject","inLanguage":"de","@id":"https:\/\/lloretdemar.org\/de\/was-sie-in-lloret-de-mar-tun-konnen\/lloret-de-mar-bei-tag\/kustenwanderweg\/kustenwanderweg-lloret-de-mar-tossa-de-mar\/#primaryimage","url":"https:\/\/lloretdemar.org\/wp-content\/uploads\/2020\/01\/camironda3.jpg","contentUrl":"https:\/\/lloretdemar.org\/wp-content\/uploads\/2020\/01\/camironda3.jpg","width":1123,"height":608,"caption":"activitats a Lloret de Mar"},{"@type":"BreadcrumbList","@id":"https:\/\/lloretdemar.org\/de\/was-sie-in-lloret-de-mar-tun-konnen\/lloret-de-mar-bei-tag\/kustenwanderweg\/kustenwanderweg-lloret-de-mar-tossa-de-mar\/#breadcrumb","itemListElement":[{"@type":"ListItem","position":1,"name":"Home","item":"https:\/\/lloretdemar.org\/de\/"},{"@type":"ListItem","position":2,"name":"Was Sie in Lloret de Mar tun k\u00f6nnen","item":"https:\/\/lloretdemar.org\/de\/was-sie-in-lloret-de-mar-tun-konnen\/"},{"@type":"ListItem","position":3,"name":"Lloret de Mar bei Tag","item":"https:\/\/lloretdemar.org\/de\/was-sie-in-lloret-de-mar-tun-konnen\/lloret-de-mar-bei-tag\/"},{"@type":"ListItem","position":4,"name":"K\u00fcstenwanderweg","item":"https:\/\/lloretdemar.org\/de\/was-sie-in-lloret-de-mar-tun-konnen\/lloret-de-mar-bei-tag\/kustenwanderweg\/"},{"@type":"ListItem","position":5,"name":"K\u00fcstenwanderweg Lloret de Mar \u2013 Tossa de Mar"}]},{"@type":"WebSite","@id":"https:\/\/lloretdemar.org\/de\/#website","url":"https:\/\/lloretdemar.org\/de\/","name":"Lloret de Mar","description":"","publisher":{"@id":"https:\/\/lloretdemar.org\/de\/#organization"},"potentialAction":[{"@type":"SearchAction","target":{"@type":"EntryPoint","urlTemplate":"https:\/\/lloretdemar.org\/de\/?s={search_term_string}"},"query-input":{"@type":"PropertyValueSpecification","valueRequired":true,"valueName":"search_term_string"}}],"inLanguage":"de"},{"@type":"Organization","@id":"https:\/\/lloretdemar.org\/de\/#organization","name":"Lloret de Mar","url":"https:\/\/lloretdemar.org\/de\/","logo":{"@type":"ImageObject","inLanguage":"de","@id":"https:\/\/lloretdemar.org\/de\/#\/schema\/logo\/image\/","url":"https:\/\/lloretdemar.org\/wp-content\/uploads\/2020\/05\/lloret-de-mar-logo.png","contentUrl":"https:\/\/lloretdemar.org\/wp-content\/uploads\/2020\/05\/lloret-de-mar-logo.png","width":87,"height":38,"caption":"Lloret de Mar"},"image":{"@id":"https:\/\/lloretdemar.org\/de\/#\/schema\/logo\/image\/"},"sameAs":["https:\/\/www.facebook.com\/Lloretturisme","https:\/\/x.com\/lloretturisme","https:\/\/instagram.com\/lloretturisme","https:\/\/www.youtube.com\/LloretTurisme"]}]}},"_links":{"self":[{"href":"https:\/\/lloretdemar.org\/de\/wp-json\/wp\/v2\/pages\/14634","targetHints":{"allow":["GET"]}}],"collection":[{"href":"https:\/\/lloretdemar.org\/de\/wp-json\/wp\/v2\/pages"}],"about":[{"href":"https:\/\/lloretdemar.org\/de\/wp-json\/wp\/v2\/types\/page"}],"author":[{"embeddable":true,"href":"https:\/\/lloretdemar.org\/de\/wp-json\/wp\/v2\/users\/12"}],"replies":[{"embeddable":true,"href":"https:\/\/lloretdemar.org\/de\/wp-json\/wp\/v2\/comments?post=14634"}],"version-history":[{"count":2,"href":"https:\/\/lloretdemar.org\/de\/wp-json\/wp\/v2\/pages\/14634\/revisions"}],"predecessor-version":[{"id":30450,"href":"https:\/\/lloretdemar.org\/de\/wp-json\/wp\/v2\/pages\/14634\/revisions\/30450"}],"up":[{"embeddable":true,"href":"https:\/\/lloretdemar.org\/de\/wp-json\/wp\/v2\/pages\/13857"}],"wp:featuredmedia":[{"embeddable":true,"href":"https:\/\/lloretdemar.org\/de\/wp-json\/wp\/v2\/media\/14635"}],"wp:attachment":[{"href":"https:\/\/lloretdemar.org\/de\/wp-json\/wp\/v2\/media?parent=14634"}],"curies":[{"name":"wp","href":"https:\/\/api.w.org\/{rel}","templated":true}]}}