{"id":14613,"date":"2020-02-05T16:40:39","date_gmt":"2020-02-05T15:40:39","guid":{"rendered":"http:\/\/lloretdemar.org\/lloret-de-mar-de-dia\/cami-de-ronda\/cami-de-ronda-lloret-de-mar-blanes\/"},"modified":"2022-09-05T13:26:01","modified_gmt":"2022-09-05T11:26:01","slug":"kustenwanderweg-lloret-de-mar-blanes","status":"publish","type":"page","link":"https:\/\/lloretdemar.org\/de\/was-sie-in-lloret-de-mar-tun-konnen\/lloret-de-mar-bei-tag\/kustenwanderweg\/kustenwanderweg-lloret-de-mar-blanes\/","title":{"rendered":"K\u00fcstenwanderweg Lloret de Mar \u2013 Blanes"},"content":{"rendered":"\n<p>Dieser \u201ecamino de ronda\u201c ist einer der sch\u00f6nsten K\u00fcstenwanderwege entlang der Costa Brava. Die Route f\u00fchrt durch die von Kiefern und Eichen besiedelten W\u00e4lder der K\u00fcste von Lloret. Auf diesem Wanderweg, der vom Strand von Lloret bis in die Stadt Blanes f\u00fchrt, k\u00f6nnen Sie die nat\u00fcrliche Landschaft der Costa Brava (eine der Hauptattraktionen dieses Reiseziels) in ihrer gesamten Sch\u00f6nheit genie\u00dfen.<\/p>\n\n\n\n<p>Die Route kann das ganze Jahr \u00fcber zur\u00fcckgelegt werden. Da der Wanderweg in unmittelbarer K\u00fcstenn\u00e4he verl\u00e4uft, bietet sich Ihnen im Sommer die M\u00f6glichkeit, in den zahlreichen Buchten nach Abk\u00fchlung zu suchen. <\/p>\n","protected":false},"excerpt":{"rendered":"<p>Dieser \u201ecamino de ronda\u201c ist einer der sch\u00f6nsten K\u00fcstenwanderwege entlang der Costa Brava. Die Route f\u00fchrt durch die von Kiefern und Eichen besiedelten W\u00e4lder der K\u00fcste von Lloret. Auf diesem Wanderweg, der vom Strand von Lloret bis in die Stadt Blanes f\u00fchrt, k\u00f6nnen Sie die nat\u00fcrliche Landschaft der Costa Brava (eine der Hauptattraktionen dieses Reiseziels) [&hellip;]<\/p>\n","protected":false},"author":12,"featured_media":7385,"parent":13857,"menu_order":0,"comment_status":"closed","ping_status":"closed","template":"page-templates\/puntinteres.php","meta":{"_acf_changed":false,"content-type":"","footnotes":""},"class_list":["post-14613","page","type-page","status-publish","has-post-thumbnail","hentry"],"acf":{"enllac_directori":false,"imatges":null,"blocs":[{"nom_categoria":"Technische Daten","contingut_categoria":"Start: \tMeeresmuseum\r\nAnkunft: \tStadtzentrum von Blanes \u2013 Sa Palomera\r\nRoutentyp: \tLinear\r\nSchwierigkeit: \tMittel\r\nUngef\u00e4hre Dauer: 2 Stunden und 15 Minuten\r\nH\u00f6henunterschied: \t201 Meter\r\n"},{"nom_categoria":"Markierung","contingut_categoria":"Markierungen GR, PR und SL gem\u00e4\u00df den Normen der FEEC. (GR: Wei\u00dfe und rote Markierungen). Vertikale und horizontale Schilder mit der Aufschrift \u201eTurisme de Catalunya\u201c"},{"nom_categoria":"Sehensw\u00fcrdigkeiten","contingut_categoria":"Das Meeresmuseum (Museo del Mar), das Denkmal an die Seefahrerfrau (Dona Marinera), die Bucht Cala Banys, die Burg Sant Joan de Fenals, die G\u00e4rten von Santa Clotilde, die Kapelle Ermita de Santa Cristina, der Botanische Garten Pinya de Rosa, die Kapelle Ermita de Santa B\u00e0rbara, die Burg Sant Joan, das Stadtzentrum von Blanes, Sa Palomera."},{"nom_categoria":"Weitere Info","contingut_categoria":"Link: http:\/\/www.laselvaturisme.com\/wp-content\/uploads\/2016\/12\/GR92_LloretdeMar-Blanes.pdf"}],"direccio":{"titol_bloc":"Abfahrt","contingut_bloc":"Im folgenden Link geben wir an, wie Sie dorthin gelangen k\u00f6nnen <a href=\"https:\/\/www.google.com\/maps\/place\/Cam%C3%AD+de+Ronda,+17300,+Girona\/@41.6783073,2.8055964,17.25z\/data=!4m5!3m4!1s0x12bb164ff3865197:0x6090d6fe8c0f836a!8m2!3d41.6780485!4d2.8069707\">aqu\u00ed.<\/a>","mapa":{"address":"17300 Blanes, Girona, Espanya","lat":41.675995399999998,"lng":2.7902288999999989,"zoom":14,"place_id":"ChIJQ40kOPM9uxIRgolj8LA4DtA","city":"Blanes","state":"Catalunya","state_short":"CT","post_code":17300,"country":"Espanya","country_short":"ES"}},"mes_informacio":{"titol_mes_info":"M\u00e9s informaci\u00f3","contingut_mes_info":"<strong>Tel\u00e8fon: <\/strong>+34 972 365 788\r\n<strong>E-mail:<\/strong> <a href=\"mailto:central-turisme@lloret.cat\">central-turisme@lloret.cat<\/a>\r\n<strong>Web:<\/strong> <a href=\"http:\/\/www.lloretdemar.org\/\">www.lloretdemar.org<\/a>"},"viatge":{"titol_viatge":"Weitere Informationen","contingut_viatge":"Kontaktieren Sie uns ","link_viatge":{"title":"Fragen Sie uns","url":"mailto:lloret-turisme@lloret.cat","target":""}},"apartats":[{"acf_fc_layout":"bloc_amplada_completa","amb_marges":false,"html_js":"<div  style=\"width:92%; height:80vh; display:inline-block; margin-left:4%; margin-bottom:25px; border: 1px solid #fd5151\">\r\n<div \r\n\t\tid=\"bWidgetMap\"\r\n\t\tintegration=\"segment\"\r\n\t\tparenturiprefix=\"bwidget:\"\r\n\t\tembedurl=\"https:\/\/maps.lloretdemar.org\"\r\n\t\tembedmainuri=\"\/de\/kustenwanderweg-lloret-mar-blanes\"\r\n\t\tonFocus=\"\"\r\n\t\tonFocusOut=\"\"\r\n                btnColor='#fd5151'\r\n                showButtons = \"true\"\r\n                viewMapText = \"INTERAKTIVE KARTE\"\r\n               >\r\n<\/div>\r\n<script type=\"text\/javascript\" src=\"https:\/\/maps.lloretdemar.org\/embed.js\"><\/script>\r\n<\/div>"}]},"yoast_head":"<!-- This site is optimized with the Yoast SEO plugin v27.5 - https:\/\/yoast.com\/product\/yoast-seo-wordpress\/ -->\n<title>K\u00fcstenwanderweg Lloret de Mar \u2013 Blanes - Lloret de Mar<\/title>\n<meta name=\"description\" content=\"Dieser \u201ecamino de ronda\u201c ist einer der sch\u00f6nsten K\u00fcstenwanderwege entlang der Costa Brava. Die Route f\u00fchrt durch die von Kiefern und Eichen besiedelten W\u00e4lder der K\u00fcste von Lloret. Auf diesem Wanderweg, der vom Strand von Lloret bis in die Stadt Blanes f\u00fchrt, k\u00f6nnen Sie die nat\u00fcrliche Landschaft der Costa Brava (eine der Hauptattraktionen dieses Reiseziels)&hellip;\" \/>\n<meta name=\"robots\" content=\"index, follow, max-snippet:-1, max-image-preview:large, max-video-preview:-1\" \/>\n<link rel=\"canonical\" href=\"https:\/\/lloretdemar.org\/de\/was-sie-in-lloret-de-mar-tun-konnen\/lloret-de-mar-bei-tag\/kustenwanderweg\/kustenwanderweg-lloret-de-mar-blanes\/\" \/>\n<meta property=\"og:locale\" content=\"de_DE\" \/>\n<meta property=\"og:type\" content=\"article\" \/>\n<meta property=\"og:title\" content=\"K\u00fcstenwanderweg Lloret de Mar \u2013 Blanes - Lloret de Mar\" \/>\n<meta property=\"og:description\" content=\"Dieser \u201ecamino de ronda\u201c ist einer der sch\u00f6nsten K\u00fcstenwanderwege entlang der Costa Brava. Die Route f\u00fchrt durch die von Kiefern und Eichen besiedelten W\u00e4lder der K\u00fcste von Lloret. Auf diesem Wanderweg, der vom Strand von Lloret bis in die Stadt Blanes f\u00fchrt, k\u00f6nnen Sie die nat\u00fcrliche Landschaft der Costa Brava (eine der Hauptattraktionen dieses Reiseziels)&hellip;\" \/>\n<meta property=\"og:url\" content=\"https:\/\/lloretdemar.org\/de\/was-sie-in-lloret-de-mar-tun-konnen\/lloret-de-mar-bei-tag\/kustenwanderweg\/kustenwanderweg-lloret-de-mar-blanes\/\" \/>\n<meta property=\"og:site_name\" content=\"Lloret de Mar\" \/>\n<meta property=\"article:publisher\" content=\"https:\/\/www.facebook.com\/Lloretturisme\" \/>\n<meta property=\"article:modified_time\" content=\"2022-09-05T11:26:01+00:00\" \/>\n<meta property=\"og:image\" content=\"https:\/\/lloretdemar.org\/wp-content\/uploads\/2020\/03\/cami-ronda-blanes3.jpg\" \/>\n\t<meta property=\"og:image:width\" content=\"1208\" \/>\n\t<meta property=\"og:image:height\" content=\"654\" \/>\n\t<meta property=\"og:image:type\" content=\"image\/jpeg\" \/>\n<meta name=\"twitter:card\" content=\"summary_large_image\" \/>\n<meta name=\"twitter:site\" content=\"@lloretturisme\" \/>\n<meta name=\"twitter:label1\" content=\"Gesch\u00e4tzte Lesezeit\" \/>\n\t<meta name=\"twitter:data1\" content=\"1\u00a0Minute\" \/>\n<script type=\"application\/ld+json\" class=\"yoast-schema-graph\">{\"@context\":\"https:\\\/\\\/schema.org\",\"@graph\":[{\"@type\":\"WebPage\",\"@id\":\"https:\\\/\\\/lloretdemar.org\\\/de\\\/was-sie-in-lloret-de-mar-tun-konnen\\\/lloret-de-mar-bei-tag\\\/kustenwanderweg\\\/kustenwanderweg-lloret-de-mar-blanes\\\/\",\"url\":\"https:\\\/\\\/lloretdemar.org\\\/de\\\/was-sie-in-lloret-de-mar-tun-konnen\\\/lloret-de-mar-bei-tag\\\/kustenwanderweg\\\/kustenwanderweg-lloret-de-mar-blanes\\\/\",\"name\":\"K\u00fcstenwanderweg Lloret de Mar \u2013 Blanes - Lloret de Mar\",\"isPartOf\":{\"@id\":\"https:\\\/\\\/lloretdemar.org\\\/de\\\/#website\"},\"primaryImageOfPage\":{\"@id\":\"https:\\\/\\\/lloretdemar.org\\\/de\\\/was-sie-in-lloret-de-mar-tun-konnen\\\/lloret-de-mar-bei-tag\\\/kustenwanderweg\\\/kustenwanderweg-lloret-de-mar-blanes\\\/#primaryimage\"},\"image\":{\"@id\":\"https:\\\/\\\/lloretdemar.org\\\/de\\\/was-sie-in-lloret-de-mar-tun-konnen\\\/lloret-de-mar-bei-tag\\\/kustenwanderweg\\\/kustenwanderweg-lloret-de-mar-blanes\\\/#primaryimage\"},\"thumbnailUrl\":\"https:\\\/\\\/lloretdemar.org\\\/wp-content\\\/uploads\\\/2020\\\/03\\\/cami-ronda-blanes3.jpg\",\"datePublished\":\"2020-02-05T15:40:39+00:00\",\"dateModified\":\"2022-09-05T11:26:01+00:00\",\"description\":\"Lloret de Mar\",\"breadcrumb\":{\"@id\":\"https:\\\/\\\/lloretdemar.org\\\/de\\\/was-sie-in-lloret-de-mar-tun-konnen\\\/lloret-de-mar-bei-tag\\\/kustenwanderweg\\\/kustenwanderweg-lloret-de-mar-blanes\\\/#breadcrumb\"},\"inLanguage\":\"de\",\"potentialAction\":[{\"@type\":\"ReadAction\",\"target\":[\"https:\\\/\\\/lloretdemar.org\\\/de\\\/was-sie-in-lloret-de-mar-tun-konnen\\\/lloret-de-mar-bei-tag\\\/kustenwanderweg\\\/kustenwanderweg-lloret-de-mar-blanes\\\/\"]}]},{\"@type\":\"ImageObject\",\"inLanguage\":\"de\",\"@id\":\"https:\\\/\\\/lloretdemar.org\\\/de\\\/was-sie-in-lloret-de-mar-tun-konnen\\\/lloret-de-mar-bei-tag\\\/kustenwanderweg\\\/kustenwanderweg-lloret-de-mar-blanes\\\/#primaryimage\",\"url\":\"https:\\\/\\\/lloretdemar.org\\\/wp-content\\\/uploads\\\/2020\\\/03\\\/cami-ronda-blanes3.jpg\",\"contentUrl\":\"https:\\\/\\\/lloretdemar.org\\\/wp-content\\\/uploads\\\/2020\\\/03\\\/cami-ronda-blanes3.jpg\",\"width\":1208,\"height\":654},{\"@type\":\"BreadcrumbList\",\"@id\":\"https:\\\/\\\/lloretdemar.org\\\/de\\\/was-sie-in-lloret-de-mar-tun-konnen\\\/lloret-de-mar-bei-tag\\\/kustenwanderweg\\\/kustenwanderweg-lloret-de-mar-blanes\\\/#breadcrumb\",\"itemListElement\":[{\"@type\":\"ListItem\",\"position\":1,\"name\":\"Home\",\"item\":\"https:\\\/\\\/lloretdemar.org\\\/de\\\/\"},{\"@type\":\"ListItem\",\"position\":2,\"name\":\"Was Sie in Lloret de Mar tun k\u00f6nnen\",\"item\":\"https:\\\/\\\/lloretdemar.org\\\/de\\\/was-sie-in-lloret-de-mar-tun-konnen\\\/\"},{\"@type\":\"ListItem\",\"position\":3,\"name\":\"Lloret de Mar bei Tag\",\"item\":\"https:\\\/\\\/lloretdemar.org\\\/de\\\/was-sie-in-lloret-de-mar-tun-konnen\\\/lloret-de-mar-bei-tag\\\/\"},{\"@type\":\"ListItem\",\"position\":4,\"name\":\"K\u00fcstenwanderweg\",\"item\":\"https:\\\/\\\/lloretdemar.org\\\/de\\\/was-sie-in-lloret-de-mar-tun-konnen\\\/lloret-de-mar-bei-tag\\\/kustenwanderweg\\\/\"},{\"@type\":\"ListItem\",\"position\":5,\"name\":\"K\u00fcstenwanderweg Lloret de Mar \u2013 Blanes\"}]},{\"@type\":\"WebSite\",\"@id\":\"https:\\\/\\\/lloretdemar.org\\\/de\\\/#website\",\"url\":\"https:\\\/\\\/lloretdemar.org\\\/de\\\/\",\"name\":\"Lloret de Mar\",\"description\":\"\",\"publisher\":{\"@id\":\"https:\\\/\\\/lloretdemar.org\\\/de\\\/#organization\"},\"potentialAction\":[{\"@type\":\"SearchAction\",\"target\":{\"@type\":\"EntryPoint\",\"urlTemplate\":\"https:\\\/\\\/lloretdemar.org\\\/de\\\/?s={search_term_string}\"},\"query-input\":{\"@type\":\"PropertyValueSpecification\",\"valueRequired\":true,\"valueName\":\"search_term_string\"}}],\"inLanguage\":\"de\"},{\"@type\":\"Organization\",\"@id\":\"https:\\\/\\\/lloretdemar.org\\\/de\\\/#organization\",\"name\":\"Lloret de Mar\",\"url\":\"https:\\\/\\\/lloretdemar.org\\\/de\\\/\",\"logo\":{\"@type\":\"ImageObject\",\"inLanguage\":\"de\",\"@id\":\"https:\\\/\\\/lloretdemar.org\\\/de\\\/#\\\/schema\\\/logo\\\/image\\\/\",\"url\":\"https:\\\/\\\/lloretdemar.org\\\/wp-content\\\/uploads\\\/2020\\\/05\\\/lloret-de-mar-logo.png\",\"contentUrl\":\"https:\\\/\\\/lloretdemar.org\\\/wp-content\\\/uploads\\\/2020\\\/05\\\/lloret-de-mar-logo.png\",\"width\":87,\"height\":38,\"caption\":\"Lloret de Mar\"},\"image\":{\"@id\":\"https:\\\/\\\/lloretdemar.org\\\/de\\\/#\\\/schema\\\/logo\\\/image\\\/\"},\"sameAs\":[\"https:\\\/\\\/www.facebook.com\\\/Lloretturisme\",\"https:\\\/\\\/x.com\\\/lloretturisme\",\"https:\\\/\\\/instagram.com\\\/lloretturisme\",\"https:\\\/\\\/www.youtube.com\\\/LloretTurisme\"]}]}<\/script>\n<!-- \/ Yoast SEO plugin. -->","yoast_head_json":{"title":"K\u00fcstenwanderweg Lloret de Mar \u2013 Blanes - Lloret de Mar","description":"Dieser \u201ecamino de ronda\u201c ist einer der sch\u00f6nsten K\u00fcstenwanderwege entlang der Costa Brava. Die Route f\u00fchrt durch die von Kiefern und Eichen besiedelten W\u00e4lder der K\u00fcste von Lloret. Auf diesem Wanderweg, der vom Strand von Lloret bis in die Stadt Blanes f\u00fchrt, k\u00f6nnen Sie die nat\u00fcrliche Landschaft der Costa Brava (eine der Hauptattraktionen dieses Reiseziels)&hellip;","robots":{"index":"index","follow":"follow","max-snippet":"max-snippet:-1","max-image-preview":"max-image-preview:large","max-video-preview":"max-video-preview:-1"},"canonical":"https:\/\/lloretdemar.org\/de\/was-sie-in-lloret-de-mar-tun-konnen\/lloret-de-mar-bei-tag\/kustenwanderweg\/kustenwanderweg-lloret-de-mar-blanes\/","og_locale":"de_DE","og_type":"article","og_title":"K\u00fcstenwanderweg Lloret de Mar \u2013 Blanes - Lloret de Mar","og_description":"Dieser \u201ecamino de ronda\u201c ist einer der sch\u00f6nsten K\u00fcstenwanderwege entlang der Costa Brava. Die Route f\u00fchrt durch die von Kiefern und Eichen besiedelten W\u00e4lder der K\u00fcste von Lloret. Auf diesem Wanderweg, der vom Strand von Lloret bis in die Stadt Blanes f\u00fchrt, k\u00f6nnen Sie die nat\u00fcrliche Landschaft der Costa Brava (eine der Hauptattraktionen dieses Reiseziels)&hellip;","og_url":"https:\/\/lloretdemar.org\/de\/was-sie-in-lloret-de-mar-tun-konnen\/lloret-de-mar-bei-tag\/kustenwanderweg\/kustenwanderweg-lloret-de-mar-blanes\/","og_site_name":"Lloret de Mar","article_publisher":"https:\/\/www.facebook.com\/Lloretturisme","article_modified_time":"2022-09-05T11:26:01+00:00","og_image":[{"width":1208,"height":654,"url":"https:\/\/lloretdemar.org\/wp-content\/uploads\/2020\/03\/cami-ronda-blanes3.jpg","type":"image\/jpeg"}],"twitter_card":"summary_large_image","twitter_site":"@lloretturisme","twitter_misc":{"Gesch\u00e4tzte Lesezeit":"1\u00a0Minute"},"schema":{"@context":"https:\/\/schema.org","@graph":[{"@type":"WebPage","@id":"https:\/\/lloretdemar.org\/de\/was-sie-in-lloret-de-mar-tun-konnen\/lloret-de-mar-bei-tag\/kustenwanderweg\/kustenwanderweg-lloret-de-mar-blanes\/","url":"https:\/\/lloretdemar.org\/de\/was-sie-in-lloret-de-mar-tun-konnen\/lloret-de-mar-bei-tag\/kustenwanderweg\/kustenwanderweg-lloret-de-mar-blanes\/","name":"K\u00fcstenwanderweg Lloret de Mar \u2013 Blanes - Lloret de Mar","isPartOf":{"@id":"https:\/\/lloretdemar.org\/de\/#website"},"primaryImageOfPage":{"@id":"https:\/\/lloretdemar.org\/de\/was-sie-in-lloret-de-mar-tun-konnen\/lloret-de-mar-bei-tag\/kustenwanderweg\/kustenwanderweg-lloret-de-mar-blanes\/#primaryimage"},"image":{"@id":"https:\/\/lloretdemar.org\/de\/was-sie-in-lloret-de-mar-tun-konnen\/lloret-de-mar-bei-tag\/kustenwanderweg\/kustenwanderweg-lloret-de-mar-blanes\/#primaryimage"},"thumbnailUrl":"https:\/\/lloretdemar.org\/wp-content\/uploads\/2020\/03\/cami-ronda-blanes3.jpg","datePublished":"2020-02-05T15:40:39+00:00","dateModified":"2022-09-05T11:26:01+00:00","description":"Lloret de Mar","breadcrumb":{"@id":"https:\/\/lloretdemar.org\/de\/was-sie-in-lloret-de-mar-tun-konnen\/lloret-de-mar-bei-tag\/kustenwanderweg\/kustenwanderweg-lloret-de-mar-blanes\/#breadcrumb"},"inLanguage":"de","potentialAction":[{"@type":"ReadAction","target":["https:\/\/lloretdemar.org\/de\/was-sie-in-lloret-de-mar-tun-konnen\/lloret-de-mar-bei-tag\/kustenwanderweg\/kustenwanderweg-lloret-de-mar-blanes\/"]}]},{"@type":"ImageObject","inLanguage":"de","@id":"https:\/\/lloretdemar.org\/de\/was-sie-in-lloret-de-mar-tun-konnen\/lloret-de-mar-bei-tag\/kustenwanderweg\/kustenwanderweg-lloret-de-mar-blanes\/#primaryimage","url":"https:\/\/lloretdemar.org\/wp-content\/uploads\/2020\/03\/cami-ronda-blanes3.jpg","contentUrl":"https:\/\/lloretdemar.org\/wp-content\/uploads\/2020\/03\/cami-ronda-blanes3.jpg","width":1208,"height":654},{"@type":"BreadcrumbList","@id":"https:\/\/lloretdemar.org\/de\/was-sie-in-lloret-de-mar-tun-konnen\/lloret-de-mar-bei-tag\/kustenwanderweg\/kustenwanderweg-lloret-de-mar-blanes\/#breadcrumb","itemListElement":[{"@type":"ListItem","position":1,"name":"Home","item":"https:\/\/lloretdemar.org\/de\/"},{"@type":"ListItem","position":2,"name":"Was Sie in Lloret de Mar tun k\u00f6nnen","item":"https:\/\/lloretdemar.org\/de\/was-sie-in-lloret-de-mar-tun-konnen\/"},{"@type":"ListItem","position":3,"name":"Lloret de Mar bei Tag","item":"https:\/\/lloretdemar.org\/de\/was-sie-in-lloret-de-mar-tun-konnen\/lloret-de-mar-bei-tag\/"},{"@type":"ListItem","position":4,"name":"K\u00fcstenwanderweg","item":"https:\/\/lloretdemar.org\/de\/was-sie-in-lloret-de-mar-tun-konnen\/lloret-de-mar-bei-tag\/kustenwanderweg\/"},{"@type":"ListItem","position":5,"name":"K\u00fcstenwanderweg Lloret de Mar \u2013 Blanes"}]},{"@type":"WebSite","@id":"https:\/\/lloretdemar.org\/de\/#website","url":"https:\/\/lloretdemar.org\/de\/","name":"Lloret de Mar","description":"","publisher":{"@id":"https:\/\/lloretdemar.org\/de\/#organization"},"potentialAction":[{"@type":"SearchAction","target":{"@type":"EntryPoint","urlTemplate":"https:\/\/lloretdemar.org\/de\/?s={search_term_string}"},"query-input":{"@type":"PropertyValueSpecification","valueRequired":true,"valueName":"search_term_string"}}],"inLanguage":"de"},{"@type":"Organization","@id":"https:\/\/lloretdemar.org\/de\/#organization","name":"Lloret de Mar","url":"https:\/\/lloretdemar.org\/de\/","logo":{"@type":"ImageObject","inLanguage":"de","@id":"https:\/\/lloretdemar.org\/de\/#\/schema\/logo\/image\/","url":"https:\/\/lloretdemar.org\/wp-content\/uploads\/2020\/05\/lloret-de-mar-logo.png","contentUrl":"https:\/\/lloretdemar.org\/wp-content\/uploads\/2020\/05\/lloret-de-mar-logo.png","width":87,"height":38,"caption":"Lloret de Mar"},"image":{"@id":"https:\/\/lloretdemar.org\/de\/#\/schema\/logo\/image\/"},"sameAs":["https:\/\/www.facebook.com\/Lloretturisme","https:\/\/x.com\/lloretturisme","https:\/\/instagram.com\/lloretturisme","https:\/\/www.youtube.com\/LloretTurisme"]}]}},"_links":{"self":[{"href":"https:\/\/lloretdemar.org\/de\/wp-json\/wp\/v2\/pages\/14613","targetHints":{"allow":["GET"]}}],"collection":[{"href":"https:\/\/lloretdemar.org\/de\/wp-json\/wp\/v2\/pages"}],"about":[{"href":"https:\/\/lloretdemar.org\/de\/wp-json\/wp\/v2\/types\/page"}],"author":[{"embeddable":true,"href":"https:\/\/lloretdemar.org\/de\/wp-json\/wp\/v2\/users\/12"}],"replies":[{"embeddable":true,"href":"https:\/\/lloretdemar.org\/de\/wp-json\/wp\/v2\/comments?post=14613"}],"version-history":[{"count":2,"href":"https:\/\/lloretdemar.org\/de\/wp-json\/wp\/v2\/pages\/14613\/revisions"}],"predecessor-version":[{"id":30435,"href":"https:\/\/lloretdemar.org\/de\/wp-json\/wp\/v2\/pages\/14613\/revisions\/30435"}],"up":[{"embeddable":true,"href":"https:\/\/lloretdemar.org\/de\/wp-json\/wp\/v2\/pages\/13857"}],"wp:featuredmedia":[{"embeddable":true,"href":"https:\/\/lloretdemar.org\/de\/wp-json\/wp\/v2\/media\/7385"}],"wp:attachment":[{"href":"https:\/\/lloretdemar.org\/de\/wp-json\/wp\/v2\/media?parent=14613"}],"curies":[{"name":"wp","href":"https:\/\/api.w.org\/{rel}","templated":true}]}}