{"id":14605,"date":"2020-01-27T10:57:01","date_gmt":"2020-01-27T09:57:01","guid":{"rendered":"http:\/\/lloretdemar.org\/activitats-i-jornades-gastronomiques\/"},"modified":"2021-01-26T09:59:12","modified_gmt":"2021-01-26T08:59:12","slug":"gastronomische-aktivitaten-und-veranstaltungen","status":"publish","type":"page","link":"https:\/\/lloretdemar.org\/de\/was-sie-in-lloret-de-mar-tun-konnen\/lloret-de-mar-bei-tag\/gastronomie\/gastronomische-aktivitaten-und-veranstaltungen\/","title":{"rendered":"Gastronomische Aktivit\u00e4ten und Veranstaltungen"},"content":{"rendered":"\n<p>  In Lloret de Mar finden zwei gastronomische Veranstaltungen statt, die Sie nicht verpassen d\u00fcrfen, wenn Sie ein Liebhaber der guten mediterranen K\u00fcche sind.  <\/p>\n","protected":false},"excerpt":{"rendered":"<p>In Lloret de Mar finden zwei gastronomische Veranstaltungen statt, die Sie nicht verpassen d\u00fcrfen, wenn Sie ein Liebhaber der guten mediterranen K\u00fcche sind.<\/p>\n","protected":false},"author":12,"featured_media":0,"parent":14751,"menu_order":0,"comment_status":"closed","ping_status":"closed","template":"page-templates\/mouret-15.php","meta":{"_acf_changed":false,"content-type":"","footnotes":""},"class_list":["post-14605","page","type-page","status-publish","hentry"],"acf":{"banner_imatge":14762,"banner_titol":"Gastronomische Aktivit\u00e4ten und Veranstaltungen","banner_subtitol":"","botons_blanc_o_negres":"defecte","banner_links":[{"es_post":false,"banner_link":{"title":"Gastronomische Tage des Reises","url":"#GastronomischeTagedesReises","target":""},"link_intern":null,"link_intern_titol":""},{"es_post":false,"banner_link":{"title":"Gastronomische Tage der Fischgerichte","url":"#GastronomischeTagederFischgerichte","target":""},"link_intern":null,"link_intern_titol":""}],"blocs":[{"titol":"Gastronomische Tage des Reises","descripcio":"Im Mai pr\u00e4sentiet Lloret de Mar voller Stolz seine kulinarischen Facetten anhand einer gro\u00dfen Messe f\u00fcr Reissorten jeder Art und f\u00fcr jeden Geschmack.\r\n\r\nDank der Geschichte von Lloret und unserer Seefahrer-Vergangenheit profitieren wir von einem reichen kulinarischem Verm\u00e4chtnis, das Sie an diesen gastronomischen Tagen probieren k\u00f6nnen.\r\nDie Veranstaltung wird von der Asociaci\u00f3n de Bares y Restaurantes de Lloret (Vereinigung der Bars und Restaurants von Lloret de Mar), dem Gremio de Hosteler\u00eda de Lloret de Mar (Gremium des Hotelgewerbes von Lloret de Mar) und von Lloret Turismo (Tourismus Lloret) organisiert.\r\n\r\nDen gesamten Monat \u00fcber haben Sie die M\u00f6glichkeit, in verschiedenen Restaurants und Hotels in Lloret de Mar eine besonders kreative K\u00fcche und ein spezielle Speisekarte zu genie\u00dfen.","imatge":12651,"es_enllac_intern_o_extern":"intern","link_intern":"","link_extern":"","link_extern_text":""},{"titol":"Gastronomische Tage der Fischgerichte","descripcio":"Eine weitere Pflichtveranstaltung, um unsere Gastronomie kennen zu lernen, stellen die Jornadas Gastron\u00f3micas del Pescado y el Marisco (Gastronomische Tage des Fischs und der Meeresfr\u00fcchte) dar, wo Sie im Monat Oktober typische und innovative Gerichte probieren k\u00f6nnen.\r\n\r\nDurch Verbindung unserer Geschichte mit der traditionellen Art des Fischfangs unserer Vorfahren, der \u201eTirada a l\u2018Art\u201c, bieten wir Ihnen die M\u00f6glichkeit, typische Gerichte mit Fischen der Saison zu genie\u00dfen.\r\n\r\nDie Veranstaltung wird von der Asociaci\u00f3n de Bares y Restaurantes de Lloret (Vereinigung der Bars und Restaurants von Lloret de Mar), dem Gremio de Hosteler\u00eda de Lloret de Mar (Gremium des Hotelgewerbes von Lloret de Mar) und von Lloret Turismo (Tourismus Lloret) organisiert. Den gesamten Monat \u00fcber haben Sie die M\u00f6glichkeit, in verschiedenen Restaurants und Hotels in Lloret de Mar eine besonders kreative K\u00fcche und ein spezielle Speisekarte zu genie\u00dfen.","imatge":12657,"es_enllac_intern_o_extern":"intern","link_intern":"","link_extern":"","link_extern_text":""}],"titol_boto":"","document":"","apartats":null},"yoast_head":"<!-- This site is optimized with the Yoast SEO plugin v27.5 - https:\/\/yoast.com\/product\/yoast-seo-wordpress\/ -->\n<title>Gastronomische Aktivit\u00e4ten und Veranstaltungen - Lloret de Mar<\/title>\n<meta name=\"description\" content=\"In Lloret de Mar finden zwei gastronomische Veranstaltungen statt, die Sie nicht verpassen d\u00fcrfen, wenn Sie ein Liebhaber der guten mediterranen K\u00fcche sind.\" \/>\n<meta name=\"robots\" content=\"index, follow, max-snippet:-1, max-image-preview:large, max-video-preview:-1\" \/>\n<link rel=\"canonical\" href=\"https:\/\/lloretdemar.org\/de\/was-sie-in-lloret-de-mar-tun-konnen\/lloret-de-mar-bei-tag\/gastronomie\/gastronomische-aktivitaten-und-veranstaltungen\/\" \/>\n<meta property=\"og:locale\" content=\"de_DE\" \/>\n<meta property=\"og:type\" content=\"article\" \/>\n<meta property=\"og:title\" content=\"Gastronomische Aktivit\u00e4ten und Veranstaltungen - Lloret de Mar\" \/>\n<meta property=\"og:description\" content=\"In Lloret de Mar finden zwei gastronomische Veranstaltungen statt, die Sie nicht verpassen d\u00fcrfen, wenn Sie ein Liebhaber der guten mediterranen K\u00fcche sind.\" \/>\n<meta property=\"og:url\" content=\"https:\/\/lloretdemar.org\/de\/was-sie-in-lloret-de-mar-tun-konnen\/lloret-de-mar-bei-tag\/gastronomie\/gastronomische-aktivitaten-und-veranstaltungen\/\" \/>\n<meta property=\"og:site_name\" content=\"Lloret de Mar\" \/>\n<meta property=\"article:publisher\" content=\"https:\/\/www.facebook.com\/Lloretturisme\" \/>\n<meta property=\"article:modified_time\" content=\"2021-01-26T08:59:12+00:00\" \/>\n<meta property=\"og:image\" content=\"https:\/\/lloretdemar.org\/wp-content\/uploads\/2020\/02\/Activitats-i-jornades-gastronomiques-scaled.jpg\" \/>\n\t<meta property=\"og:image:width\" content=\"1920\" \/>\n\t<meta property=\"og:image:height\" content=\"885\" \/>\n\t<meta property=\"og:image:type\" content=\"image\/jpeg\" \/>\n<meta name=\"twitter:card\" content=\"summary_large_image\" \/>\n<meta name=\"twitter:site\" content=\"@lloretturisme\" \/>\n<script type=\"application\/ld+json\" class=\"yoast-schema-graph\">{\"@context\":\"https:\\\/\\\/schema.org\",\"@graph\":[{\"@type\":\"WebPage\",\"@id\":\"https:\\\/\\\/lloretdemar.org\\\/de\\\/was-sie-in-lloret-de-mar-tun-konnen\\\/lloret-de-mar-bei-tag\\\/gastronomie\\\/gastronomische-aktivitaten-und-veranstaltungen\\\/\",\"url\":\"https:\\\/\\\/lloretdemar.org\\\/de\\\/was-sie-in-lloret-de-mar-tun-konnen\\\/lloret-de-mar-bei-tag\\\/gastronomie\\\/gastronomische-aktivitaten-und-veranstaltungen\\\/\",\"name\":\"Gastronomische Aktivit\u00e4ten und Veranstaltungen - Lloret de Mar\",\"isPartOf\":{\"@id\":\"https:\\\/\\\/lloretdemar.org\\\/de\\\/#website\"},\"datePublished\":\"2020-01-27T09:57:01+00:00\",\"dateModified\":\"2021-01-26T08:59:12+00:00\",\"description\":\"Lloret de Mar\",\"breadcrumb\":{\"@id\":\"https:\\\/\\\/lloretdemar.org\\\/de\\\/was-sie-in-lloret-de-mar-tun-konnen\\\/lloret-de-mar-bei-tag\\\/gastronomie\\\/gastronomische-aktivitaten-und-veranstaltungen\\\/#breadcrumb\"},\"inLanguage\":\"de\",\"potentialAction\":[{\"@type\":\"ReadAction\",\"target\":[\"https:\\\/\\\/lloretdemar.org\\\/de\\\/was-sie-in-lloret-de-mar-tun-konnen\\\/lloret-de-mar-bei-tag\\\/gastronomie\\\/gastronomische-aktivitaten-und-veranstaltungen\\\/\"]}]},{\"@type\":\"BreadcrumbList\",\"@id\":\"https:\\\/\\\/lloretdemar.org\\\/de\\\/was-sie-in-lloret-de-mar-tun-konnen\\\/lloret-de-mar-bei-tag\\\/gastronomie\\\/gastronomische-aktivitaten-und-veranstaltungen\\\/#breadcrumb\",\"itemListElement\":[{\"@type\":\"ListItem\",\"position\":1,\"name\":\"Home\",\"item\":\"https:\\\/\\\/lloretdemar.org\\\/de\\\/\"},{\"@type\":\"ListItem\",\"position\":2,\"name\":\"Was Sie in Lloret de Mar tun k\u00f6nnen\",\"item\":\"https:\\\/\\\/lloretdemar.org\\\/de\\\/was-sie-in-lloret-de-mar-tun-konnen\\\/\"},{\"@type\":\"ListItem\",\"position\":3,\"name\":\"Lloret de Mar bei Tag\",\"item\":\"https:\\\/\\\/lloretdemar.org\\\/de\\\/was-sie-in-lloret-de-mar-tun-konnen\\\/lloret-de-mar-bei-tag\\\/\"},{\"@type\":\"ListItem\",\"position\":4,\"name\":\"Gastronomie\",\"item\":\"https:\\\/\\\/lloretdemar.org\\\/de\\\/was-sie-in-lloret-de-mar-tun-konnen\\\/lloret-de-mar-bei-tag\\\/gastronomie\\\/\"},{\"@type\":\"ListItem\",\"position\":5,\"name\":\"Gastronomische Aktivit\u00e4ten und Veranstaltungen\"}]},{\"@type\":\"WebSite\",\"@id\":\"https:\\\/\\\/lloretdemar.org\\\/de\\\/#website\",\"url\":\"https:\\\/\\\/lloretdemar.org\\\/de\\\/\",\"name\":\"Lloret de Mar\",\"description\":\"\",\"publisher\":{\"@id\":\"https:\\\/\\\/lloretdemar.org\\\/de\\\/#organization\"},\"potentialAction\":[{\"@type\":\"SearchAction\",\"target\":{\"@type\":\"EntryPoint\",\"urlTemplate\":\"https:\\\/\\\/lloretdemar.org\\\/de\\\/?s={search_term_string}\"},\"query-input\":{\"@type\":\"PropertyValueSpecification\",\"valueRequired\":true,\"valueName\":\"search_term_string\"}}],\"inLanguage\":\"de\"},{\"@type\":\"Organization\",\"@id\":\"https:\\\/\\\/lloretdemar.org\\\/de\\\/#organization\",\"name\":\"Lloret de Mar\",\"url\":\"https:\\\/\\\/lloretdemar.org\\\/de\\\/\",\"logo\":{\"@type\":\"ImageObject\",\"inLanguage\":\"de\",\"@id\":\"https:\\\/\\\/lloretdemar.org\\\/de\\\/#\\\/schema\\\/logo\\\/image\\\/\",\"url\":\"https:\\\/\\\/lloretdemar.org\\\/wp-content\\\/uploads\\\/2020\\\/05\\\/lloret-de-mar-logo.png\",\"contentUrl\":\"https:\\\/\\\/lloretdemar.org\\\/wp-content\\\/uploads\\\/2020\\\/05\\\/lloret-de-mar-logo.png\",\"width\":87,\"height\":38,\"caption\":\"Lloret de Mar\"},\"image\":{\"@id\":\"https:\\\/\\\/lloretdemar.org\\\/de\\\/#\\\/schema\\\/logo\\\/image\\\/\"},\"sameAs\":[\"https:\\\/\\\/www.facebook.com\\\/Lloretturisme\",\"https:\\\/\\\/x.com\\\/lloretturisme\",\"https:\\\/\\\/instagram.com\\\/lloretturisme\",\"https:\\\/\\\/www.youtube.com\\\/LloretTurisme\"]}]}<\/script>\n<!-- \/ Yoast SEO plugin. -->","yoast_head_json":{"title":"Gastronomische Aktivit\u00e4ten und Veranstaltungen - Lloret de Mar","description":"In Lloret de Mar finden zwei gastronomische Veranstaltungen statt, die Sie nicht verpassen d\u00fcrfen, wenn Sie ein Liebhaber der guten mediterranen K\u00fcche sind.","robots":{"index":"index","follow":"follow","max-snippet":"max-snippet:-1","max-image-preview":"max-image-preview:large","max-video-preview":"max-video-preview:-1"},"canonical":"https:\/\/lloretdemar.org\/de\/was-sie-in-lloret-de-mar-tun-konnen\/lloret-de-mar-bei-tag\/gastronomie\/gastronomische-aktivitaten-und-veranstaltungen\/","og_locale":"de_DE","og_type":"article","og_title":"Gastronomische Aktivit\u00e4ten und Veranstaltungen - Lloret de Mar","og_description":"In Lloret de Mar finden zwei gastronomische Veranstaltungen statt, die Sie nicht verpassen d\u00fcrfen, wenn Sie ein Liebhaber der guten mediterranen K\u00fcche sind.","og_url":"https:\/\/lloretdemar.org\/de\/was-sie-in-lloret-de-mar-tun-konnen\/lloret-de-mar-bei-tag\/gastronomie\/gastronomische-aktivitaten-und-veranstaltungen\/","og_site_name":"Lloret de Mar","article_publisher":"https:\/\/www.facebook.com\/Lloretturisme","article_modified_time":"2021-01-26T08:59:12+00:00","og_image":[{"width":1920,"height":885,"url":"https:\/\/lloretdemar.org\/wp-content\/uploads\/2020\/02\/Activitats-i-jornades-gastronomiques-scaled.jpg","type":"image\/jpeg"}],"twitter_card":"summary_large_image","twitter_site":"@lloretturisme","schema":{"@context":"https:\/\/schema.org","@graph":[{"@type":"WebPage","@id":"https:\/\/lloretdemar.org\/de\/was-sie-in-lloret-de-mar-tun-konnen\/lloret-de-mar-bei-tag\/gastronomie\/gastronomische-aktivitaten-und-veranstaltungen\/","url":"https:\/\/lloretdemar.org\/de\/was-sie-in-lloret-de-mar-tun-konnen\/lloret-de-mar-bei-tag\/gastronomie\/gastronomische-aktivitaten-und-veranstaltungen\/","name":"Gastronomische Aktivit\u00e4ten und Veranstaltungen - Lloret de Mar","isPartOf":{"@id":"https:\/\/lloretdemar.org\/de\/#website"},"datePublished":"2020-01-27T09:57:01+00:00","dateModified":"2021-01-26T08:59:12+00:00","description":"Lloret de Mar","breadcrumb":{"@id":"https:\/\/lloretdemar.org\/de\/was-sie-in-lloret-de-mar-tun-konnen\/lloret-de-mar-bei-tag\/gastronomie\/gastronomische-aktivitaten-und-veranstaltungen\/#breadcrumb"},"inLanguage":"de","potentialAction":[{"@type":"ReadAction","target":["https:\/\/lloretdemar.org\/de\/was-sie-in-lloret-de-mar-tun-konnen\/lloret-de-mar-bei-tag\/gastronomie\/gastronomische-aktivitaten-und-veranstaltungen\/"]}]},{"@type":"BreadcrumbList","@id":"https:\/\/lloretdemar.org\/de\/was-sie-in-lloret-de-mar-tun-konnen\/lloret-de-mar-bei-tag\/gastronomie\/gastronomische-aktivitaten-und-veranstaltungen\/#breadcrumb","itemListElement":[{"@type":"ListItem","position":1,"name":"Home","item":"https:\/\/lloretdemar.org\/de\/"},{"@type":"ListItem","position":2,"name":"Was Sie in Lloret de Mar tun k\u00f6nnen","item":"https:\/\/lloretdemar.org\/de\/was-sie-in-lloret-de-mar-tun-konnen\/"},{"@type":"ListItem","position":3,"name":"Lloret de Mar bei Tag","item":"https:\/\/lloretdemar.org\/de\/was-sie-in-lloret-de-mar-tun-konnen\/lloret-de-mar-bei-tag\/"},{"@type":"ListItem","position":4,"name":"Gastronomie","item":"https:\/\/lloretdemar.org\/de\/was-sie-in-lloret-de-mar-tun-konnen\/lloret-de-mar-bei-tag\/gastronomie\/"},{"@type":"ListItem","position":5,"name":"Gastronomische Aktivit\u00e4ten und Veranstaltungen"}]},{"@type":"WebSite","@id":"https:\/\/lloretdemar.org\/de\/#website","url":"https:\/\/lloretdemar.org\/de\/","name":"Lloret de Mar","description":"","publisher":{"@id":"https:\/\/lloretdemar.org\/de\/#organization"},"potentialAction":[{"@type":"SearchAction","target":{"@type":"EntryPoint","urlTemplate":"https:\/\/lloretdemar.org\/de\/?s={search_term_string}"},"query-input":{"@type":"PropertyValueSpecification","valueRequired":true,"valueName":"search_term_string"}}],"inLanguage":"de"},{"@type":"Organization","@id":"https:\/\/lloretdemar.org\/de\/#organization","name":"Lloret de Mar","url":"https:\/\/lloretdemar.org\/de\/","logo":{"@type":"ImageObject","inLanguage":"de","@id":"https:\/\/lloretdemar.org\/de\/#\/schema\/logo\/image\/","url":"https:\/\/lloretdemar.org\/wp-content\/uploads\/2020\/05\/lloret-de-mar-logo.png","contentUrl":"https:\/\/lloretdemar.org\/wp-content\/uploads\/2020\/05\/lloret-de-mar-logo.png","width":87,"height":38,"caption":"Lloret de Mar"},"image":{"@id":"https:\/\/lloretdemar.org\/de\/#\/schema\/logo\/image\/"},"sameAs":["https:\/\/www.facebook.com\/Lloretturisme","https:\/\/x.com\/lloretturisme","https:\/\/instagram.com\/lloretturisme","https:\/\/www.youtube.com\/LloretTurisme"]}]}},"_links":{"self":[{"href":"https:\/\/lloretdemar.org\/de\/wp-json\/wp\/v2\/pages\/14605","targetHints":{"allow":["GET"]}}],"collection":[{"href":"https:\/\/lloretdemar.org\/de\/wp-json\/wp\/v2\/pages"}],"about":[{"href":"https:\/\/lloretdemar.org\/de\/wp-json\/wp\/v2\/types\/page"}],"author":[{"embeddable":true,"href":"https:\/\/lloretdemar.org\/de\/wp-json\/wp\/v2\/users\/12"}],"replies":[{"embeddable":true,"href":"https:\/\/lloretdemar.org\/de\/wp-json\/wp\/v2\/comments?post=14605"}],"version-history":[{"count":0,"href":"https:\/\/lloretdemar.org\/de\/wp-json\/wp\/v2\/pages\/14605\/revisions"}],"up":[{"embeddable":true,"href":"https:\/\/lloretdemar.org\/de\/wp-json\/wp\/v2\/pages\/14751"}],"wp:attachment":[{"href":"https:\/\/lloretdemar.org\/de\/wp-json\/wp\/v2\/media?parent=14605"}],"curies":[{"name":"wp","href":"https:\/\/api.w.org\/{rel}","templated":true}]}}