{"id":14587,"date":"2020-01-24T10:49:49","date_gmt":"2020-01-24T09:49:49","guid":{"rendered":"http:\/\/lloretdemar.org\/lloret-de-mar-de-dia\/cultura\/modernisme\/"},"modified":"2020-05-21T11:54:06","modified_gmt":"2020-05-21T09:54:06","slug":"jugendstil","status":"publish","type":"page","link":"https:\/\/lloretdemar.org\/de\/was-sie-in-lloret-de-mar-tun-konnen\/lloret-de-mar-bei-tag\/kultur\/jugendstil\/","title":{"rendered":"Jugendstil"},"content":{"rendered":"\n<p> Die \u201eIndianos\u201c haben ihre Spuren auch in Form von Kunst des Modernisme in Lloret hinterlassen, dem damals vorherrschenden Jugendstil in Katalonien. Der modernistische Friedhof, der vom renommierten Architekten Puig i Cadafalch (einer der wichtigsten in der katalanischen Moderne) entworfen wurde, oder die Pfarrkirche Sant Rom\u00e0 mit ihren farbenfrohen Kuppeln sind eindeutige Beispiele daf\u00fcr. <\/p>\n","protected":false},"excerpt":{"rendered":"<p>Die \u201eIndianos\u201c haben ihre Spuren auch in Form von Kunst des Modernisme in Lloret hinterlassen, dem damals vorherrschenden Jugendstil in Katalonien. Der modernistische Friedhof, der vom renommierten Architekten Puig i Cadafalch (einer der wichtigsten in der katalanischen Moderne) entworfen wurde, oder die Pfarrkirche Sant Rom\u00e0 mit ihren farbenfrohen Kuppeln sind eindeutige Beispiele daf\u00fcr.<\/p>\n","protected":false},"author":12,"featured_media":0,"parent":13881,"menu_order":0,"comment_status":"closed","ping_status":"closed","template":"page-templates\/mouret-15.php","meta":{"_acf_changed":false,"content-type":"","footnotes":""},"class_list":["post-14587","page","type-page","status-publish","hentry"],"acf":{"banner_imatge":14588,"banner_titol":"Jugendstil","banner_subtitol":"","botons_blanc_o_negres":"defecte","banner_links":[{"es_post":false,"banner_link":{"title":"Modernistischer Friedhof","url":"http:\/\/lloretdemar.org\/de\/cultura\/cementiri-modernista\/","target":""},"link_intern":null,"link_intern_titol":""},{"es_post":false,"banner_link":{"title":"Pfarrkirche Sant Rom\u00e0","url":"http:\/\/lloretdemar.org\/de\/cultura\/esglesia-parroquial-de-sant-roma\/","target":""},"link_intern":null,"link_intern_titol":""},{"es_post":false,"banner_link":{"title":"Sant Pere del Bosc","url":"http:\/\/lloretdemar.org\/de\/cultura\/sant-pere-del-bosc\/","target":""},"link_intern":null,"link_intern_titol":""},{"es_post":false,"banner_link":{"title":"Can Font","url":"http:\/\/lloretdemar.org\/de\/cultura\/can-font\/","target":""},"link_intern":null,"link_intern_titol":""}],"blocs":[{"titol":"Modernistischer Friedhof","descripcio":"Der Friedhof von Lloret de Mar geh\u00f6rt zur Europ\u00e4ischen Friedhofsroute und gilt offiziell als Kulturgut (Bien de Inter\u00e9s Cultural). Er z\u00e4hlt zu einem der Hauptbeispiele der katalanischen Bestattungskunst des 19. Jahrhunderts und weist noch heute wichtige Spuren der \u201eIndianos\u201c vor.","imatge":14676,"es_enllac_intern_o_extern":"intern","link_intern":{"title":" Weitere Info","url":"http:\/\/lloretdemar.org\/de\/cultura\/cementiri-modernista\/","target":""},"link_extern":"","link_extern_text":""},{"titol":"Pfarrkirche Sant Rom\u00e0","descripcio":"Auf Ihrem Spaziergang durch die Altstadt von Lloret de Mar sto\u00dfen Sie auf die Pfarrkirche des Sant Rom\u00e0, dem Schutzpatron der Stadt. In diesem historischen Beispiel sind zwei sehr unterschiedliche Stil-Epochen der Architektur vereint.\r\nMit seinem schlichten und zugleich wundersch\u00f6nen Kirchentor repr\u00e4sentiert der Eingangsbereich den gotischen Teil der Kirche (datiert zwischen 1509 und 1522), w\u00e4hrend die bunten Mosaike der Kuppeln und der zw\u00f6lf Apostel in den Seitenfl\u00fcgeln von der Kunst des Jugendstils gegen Ende des 19. Jahrhunderts inspiriert sind.","imatge":14675,"es_enllac_intern_o_extern":"intern","link_intern":{"title":" Weitere Info","url":"http:\/\/lloretdemar.org\/de\/cultura\/esglesia-parroquial-de-sant-roma\/","target":""},"link_extern":"","link_extern_text":""},{"titol":"Sant Pere del Bosc","descripcio":"5 km vom Zentrum von Lloret de Mar entfernt und inmitten der Natur befindet sich das Hotel-Restaurant Sant Pere del Bosc, das ehemals ein altes Benediktinerkloster aus dem 10. Jahrhundert beherbergte und im 19. Jahrhundert von Puig i Cadafalch rekonstruiert wurde.","imatge":10515,"es_enllac_intern_o_extern":"intern","link_intern":{"title":"Weitere Info","url":"http:\/\/lloretdemar.org\/de\/cultura\/sant-pere-del-bosc\/","target":""},"link_extern":"","link_extern_text":""},{"titol":"Can Font","descripcio":"Can Font, auch bekannt als Cal Conde und Can Piuet, ist ein im Jugendstil errichtetes Geb\u00e4ude. Es wurde 1877 im Auftrag von Nicolau Font i Maig, seinem ersten Eigent\u00fcmer, erbaut.\r\nBei Ihrem Besuch in Lloret d\u00fcrfen Sie sich das einzige in Katalonien erhalten gebliebene \u00f6ffentliche Haus-Museum im kolonialen Stil nicht entgehen lassen.","imatge":14677,"es_enllac_intern_o_extern":"intern","link_intern":{"title":"Weitere Info","url":"http:\/\/lloretdemar.org\/de\/cultura\/can-font\/","target":""},"link_extern":"","link_extern_text":""}],"titol_boto":"","document":"","apartats":null},"yoast_head":"<!-- This site is optimized with the Yoast SEO plugin v27.5 - https:\/\/yoast.com\/product\/yoast-seo-wordpress\/ -->\n<title>Jugendstil - Lloret de Mar<\/title>\n<meta name=\"description\" content=\"Die \u201eIndianos\u201c haben ihre Spuren auch in Form von Kunst des Modernisme in Lloret hinterlassen, dem damals vorherrschenden Jugendstil in Katalonien. Der modernistische Friedhof, der vom renommierten Architekten Puig i Cadafalch (einer der wichtigsten in der katalanischen Moderne) entworfen wurde, oder die Pfarrkirche Sant Rom\u00e0 mit ihren farbenfrohen Kuppeln sind eindeutige Beispiele daf\u00fcr.\" \/>\n<meta name=\"robots\" content=\"index, follow, max-snippet:-1, max-image-preview:large, max-video-preview:-1\" \/>\n<link rel=\"canonical\" href=\"https:\/\/lloretdemar.org\/de\/was-sie-in-lloret-de-mar-tun-konnen\/lloret-de-mar-bei-tag\/kultur\/jugendstil\/\" \/>\n<meta property=\"og:locale\" content=\"de_DE\" \/>\n<meta property=\"og:type\" content=\"article\" \/>\n<meta property=\"og:title\" content=\"Jugendstil - Lloret de Mar\" \/>\n<meta property=\"og:description\" content=\"Die \u201eIndianos\u201c haben ihre Spuren auch in Form von Kunst des Modernisme in Lloret hinterlassen, dem damals vorherrschenden Jugendstil in Katalonien. Der modernistische Friedhof, der vom renommierten Architekten Puig i Cadafalch (einer der wichtigsten in der katalanischen Moderne) entworfen wurde, oder die Pfarrkirche Sant Rom\u00e0 mit ihren farbenfrohen Kuppeln sind eindeutige Beispiele daf\u00fcr.\" \/>\n<meta property=\"og:url\" content=\"https:\/\/lloretdemar.org\/de\/was-sie-in-lloret-de-mar-tun-konnen\/lloret-de-mar-bei-tag\/kultur\/jugendstil\/\" \/>\n<meta property=\"og:site_name\" content=\"Lloret de Mar\" \/>\n<meta property=\"article:publisher\" content=\"https:\/\/www.facebook.com\/Lloretturisme\" \/>\n<meta property=\"article:modified_time\" content=\"2020-05-21T09:54:06+00:00\" \/>\n<meta property=\"og:image\" content=\"https:\/\/lloretdemar.org\/wp-content\/uploads\/2020\/01\/lloret-categories8.jpg\" \/>\n\t<meta property=\"og:image:width\" content=\"1920\" \/>\n\t<meta property=\"og:image:height\" content=\"885\" \/>\n\t<meta property=\"og:image:type\" content=\"image\/jpeg\" \/>\n<meta name=\"twitter:card\" content=\"summary_large_image\" \/>\n<meta name=\"twitter:site\" content=\"@lloretturisme\" \/>\n<script type=\"application\/ld+json\" class=\"yoast-schema-graph\">{\"@context\":\"https:\\\/\\\/schema.org\",\"@graph\":[{\"@type\":\"WebPage\",\"@id\":\"https:\\\/\\\/lloretdemar.org\\\/de\\\/was-sie-in-lloret-de-mar-tun-konnen\\\/lloret-de-mar-bei-tag\\\/kultur\\\/jugendstil\\\/\",\"url\":\"https:\\\/\\\/lloretdemar.org\\\/de\\\/was-sie-in-lloret-de-mar-tun-konnen\\\/lloret-de-mar-bei-tag\\\/kultur\\\/jugendstil\\\/\",\"name\":\"Jugendstil - Lloret de Mar\",\"isPartOf\":{\"@id\":\"https:\\\/\\\/lloretdemar.org\\\/de\\\/#website\"},\"datePublished\":\"2020-01-24T09:49:49+00:00\",\"dateModified\":\"2020-05-21T09:54:06+00:00\",\"description\":\"Lloret de Mar\",\"breadcrumb\":{\"@id\":\"https:\\\/\\\/lloretdemar.org\\\/de\\\/was-sie-in-lloret-de-mar-tun-konnen\\\/lloret-de-mar-bei-tag\\\/kultur\\\/jugendstil\\\/#breadcrumb\"},\"inLanguage\":\"de\",\"potentialAction\":[{\"@type\":\"ReadAction\",\"target\":[\"https:\\\/\\\/lloretdemar.org\\\/de\\\/was-sie-in-lloret-de-mar-tun-konnen\\\/lloret-de-mar-bei-tag\\\/kultur\\\/jugendstil\\\/\"]}]},{\"@type\":\"BreadcrumbList\",\"@id\":\"https:\\\/\\\/lloretdemar.org\\\/de\\\/was-sie-in-lloret-de-mar-tun-konnen\\\/lloret-de-mar-bei-tag\\\/kultur\\\/jugendstil\\\/#breadcrumb\",\"itemListElement\":[{\"@type\":\"ListItem\",\"position\":1,\"name\":\"Home\",\"item\":\"https:\\\/\\\/lloretdemar.org\\\/de\\\/\"},{\"@type\":\"ListItem\",\"position\":2,\"name\":\"Was Sie in Lloret de Mar tun k\u00f6nnen\",\"item\":\"https:\\\/\\\/lloretdemar.org\\\/de\\\/was-sie-in-lloret-de-mar-tun-konnen\\\/\"},{\"@type\":\"ListItem\",\"position\":3,\"name\":\"Lloret de Mar bei Tag\",\"item\":\"https:\\\/\\\/lloretdemar.org\\\/de\\\/was-sie-in-lloret-de-mar-tun-konnen\\\/lloret-de-mar-bei-tag\\\/\"},{\"@type\":\"ListItem\",\"position\":4,\"name\":\"Kultur\",\"item\":\"https:\\\/\\\/lloretdemar.org\\\/de\\\/was-sie-in-lloret-de-mar-tun-konnen\\\/lloret-de-mar-bei-tag\\\/kultur\\\/\"},{\"@type\":\"ListItem\",\"position\":5,\"name\":\"Jugendstil\"}]},{\"@type\":\"WebSite\",\"@id\":\"https:\\\/\\\/lloretdemar.org\\\/de\\\/#website\",\"url\":\"https:\\\/\\\/lloretdemar.org\\\/de\\\/\",\"name\":\"Lloret de Mar\",\"description\":\"\",\"publisher\":{\"@id\":\"https:\\\/\\\/lloretdemar.org\\\/de\\\/#organization\"},\"potentialAction\":[{\"@type\":\"SearchAction\",\"target\":{\"@type\":\"EntryPoint\",\"urlTemplate\":\"https:\\\/\\\/lloretdemar.org\\\/de\\\/?s={search_term_string}\"},\"query-input\":{\"@type\":\"PropertyValueSpecification\",\"valueRequired\":true,\"valueName\":\"search_term_string\"}}],\"inLanguage\":\"de\"},{\"@type\":\"Organization\",\"@id\":\"https:\\\/\\\/lloretdemar.org\\\/de\\\/#organization\",\"name\":\"Lloret de Mar\",\"url\":\"https:\\\/\\\/lloretdemar.org\\\/de\\\/\",\"logo\":{\"@type\":\"ImageObject\",\"inLanguage\":\"de\",\"@id\":\"https:\\\/\\\/lloretdemar.org\\\/de\\\/#\\\/schema\\\/logo\\\/image\\\/\",\"url\":\"https:\\\/\\\/lloretdemar.org\\\/wp-content\\\/uploads\\\/2020\\\/05\\\/lloret-de-mar-logo.png\",\"contentUrl\":\"https:\\\/\\\/lloretdemar.org\\\/wp-content\\\/uploads\\\/2020\\\/05\\\/lloret-de-mar-logo.png\",\"width\":87,\"height\":38,\"caption\":\"Lloret de Mar\"},\"image\":{\"@id\":\"https:\\\/\\\/lloretdemar.org\\\/de\\\/#\\\/schema\\\/logo\\\/image\\\/\"},\"sameAs\":[\"https:\\\/\\\/www.facebook.com\\\/Lloretturisme\",\"https:\\\/\\\/x.com\\\/lloretturisme\",\"https:\\\/\\\/instagram.com\\\/lloretturisme\",\"https:\\\/\\\/www.youtube.com\\\/LloretTurisme\"]}]}<\/script>\n<!-- \/ Yoast SEO plugin. -->","yoast_head_json":{"title":"Jugendstil - Lloret de Mar","description":"Die \u201eIndianos\u201c haben ihre Spuren auch in Form von Kunst des Modernisme in Lloret hinterlassen, dem damals vorherrschenden Jugendstil in Katalonien. Der modernistische Friedhof, der vom renommierten Architekten Puig i Cadafalch (einer der wichtigsten in der katalanischen Moderne) entworfen wurde, oder die Pfarrkirche Sant Rom\u00e0 mit ihren farbenfrohen Kuppeln sind eindeutige Beispiele daf\u00fcr.","robots":{"index":"index","follow":"follow","max-snippet":"max-snippet:-1","max-image-preview":"max-image-preview:large","max-video-preview":"max-video-preview:-1"},"canonical":"https:\/\/lloretdemar.org\/de\/was-sie-in-lloret-de-mar-tun-konnen\/lloret-de-mar-bei-tag\/kultur\/jugendstil\/","og_locale":"de_DE","og_type":"article","og_title":"Jugendstil - Lloret de Mar","og_description":"Die \u201eIndianos\u201c haben ihre Spuren auch in Form von Kunst des Modernisme in Lloret hinterlassen, dem damals vorherrschenden Jugendstil in Katalonien. Der modernistische Friedhof, der vom renommierten Architekten Puig i Cadafalch (einer der wichtigsten in der katalanischen Moderne) entworfen wurde, oder die Pfarrkirche Sant Rom\u00e0 mit ihren farbenfrohen Kuppeln sind eindeutige Beispiele daf\u00fcr.","og_url":"https:\/\/lloretdemar.org\/de\/was-sie-in-lloret-de-mar-tun-konnen\/lloret-de-mar-bei-tag\/kultur\/jugendstil\/","og_site_name":"Lloret de Mar","article_publisher":"https:\/\/www.facebook.com\/Lloretturisme","article_modified_time":"2020-05-21T09:54:06+00:00","og_image":[{"width":1920,"height":885,"url":"https:\/\/lloretdemar.org\/wp-content\/uploads\/2020\/01\/lloret-categories8.jpg","type":"image\/jpeg"}],"twitter_card":"summary_large_image","twitter_site":"@lloretturisme","schema":{"@context":"https:\/\/schema.org","@graph":[{"@type":"WebPage","@id":"https:\/\/lloretdemar.org\/de\/was-sie-in-lloret-de-mar-tun-konnen\/lloret-de-mar-bei-tag\/kultur\/jugendstil\/","url":"https:\/\/lloretdemar.org\/de\/was-sie-in-lloret-de-mar-tun-konnen\/lloret-de-mar-bei-tag\/kultur\/jugendstil\/","name":"Jugendstil - Lloret de Mar","isPartOf":{"@id":"https:\/\/lloretdemar.org\/de\/#website"},"datePublished":"2020-01-24T09:49:49+00:00","dateModified":"2020-05-21T09:54:06+00:00","description":"Lloret de Mar","breadcrumb":{"@id":"https:\/\/lloretdemar.org\/de\/was-sie-in-lloret-de-mar-tun-konnen\/lloret-de-mar-bei-tag\/kultur\/jugendstil\/#breadcrumb"},"inLanguage":"de","potentialAction":[{"@type":"ReadAction","target":["https:\/\/lloretdemar.org\/de\/was-sie-in-lloret-de-mar-tun-konnen\/lloret-de-mar-bei-tag\/kultur\/jugendstil\/"]}]},{"@type":"BreadcrumbList","@id":"https:\/\/lloretdemar.org\/de\/was-sie-in-lloret-de-mar-tun-konnen\/lloret-de-mar-bei-tag\/kultur\/jugendstil\/#breadcrumb","itemListElement":[{"@type":"ListItem","position":1,"name":"Home","item":"https:\/\/lloretdemar.org\/de\/"},{"@type":"ListItem","position":2,"name":"Was Sie in Lloret de Mar tun k\u00f6nnen","item":"https:\/\/lloretdemar.org\/de\/was-sie-in-lloret-de-mar-tun-konnen\/"},{"@type":"ListItem","position":3,"name":"Lloret de Mar bei Tag","item":"https:\/\/lloretdemar.org\/de\/was-sie-in-lloret-de-mar-tun-konnen\/lloret-de-mar-bei-tag\/"},{"@type":"ListItem","position":4,"name":"Kultur","item":"https:\/\/lloretdemar.org\/de\/was-sie-in-lloret-de-mar-tun-konnen\/lloret-de-mar-bei-tag\/kultur\/"},{"@type":"ListItem","position":5,"name":"Jugendstil"}]},{"@type":"WebSite","@id":"https:\/\/lloretdemar.org\/de\/#website","url":"https:\/\/lloretdemar.org\/de\/","name":"Lloret de Mar","description":"","publisher":{"@id":"https:\/\/lloretdemar.org\/de\/#organization"},"potentialAction":[{"@type":"SearchAction","target":{"@type":"EntryPoint","urlTemplate":"https:\/\/lloretdemar.org\/de\/?s={search_term_string}"},"query-input":{"@type":"PropertyValueSpecification","valueRequired":true,"valueName":"search_term_string"}}],"inLanguage":"de"},{"@type":"Organization","@id":"https:\/\/lloretdemar.org\/de\/#organization","name":"Lloret de Mar","url":"https:\/\/lloretdemar.org\/de\/","logo":{"@type":"ImageObject","inLanguage":"de","@id":"https:\/\/lloretdemar.org\/de\/#\/schema\/logo\/image\/","url":"https:\/\/lloretdemar.org\/wp-content\/uploads\/2020\/05\/lloret-de-mar-logo.png","contentUrl":"https:\/\/lloretdemar.org\/wp-content\/uploads\/2020\/05\/lloret-de-mar-logo.png","width":87,"height":38,"caption":"Lloret de Mar"},"image":{"@id":"https:\/\/lloretdemar.org\/de\/#\/schema\/logo\/image\/"},"sameAs":["https:\/\/www.facebook.com\/Lloretturisme","https:\/\/x.com\/lloretturisme","https:\/\/instagram.com\/lloretturisme","https:\/\/www.youtube.com\/LloretTurisme"]}]}},"_links":{"self":[{"href":"https:\/\/lloretdemar.org\/de\/wp-json\/wp\/v2\/pages\/14587","targetHints":{"allow":["GET"]}}],"collection":[{"href":"https:\/\/lloretdemar.org\/de\/wp-json\/wp\/v2\/pages"}],"about":[{"href":"https:\/\/lloretdemar.org\/de\/wp-json\/wp\/v2\/types\/page"}],"author":[{"embeddable":true,"href":"https:\/\/lloretdemar.org\/de\/wp-json\/wp\/v2\/users\/12"}],"replies":[{"embeddable":true,"href":"https:\/\/lloretdemar.org\/de\/wp-json\/wp\/v2\/comments?post=14587"}],"version-history":[{"count":0,"href":"https:\/\/lloretdemar.org\/de\/wp-json\/wp\/v2\/pages\/14587\/revisions"}],"up":[{"embeddable":true,"href":"https:\/\/lloretdemar.org\/de\/wp-json\/wp\/v2\/pages\/13881"}],"wp:attachment":[{"href":"https:\/\/lloretdemar.org\/de\/wp-json\/wp\/v2\/media?parent=14587"}],"curies":[{"name":"wp","href":"https:\/\/api.w.org\/{rel}","templated":true}]}}