{"id":14579,"date":"2020-01-24T11:00:51","date_gmt":"2020-01-24T10:00:51","guid":{"rendered":"http:\/\/lloretdemar.org\/lloret-de-mar-de-dia\/cultura\/museus\/"},"modified":"2020-08-04T14:43:40","modified_gmt":"2020-08-04T12:43:40","slug":"museen","status":"publish","type":"page","link":"https:\/\/lloretdemar.org\/de\/was-sie-in-lloret-de-mar-tun-konnen\/lloret-de-mar-bei-tag\/kultur\/museen\/","title":{"rendered":"Museen"},"content":{"rendered":"\n<p> Die zahlreichen Museen der Stadt sind eine gro\u00dfartige M\u00f6glichkeit, die Geschichte und das Kulturerbe von Lloret de Mar besser kennenzulernen. Hier finden Sie alle notwendigen Informationen, damit Ihnen kein einziges Detail entgeht .<\/p>\n","protected":false},"excerpt":{"rendered":"<p>Die zahlreichen Museen der Stadt sind eine gro\u00dfartige M\u00f6glichkeit, die Geschichte und das Kulturerbe von Lloret de Mar besser kennenzulernen. Hier finden Sie alle notwendigen Informationen, damit Ihnen kein einziges Detail entgeht .<\/p>\n","protected":false},"author":12,"featured_media":0,"parent":13881,"menu_order":0,"comment_status":"closed","ping_status":"closed","template":"page-templates\/mouret-15.php","meta":{"_acf_changed":false,"content-type":"","footnotes":""},"class_list":["post-14579","page","type-page","status-publish","hentry"],"acf":{"banner_imatge":14580,"banner_titol":"Museus","banner_subtitol":"","botons_blanc_o_negres":"defecte","banner_links":[{"es_post":false,"banner_link":{"title":"Meeresmuseum \u2013 Can Carriga","url":"https:\/\/lloretdemar.org\/de\/cultura\/meeresmuseum-can-garriga\/","target":""},"link_intern":null,"link_intern_titol":""},{"es_post":false,"banner_link":{"title":"Can Saragossa","url":"http:\/\/lloretdemar.org\/de\/cultura\/can-saragossa\/","target":""},"link_intern":null,"link_intern_titol":""},{"es_post":false,"banner_link":{"title":"Can Font","url":"http:\/\/lloretdemar.org\/de\/cultura\/can-font\/","target":""},"link_intern":null,"link_intern_titol":""}],"blocs":[{"titol":"Meeresmuseum \u2013 Can Carriga","descripcio":"An der Strandpromenade in unmittelbarer Meeresn\u00e4he gelegen, ist Can Garriga eines der wichtigsten Geb\u00e4ude aus der Zeit der \u201eIndianos\u201c in Lloret de Mar. Aktuell wird hier und im Nebengeb\u00e4ude das Meeresmuseum (Museo del Mar) beherbergt, das die tiefe Verbindung von Lloret de Mar zum Meer erkl\u00e4rt.","imatge":14674,"es_enllac_intern_o_extern":"intern","link_intern":{"title":"Weitere Informationen","url":"http:\/\/lloretdemar.org\/de\/cultura\/museu-del-mar-can-garriga\/","target":""},"link_extern":"","link_extern_text":""},{"titol":"Can Saragossa","descripcio":"Das Bauernhaus Can Saragossa liegt auf einem kleinen H\u00fcgel, inmitten von W\u00e4ldern und G\u00e4rten. Wenn die Natur im Fr\u00fchling langsam zum Leben erwacht, ist der Besuch von Can Saragossa ein absolutes Muss.","imatge":14679,"es_enllac_intern_o_extern":"intern","link_intern":{"title":" Weitere Informationen","url":"http:\/\/lloretdemar.org\/de\/cultura\/can-saragossa\/","target":""},"link_extern":"","link_extern_text":""},{"titol":"Can Font \u2013 Casa de Nicolau Font i Maig","descripcio":"Can Font, auch bekannt als Cal Conde und Can Piuet, ist ein im Jugendstil errichtetes Geb\u00e4ude. Es wurde 1877 im Auftrag von Nicolau Font i Maig, seinem ersten Eigent\u00fcmer, erbaut.\r\nBei Ihrem Besuch in Lloret d\u00fcrfen Sie sich das einzige in Katalonien erhalten gebliebene \u00f6ffentliche Haus-Museum im kolonialen Stil nicht entgehen lassen.","imatge":10527,"es_enllac_intern_o_extern":"intern","link_intern":{"title":"Weitere Informationen","url":"http:\/\/lloretdemar.org\/de\/cultura\/can-font\/","target":""},"link_extern":"","link_extern_text":""}],"titol_boto":"","document":"","apartats":null},"yoast_head":"<!-- This site is optimized with the Yoast SEO plugin v27.5 - https:\/\/yoast.com\/product\/yoast-seo-wordpress\/ -->\n<title>Museen - Lloret de Mar<\/title>\n<meta name=\"description\" content=\"Die zahlreichen Museen der Stadt sind eine gro\u00dfartige M\u00f6glichkeit, die Geschichte und das Kulturerbe von Lloret de Mar besser kennenzulernen. Hier finden Sie alle notwendigen Informationen, damit Ihnen kein einziges Detail entgeht .\" \/>\n<meta name=\"robots\" content=\"index, follow, max-snippet:-1, max-image-preview:large, max-video-preview:-1\" \/>\n<link rel=\"canonical\" href=\"https:\/\/lloretdemar.org\/de\/was-sie-in-lloret-de-mar-tun-konnen\/lloret-de-mar-bei-tag\/kultur\/museen\/\" \/>\n<meta property=\"og:locale\" content=\"de_DE\" \/>\n<meta property=\"og:type\" content=\"article\" \/>\n<meta property=\"og:title\" content=\"Museen - Lloret de Mar\" \/>\n<meta property=\"og:description\" content=\"Die zahlreichen Museen der Stadt sind eine gro\u00dfartige M\u00f6glichkeit, die Geschichte und das Kulturerbe von Lloret de Mar besser kennenzulernen. Hier finden Sie alle notwendigen Informationen, damit Ihnen kein einziges Detail entgeht .\" \/>\n<meta property=\"og:url\" content=\"https:\/\/lloretdemar.org\/de\/was-sie-in-lloret-de-mar-tun-konnen\/lloret-de-mar-bei-tag\/kultur\/museen\/\" \/>\n<meta property=\"og:site_name\" content=\"Lloret de Mar\" \/>\n<meta property=\"article:publisher\" content=\"https:\/\/www.facebook.com\/Lloretturisme\" \/>\n<meta property=\"article:modified_time\" content=\"2020-08-04T12:43:40+00:00\" \/>\n<meta property=\"og:image\" content=\"https:\/\/lloretdemar.org\/wp-content\/uploads\/2020\/01\/lloret-categories7.jpg\" \/>\n\t<meta property=\"og:image:width\" content=\"1920\" \/>\n\t<meta property=\"og:image:height\" content=\"885\" \/>\n\t<meta property=\"og:image:type\" content=\"image\/jpeg\" \/>\n<meta name=\"twitter:card\" content=\"summary_large_image\" \/>\n<meta name=\"twitter:site\" content=\"@lloretturisme\" \/>\n<script type=\"application\/ld+json\" class=\"yoast-schema-graph\">{\"@context\":\"https:\\\/\\\/schema.org\",\"@graph\":[{\"@type\":\"WebPage\",\"@id\":\"https:\\\/\\\/lloretdemar.org\\\/de\\\/was-sie-in-lloret-de-mar-tun-konnen\\\/lloret-de-mar-bei-tag\\\/kultur\\\/museen\\\/\",\"url\":\"https:\\\/\\\/lloretdemar.org\\\/de\\\/was-sie-in-lloret-de-mar-tun-konnen\\\/lloret-de-mar-bei-tag\\\/kultur\\\/museen\\\/\",\"name\":\"Museen - Lloret de Mar\",\"isPartOf\":{\"@id\":\"https:\\\/\\\/lloretdemar.org\\\/de\\\/#website\"},\"datePublished\":\"2020-01-24T10:00:51+00:00\",\"dateModified\":\"2020-08-04T12:43:40+00:00\",\"description\":\"Lloret de Mar\",\"breadcrumb\":{\"@id\":\"https:\\\/\\\/lloretdemar.org\\\/de\\\/was-sie-in-lloret-de-mar-tun-konnen\\\/lloret-de-mar-bei-tag\\\/kultur\\\/museen\\\/#breadcrumb\"},\"inLanguage\":\"de\",\"potentialAction\":[{\"@type\":\"ReadAction\",\"target\":[\"https:\\\/\\\/lloretdemar.org\\\/de\\\/was-sie-in-lloret-de-mar-tun-konnen\\\/lloret-de-mar-bei-tag\\\/kultur\\\/museen\\\/\"]}]},{\"@type\":\"BreadcrumbList\",\"@id\":\"https:\\\/\\\/lloretdemar.org\\\/de\\\/was-sie-in-lloret-de-mar-tun-konnen\\\/lloret-de-mar-bei-tag\\\/kultur\\\/museen\\\/#breadcrumb\",\"itemListElement\":[{\"@type\":\"ListItem\",\"position\":1,\"name\":\"Home\",\"item\":\"https:\\\/\\\/lloretdemar.org\\\/de\\\/\"},{\"@type\":\"ListItem\",\"position\":2,\"name\":\"Was Sie in Lloret de Mar tun k\u00f6nnen\",\"item\":\"https:\\\/\\\/lloretdemar.org\\\/de\\\/was-sie-in-lloret-de-mar-tun-konnen\\\/\"},{\"@type\":\"ListItem\",\"position\":3,\"name\":\"Lloret de Mar bei Tag\",\"item\":\"https:\\\/\\\/lloretdemar.org\\\/de\\\/was-sie-in-lloret-de-mar-tun-konnen\\\/lloret-de-mar-bei-tag\\\/\"},{\"@type\":\"ListItem\",\"position\":4,\"name\":\"Kultur\",\"item\":\"https:\\\/\\\/lloretdemar.org\\\/de\\\/was-sie-in-lloret-de-mar-tun-konnen\\\/lloret-de-mar-bei-tag\\\/kultur\\\/\"},{\"@type\":\"ListItem\",\"position\":5,\"name\":\"Museen\"}]},{\"@type\":\"WebSite\",\"@id\":\"https:\\\/\\\/lloretdemar.org\\\/de\\\/#website\",\"url\":\"https:\\\/\\\/lloretdemar.org\\\/de\\\/\",\"name\":\"Lloret de Mar\",\"description\":\"\",\"publisher\":{\"@id\":\"https:\\\/\\\/lloretdemar.org\\\/de\\\/#organization\"},\"potentialAction\":[{\"@type\":\"SearchAction\",\"target\":{\"@type\":\"EntryPoint\",\"urlTemplate\":\"https:\\\/\\\/lloretdemar.org\\\/de\\\/?s={search_term_string}\"},\"query-input\":{\"@type\":\"PropertyValueSpecification\",\"valueRequired\":true,\"valueName\":\"search_term_string\"}}],\"inLanguage\":\"de\"},{\"@type\":\"Organization\",\"@id\":\"https:\\\/\\\/lloretdemar.org\\\/de\\\/#organization\",\"name\":\"Lloret de Mar\",\"url\":\"https:\\\/\\\/lloretdemar.org\\\/de\\\/\",\"logo\":{\"@type\":\"ImageObject\",\"inLanguage\":\"de\",\"@id\":\"https:\\\/\\\/lloretdemar.org\\\/de\\\/#\\\/schema\\\/logo\\\/image\\\/\",\"url\":\"https:\\\/\\\/lloretdemar.org\\\/wp-content\\\/uploads\\\/2020\\\/05\\\/lloret-de-mar-logo.png\",\"contentUrl\":\"https:\\\/\\\/lloretdemar.org\\\/wp-content\\\/uploads\\\/2020\\\/05\\\/lloret-de-mar-logo.png\",\"width\":87,\"height\":38,\"caption\":\"Lloret de Mar\"},\"image\":{\"@id\":\"https:\\\/\\\/lloretdemar.org\\\/de\\\/#\\\/schema\\\/logo\\\/image\\\/\"},\"sameAs\":[\"https:\\\/\\\/www.facebook.com\\\/Lloretturisme\",\"https:\\\/\\\/x.com\\\/lloretturisme\",\"https:\\\/\\\/instagram.com\\\/lloretturisme\",\"https:\\\/\\\/www.youtube.com\\\/LloretTurisme\"]}]}<\/script>\n<!-- \/ Yoast SEO plugin. -->","yoast_head_json":{"title":"Museen - Lloret de Mar","description":"Die zahlreichen Museen der Stadt sind eine gro\u00dfartige M\u00f6glichkeit, die Geschichte und das Kulturerbe von Lloret de Mar besser kennenzulernen. Hier finden Sie alle notwendigen Informationen, damit Ihnen kein einziges Detail entgeht .","robots":{"index":"index","follow":"follow","max-snippet":"max-snippet:-1","max-image-preview":"max-image-preview:large","max-video-preview":"max-video-preview:-1"},"canonical":"https:\/\/lloretdemar.org\/de\/was-sie-in-lloret-de-mar-tun-konnen\/lloret-de-mar-bei-tag\/kultur\/museen\/","og_locale":"de_DE","og_type":"article","og_title":"Museen - Lloret de Mar","og_description":"Die zahlreichen Museen der Stadt sind eine gro\u00dfartige M\u00f6glichkeit, die Geschichte und das Kulturerbe von Lloret de Mar besser kennenzulernen. Hier finden Sie alle notwendigen Informationen, damit Ihnen kein einziges Detail entgeht .","og_url":"https:\/\/lloretdemar.org\/de\/was-sie-in-lloret-de-mar-tun-konnen\/lloret-de-mar-bei-tag\/kultur\/museen\/","og_site_name":"Lloret de Mar","article_publisher":"https:\/\/www.facebook.com\/Lloretturisme","article_modified_time":"2020-08-04T12:43:40+00:00","og_image":[{"width":1920,"height":885,"url":"https:\/\/lloretdemar.org\/wp-content\/uploads\/2020\/01\/lloret-categories7.jpg","type":"image\/jpeg"}],"twitter_card":"summary_large_image","twitter_site":"@lloretturisme","schema":{"@context":"https:\/\/schema.org","@graph":[{"@type":"WebPage","@id":"https:\/\/lloretdemar.org\/de\/was-sie-in-lloret-de-mar-tun-konnen\/lloret-de-mar-bei-tag\/kultur\/museen\/","url":"https:\/\/lloretdemar.org\/de\/was-sie-in-lloret-de-mar-tun-konnen\/lloret-de-mar-bei-tag\/kultur\/museen\/","name":"Museen - Lloret de Mar","isPartOf":{"@id":"https:\/\/lloretdemar.org\/de\/#website"},"datePublished":"2020-01-24T10:00:51+00:00","dateModified":"2020-08-04T12:43:40+00:00","description":"Lloret de Mar","breadcrumb":{"@id":"https:\/\/lloretdemar.org\/de\/was-sie-in-lloret-de-mar-tun-konnen\/lloret-de-mar-bei-tag\/kultur\/museen\/#breadcrumb"},"inLanguage":"de","potentialAction":[{"@type":"ReadAction","target":["https:\/\/lloretdemar.org\/de\/was-sie-in-lloret-de-mar-tun-konnen\/lloret-de-mar-bei-tag\/kultur\/museen\/"]}]},{"@type":"BreadcrumbList","@id":"https:\/\/lloretdemar.org\/de\/was-sie-in-lloret-de-mar-tun-konnen\/lloret-de-mar-bei-tag\/kultur\/museen\/#breadcrumb","itemListElement":[{"@type":"ListItem","position":1,"name":"Home","item":"https:\/\/lloretdemar.org\/de\/"},{"@type":"ListItem","position":2,"name":"Was Sie in Lloret de Mar tun k\u00f6nnen","item":"https:\/\/lloretdemar.org\/de\/was-sie-in-lloret-de-mar-tun-konnen\/"},{"@type":"ListItem","position":3,"name":"Lloret de Mar bei Tag","item":"https:\/\/lloretdemar.org\/de\/was-sie-in-lloret-de-mar-tun-konnen\/lloret-de-mar-bei-tag\/"},{"@type":"ListItem","position":4,"name":"Kultur","item":"https:\/\/lloretdemar.org\/de\/was-sie-in-lloret-de-mar-tun-konnen\/lloret-de-mar-bei-tag\/kultur\/"},{"@type":"ListItem","position":5,"name":"Museen"}]},{"@type":"WebSite","@id":"https:\/\/lloretdemar.org\/de\/#website","url":"https:\/\/lloretdemar.org\/de\/","name":"Lloret de Mar","description":"","publisher":{"@id":"https:\/\/lloretdemar.org\/de\/#organization"},"potentialAction":[{"@type":"SearchAction","target":{"@type":"EntryPoint","urlTemplate":"https:\/\/lloretdemar.org\/de\/?s={search_term_string}"},"query-input":{"@type":"PropertyValueSpecification","valueRequired":true,"valueName":"search_term_string"}}],"inLanguage":"de"},{"@type":"Organization","@id":"https:\/\/lloretdemar.org\/de\/#organization","name":"Lloret de Mar","url":"https:\/\/lloretdemar.org\/de\/","logo":{"@type":"ImageObject","inLanguage":"de","@id":"https:\/\/lloretdemar.org\/de\/#\/schema\/logo\/image\/","url":"https:\/\/lloretdemar.org\/wp-content\/uploads\/2020\/05\/lloret-de-mar-logo.png","contentUrl":"https:\/\/lloretdemar.org\/wp-content\/uploads\/2020\/05\/lloret-de-mar-logo.png","width":87,"height":38,"caption":"Lloret de Mar"},"image":{"@id":"https:\/\/lloretdemar.org\/de\/#\/schema\/logo\/image\/"},"sameAs":["https:\/\/www.facebook.com\/Lloretturisme","https:\/\/x.com\/lloretturisme","https:\/\/instagram.com\/lloretturisme","https:\/\/www.youtube.com\/LloretTurisme"]}]}},"_links":{"self":[{"href":"https:\/\/lloretdemar.org\/de\/wp-json\/wp\/v2\/pages\/14579","targetHints":{"allow":["GET"]}}],"collection":[{"href":"https:\/\/lloretdemar.org\/de\/wp-json\/wp\/v2\/pages"}],"about":[{"href":"https:\/\/lloretdemar.org\/de\/wp-json\/wp\/v2\/types\/page"}],"author":[{"embeddable":true,"href":"https:\/\/lloretdemar.org\/de\/wp-json\/wp\/v2\/users\/12"}],"replies":[{"embeddable":true,"href":"https:\/\/lloretdemar.org\/de\/wp-json\/wp\/v2\/comments?post=14579"}],"version-history":[{"count":0,"href":"https:\/\/lloretdemar.org\/de\/wp-json\/wp\/v2\/pages\/14579\/revisions"}],"up":[{"embeddable":true,"href":"https:\/\/lloretdemar.org\/de\/wp-json\/wp\/v2\/pages\/13881"}],"wp:attachment":[{"href":"https:\/\/lloretdemar.org\/de\/wp-json\/wp\/v2\/media?parent=14579"}],"curies":[{"name":"wp","href":"https:\/\/api.w.org\/{rel}","templated":true}]}}