{"id":14350,"date":"2020-01-24T11:14:33","date_gmt":"2020-01-24T10:14:33","guid":{"rendered":"http:\/\/lloretdemar.org\/lloret-de-mar-de-dia\/cultura\/miradors\/"},"modified":"2020-10-23T08:26:48","modified_gmt":"2020-10-23T06:26:48","slug":"miradors","status":"publish","type":"page","link":"https:\/\/lloretdemar.org\/de\/was-sie-in-lloret-de-mar-tun-konnen\/lloret-de-mar-bei-tag\/kultur\/miradors\/","title":{"rendered":"Miradors"},"content":{"rendered":"\n<p>  Entdecken Sie die zauberhaften Ecken der Costa Brava und ihre ganze nat\u00fcrliche Vielfalt. Entdecken Sie versteckte Landschaften fernab vom gesch\u00e4ftigen Treiben in Lloret. Besuchen Sie zum Genie\u00dfen dieser Blickf\u00e4nge ein paar der auf Sehensw\u00fcrdigkeiten oder Klippen gelegenen Aussichtpunkte der Stadt. <\/p>\n","protected":false},"excerpt":{"rendered":"<p>Entdecken Sie die zauberhaften Ecken der Costa Brava und ihre ganze nat\u00fcrliche Vielfalt. Entdecken Sie versteckte Landschaften fernab vom gesch\u00e4ftigen Treiben in Lloret. Besuchen Sie zum Genie\u00dfen dieser Blickf\u00e4nge ein paar der auf Sehensw\u00fcrdigkeiten oder Klippen gelegenen Aussichtpunkte der Stadt.<\/p>\n","protected":false},"author":12,"featured_media":0,"parent":13881,"menu_order":0,"comment_status":"closed","ping_status":"closed","template":"page-templates\/mouret-15.php","meta":{"_acf_changed":false,"content-type":"","footnotes":""},"class_list":["post-14350","page","type-page","status-publish","hentry"],"acf":{"banner_imatge":14351,"banner_titol":"Aussichtspunkte","banner_subtitol":"","botons_blanc_o_negres":"defecte","banner_links":[{"es_post":false,"banner_link":{"title":"Ausgrabungsst\u00e4tte Tur\u00f3 Rod\u00f3","url":"http:\/\/lloretdemar.org\/de\/cultura\/turo-rodo\/","target":""},"link_intern":null,"link_intern_titol":""},{"es_post":false,"banner_link":{"title":"K\u00fcstenwanderweg","url":"http:\/\/lloretdemar.org\/de\/lloret-de-mar-de-dia\/cami-de-ronda\/","target":""},"link_intern":null,"link_intern_titol":""},{"es_post":false,"banner_link":{"title":"Burg Sant Joan","url":"http:\/\/lloretdemar.org\/de\/cultura\/castell-de-sant-joan\/","target":""},"link_intern":null,"link_intern_titol":""},{"es_post":false,"banner_link":{"title":"Burg d\u2019en Plaja","url":"http:\/\/lloretdemar.org\/de\/cultura\/castell-den-plaja\/","target":""},"link_intern":null,"link_intern_titol":""},{"es_post":false,"banner_link":{"title":"Denkmal Dona Marinera (die Seefahrerfrau)","url":"http:\/\/lloretdemar.org\/de\/cultura\/dona-marinera\/","target":""},"link_intern":null,"link_intern_titol":""}],"blocs":[{"titol":"Ausgrabungsst\u00e4tte Tur\u00f3 Rod\u00f3","descripcio":"Die Siedlung Tur\u00f3 Rod\u00f3 ist eine der drei iberischen Fundst\u00e4tten, die sich in der Gemeinde Lloret de Mar befinden und liegt nicht weit vom Stadtkern entfernt. Diese kleine iberische Siedlung liegt auf einem kleinen, 40 Meter hohen Felsen auf einer Halbinsel, unmittelbar hinter dem ber\u00fchmten Castell d'en Plaja.","imatge":14681,"es_enllac_intern_o_extern":"intern","link_intern":{"title":"Weitere Info","url":"http:\/\/lloretdemar.org\/de\/cultura\/turo-rodo\/","target":""},"link_extern":"","link_extern_text":""},{"titol":"K\u00fcstenwanderweg","descripcio":"Der beste Weg, um die Essenz von Lloret de Mar zu atmen, besteht darin, die vielen Wanderrouten zu genie\u00dfen, die der K\u00fcste folgen oder in unsere W\u00e4lder f\u00fchren und alle Geheimnisse der mediterranen Fauna und Flora er\u00f6ffnen.","imatge":14353,"es_enllac_intern_o_extern":"intern","link_intern":{"title":"Weitere Info","url":"http:\/\/lloretdemar.org\/de\/lloret-de-mar-de-dia\/cami-de-ronda\/","target":""},"link_extern":"","link_extern_text":""},{"titol":"Burg Sant Joan","descripcio":"Auf dem Gipfel des Berges, der die Str\u00e4nde von Lloret de Mar und Fenals trennt, ragt der eindrucksvolle Turm aus dem 11. Jahrhundert n. Chr. empor.","imatge":14680,"es_enllac_intern_o_extern":"intern","link_intern":{"title":"Weitere Info","url":"http:\/\/lloretdemar.org\/de\/cultura\/castell-de-sant-joan\/","target":""},"link_extern":"","link_extern_text":""},{"titol":"Burg d\u2019en Plaja","descripcio":"Obwohl sie eine antike Burg zu sein scheint, handelt es sich tats\u00e4chlich um ein Sommerhaus, das 1935 vom Industriellen Narc\u00eds Plaja erbaut und vom Architekten Isidor Bosch, beide aus Gerona, entworfen wurde.","imatge":10096,"es_enllac_intern_o_extern":"intern","link_intern":{"title":"Weitere Info","url":"http:\/\/lloretdemar.org\/de\/cultura\/castell-den-plaja\/","target":""},"link_extern":"","link_extern_text":""},{"titol":"Denkmal Dona Marinera (die Seefahrerfrau)","descripcio":"1966 wurde der Bau des Denkmals an \u201eLa Dona Marinera\u201c (die Seefahrerfrau) beauftragt. Diese sch\u00f6ne Bronzeskulptur kann man am Ende des Strandes von Lloret bewundern. Sie ist ein Werk des K\u00fcnstlers Ernest Maragall und beeindruckt durch ihre H\u00f6he von 2,40 m.","imatge":14114,"es_enllac_intern_o_extern":"intern","link_intern":{"title":" Weitere Info","url":"http:\/\/lloretdemar.org\/de\/cultura\/dona-marinera\/","target":""},"link_extern":"","link_extern_text":""}],"titol_boto":"","document":"","apartats":null},"yoast_head":"<!-- This site is optimized with the Yoast SEO plugin v27.5 - https:\/\/yoast.com\/product\/yoast-seo-wordpress\/ -->\n<title>Miradors - Lloret de Mar<\/title>\n<meta name=\"description\" content=\"Entdecken Sie die zauberhaften Ecken der Costa Brava und ihre ganze nat\u00fcrliche Vielfalt. Entdecken Sie versteckte Landschaften fernab vom gesch\u00e4ftigen Treiben in Lloret. Besuchen Sie zum Genie\u00dfen dieser Blickf\u00e4nge ein paar der auf Sehensw\u00fcrdigkeiten oder Klippen gelegenen Aussichtpunkte der Stadt.\" \/>\n<meta name=\"robots\" content=\"index, follow, max-snippet:-1, max-image-preview:large, max-video-preview:-1\" \/>\n<link rel=\"canonical\" href=\"https:\/\/lloretdemar.org\/de\/was-sie-in-lloret-de-mar-tun-konnen\/lloret-de-mar-bei-tag\/kultur\/miradors\/\" \/>\n<meta property=\"og:locale\" content=\"de_DE\" \/>\n<meta property=\"og:type\" content=\"article\" \/>\n<meta property=\"og:title\" content=\"Miradors - Lloret de Mar\" \/>\n<meta property=\"og:description\" content=\"Entdecken Sie die zauberhaften Ecken der Costa Brava und ihre ganze nat\u00fcrliche Vielfalt. Entdecken Sie versteckte Landschaften fernab vom gesch\u00e4ftigen Treiben in Lloret. Besuchen Sie zum Genie\u00dfen dieser Blickf\u00e4nge ein paar der auf Sehensw\u00fcrdigkeiten oder Klippen gelegenen Aussichtpunkte der Stadt.\" \/>\n<meta property=\"og:url\" content=\"https:\/\/lloretdemar.org\/de\/was-sie-in-lloret-de-mar-tun-konnen\/lloret-de-mar-bei-tag\/kultur\/miradors\/\" \/>\n<meta property=\"og:site_name\" content=\"Lloret de Mar\" \/>\n<meta property=\"article:publisher\" content=\"https:\/\/www.facebook.com\/Lloretturisme\" \/>\n<meta property=\"article:modified_time\" content=\"2020-10-23T06:26:48+00:00\" \/>\n<meta property=\"og:image\" content=\"https:\/\/lloretdemar.org\/wp-content\/uploads\/2020\/01\/lloret-categories6-1.jpg\" \/>\n\t<meta property=\"og:image:width\" content=\"1920\" \/>\n\t<meta property=\"og:image:height\" content=\"885\" \/>\n\t<meta property=\"og:image:type\" content=\"image\/jpeg\" \/>\n<meta name=\"twitter:card\" content=\"summary_large_image\" \/>\n<meta name=\"twitter:site\" content=\"@lloretturisme\" \/>\n<script type=\"application\/ld+json\" class=\"yoast-schema-graph\">{\"@context\":\"https:\\\/\\\/schema.org\",\"@graph\":[{\"@type\":\"WebPage\",\"@id\":\"https:\\\/\\\/lloretdemar.org\\\/de\\\/was-sie-in-lloret-de-mar-tun-konnen\\\/lloret-de-mar-bei-tag\\\/kultur\\\/miradors\\\/\",\"url\":\"https:\\\/\\\/lloretdemar.org\\\/de\\\/was-sie-in-lloret-de-mar-tun-konnen\\\/lloret-de-mar-bei-tag\\\/kultur\\\/miradors\\\/\",\"name\":\"Miradors - Lloret de Mar\",\"isPartOf\":{\"@id\":\"https:\\\/\\\/lloretdemar.org\\\/de\\\/#website\"},\"datePublished\":\"2020-01-24T10:14:33+00:00\",\"dateModified\":\"2020-10-23T06:26:48+00:00\",\"description\":\"Lloret de Mar\",\"breadcrumb\":{\"@id\":\"https:\\\/\\\/lloretdemar.org\\\/de\\\/was-sie-in-lloret-de-mar-tun-konnen\\\/lloret-de-mar-bei-tag\\\/kultur\\\/miradors\\\/#breadcrumb\"},\"inLanguage\":\"de\",\"potentialAction\":[{\"@type\":\"ReadAction\",\"target\":[\"https:\\\/\\\/lloretdemar.org\\\/de\\\/was-sie-in-lloret-de-mar-tun-konnen\\\/lloret-de-mar-bei-tag\\\/kultur\\\/miradors\\\/\"]}]},{\"@type\":\"BreadcrumbList\",\"@id\":\"https:\\\/\\\/lloretdemar.org\\\/de\\\/was-sie-in-lloret-de-mar-tun-konnen\\\/lloret-de-mar-bei-tag\\\/kultur\\\/miradors\\\/#breadcrumb\",\"itemListElement\":[{\"@type\":\"ListItem\",\"position\":1,\"name\":\"Home\",\"item\":\"https:\\\/\\\/lloretdemar.org\\\/de\\\/\"},{\"@type\":\"ListItem\",\"position\":2,\"name\":\"Was Sie in Lloret de Mar tun k\u00f6nnen\",\"item\":\"https:\\\/\\\/lloretdemar.org\\\/de\\\/was-sie-in-lloret-de-mar-tun-konnen\\\/\"},{\"@type\":\"ListItem\",\"position\":3,\"name\":\"Lloret de Mar bei Tag\",\"item\":\"https:\\\/\\\/lloretdemar.org\\\/de\\\/was-sie-in-lloret-de-mar-tun-konnen\\\/lloret-de-mar-bei-tag\\\/\"},{\"@type\":\"ListItem\",\"position\":4,\"name\":\"Kultur\",\"item\":\"https:\\\/\\\/lloretdemar.org\\\/de\\\/was-sie-in-lloret-de-mar-tun-konnen\\\/lloret-de-mar-bei-tag\\\/kultur\\\/\"},{\"@type\":\"ListItem\",\"position\":5,\"name\":\"Miradors\"}]},{\"@type\":\"WebSite\",\"@id\":\"https:\\\/\\\/lloretdemar.org\\\/de\\\/#website\",\"url\":\"https:\\\/\\\/lloretdemar.org\\\/de\\\/\",\"name\":\"Lloret de Mar\",\"description\":\"\",\"publisher\":{\"@id\":\"https:\\\/\\\/lloretdemar.org\\\/de\\\/#organization\"},\"potentialAction\":[{\"@type\":\"SearchAction\",\"target\":{\"@type\":\"EntryPoint\",\"urlTemplate\":\"https:\\\/\\\/lloretdemar.org\\\/de\\\/?s={search_term_string}\"},\"query-input\":{\"@type\":\"PropertyValueSpecification\",\"valueRequired\":true,\"valueName\":\"search_term_string\"}}],\"inLanguage\":\"de\"},{\"@type\":\"Organization\",\"@id\":\"https:\\\/\\\/lloretdemar.org\\\/de\\\/#organization\",\"name\":\"Lloret de Mar\",\"url\":\"https:\\\/\\\/lloretdemar.org\\\/de\\\/\",\"logo\":{\"@type\":\"ImageObject\",\"inLanguage\":\"de\",\"@id\":\"https:\\\/\\\/lloretdemar.org\\\/de\\\/#\\\/schema\\\/logo\\\/image\\\/\",\"url\":\"https:\\\/\\\/lloretdemar.org\\\/wp-content\\\/uploads\\\/2020\\\/05\\\/lloret-de-mar-logo.png\",\"contentUrl\":\"https:\\\/\\\/lloretdemar.org\\\/wp-content\\\/uploads\\\/2020\\\/05\\\/lloret-de-mar-logo.png\",\"width\":87,\"height\":38,\"caption\":\"Lloret de Mar\"},\"image\":{\"@id\":\"https:\\\/\\\/lloretdemar.org\\\/de\\\/#\\\/schema\\\/logo\\\/image\\\/\"},\"sameAs\":[\"https:\\\/\\\/www.facebook.com\\\/Lloretturisme\",\"https:\\\/\\\/x.com\\\/lloretturisme\",\"https:\\\/\\\/instagram.com\\\/lloretturisme\",\"https:\\\/\\\/www.youtube.com\\\/LloretTurisme\"]}]}<\/script>\n<!-- \/ Yoast SEO plugin. -->","yoast_head_json":{"title":"Miradors - Lloret de Mar","description":"Entdecken Sie die zauberhaften Ecken der Costa Brava und ihre ganze nat\u00fcrliche Vielfalt. Entdecken Sie versteckte Landschaften fernab vom gesch\u00e4ftigen Treiben in Lloret. Besuchen Sie zum Genie\u00dfen dieser Blickf\u00e4nge ein paar der auf Sehensw\u00fcrdigkeiten oder Klippen gelegenen Aussichtpunkte der Stadt.","robots":{"index":"index","follow":"follow","max-snippet":"max-snippet:-1","max-image-preview":"max-image-preview:large","max-video-preview":"max-video-preview:-1"},"canonical":"https:\/\/lloretdemar.org\/de\/was-sie-in-lloret-de-mar-tun-konnen\/lloret-de-mar-bei-tag\/kultur\/miradors\/","og_locale":"de_DE","og_type":"article","og_title":"Miradors - Lloret de Mar","og_description":"Entdecken Sie die zauberhaften Ecken der Costa Brava und ihre ganze nat\u00fcrliche Vielfalt. Entdecken Sie versteckte Landschaften fernab vom gesch\u00e4ftigen Treiben in Lloret. Besuchen Sie zum Genie\u00dfen dieser Blickf\u00e4nge ein paar der auf Sehensw\u00fcrdigkeiten oder Klippen gelegenen Aussichtpunkte der Stadt.","og_url":"https:\/\/lloretdemar.org\/de\/was-sie-in-lloret-de-mar-tun-konnen\/lloret-de-mar-bei-tag\/kultur\/miradors\/","og_site_name":"Lloret de Mar","article_publisher":"https:\/\/www.facebook.com\/Lloretturisme","article_modified_time":"2020-10-23T06:26:48+00:00","og_image":[{"width":1920,"height":885,"url":"https:\/\/lloretdemar.org\/wp-content\/uploads\/2020\/01\/lloret-categories6-1.jpg","type":"image\/jpeg"}],"twitter_card":"summary_large_image","twitter_site":"@lloretturisme","schema":{"@context":"https:\/\/schema.org","@graph":[{"@type":"WebPage","@id":"https:\/\/lloretdemar.org\/de\/was-sie-in-lloret-de-mar-tun-konnen\/lloret-de-mar-bei-tag\/kultur\/miradors\/","url":"https:\/\/lloretdemar.org\/de\/was-sie-in-lloret-de-mar-tun-konnen\/lloret-de-mar-bei-tag\/kultur\/miradors\/","name":"Miradors - Lloret de Mar","isPartOf":{"@id":"https:\/\/lloretdemar.org\/de\/#website"},"datePublished":"2020-01-24T10:14:33+00:00","dateModified":"2020-10-23T06:26:48+00:00","description":"Lloret de Mar","breadcrumb":{"@id":"https:\/\/lloretdemar.org\/de\/was-sie-in-lloret-de-mar-tun-konnen\/lloret-de-mar-bei-tag\/kultur\/miradors\/#breadcrumb"},"inLanguage":"de","potentialAction":[{"@type":"ReadAction","target":["https:\/\/lloretdemar.org\/de\/was-sie-in-lloret-de-mar-tun-konnen\/lloret-de-mar-bei-tag\/kultur\/miradors\/"]}]},{"@type":"BreadcrumbList","@id":"https:\/\/lloretdemar.org\/de\/was-sie-in-lloret-de-mar-tun-konnen\/lloret-de-mar-bei-tag\/kultur\/miradors\/#breadcrumb","itemListElement":[{"@type":"ListItem","position":1,"name":"Home","item":"https:\/\/lloretdemar.org\/de\/"},{"@type":"ListItem","position":2,"name":"Was Sie in Lloret de Mar tun k\u00f6nnen","item":"https:\/\/lloretdemar.org\/de\/was-sie-in-lloret-de-mar-tun-konnen\/"},{"@type":"ListItem","position":3,"name":"Lloret de Mar bei Tag","item":"https:\/\/lloretdemar.org\/de\/was-sie-in-lloret-de-mar-tun-konnen\/lloret-de-mar-bei-tag\/"},{"@type":"ListItem","position":4,"name":"Kultur","item":"https:\/\/lloretdemar.org\/de\/was-sie-in-lloret-de-mar-tun-konnen\/lloret-de-mar-bei-tag\/kultur\/"},{"@type":"ListItem","position":5,"name":"Miradors"}]},{"@type":"WebSite","@id":"https:\/\/lloretdemar.org\/de\/#website","url":"https:\/\/lloretdemar.org\/de\/","name":"Lloret de Mar","description":"","publisher":{"@id":"https:\/\/lloretdemar.org\/de\/#organization"},"potentialAction":[{"@type":"SearchAction","target":{"@type":"EntryPoint","urlTemplate":"https:\/\/lloretdemar.org\/de\/?s={search_term_string}"},"query-input":{"@type":"PropertyValueSpecification","valueRequired":true,"valueName":"search_term_string"}}],"inLanguage":"de"},{"@type":"Organization","@id":"https:\/\/lloretdemar.org\/de\/#organization","name":"Lloret de Mar","url":"https:\/\/lloretdemar.org\/de\/","logo":{"@type":"ImageObject","inLanguage":"de","@id":"https:\/\/lloretdemar.org\/de\/#\/schema\/logo\/image\/","url":"https:\/\/lloretdemar.org\/wp-content\/uploads\/2020\/05\/lloret-de-mar-logo.png","contentUrl":"https:\/\/lloretdemar.org\/wp-content\/uploads\/2020\/05\/lloret-de-mar-logo.png","width":87,"height":38,"caption":"Lloret de Mar"},"image":{"@id":"https:\/\/lloretdemar.org\/de\/#\/schema\/logo\/image\/"},"sameAs":["https:\/\/www.facebook.com\/Lloretturisme","https:\/\/x.com\/lloretturisme","https:\/\/instagram.com\/lloretturisme","https:\/\/www.youtube.com\/LloretTurisme"]}]}},"_links":{"self":[{"href":"https:\/\/lloretdemar.org\/de\/wp-json\/wp\/v2\/pages\/14350","targetHints":{"allow":["GET"]}}],"collection":[{"href":"https:\/\/lloretdemar.org\/de\/wp-json\/wp\/v2\/pages"}],"about":[{"href":"https:\/\/lloretdemar.org\/de\/wp-json\/wp\/v2\/types\/page"}],"author":[{"embeddable":true,"href":"https:\/\/lloretdemar.org\/de\/wp-json\/wp\/v2\/users\/12"}],"replies":[{"embeddable":true,"href":"https:\/\/lloretdemar.org\/de\/wp-json\/wp\/v2\/comments?post=14350"}],"version-history":[{"count":0,"href":"https:\/\/lloretdemar.org\/de\/wp-json\/wp\/v2\/pages\/14350\/revisions"}],"up":[{"embeddable":true,"href":"https:\/\/lloretdemar.org\/de\/wp-json\/wp\/v2\/pages\/13881"}],"wp:attachment":[{"href":"https:\/\/lloretdemar.org\/de\/wp-json\/wp\/v2\/media?parent=14350"}],"curies":[{"name":"wp","href":"https:\/\/api.w.org\/{rel}","templated":true}]}}