{"id":14339,"date":"2020-01-23T14:50:42","date_gmt":"2020-01-23T13:50:42","guid":{"rendered":"http:\/\/lloretdemar.org\/lloret-de-mar-de-dia\/cultura\/ermites-i-esglesies\/"},"modified":"2022-09-23T12:52:10","modified_gmt":"2022-09-23T10:52:10","slug":"ermites-i-esglesies","status":"publish","type":"page","link":"https:\/\/lloretdemar.org\/de\/was-sie-in-lloret-de-mar-tun-konnen\/lloret-de-mar-bei-tag\/kultur\/ermites-i-esglesies\/","title":{"rendered":"Ermites i esgl\u00e9sies"},"content":{"rendered":"\n<p>In Lloret gibt es mehrere Kapellen und Kirchen, bei deren Besuch Sie mehr \u00fcber die Geschichte von Lloret erfahren k\u00f6nnen.  Eine davon ist die Kapelle Ermita de Santa Cristina, die \u00fcber eine Ausstellung von Miniaturschiffen verf\u00fcgt, die der Heiligen Cristina von Seeleuten und Fischern gewidmet wurden. In dieser Kapelle wird am 24. Juli das Stadtfest von Lloret (Fiesta Mayor de Lloret) gefeiert. Bei einem Spaziergang durch die historische Altstadt von Lloret de Mar ist zudem der Besuch der Pfarrkirche des Sant Rom\u00e0 ein Muss. Der hier angewande Kunststil wird Sie mit Sicherheit \u00fcberraschen. <\/p>\n\n\n\n<div style=\"height:40px\" aria-hidden=\"true\" class=\"wp-block-spacer\"><\/div>\n\n\n\n<div class=\"wp-block-buttons is-content-justification-center is-layout-flex wp-container-core-buttons-is-layout-16018d1d wp-block-buttons-is-layout-flex\">\n<div class=\"wp-block-button agenda-btn\"><a class=\"wp-block-button__link has-background\" href=\"https:\/\/maps.lloretdemar.org\/de\/kapellen-und-kirchen\" style=\"border-radius:0px;background-color:#4798e9\">Interaktive Anleitung<\/a><\/div>\n<\/div>\n","protected":false},"excerpt":{"rendered":"<p>In Lloret gibt es mehrere Kapellen und Kirchen, bei deren Besuch Sie mehr \u00fcber die Geschichte von Lloret erfahren k\u00f6nnen. Eine davon ist die Kapelle Ermita de Santa Cristina, die \u00fcber eine Ausstellung von Miniaturschiffen verf\u00fcgt, die der Heiligen Cristina von Seeleuten und Fischern gewidmet wurden. In dieser Kapelle wird am 24. Juli das Stadtfest [&hellip;]<\/p>\n","protected":false},"author":12,"featured_media":0,"parent":13881,"menu_order":0,"comment_status":"closed","ping_status":"closed","template":"page-templates\/mouret-15.php","meta":{"_acf_changed":false,"content-type":"","footnotes":""},"class_list":["post-14339","page","type-page","status-publish","hentry"],"acf":{"banner_imatge":14340,"banner_titol":"Kapellen und Kirchen","banner_subtitol":"","botons_blanc_o_negres":"defecte","banner_links":[{"es_post":false,"banner_link":{"title":"Pfarrkirche Sant Rom\u00e0","url":"http:\/\/lloretdemar.org\/de\/cultura\/esglesia-parroquial-de-sant-roma\/","target":""},"link_intern":null,"link_intern_titol":""},{"es_post":false,"banner_link":{"title":"Kapelle des Sants Metges","url":"http:\/\/lloretdemar.org\/de\/cultura\/capella-dels-sants-metges\/","target":""},"link_intern":null,"link_intern_titol":""},{"es_post":false,"banner_link":{"title":"Kapelle Ermita de Santa Cristina","url":"http:\/\/lloretdemar.org\/de\/cultura\/ermita-de-santa-cristina\/","target":""},"link_intern":null,"link_intern_titol":""},{"es_post":false,"banner_link":{"title":"Kapelle Ermita de les Alegries","url":"http:\/\/lloretdemar.org\/de\/cultura\/ermita-de-les-alegries\/","target":""},"link_intern":null,"link_intern_titol":""},{"es_post":false,"banner_link":{"title":"Kapelle Ermita de Sant Quirze","url":"http:\/\/lloretdemar.org\/de\/cultura\/ermita-de-sant-quirze\/","target":""},"link_intern":null,"link_intern_titol":""}],"blocs":[{"titol":"Pfarrkirche Sant Rom\u00e0","descripcio":"Auf Ihrem Spaziergang durch die Altstadt von Lloret de Mar sto\u00dfen Sie auf die Pfarrkirche des Sant Rom\u00e0, dem Schutzpatron der Stadt. In diesem historischen Beispiel sind zwei sehr unterschiedliche Stil-Epochen der Architektur vereint.","imatge":14675,"es_enllac_intern_o_extern":"intern","link_intern":{"title":"Weitere Informationen","url":"http:\/\/lloretdemar.org\/de\/cultura\/esglesia-parroquial-de-sant-roma\/","target":""},"link_extern":"","link_extern_text":""},{"titol":"Kapelle des Sants Metges","descripcio":"Diese kleine Kapelle geh\u00f6rte zum alten Wohlt\u00e4tigkeitskrankenhaus von Lloret, das 1445 von Narc\u00eds Oliveres gegr\u00fcndet wurde. Er war Kanoniker der Kathedrale von Gerona und Verwalter der Pavord\u00eda des Monats November, und als solcher Herr des Territoriums von Lloret.","imatge":11372,"es_enllac_intern_o_extern":"intern","link_intern":{"title":" Weitere Informationen","url":"http:\/\/lloretdemar.org\/de\/cultura\/capella-dels-sants-metges\/","target":""},"link_extern":"","link_extern_text":""},{"titol":"Kapelle Ermita de Santa Cristina","descripcio":"Im Jahr 1376 wird die Kirche erstmals schriftlich erw\u00e4hnt, obwohl das heutige Gotteshaus Ende des 18. Jahrhunderts erbaut wurde. Santa Cristina wurde im neoklassizistischen Stil erbaut und hat einen edlen Marmoraltar aus Italien sowie eine interessante Sammlung aus Weihgaben und Miniaturschiffen zu bieten.","imatge":14678,"es_enllac_intern_o_extern":"intern","link_intern":{"title":"Weitere Informationen","url":"http:\/\/lloretdemar.org\/de\/cultura\/ermita-de-santa-cristina\/","target":"_blank"},"link_extern":"","link_extern_text":""},{"titol":"Kapelle Ermita de les Alegries","descripcio":"Diese kleine Kapelle war die erste Pfarrkirche von Lloret. Sie wurde im Jahr 1079 eingeweiht und bis 1522 genutzt, als sie auf ihren jetzigen Standort in 2,5 km Entfernung vom Ortskern umgesetzt wurde.","imatge":10486,"es_enllac_intern_o_extern":"intern","link_intern":{"title":"Weitere Informationen","url":"http:\/\/lloretdemar.org\/de\/cultura\/ermita-de-les-alegries\/","target":""},"link_extern":"","link_extern_text":""},{"titol":"Kapelle Ermita de Sant Quirze","descripcio":"Die Wallfahrtskapelle Sant Quirze liegt 200 Meter vom Friedhof bzw. einen Kilometer vom Ortskern entfernt. Sie wurde bereits vor dem 11. Jahrhundert erbaut und weist keine stilistische Einheit auf. In der N\u00e4he dieser Kapelle wurden einige r\u00f6mische Keramikfragmente, eine konstantinische M\u00fcnze und verschiedene Grabst\u00e4tten gefunden.","imatge":14682,"es_enllac_intern_o_extern":"intern","link_intern":{"title":"Weitere Informationen","url":"http:\/\/lloretdemar.org\/de\/cultura\/ermita-de-sant-quirze\/","target":""},"link_extern":"","link_extern_text":""}],"titol_boto":"","document":"","apartats":[{"acf_fc_layout":"bloc_amplada_completa","amb_marges":false,"html_js":"<div  style=\"width:92%; height:80vh; display:inline-block; margin-left:4%; margin-bottom:25px; border: 1px solid #fd5151\">\r\n<div \r\n\t\tid=\"bWidgetMap\"\r\n\t\tintegration=\"segment\"\r\n\t\tparenturiprefix=\"bwidget:\"\r\n\t\tembedurl=\"https:\/\/maps.lloretdemar.org\"\r\n\t\tembedmainuri=\"\/de\/spaziergang-der-einsiedeleien-von-lloret\"\r\n\t\tonFocus=\"\"\r\n\t\tonFocusOut=\"\"\r\n                btnColor='#fd5151'\r\n                showButtons = \"true\"\r\n                viewMapText = \"MARSCH DER ERMITAGEN\"\r\n               >\r\n<\/div>\r\n<script type=\"text\/javascript\" src=\"https:\/\/maps.lloretdemar.org\/embed.js\"><\/script>\r\n<\/div>"}]},"yoast_head":"<!-- This site is optimized with the Yoast SEO plugin v27.5 - https:\/\/yoast.com\/product\/yoast-seo-wordpress\/ -->\n<title>Ermites i esgl\u00e9sies - Lloret de Mar<\/title>\n<meta name=\"description\" content=\"In Lloret gibt es mehrere Kapellen und Kirchen, bei deren Besuch Sie mehr \u00fcber die Geschichte von Lloret erfahren k\u00f6nnen. Eine davon ist die Kapelle Ermita de Santa Cristina, die \u00fcber eine Ausstellung von Miniaturschiffen verf\u00fcgt, die der Heiligen Cristina von Seeleuten und Fischern gewidmet wurden. In dieser Kapelle wird am 24. Juli das Stadtfest&hellip;\" \/>\n<meta name=\"robots\" content=\"index, follow, max-snippet:-1, max-image-preview:large, max-video-preview:-1\" \/>\n<link rel=\"canonical\" href=\"https:\/\/lloretdemar.org\/de\/was-sie-in-lloret-de-mar-tun-konnen\/lloret-de-mar-bei-tag\/kultur\/ermites-i-esglesies\/\" \/>\n<meta property=\"og:locale\" content=\"de_DE\" \/>\n<meta property=\"og:type\" content=\"article\" \/>\n<meta property=\"og:title\" content=\"Ermites i esgl\u00e9sies - Lloret de Mar\" \/>\n<meta property=\"og:description\" content=\"In Lloret gibt es mehrere Kapellen und Kirchen, bei deren Besuch Sie mehr \u00fcber die Geschichte von Lloret erfahren k\u00f6nnen. Eine davon ist die Kapelle Ermita de Santa Cristina, die \u00fcber eine Ausstellung von Miniaturschiffen verf\u00fcgt, die der Heiligen Cristina von Seeleuten und Fischern gewidmet wurden. In dieser Kapelle wird am 24. Juli das Stadtfest&hellip;\" \/>\n<meta property=\"og:url\" content=\"https:\/\/lloretdemar.org\/de\/was-sie-in-lloret-de-mar-tun-konnen\/lloret-de-mar-bei-tag\/kultur\/ermites-i-esglesies\/\" \/>\n<meta property=\"og:site_name\" content=\"Lloret de Mar\" \/>\n<meta property=\"article:publisher\" content=\"https:\/\/www.facebook.com\/Lloretturisme\" \/>\n<meta property=\"article:modified_time\" content=\"2022-09-23T10:52:10+00:00\" \/>\n<meta property=\"og:image\" content=\"https:\/\/lloretdemar.org\/wp-content\/uploads\/2020\/01\/lloret-categories2.jpg\" \/>\n\t<meta property=\"og:image:width\" content=\"1920\" \/>\n\t<meta property=\"og:image:height\" content=\"885\" \/>\n\t<meta property=\"og:image:type\" content=\"image\/jpeg\" \/>\n<meta name=\"twitter:card\" content=\"summary_large_image\" \/>\n<meta name=\"twitter:site\" content=\"@lloretturisme\" \/>\n<meta name=\"twitter:label1\" content=\"Gesch\u00e4tzte Lesezeit\" \/>\n\t<meta name=\"twitter:data1\" content=\"1\u00a0Minute\" \/>\n<script type=\"application\/ld+json\" class=\"yoast-schema-graph\">{\"@context\":\"https:\\\/\\\/schema.org\",\"@graph\":[{\"@type\":\"WebPage\",\"@id\":\"https:\\\/\\\/lloretdemar.org\\\/de\\\/was-sie-in-lloret-de-mar-tun-konnen\\\/lloret-de-mar-bei-tag\\\/kultur\\\/ermites-i-esglesies\\\/\",\"url\":\"https:\\\/\\\/lloretdemar.org\\\/de\\\/was-sie-in-lloret-de-mar-tun-konnen\\\/lloret-de-mar-bei-tag\\\/kultur\\\/ermites-i-esglesies\\\/\",\"name\":\"Ermites i esgl\u00e9sies - Lloret de Mar\",\"isPartOf\":{\"@id\":\"https:\\\/\\\/lloretdemar.org\\\/de\\\/#website\"},\"datePublished\":\"2020-01-23T13:50:42+00:00\",\"dateModified\":\"2022-09-23T10:52:10+00:00\",\"description\":\"Lloret de Mar\",\"breadcrumb\":{\"@id\":\"https:\\\/\\\/lloretdemar.org\\\/de\\\/was-sie-in-lloret-de-mar-tun-konnen\\\/lloret-de-mar-bei-tag\\\/kultur\\\/ermites-i-esglesies\\\/#breadcrumb\"},\"inLanguage\":\"de\",\"potentialAction\":[{\"@type\":\"ReadAction\",\"target\":[\"https:\\\/\\\/lloretdemar.org\\\/de\\\/was-sie-in-lloret-de-mar-tun-konnen\\\/lloret-de-mar-bei-tag\\\/kultur\\\/ermites-i-esglesies\\\/\"]}]},{\"@type\":\"BreadcrumbList\",\"@id\":\"https:\\\/\\\/lloretdemar.org\\\/de\\\/was-sie-in-lloret-de-mar-tun-konnen\\\/lloret-de-mar-bei-tag\\\/kultur\\\/ermites-i-esglesies\\\/#breadcrumb\",\"itemListElement\":[{\"@type\":\"ListItem\",\"position\":1,\"name\":\"Home\",\"item\":\"https:\\\/\\\/lloretdemar.org\\\/de\\\/\"},{\"@type\":\"ListItem\",\"position\":2,\"name\":\"Was Sie in Lloret de Mar tun k\u00f6nnen\",\"item\":\"https:\\\/\\\/lloretdemar.org\\\/de\\\/was-sie-in-lloret-de-mar-tun-konnen\\\/\"},{\"@type\":\"ListItem\",\"position\":3,\"name\":\"Lloret de Mar bei Tag\",\"item\":\"https:\\\/\\\/lloretdemar.org\\\/de\\\/was-sie-in-lloret-de-mar-tun-konnen\\\/lloret-de-mar-bei-tag\\\/\"},{\"@type\":\"ListItem\",\"position\":4,\"name\":\"Kultur\",\"item\":\"https:\\\/\\\/lloretdemar.org\\\/de\\\/was-sie-in-lloret-de-mar-tun-konnen\\\/lloret-de-mar-bei-tag\\\/kultur\\\/\"},{\"@type\":\"ListItem\",\"position\":5,\"name\":\"Ermites i esgl\u00e9sies\"}]},{\"@type\":\"WebSite\",\"@id\":\"https:\\\/\\\/lloretdemar.org\\\/de\\\/#website\",\"url\":\"https:\\\/\\\/lloretdemar.org\\\/de\\\/\",\"name\":\"Lloret de Mar\",\"description\":\"\",\"publisher\":{\"@id\":\"https:\\\/\\\/lloretdemar.org\\\/de\\\/#organization\"},\"potentialAction\":[{\"@type\":\"SearchAction\",\"target\":{\"@type\":\"EntryPoint\",\"urlTemplate\":\"https:\\\/\\\/lloretdemar.org\\\/de\\\/?s={search_term_string}\"},\"query-input\":{\"@type\":\"PropertyValueSpecification\",\"valueRequired\":true,\"valueName\":\"search_term_string\"}}],\"inLanguage\":\"de\"},{\"@type\":\"Organization\",\"@id\":\"https:\\\/\\\/lloretdemar.org\\\/de\\\/#organization\",\"name\":\"Lloret de Mar\",\"url\":\"https:\\\/\\\/lloretdemar.org\\\/de\\\/\",\"logo\":{\"@type\":\"ImageObject\",\"inLanguage\":\"de\",\"@id\":\"https:\\\/\\\/lloretdemar.org\\\/de\\\/#\\\/schema\\\/logo\\\/image\\\/\",\"url\":\"https:\\\/\\\/lloretdemar.org\\\/wp-content\\\/uploads\\\/2020\\\/05\\\/lloret-de-mar-logo.png\",\"contentUrl\":\"https:\\\/\\\/lloretdemar.org\\\/wp-content\\\/uploads\\\/2020\\\/05\\\/lloret-de-mar-logo.png\",\"width\":87,\"height\":38,\"caption\":\"Lloret de Mar\"},\"image\":{\"@id\":\"https:\\\/\\\/lloretdemar.org\\\/de\\\/#\\\/schema\\\/logo\\\/image\\\/\"},\"sameAs\":[\"https:\\\/\\\/www.facebook.com\\\/Lloretturisme\",\"https:\\\/\\\/x.com\\\/lloretturisme\",\"https:\\\/\\\/instagram.com\\\/lloretturisme\",\"https:\\\/\\\/www.youtube.com\\\/LloretTurisme\"]}]}<\/script>\n<!-- \/ Yoast SEO plugin. -->","yoast_head_json":{"title":"Ermites i esgl\u00e9sies - Lloret de Mar","description":"In Lloret gibt es mehrere Kapellen und Kirchen, bei deren Besuch Sie mehr \u00fcber die Geschichte von Lloret erfahren k\u00f6nnen. Eine davon ist die Kapelle Ermita de Santa Cristina, die \u00fcber eine Ausstellung von Miniaturschiffen verf\u00fcgt, die der Heiligen Cristina von Seeleuten und Fischern gewidmet wurden. In dieser Kapelle wird am 24. Juli das Stadtfest&hellip;","robots":{"index":"index","follow":"follow","max-snippet":"max-snippet:-1","max-image-preview":"max-image-preview:large","max-video-preview":"max-video-preview:-1"},"canonical":"https:\/\/lloretdemar.org\/de\/was-sie-in-lloret-de-mar-tun-konnen\/lloret-de-mar-bei-tag\/kultur\/ermites-i-esglesies\/","og_locale":"de_DE","og_type":"article","og_title":"Ermites i esgl\u00e9sies - Lloret de Mar","og_description":"In Lloret gibt es mehrere Kapellen und Kirchen, bei deren Besuch Sie mehr \u00fcber die Geschichte von Lloret erfahren k\u00f6nnen. Eine davon ist die Kapelle Ermita de Santa Cristina, die \u00fcber eine Ausstellung von Miniaturschiffen verf\u00fcgt, die der Heiligen Cristina von Seeleuten und Fischern gewidmet wurden. In dieser Kapelle wird am 24. Juli das Stadtfest&hellip;","og_url":"https:\/\/lloretdemar.org\/de\/was-sie-in-lloret-de-mar-tun-konnen\/lloret-de-mar-bei-tag\/kultur\/ermites-i-esglesies\/","og_site_name":"Lloret de Mar","article_publisher":"https:\/\/www.facebook.com\/Lloretturisme","article_modified_time":"2022-09-23T10:52:10+00:00","og_image":[{"width":1920,"height":885,"url":"https:\/\/lloretdemar.org\/wp-content\/uploads\/2020\/01\/lloret-categories2.jpg","type":"image\/jpeg"}],"twitter_card":"summary_large_image","twitter_site":"@lloretturisme","twitter_misc":{"Gesch\u00e4tzte Lesezeit":"1\u00a0Minute"},"schema":{"@context":"https:\/\/schema.org","@graph":[{"@type":"WebPage","@id":"https:\/\/lloretdemar.org\/de\/was-sie-in-lloret-de-mar-tun-konnen\/lloret-de-mar-bei-tag\/kultur\/ermites-i-esglesies\/","url":"https:\/\/lloretdemar.org\/de\/was-sie-in-lloret-de-mar-tun-konnen\/lloret-de-mar-bei-tag\/kultur\/ermites-i-esglesies\/","name":"Ermites i esgl\u00e9sies - Lloret de Mar","isPartOf":{"@id":"https:\/\/lloretdemar.org\/de\/#website"},"datePublished":"2020-01-23T13:50:42+00:00","dateModified":"2022-09-23T10:52:10+00:00","description":"Lloret de Mar","breadcrumb":{"@id":"https:\/\/lloretdemar.org\/de\/was-sie-in-lloret-de-mar-tun-konnen\/lloret-de-mar-bei-tag\/kultur\/ermites-i-esglesies\/#breadcrumb"},"inLanguage":"de","potentialAction":[{"@type":"ReadAction","target":["https:\/\/lloretdemar.org\/de\/was-sie-in-lloret-de-mar-tun-konnen\/lloret-de-mar-bei-tag\/kultur\/ermites-i-esglesies\/"]}]},{"@type":"BreadcrumbList","@id":"https:\/\/lloretdemar.org\/de\/was-sie-in-lloret-de-mar-tun-konnen\/lloret-de-mar-bei-tag\/kultur\/ermites-i-esglesies\/#breadcrumb","itemListElement":[{"@type":"ListItem","position":1,"name":"Home","item":"https:\/\/lloretdemar.org\/de\/"},{"@type":"ListItem","position":2,"name":"Was Sie in Lloret de Mar tun k\u00f6nnen","item":"https:\/\/lloretdemar.org\/de\/was-sie-in-lloret-de-mar-tun-konnen\/"},{"@type":"ListItem","position":3,"name":"Lloret de Mar bei Tag","item":"https:\/\/lloretdemar.org\/de\/was-sie-in-lloret-de-mar-tun-konnen\/lloret-de-mar-bei-tag\/"},{"@type":"ListItem","position":4,"name":"Kultur","item":"https:\/\/lloretdemar.org\/de\/was-sie-in-lloret-de-mar-tun-konnen\/lloret-de-mar-bei-tag\/kultur\/"},{"@type":"ListItem","position":5,"name":"Ermites i esgl\u00e9sies"}]},{"@type":"WebSite","@id":"https:\/\/lloretdemar.org\/de\/#website","url":"https:\/\/lloretdemar.org\/de\/","name":"Lloret de Mar","description":"","publisher":{"@id":"https:\/\/lloretdemar.org\/de\/#organization"},"potentialAction":[{"@type":"SearchAction","target":{"@type":"EntryPoint","urlTemplate":"https:\/\/lloretdemar.org\/de\/?s={search_term_string}"},"query-input":{"@type":"PropertyValueSpecification","valueRequired":true,"valueName":"search_term_string"}}],"inLanguage":"de"},{"@type":"Organization","@id":"https:\/\/lloretdemar.org\/de\/#organization","name":"Lloret de Mar","url":"https:\/\/lloretdemar.org\/de\/","logo":{"@type":"ImageObject","inLanguage":"de","@id":"https:\/\/lloretdemar.org\/de\/#\/schema\/logo\/image\/","url":"https:\/\/lloretdemar.org\/wp-content\/uploads\/2020\/05\/lloret-de-mar-logo.png","contentUrl":"https:\/\/lloretdemar.org\/wp-content\/uploads\/2020\/05\/lloret-de-mar-logo.png","width":87,"height":38,"caption":"Lloret de Mar"},"image":{"@id":"https:\/\/lloretdemar.org\/de\/#\/schema\/logo\/image\/"},"sameAs":["https:\/\/www.facebook.com\/Lloretturisme","https:\/\/x.com\/lloretturisme","https:\/\/instagram.com\/lloretturisme","https:\/\/www.youtube.com\/LloretTurisme"]}]}},"_links":{"self":[{"href":"https:\/\/lloretdemar.org\/de\/wp-json\/wp\/v2\/pages\/14339","targetHints":{"allow":["GET"]}}],"collection":[{"href":"https:\/\/lloretdemar.org\/de\/wp-json\/wp\/v2\/pages"}],"about":[{"href":"https:\/\/lloretdemar.org\/de\/wp-json\/wp\/v2\/types\/page"}],"author":[{"embeddable":true,"href":"https:\/\/lloretdemar.org\/de\/wp-json\/wp\/v2\/users\/12"}],"replies":[{"embeddable":true,"href":"https:\/\/lloretdemar.org\/de\/wp-json\/wp\/v2\/comments?post=14339"}],"version-history":[{"count":3,"href":"https:\/\/lloretdemar.org\/de\/wp-json\/wp\/v2\/pages\/14339\/revisions"}],"predecessor-version":[{"id":30927,"href":"https:\/\/lloretdemar.org\/de\/wp-json\/wp\/v2\/pages\/14339\/revisions\/30927"}],"up":[{"embeddable":true,"href":"https:\/\/lloretdemar.org\/de\/wp-json\/wp\/v2\/pages\/13881"}],"wp:attachment":[{"href":"https:\/\/lloretdemar.org\/de\/wp-json\/wp\/v2\/media?parent=14339"}],"curies":[{"name":"wp","href":"https:\/\/api.w.org\/{rel}","templated":true}]}}