{"id":14109,"date":"2020-01-24T10:42:01","date_gmt":"2020-01-24T09:42:01","guid":{"rendered":"http:\/\/lloretdemar.org\/lloret-de-mar-de-dia\/cultura\/lloret-mariner\/"},"modified":"2020-11-19T14:05:51","modified_gmt":"2020-11-19T13:05:51","slug":"lloret-mariner","status":"publish","type":"page","link":"https:\/\/lloretdemar.org\/de\/was-sie-in-lloret-de-mar-tun-konnen\/lloret-de-mar-bei-tag\/kultur\/lloret-mariner\/","title":{"rendered":"Lloret mariner"},"content":{"rendered":"\n<p>Lloret de Mar\nbewahrt noch immer einige St\u00e4tten und Traditionen, die an die enge historische\nVerbindung der Stadt mit dem Meer erinnern.<\/p>\n\n\n\n<p>Die\nArchitektur der \u201eIndianos\u201c, die aus \u00dcbersee zur\u00fcckkehrten, die R\u00e4umlichkeiten,\nin denen ehemalige Fischernetze gef\u00e4rbt wurden, oder die Hommage an das harte\nLeben der Fischer mit der Feier des Tirada a l&#8217;Art (<em>Netzwerfen<\/em>) sind nur\neinige Tipps, die wir Ihnen f\u00fcr Ihren Besuch mit auf den Weg geben.<\/p>\n\n\n\n<p>Weitere Informationen <a href=\"https:\/\/lloretdemar.org\/wp-content\/uploads\/2020\/03\/patrimoni-pesquer.pdf\">aqu\u00ed<\/a>.<\/p>\n\n\n\n<p><\/p>\n","protected":false},"excerpt":{"rendered":"<p>Lloret de Mar bewahrt noch immer einige St\u00e4tten und Traditionen, die an die enge historische Verbindung der Stadt mit dem Meer erinnern. Die Architektur der \u201eIndianos\u201c, die aus \u00dcbersee zur\u00fcckkehrten, die R\u00e4umlichkeiten, in denen ehemalige Fischernetze gef\u00e4rbt wurden, oder die Hommage an das harte Leben der Fischer mit der Feier des Tirada a l&#8217;Art (Netzwerfen) [&hellip;]<\/p>\n","protected":false},"author":12,"featured_media":0,"parent":13881,"menu_order":0,"comment_status":"closed","ping_status":"closed","template":"page-templates\/mouret-15.php","meta":{"_acf_changed":false,"content-type":"","footnotes":""},"class_list":["post-14109","page","type-page","status-publish","hentry"],"acf":{"banner_imatge":14110,"banner_titol":"Das marine Lloret","banner_subtitol":"","botons_blanc_o_negres":"defecte","banner_links":[{"es_post":false,"banner_link":{"title":"Das Meeresmuseum (Museo del Mar)","url":"https:\/\/lloretdemar.org\/de\/cultura\/meeresmuseum-can-garriga\/","target":""},"link_intern":null,"link_intern_titol":""},{"es_post":false,"banner_link":{"title":"Es Tint","url":"http:\/\/lloretdemar.org\/de\/cultura\/es-tint\/","target":""},"link_intern":null,"link_intern_titol":""},{"es_post":false,"banner_link":{"title":"Bucht Sa Caleta","url":"http:\/\/lloretdemar.org\/de\/platja\/sa-caleta\/","target":""},"link_intern":null,"link_intern_titol":""},{"es_post":false,"banner_link":{"title":"Dona Marinera","url":"http:\/\/lloretdemar.org\/de\/cultura\/dona-marinera\/","target":""},"link_intern":null,"link_intern_titol":""},{"es_post":false,"banner_link":{"title":"Yachthafen Canyelles","url":"http:\/\/lloretdemar.org\/de\/cultura\/port-canyelles\/","target":""},"link_intern":null,"link_intern_titol":""},{"es_post":false,"banner_link":{"title":"Kapelle Ermita de Santa Cristina","url":"http:\/\/lloretdemar.org\/de\/cultura\/ermita-de-santa-cristina\/","target":""},"link_intern":null,"link_intern_titol":""},{"es_post":false,"banner_link":{"title":"Abstecher zum Strand von Sa Caleta","url":"https:\/\/lloretdemar.org\/de\/cultura\/abstecher-zum-strand-von-sa-caleta\/","target":""},"link_intern":null,"link_intern_titol":""}],"blocs":[{"titol":"Meeresmuseum ","descripcio":"An der Strandpromenade in unmittelbarer Meeresn\u00e4he gelegen, ist Can Garriga eines der wichtigsten Geb\u00e4ude aus der Zeit der \u201eIndianos\u201c in Lloret de Mar. Aktuell wird hier und im Nebengeb\u00e4ude das Meeresmuseum (Museo del Mar) beherbergt, das die tiefe Verbindung von Lloret de Mar zum Meer erkl\u00e4rt.","imatge":14674,"es_enllac_intern_o_extern":"intern","link_intern":{"title":" Weitere Informationen","url":"http:\/\/lloretdemar.org\/cultura\/museu-del-mar-can-garriga\/","target":""},"link_extern":"","link_extern_text":""},{"titol":"Es Tint","descripcio":"Die F\u00e4rberei Es Tint ist der derzeitige Sitz der Berufsvereinigung der Fischer in Lloret de Mar. Sie befindet sich im Zentrum der Gemeinde und bewahrt ihren urspr\u00fcnglichen Charakter als Ort, an dem die Fischer von Lloret ihre Netze f\u00e4rbten","imatge":14116,"es_enllac_intern_o_extern":"intern","link_intern":{"title":"Weitere Informationen","url":"http:\/\/lloretdemar.org\/de\/cultura\/es-tint\/","target":""},"link_extern":"","link_extern_text":""},{"titol":"Abstecher zum Strand von Sa Caleta","descripcio":"In dieser kleinen Bucht erinnert Lloret mit einer Gedenktafel auf den Felsen an alle Migranten, die damals ihr Gl\u00fcck in Amerika versucht hatten und mit leeren H\u00e4nden nach Hause kehrten. Die Inschrift lautet wie folgt:\r\n\u00abLloret de Mar erinnert sich dankbar an die Bem\u00fchungen und den guten Willen jener B\u00fcrger, die auf der Suche nach Wohlstand nach Amerika ausgewandert sind, jedoch keinen Erfolg hatten. 1778\u20131978\u00bb","imatge":10096,"es_enllac_intern_o_extern":"intern","link_intern":{"title":" Weitere Informationen","url":"http:\/\/lloretdemar.org\/de\/platja\/sa-caleta\/","target":""},"link_extern":"","link_extern_text":""},{"titol":"Dona Marinera (die Seefahrerfrau)","descripcio":"1966 wurde der Bau des Denkmals an \u201eLa Dona Marinera\u201c (die Seefahrerfrau) beauftragt. Diese sch\u00f6ne Bronzeskulptur kann man am Ende des Strandes von Lloret bewundern. Sie ist ein Werk des K\u00fcnstlers Ernest Maragall und beeindruckt durch ihre H\u00f6he von 2,40 m.","imatge":14114,"es_enllac_intern_o_extern":"intern","link_intern":{"title":"Weitere Informationen","url":"http:\/\/lloretdemar.org\/de\/cultura\/dona-marinera\/","target":""},"link_extern":"","link_extern_text":""},{"titol":"Yachthafen Canyelles","descripcio":"Am Strand von Canyelles, eine Meile n\u00f6rdlich von Lloret, befindet sich inmitten kleiner Buchten der einzige Yachthafen der Stadt, in dem kleine bis mittlere Boote festmachen k\u00f6nnen.\r\nMan gelangt \u00fcber die Stra\u00dfe, die nach Tossa de Mar f\u00fchrt, nach Canyelles.","imatge":14678,"es_enllac_intern_o_extern":"intern","link_intern":{"title":"Weitere Informationen","url":"http:\/\/lloretdemar.org\/de\/cultura\/port-canyelles\/","target":""},"link_extern":"","link_extern_text":""},{"titol":"Kapelle Ermita de Santa Cristina","descripcio":"Im Jahr 1376 wird die Kirche erstmals schriftlich erw\u00e4hnt, obwohl das heutige Gotteshaus Ende des 18. Jahrhunderts erbaut wurde. Santa Cristina wurde im neoklassizistischen Stil erbaut und hat einen edlen Marmoraltar aus Italien sowie eine interessante Sammlung aus Weihgaben und Miniaturschiffen zu bieten.","imatge":14065,"es_enllac_intern_o_extern":"intern","link_intern":{"title":"Weitere Informationen","url":"http:\/\/lloretdemar.org\/de\/cultura\/ermita-de-santa-cristina\/","target":""},"link_extern":"","link_extern_text":""},{"titol":"Abstecher zum Strand von Sa Caleta","descripcio":"In dieser kleinen Bucht erinnert Lloret mit einer Gedenktafel auf den Felsen an alle Migranten, die damals ihr Gl\u00fcck in Amerika versucht hatten und mit leeren H\u00e4nden nach Hause kehrten.","imatge":20959,"es_enllac_intern_o_extern":"intern","link_intern":{"title":"Abstecher zum Strand von Sa Caleta","url":"https:\/\/lloretdemar.org\/de\/cultura\/abstecher-zum-strand-von-sa-caleta\/","target":""},"link_extern":"","link_extern_text":""}],"titol_boto":"","document":"","apartats":null},"yoast_head":"<!-- This site is optimized with the Yoast SEO plugin v27.5 - https:\/\/yoast.com\/product\/yoast-seo-wordpress\/ -->\n<title>Lloret mariner - Lloret de Mar<\/title>\n<meta name=\"description\" content=\"Lloret de Mar bewahrt noch immer einige St\u00e4tten und Traditionen, die an die enge historische Verbindung der Stadt mit dem Meer erinnern. Die Architektur der \u201eIndianos\u201c, die aus \u00dcbersee zur\u00fcckkehrten, die R\u00e4umlichkeiten, in denen ehemalige Fischernetze gef\u00e4rbt wurden, oder die Hommage an das harte Leben der Fischer mit der Feier des Tirada a l&#039;Art (Netzwerfen)&hellip;\" \/>\n<meta name=\"robots\" content=\"index, follow, max-snippet:-1, max-image-preview:large, max-video-preview:-1\" \/>\n<link rel=\"canonical\" href=\"https:\/\/lloretdemar.org\/de\/was-sie-in-lloret-de-mar-tun-konnen\/lloret-de-mar-bei-tag\/kultur\/lloret-mariner\/\" \/>\n<meta property=\"og:locale\" content=\"de_DE\" \/>\n<meta property=\"og:type\" content=\"article\" \/>\n<meta property=\"og:title\" content=\"Lloret mariner - Lloret de Mar\" \/>\n<meta property=\"og:description\" content=\"Lloret de Mar bewahrt noch immer einige St\u00e4tten und Traditionen, die an die enge historische Verbindung der Stadt mit dem Meer erinnern. Die Architektur der \u201eIndianos\u201c, die aus \u00dcbersee zur\u00fcckkehrten, die R\u00e4umlichkeiten, in denen ehemalige Fischernetze gef\u00e4rbt wurden, oder die Hommage an das harte Leben der Fischer mit der Feier des Tirada a l&#039;Art (Netzwerfen)&hellip;\" \/>\n<meta property=\"og:url\" content=\"https:\/\/lloretdemar.org\/de\/was-sie-in-lloret-de-mar-tun-konnen\/lloret-de-mar-bei-tag\/kultur\/lloret-mariner\/\" \/>\n<meta property=\"og:site_name\" content=\"Lloret de Mar\" \/>\n<meta property=\"article:publisher\" content=\"https:\/\/www.facebook.com\/Lloretturisme\" \/>\n<meta property=\"article:modified_time\" content=\"2020-11-19T13:05:51+00:00\" \/>\n<meta property=\"og:image\" content=\"https:\/\/lloretdemar.org\/wp-content\/uploads\/2020\/01\/lloret-categories4.jpg\" \/>\n\t<meta property=\"og:image:width\" content=\"1920\" \/>\n\t<meta property=\"og:image:height\" content=\"885\" \/>\n\t<meta property=\"og:image:type\" content=\"image\/jpeg\" \/>\n<meta name=\"twitter:card\" content=\"summary_large_image\" \/>\n<meta name=\"twitter:site\" content=\"@lloretturisme\" \/>\n<script type=\"application\/ld+json\" class=\"yoast-schema-graph\">{\"@context\":\"https:\\\/\\\/schema.org\",\"@graph\":[{\"@type\":\"WebPage\",\"@id\":\"https:\\\/\\\/lloretdemar.org\\\/de\\\/was-sie-in-lloret-de-mar-tun-konnen\\\/lloret-de-mar-bei-tag\\\/kultur\\\/lloret-mariner\\\/\",\"url\":\"https:\\\/\\\/lloretdemar.org\\\/de\\\/was-sie-in-lloret-de-mar-tun-konnen\\\/lloret-de-mar-bei-tag\\\/kultur\\\/lloret-mariner\\\/\",\"name\":\"Lloret mariner - Lloret de Mar\",\"isPartOf\":{\"@id\":\"https:\\\/\\\/lloretdemar.org\\\/de\\\/#website\"},\"datePublished\":\"2020-01-24T09:42:01+00:00\",\"dateModified\":\"2020-11-19T13:05:51+00:00\",\"description\":\"Lloret de Mar\",\"breadcrumb\":{\"@id\":\"https:\\\/\\\/lloretdemar.org\\\/de\\\/was-sie-in-lloret-de-mar-tun-konnen\\\/lloret-de-mar-bei-tag\\\/kultur\\\/lloret-mariner\\\/#breadcrumb\"},\"inLanguage\":\"de\",\"potentialAction\":[{\"@type\":\"ReadAction\",\"target\":[\"https:\\\/\\\/lloretdemar.org\\\/de\\\/was-sie-in-lloret-de-mar-tun-konnen\\\/lloret-de-mar-bei-tag\\\/kultur\\\/lloret-mariner\\\/\"]}]},{\"@type\":\"BreadcrumbList\",\"@id\":\"https:\\\/\\\/lloretdemar.org\\\/de\\\/was-sie-in-lloret-de-mar-tun-konnen\\\/lloret-de-mar-bei-tag\\\/kultur\\\/lloret-mariner\\\/#breadcrumb\",\"itemListElement\":[{\"@type\":\"ListItem\",\"position\":1,\"name\":\"Home\",\"item\":\"https:\\\/\\\/lloretdemar.org\\\/de\\\/\"},{\"@type\":\"ListItem\",\"position\":2,\"name\":\"Was Sie in Lloret de Mar tun k\u00f6nnen\",\"item\":\"https:\\\/\\\/lloretdemar.org\\\/de\\\/was-sie-in-lloret-de-mar-tun-konnen\\\/\"},{\"@type\":\"ListItem\",\"position\":3,\"name\":\"Lloret de Mar bei Tag\",\"item\":\"https:\\\/\\\/lloretdemar.org\\\/de\\\/was-sie-in-lloret-de-mar-tun-konnen\\\/lloret-de-mar-bei-tag\\\/\"},{\"@type\":\"ListItem\",\"position\":4,\"name\":\"Kultur\",\"item\":\"https:\\\/\\\/lloretdemar.org\\\/de\\\/was-sie-in-lloret-de-mar-tun-konnen\\\/lloret-de-mar-bei-tag\\\/kultur\\\/\"},{\"@type\":\"ListItem\",\"position\":5,\"name\":\"Lloret mariner\"}]},{\"@type\":\"WebSite\",\"@id\":\"https:\\\/\\\/lloretdemar.org\\\/de\\\/#website\",\"url\":\"https:\\\/\\\/lloretdemar.org\\\/de\\\/\",\"name\":\"Lloret de Mar\",\"description\":\"\",\"publisher\":{\"@id\":\"https:\\\/\\\/lloretdemar.org\\\/de\\\/#organization\"},\"potentialAction\":[{\"@type\":\"SearchAction\",\"target\":{\"@type\":\"EntryPoint\",\"urlTemplate\":\"https:\\\/\\\/lloretdemar.org\\\/de\\\/?s={search_term_string}\"},\"query-input\":{\"@type\":\"PropertyValueSpecification\",\"valueRequired\":true,\"valueName\":\"search_term_string\"}}],\"inLanguage\":\"de\"},{\"@type\":\"Organization\",\"@id\":\"https:\\\/\\\/lloretdemar.org\\\/de\\\/#organization\",\"name\":\"Lloret de Mar\",\"url\":\"https:\\\/\\\/lloretdemar.org\\\/de\\\/\",\"logo\":{\"@type\":\"ImageObject\",\"inLanguage\":\"de\",\"@id\":\"https:\\\/\\\/lloretdemar.org\\\/de\\\/#\\\/schema\\\/logo\\\/image\\\/\",\"url\":\"https:\\\/\\\/lloretdemar.org\\\/wp-content\\\/uploads\\\/2020\\\/05\\\/lloret-de-mar-logo.png\",\"contentUrl\":\"https:\\\/\\\/lloretdemar.org\\\/wp-content\\\/uploads\\\/2020\\\/05\\\/lloret-de-mar-logo.png\",\"width\":87,\"height\":38,\"caption\":\"Lloret de Mar\"},\"image\":{\"@id\":\"https:\\\/\\\/lloretdemar.org\\\/de\\\/#\\\/schema\\\/logo\\\/image\\\/\"},\"sameAs\":[\"https:\\\/\\\/www.facebook.com\\\/Lloretturisme\",\"https:\\\/\\\/x.com\\\/lloretturisme\",\"https:\\\/\\\/instagram.com\\\/lloretturisme\",\"https:\\\/\\\/www.youtube.com\\\/LloretTurisme\"]}]}<\/script>\n<!-- \/ Yoast SEO plugin. -->","yoast_head_json":{"title":"Lloret mariner - Lloret de Mar","description":"Lloret de Mar bewahrt noch immer einige St\u00e4tten und Traditionen, die an die enge historische Verbindung der Stadt mit dem Meer erinnern. Die Architektur der \u201eIndianos\u201c, die aus \u00dcbersee zur\u00fcckkehrten, die R\u00e4umlichkeiten, in denen ehemalige Fischernetze gef\u00e4rbt wurden, oder die Hommage an das harte Leben der Fischer mit der Feier des Tirada a l'Art (Netzwerfen)&hellip;","robots":{"index":"index","follow":"follow","max-snippet":"max-snippet:-1","max-image-preview":"max-image-preview:large","max-video-preview":"max-video-preview:-1"},"canonical":"https:\/\/lloretdemar.org\/de\/was-sie-in-lloret-de-mar-tun-konnen\/lloret-de-mar-bei-tag\/kultur\/lloret-mariner\/","og_locale":"de_DE","og_type":"article","og_title":"Lloret mariner - Lloret de Mar","og_description":"Lloret de Mar bewahrt noch immer einige St\u00e4tten und Traditionen, die an die enge historische Verbindung der Stadt mit dem Meer erinnern. Die Architektur der \u201eIndianos\u201c, die aus \u00dcbersee zur\u00fcckkehrten, die R\u00e4umlichkeiten, in denen ehemalige Fischernetze gef\u00e4rbt wurden, oder die Hommage an das harte Leben der Fischer mit der Feier des Tirada a l'Art (Netzwerfen)&hellip;","og_url":"https:\/\/lloretdemar.org\/de\/was-sie-in-lloret-de-mar-tun-konnen\/lloret-de-mar-bei-tag\/kultur\/lloret-mariner\/","og_site_name":"Lloret de Mar","article_publisher":"https:\/\/www.facebook.com\/Lloretturisme","article_modified_time":"2020-11-19T13:05:51+00:00","og_image":[{"width":1920,"height":885,"url":"https:\/\/lloretdemar.org\/wp-content\/uploads\/2020\/01\/lloret-categories4.jpg","type":"image\/jpeg"}],"twitter_card":"summary_large_image","twitter_site":"@lloretturisme","schema":{"@context":"https:\/\/schema.org","@graph":[{"@type":"WebPage","@id":"https:\/\/lloretdemar.org\/de\/was-sie-in-lloret-de-mar-tun-konnen\/lloret-de-mar-bei-tag\/kultur\/lloret-mariner\/","url":"https:\/\/lloretdemar.org\/de\/was-sie-in-lloret-de-mar-tun-konnen\/lloret-de-mar-bei-tag\/kultur\/lloret-mariner\/","name":"Lloret mariner - Lloret de Mar","isPartOf":{"@id":"https:\/\/lloretdemar.org\/de\/#website"},"datePublished":"2020-01-24T09:42:01+00:00","dateModified":"2020-11-19T13:05:51+00:00","description":"Lloret de Mar","breadcrumb":{"@id":"https:\/\/lloretdemar.org\/de\/was-sie-in-lloret-de-mar-tun-konnen\/lloret-de-mar-bei-tag\/kultur\/lloret-mariner\/#breadcrumb"},"inLanguage":"de","potentialAction":[{"@type":"ReadAction","target":["https:\/\/lloretdemar.org\/de\/was-sie-in-lloret-de-mar-tun-konnen\/lloret-de-mar-bei-tag\/kultur\/lloret-mariner\/"]}]},{"@type":"BreadcrumbList","@id":"https:\/\/lloretdemar.org\/de\/was-sie-in-lloret-de-mar-tun-konnen\/lloret-de-mar-bei-tag\/kultur\/lloret-mariner\/#breadcrumb","itemListElement":[{"@type":"ListItem","position":1,"name":"Home","item":"https:\/\/lloretdemar.org\/de\/"},{"@type":"ListItem","position":2,"name":"Was Sie in Lloret de Mar tun k\u00f6nnen","item":"https:\/\/lloretdemar.org\/de\/was-sie-in-lloret-de-mar-tun-konnen\/"},{"@type":"ListItem","position":3,"name":"Lloret de Mar bei Tag","item":"https:\/\/lloretdemar.org\/de\/was-sie-in-lloret-de-mar-tun-konnen\/lloret-de-mar-bei-tag\/"},{"@type":"ListItem","position":4,"name":"Kultur","item":"https:\/\/lloretdemar.org\/de\/was-sie-in-lloret-de-mar-tun-konnen\/lloret-de-mar-bei-tag\/kultur\/"},{"@type":"ListItem","position":5,"name":"Lloret mariner"}]},{"@type":"WebSite","@id":"https:\/\/lloretdemar.org\/de\/#website","url":"https:\/\/lloretdemar.org\/de\/","name":"Lloret de Mar","description":"","publisher":{"@id":"https:\/\/lloretdemar.org\/de\/#organization"},"potentialAction":[{"@type":"SearchAction","target":{"@type":"EntryPoint","urlTemplate":"https:\/\/lloretdemar.org\/de\/?s={search_term_string}"},"query-input":{"@type":"PropertyValueSpecification","valueRequired":true,"valueName":"search_term_string"}}],"inLanguage":"de"},{"@type":"Organization","@id":"https:\/\/lloretdemar.org\/de\/#organization","name":"Lloret de Mar","url":"https:\/\/lloretdemar.org\/de\/","logo":{"@type":"ImageObject","inLanguage":"de","@id":"https:\/\/lloretdemar.org\/de\/#\/schema\/logo\/image\/","url":"https:\/\/lloretdemar.org\/wp-content\/uploads\/2020\/05\/lloret-de-mar-logo.png","contentUrl":"https:\/\/lloretdemar.org\/wp-content\/uploads\/2020\/05\/lloret-de-mar-logo.png","width":87,"height":38,"caption":"Lloret de Mar"},"image":{"@id":"https:\/\/lloretdemar.org\/de\/#\/schema\/logo\/image\/"},"sameAs":["https:\/\/www.facebook.com\/Lloretturisme","https:\/\/x.com\/lloretturisme","https:\/\/instagram.com\/lloretturisme","https:\/\/www.youtube.com\/LloretTurisme"]}]}},"_links":{"self":[{"href":"https:\/\/lloretdemar.org\/de\/wp-json\/wp\/v2\/pages\/14109","targetHints":{"allow":["GET"]}}],"collection":[{"href":"https:\/\/lloretdemar.org\/de\/wp-json\/wp\/v2\/pages"}],"about":[{"href":"https:\/\/lloretdemar.org\/de\/wp-json\/wp\/v2\/types\/page"}],"author":[{"embeddable":true,"href":"https:\/\/lloretdemar.org\/de\/wp-json\/wp\/v2\/users\/12"}],"replies":[{"embeddable":true,"href":"https:\/\/lloretdemar.org\/de\/wp-json\/wp\/v2\/comments?post=14109"}],"version-history":[{"count":0,"href":"https:\/\/lloretdemar.org\/de\/wp-json\/wp\/v2\/pages\/14109\/revisions"}],"up":[{"embeddable":true,"href":"https:\/\/lloretdemar.org\/de\/wp-json\/wp\/v2\/pages\/13881"}],"wp:attachment":[{"href":"https:\/\/lloretdemar.org\/de\/wp-json\/wp\/v2\/media?parent=14109"}],"curies":[{"name":"wp","href":"https:\/\/api.w.org\/{rel}","templated":true}]}}