{"id":14094,"date":"2020-01-23T14:35:25","date_gmt":"2020-01-23T13:35:25","guid":{"rendered":"http:\/\/lloretdemar.org\/lloret-de-mar-de-dia\/cultura\/lloret-dels-ibers\/"},"modified":"2022-09-05T15:48:39","modified_gmt":"2022-09-05T13:48:39","slug":"lloret-dels-ibers","status":"publish","type":"page","link":"https:\/\/lloretdemar.org\/de\/was-sie-in-lloret-de-mar-tun-konnen\/lloret-de-mar-bei-tag\/kultur\/lloret-dels-ibers\/","title":{"rendered":"Lloret dels Ibers"},"content":{"rendered":"\n<p>In Lloret de Mar gibt es drei iberische Siedlungen: Montbarbat, Puig de Castellet und Tur\u00f3 Rod\u00f3. Erleben Sie hautnah mit, wie die ersten Einwohner unserer Stadt gelebt haben.<\/p>\n\n\n\n<div style=\"height:40px\" aria-hidden=\"true\" class=\"wp-block-spacer\"><\/div>\n\n\n\n<div class=\"wp-block-buttons is-content-justification-center is-layout-flex wp-container-core-buttons-is-layout-16018d1d wp-block-buttons-is-layout-flex\">\n<div class=\"wp-block-button agenda-btn\"><a class=\"wp-block-button__link has-background\" href=\"https:\/\/maps.lloretdemar.org\/de\/das-iberische-lloret\" style=\"border-radius:0px;background-color:#4798e9\">Interaktive Anleitung<\/a><\/div>\n<\/div>\n","protected":false},"excerpt":{"rendered":"<p>In Lloret de Mar gibt es drei iberische Siedlungen: Montbarbat, Puig de Castellet und Tur\u00f3 Rod\u00f3. Erleben Sie hautnah mit, wie die ersten Einwohner unserer Stadt gelebt haben.<\/p>\n","protected":false},"author":12,"featured_media":0,"parent":13881,"menu_order":0,"comment_status":"closed","ping_status":"closed","template":"page-templates\/mouret-15.php","meta":{"_acf_changed":false,"content-type":"","footnotes":""},"class_list":["post-14094","page","type-page","status-publish","hentry"],"acf":{"banner_imatge":14095,"banner_titol":"Das iberische Lloret","banner_subtitol":"","botons_blanc_o_negres":"defecte","banner_links":[{"es_post":false,"banner_link":{"title":"Can Saragossa","url":"http:\/\/lloretdemar.org\/de\/cultura\/can-saragossa\/","target":""},"link_intern":null,"link_intern_titol":""},{"es_post":false,"banner_link":{"title":"Ausgrabungsst\u00e4tte Tur\u00f3 Rod\u00f3","url":"http:\/\/lloretdemar.org\/de\/cultura\/turo-rodo\/","target":""},"link_intern":null,"link_intern_titol":""},{"es_post":false,"banner_link":{"title":"Ausgrabungsst\u00e4tte von Puig de Castellet","url":"http:\/\/lloretdemar.org\/de\/cultura\/jaciment-de-puig-de-castellet\/","target":""},"link_intern":null,"link_intern_titol":""},{"es_post":false,"banner_link":{"title":"Montbarbat","url":"http:\/\/lloretdemar.org\/de\/cultura\/montbarbat\/","target":""},"link_intern":null,"link_intern_titol":""}],"blocs":[{"titol":"Can Saragossa ","descripcio":"Das Bauernhaus Can Saragossa liegt auf einem kleinen H\u00fcgel, inmitten von W\u00e4ldern und G\u00e4rten. Wenn die Natur im Fr\u00fchling langsam zum Leben erwacht, ist der Besuch von Can Saragossa ein absolutes Muss.","imatge":14679,"es_enllac_intern_o_extern":"intern","link_intern":{"title":" Weitere Informationen","url":"http:\/\/lloretdemar.org\/de\/cultura\/can-saragossa\/","target":""},"link_extern":"","link_extern_text":""},{"titol":"Ausgrabungsst\u00e4tte Tur\u00f3 Rod\u00f3","descripcio":"Die Siedlung Tur\u00f3 Rod\u00f3 (3. Jahrhundert v. Chr.) ist eine der drei iberischen Fundst\u00e4tten, die sich in der Gemeinde Lloret de Mar befinden und liegt nicht weit vom Stadtkern entfernt. Diese kleine iberische Siedlung liegt auf einem kleinen, 40 Meter hohen Felsen auf einer Halbinsel, unmittelbar hinter dem ber\u00fchmten Castell d'en Plaja.","imatge":14681,"es_enllac_intern_o_extern":"intern","link_intern":{"title":" Weitere Informationen","url":"http:\/\/lloretdemar.org\/de\/cultura\/turo-rodo\/","target":""},"link_extern":"","link_extern_text":""},{"titol":"Ausgrabungsst\u00e4tte von Puig de Castellet","descripcio":"Die Fundst\u00e4tte Puig de Castellet, die aus dem 3. Jahrhundert v. Chr. stammt, befindet sich zwei Kilometer vom Zentrum von Lloret de Mar entfernt. Ihre strategische Lage bietet einen Blick \u00fcber das ganze Gebiet, von der M\u00fcndung des Tordera bis zur K\u00fcste von Lloret. Die kleine, rund 650 m2 gro\u00dfe Siedlung setzt sich aus sechs Wohnh\u00e4usern zusammen.","imatge":14097,"es_enllac_intern_o_extern":"intern","link_intern":{"title":" Weitere Informationen","url":"http:\/\/lloretdemar.org\/de\/cultura\/jaciment-de-puig-de-castellet\/","target":""},"link_extern":"","link_extern_text":""},{"titol":"Montbarbat","descripcio":"Die gr\u00f6\u00dfte Ausgrabungsst\u00e4tte von Lloret mit 5700 m2 liegt am weitesten entfernt von der Stadt. Umgeben von einem Wall und Wacht\u00fcrmen, scheint sie vor allem aus st\u00e4dtebaulicher Sicht die vielversprechendste Anlage im ganzen Gebiet zu sein.","imatge":11363,"es_enllac_intern_o_extern":"intern","link_intern":{"title":"Weitere Informationen","url":"http:\/\/lloretdemar.org\/de\/cultura\/montbarbat\/","target":""},"link_extern":"","link_extern_text":""}],"titol_boto":"","document":"","apartats":null},"yoast_head":"<!-- This site is optimized with the Yoast SEO plugin v27.5 - https:\/\/yoast.com\/product\/yoast-seo-wordpress\/ -->\n<title>Lloret dels Ibers - Lloret de Mar<\/title>\n<meta name=\"description\" content=\"In Lloret de Mar gibt es drei iberische Siedlungen: Montbarbat, Puig de Castellet und Tur\u00f3 Rod\u00f3. Erleben Sie hautnah mit, wie die ersten Einwohner unserer Stadt gelebt haben. Interaktive Anleitung\" \/>\n<meta name=\"robots\" content=\"index, follow, max-snippet:-1, max-image-preview:large, max-video-preview:-1\" \/>\n<link rel=\"canonical\" href=\"https:\/\/lloretdemar.org\/de\/was-sie-in-lloret-de-mar-tun-konnen\/lloret-de-mar-bei-tag\/kultur\/lloret-dels-ibers\/\" \/>\n<meta property=\"og:locale\" content=\"de_DE\" \/>\n<meta property=\"og:type\" content=\"article\" \/>\n<meta property=\"og:title\" content=\"Lloret dels Ibers - Lloret de Mar\" \/>\n<meta property=\"og:description\" content=\"In Lloret de Mar gibt es drei iberische Siedlungen: Montbarbat, Puig de Castellet und Tur\u00f3 Rod\u00f3. Erleben Sie hautnah mit, wie die ersten Einwohner unserer Stadt gelebt haben. Interaktive Anleitung\" \/>\n<meta property=\"og:url\" content=\"https:\/\/lloretdemar.org\/de\/was-sie-in-lloret-de-mar-tun-konnen\/lloret-de-mar-bei-tag\/kultur\/lloret-dels-ibers\/\" \/>\n<meta property=\"og:site_name\" content=\"Lloret de Mar\" \/>\n<meta property=\"article:publisher\" content=\"https:\/\/www.facebook.com\/Lloretturisme\" \/>\n<meta property=\"article:modified_time\" content=\"2022-09-05T13:48:39+00:00\" \/>\n<meta property=\"og:image\" content=\"https:\/\/lloretdemar.org\/wp-content\/uploads\/2020\/01\/lloret-categories10.jpg\" \/>\n\t<meta property=\"og:image:width\" content=\"1920\" \/>\n\t<meta property=\"og:image:height\" content=\"885\" \/>\n\t<meta property=\"og:image:type\" content=\"image\/jpeg\" \/>\n<meta name=\"twitter:card\" content=\"summary_large_image\" \/>\n<meta name=\"twitter:site\" content=\"@lloretturisme\" \/>\n<meta name=\"twitter:label1\" content=\"Gesch\u00e4tzte Lesezeit\" \/>\n\t<meta name=\"twitter:data1\" content=\"1\u00a0Minute\" \/>\n<script type=\"application\/ld+json\" class=\"yoast-schema-graph\">{\"@context\":\"https:\\\/\\\/schema.org\",\"@graph\":[{\"@type\":\"WebPage\",\"@id\":\"https:\\\/\\\/lloretdemar.org\\\/de\\\/was-sie-in-lloret-de-mar-tun-konnen\\\/lloret-de-mar-bei-tag\\\/kultur\\\/lloret-dels-ibers\\\/\",\"url\":\"https:\\\/\\\/lloretdemar.org\\\/de\\\/was-sie-in-lloret-de-mar-tun-konnen\\\/lloret-de-mar-bei-tag\\\/kultur\\\/lloret-dels-ibers\\\/\",\"name\":\"Lloret dels Ibers - Lloret de Mar\",\"isPartOf\":{\"@id\":\"https:\\\/\\\/lloretdemar.org\\\/de\\\/#website\"},\"datePublished\":\"2020-01-23T13:35:25+00:00\",\"dateModified\":\"2022-09-05T13:48:39+00:00\",\"description\":\"Lloret de Mar\",\"breadcrumb\":{\"@id\":\"https:\\\/\\\/lloretdemar.org\\\/de\\\/was-sie-in-lloret-de-mar-tun-konnen\\\/lloret-de-mar-bei-tag\\\/kultur\\\/lloret-dels-ibers\\\/#breadcrumb\"},\"inLanguage\":\"de\",\"potentialAction\":[{\"@type\":\"ReadAction\",\"target\":[\"https:\\\/\\\/lloretdemar.org\\\/de\\\/was-sie-in-lloret-de-mar-tun-konnen\\\/lloret-de-mar-bei-tag\\\/kultur\\\/lloret-dels-ibers\\\/\"]}]},{\"@type\":\"BreadcrumbList\",\"@id\":\"https:\\\/\\\/lloretdemar.org\\\/de\\\/was-sie-in-lloret-de-mar-tun-konnen\\\/lloret-de-mar-bei-tag\\\/kultur\\\/lloret-dels-ibers\\\/#breadcrumb\",\"itemListElement\":[{\"@type\":\"ListItem\",\"position\":1,\"name\":\"Home\",\"item\":\"https:\\\/\\\/lloretdemar.org\\\/de\\\/\"},{\"@type\":\"ListItem\",\"position\":2,\"name\":\"Was Sie in Lloret de Mar tun k\u00f6nnen\",\"item\":\"https:\\\/\\\/lloretdemar.org\\\/de\\\/was-sie-in-lloret-de-mar-tun-konnen\\\/\"},{\"@type\":\"ListItem\",\"position\":3,\"name\":\"Lloret de Mar bei Tag\",\"item\":\"https:\\\/\\\/lloretdemar.org\\\/de\\\/was-sie-in-lloret-de-mar-tun-konnen\\\/lloret-de-mar-bei-tag\\\/\"},{\"@type\":\"ListItem\",\"position\":4,\"name\":\"Kultur\",\"item\":\"https:\\\/\\\/lloretdemar.org\\\/de\\\/was-sie-in-lloret-de-mar-tun-konnen\\\/lloret-de-mar-bei-tag\\\/kultur\\\/\"},{\"@type\":\"ListItem\",\"position\":5,\"name\":\"Lloret dels Ibers\"}]},{\"@type\":\"WebSite\",\"@id\":\"https:\\\/\\\/lloretdemar.org\\\/de\\\/#website\",\"url\":\"https:\\\/\\\/lloretdemar.org\\\/de\\\/\",\"name\":\"Lloret de Mar\",\"description\":\"\",\"publisher\":{\"@id\":\"https:\\\/\\\/lloretdemar.org\\\/de\\\/#organization\"},\"potentialAction\":[{\"@type\":\"SearchAction\",\"target\":{\"@type\":\"EntryPoint\",\"urlTemplate\":\"https:\\\/\\\/lloretdemar.org\\\/de\\\/?s={search_term_string}\"},\"query-input\":{\"@type\":\"PropertyValueSpecification\",\"valueRequired\":true,\"valueName\":\"search_term_string\"}}],\"inLanguage\":\"de\"},{\"@type\":\"Organization\",\"@id\":\"https:\\\/\\\/lloretdemar.org\\\/de\\\/#organization\",\"name\":\"Lloret de Mar\",\"url\":\"https:\\\/\\\/lloretdemar.org\\\/de\\\/\",\"logo\":{\"@type\":\"ImageObject\",\"inLanguage\":\"de\",\"@id\":\"https:\\\/\\\/lloretdemar.org\\\/de\\\/#\\\/schema\\\/logo\\\/image\\\/\",\"url\":\"https:\\\/\\\/lloretdemar.org\\\/wp-content\\\/uploads\\\/2020\\\/05\\\/lloret-de-mar-logo.png\",\"contentUrl\":\"https:\\\/\\\/lloretdemar.org\\\/wp-content\\\/uploads\\\/2020\\\/05\\\/lloret-de-mar-logo.png\",\"width\":87,\"height\":38,\"caption\":\"Lloret de Mar\"},\"image\":{\"@id\":\"https:\\\/\\\/lloretdemar.org\\\/de\\\/#\\\/schema\\\/logo\\\/image\\\/\"},\"sameAs\":[\"https:\\\/\\\/www.facebook.com\\\/Lloretturisme\",\"https:\\\/\\\/x.com\\\/lloretturisme\",\"https:\\\/\\\/instagram.com\\\/lloretturisme\",\"https:\\\/\\\/www.youtube.com\\\/LloretTurisme\"]}]}<\/script>\n<!-- \/ Yoast SEO plugin. -->","yoast_head_json":{"title":"Lloret dels Ibers - Lloret de Mar","description":"In Lloret de Mar gibt es drei iberische Siedlungen: Montbarbat, Puig de Castellet und Tur\u00f3 Rod\u00f3. Erleben Sie hautnah mit, wie die ersten Einwohner unserer Stadt gelebt haben. Interaktive Anleitung","robots":{"index":"index","follow":"follow","max-snippet":"max-snippet:-1","max-image-preview":"max-image-preview:large","max-video-preview":"max-video-preview:-1"},"canonical":"https:\/\/lloretdemar.org\/de\/was-sie-in-lloret-de-mar-tun-konnen\/lloret-de-mar-bei-tag\/kultur\/lloret-dels-ibers\/","og_locale":"de_DE","og_type":"article","og_title":"Lloret dels Ibers - Lloret de Mar","og_description":"In Lloret de Mar gibt es drei iberische Siedlungen: Montbarbat, Puig de Castellet und Tur\u00f3 Rod\u00f3. Erleben Sie hautnah mit, wie die ersten Einwohner unserer Stadt gelebt haben. Interaktive Anleitung","og_url":"https:\/\/lloretdemar.org\/de\/was-sie-in-lloret-de-mar-tun-konnen\/lloret-de-mar-bei-tag\/kultur\/lloret-dels-ibers\/","og_site_name":"Lloret de Mar","article_publisher":"https:\/\/www.facebook.com\/Lloretturisme","article_modified_time":"2022-09-05T13:48:39+00:00","og_image":[{"width":1920,"height":885,"url":"https:\/\/lloretdemar.org\/wp-content\/uploads\/2020\/01\/lloret-categories10.jpg","type":"image\/jpeg"}],"twitter_card":"summary_large_image","twitter_site":"@lloretturisme","twitter_misc":{"Gesch\u00e4tzte Lesezeit":"1\u00a0Minute"},"schema":{"@context":"https:\/\/schema.org","@graph":[{"@type":"WebPage","@id":"https:\/\/lloretdemar.org\/de\/was-sie-in-lloret-de-mar-tun-konnen\/lloret-de-mar-bei-tag\/kultur\/lloret-dels-ibers\/","url":"https:\/\/lloretdemar.org\/de\/was-sie-in-lloret-de-mar-tun-konnen\/lloret-de-mar-bei-tag\/kultur\/lloret-dels-ibers\/","name":"Lloret dels Ibers - Lloret de Mar","isPartOf":{"@id":"https:\/\/lloretdemar.org\/de\/#website"},"datePublished":"2020-01-23T13:35:25+00:00","dateModified":"2022-09-05T13:48:39+00:00","description":"Lloret de Mar","breadcrumb":{"@id":"https:\/\/lloretdemar.org\/de\/was-sie-in-lloret-de-mar-tun-konnen\/lloret-de-mar-bei-tag\/kultur\/lloret-dels-ibers\/#breadcrumb"},"inLanguage":"de","potentialAction":[{"@type":"ReadAction","target":["https:\/\/lloretdemar.org\/de\/was-sie-in-lloret-de-mar-tun-konnen\/lloret-de-mar-bei-tag\/kultur\/lloret-dels-ibers\/"]}]},{"@type":"BreadcrumbList","@id":"https:\/\/lloretdemar.org\/de\/was-sie-in-lloret-de-mar-tun-konnen\/lloret-de-mar-bei-tag\/kultur\/lloret-dels-ibers\/#breadcrumb","itemListElement":[{"@type":"ListItem","position":1,"name":"Home","item":"https:\/\/lloretdemar.org\/de\/"},{"@type":"ListItem","position":2,"name":"Was Sie in Lloret de Mar tun k\u00f6nnen","item":"https:\/\/lloretdemar.org\/de\/was-sie-in-lloret-de-mar-tun-konnen\/"},{"@type":"ListItem","position":3,"name":"Lloret de Mar bei Tag","item":"https:\/\/lloretdemar.org\/de\/was-sie-in-lloret-de-mar-tun-konnen\/lloret-de-mar-bei-tag\/"},{"@type":"ListItem","position":4,"name":"Kultur","item":"https:\/\/lloretdemar.org\/de\/was-sie-in-lloret-de-mar-tun-konnen\/lloret-de-mar-bei-tag\/kultur\/"},{"@type":"ListItem","position":5,"name":"Lloret dels Ibers"}]},{"@type":"WebSite","@id":"https:\/\/lloretdemar.org\/de\/#website","url":"https:\/\/lloretdemar.org\/de\/","name":"Lloret de Mar","description":"","publisher":{"@id":"https:\/\/lloretdemar.org\/de\/#organization"},"potentialAction":[{"@type":"SearchAction","target":{"@type":"EntryPoint","urlTemplate":"https:\/\/lloretdemar.org\/de\/?s={search_term_string}"},"query-input":{"@type":"PropertyValueSpecification","valueRequired":true,"valueName":"search_term_string"}}],"inLanguage":"de"},{"@type":"Organization","@id":"https:\/\/lloretdemar.org\/de\/#organization","name":"Lloret de Mar","url":"https:\/\/lloretdemar.org\/de\/","logo":{"@type":"ImageObject","inLanguage":"de","@id":"https:\/\/lloretdemar.org\/de\/#\/schema\/logo\/image\/","url":"https:\/\/lloretdemar.org\/wp-content\/uploads\/2020\/05\/lloret-de-mar-logo.png","contentUrl":"https:\/\/lloretdemar.org\/wp-content\/uploads\/2020\/05\/lloret-de-mar-logo.png","width":87,"height":38,"caption":"Lloret de Mar"},"image":{"@id":"https:\/\/lloretdemar.org\/de\/#\/schema\/logo\/image\/"},"sameAs":["https:\/\/www.facebook.com\/Lloretturisme","https:\/\/x.com\/lloretturisme","https:\/\/instagram.com\/lloretturisme","https:\/\/www.youtube.com\/LloretTurisme"]}]}},"_links":{"self":[{"href":"https:\/\/lloretdemar.org\/de\/wp-json\/wp\/v2\/pages\/14094","targetHints":{"allow":["GET"]}}],"collection":[{"href":"https:\/\/lloretdemar.org\/de\/wp-json\/wp\/v2\/pages"}],"about":[{"href":"https:\/\/lloretdemar.org\/de\/wp-json\/wp\/v2\/types\/page"}],"author":[{"embeddable":true,"href":"https:\/\/lloretdemar.org\/de\/wp-json\/wp\/v2\/users\/12"}],"replies":[{"embeddable":true,"href":"https:\/\/lloretdemar.org\/de\/wp-json\/wp\/v2\/comments?post=14094"}],"version-history":[{"count":2,"href":"https:\/\/lloretdemar.org\/de\/wp-json\/wp\/v2\/pages\/14094\/revisions"}],"predecessor-version":[{"id":30521,"href":"https:\/\/lloretdemar.org\/de\/wp-json\/wp\/v2\/pages\/14094\/revisions\/30521"}],"up":[{"embeddable":true,"href":"https:\/\/lloretdemar.org\/de\/wp-json\/wp\/v2\/pages\/13881"}],"wp:attachment":[{"href":"https:\/\/lloretdemar.org\/de\/wp-json\/wp\/v2\/media?parent=14094"}],"curies":[{"name":"wp","href":"https:\/\/api.w.org\/{rel}","templated":true}]}}