{"id":13881,"date":"2019-12-30T17:02:14","date_gmt":"2019-12-30T16:02:14","guid":{"rendered":"http:\/\/lloretdemar.org\/lloret-de-mar-de-dia\/cultura\/"},"modified":"2022-09-23T09:06:11","modified_gmt":"2022-09-23T07:06:11","slug":"kultur","status":"publish","type":"page","link":"https:\/\/lloretdemar.org\/de\/was-sie-in-lloret-de-mar-tun-konnen\/lloret-de-mar-bei-tag\/kultur\/","title":{"rendered":"Kultur"},"content":{"rendered":"","protected":false},"excerpt":{"rendered":"","protected":false},"author":12,"featured_media":0,"parent":13096,"menu_order":0,"comment_status":"closed","ping_status":"closed","template":"page-templates\/imprescindibles-4.php","meta":{"_acf_changed":false,"content-type":"","footnotes":""},"class_list":["post-13881","page","type-page","status-publish","hentry"],"acf":{"banner_imatge":13882,"banner_titol":"Kultur","banner_subtitol":"","botons_blanc_o_negres":"defecte","banner_links":[{"es_post":true,"banner_link":{"title":"Consulta Heritage","url":"http:\/\/lloretdemar.org\/wp-content\/uploads\/2020\/01\/heritage-ca.pdf","target":""},"link_intern":14659,"link_intern_titol":"MOLL-Museum"},{"es_post":true,"banner_link":{"title":"MOLL: Museu Obert de Lloret","url":"http:\/\/lloretdemar.org\/que-fer-a-lloret\/cultura\/moll-museu-obert-de-lloret\/","target":""},"link_intern":14094,"link_intern_titol":"Das iberische Lloret"},{"es_post":true,"banner_link":{"title":"Lloret dels Ibers","url":"http:\/\/lloretdemar.org\/lloret-dels-ibers\/","target":""},"link_intern":14339,"link_intern_titol":"Kapellen und Kirchen"},{"es_post":true,"banner_link":{"title":"Ermites i esgl\u00e9sies","url":"http:\/\/lloretdemar.org\/ermites-i-esglesies\/","target":""},"link_intern":16209,"link_intern_titol":"G\u00e4rten von Santa Clotilde"},{"es_post":true,"banner_link":{"title":"Jardins de Santa Clotilde","url":"http:\/\/lloretdemar.org\/cultura\/jardins-de-santa-clotilde\/","target":""},"link_intern":13970,"link_intern_titol":"Das Lloret der \u201eIndianos\u201c"},{"es_post":true,"banner_link":{"title":"Lloret dels Indians","url":"http:\/\/lloretdemar.org\/lloret-dels-indians\/","target":""},"link_intern":14109,"link_intern_titol":"Das marine Lloret"},{"es_post":true,"banner_link":{"title":"Lloret Mariner","url":"http:\/\/lloretdemar.org\/lloret-mariner\/","target":""},"link_intern":14587,"link_intern_titol":"Moderne"},{"es_post":true,"banner_link":{"title":"Modernisme","url":"http:\/\/lloretdemar.org\/modernisme\/","target":""},"link_intern":14579,"link_intern_titol":"Museen"},{"es_post":true,"banner_link":{"title":"Museus","url":"http:\/\/lloretdemar.org\/museus\/","target":""},"link_intern":14350,"link_intern_titol":"Aussichtspunkte "},{"es_post":true,"banner_link":{"title":"Miradors","url":"http:\/\/lloretdemar.org\/miradors\/","target":""},"link_intern":14568,"link_intern_titol":"Sehensw\u00fcrdigkeiten"},{"es_post":true,"banner_link":null,"link_intern":16298,"link_intern_titol":"Lloret de Mar Vila Florida"},{"es_post":true,"banner_link":null,"link_intern":16303,"link_intern_titol":"Die Altstadt"}],"apartats":[{"acf_fc_layout":"grid","titol":"Kultur","subtitol":"Lloret de Mar ist eine Art offenes Museum, das Ihnen die Geschichte und Kultur der Stadt bei einem Spaziergang durch die Stra\u00dfen und Gassen offenbart. Erkunden Sie die Stadt und tauchen Sie ein in die Vergangenheit von Lloret de Mar ein, um mehr \u00fcber die Geschichte, die Kultur und die Bewohner der K\u00fcstenstadt zu erfahren. Besuchen Sie das Kulturerbe von Lloret und erleben Sie es hautnah mit.","grid":[{"titol":"MOLL: Offenes Museum Lloret","imatge":13890,"link_intern_o_extern":"intern","link_intern":14659,"link_extern":null},{"titol":"Das iberische Lloret","imatge":13893,"link_intern_o_extern":"intern","link_intern":14094,"link_extern":null},{"titol":"Kapellen und Kirchen","imatge":13888,"link_intern_o_extern":"intern","link_intern":14339,"link_extern":null},{"titol":"G\u00e4rten von Santa Clotilde","imatge":13891,"link_intern_o_extern":"intern","link_intern":16209,"link_extern":null},{"titol":"Das Lloret der \u201eIndianos\u201c","imatge":13896,"link_intern_o_extern":"intern","link_intern":13970,"link_extern":null},{"titol":"Das marine Lloret","imatge":13895,"link_intern_o_extern":"intern","link_intern":14109,"link_extern":null},{"titol":"Moderne","imatge":13889,"link_intern_o_extern":"intern","link_intern":14587,"link_extern":null},{"titol":"Museen","imatge":13894,"link_intern_o_extern":"intern","link_intern":14579,"link_extern":null},{"titol":"Aussichtspunkte","imatge":13897,"link_intern_o_extern":"intern","link_intern":14350,"link_extern":null},{"titol":"Sehensw\u00fcrdigkeiten","imatge":13892,"link_intern_o_extern":"intern","link_intern":14568,"link_extern":null},{"titol":"Lloret de Mar Vila Florida","imatge":10081,"link_intern_o_extern":"intern","link_intern":16298,"link_extern":null}]},{"acf_fc_layout":"bloc_amplada_completa","amb_marges":false,"html_js":"<div  style=\"width:92%; height:80vh; display:inline-block; margin-left:4%; margin-bottom:25px; border: 1px solid #fd5151\">\r\n<div \r\n\t\tid=\"bWidgetMap\"\r\n\t\tintegration=\"segment\"\r\n\t\tparenturiprefix=\"bwidget:\"\r\n\t\tembedurl=\"https:\/\/maps.lloretdemar.org\"\r\n\t\tembedmainuri=\"\/de\/kulturelles-lloret\"\r\n\t\tonFocus=\"\"\r\n\t\tonFocusOut=\"\"\r\n                btnColor='#fd5151'\r\n                showButtons = \"true\"\r\n                viewMapText = \"SIEHE KULTURKARTE\"\r\n               >\r\n<\/div>\r\n<script type=\"text\/javascript\" src=\"https:\/\/maps.lloretdemar.org\/embed.js\"><\/script>\r\n<\/div>"}]},"yoast_head":"<!-- This site is optimized with the Yoast SEO plugin v27.5 - https:\/\/yoast.com\/product\/yoast-seo-wordpress\/ -->\n<title>Kultur - Lloret de Mar<\/title>\n<meta name=\"robots\" content=\"index, follow, max-snippet:-1, max-image-preview:large, max-video-preview:-1\" \/>\n<link rel=\"canonical\" href=\"https:\/\/lloretdemar.org\/de\/was-sie-in-lloret-de-mar-tun-konnen\/lloret-de-mar-bei-tag\/kultur\/\" \/>\n<meta property=\"og:locale\" content=\"de_DE\" \/>\n<meta property=\"og:type\" content=\"article\" \/>\n<meta property=\"og:title\" content=\"Kultur - Lloret de Mar\" \/>\n<meta property=\"og:url\" content=\"https:\/\/lloretdemar.org\/de\/was-sie-in-lloret-de-mar-tun-konnen\/lloret-de-mar-bei-tag\/kultur\/\" \/>\n<meta property=\"og:site_name\" content=\"Lloret de Mar\" \/>\n<meta property=\"article:publisher\" content=\"https:\/\/www.facebook.com\/Lloretturisme\" \/>\n<meta property=\"article:modified_time\" content=\"2022-09-23T07:06:11+00:00\" \/>\n<meta property=\"og:image\" content=\"https:\/\/lloretdemar.org\/wp-content\/uploads\/2019\/12\/cultura1.png\" \/>\n\t<meta property=\"og:image:width\" content=\"1920\" \/>\n\t<meta property=\"og:image:height\" content=\"885\" \/>\n\t<meta property=\"og:image:type\" content=\"image\/jpeg\" \/>\n<meta name=\"twitter:card\" content=\"summary_large_image\" \/>\n<meta name=\"twitter:site\" content=\"@lloretturisme\" \/>\n<script type=\"application\/ld+json\" class=\"yoast-schema-graph\">{\"@context\":\"https:\\\/\\\/schema.org\",\"@graph\":[{\"@type\":\"WebPage\",\"@id\":\"https:\\\/\\\/lloretdemar.org\\\/de\\\/was-sie-in-lloret-de-mar-tun-konnen\\\/lloret-de-mar-bei-tag\\\/kultur\\\/\",\"url\":\"https:\\\/\\\/lloretdemar.org\\\/de\\\/was-sie-in-lloret-de-mar-tun-konnen\\\/lloret-de-mar-bei-tag\\\/kultur\\\/\",\"name\":\"Kultur - Lloret de Mar\",\"isPartOf\":{\"@id\":\"https:\\\/\\\/lloretdemar.org\\\/de\\\/#website\"},\"datePublished\":\"2019-12-30T16:02:14+00:00\",\"dateModified\":\"2022-09-23T07:06:11+00:00\",\"description\":\"Lloret de Mar\",\"breadcrumb\":{\"@id\":\"https:\\\/\\\/lloretdemar.org\\\/de\\\/was-sie-in-lloret-de-mar-tun-konnen\\\/lloret-de-mar-bei-tag\\\/kultur\\\/#breadcrumb\"},\"inLanguage\":\"de\",\"potentialAction\":[{\"@type\":\"ReadAction\",\"target\":[\"https:\\\/\\\/lloretdemar.org\\\/de\\\/was-sie-in-lloret-de-mar-tun-konnen\\\/lloret-de-mar-bei-tag\\\/kultur\\\/\"]}]},{\"@type\":\"BreadcrumbList\",\"@id\":\"https:\\\/\\\/lloretdemar.org\\\/de\\\/was-sie-in-lloret-de-mar-tun-konnen\\\/lloret-de-mar-bei-tag\\\/kultur\\\/#breadcrumb\",\"itemListElement\":[{\"@type\":\"ListItem\",\"position\":1,\"name\":\"Home\",\"item\":\"https:\\\/\\\/lloretdemar.org\\\/de\\\/\"},{\"@type\":\"ListItem\",\"position\":2,\"name\":\"Was Sie in Lloret de Mar tun k\u00f6nnen\",\"item\":\"https:\\\/\\\/lloretdemar.org\\\/de\\\/was-sie-in-lloret-de-mar-tun-konnen\\\/\"},{\"@type\":\"ListItem\",\"position\":3,\"name\":\"Lloret de Mar bei Tag\",\"item\":\"https:\\\/\\\/lloretdemar.org\\\/de\\\/was-sie-in-lloret-de-mar-tun-konnen\\\/lloret-de-mar-bei-tag\\\/\"},{\"@type\":\"ListItem\",\"position\":4,\"name\":\"Kultur\"}]},{\"@type\":\"WebSite\",\"@id\":\"https:\\\/\\\/lloretdemar.org\\\/de\\\/#website\",\"url\":\"https:\\\/\\\/lloretdemar.org\\\/de\\\/\",\"name\":\"Lloret de Mar\",\"description\":\"\",\"publisher\":{\"@id\":\"https:\\\/\\\/lloretdemar.org\\\/de\\\/#organization\"},\"potentialAction\":[{\"@type\":\"SearchAction\",\"target\":{\"@type\":\"EntryPoint\",\"urlTemplate\":\"https:\\\/\\\/lloretdemar.org\\\/de\\\/?s={search_term_string}\"},\"query-input\":{\"@type\":\"PropertyValueSpecification\",\"valueRequired\":true,\"valueName\":\"search_term_string\"}}],\"inLanguage\":\"de\"},{\"@type\":\"Organization\",\"@id\":\"https:\\\/\\\/lloretdemar.org\\\/de\\\/#organization\",\"name\":\"Lloret de Mar\",\"url\":\"https:\\\/\\\/lloretdemar.org\\\/de\\\/\",\"logo\":{\"@type\":\"ImageObject\",\"inLanguage\":\"de\",\"@id\":\"https:\\\/\\\/lloretdemar.org\\\/de\\\/#\\\/schema\\\/logo\\\/image\\\/\",\"url\":\"https:\\\/\\\/lloretdemar.org\\\/wp-content\\\/uploads\\\/2020\\\/05\\\/lloret-de-mar-logo.png\",\"contentUrl\":\"https:\\\/\\\/lloretdemar.org\\\/wp-content\\\/uploads\\\/2020\\\/05\\\/lloret-de-mar-logo.png\",\"width\":87,\"height\":38,\"caption\":\"Lloret de Mar\"},\"image\":{\"@id\":\"https:\\\/\\\/lloretdemar.org\\\/de\\\/#\\\/schema\\\/logo\\\/image\\\/\"},\"sameAs\":[\"https:\\\/\\\/www.facebook.com\\\/Lloretturisme\",\"https:\\\/\\\/x.com\\\/lloretturisme\",\"https:\\\/\\\/instagram.com\\\/lloretturisme\",\"https:\\\/\\\/www.youtube.com\\\/LloretTurisme\"]}]}<\/script>\n<!-- \/ Yoast SEO plugin. -->","yoast_head_json":{"title":"Kultur - Lloret de Mar","robots":{"index":"index","follow":"follow","max-snippet":"max-snippet:-1","max-image-preview":"max-image-preview:large","max-video-preview":"max-video-preview:-1"},"canonical":"https:\/\/lloretdemar.org\/de\/was-sie-in-lloret-de-mar-tun-konnen\/lloret-de-mar-bei-tag\/kultur\/","og_locale":"de_DE","og_type":"article","og_title":"Kultur - Lloret de Mar","og_url":"https:\/\/lloretdemar.org\/de\/was-sie-in-lloret-de-mar-tun-konnen\/lloret-de-mar-bei-tag\/kultur\/","og_site_name":"Lloret de Mar","article_publisher":"https:\/\/www.facebook.com\/Lloretturisme","article_modified_time":"2022-09-23T07:06:11+00:00","og_image":[{"width":1920,"height":885,"url":"https:\/\/lloretdemar.org\/wp-content\/uploads\/2019\/12\/cultura1.png","type":"image\/jpeg"}],"twitter_card":"summary_large_image","twitter_site":"@lloretturisme","schema":{"@context":"https:\/\/schema.org","@graph":[{"@type":"WebPage","@id":"https:\/\/lloretdemar.org\/de\/was-sie-in-lloret-de-mar-tun-konnen\/lloret-de-mar-bei-tag\/kultur\/","url":"https:\/\/lloretdemar.org\/de\/was-sie-in-lloret-de-mar-tun-konnen\/lloret-de-mar-bei-tag\/kultur\/","name":"Kultur - Lloret de Mar","isPartOf":{"@id":"https:\/\/lloretdemar.org\/de\/#website"},"datePublished":"2019-12-30T16:02:14+00:00","dateModified":"2022-09-23T07:06:11+00:00","description":"Lloret de Mar","breadcrumb":{"@id":"https:\/\/lloretdemar.org\/de\/was-sie-in-lloret-de-mar-tun-konnen\/lloret-de-mar-bei-tag\/kultur\/#breadcrumb"},"inLanguage":"de","potentialAction":[{"@type":"ReadAction","target":["https:\/\/lloretdemar.org\/de\/was-sie-in-lloret-de-mar-tun-konnen\/lloret-de-mar-bei-tag\/kultur\/"]}]},{"@type":"BreadcrumbList","@id":"https:\/\/lloretdemar.org\/de\/was-sie-in-lloret-de-mar-tun-konnen\/lloret-de-mar-bei-tag\/kultur\/#breadcrumb","itemListElement":[{"@type":"ListItem","position":1,"name":"Home","item":"https:\/\/lloretdemar.org\/de\/"},{"@type":"ListItem","position":2,"name":"Was Sie in Lloret de Mar tun k\u00f6nnen","item":"https:\/\/lloretdemar.org\/de\/was-sie-in-lloret-de-mar-tun-konnen\/"},{"@type":"ListItem","position":3,"name":"Lloret de Mar bei Tag","item":"https:\/\/lloretdemar.org\/de\/was-sie-in-lloret-de-mar-tun-konnen\/lloret-de-mar-bei-tag\/"},{"@type":"ListItem","position":4,"name":"Kultur"}]},{"@type":"WebSite","@id":"https:\/\/lloretdemar.org\/de\/#website","url":"https:\/\/lloretdemar.org\/de\/","name":"Lloret de Mar","description":"","publisher":{"@id":"https:\/\/lloretdemar.org\/de\/#organization"},"potentialAction":[{"@type":"SearchAction","target":{"@type":"EntryPoint","urlTemplate":"https:\/\/lloretdemar.org\/de\/?s={search_term_string}"},"query-input":{"@type":"PropertyValueSpecification","valueRequired":true,"valueName":"search_term_string"}}],"inLanguage":"de"},{"@type":"Organization","@id":"https:\/\/lloretdemar.org\/de\/#organization","name":"Lloret de Mar","url":"https:\/\/lloretdemar.org\/de\/","logo":{"@type":"ImageObject","inLanguage":"de","@id":"https:\/\/lloretdemar.org\/de\/#\/schema\/logo\/image\/","url":"https:\/\/lloretdemar.org\/wp-content\/uploads\/2020\/05\/lloret-de-mar-logo.png","contentUrl":"https:\/\/lloretdemar.org\/wp-content\/uploads\/2020\/05\/lloret-de-mar-logo.png","width":87,"height":38,"caption":"Lloret de Mar"},"image":{"@id":"https:\/\/lloretdemar.org\/de\/#\/schema\/logo\/image\/"},"sameAs":["https:\/\/www.facebook.com\/Lloretturisme","https:\/\/x.com\/lloretturisme","https:\/\/instagram.com\/lloretturisme","https:\/\/www.youtube.com\/LloretTurisme"]}]}},"_links":{"self":[{"href":"https:\/\/lloretdemar.org\/de\/wp-json\/wp\/v2\/pages\/13881","targetHints":{"allow":["GET"]}}],"collection":[{"href":"https:\/\/lloretdemar.org\/de\/wp-json\/wp\/v2\/pages"}],"about":[{"href":"https:\/\/lloretdemar.org\/de\/wp-json\/wp\/v2\/types\/page"}],"author":[{"embeddable":true,"href":"https:\/\/lloretdemar.org\/de\/wp-json\/wp\/v2\/users\/12"}],"replies":[{"embeddable":true,"href":"https:\/\/lloretdemar.org\/de\/wp-json\/wp\/v2\/comments?post=13881"}],"version-history":[{"count":3,"href":"https:\/\/lloretdemar.org\/de\/wp-json\/wp\/v2\/pages\/13881\/revisions"}],"predecessor-version":[{"id":30914,"href":"https:\/\/lloretdemar.org\/de\/wp-json\/wp\/v2\/pages\/13881\/revisions\/30914"}],"up":[{"embeddable":true,"href":"https:\/\/lloretdemar.org\/de\/wp-json\/wp\/v2\/pages\/13096"}],"wp:attachment":[{"href":"https:\/\/lloretdemar.org\/de\/wp-json\/wp\/v2\/media?parent=13881"}],"curies":[{"name":"wp","href":"https:\/\/api.w.org\/{rel}","templated":true}]}}