{"id":13816,"date":"2019-05-28T17:11:14","date_gmt":"2019-05-28T15:11:14","guid":{"rendered":"http:\/\/lloretdemar.org\/sobre-lloret-de-mar\/lloret-hub\/"},"modified":"2020-05-21T11:53:45","modified_gmt":"2020-05-21T09:53:45","slug":"lloret-de-mar-ihr-ausgangspunkt","status":"publish","type":"page","link":"https:\/\/lloretdemar.org\/de\/lernen-sie-lloret-de-mar-kennen\/lloret-de-mar-ihr-ausgangspunkt\/","title":{"rendered":"Lloret de Mar \u2013 Ihr Ausgangspunkt"},"content":{"rendered":"","protected":false},"excerpt":{"rendered":"","protected":false},"author":12,"featured_media":0,"parent":10903,"menu_order":0,"comment_status":"closed","ping_status":"closed","template":"page-templates\/hub-12.php","meta":{"_acf_changed":false,"content-type":"","footnotes":""},"class_list":["post-13816","page","type-page","status-publish","hentry"],"acf":{"banner_imatge":13817,"banner_titol":"Lloret de Mar \u2013 Ihr Ausgangspunkt","banner_subtitol":"","botons_blanc_o_negres":"defecte","banner_links":[{"es_post":false,"banner_link":{"title":"Gerona und befestigte D\u00f6rfer","url":"http:\/\/lloretdemar.org\/de\/sobre-lloret-de-mar\/lloret-hub\/girona-i-pobles-fortificats\/","target":""},"link_intern":null,"link_intern_titol":""},{"es_post":false,"banner_link":{"title":"Fischerorte und mittelalterliche D\u00f6rfer","url":"http:\/\/lloretdemar.org\/de\/sobre-lloret-de-mar\/lloret-hub\/pobles-mariners-i-medievals\/","target":""},"link_intern":null,"link_intern_titol":""},{"es_post":false,"banner_link":{"title":"D\u00f6rfer mit Burgen, Kl\u00f6stern und Naturparks","url":"http:\/\/lloretdemar.org\/de\/sobre-lloret-de-mar\/lloret-hub\/pobles-de-castells-monestirs-i-parcs-naturals\/","target":""},"link_intern":null,"link_intern_titol":""},{"es_post":false,"banner_link":{"title":"D\u00f6rfer im Vulkangebiet und in den T\u00e4lern von Garrotxa","url":"http:\/\/lloretdemar.org\/de\/sobre-lloret-de-mar\/lloret-hub\/pobles-de-la-zona-volcanica-i-les-valls\/","target":""},"link_intern":null,"link_intern_titol":""},{"es_post":false,"banner_link":{"title":"D\u00f6rfer von Dal\u00ed","url":"http:\/\/lloretdemar.org\/de\/sobre-lloret-de-mar\/lloret-hub\/pobles-de-dali\/","target":""},"link_intern":null,"link_intern_titol":""}],"apartats":null,"blocs_pobles":[{"titol":"Gerona und befestigte Siedlungen","subtitol":"Rundfahrt von 130 km. Wir beginnen die Rundfahrt in der Nachbarstadt Blanes und fahren weiter durch Landwirtschafts- und Handwerkersiedlungen bis nach Gerona, wo wir die Altstadt und das wichtige Judenviertel entdecken k\u00f6nnen, die sich um die Kathedrale herum befinden.","defecte":509,"pobles":[{"poble":536},{"poble":537},{"poble":538},{"poble":539},{"poble":540},{"poble":541},{"poble":542},{"poble":543},{"poble":544},{"poble":546},{"poble":545}]},{"titol":"Fischerorte und mittelalterliche D\u00f6rfer\r\n","subtitol":"Rundfahrt von 193 km. Wir besuchen die kleinen Fischerd\u00f6rfer, die so typisch f\u00fcr die Costa Brava sind, und andere mittelalterliche Ortschaften, die nur so vor Charakter, Geschichte und Authentizit\u00e4t strotzen.","defecte":1364,"pobles":[{"poble":1218},{"poble":469},{"poble":1219},{"poble":1220},{"poble":464},{"poble":1222},{"poble":470},{"poble":1223},{"poble":471},{"poble":1224},{"poble":472},{"poble":1225},{"poble":1226}]},{"titol":"D\u00f6rfer mit Burgen, Kl\u00f6stern und Naturparks","subtitol":"Rundfahrt von 273 km. Unser Halt im beeindruckenden Kloster des Sant Pere de Rodes ist ein Muss. Danach besuchen wir die Ruinen von Emp\u00faries.","defecte":1367,"pobles":[{"poble":488},{"poble":478},{"poble":1228},{"poble":1229},{"poble":1230},{"poble":1231}]},{"titol":"D\u00f6rfer im Vulkangebiet und die T\u00e4ler von Garrotxa","subtitol":"Rundfahrt von 210 km. Wir beginnen an einem der gr\u00f6\u00dften Seen der Halbinsel, damit wir uns sp\u00e4ter auf den Weg in das Vulkangebiet von Garrotxa und die herrliche Landschaft des Waldgebiets Fageda d\u2019en Jord\u00e0 machen k\u00f6nnen.","defecte":1370,"pobles":[{"poble":1232},{"poble":466},{"poble":385},{"poble":480},{"poble":1233},{"poble":468},{"poble":1234},{"poble":1235}]},{"titol":"D\u00f6rfer von Dal\u00ed","subtitol":"Rundfahrt von 219 km, angelehnt an den K\u00fcnstler Dal\u00ed. Wir besuchen das Theater-Museum Dal\u00ed und das Dorf des Malers, spazieren durch den Naturpark von Cap de Creus und entdecken herrliche Winkel und Buchten der Region.","defecte":1373,"pobles":[{"poble":488},{"poble":486},{"poble":485},{"poble":1237},{"poble":1238}]}],"banner_mapa_imatges":[27348,27351,27354],"banner_mapa_titol":"5 Routen ab Lloret de Mar, auf denen Sie unsere Umgebung entdecken k\u00f6nnen  ","banner_mapa_link":{"title":"Laden Sie sich","url":"http:\/\/lloretdemar.org\/wp-content\/uploads\/2019\/12\/mapa-hub.pdf","target":"_blank"}},"yoast_head":"<!-- This site is optimized with the Yoast SEO plugin v27.5 - https:\/\/yoast.com\/product\/yoast-seo-wordpress\/ -->\n<title>Lloret de Mar \u2013 Ihr Ausgangspunkt - Lloret de Mar<\/title>\n<meta name=\"robots\" content=\"index, follow, max-snippet:-1, max-image-preview:large, max-video-preview:-1\" \/>\n<link rel=\"canonical\" href=\"https:\/\/lloretdemar.org\/de\/lernen-sie-lloret-de-mar-kennen\/lloret-de-mar-ihr-ausgangspunkt\/\" \/>\n<meta property=\"og:locale\" content=\"de_DE\" \/>\n<meta property=\"og:type\" content=\"article\" \/>\n<meta property=\"og:title\" content=\"Lloret de Mar \u2013 Ihr Ausgangspunkt - Lloret de Mar\" \/>\n<meta property=\"og:url\" content=\"https:\/\/lloretdemar.org\/de\/lernen-sie-lloret-de-mar-kennen\/lloret-de-mar-ihr-ausgangspunkt\/\" \/>\n<meta property=\"og:site_name\" content=\"Lloret de Mar\" \/>\n<meta property=\"article:publisher\" content=\"https:\/\/www.facebook.com\/Lloretturisme\" \/>\n<meta property=\"article:modified_time\" content=\"2020-05-21T09:53:45+00:00\" \/>\n<meta property=\"og:image\" content=\"https:\/\/lloretdemar.org\/wp-content\/uploads\/2019\/05\/home_page_8.jpg\" \/>\n\t<meta property=\"og:image:width\" content=\"1920\" \/>\n\t<meta property=\"og:image:height\" content=\"885\" \/>\n\t<meta property=\"og:image:type\" content=\"image\/jpeg\" \/>\n<meta name=\"twitter:card\" content=\"summary_large_image\" \/>\n<meta name=\"twitter:site\" content=\"@lloretturisme\" \/>\n<script type=\"application\/ld+json\" class=\"yoast-schema-graph\">{\"@context\":\"https:\\\/\\\/schema.org\",\"@graph\":[{\"@type\":\"WebPage\",\"@id\":\"https:\\\/\\\/lloretdemar.org\\\/de\\\/lernen-sie-lloret-de-mar-kennen\\\/lloret-de-mar-ihr-ausgangspunkt\\\/\",\"url\":\"https:\\\/\\\/lloretdemar.org\\\/de\\\/lernen-sie-lloret-de-mar-kennen\\\/lloret-de-mar-ihr-ausgangspunkt\\\/\",\"name\":\"Lloret de Mar \u2013 Ihr Ausgangspunkt - Lloret de Mar\",\"isPartOf\":{\"@id\":\"https:\\\/\\\/lloretdemar.org\\\/de\\\/#website\"},\"datePublished\":\"2019-05-28T15:11:14+00:00\",\"dateModified\":\"2020-05-21T09:53:45+00:00\",\"description\":\"Lloret de Mar\",\"breadcrumb\":{\"@id\":\"https:\\\/\\\/lloretdemar.org\\\/de\\\/lernen-sie-lloret-de-mar-kennen\\\/lloret-de-mar-ihr-ausgangspunkt\\\/#breadcrumb\"},\"inLanguage\":\"de\",\"potentialAction\":[{\"@type\":\"ReadAction\",\"target\":[\"https:\\\/\\\/lloretdemar.org\\\/de\\\/lernen-sie-lloret-de-mar-kennen\\\/lloret-de-mar-ihr-ausgangspunkt\\\/\"]}]},{\"@type\":\"BreadcrumbList\",\"@id\":\"https:\\\/\\\/lloretdemar.org\\\/de\\\/lernen-sie-lloret-de-mar-kennen\\\/lloret-de-mar-ihr-ausgangspunkt\\\/#breadcrumb\",\"itemListElement\":[{\"@type\":\"ListItem\",\"position\":1,\"name\":\"Home\",\"item\":\"https:\\\/\\\/lloretdemar.org\\\/de\\\/\"},{\"@type\":\"ListItem\",\"position\":2,\"name\":\"Lernen Sie Lloret de Mar kennen\",\"item\":\"https:\\\/\\\/lloretdemar.org\\\/de\\\/lernen-sie-lloret-de-mar-kennen\\\/\"},{\"@type\":\"ListItem\",\"position\":3,\"name\":\"Lloret de Mar \u2013 Ihr Ausgangspunkt\"}]},{\"@type\":\"WebSite\",\"@id\":\"https:\\\/\\\/lloretdemar.org\\\/de\\\/#website\",\"url\":\"https:\\\/\\\/lloretdemar.org\\\/de\\\/\",\"name\":\"Lloret de Mar\",\"description\":\"\",\"publisher\":{\"@id\":\"https:\\\/\\\/lloretdemar.org\\\/de\\\/#organization\"},\"potentialAction\":[{\"@type\":\"SearchAction\",\"target\":{\"@type\":\"EntryPoint\",\"urlTemplate\":\"https:\\\/\\\/lloretdemar.org\\\/de\\\/?s={search_term_string}\"},\"query-input\":{\"@type\":\"PropertyValueSpecification\",\"valueRequired\":true,\"valueName\":\"search_term_string\"}}],\"inLanguage\":\"de\"},{\"@type\":\"Organization\",\"@id\":\"https:\\\/\\\/lloretdemar.org\\\/de\\\/#organization\",\"name\":\"Lloret de Mar\",\"url\":\"https:\\\/\\\/lloretdemar.org\\\/de\\\/\",\"logo\":{\"@type\":\"ImageObject\",\"inLanguage\":\"de\",\"@id\":\"https:\\\/\\\/lloretdemar.org\\\/de\\\/#\\\/schema\\\/logo\\\/image\\\/\",\"url\":\"https:\\\/\\\/lloretdemar.org\\\/wp-content\\\/uploads\\\/2020\\\/05\\\/lloret-de-mar-logo.png\",\"contentUrl\":\"https:\\\/\\\/lloretdemar.org\\\/wp-content\\\/uploads\\\/2020\\\/05\\\/lloret-de-mar-logo.png\",\"width\":87,\"height\":38,\"caption\":\"Lloret de Mar\"},\"image\":{\"@id\":\"https:\\\/\\\/lloretdemar.org\\\/de\\\/#\\\/schema\\\/logo\\\/image\\\/\"},\"sameAs\":[\"https:\\\/\\\/www.facebook.com\\\/Lloretturisme\",\"https:\\\/\\\/x.com\\\/lloretturisme\",\"https:\\\/\\\/instagram.com\\\/lloretturisme\",\"https:\\\/\\\/www.youtube.com\\\/LloretTurisme\"]}]}<\/script>\n<!-- \/ Yoast SEO plugin. -->","yoast_head_json":{"title":"Lloret de Mar \u2013 Ihr Ausgangspunkt - Lloret de Mar","robots":{"index":"index","follow":"follow","max-snippet":"max-snippet:-1","max-image-preview":"max-image-preview:large","max-video-preview":"max-video-preview:-1"},"canonical":"https:\/\/lloretdemar.org\/de\/lernen-sie-lloret-de-mar-kennen\/lloret-de-mar-ihr-ausgangspunkt\/","og_locale":"de_DE","og_type":"article","og_title":"Lloret de Mar \u2013 Ihr Ausgangspunkt - Lloret de Mar","og_url":"https:\/\/lloretdemar.org\/de\/lernen-sie-lloret-de-mar-kennen\/lloret-de-mar-ihr-ausgangspunkt\/","og_site_name":"Lloret de Mar","article_publisher":"https:\/\/www.facebook.com\/Lloretturisme","article_modified_time":"2020-05-21T09:53:45+00:00","og_image":[{"width":1920,"height":885,"url":"https:\/\/lloretdemar.org\/wp-content\/uploads\/2019\/05\/home_page_8.jpg","type":"image\/jpeg"}],"twitter_card":"summary_large_image","twitter_site":"@lloretturisme","schema":{"@context":"https:\/\/schema.org","@graph":[{"@type":"WebPage","@id":"https:\/\/lloretdemar.org\/de\/lernen-sie-lloret-de-mar-kennen\/lloret-de-mar-ihr-ausgangspunkt\/","url":"https:\/\/lloretdemar.org\/de\/lernen-sie-lloret-de-mar-kennen\/lloret-de-mar-ihr-ausgangspunkt\/","name":"Lloret de Mar \u2013 Ihr Ausgangspunkt - Lloret de Mar","isPartOf":{"@id":"https:\/\/lloretdemar.org\/de\/#website"},"datePublished":"2019-05-28T15:11:14+00:00","dateModified":"2020-05-21T09:53:45+00:00","description":"Lloret de Mar","breadcrumb":{"@id":"https:\/\/lloretdemar.org\/de\/lernen-sie-lloret-de-mar-kennen\/lloret-de-mar-ihr-ausgangspunkt\/#breadcrumb"},"inLanguage":"de","potentialAction":[{"@type":"ReadAction","target":["https:\/\/lloretdemar.org\/de\/lernen-sie-lloret-de-mar-kennen\/lloret-de-mar-ihr-ausgangspunkt\/"]}]},{"@type":"BreadcrumbList","@id":"https:\/\/lloretdemar.org\/de\/lernen-sie-lloret-de-mar-kennen\/lloret-de-mar-ihr-ausgangspunkt\/#breadcrumb","itemListElement":[{"@type":"ListItem","position":1,"name":"Home","item":"https:\/\/lloretdemar.org\/de\/"},{"@type":"ListItem","position":2,"name":"Lernen Sie Lloret de Mar kennen","item":"https:\/\/lloretdemar.org\/de\/lernen-sie-lloret-de-mar-kennen\/"},{"@type":"ListItem","position":3,"name":"Lloret de Mar \u2013 Ihr Ausgangspunkt"}]},{"@type":"WebSite","@id":"https:\/\/lloretdemar.org\/de\/#website","url":"https:\/\/lloretdemar.org\/de\/","name":"Lloret de Mar","description":"","publisher":{"@id":"https:\/\/lloretdemar.org\/de\/#organization"},"potentialAction":[{"@type":"SearchAction","target":{"@type":"EntryPoint","urlTemplate":"https:\/\/lloretdemar.org\/de\/?s={search_term_string}"},"query-input":{"@type":"PropertyValueSpecification","valueRequired":true,"valueName":"search_term_string"}}],"inLanguage":"de"},{"@type":"Organization","@id":"https:\/\/lloretdemar.org\/de\/#organization","name":"Lloret de Mar","url":"https:\/\/lloretdemar.org\/de\/","logo":{"@type":"ImageObject","inLanguage":"de","@id":"https:\/\/lloretdemar.org\/de\/#\/schema\/logo\/image\/","url":"https:\/\/lloretdemar.org\/wp-content\/uploads\/2020\/05\/lloret-de-mar-logo.png","contentUrl":"https:\/\/lloretdemar.org\/wp-content\/uploads\/2020\/05\/lloret-de-mar-logo.png","width":87,"height":38,"caption":"Lloret de Mar"},"image":{"@id":"https:\/\/lloretdemar.org\/de\/#\/schema\/logo\/image\/"},"sameAs":["https:\/\/www.facebook.com\/Lloretturisme","https:\/\/x.com\/lloretturisme","https:\/\/instagram.com\/lloretturisme","https:\/\/www.youtube.com\/LloretTurisme"]}]}},"_links":{"self":[{"href":"https:\/\/lloretdemar.org\/de\/wp-json\/wp\/v2\/pages\/13816","targetHints":{"allow":["GET"]}}],"collection":[{"href":"https:\/\/lloretdemar.org\/de\/wp-json\/wp\/v2\/pages"}],"about":[{"href":"https:\/\/lloretdemar.org\/de\/wp-json\/wp\/v2\/types\/page"}],"author":[{"embeddable":true,"href":"https:\/\/lloretdemar.org\/de\/wp-json\/wp\/v2\/users\/12"}],"replies":[{"embeddable":true,"href":"https:\/\/lloretdemar.org\/de\/wp-json\/wp\/v2\/comments?post=13816"}],"version-history":[{"count":0,"href":"https:\/\/lloretdemar.org\/de\/wp-json\/wp\/v2\/pages\/13816\/revisions"}],"up":[{"embeddable":true,"href":"https:\/\/lloretdemar.org\/de\/wp-json\/wp\/v2\/pages\/10903"}],"acf:attachment":[{"embeddable":true,"href":"https:\/\/lloretdemar.org\/de\/wp-json\/wp\/v2\/media\/27354"},{"embeddable":true,"href":"https:\/\/lloretdemar.org\/de\/wp-json\/wp\/v2\/media\/27351"},{"embeddable":true,"href":"https:\/\/lloretdemar.org\/de\/wp-json\/wp\/v2\/media\/27348"}],"wp:attachment":[{"href":"https:\/\/lloretdemar.org\/de\/wp-json\/wp\/v2\/media?parent=13816"}],"curies":[{"name":"wp","href":"https:\/\/api.w.org\/{rel}","templated":true}]}}