{"id":13715,"date":"2019-05-28T10:04:23","date_gmt":"2019-05-28T08:04:23","guid":{"rendered":"http:\/\/lloretdemar.org\/planifica-el-teu-viatge\/on-menjar\/"},"modified":"2020-05-21T15:04:45","modified_gmt":"2020-05-21T13:04:45","slug":"zum-essen","status":"publish","type":"page","link":"https:\/\/lloretdemar.org\/de\/planen-sie-ihre-reise\/zum-essen\/","title":{"rendered":"Wo sollen wir essen"},"content":{"rendered":"\n<p> <\/p>\n\n\n\n<p>In Lloret de Mar gibt es ein vielf\u00e4ltiges und gro\u00dfes gastronomisches Angebot, angefangen bei lokalen und mediterranen Gerichten bis hin zu Lokalen mit internationaler K\u00fcche, die Sie in andere Regionen und Kulturen versetzen werden. Eine Welt der Aromen, die es in unserer Stadt zu entdecken gilt.<\/p>\n\n\n\n<p>Aktuell setzt sich Lloret de\nMar daf\u00fcr ein, eine gesunde Gastronomie in den Lokalen der Stadt anzubieten,\ndie auch f\u00fcr Menschen mit Allergien und Unvertr\u00e4glichkeiten geeignet ist. Dies\nsoll durch eine gesunde, nachhaltige und gute K\u00fcche erreicht werden, die durch\neinschl\u00e4gige Zertifizierungen und Akkreditierungen im gastronomischen Bereich\nunterst\u00fctzt wird.<\/p>\n\n\n\n<p><br>\nWenn Sie ein Liebhaber der guten K\u00fcche sind, sollten Sie zwei gastronomische\nVeranstaltungen im Jahr nicht verpassen: die Jornadas Gastron\u00f3micas del Arroz <em>(Gastronomische\nTage des Reises)<\/em> im Mai und die Jornadas Gastron\u00f3micas del Pescado y\nMarisco <em>(Gastronomische Tage des Fisches und der Meeresfr\u00fcchte)<\/em> im\nOktober.<\/p>\n\n\n\n<p>Ein Alleinstellungsmerkmal\nder Stadt, das Sie an keinem anderen Ort finden werden, ist die M\u00f6glichkeit,\ndie K\u00fcche der \u201eIndianos\u201c zu probieren.<\/p>\n\n\n\n<p>W\u00e4hlen Sie Ihr Restaurant\nund genie\u00dfen Sie unsere Gastronomie!<\/p>\n","protected":false},"excerpt":{"rendered":"<p>In Lloret de Mar gibt es ein vielf\u00e4ltiges und gro\u00dfes gastronomisches Angebot, angefangen bei lokalen und mediterranen Gerichten bis hin zu Lokalen mit internationaler K\u00fcche, die Sie in andere Regionen und Kulturen versetzen werden. Eine Welt der Aromen, die es in unserer Stadt zu entdecken gilt. Aktuell setzt sich Lloret de Mar daf\u00fcr ein, eine [&hellip;]<\/p>\n","protected":false},"author":12,"featured_media":0,"parent":13041,"menu_order":0,"comment_status":"closed","ping_status":"closed","template":"page-templates\/directori2-23.php","meta":{"_acf_changed":false,"content-type":"","footnotes":""},"class_list":["post-13715","page","type-page","status-publish","hentry"],"acf":{"banner_imatge":13718,"banner_titol":"Restaurants ","banner_subtitol":"Einige Ideen f\u00fcr einen gelungenen Restaurantbesuch in Lloret de Mar  ","botons_blanc_o_negres":"defecte","banner_links":null,"apartats":null,"categories_titol":"Kategorien","banner_mes_info_text":"W\u00fcnschen Sie weitere Informationen zur Gastronomie? Wir bieten Ihnen mehr M\u00f6glichkeiten!","banner_mes_info_link":{"title":"Weitere Informationen","url":"http:\/\/lloretdemar.org\/que-fer-a-lloret\/lloret-de-mar-de-dia\/gastronomia\/","target":"_blank"},"banner_contacte_text":"Wenn Ihre Einrichtung nicht in unserem Verzeichnis erscheint oder die angegebenen Informationen falsch sind:","banner_contacte_link":{"title":"Kontaktieren Sie uns","url":"http:\/\/lloretdemar.org\/contacte\/","target":""},"banners":[{"text":"Lloret Hub","imatge":10948,"url":"http:\/\/lloretdemar.org\/sobre-lloret-de-mar\/lloret-hub\/","color_fons":""},{"text":"Planen Sie Ihre Reise","imatge":13318,"url":"http:\/\/lloretdemar.org\/planifica-el-teu-viatge\/","color_fons":"#007dbf"}],"script_ipanema":"<!--HubSpot Call-to-Action Code --><span class=\"hs-cta-wrapper\" id=\"hs-cta-wrapper-4666aa19-e8f6-4e9d-8f52-768b7d379d39\"><span class=\"hs-cta-node hs-cta-4666aa19-e8f6-4e9d-8f52-768b7d379d39\" id=\"hs-cta-4666aa19-e8f6-4e9d-8f52-768b7d379d39\"><!--[if lte IE 8]><div id=\"hs-cta-ie-element\"><\/div><![endif]--><a href=\"https:\/\/cta-redirect.hubspot.com\/cta\/redirect\/4468071\/4666aa19-e8f6-4e9d-8f52-768b7d379d39\" ><img class=\"hs-cta-img\" id=\"hs-cta-img-4666aa19-e8f6-4e9d-8f52-768b7d379d39\" style=\"border-width:0px;\" src=\"https:\/\/no-cache.hubspot.com\/cta\/default\/4468071\/4666aa19-e8f6-4e9d-8f52-768b7d379d39.png\" alt=\"M\u00e9s info\"\/><\/a><\/span><script charset=\"utf-8\" src=\"https:\/\/js.hscta.net\/cta\/current.js\"><\/script><script type=\"text\/javascript\"> hbspt.cta.load(4468071, '4666aa19-e8f6-4e9d-8f52-768b7d379d39', {}); <\/script><\/span><!-- end HubSpot Call-to-Action Code -->"},"yoast_head":"<!-- This site is optimized with the Yoast SEO plugin v27.5 - https:\/\/yoast.com\/product\/yoast-seo-wordpress\/ -->\n<title>Wo sollen wir essen - Lloret de Mar<\/title>\n<meta name=\"description\" content=\"In Lloret de Mar gibt es ein vielf\u00e4ltiges und gro\u00dfes gastronomisches Angebot, angefangen bei lokalen und mediterranen Gerichten bis hin zu Lokalen mit internationaler K\u00fcche, die Sie in andere Regionen und Kulturen versetzen werden. Eine Welt der Aromen, die es in unserer Stadt zu entdecken gilt. Aktuell setzt sich Lloret de Mar daf\u00fcr ein, eine&hellip;\" \/>\n<meta name=\"robots\" content=\"index, follow, max-snippet:-1, max-image-preview:large, max-video-preview:-1\" \/>\n<link rel=\"canonical\" href=\"https:\/\/lloretdemar.org\/de\/planen-sie-ihre-reise\/zum-essen\/\" \/>\n<meta property=\"og:locale\" content=\"de_DE\" \/>\n<meta property=\"og:type\" content=\"article\" \/>\n<meta property=\"og:title\" content=\"Wo sollen wir essen - Lloret de Mar\" \/>\n<meta property=\"og:description\" content=\"In Lloret de Mar gibt es ein vielf\u00e4ltiges und gro\u00dfes gastronomisches Angebot, angefangen bei lokalen und mediterranen Gerichten bis hin zu Lokalen mit internationaler K\u00fcche, die Sie in andere Regionen und Kulturen versetzen werden. Eine Welt der Aromen, die es in unserer Stadt zu entdecken gilt. Aktuell setzt sich Lloret de Mar daf\u00fcr ein, eine&hellip;\" \/>\n<meta property=\"og:url\" content=\"https:\/\/lloretdemar.org\/de\/planen-sie-ihre-reise\/zum-essen\/\" \/>\n<meta property=\"og:site_name\" content=\"Lloret de Mar\" \/>\n<meta property=\"article:publisher\" content=\"https:\/\/www.facebook.com\/Lloretturisme\" \/>\n<meta property=\"article:modified_time\" content=\"2020-05-21T13:04:45+00:00\" \/>\n<meta property=\"og:image\" content=\"https:\/\/lloretdemar.org\/wp-content\/uploads\/2020\/02\/slide-on-menjar.jpg\" \/>\n\t<meta property=\"og:image:width\" content=\"1920\" \/>\n\t<meta property=\"og:image:height\" content=\"885\" \/>\n\t<meta property=\"og:image:type\" content=\"image\/jpeg\" \/>\n<meta name=\"twitter:card\" content=\"summary_large_image\" \/>\n<meta name=\"twitter:site\" content=\"@lloretturisme\" \/>\n<meta name=\"twitter:label1\" content=\"Gesch\u00e4tzte Lesezeit\" \/>\n\t<meta name=\"twitter:data1\" content=\"1\u00a0Minute\" \/>\n<script type=\"application\/ld+json\" class=\"yoast-schema-graph\">{\"@context\":\"https:\\\/\\\/schema.org\",\"@graph\":[{\"@type\":\"WebPage\",\"@id\":\"https:\\\/\\\/lloretdemar.org\\\/de\\\/planen-sie-ihre-reise\\\/zum-essen\\\/\",\"url\":\"https:\\\/\\\/lloretdemar.org\\\/de\\\/planen-sie-ihre-reise\\\/zum-essen\\\/\",\"name\":\"Wo sollen wir essen - Lloret de Mar\",\"isPartOf\":{\"@id\":\"https:\\\/\\\/lloretdemar.org\\\/de\\\/#website\"},\"datePublished\":\"2019-05-28T08:04:23+00:00\",\"dateModified\":\"2020-05-21T13:04:45+00:00\",\"description\":\"Lloret de Mar\",\"breadcrumb\":{\"@id\":\"https:\\\/\\\/lloretdemar.org\\\/de\\\/planen-sie-ihre-reise\\\/zum-essen\\\/#breadcrumb\"},\"inLanguage\":\"de\",\"potentialAction\":[{\"@type\":\"ReadAction\",\"target\":[\"https:\\\/\\\/lloretdemar.org\\\/de\\\/planen-sie-ihre-reise\\\/zum-essen\\\/\"]}]},{\"@type\":\"BreadcrumbList\",\"@id\":\"https:\\\/\\\/lloretdemar.org\\\/de\\\/planen-sie-ihre-reise\\\/zum-essen\\\/#breadcrumb\",\"itemListElement\":[{\"@type\":\"ListItem\",\"position\":1,\"name\":\"Home\",\"item\":\"https:\\\/\\\/lloretdemar.org\\\/de\\\/\"},{\"@type\":\"ListItem\",\"position\":2,\"name\":\"Planen Sie Ihre Reise\",\"item\":\"https:\\\/\\\/lloretdemar.org\\\/de\\\/planen-sie-ihre-reise\\\/\"},{\"@type\":\"ListItem\",\"position\":3,\"name\":\"Wo sollen wir essen\"}]},{\"@type\":\"WebSite\",\"@id\":\"https:\\\/\\\/lloretdemar.org\\\/de\\\/#website\",\"url\":\"https:\\\/\\\/lloretdemar.org\\\/de\\\/\",\"name\":\"Lloret de Mar\",\"description\":\"\",\"publisher\":{\"@id\":\"https:\\\/\\\/lloretdemar.org\\\/de\\\/#organization\"},\"potentialAction\":[{\"@type\":\"SearchAction\",\"target\":{\"@type\":\"EntryPoint\",\"urlTemplate\":\"https:\\\/\\\/lloretdemar.org\\\/de\\\/?s={search_term_string}\"},\"query-input\":{\"@type\":\"PropertyValueSpecification\",\"valueRequired\":true,\"valueName\":\"search_term_string\"}}],\"inLanguage\":\"de\"},{\"@type\":\"Organization\",\"@id\":\"https:\\\/\\\/lloretdemar.org\\\/de\\\/#organization\",\"name\":\"Lloret de Mar\",\"url\":\"https:\\\/\\\/lloretdemar.org\\\/de\\\/\",\"logo\":{\"@type\":\"ImageObject\",\"inLanguage\":\"de\",\"@id\":\"https:\\\/\\\/lloretdemar.org\\\/de\\\/#\\\/schema\\\/logo\\\/image\\\/\",\"url\":\"https:\\\/\\\/lloretdemar.org\\\/wp-content\\\/uploads\\\/2020\\\/05\\\/lloret-de-mar-logo.png\",\"contentUrl\":\"https:\\\/\\\/lloretdemar.org\\\/wp-content\\\/uploads\\\/2020\\\/05\\\/lloret-de-mar-logo.png\",\"width\":87,\"height\":38,\"caption\":\"Lloret de Mar\"},\"image\":{\"@id\":\"https:\\\/\\\/lloretdemar.org\\\/de\\\/#\\\/schema\\\/logo\\\/image\\\/\"},\"sameAs\":[\"https:\\\/\\\/www.facebook.com\\\/Lloretturisme\",\"https:\\\/\\\/x.com\\\/lloretturisme\",\"https:\\\/\\\/instagram.com\\\/lloretturisme\",\"https:\\\/\\\/www.youtube.com\\\/LloretTurisme\"]}]}<\/script>\n<!-- \/ Yoast SEO plugin. -->","yoast_head_json":{"title":"Wo sollen wir essen - Lloret de Mar","description":"In Lloret de Mar gibt es ein vielf\u00e4ltiges und gro\u00dfes gastronomisches Angebot, angefangen bei lokalen und mediterranen Gerichten bis hin zu Lokalen mit internationaler K\u00fcche, die Sie in andere Regionen und Kulturen versetzen werden. Eine Welt der Aromen, die es in unserer Stadt zu entdecken gilt. Aktuell setzt sich Lloret de Mar daf\u00fcr ein, eine&hellip;","robots":{"index":"index","follow":"follow","max-snippet":"max-snippet:-1","max-image-preview":"max-image-preview:large","max-video-preview":"max-video-preview:-1"},"canonical":"https:\/\/lloretdemar.org\/de\/planen-sie-ihre-reise\/zum-essen\/","og_locale":"de_DE","og_type":"article","og_title":"Wo sollen wir essen - Lloret de Mar","og_description":"In Lloret de Mar gibt es ein vielf\u00e4ltiges und gro\u00dfes gastronomisches Angebot, angefangen bei lokalen und mediterranen Gerichten bis hin zu Lokalen mit internationaler K\u00fcche, die Sie in andere Regionen und Kulturen versetzen werden. Eine Welt der Aromen, die es in unserer Stadt zu entdecken gilt. Aktuell setzt sich Lloret de Mar daf\u00fcr ein, eine&hellip;","og_url":"https:\/\/lloretdemar.org\/de\/planen-sie-ihre-reise\/zum-essen\/","og_site_name":"Lloret de Mar","article_publisher":"https:\/\/www.facebook.com\/Lloretturisme","article_modified_time":"2020-05-21T13:04:45+00:00","og_image":[{"width":1920,"height":885,"url":"https:\/\/lloretdemar.org\/wp-content\/uploads\/2020\/02\/slide-on-menjar.jpg","type":"image\/jpeg"}],"twitter_card":"summary_large_image","twitter_site":"@lloretturisme","twitter_misc":{"Gesch\u00e4tzte Lesezeit":"1\u00a0Minute"},"schema":{"@context":"https:\/\/schema.org","@graph":[{"@type":"WebPage","@id":"https:\/\/lloretdemar.org\/de\/planen-sie-ihre-reise\/zum-essen\/","url":"https:\/\/lloretdemar.org\/de\/planen-sie-ihre-reise\/zum-essen\/","name":"Wo sollen wir essen - Lloret de Mar","isPartOf":{"@id":"https:\/\/lloretdemar.org\/de\/#website"},"datePublished":"2019-05-28T08:04:23+00:00","dateModified":"2020-05-21T13:04:45+00:00","description":"Lloret de Mar","breadcrumb":{"@id":"https:\/\/lloretdemar.org\/de\/planen-sie-ihre-reise\/zum-essen\/#breadcrumb"},"inLanguage":"de","potentialAction":[{"@type":"ReadAction","target":["https:\/\/lloretdemar.org\/de\/planen-sie-ihre-reise\/zum-essen\/"]}]},{"@type":"BreadcrumbList","@id":"https:\/\/lloretdemar.org\/de\/planen-sie-ihre-reise\/zum-essen\/#breadcrumb","itemListElement":[{"@type":"ListItem","position":1,"name":"Home","item":"https:\/\/lloretdemar.org\/de\/"},{"@type":"ListItem","position":2,"name":"Planen Sie Ihre Reise","item":"https:\/\/lloretdemar.org\/de\/planen-sie-ihre-reise\/"},{"@type":"ListItem","position":3,"name":"Wo sollen wir essen"}]},{"@type":"WebSite","@id":"https:\/\/lloretdemar.org\/de\/#website","url":"https:\/\/lloretdemar.org\/de\/","name":"Lloret de Mar","description":"","publisher":{"@id":"https:\/\/lloretdemar.org\/de\/#organization"},"potentialAction":[{"@type":"SearchAction","target":{"@type":"EntryPoint","urlTemplate":"https:\/\/lloretdemar.org\/de\/?s={search_term_string}"},"query-input":{"@type":"PropertyValueSpecification","valueRequired":true,"valueName":"search_term_string"}}],"inLanguage":"de"},{"@type":"Organization","@id":"https:\/\/lloretdemar.org\/de\/#organization","name":"Lloret de Mar","url":"https:\/\/lloretdemar.org\/de\/","logo":{"@type":"ImageObject","inLanguage":"de","@id":"https:\/\/lloretdemar.org\/de\/#\/schema\/logo\/image\/","url":"https:\/\/lloretdemar.org\/wp-content\/uploads\/2020\/05\/lloret-de-mar-logo.png","contentUrl":"https:\/\/lloretdemar.org\/wp-content\/uploads\/2020\/05\/lloret-de-mar-logo.png","width":87,"height":38,"caption":"Lloret de Mar"},"image":{"@id":"https:\/\/lloretdemar.org\/de\/#\/schema\/logo\/image\/"},"sameAs":["https:\/\/www.facebook.com\/Lloretturisme","https:\/\/x.com\/lloretturisme","https:\/\/instagram.com\/lloretturisme","https:\/\/www.youtube.com\/LloretTurisme"]}]}},"_links":{"self":[{"href":"https:\/\/lloretdemar.org\/de\/wp-json\/wp\/v2\/pages\/13715","targetHints":{"allow":["GET"]}}],"collection":[{"href":"https:\/\/lloretdemar.org\/de\/wp-json\/wp\/v2\/pages"}],"about":[{"href":"https:\/\/lloretdemar.org\/de\/wp-json\/wp\/v2\/types\/page"}],"author":[{"embeddable":true,"href":"https:\/\/lloretdemar.org\/de\/wp-json\/wp\/v2\/users\/12"}],"replies":[{"embeddable":true,"href":"https:\/\/lloretdemar.org\/de\/wp-json\/wp\/v2\/comments?post=13715"}],"version-history":[{"count":0,"href":"https:\/\/lloretdemar.org\/de\/wp-json\/wp\/v2\/pages\/13715\/revisions"}],"up":[{"embeddable":true,"href":"https:\/\/lloretdemar.org\/de\/wp-json\/wp\/v2\/pages\/13041"}],"wp:attachment":[{"href":"https:\/\/lloretdemar.org\/de\/wp-json\/wp\/v2\/media?parent=13715"}],"curies":[{"name":"wp","href":"https:\/\/api.w.org\/{rel}","templated":true}]}}