{"id":13698,"date":"2020-03-03T12:02:25","date_gmt":"2020-03-03T11:02:25","guid":{"rendered":"http:\/\/lloretdemar.org\/amb-respecte-a-lloret-hi-cabem-tots\/"},"modified":"2020-10-21T15:07:12","modified_gmt":"2020-10-21T13:07:12","slug":"burgerkampagne","status":"publish","type":"page","link":"https:\/\/lloretdemar.org\/de\/lernen-sie-lloret-de-mar-kennen\/burgerkampagne\/","title":{"rendered":"B\u00fcrgerkampagne"},"content":{"rendered":"","protected":false},"excerpt":{"rendered":"","protected":false},"author":12,"featured_media":0,"parent":10903,"menu_order":0,"comment_status":"closed","ping_status":"closed","template":"page-templates\/informacio-3.php","meta":{"_acf_changed":false,"content-type":"","footnotes":""},"class_list":["post-13698","page","type-page","status-publish","hentry"],"acf":{"banner_imatge":7393,"banner_titol":"B\u00fcrgerkampagne","banner_subtitol":"","botons_blanc_o_negres":"defecte","banner_links":null,"apartats":null,"columna_esquerra":"In den letzten drei Jahren hat Lloret de Mar verschiedene B\u00fcrgerkampagnen mit dem Motto \u00abCon respeto, en Lloret cabemos todos\u00bb (\u201eMit Respekt schaffen wir in Lloret ein gutes Miteinander\u201c) in die Wege geleitet.\r\nDiese Kampagnen sollen das Verh\u00e4ltnis zwischen den Einheimischen und Touristen f\u00f6rdern und verbessern.\r\n\r\nBeide Gruppen werden in ein gemeinschaftliches Projekt einbezogen, bei dem Respekt und Gemeinschaftssinn aus einer positiven und einander zugewandten Perspektive heraus gebildet werden und sich alle aktiv beteiligen k\u00f6nnen.\r\n\r\nDie Kampagnen behandeln Themen wie Zusammenleben, L\u00e4rm und Recycling.","columna_dreta":"- Posa\u2019t la samarreta \u2013 Kampagne 2017\r\nHier werden die Touristen daran erinnert, dass sie sich ein T-Shirt anziehen sollten, wenn sie vom Strand weggehen.\r\n\r\n- Enjoy the silence, Make peace not noise oder Love your ears \u2013 Kampagne 2018\r\nDiese Kampagne l\u00e4dt dazu ein, den L\u00e4rmpegel zu reduzieren, um ein gutes b\u00fcrgerliches Miteinander sicherzustellen, besonders in den Nachtstunden.\r\n\r\n- No tractis Lloret com un residu. Ajuda\u2019ns a mantenir-lo m\u00e9s net i fer-lo sostenible \u2013 Kampagne 2019\r\nSie bezieht Besucher und Anwohner aktiv in den Umweltschutz und den verantwortungsvollen Umgang mit Abf\u00e4llen ein.\r\n\r\nSchon immer... gibt es in Lloret genug Platz f\u00fcr alle!","color_fons":"","imatge_fons":"","blocs_rosa_titol":"","blocs_rosa_subtitol":"","blocs_rosa":null,"frase":"","festius_titol":"","festius_subtitol":"","festius_llista":null,"banner_hub_imatge":10948,"banner_hub_imatge_titol":"LLORET\r\nHUB","banner_hub_titol":"LLORET DE MAR\r\nIHR STARTPUNKT","banner_hub_text":"5 Routen von Lloret de Mar, um unser Territorium zu entdecken","banner_hub_link":{"title":"Lloret Hub","url":"http:\/\/lloretdemar.org\/sobre-lloret-de-mar\/lloret-hub\/","target":""}},"yoast_head":"<!-- This site is optimized with the Yoast SEO plugin v27.5 - https:\/\/yoast.com\/product\/yoast-seo-wordpress\/ -->\n<title>B\u00fcrgerkampagne - Lloret de Mar<\/title>\n<meta name=\"robots\" content=\"index, follow, max-snippet:-1, max-image-preview:large, max-video-preview:-1\" \/>\n<link rel=\"canonical\" href=\"https:\/\/lloretdemar.org\/de\/lernen-sie-lloret-de-mar-kennen\/burgerkampagne\/\" \/>\n<meta property=\"og:locale\" content=\"de_DE\" \/>\n<meta property=\"og:type\" content=\"article\" \/>\n<meta property=\"og:title\" content=\"B\u00fcrgerkampagne - Lloret de Mar\" \/>\n<meta property=\"og:url\" content=\"https:\/\/lloretdemar.org\/de\/lernen-sie-lloret-de-mar-kennen\/burgerkampagne\/\" \/>\n<meta property=\"og:site_name\" content=\"Lloret de Mar\" \/>\n<meta property=\"article:publisher\" content=\"https:\/\/www.facebook.com\/Lloretturisme\" \/>\n<meta property=\"article:modified_time\" content=\"2020-10-21T13:07:12+00:00\" \/>\n<meta property=\"og:image\" content=\"https:\/\/lloretdemar.org\/wp-content\/uploads\/2020\/03\/civisme.jpg\" \/>\n\t<meta property=\"og:image:width\" content=\"1920\" \/>\n\t<meta property=\"og:image:height\" content=\"885\" \/>\n\t<meta property=\"og:image:type\" content=\"image\/jpeg\" \/>\n<meta name=\"twitter:card\" content=\"summary_large_image\" \/>\n<meta name=\"twitter:site\" content=\"@lloretturisme\" \/>\n<script type=\"application\/ld+json\" class=\"yoast-schema-graph\">{\"@context\":\"https:\\\/\\\/schema.org\",\"@graph\":[{\"@type\":\"WebPage\",\"@id\":\"https:\\\/\\\/lloretdemar.org\\\/de\\\/lernen-sie-lloret-de-mar-kennen\\\/burgerkampagne\\\/\",\"url\":\"https:\\\/\\\/lloretdemar.org\\\/de\\\/lernen-sie-lloret-de-mar-kennen\\\/burgerkampagne\\\/\",\"name\":\"B\u00fcrgerkampagne - Lloret de Mar\",\"isPartOf\":{\"@id\":\"https:\\\/\\\/lloretdemar.org\\\/de\\\/#website\"},\"datePublished\":\"2020-03-03T11:02:25+00:00\",\"dateModified\":\"2020-10-21T13:07:12+00:00\",\"description\":\"Lloret de Mar\",\"breadcrumb\":{\"@id\":\"https:\\\/\\\/lloretdemar.org\\\/de\\\/lernen-sie-lloret-de-mar-kennen\\\/burgerkampagne\\\/#breadcrumb\"},\"inLanguage\":\"de\",\"potentialAction\":[{\"@type\":\"ReadAction\",\"target\":[\"https:\\\/\\\/lloretdemar.org\\\/de\\\/lernen-sie-lloret-de-mar-kennen\\\/burgerkampagne\\\/\"]}]},{\"@type\":\"BreadcrumbList\",\"@id\":\"https:\\\/\\\/lloretdemar.org\\\/de\\\/lernen-sie-lloret-de-mar-kennen\\\/burgerkampagne\\\/#breadcrumb\",\"itemListElement\":[{\"@type\":\"ListItem\",\"position\":1,\"name\":\"Home\",\"item\":\"https:\\\/\\\/lloretdemar.org\\\/de\\\/\"},{\"@type\":\"ListItem\",\"position\":2,\"name\":\"Lernen Sie Lloret de Mar kennen\",\"item\":\"https:\\\/\\\/lloretdemar.org\\\/de\\\/lernen-sie-lloret-de-mar-kennen\\\/\"},{\"@type\":\"ListItem\",\"position\":3,\"name\":\"B\u00fcrgerkampagne\"}]},{\"@type\":\"WebSite\",\"@id\":\"https:\\\/\\\/lloretdemar.org\\\/de\\\/#website\",\"url\":\"https:\\\/\\\/lloretdemar.org\\\/de\\\/\",\"name\":\"Lloret de Mar\",\"description\":\"\",\"publisher\":{\"@id\":\"https:\\\/\\\/lloretdemar.org\\\/de\\\/#organization\"},\"potentialAction\":[{\"@type\":\"SearchAction\",\"target\":{\"@type\":\"EntryPoint\",\"urlTemplate\":\"https:\\\/\\\/lloretdemar.org\\\/de\\\/?s={search_term_string}\"},\"query-input\":{\"@type\":\"PropertyValueSpecification\",\"valueRequired\":true,\"valueName\":\"search_term_string\"}}],\"inLanguage\":\"de\"},{\"@type\":\"Organization\",\"@id\":\"https:\\\/\\\/lloretdemar.org\\\/de\\\/#organization\",\"name\":\"Lloret de Mar\",\"url\":\"https:\\\/\\\/lloretdemar.org\\\/de\\\/\",\"logo\":{\"@type\":\"ImageObject\",\"inLanguage\":\"de\",\"@id\":\"https:\\\/\\\/lloretdemar.org\\\/de\\\/#\\\/schema\\\/logo\\\/image\\\/\",\"url\":\"https:\\\/\\\/lloretdemar.org\\\/wp-content\\\/uploads\\\/2020\\\/05\\\/lloret-de-mar-logo.png\",\"contentUrl\":\"https:\\\/\\\/lloretdemar.org\\\/wp-content\\\/uploads\\\/2020\\\/05\\\/lloret-de-mar-logo.png\",\"width\":87,\"height\":38,\"caption\":\"Lloret de Mar\"},\"image\":{\"@id\":\"https:\\\/\\\/lloretdemar.org\\\/de\\\/#\\\/schema\\\/logo\\\/image\\\/\"},\"sameAs\":[\"https:\\\/\\\/www.facebook.com\\\/Lloretturisme\",\"https:\\\/\\\/x.com\\\/lloretturisme\",\"https:\\\/\\\/instagram.com\\\/lloretturisme\",\"https:\\\/\\\/www.youtube.com\\\/LloretTurisme\"]}]}<\/script>\n<!-- \/ Yoast SEO plugin. -->","yoast_head_json":{"title":"B\u00fcrgerkampagne - Lloret de Mar","robots":{"index":"index","follow":"follow","max-snippet":"max-snippet:-1","max-image-preview":"max-image-preview:large","max-video-preview":"max-video-preview:-1"},"canonical":"https:\/\/lloretdemar.org\/de\/lernen-sie-lloret-de-mar-kennen\/burgerkampagne\/","og_locale":"de_DE","og_type":"article","og_title":"B\u00fcrgerkampagne - Lloret de Mar","og_url":"https:\/\/lloretdemar.org\/de\/lernen-sie-lloret-de-mar-kennen\/burgerkampagne\/","og_site_name":"Lloret de Mar","article_publisher":"https:\/\/www.facebook.com\/Lloretturisme","article_modified_time":"2020-10-21T13:07:12+00:00","og_image":[{"width":1920,"height":885,"url":"https:\/\/lloretdemar.org\/wp-content\/uploads\/2020\/03\/civisme.jpg","type":"image\/jpeg"}],"twitter_card":"summary_large_image","twitter_site":"@lloretturisme","schema":{"@context":"https:\/\/schema.org","@graph":[{"@type":"WebPage","@id":"https:\/\/lloretdemar.org\/de\/lernen-sie-lloret-de-mar-kennen\/burgerkampagne\/","url":"https:\/\/lloretdemar.org\/de\/lernen-sie-lloret-de-mar-kennen\/burgerkampagne\/","name":"B\u00fcrgerkampagne - Lloret de Mar","isPartOf":{"@id":"https:\/\/lloretdemar.org\/de\/#website"},"datePublished":"2020-03-03T11:02:25+00:00","dateModified":"2020-10-21T13:07:12+00:00","description":"Lloret de Mar","breadcrumb":{"@id":"https:\/\/lloretdemar.org\/de\/lernen-sie-lloret-de-mar-kennen\/burgerkampagne\/#breadcrumb"},"inLanguage":"de","potentialAction":[{"@type":"ReadAction","target":["https:\/\/lloretdemar.org\/de\/lernen-sie-lloret-de-mar-kennen\/burgerkampagne\/"]}]},{"@type":"BreadcrumbList","@id":"https:\/\/lloretdemar.org\/de\/lernen-sie-lloret-de-mar-kennen\/burgerkampagne\/#breadcrumb","itemListElement":[{"@type":"ListItem","position":1,"name":"Home","item":"https:\/\/lloretdemar.org\/de\/"},{"@type":"ListItem","position":2,"name":"Lernen Sie Lloret de Mar kennen","item":"https:\/\/lloretdemar.org\/de\/lernen-sie-lloret-de-mar-kennen\/"},{"@type":"ListItem","position":3,"name":"B\u00fcrgerkampagne"}]},{"@type":"WebSite","@id":"https:\/\/lloretdemar.org\/de\/#website","url":"https:\/\/lloretdemar.org\/de\/","name":"Lloret de Mar","description":"","publisher":{"@id":"https:\/\/lloretdemar.org\/de\/#organization"},"potentialAction":[{"@type":"SearchAction","target":{"@type":"EntryPoint","urlTemplate":"https:\/\/lloretdemar.org\/de\/?s={search_term_string}"},"query-input":{"@type":"PropertyValueSpecification","valueRequired":true,"valueName":"search_term_string"}}],"inLanguage":"de"},{"@type":"Organization","@id":"https:\/\/lloretdemar.org\/de\/#organization","name":"Lloret de Mar","url":"https:\/\/lloretdemar.org\/de\/","logo":{"@type":"ImageObject","inLanguage":"de","@id":"https:\/\/lloretdemar.org\/de\/#\/schema\/logo\/image\/","url":"https:\/\/lloretdemar.org\/wp-content\/uploads\/2020\/05\/lloret-de-mar-logo.png","contentUrl":"https:\/\/lloretdemar.org\/wp-content\/uploads\/2020\/05\/lloret-de-mar-logo.png","width":87,"height":38,"caption":"Lloret de Mar"},"image":{"@id":"https:\/\/lloretdemar.org\/de\/#\/schema\/logo\/image\/"},"sameAs":["https:\/\/www.facebook.com\/Lloretturisme","https:\/\/x.com\/lloretturisme","https:\/\/instagram.com\/lloretturisme","https:\/\/www.youtube.com\/LloretTurisme"]}]}},"_links":{"self":[{"href":"https:\/\/lloretdemar.org\/de\/wp-json\/wp\/v2\/pages\/13698","targetHints":{"allow":["GET"]}}],"collection":[{"href":"https:\/\/lloretdemar.org\/de\/wp-json\/wp\/v2\/pages"}],"about":[{"href":"https:\/\/lloretdemar.org\/de\/wp-json\/wp\/v2\/types\/page"}],"author":[{"embeddable":true,"href":"https:\/\/lloretdemar.org\/de\/wp-json\/wp\/v2\/users\/12"}],"replies":[{"embeddable":true,"href":"https:\/\/lloretdemar.org\/de\/wp-json\/wp\/v2\/comments?post=13698"}],"version-history":[{"count":0,"href":"https:\/\/lloretdemar.org\/de\/wp-json\/wp\/v2\/pages\/13698\/revisions"}],"up":[{"embeddable":true,"href":"https:\/\/lloretdemar.org\/de\/wp-json\/wp\/v2\/pages\/10903"}],"wp:attachment":[{"href":"https:\/\/lloretdemar.org\/de\/wp-json\/wp\/v2\/media?parent=13698"}],"curies":[{"name":"wp","href":"https:\/\/api.w.org\/{rel}","templated":true}]}}