{"id":13655,"date":"2019-10-24T12:52:23","date_gmt":"2019-10-24T10:52:23","guid":{"rendered":"http:\/\/lloretdemar.org\/planifica-el-teu-viatge\/oficines-de-turisme\/"},"modified":"2025-12-31T10:14:15","modified_gmt":"2025-12-31T09:14:15","slug":"touristeninformation-in-lloret-de-mar","status":"publish","type":"page","link":"https:\/\/lloretdemar.org\/de\/planen-sie-ihre-reise\/touristeninformation-in-lloret-de-mar\/","title":{"rendered":"Touristeninformation in Lloret de Mar"},"content":{"rendered":"","protected":false},"excerpt":{"rendered":"","protected":false},"author":12,"featured_media":0,"parent":13041,"menu_order":0,"comment_status":"closed","ping_status":"closed","template":"page-templates\/oficina-16.php","meta":{"_acf_changed":false,"content-type":"","footnotes":""},"class_list":["post-13655","page","type-page","status-publish","hentry"],"acf":{"banner_imatge":13661,"banner_titol":"Touristeninformation in Lloret de Mar","banner_subtitol":"","botons_blanc_o_negres":"defecte","banner_links":[{"es_post":false,"banner_link":{"title":"Tourismusb\u00fcro Lloret de Mar","url":"#Tourismusb\u00fcroLloretdeMar","target":""},"link_intern":null,"link_intern_titol":""},{"es_post":false,"banner_link":{"title":"Tourismusb\u00fcro Lloret de Mar \u2013 Strandpromenade","url":"#Tourismusb\u00fcroLloretdeMar\u2013Strandpromenade","target":""},"link_intern":null,"link_intern_titol":""},{"es_post":false,"banner_link":{"title":"Tourismusb\u00fcro Lloret de Mar \u2013 Busbahnhof","url":"#Tourismusb\u00fcroLloretdeMar\u2013Busbahnhof","target":""},"link_intern":null,"link_intern_titol":""},{"es_post":false,"banner_link":{"title":"Informationspunkt Fenals","url":"#InformationspunktFenals","target":""},"link_intern":null,"link_intern_titol":""}],"blocs":[{"titol":"Tourismusb\u00fcro Lloret de Mar","descripcio":"Unsere Zentrale Touristeninformation (ausgezeichnet mit dem Q f\u00fcr touristische Qualit\u00e4t) befindet sich an einem der Eing\u00e4nge von Lloret de Mar und ist somit der ideale Standort, um Sie vor Ihrem Besuch des Stadtzentrums abzupassen.\r\nWir bieten kostenlose Parkpl\u00e4tze, w\u00e4hrend wir Ihre Fragen beantworten!\r\n\r\n<img class=\"alignnone wp-image-35224 \" src=\"https:\/\/lloretdemar.org\/wp-content\/uploads\/2023\/10\/Calidad-Turistica.png\" alt=\"\" width=\"200\" height=\"176\" \/>","imatge":13662,"info_basica":"Adresse: Av. de les Alegries, 3\r\nTelefon: +34 972 365 788\r\nFax: +34 972 367 750\r\nE-Mail: central-turisme@lloret.org\r\nWebseite: www.lloretdemar.org\r\n\r\n<img class=\"alignnone wp-image-29192\" src=\"https:\/\/lloretdemar.org\/wp-content\/uploads\/2022\/05\/bucle-magne\u0300tic.jpg\" alt=\"\" width=\"100\" height=\"103\" \/> <img class=\"alignnone wp-image-31496\" src=\"https:\/\/lloretdemar.org\/wp-content\/uploads\/2022\/10\/accesiblidad-isa-150x150.png\" alt=\"\" width=\"105\" height=\"105\" \/>","horari":"<strong>Von November bis Februar\r\n<\/strong>Montag bis Samstag von 9 bis 16 Uhr\r\n\r\n<strong>Von M\u00e4rz bis 14. Juni<\/strong>\r\nVon Montag bis Freitag von 9.00 bis 13.00 Uhr und von 15.00 bis 18.00 Uhr\r\nSamstag von 9 bis 13 Uhr und von 16 bis 19 Uhr\r\n\r\n<strong>Vom 15. Juni bis 14. September<\/strong>\r\nT\u00e4glich von 9 bis 20 Uhr\r\n\r\n<strong>Vom 15. September bis 31. Oktober<\/strong>\r\nVon Montag bis Samstag von 9.00 bis 13.00 Uhr und von 16.00 bis 19.00 Uhr","mapa":{"address":"Avinguda de les Alegries, 3, 17310 Lloret de Mar, Girona, Espanya","lat":41.702720300000003,"lng":2.8367118999999548,"zoom":15,"place_id":"Ej9BdmluZ3VkYSBkZSBsZXMgQWxlZ3JpZXMsIDMsIDE3MzEwIExsb3JldCBkZSBNYXIsIEdpcm9uYSwgU3BhaW4iMBIuChQKEglxjG8KFRe7EhHv8SMxR-5yrhADKhQKEgkb5tR1axe7EhEKYXk9ui_KoA","street_number":3,"street_name":"Avinguda de les Alegries","city":"Lloret de Mar","state":"Catalunya","state_short":"CT","post_code":17310,"country":"Espanya","country_short":"ES"}},{"titol":"Tourismusb\u00fcro Lloret de Mar \u2013 Strandpromenade","descripcio":"Sie finden uns im Zentrum von Lloret, wo wir uns R\u00e4umlichkeiten mit dem Meeresmuseum teilen. Wir sind mit dem Q f\u00fcr Qualit\u00e4t im Tourismus ausgezeichnet und verf\u00fcgen zudem \u00fcber ein Gesch\u00e4ft mit Souvenirs und Kunsthandwerk aus unserer Stadt.\r\n\r\n<img class=\"alignnone wp-image-35224 \" src=\"https:\/\/lloretdemar.org\/wp-content\/uploads\/2023\/10\/Calidad-Turistica.png\" alt=\"\" width=\"200\" height=\"176\" \/>","imatge":13665,"info_basica":"Adresse: Pg. Camprodon i Arrieta, 1\r\nTelefon: +34 972 364 735\r\nFax: +34 972 367 750\r\nE-Mail: lloret-turisme@lloret.org\r\nWebseite: www.lloretdemar.org\r\n\r\n<img class=\"alignnone wp-image-29192\" src=\"https:\/\/lloretdemar.org\/wp-content\/uploads\/2022\/05\/bucle-magne\u0300tic.jpg\" alt=\"\" width=\"100\" height=\"103\" \/> <img class=\"alignnone wp-image-31496\" src=\"https:\/\/lloretdemar.org\/wp-content\/uploads\/2022\/10\/accesiblidad-isa-150x150.png\" alt=\"\" width=\"105\" height=\"105\" \/>","horari":"<strong>Von November bis Februar<\/strong>\r\nVon Montag bis Samstag von 9.00 bis 13.00 Uhr und von 15.00 bis 18.00 Uhr\r\nSonntag von 9 bis 14 Uhr\r\n\r\n<strong>Von M\u00e4rz bis 14. Juni<\/strong>\r\nVon Montag bis Freitag von 9.00 bis 13.00 Uhr und von 15.00 bis 18.00 Uhr\r\nSamstag von 9 bis 13 Uhr und von 16 bis 19 Uhr\r\nSonntag von 10 bis 13 Uhr und von 16 bis 19 Uhr\r\n\r\n<strong>Vom 15. Juni bis 14. September<\/strong>\r\nT\u00e4glich von 9 bis 20 Uhr\r\n\r\n<strong>Vom 15. September bis 31. Oktober<\/strong>\r\nVon Montag bis Samstag von 9.00 bis 13.00 Uhr und von 16.00 bis 19.00 Uhr\r\nSonntag von 10 bis 13 Uhr und von 16 bis 19 Uhr","mapa":{"address":"Passeig de Camprodon i Arrieta, 1, 17310 Lloret de Mar, Girona, Espanya","lat":41.699497099999988,"lng":2.8507899999999609,"zoom":15,"place_id":"EkVQYXNzZWlnIGRlIENhbXByb2RvbiBpIEFycmlldGEsIDEsIDE3MzEwIExsb3JldCBkZSBNYXIsIEdpcm9uYSwgU3BhaW4iMBIuChQKEgkTyBUjMRe7EhFXke6-RrdrnxABKhQKEgnBaC_5Mxe7EhENf_TWGx2efg","street_number":1,"street_name":"Passeig de Camprodon i Arrieta","city":"Lloret de Mar","state":"Catalunya","state_short":"CT","post_code":17310,"country":"Espanya","country_short":"ES"}},{"titol":"Tourismusb\u00fcro Lloret de Mar \u2013 Busbahnhof","descripcio":"Sie finden uns im Busbahnhof von Lloret de Mar. Wenn Sie mit dem Bus reisen, finden Sie dort alle Informationen, die Sie brauchen.","imatge":13664,"info_basica":"Adresse: Av. Vila de Blanes, 37\r\nTelefon: +34 972 365 788\r\nFax: +34 972 367 750\r\nE-Mail: turisme-terminal@lloret.org\r\nWebseite: www.lloretdemar.org","horari":"<strong>Von November bis Februar\r\n<\/strong>Montag bis Freitag von 9.00 bis 16.00 Uhr\r\n\r\n<strong>Von M\u00e4rz bis 14. Juni\r\n<\/strong>Montag bis Freitag von 9.00 bis 13.00 Uhr und von 15.00 bis 18.00 Uhr\r\n\r\n<strong>Vom 15. Juni bis 14. September<\/strong>\r\nVon Montag bis Samstag von 9.00 bis 13.00 Uhr und von 16.00 bis 19.00 Uhr\r\n\r\n<strong>Vom 15. September bis 31. Oktober<\/strong>\r\nVon Montag bis Freitag von 9.00 bis 13.00 Uhr und von 16.00 bis 19.00 Uhr","mapa":{"address":"Av. Vila de Blanes, 37, 17310 Lloret de Mar, Girona, Espanya","lat":41.701522699999998,"lng":2.8425693000000365,"zoom":15,"place_id":"EjpBdi4gVmlsYSBkZSBCbGFuZXMsIDM3LCAxNzMxMCBMbG9yZXQgZGUgTWFyLCBHaXJvbmEsIFNwYWluIjASLgoUChIJtYoOsz4XuxIRTqo1zAGlAhcQJSoUChIJ1eAsIxEXuxIRgSTxgH_f-AM","street_number":37,"street_name":"Avinguda Vila de Blanes","street_name_short":"Av. Vila de Blanes","city":"Lloret de Mar","state":"Catalunya","state_short":"CT","post_code":17310,"country":"Espanya","country_short":"ES"}},{"titol":"Informationspunkt Fenals","descripcio":"Im Juli und August finden Sie uns auch an der Strandpromenade von Fenals. Am Strand von Fenals finden Sie Antwort auf all Ihre Fragen!","imatge":40990,"info_basica":"Adresse: Pg. Ferran Agull\u00f3, s\/n\r\nTelefon: +34 972 36 57 88\r\nFax: +34 972 36 77 50\r\nE-Mail: central-turisme@lloret.org\r\nWebseite: www.lloretdemar.org","horari":"<strong>Juli und August\r\n<\/strong>Jeden Tag von 10 bis 17 Uhr","mapa":{"address":"Passeig Ferran Agull\u00f3, 17310 Lloret de Mar, Girona, Espanya","lat":41.695314500000002,"lng":2.8351519999999937,"zoom":15,"place_id":"EjpQYXNzZWlnIEZlcnJhbiBBZ3VsbMOzLCAxNzMxMCBMbG9yZXQgZGUgTWFyLCBHaXJvbmEsIFNwYWluIi4qLAoUChIJgTNFLRgXuxIRoAmAdvAiW2YSFAoSCVl6B4cHF7sSEXiM5qY973OS","street_name":"Passeig Ferran Agull\u00f3","city":"Lloret de Mar","state":"Catalunya","state_short":"CT","post_code":17310,"country":"Espanya","country_short":"ES"}}],"video":11167,"apartats":null},"yoast_head":"<!-- This site is optimized with the Yoast SEO plugin v27.5 - https:\/\/yoast.com\/product\/yoast-seo-wordpress\/ -->\n<title>Touristeninformation in Lloret de Mar - Lloret de Mar<\/title>\n<meta name=\"robots\" content=\"index, follow, max-snippet:-1, max-image-preview:large, max-video-preview:-1\" \/>\n<link rel=\"canonical\" href=\"https:\/\/lloretdemar.org\/de\/planen-sie-ihre-reise\/touristeninformation-in-lloret-de-mar\/\" \/>\n<meta property=\"og:locale\" content=\"de_DE\" \/>\n<meta property=\"og:type\" content=\"article\" \/>\n<meta property=\"og:title\" content=\"Touristeninformation in Lloret de Mar - Lloret de Mar\" \/>\n<meta property=\"og:url\" content=\"https:\/\/lloretdemar.org\/de\/planen-sie-ihre-reise\/touristeninformation-in-lloret-de-mar\/\" \/>\n<meta property=\"og:site_name\" content=\"Lloret de Mar\" \/>\n<meta property=\"article:publisher\" content=\"https:\/\/www.facebook.com\/Lloretturisme\" \/>\n<meta property=\"article:modified_time\" content=\"2025-12-31T09:14:15+00:00\" \/>\n<meta property=\"og:image\" content=\"https:\/\/lloretdemar.org\/wp-content\/uploads\/2020\/02\/slide-oficines.jpg\" \/>\n\t<meta property=\"og:image:width\" content=\"1920\" \/>\n\t<meta property=\"og:image:height\" content=\"885\" \/>\n\t<meta property=\"og:image:type\" content=\"image\/jpeg\" \/>\n<meta name=\"twitter:card\" content=\"summary_large_image\" \/>\n<meta name=\"twitter:site\" content=\"@lloretturisme\" \/>\n<script type=\"application\/ld+json\" class=\"yoast-schema-graph\">{\"@context\":\"https:\\\/\\\/schema.org\",\"@graph\":[{\"@type\":\"WebPage\",\"@id\":\"https:\\\/\\\/lloretdemar.org\\\/de\\\/planen-sie-ihre-reise\\\/touristeninformation-in-lloret-de-mar\\\/\",\"url\":\"https:\\\/\\\/lloretdemar.org\\\/de\\\/planen-sie-ihre-reise\\\/touristeninformation-in-lloret-de-mar\\\/\",\"name\":\"Touristeninformation in Lloret de Mar - Lloret de Mar\",\"isPartOf\":{\"@id\":\"https:\\\/\\\/lloretdemar.org\\\/de\\\/#website\"},\"datePublished\":\"2019-10-24T10:52:23+00:00\",\"dateModified\":\"2025-12-31T09:14:15+00:00\",\"description\":\"Lloret de Mar\",\"breadcrumb\":{\"@id\":\"https:\\\/\\\/lloretdemar.org\\\/de\\\/planen-sie-ihre-reise\\\/touristeninformation-in-lloret-de-mar\\\/#breadcrumb\"},\"inLanguage\":\"de\",\"potentialAction\":[{\"@type\":\"ReadAction\",\"target\":[\"https:\\\/\\\/lloretdemar.org\\\/de\\\/planen-sie-ihre-reise\\\/touristeninformation-in-lloret-de-mar\\\/\"]}]},{\"@type\":\"BreadcrumbList\",\"@id\":\"https:\\\/\\\/lloretdemar.org\\\/de\\\/planen-sie-ihre-reise\\\/touristeninformation-in-lloret-de-mar\\\/#breadcrumb\",\"itemListElement\":[{\"@type\":\"ListItem\",\"position\":1,\"name\":\"Home\",\"item\":\"https:\\\/\\\/lloretdemar.org\\\/de\\\/\"},{\"@type\":\"ListItem\",\"position\":2,\"name\":\"Planen Sie Ihre Reise\",\"item\":\"https:\\\/\\\/lloretdemar.org\\\/de\\\/planen-sie-ihre-reise\\\/\"},{\"@type\":\"ListItem\",\"position\":3,\"name\":\"Touristeninformation in Lloret de Mar\"}]},{\"@type\":\"WebSite\",\"@id\":\"https:\\\/\\\/lloretdemar.org\\\/de\\\/#website\",\"url\":\"https:\\\/\\\/lloretdemar.org\\\/de\\\/\",\"name\":\"Lloret de Mar\",\"description\":\"\",\"publisher\":{\"@id\":\"https:\\\/\\\/lloretdemar.org\\\/de\\\/#organization\"},\"potentialAction\":[{\"@type\":\"SearchAction\",\"target\":{\"@type\":\"EntryPoint\",\"urlTemplate\":\"https:\\\/\\\/lloretdemar.org\\\/de\\\/?s={search_term_string}\"},\"query-input\":{\"@type\":\"PropertyValueSpecification\",\"valueRequired\":true,\"valueName\":\"search_term_string\"}}],\"inLanguage\":\"de\"},{\"@type\":\"Organization\",\"@id\":\"https:\\\/\\\/lloretdemar.org\\\/de\\\/#organization\",\"name\":\"Lloret de Mar\",\"url\":\"https:\\\/\\\/lloretdemar.org\\\/de\\\/\",\"logo\":{\"@type\":\"ImageObject\",\"inLanguage\":\"de\",\"@id\":\"https:\\\/\\\/lloretdemar.org\\\/de\\\/#\\\/schema\\\/logo\\\/image\\\/\",\"url\":\"https:\\\/\\\/lloretdemar.org\\\/wp-content\\\/uploads\\\/2020\\\/05\\\/lloret-de-mar-logo.png\",\"contentUrl\":\"https:\\\/\\\/lloretdemar.org\\\/wp-content\\\/uploads\\\/2020\\\/05\\\/lloret-de-mar-logo.png\",\"width\":87,\"height\":38,\"caption\":\"Lloret de Mar\"},\"image\":{\"@id\":\"https:\\\/\\\/lloretdemar.org\\\/de\\\/#\\\/schema\\\/logo\\\/image\\\/\"},\"sameAs\":[\"https:\\\/\\\/www.facebook.com\\\/Lloretturisme\",\"https:\\\/\\\/x.com\\\/lloretturisme\",\"https:\\\/\\\/instagram.com\\\/lloretturisme\",\"https:\\\/\\\/www.youtube.com\\\/LloretTurisme\"]}]}<\/script>\n<!-- \/ Yoast SEO plugin. -->","yoast_head_json":{"title":"Touristeninformation in Lloret de Mar - Lloret de Mar","robots":{"index":"index","follow":"follow","max-snippet":"max-snippet:-1","max-image-preview":"max-image-preview:large","max-video-preview":"max-video-preview:-1"},"canonical":"https:\/\/lloretdemar.org\/de\/planen-sie-ihre-reise\/touristeninformation-in-lloret-de-mar\/","og_locale":"de_DE","og_type":"article","og_title":"Touristeninformation in Lloret de Mar - Lloret de Mar","og_url":"https:\/\/lloretdemar.org\/de\/planen-sie-ihre-reise\/touristeninformation-in-lloret-de-mar\/","og_site_name":"Lloret de Mar","article_publisher":"https:\/\/www.facebook.com\/Lloretturisme","article_modified_time":"2025-12-31T09:14:15+00:00","og_image":[{"width":1920,"height":885,"url":"https:\/\/lloretdemar.org\/wp-content\/uploads\/2020\/02\/slide-oficines.jpg","type":"image\/jpeg"}],"twitter_card":"summary_large_image","twitter_site":"@lloretturisme","schema":{"@context":"https:\/\/schema.org","@graph":[{"@type":"WebPage","@id":"https:\/\/lloretdemar.org\/de\/planen-sie-ihre-reise\/touristeninformation-in-lloret-de-mar\/","url":"https:\/\/lloretdemar.org\/de\/planen-sie-ihre-reise\/touristeninformation-in-lloret-de-mar\/","name":"Touristeninformation in Lloret de Mar - Lloret de Mar","isPartOf":{"@id":"https:\/\/lloretdemar.org\/de\/#website"},"datePublished":"2019-10-24T10:52:23+00:00","dateModified":"2025-12-31T09:14:15+00:00","description":"Lloret de Mar","breadcrumb":{"@id":"https:\/\/lloretdemar.org\/de\/planen-sie-ihre-reise\/touristeninformation-in-lloret-de-mar\/#breadcrumb"},"inLanguage":"de","potentialAction":[{"@type":"ReadAction","target":["https:\/\/lloretdemar.org\/de\/planen-sie-ihre-reise\/touristeninformation-in-lloret-de-mar\/"]}]},{"@type":"BreadcrumbList","@id":"https:\/\/lloretdemar.org\/de\/planen-sie-ihre-reise\/touristeninformation-in-lloret-de-mar\/#breadcrumb","itemListElement":[{"@type":"ListItem","position":1,"name":"Home","item":"https:\/\/lloretdemar.org\/de\/"},{"@type":"ListItem","position":2,"name":"Planen Sie Ihre Reise","item":"https:\/\/lloretdemar.org\/de\/planen-sie-ihre-reise\/"},{"@type":"ListItem","position":3,"name":"Touristeninformation in Lloret de Mar"}]},{"@type":"WebSite","@id":"https:\/\/lloretdemar.org\/de\/#website","url":"https:\/\/lloretdemar.org\/de\/","name":"Lloret de Mar","description":"","publisher":{"@id":"https:\/\/lloretdemar.org\/de\/#organization"},"potentialAction":[{"@type":"SearchAction","target":{"@type":"EntryPoint","urlTemplate":"https:\/\/lloretdemar.org\/de\/?s={search_term_string}"},"query-input":{"@type":"PropertyValueSpecification","valueRequired":true,"valueName":"search_term_string"}}],"inLanguage":"de"},{"@type":"Organization","@id":"https:\/\/lloretdemar.org\/de\/#organization","name":"Lloret de Mar","url":"https:\/\/lloretdemar.org\/de\/","logo":{"@type":"ImageObject","inLanguage":"de","@id":"https:\/\/lloretdemar.org\/de\/#\/schema\/logo\/image\/","url":"https:\/\/lloretdemar.org\/wp-content\/uploads\/2020\/05\/lloret-de-mar-logo.png","contentUrl":"https:\/\/lloretdemar.org\/wp-content\/uploads\/2020\/05\/lloret-de-mar-logo.png","width":87,"height":38,"caption":"Lloret de Mar"},"image":{"@id":"https:\/\/lloretdemar.org\/de\/#\/schema\/logo\/image\/"},"sameAs":["https:\/\/www.facebook.com\/Lloretturisme","https:\/\/x.com\/lloretturisme","https:\/\/instagram.com\/lloretturisme","https:\/\/www.youtube.com\/LloretTurisme"]}]}},"_links":{"self":[{"href":"https:\/\/lloretdemar.org\/de\/wp-json\/wp\/v2\/pages\/13655","targetHints":{"allow":["GET"]}}],"collection":[{"href":"https:\/\/lloretdemar.org\/de\/wp-json\/wp\/v2\/pages"}],"about":[{"href":"https:\/\/lloretdemar.org\/de\/wp-json\/wp\/v2\/types\/page"}],"author":[{"embeddable":true,"href":"https:\/\/lloretdemar.org\/de\/wp-json\/wp\/v2\/users\/12"}],"replies":[{"embeddable":true,"href":"https:\/\/lloretdemar.org\/de\/wp-json\/wp\/v2\/comments?post=13655"}],"version-history":[{"count":19,"href":"https:\/\/lloretdemar.org\/de\/wp-json\/wp\/v2\/pages\/13655\/revisions"}],"predecessor-version":[{"id":43445,"href":"https:\/\/lloretdemar.org\/de\/wp-json\/wp\/v2\/pages\/13655\/revisions\/43445"}],"up":[{"embeddable":true,"href":"https:\/\/lloretdemar.org\/de\/wp-json\/wp\/v2\/pages\/13041"}],"wp:attachment":[{"href":"https:\/\/lloretdemar.org\/de\/wp-json\/wp\/v2\/media?parent=13655"}],"curies":[{"name":"wp","href":"https:\/\/api.w.org\/{rel}","templated":true}]}}