{"id":13520,"date":"2019-05-28T10:05:19","date_gmt":"2019-05-28T08:05:19","guid":{"rendered":"http:\/\/lloretdemar.org\/planifica-el-teu-viatge\/moures-per-lloret\/"},"modified":"2021-01-26T09:12:08","modified_gmt":"2021-01-26T08:12:08","slug":"unterwegs-in-lloret","status":"publish","type":"page","link":"https:\/\/lloretdemar.org\/de\/planen-sie-ihre-reise\/unterwegs-in-lloret\/","title":{"rendered":"Unterwegs in Lloret"},"content":{"rendered":"","protected":false},"excerpt":{"rendered":"","protected":false},"author":12,"featured_media":0,"parent":13041,"menu_order":0,"comment_status":"closed","ping_status":"closed","template":"page-templates\/mouret-15.php","meta":{"_acf_changed":false,"content-type":"","footnotes":""},"class_list":["post-13520","page","type-page","status-publish","hentry"],"acf":{"banner_imatge":13567,"banner_titol":"Unterwegs in Lloret  ","banner_subtitol":"Mit dem Taxi, dem Bus, unterwegs im Mietauto, im Touristenbus oder auf einer Bootstour ","botons_blanc_o_negres":"defecte","banner_links":[{"es_post":false,"banner_link":{"title":"Zu Fu\u00df","url":"#ZuFuss","target":""},"link_intern":null,"link_intern_titol":""},{"es_post":false,"banner_link":{"title":"Stadtbus","url":"#Stadtbus","target":""},"link_intern":null,"link_intern_titol":""},{"es_post":false,"banner_link":{"title":"Taxis","url":"#Taxis","target":""},"link_intern":null,"link_intern_titol":""},{"es_post":false,"banner_link":{"title":"Fahrrad","url":"#Fahrrad","target":""},"link_intern":null,"link_intern_titol":""},{"es_post":false,"banner_link":{"title":"Fahrzeugvermietung","url":"#Fahrzeugvermietung","target":""},"link_intern":null,"link_intern_titol":""},{"es_post":false,"banner_link":{"title":"Parkpl\u00e4tze","url":"#Parkpl\u00e4tze","target":""},"link_intern":null,"link_intern_titol":""},{"es_post":false,"banner_link":{"title":"Schiffsverkehr","url":"#Schiffsverkehr","target":""},"link_intern":null,"link_intern_titol":""},{"es_post":false,"banner_link":null,"link_intern":null,"link_intern_titol":""}],"blocs":[{"titol":"Zu Fu\u00df","descripcio":"In Lloret de Mar k\u00f6nnen Sie alles zu Fu\u00df erreichen.\r\n\r\nDie Entfernungen in dieser Stadt sind kurz und es gibt mehrere weitl\u00e4ufige Fu\u00dfg\u00e4ngerzonen, Wege und Parks, die ein angenehmes und schnelles Fortbewegen zu Fu\u00df erm\u00f6glichen, sogar um verschiedene Bezirke zu besuchen.","imatge":13570,"es_enllac_intern_o_extern":"intern","link_intern":{"title":"Fu\u00dfg\u00e4ngerf\u00fchrer","url":"http:\/\/gisweb.lloret.org\/lloretdemar41\/visor-guia.jsp?layers=guia%3AGUIA_FONS~GLL_GUIA_ZVIANANTS&center=487372,4616534&scale=5000","target":"_blank"},"link_extern":"javascript:void(0);","link_extern_text":"Llegeix m\u00e9s"},{"titol":"Stadtbus","descripcio":"Das Stadtbusnetz von Lloret de Mar verbindet die verschiedenen Bezirke und touristischen Bereiche der Gemeinde miteinander. Mit dem Stadtbus k\u00f6nnen Sie sich auf einfache und schnelle Weise fortbewegen.\r\n\r\nSie k\u00f6nnen die verschiedenen Linien und Tarife unter\u00a0 <a href=\"http:\/\/www.lloretbus.com\">www.lloretbus.com<\/a>\r\n\r\nFolgen Sie auch diesem Link, wenn Sie sich in der Region","imatge":13572,"es_enllac_intern_o_extern":"intern","link_intern":"","link_extern":"","link_extern_text":""},{"titol":"Taxis","descripcio":"Lloret verf\u00fcgt \u00fcber 4 Taxist\u00e4nde mit einer umfangreichen Flotte von Vier- und Siebensitzern, die das ganze Jahr \u00fcber rund um die Uhr ihre Dienste anbieten. Sie erkennen Sie an ihrer wei\u00dfen Farbe und einem Hinweisschild.\r\n\r\nStrecke Entfernung Zeit\r\nBarcelona \u2013 Lloret de Mar 80 km 60 Min.\r\nPerpignan \u2013 Lloret de Mar 115 km 90 Min.\r\nGerona \u2013 Lloret de Mar 30 km 30 Min.\r\n\r\nSehen Sie unter diesem Link die in Lloret de Mar geltenden Tarife ein <a href=\"https:\/\/www.lloret.cat\/seccions\/mobilitat\/taxis\">https:\/\/www.lloret.cat\/seccions\/mobilitat\/taxis<\/a>","imatge":13574,"es_enllac_intern_o_extern":"extern","link_intern":{"title":"Directori d\u2019empreses","url":"http:\/\/lloretdemar.org\/directori-dempreses\/","target":""},"link_extern":"http:\/\/www.taxi-lloret.com","link_extern_text":"Adresse und Telefonnummer der Taxistationen in Lloret de Mar"},{"titol":"Fahrrad","descripcio":"Fahrradwege gibt es zurzeit in Lloret de Mar im Bereich von Rieral und im Bezirk Fenals.\r\nEs sollen neue Fahrradwege gebaut werden, die ein verbundenes Netz bilden und nachhaltige Mobilit\u00e4t in Stadtgebieten f\u00f6rdern.\r\n\r\nZudem gibt es verschiedene Fahrradparkpl\u00e4tze, um die Nutzung von Fahrr\u00e4dern erleichtern.\r\nLloret de Mar m\u00f6chte in Bezug auf die Mobilit\u00e4t eine umweltfreundliche und nachhaltige Stadt sein: Es wird weiterhin nach Alternativen zu Privatfahrzeugen gesucht und zudem werden nachhaltigere Fortbewegungsmittel wie das Fahrrad bevorzugt.","imatge":13571,"es_enllac_intern_o_extern":"intern","link_intern":{"title":"Schauen Sie sich die Radwegkarte an","url":"http:\/\/gisweb.lloret.org\/lloretdemar41\/visor-guia.jsp?layers=guia%3AGUIA_FONS~GLL_VIA_CARRILBICI&center=487212,4616984&scale=25000%20%20","target":"_blank"},"link_extern":"http:\/\/www.taxi-lloret.com","link_extern_text":"Adre\u00e7a i els tel\u00e8fons de les parades de Taxi de Lloret de Mar "},{"titol":"Fahrzeugvermietung","descripcio":"Wenn Sie unabh\u00e4ngig sein und Ihren Urlaub selbst organisieren wollen, bietet Ihnen Lloret de Mar verschiedene Fahrzeugvermietungen, um sich ganz nach Ihren eigenen Vorstellungen fortzubewegen.","imatge":13568,"es_enllac_intern_o_extern":"intern","link_intern":{"title":"Firmenverzeichnis","url":"https:\/\/lloretdemar.org\/de\/lernen-sie-lloret-de-mar-kennen\/unternehmensverzeichnis\/","target":"_blank"},"link_extern":"http:\/\/www.taxi-lloret.com","link_extern_text":"Adre\u00e7a i els tel\u00e8fons de les parades de Taxi de Lloret de Mar "},{"titol":"Parkpl\u00e4tze","descripcio":"Lloret de Mar verf\u00fcgt \u00fcber zahlreiche \u00f6ffentliche und private Parkpl\u00e4tze, darunter sowohl Parkh\u00e4user als auch Parkfl\u00e4chen.","imatge":13569,"es_enllac_intern_o_extern":"intern","link_intern":{"title":"\u00dcberpr\u00fcfen Sie hier die Lage und die Preise der st\u00e4dtischen Parkpl\u00e4tze","url":"https:\/\/www.lloret.cat\/seccions\/mobilitat\/parquings","target":"_blank"},"link_extern":"www.autocarspujol.com","link_extern_text":"Trobar\u00e0s m\u00e9s informaci\u00f3 sobre les parades i els horaris aqu\u00ed"},{"titol":"Schiffsverkehr","descripcio":"Eine M\u00f6glichkeit die K\u00fcste von Maresme und die Costa Brava auf eine ganz andere Art zu entdecken ist der Linienverkehr von Dofi Jet Boats. Besuchen Sie die traumhaften Str\u00e4nde und Buchten entlang der Strecke.\r\n\r\nDie Boote des Unternehmens halten an den wichtigsten Ortschaften und Str\u00e4nden dieses Bereichs der Costa Brava. Es gibt Verbindungen von Lloret de Mar nach Calella, Blanes oder Tossa de Mar.\r\n\r\nEntdecken Sie die K\u00fcste auf eine andere Art.\r\n\r\n<strong>Kontaktdaten:<\/strong> <a href=\"https:\/\/www.dofijetboats.com\/\">https:\/\/www.dofijetboats.com\/<\/a>","imatge":13566,"es_enllac_intern_o_extern":"intern","link_intern":null,"link_extern":"https:\/\/autocarspujol.com\/lineas-regulares\/playas-y-jardines\/","link_extern_text":"Weitere Informationen zu Ausfl\u00fcgen mit dem ge\u00f6ffnet Bus"},{"titol":"","descripcio":"","imatge":null,"es_enllac_intern_o_extern":"intern","link_intern":"","link_extern":"","link_extern_text":""}],"titol_boto":"","document":"","apartats":null},"yoast_head":"<!-- This site is optimized with the Yoast SEO plugin v27.5 - https:\/\/yoast.com\/product\/yoast-seo-wordpress\/ -->\n<title>Unterwegs in Lloret - Lloret de Mar<\/title>\n<meta name=\"robots\" content=\"index, follow, max-snippet:-1, max-image-preview:large, max-video-preview:-1\" \/>\n<link rel=\"canonical\" href=\"https:\/\/lloretdemar.org\/de\/planen-sie-ihre-reise\/unterwegs-in-lloret\/\" \/>\n<meta property=\"og:locale\" content=\"de_DE\" \/>\n<meta property=\"og:type\" content=\"article\" \/>\n<meta property=\"og:title\" content=\"Unterwegs in Lloret - Lloret de Mar\" \/>\n<meta property=\"og:url\" content=\"https:\/\/lloretdemar.org\/de\/planen-sie-ihre-reise\/unterwegs-in-lloret\/\" \/>\n<meta property=\"og:site_name\" content=\"Lloret de Mar\" \/>\n<meta property=\"article:publisher\" content=\"https:\/\/www.facebook.com\/Lloretturisme\" \/>\n<meta property=\"article:modified_time\" content=\"2021-01-26T08:12:08+00:00\" \/>\n<meta property=\"og:image\" content=\"https:\/\/lloretdemar.org\/wp-content\/uploads\/2020\/02\/slide-moures.jpg\" \/>\n\t<meta property=\"og:image:width\" content=\"1920\" \/>\n\t<meta property=\"og:image:height\" content=\"885\" \/>\n\t<meta property=\"og:image:type\" content=\"image\/jpeg\" \/>\n<meta name=\"twitter:card\" content=\"summary_large_image\" \/>\n<meta name=\"twitter:site\" content=\"@lloretturisme\" \/>\n<script type=\"application\/ld+json\" class=\"yoast-schema-graph\">{\"@context\":\"https:\\\/\\\/schema.org\",\"@graph\":[{\"@type\":\"WebPage\",\"@id\":\"https:\\\/\\\/lloretdemar.org\\\/de\\\/planen-sie-ihre-reise\\\/unterwegs-in-lloret\\\/\",\"url\":\"https:\\\/\\\/lloretdemar.org\\\/de\\\/planen-sie-ihre-reise\\\/unterwegs-in-lloret\\\/\",\"name\":\"Unterwegs in Lloret - Lloret de Mar\",\"isPartOf\":{\"@id\":\"https:\\\/\\\/lloretdemar.org\\\/de\\\/#website\"},\"datePublished\":\"2019-05-28T08:05:19+00:00\",\"dateModified\":\"2021-01-26T08:12:08+00:00\",\"description\":\"Lloret de Mar\",\"breadcrumb\":{\"@id\":\"https:\\\/\\\/lloretdemar.org\\\/de\\\/planen-sie-ihre-reise\\\/unterwegs-in-lloret\\\/#breadcrumb\"},\"inLanguage\":\"de\",\"potentialAction\":[{\"@type\":\"ReadAction\",\"target\":[\"https:\\\/\\\/lloretdemar.org\\\/de\\\/planen-sie-ihre-reise\\\/unterwegs-in-lloret\\\/\"]}]},{\"@type\":\"BreadcrumbList\",\"@id\":\"https:\\\/\\\/lloretdemar.org\\\/de\\\/planen-sie-ihre-reise\\\/unterwegs-in-lloret\\\/#breadcrumb\",\"itemListElement\":[{\"@type\":\"ListItem\",\"position\":1,\"name\":\"Home\",\"item\":\"https:\\\/\\\/lloretdemar.org\\\/de\\\/\"},{\"@type\":\"ListItem\",\"position\":2,\"name\":\"Planen Sie Ihre Reise\",\"item\":\"https:\\\/\\\/lloretdemar.org\\\/de\\\/planen-sie-ihre-reise\\\/\"},{\"@type\":\"ListItem\",\"position\":3,\"name\":\"Unterwegs in Lloret\"}]},{\"@type\":\"WebSite\",\"@id\":\"https:\\\/\\\/lloretdemar.org\\\/de\\\/#website\",\"url\":\"https:\\\/\\\/lloretdemar.org\\\/de\\\/\",\"name\":\"Lloret de Mar\",\"description\":\"\",\"publisher\":{\"@id\":\"https:\\\/\\\/lloretdemar.org\\\/de\\\/#organization\"},\"potentialAction\":[{\"@type\":\"SearchAction\",\"target\":{\"@type\":\"EntryPoint\",\"urlTemplate\":\"https:\\\/\\\/lloretdemar.org\\\/de\\\/?s={search_term_string}\"},\"query-input\":{\"@type\":\"PropertyValueSpecification\",\"valueRequired\":true,\"valueName\":\"search_term_string\"}}],\"inLanguage\":\"de\"},{\"@type\":\"Organization\",\"@id\":\"https:\\\/\\\/lloretdemar.org\\\/de\\\/#organization\",\"name\":\"Lloret de Mar\",\"url\":\"https:\\\/\\\/lloretdemar.org\\\/de\\\/\",\"logo\":{\"@type\":\"ImageObject\",\"inLanguage\":\"de\",\"@id\":\"https:\\\/\\\/lloretdemar.org\\\/de\\\/#\\\/schema\\\/logo\\\/image\\\/\",\"url\":\"https:\\\/\\\/lloretdemar.org\\\/wp-content\\\/uploads\\\/2020\\\/05\\\/lloret-de-mar-logo.png\",\"contentUrl\":\"https:\\\/\\\/lloretdemar.org\\\/wp-content\\\/uploads\\\/2020\\\/05\\\/lloret-de-mar-logo.png\",\"width\":87,\"height\":38,\"caption\":\"Lloret de Mar\"},\"image\":{\"@id\":\"https:\\\/\\\/lloretdemar.org\\\/de\\\/#\\\/schema\\\/logo\\\/image\\\/\"},\"sameAs\":[\"https:\\\/\\\/www.facebook.com\\\/Lloretturisme\",\"https:\\\/\\\/x.com\\\/lloretturisme\",\"https:\\\/\\\/instagram.com\\\/lloretturisme\",\"https:\\\/\\\/www.youtube.com\\\/LloretTurisme\"]}]}<\/script>\n<!-- \/ Yoast SEO plugin. -->","yoast_head_json":{"title":"Unterwegs in Lloret - Lloret de Mar","robots":{"index":"index","follow":"follow","max-snippet":"max-snippet:-1","max-image-preview":"max-image-preview:large","max-video-preview":"max-video-preview:-1"},"canonical":"https:\/\/lloretdemar.org\/de\/planen-sie-ihre-reise\/unterwegs-in-lloret\/","og_locale":"de_DE","og_type":"article","og_title":"Unterwegs in Lloret - Lloret de Mar","og_url":"https:\/\/lloretdemar.org\/de\/planen-sie-ihre-reise\/unterwegs-in-lloret\/","og_site_name":"Lloret de Mar","article_publisher":"https:\/\/www.facebook.com\/Lloretturisme","article_modified_time":"2021-01-26T08:12:08+00:00","og_image":[{"width":1920,"height":885,"url":"https:\/\/lloretdemar.org\/wp-content\/uploads\/2020\/02\/slide-moures.jpg","type":"image\/jpeg"}],"twitter_card":"summary_large_image","twitter_site":"@lloretturisme","schema":{"@context":"https:\/\/schema.org","@graph":[{"@type":"WebPage","@id":"https:\/\/lloretdemar.org\/de\/planen-sie-ihre-reise\/unterwegs-in-lloret\/","url":"https:\/\/lloretdemar.org\/de\/planen-sie-ihre-reise\/unterwegs-in-lloret\/","name":"Unterwegs in Lloret - Lloret de Mar","isPartOf":{"@id":"https:\/\/lloretdemar.org\/de\/#website"},"datePublished":"2019-05-28T08:05:19+00:00","dateModified":"2021-01-26T08:12:08+00:00","description":"Lloret de Mar","breadcrumb":{"@id":"https:\/\/lloretdemar.org\/de\/planen-sie-ihre-reise\/unterwegs-in-lloret\/#breadcrumb"},"inLanguage":"de","potentialAction":[{"@type":"ReadAction","target":["https:\/\/lloretdemar.org\/de\/planen-sie-ihre-reise\/unterwegs-in-lloret\/"]}]},{"@type":"BreadcrumbList","@id":"https:\/\/lloretdemar.org\/de\/planen-sie-ihre-reise\/unterwegs-in-lloret\/#breadcrumb","itemListElement":[{"@type":"ListItem","position":1,"name":"Home","item":"https:\/\/lloretdemar.org\/de\/"},{"@type":"ListItem","position":2,"name":"Planen Sie Ihre Reise","item":"https:\/\/lloretdemar.org\/de\/planen-sie-ihre-reise\/"},{"@type":"ListItem","position":3,"name":"Unterwegs in Lloret"}]},{"@type":"WebSite","@id":"https:\/\/lloretdemar.org\/de\/#website","url":"https:\/\/lloretdemar.org\/de\/","name":"Lloret de Mar","description":"","publisher":{"@id":"https:\/\/lloretdemar.org\/de\/#organization"},"potentialAction":[{"@type":"SearchAction","target":{"@type":"EntryPoint","urlTemplate":"https:\/\/lloretdemar.org\/de\/?s={search_term_string}"},"query-input":{"@type":"PropertyValueSpecification","valueRequired":true,"valueName":"search_term_string"}}],"inLanguage":"de"},{"@type":"Organization","@id":"https:\/\/lloretdemar.org\/de\/#organization","name":"Lloret de Mar","url":"https:\/\/lloretdemar.org\/de\/","logo":{"@type":"ImageObject","inLanguage":"de","@id":"https:\/\/lloretdemar.org\/de\/#\/schema\/logo\/image\/","url":"https:\/\/lloretdemar.org\/wp-content\/uploads\/2020\/05\/lloret-de-mar-logo.png","contentUrl":"https:\/\/lloretdemar.org\/wp-content\/uploads\/2020\/05\/lloret-de-mar-logo.png","width":87,"height":38,"caption":"Lloret de Mar"},"image":{"@id":"https:\/\/lloretdemar.org\/de\/#\/schema\/logo\/image\/"},"sameAs":["https:\/\/www.facebook.com\/Lloretturisme","https:\/\/x.com\/lloretturisme","https:\/\/instagram.com\/lloretturisme","https:\/\/www.youtube.com\/LloretTurisme"]}]}},"_links":{"self":[{"href":"https:\/\/lloretdemar.org\/de\/wp-json\/wp\/v2\/pages\/13520","targetHints":{"allow":["GET"]}}],"collection":[{"href":"https:\/\/lloretdemar.org\/de\/wp-json\/wp\/v2\/pages"}],"about":[{"href":"https:\/\/lloretdemar.org\/de\/wp-json\/wp\/v2\/types\/page"}],"author":[{"embeddable":true,"href":"https:\/\/lloretdemar.org\/de\/wp-json\/wp\/v2\/users\/12"}],"replies":[{"embeddable":true,"href":"https:\/\/lloretdemar.org\/de\/wp-json\/wp\/v2\/comments?post=13520"}],"version-history":[{"count":0,"href":"https:\/\/lloretdemar.org\/de\/wp-json\/wp\/v2\/pages\/13520\/revisions"}],"up":[{"embeddable":true,"href":"https:\/\/lloretdemar.org\/de\/wp-json\/wp\/v2\/pages\/13041"}],"wp:attachment":[{"href":"https:\/\/lloretdemar.org\/de\/wp-json\/wp\/v2\/media?parent=13520"}],"curies":[{"name":"wp","href":"https:\/\/api.w.org\/{rel}","templated":true}]}}