{"id":13517,"date":"2019-05-29T14:01:00","date_gmt":"2019-05-29T12:01:00","guid":{"rendered":"http:\/\/lloretdemar.org\/planifica-el-teu-viatge\/com-arribar-tren\/"},"modified":"2020-12-09T11:35:51","modified_gmt":"2020-12-09T10:35:51","slug":"com-arribar-en-tren","status":"publish","type":"page","link":"https:\/\/lloretdemar.org\/de\/planen-sie-ihre-reise\/com-arribar-en-tren\/","title":{"rendered":"Com arribar en tren"},"content":{"rendered":"","protected":false},"excerpt":{"rendered":"","protected":false},"author":12,"featured_media":0,"parent":13041,"menu_order":0,"comment_status":"closed","ping_status":"closed","template":"page-templates\/com-arribar1-14.php","meta":{"_acf_changed":false,"content-type":"","footnotes":""},"class_list":["post-13517","page","type-page","status-publish","hentry"],"acf":{"banner_imatge":13350,"banner_titol":"Anreise nach Lloret mit dem Zug  ","banner_subtitol":"","botons_blanc_o_negres":"defecte","banner_links":null,"apartats":[{"acf_fc_layout":"bloc_text","titol":"Mit dem Zug ","subtitol":"","descripcio":"Lloret de Mar verf\u00fcgt \u00fcber keine Direktanbindung per Zug, befindet sich aber in der N\u00e4he der 2 Hauptlinien, die nach Barcelona und Frankreich f\u00fchren.\r\n\r\nWenn Sie nach Barcelona fahren m\u00f6chten, m\u00fcssen Sie die Linie \u201eCercan\u00edas de la costa\u201c am Bahnhof in Blanes nehmen. Von der Busstation in Lloret fahren jede halbe Stunde Busse der Firma Pujol nach Blanes.\r\n\r\nDie Z\u00fcge nach Barcelona fahren jede halbe Stunde und die Fahrt dauert 1 Stunde und 20 Minuten.\r\nEine weitere M\u00f6glichkeit bietet der Bahnhof von Gerona in 41 km Entfernung mit Mittel- und Langstreckenz\u00fcgen.\r\n\r\n<a href=\"https:\/\/www.renfe.com\/es\/en\/suburban\/suburban-barcelona\/timetables\" target=\"_blank\" rel=\"noopener\">Fahrzeiten Renfe einsehen\u00a0<\/a>"}],"com_arribar_blocs":null},"yoast_head":"<!-- This site is optimized with the Yoast SEO plugin v27.5 - https:\/\/yoast.com\/product\/yoast-seo-wordpress\/ -->\n<title>Com arribar en tren - Lloret de Mar<\/title>\n<meta name=\"robots\" content=\"index, follow, max-snippet:-1, max-image-preview:large, max-video-preview:-1\" \/>\n<link rel=\"canonical\" href=\"https:\/\/lloretdemar.org\/de\/planen-sie-ihre-reise\/com-arribar-en-tren\/\" \/>\n<meta property=\"og:locale\" content=\"de_DE\" \/>\n<meta property=\"og:type\" content=\"article\" \/>\n<meta property=\"og:title\" content=\"Com arribar en tren - Lloret de Mar\" \/>\n<meta property=\"og:url\" content=\"https:\/\/lloretdemar.org\/de\/planen-sie-ihre-reise\/com-arribar-en-tren\/\" \/>\n<meta property=\"og:site_name\" content=\"Lloret de Mar\" \/>\n<meta property=\"article:publisher\" content=\"https:\/\/www.facebook.com\/Lloretturisme\" \/>\n<meta property=\"article:modified_time\" content=\"2020-12-09T10:35:51+00:00\" \/>\n<meta property=\"og:image\" content=\"https:\/\/lloretdemar.org\/wp-content\/uploads\/2020\/02\/slide-tren.jpg\" \/>\n\t<meta property=\"og:image:width\" content=\"1920\" \/>\n\t<meta property=\"og:image:height\" content=\"885\" \/>\n\t<meta property=\"og:image:type\" content=\"image\/jpeg\" \/>\n<meta name=\"twitter:card\" content=\"summary_large_image\" \/>\n<meta name=\"twitter:site\" content=\"@lloretturisme\" \/>\n<script type=\"application\/ld+json\" class=\"yoast-schema-graph\">{\"@context\":\"https:\\\/\\\/schema.org\",\"@graph\":[{\"@type\":\"WebPage\",\"@id\":\"https:\\\/\\\/lloretdemar.org\\\/de\\\/planen-sie-ihre-reise\\\/com-arribar-en-tren\\\/\",\"url\":\"https:\\\/\\\/lloretdemar.org\\\/de\\\/planen-sie-ihre-reise\\\/com-arribar-en-tren\\\/\",\"name\":\"Com arribar en tren - Lloret de Mar\",\"isPartOf\":{\"@id\":\"https:\\\/\\\/lloretdemar.org\\\/de\\\/#website\"},\"datePublished\":\"2019-05-29T12:01:00+00:00\",\"dateModified\":\"2020-12-09T10:35:51+00:00\",\"description\":\"Lloret de Mar\",\"breadcrumb\":{\"@id\":\"https:\\\/\\\/lloretdemar.org\\\/de\\\/planen-sie-ihre-reise\\\/com-arribar-en-tren\\\/#breadcrumb\"},\"inLanguage\":\"de\",\"potentialAction\":[{\"@type\":\"ReadAction\",\"target\":[\"https:\\\/\\\/lloretdemar.org\\\/de\\\/planen-sie-ihre-reise\\\/com-arribar-en-tren\\\/\"]}]},{\"@type\":\"BreadcrumbList\",\"@id\":\"https:\\\/\\\/lloretdemar.org\\\/de\\\/planen-sie-ihre-reise\\\/com-arribar-en-tren\\\/#breadcrumb\",\"itemListElement\":[{\"@type\":\"ListItem\",\"position\":1,\"name\":\"Home\",\"item\":\"https:\\\/\\\/lloretdemar.org\\\/de\\\/\"},{\"@type\":\"ListItem\",\"position\":2,\"name\":\"Planen Sie Ihre Reise\",\"item\":\"https:\\\/\\\/lloretdemar.org\\\/de\\\/planen-sie-ihre-reise\\\/\"},{\"@type\":\"ListItem\",\"position\":3,\"name\":\"Com arribar en tren\"}]},{\"@type\":\"WebSite\",\"@id\":\"https:\\\/\\\/lloretdemar.org\\\/de\\\/#website\",\"url\":\"https:\\\/\\\/lloretdemar.org\\\/de\\\/\",\"name\":\"Lloret de Mar\",\"description\":\"\",\"publisher\":{\"@id\":\"https:\\\/\\\/lloretdemar.org\\\/de\\\/#organization\"},\"potentialAction\":[{\"@type\":\"SearchAction\",\"target\":{\"@type\":\"EntryPoint\",\"urlTemplate\":\"https:\\\/\\\/lloretdemar.org\\\/de\\\/?s={search_term_string}\"},\"query-input\":{\"@type\":\"PropertyValueSpecification\",\"valueRequired\":true,\"valueName\":\"search_term_string\"}}],\"inLanguage\":\"de\"},{\"@type\":\"Organization\",\"@id\":\"https:\\\/\\\/lloretdemar.org\\\/de\\\/#organization\",\"name\":\"Lloret de Mar\",\"url\":\"https:\\\/\\\/lloretdemar.org\\\/de\\\/\",\"logo\":{\"@type\":\"ImageObject\",\"inLanguage\":\"de\",\"@id\":\"https:\\\/\\\/lloretdemar.org\\\/de\\\/#\\\/schema\\\/logo\\\/image\\\/\",\"url\":\"https:\\\/\\\/lloretdemar.org\\\/wp-content\\\/uploads\\\/2020\\\/05\\\/lloret-de-mar-logo.png\",\"contentUrl\":\"https:\\\/\\\/lloretdemar.org\\\/wp-content\\\/uploads\\\/2020\\\/05\\\/lloret-de-mar-logo.png\",\"width\":87,\"height\":38,\"caption\":\"Lloret de Mar\"},\"image\":{\"@id\":\"https:\\\/\\\/lloretdemar.org\\\/de\\\/#\\\/schema\\\/logo\\\/image\\\/\"},\"sameAs\":[\"https:\\\/\\\/www.facebook.com\\\/Lloretturisme\",\"https:\\\/\\\/x.com\\\/lloretturisme\",\"https:\\\/\\\/instagram.com\\\/lloretturisme\",\"https:\\\/\\\/www.youtube.com\\\/LloretTurisme\"]}]}<\/script>\n<!-- \/ Yoast SEO plugin. -->","yoast_head_json":{"title":"Com arribar en tren - Lloret de Mar","robots":{"index":"index","follow":"follow","max-snippet":"max-snippet:-1","max-image-preview":"max-image-preview:large","max-video-preview":"max-video-preview:-1"},"canonical":"https:\/\/lloretdemar.org\/de\/planen-sie-ihre-reise\/com-arribar-en-tren\/","og_locale":"de_DE","og_type":"article","og_title":"Com arribar en tren - Lloret de Mar","og_url":"https:\/\/lloretdemar.org\/de\/planen-sie-ihre-reise\/com-arribar-en-tren\/","og_site_name":"Lloret de Mar","article_publisher":"https:\/\/www.facebook.com\/Lloretturisme","article_modified_time":"2020-12-09T10:35:51+00:00","og_image":[{"width":1920,"height":885,"url":"https:\/\/lloretdemar.org\/wp-content\/uploads\/2020\/02\/slide-tren.jpg","type":"image\/jpeg"}],"twitter_card":"summary_large_image","twitter_site":"@lloretturisme","schema":{"@context":"https:\/\/schema.org","@graph":[{"@type":"WebPage","@id":"https:\/\/lloretdemar.org\/de\/planen-sie-ihre-reise\/com-arribar-en-tren\/","url":"https:\/\/lloretdemar.org\/de\/planen-sie-ihre-reise\/com-arribar-en-tren\/","name":"Com arribar en tren - Lloret de Mar","isPartOf":{"@id":"https:\/\/lloretdemar.org\/de\/#website"},"datePublished":"2019-05-29T12:01:00+00:00","dateModified":"2020-12-09T10:35:51+00:00","description":"Lloret de Mar","breadcrumb":{"@id":"https:\/\/lloretdemar.org\/de\/planen-sie-ihre-reise\/com-arribar-en-tren\/#breadcrumb"},"inLanguage":"de","potentialAction":[{"@type":"ReadAction","target":["https:\/\/lloretdemar.org\/de\/planen-sie-ihre-reise\/com-arribar-en-tren\/"]}]},{"@type":"BreadcrumbList","@id":"https:\/\/lloretdemar.org\/de\/planen-sie-ihre-reise\/com-arribar-en-tren\/#breadcrumb","itemListElement":[{"@type":"ListItem","position":1,"name":"Home","item":"https:\/\/lloretdemar.org\/de\/"},{"@type":"ListItem","position":2,"name":"Planen Sie Ihre Reise","item":"https:\/\/lloretdemar.org\/de\/planen-sie-ihre-reise\/"},{"@type":"ListItem","position":3,"name":"Com arribar en tren"}]},{"@type":"WebSite","@id":"https:\/\/lloretdemar.org\/de\/#website","url":"https:\/\/lloretdemar.org\/de\/","name":"Lloret de Mar","description":"","publisher":{"@id":"https:\/\/lloretdemar.org\/de\/#organization"},"potentialAction":[{"@type":"SearchAction","target":{"@type":"EntryPoint","urlTemplate":"https:\/\/lloretdemar.org\/de\/?s={search_term_string}"},"query-input":{"@type":"PropertyValueSpecification","valueRequired":true,"valueName":"search_term_string"}}],"inLanguage":"de"},{"@type":"Organization","@id":"https:\/\/lloretdemar.org\/de\/#organization","name":"Lloret de Mar","url":"https:\/\/lloretdemar.org\/de\/","logo":{"@type":"ImageObject","inLanguage":"de","@id":"https:\/\/lloretdemar.org\/de\/#\/schema\/logo\/image\/","url":"https:\/\/lloretdemar.org\/wp-content\/uploads\/2020\/05\/lloret-de-mar-logo.png","contentUrl":"https:\/\/lloretdemar.org\/wp-content\/uploads\/2020\/05\/lloret-de-mar-logo.png","width":87,"height":38,"caption":"Lloret de Mar"},"image":{"@id":"https:\/\/lloretdemar.org\/de\/#\/schema\/logo\/image\/"},"sameAs":["https:\/\/www.facebook.com\/Lloretturisme","https:\/\/x.com\/lloretturisme","https:\/\/instagram.com\/lloretturisme","https:\/\/www.youtube.com\/LloretTurisme"]}]}},"_links":{"self":[{"href":"https:\/\/lloretdemar.org\/de\/wp-json\/wp\/v2\/pages\/13517","targetHints":{"allow":["GET"]}}],"collection":[{"href":"https:\/\/lloretdemar.org\/de\/wp-json\/wp\/v2\/pages"}],"about":[{"href":"https:\/\/lloretdemar.org\/de\/wp-json\/wp\/v2\/types\/page"}],"author":[{"embeddable":true,"href":"https:\/\/lloretdemar.org\/de\/wp-json\/wp\/v2\/users\/12"}],"replies":[{"embeddable":true,"href":"https:\/\/lloretdemar.org\/de\/wp-json\/wp\/v2\/comments?post=13517"}],"version-history":[{"count":0,"href":"https:\/\/lloretdemar.org\/de\/wp-json\/wp\/v2\/pages\/13517\/revisions"}],"up":[{"embeddable":true,"href":"https:\/\/lloretdemar.org\/de\/wp-json\/wp\/v2\/pages\/13041"}],"wp:attachment":[{"href":"https:\/\/lloretdemar.org\/de\/wp-json\/wp\/v2\/media?parent=13517"}],"curies":[{"name":"wp","href":"https:\/\/api.w.org\/{rel}","templated":true}]}}