{"id":13328,"date":"2019-05-28T10:01:11","date_gmt":"2019-05-28T08:01:11","guid":{"rendered":"http:\/\/lloretdemar.org\/planifica-el-teu-viatge\/com-arribar-carretera\/"},"modified":"2025-09-01T09:51:29","modified_gmt":"2025-09-01T07:51:29","slug":"com-arribar-per-carretera","status":"publish","type":"page","link":"https:\/\/lloretdemar.org\/de\/planen-sie-ihre-reise\/com-arribar-per-carretera\/","title":{"rendered":"Nutzung des Stra\u00dfenverkehrs"},"content":{"rendered":"","protected":false},"excerpt":{"rendered":"","protected":false},"author":12,"featured_media":0,"parent":13041,"menu_order":0,"comment_status":"closed","ping_status":"closed","template":"page-templates\/com-arribar1-14.php","meta":{"_acf_changed":false,"content-type":"","footnotes":""},"class_list":["post-13328","page","type-page","status-publish","hentry"],"acf":{"banner_imatge":13337,"banner_titol":"Anreise nach Lloret unter Nutzung des Stra\u00dfenverkehrs  ","banner_subtitol":"","botons_blanc_o_negres":"defecte","banner_links":[{"es_post":false,"banner_link":{"title":"Mit dem Bus","url":"#autobus","target":""},"link_intern":null,"link_intern_titol":""},{"es_post":false,"banner_link":{"title":"Mit dem Auto ","url":"#cotxe","target":""},"link_intern":null,"link_intern_titol":""},{"es_post":false,"banner_link":{"title":"Mit dem Taxi","url":"#taxi","target":""},"link_intern":null,"link_intern_titol":""}],"apartats":null,"com_arribar_blocs":[{"acf_fc_layout":"autobus","titol":"Mit dem Bus ","text":"Lloret de Mar ist mit Barcelona, Gerona und den wichtigsten St\u00e4dten Europas \u00fcber regul\u00e4re Linien und Gelegenheitsverkehr verbunden. Lloret verf\u00fcgt \u00fcber einen internationalen Busbahnhof und private Busstationen, die Dienste f\u00fcr ausl\u00e4ndische Busunternehmen anbieten.\r\n\r\nEbenso stehen an verschiedenen Punkten der Stadt spezielle Parkpl\u00e4tze zur Verf\u00fcgung.","imatge":13335,"titol_horaris":"","subtitol_horaris":"","horaris":[{"titol":"Fahrzeiten","informacio":"<a href=\"https:\/\/mylloret.lloretdemar.org\/hubfs\/Horaris%20bus\/QR%20Horaris%20bus.pdf\"><strong>ST\u00c4DTE<\/strong><\/a>\r\n\r\n<strong><a href=\"https:\/\/mylloret.lloretdemar.org\/hubfs\/Horaris%20bus\/QR%20Horaris%20bus%20aeroports.pdf\">FLUGH\u00c4FEN<\/a>\r\n<\/strong>\r\n\r\n&nbsp;\r\n\r\n<a href=\"https:\/\/mylloret.lloretdemar.org\/hubfs\/Horaris%20bus\/Barcelona.png\"><strong>Barcelona Estaci\u00f3 Nord<\/strong><\/a>\r\n\r\n<a href=\"https:\/\/mylloret.lloretdemar.org\/hubfs\/Horaris%20bus\/Blanes.png\"><strong>Blanes Stadtzentrum<\/strong><\/a>\r\n\r\n<a href=\"https:\/\/mylloret.lloretdemar.org\/hubfs\/Horaris%20bus\/Tossa.png\"><strong>Tossa de Mar<\/strong><\/a>\r\n\r\n<a href=\"https:\/\/mylloret.lloretdemar.org\/hubfs\/Horaris%20bus\/Blanes%20renfe.png\"><strong>Blanes Bahnhof Zug Renfe<\/strong><\/a>\r\n\r\n<a href=\"https:\/\/mylloret.lloretdemar.org\/hubfs\/Horaris%20bus\/Girona.png\"><strong>Girona<\/strong><\/a>\r\n\r\n<a href=\"https:\/\/mylloret.lloretdemar.org\/hubfs\/Horaris%20bus\/Olot.png\"><strong>Olot<\/strong><\/a>\r\n\r\n&nbsp;\r\n\r\n<a href=\"https:\/\/mylloret.lloretdemar.org\/hubfs\/Horaris%20bus\/Barcelona%20aeroport.png\"><strong>Barcelona Flughafen<\/strong><\/a>\r\n\r\n<a href=\"https:\/\/mylloret.lloretdemar.org\/hubfs\/Horaris%20bus\/Girona%20aeroport.png\"><strong>Girona Flughafen<\/strong><\/a>"}]},{"acf_fc_layout":"cotxe","titol":"Mit dem Auto ","text":"Lloret de Mar erreicht man \u00fcber drei Stra\u00dfen.\r\nAus dem S\u00fcden verbindet die K\u00fcstenautobahn C-32 Barcelona mit Lloret bis nach Blanes. Die letzten 12 km f\u00fchren \u00fcber die Stra\u00dfen GI-600 in Richtung Blanes und die GI-682 in Richtung Lloret de Mar.\r\n\r\nAus dem Norden muss man ab Frankreich der Autobahn AP-7 bis zur Ausfahrt 9 (Lloret de Mar) folgen. Die letzten 14 Kilometer f\u00fchren \u00fcber die Schnellstra\u00dfe C-63.\r\n\r\nAus dem Nordosten muss man von Tossa 12 Kilometer auf der GI-682 nach Lloret zur\u00fccklegen. Einmal in Lloret angekommen, stehen Ihnen als Besucher verschiedene \u00f6ffentliche und private Parkpl\u00e4tze zur Verf\u00fcgung, um Ihr Fahrzeug w\u00e4hrend Ihres Aufenthaltes zu parken.\r\n\r\nBarcelona \u2013 Lloret de Mar: 80 km, 60 Min.\r\nGerona \u2013 Lloret de Mar: 42 km, 30 Min.\r\nPerpignan \u2013 Lloret de Mar: 115 km, 90 Min.","imatge":13336,"titol_sortides":"Autobahnabfahrten","sortides":[{"sortida":"\u2022\tAUTOBAHN AP7 AUSFAHRT 9"},{"sortida":"\u2022\tAUTOBAHN C32 AUSFAHRT 134"},{"sortida":"\u2022\tSCHNELLSTRA\u00dfE NII LLORET DE MAR "}],"llistat_cotxe":[{"titol":"Weitere Informationen","text":"&nbsp;\r\n\r\n<a href=\"https:\/\/www.lloret.cat\/\">https:\/\/www.lloret.cat\/<\/a>"}]},{"acf_fc_layout":"taxi","titol":"Mit dem Taxi ","text":"Lloret verf\u00fcgt \u00fcber eine Taxiflotte mit mehr als 40 Fahrzeugen. Es gibt Taxis f\u00fcr 4 bis 7 Personen und f\u00fcr Personen mit eingeschr\u00e4nkter Mobilit\u00e4t. Sie erkennen sie an ihrer wei\u00dfen Farbe und einem entsprechenden Schild.","imatge":13334,"text_esquerra":"<h2>Taxis Lloret<\/h2>\r\n<h3>INFORMATIONEN UND INDIKATIVE PREISE<\/h3>\r\n<a href=\"http:\/\/www.taxi-lloret.com\" target=\"_blank\" rel=\"noopener\">www.taxi-lloret.com<\/a>\r\nTel. 972 362 525 - 972 362 000\r\n\r\n&nbsp;\r\n\r\n&nbsp;\r\n\r\n<a href=\"https:\/\/www.lloret.cat\/seccions\/mobilitat\/taxis\" target=\"_blank\" rel=\"noopener\"><span style=\"text-decoration: underline;\">Weitere Informationen<\/span><\/a>"}]},"yoast_head":"<!-- This site is optimized with the Yoast SEO plugin v27.5 - https:\/\/yoast.com\/product\/yoast-seo-wordpress\/ -->\n<title>Nutzung des Stra\u00dfenverkehrs - Lloret de Mar<\/title>\n<meta name=\"robots\" content=\"index, follow, max-snippet:-1, max-image-preview:large, max-video-preview:-1\" \/>\n<link rel=\"canonical\" href=\"https:\/\/lloretdemar.org\/de\/planen-sie-ihre-reise\/com-arribar-per-carretera\/\" \/>\n<meta property=\"og:locale\" content=\"de_DE\" \/>\n<meta property=\"og:type\" content=\"article\" \/>\n<meta property=\"og:title\" content=\"Nutzung des Stra\u00dfenverkehrs - Lloret de Mar\" \/>\n<meta property=\"og:url\" content=\"https:\/\/lloretdemar.org\/de\/planen-sie-ihre-reise\/com-arribar-per-carretera\/\" \/>\n<meta property=\"og:site_name\" content=\"Lloret de Mar\" \/>\n<meta property=\"article:publisher\" content=\"https:\/\/www.facebook.com\/Lloretturisme\" \/>\n<meta property=\"article:modified_time\" content=\"2025-09-01T07:51:29+00:00\" \/>\n<meta property=\"og:image\" content=\"https:\/\/lloretdemar.org\/wp-content\/uploads\/2020\/02\/carretera.jpg\" \/>\n\t<meta property=\"og:image:width\" content=\"1920\" \/>\n\t<meta property=\"og:image:height\" content=\"885\" \/>\n\t<meta property=\"og:image:type\" content=\"image\/jpeg\" \/>\n<meta name=\"twitter:card\" content=\"summary_large_image\" \/>\n<meta name=\"twitter:site\" content=\"@lloretturisme\" \/>\n<script type=\"application\/ld+json\" class=\"yoast-schema-graph\">{\"@context\":\"https:\\\/\\\/schema.org\",\"@graph\":[{\"@type\":\"WebPage\",\"@id\":\"https:\\\/\\\/lloretdemar.org\\\/de\\\/planen-sie-ihre-reise\\\/com-arribar-per-carretera\\\/\",\"url\":\"https:\\\/\\\/lloretdemar.org\\\/de\\\/planen-sie-ihre-reise\\\/com-arribar-per-carretera\\\/\",\"name\":\"Nutzung des Stra\u00dfenverkehrs - Lloret de Mar\",\"isPartOf\":{\"@id\":\"https:\\\/\\\/lloretdemar.org\\\/de\\\/#website\"},\"datePublished\":\"2019-05-28T08:01:11+00:00\",\"dateModified\":\"2025-09-01T07:51:29+00:00\",\"description\":\"Lloret de Mar\",\"breadcrumb\":{\"@id\":\"https:\\\/\\\/lloretdemar.org\\\/de\\\/planen-sie-ihre-reise\\\/com-arribar-per-carretera\\\/#breadcrumb\"},\"inLanguage\":\"de\",\"potentialAction\":[{\"@type\":\"ReadAction\",\"target\":[\"https:\\\/\\\/lloretdemar.org\\\/de\\\/planen-sie-ihre-reise\\\/com-arribar-per-carretera\\\/\"]}]},{\"@type\":\"BreadcrumbList\",\"@id\":\"https:\\\/\\\/lloretdemar.org\\\/de\\\/planen-sie-ihre-reise\\\/com-arribar-per-carretera\\\/#breadcrumb\",\"itemListElement\":[{\"@type\":\"ListItem\",\"position\":1,\"name\":\"Home\",\"item\":\"https:\\\/\\\/lloretdemar.org\\\/de\\\/\"},{\"@type\":\"ListItem\",\"position\":2,\"name\":\"Planen Sie Ihre Reise\",\"item\":\"https:\\\/\\\/lloretdemar.org\\\/de\\\/planen-sie-ihre-reise\\\/\"},{\"@type\":\"ListItem\",\"position\":3,\"name\":\"Nutzung des Stra\u00dfenverkehrs\"}]},{\"@type\":\"WebSite\",\"@id\":\"https:\\\/\\\/lloretdemar.org\\\/de\\\/#website\",\"url\":\"https:\\\/\\\/lloretdemar.org\\\/de\\\/\",\"name\":\"Lloret de Mar\",\"description\":\"\",\"publisher\":{\"@id\":\"https:\\\/\\\/lloretdemar.org\\\/de\\\/#organization\"},\"potentialAction\":[{\"@type\":\"SearchAction\",\"target\":{\"@type\":\"EntryPoint\",\"urlTemplate\":\"https:\\\/\\\/lloretdemar.org\\\/de\\\/?s={search_term_string}\"},\"query-input\":{\"@type\":\"PropertyValueSpecification\",\"valueRequired\":true,\"valueName\":\"search_term_string\"}}],\"inLanguage\":\"de\"},{\"@type\":\"Organization\",\"@id\":\"https:\\\/\\\/lloretdemar.org\\\/de\\\/#organization\",\"name\":\"Lloret de Mar\",\"url\":\"https:\\\/\\\/lloretdemar.org\\\/de\\\/\",\"logo\":{\"@type\":\"ImageObject\",\"inLanguage\":\"de\",\"@id\":\"https:\\\/\\\/lloretdemar.org\\\/de\\\/#\\\/schema\\\/logo\\\/image\\\/\",\"url\":\"https:\\\/\\\/lloretdemar.org\\\/wp-content\\\/uploads\\\/2020\\\/05\\\/lloret-de-mar-logo.png\",\"contentUrl\":\"https:\\\/\\\/lloretdemar.org\\\/wp-content\\\/uploads\\\/2020\\\/05\\\/lloret-de-mar-logo.png\",\"width\":87,\"height\":38,\"caption\":\"Lloret de Mar\"},\"image\":{\"@id\":\"https:\\\/\\\/lloretdemar.org\\\/de\\\/#\\\/schema\\\/logo\\\/image\\\/\"},\"sameAs\":[\"https:\\\/\\\/www.facebook.com\\\/Lloretturisme\",\"https:\\\/\\\/x.com\\\/lloretturisme\",\"https:\\\/\\\/instagram.com\\\/lloretturisme\",\"https:\\\/\\\/www.youtube.com\\\/LloretTurisme\"]}]}<\/script>\n<!-- \/ Yoast SEO plugin. -->","yoast_head_json":{"title":"Nutzung des Stra\u00dfenverkehrs - Lloret de Mar","robots":{"index":"index","follow":"follow","max-snippet":"max-snippet:-1","max-image-preview":"max-image-preview:large","max-video-preview":"max-video-preview:-1"},"canonical":"https:\/\/lloretdemar.org\/de\/planen-sie-ihre-reise\/com-arribar-per-carretera\/","og_locale":"de_DE","og_type":"article","og_title":"Nutzung des Stra\u00dfenverkehrs - Lloret de Mar","og_url":"https:\/\/lloretdemar.org\/de\/planen-sie-ihre-reise\/com-arribar-per-carretera\/","og_site_name":"Lloret de Mar","article_publisher":"https:\/\/www.facebook.com\/Lloretturisme","article_modified_time":"2025-09-01T07:51:29+00:00","og_image":[{"width":1920,"height":885,"url":"https:\/\/lloretdemar.org\/wp-content\/uploads\/2020\/02\/carretera.jpg","type":"image\/jpeg"}],"twitter_card":"summary_large_image","twitter_site":"@lloretturisme","schema":{"@context":"https:\/\/schema.org","@graph":[{"@type":"WebPage","@id":"https:\/\/lloretdemar.org\/de\/planen-sie-ihre-reise\/com-arribar-per-carretera\/","url":"https:\/\/lloretdemar.org\/de\/planen-sie-ihre-reise\/com-arribar-per-carretera\/","name":"Nutzung des Stra\u00dfenverkehrs - Lloret de Mar","isPartOf":{"@id":"https:\/\/lloretdemar.org\/de\/#website"},"datePublished":"2019-05-28T08:01:11+00:00","dateModified":"2025-09-01T07:51:29+00:00","description":"Lloret de Mar","breadcrumb":{"@id":"https:\/\/lloretdemar.org\/de\/planen-sie-ihre-reise\/com-arribar-per-carretera\/#breadcrumb"},"inLanguage":"de","potentialAction":[{"@type":"ReadAction","target":["https:\/\/lloretdemar.org\/de\/planen-sie-ihre-reise\/com-arribar-per-carretera\/"]}]},{"@type":"BreadcrumbList","@id":"https:\/\/lloretdemar.org\/de\/planen-sie-ihre-reise\/com-arribar-per-carretera\/#breadcrumb","itemListElement":[{"@type":"ListItem","position":1,"name":"Home","item":"https:\/\/lloretdemar.org\/de\/"},{"@type":"ListItem","position":2,"name":"Planen Sie Ihre Reise","item":"https:\/\/lloretdemar.org\/de\/planen-sie-ihre-reise\/"},{"@type":"ListItem","position":3,"name":"Nutzung des Stra\u00dfenverkehrs"}]},{"@type":"WebSite","@id":"https:\/\/lloretdemar.org\/de\/#website","url":"https:\/\/lloretdemar.org\/de\/","name":"Lloret de Mar","description":"","publisher":{"@id":"https:\/\/lloretdemar.org\/de\/#organization"},"potentialAction":[{"@type":"SearchAction","target":{"@type":"EntryPoint","urlTemplate":"https:\/\/lloretdemar.org\/de\/?s={search_term_string}"},"query-input":{"@type":"PropertyValueSpecification","valueRequired":true,"valueName":"search_term_string"}}],"inLanguage":"de"},{"@type":"Organization","@id":"https:\/\/lloretdemar.org\/de\/#organization","name":"Lloret de Mar","url":"https:\/\/lloretdemar.org\/de\/","logo":{"@type":"ImageObject","inLanguage":"de","@id":"https:\/\/lloretdemar.org\/de\/#\/schema\/logo\/image\/","url":"https:\/\/lloretdemar.org\/wp-content\/uploads\/2020\/05\/lloret-de-mar-logo.png","contentUrl":"https:\/\/lloretdemar.org\/wp-content\/uploads\/2020\/05\/lloret-de-mar-logo.png","width":87,"height":38,"caption":"Lloret de Mar"},"image":{"@id":"https:\/\/lloretdemar.org\/de\/#\/schema\/logo\/image\/"},"sameAs":["https:\/\/www.facebook.com\/Lloretturisme","https:\/\/x.com\/lloretturisme","https:\/\/instagram.com\/lloretturisme","https:\/\/www.youtube.com\/LloretTurisme"]}]}},"_links":{"self":[{"href":"https:\/\/lloretdemar.org\/de\/wp-json\/wp\/v2\/pages\/13328","targetHints":{"allow":["GET"]}}],"collection":[{"href":"https:\/\/lloretdemar.org\/de\/wp-json\/wp\/v2\/pages"}],"about":[{"href":"https:\/\/lloretdemar.org\/de\/wp-json\/wp\/v2\/types\/page"}],"author":[{"embeddable":true,"href":"https:\/\/lloretdemar.org\/de\/wp-json\/wp\/v2\/users\/12"}],"replies":[{"embeddable":true,"href":"https:\/\/lloretdemar.org\/de\/wp-json\/wp\/v2\/comments?post=13328"}],"version-history":[{"count":72,"href":"https:\/\/lloretdemar.org\/de\/wp-json\/wp\/v2\/pages\/13328\/revisions"}],"predecessor-version":[{"id":41614,"href":"https:\/\/lloretdemar.org\/de\/wp-json\/wp\/v2\/pages\/13328\/revisions\/41614"}],"up":[{"embeddable":true,"href":"https:\/\/lloretdemar.org\/de\/wp-json\/wp\/v2\/pages\/13041"}],"wp:attachment":[{"href":"https:\/\/lloretdemar.org\/de\/wp-json\/wp\/v2\/media?parent=13328"}],"curies":[{"name":"wp","href":"https:\/\/api.w.org\/{rel}","templated":true}]}}