{"id":13286,"date":"2019-05-28T14:11:21","date_gmt":"2019-05-28T12:11:21","guid":{"rendered":"http:\/\/lloretdemar.org\/sobre-lloret-de-mar\/informacio-practica-sobre-lloret-de-mar\/"},"modified":"2022-09-22T12:42:23","modified_gmt":"2022-09-22T10:42:23","slug":"nutzliche-informationen-fur-ihren-aufenthalt","status":"publish","type":"page","link":"https:\/\/lloretdemar.org\/de\/was-sie-in-lloret-de-mar-tun-konnen\/nutzliche-informationen-fur-ihren-aufenthalt\/","title":{"rendered":"N\u00fctzliche Informationen f\u00fcr Ihren Aufenthalt"},"content":{"rendered":"","protected":false},"excerpt":{"rendered":"","protected":false},"author":12,"featured_media":0,"parent":18644,"menu_order":0,"comment_status":"closed","ping_status":"closed","template":"page-templates\/informacio-3.php","meta":{"_acf_changed":false,"content-type":"","footnotes":""},"class_list":["post-13286","page","type-page","status-publish","hentry"],"acf":{"banner_imatge":13294,"banner_titol":"N\u00fctzliche Informationen f\u00fcr Ihren Aufenthalt in Lloret de Mar ","banner_subtitol":"Alles, was Sie zur Vorbereitung Ihres Urlaubs in Lloret de Mar brauchen","botons_blanc_o_negres":"defecte","banner_links":null,"apartats":[{"acf_fc_layout":"bloc_text","titol":"B\u00fcrgerkampagne","subtitol":"\u201eMit Respekt schaffen wir in Lloret ein gutes Miteinander\u201c","descripcio":"In den letzten drei Jahren hat Lloret de Mar verschiedene B\u00fcrgerkampagnen mit dem Motto \u00abCon respeto, en Lloret cabemos todos\u00bb (\u201eMit Respekt schaffen wir in Lloret ein gutes Miteinander\u201c) in die Wege geleitet.\r\nDiese Kampagnen sollen das Verh\u00e4ltnis zwischen den Einheimischen und Touristen f\u00f6rdern und verbessern. Beide Gruppen werden in ein gemeinschaftliches Projekt einbezogen, bei dem Respekt und Gemeinschaftssinn aus einer positiven und einander zugewandten Perspektive heraus gebildet werden und sich alle aktiv beteiligen k\u00f6nnen.\r\nDie Kampagnen behandeln Themen wie Zusammenleben, L\u00e4rm und Recycling.\r\n\r\nDie Kampagnen behandeln Themen wie Zusammenleben, L\u00e4rm und Recycling.\r\n- Posa\u2019t la samarreta \u2013 Kampagne 2017\r\nHier werden die Touristen daran erinnert, dass sie sich ein T-Shirt anziehen sollten, wenn sie vom Strand weggehen.\r\n- Enjoy the silence, Make peace not noise oder Love your ears \u2013 Kampagne 2018\r\nDiese Kampagne l\u00e4dt dazu ein, den L\u00e4rmpegel zu reduzieren, um ein gutes b\u00fcrgerliches Miteinander sicherzustellen, besonders in den Nachtstunden.\r\n- -No tractis Lloret com un residu. Ajuda\u2019ns a mantenir-lo m\u00e9s net i fer-lo sostenible \u2013 Kampagne 2019\r\nSie bezieht Besucher und Anwohner aktiv in den Umweltschutz und den verantwortungsvollen Umgang mit Abf\u00e4llen ein.\r\nSchon immer... gibt es in Lloret genug Platz f\u00fcr alle!"}],"columna_esquerra":"Sprache\r\nIn Lloret de Mar sind wie im Rest von Katalonien Spanisch und Katalanisch die offiziellen Sprachen. Dennoch verstehen und sprechen viele Leute aufgrund des hohen Tourismusaufkommens in der Region weitere Sprachen, wie zum Beispiel Englisch oder Franz\u00f6sisch.\r\n\r\nW\u00e4hrung\r\nDer Euro (\u20ac) ist die offizielle W\u00e4hrung der Europ\u00e4ischen Union. Sie kann in den Sparkassen, Banken, an Geldautomaten und an sonstigen Wechselstellen der Stadt umgetauscht werden.\r\nDie Banken sind von Montag bis Freitag von 8:30 bis 14:00 Uhr und Samstag von 8:30 bis 13:00 Uhr ge\u00f6ffnet (im Sommer sind sie am Samstag geschlossen). Die Sparkassen sind donnerstags auch am Nachmittag ge\u00f6ffnet, au\u00dfer im Sommer. Au\u00dferdem gibt es verschiedene Geldwechselstellen, die t\u00e4glich ge\u00f6ffnet sind.","columna_dreta":"\u00d6ffnungszeiten und Gepflogenheiten\r\n\u00d6ffnungszeiten:\r\nDie Gesch\u00e4fte von Lloret \u00f6fnen von Montag bis Samstag zwischen 9:00 und 10:00 Uhr und schlie\u00dfen zur Mittagspause zwischen 13:00 und 13:30. Am Nachmittag \u00f6ffnen sie wieder gegen 16:00 Uhr und schlie\u00dfen am Abend zwischen 20:00 und 20:30 Uhr. Im Sommer sind viele Gesch\u00e4fte bis 23:00 Uhr ge\u00f6ffnet (maximal erlaubte Zeit f\u00fcr den Gesch\u00e4ftsschluss). Einige \u00f6ffnen in den Sommermonaten auch am Sonntag. Pubs und Bars schlie\u00dfen um 3:00 Uhr und die Diskotheken um 5:00 Uhr.\r\n\r\nEssenszeiten:\r\nWie im Rest von Spanien finden die Mahlzeiten in Lloret de Mar etwas sp\u00e4ter statt als im restlichen Europa. Fr\u00fchst\u00fcck gibt es zwischen 9:00 und 11:00 Uhr und es f\u00e4llt f\u00fcr gew\u00f6hnlich sehr leicht aus. Mittag wird zwischen 13:30 und 15:30 Uhr gegessen und das Abendessen zwischen 20:30 und 22:30 Uhr. Die \u00d6ffnungszeiten der Restaurants sind an diese Zeiten angepasst, obwohl es Lokale gibt, in denen man den ganzen Tag \u00fcber oder sogar rund um die Uhr essen kann.\r\n\r\nWerkzeiten:\r\nDie morgendliche Arbeitszeit beginnt zwischen 8:00 und 9:00 Uhr und endet zwischen 13:00 und 13:30 Uhr. Am Nachmittag wird die Arbeit gegen 16:00 Uhr wieder aufgenommen und endet zwischen 19:00 und 19:30 Uhr (au\u00dfer bei der \u00f6ffentlichen Verwaltung und Bankinstituten, die eine durchgehende Arbeitszeit bis 14:00 oder 15:00 Uhr haben).","color_fons":"","imatge_fons":"","blocs_rosa_titol":"N\u00fctzliche Tools","blocs_rosa_subtitol":"Wichtiges zu Ihrem Aufenthalt in Lloret de Mar","blocs_rosa":[{"imatge":30880,"titol":"Reisebrosch\u00fcren ","subtitol":"","links":[{"link":{"title":"Weitere informationen","url":"http:\/\/lloretdemar.org\/de\/was-sie-in-lloret-de-mar-tun-konnen\/nutzliche-informationen-fur-ihren-aufenthalt\/prospekte\/","target":"_blank"}}]},{"imatge":13297,"titol":"Touristeninformationen ","subtitol":"","links":[{"link":{"title":"Touristeninformationen ","url":"http:\/\/lloretdemar.org\/de\/planifica-el-teu-viatge\/oficines-de-turisme\/","target":""}}]},{"imatge":13296,"titol":"Unternehmensverzeichnis","subtitol":"","links":[{"link":{"title":"Weitere informationen","url":"http:\/\/lloretdemar.org\/de\/sobre-lloret-de-mar\/directori-dempreses\/","target":"_blank"}}]}],"frase":"","festius_titol":"Lokale Feiertage","festius_subtitol":"Lokale Feiertage in Lloret de Mar","festius_llista":[{"data":"20190101","titol":"Neujahr ","subtitol":"Staatlicher Feiertag"},{"data":"20200106","titol":"Hlg. 3 K\u00f6nige        ","subtitol":"Staatlicher Feiertag"},{"data":null,"titol":"Karfreitag  ","subtitol":"Staatlicher Feiertag"},{"data":"20200413","titol":"Ostermontag        ","subtitol":"Autonomer Feiertag"},{"data":null,"titol":"Tag der Arbeit        ","subtitol":"Staatlicher Feiertag"},{"data":null,"titol":"San Juan        ","subtitol":"Autonomer Feiertag"},{"data":null,"titol":"Santa Cristina        ","subtitol":"Lokaler Feiertag"},{"data":null,"titol":"Mari\u00e4 Himmelfahrt        ","subtitol":"Staatlicher Feiertag"},{"data":null,"titol":"Katal. Nationaltag        ","subtitol":"Autonomer Feiertag"},{"data":null,"titol":"Span. Nationalfeiertag        ","subtitol":"Staatlicher Feiertag"},{"data":null,"titol":"Todos los Santos             ","subtitol":"Staatlicher Feiertag"},{"data":null,"titol":"Sant Rom\u00e0","subtitol":"Lokaler Feiertag"},{"data":null,"titol":"Tag der Verfassung        ","subtitol":"Staatlicher Feiertag"},{"data":null,"titol":"Mari\u00e4 Empf\u00e4ngnis        ","subtitol":"Staatlicher Feiertag"},{"data":null,"titol":"Weihnachten   ","subtitol":"Staatlicher Feiertag"},{"data":null,"titol":"San Esteban        ","subtitol":"Autonomer Feiertag"}],"banner_hub_imatge":13293,"banner_hub_imatge_titol":"","banner_hub_titol":"Zustand der Str\u00e4nde ","banner_hub_text":"Sehen Sie hier den Zustand unserer Str\u00e4nde  ","banner_hub_link":{"title":"Anzeigen","url":"http:\/\/www.intranet.pro-activa.es\/ca\/mapa\/35\/lloret-de-mar","target":"_blank"}},"yoast_head":"<!-- This site is optimized with the Yoast SEO plugin v27.5 - https:\/\/yoast.com\/product\/yoast-seo-wordpress\/ -->\n<title>N\u00fctzliche Informationen f\u00fcr Ihren Aufenthalt - Lloret de Mar<\/title>\n<meta name=\"robots\" content=\"index, follow, max-snippet:-1, max-image-preview:large, max-video-preview:-1\" \/>\n<link rel=\"canonical\" href=\"https:\/\/lloretdemar.org\/de\/was-sie-in-lloret-de-mar-tun-konnen\/nutzliche-informationen-fur-ihren-aufenthalt\/\" \/>\n<meta property=\"og:locale\" content=\"de_DE\" \/>\n<meta property=\"og:type\" content=\"article\" \/>\n<meta property=\"og:title\" content=\"N\u00fctzliche Informationen f\u00fcr Ihren Aufenthalt - Lloret de Mar\" \/>\n<meta property=\"og:url\" content=\"https:\/\/lloretdemar.org\/de\/was-sie-in-lloret-de-mar-tun-konnen\/nutzliche-informationen-fur-ihren-aufenthalt\/\" \/>\n<meta property=\"og:site_name\" content=\"Lloret de Mar\" \/>\n<meta property=\"article:publisher\" content=\"https:\/\/www.facebook.com\/Lloretturisme\" \/>\n<meta property=\"article:modified_time\" content=\"2022-09-22T10:42:23+00:00\" \/>\n<meta property=\"og:image\" content=\"https:\/\/lloretdemar.org\/wp-content\/uploads\/2020\/02\/capsalera-info.jpg\" \/>\n\t<meta property=\"og:image:width\" content=\"1920\" \/>\n\t<meta property=\"og:image:height\" content=\"885\" \/>\n\t<meta property=\"og:image:type\" content=\"image\/jpeg\" \/>\n<meta name=\"twitter:card\" content=\"summary_large_image\" \/>\n<meta name=\"twitter:site\" content=\"@lloretturisme\" \/>\n<script type=\"application\/ld+json\" class=\"yoast-schema-graph\">{\"@context\":\"https:\\\/\\\/schema.org\",\"@graph\":[{\"@type\":\"WebPage\",\"@id\":\"https:\\\/\\\/lloretdemar.org\\\/de\\\/was-sie-in-lloret-de-mar-tun-konnen\\\/nutzliche-informationen-fur-ihren-aufenthalt\\\/\",\"url\":\"https:\\\/\\\/lloretdemar.org\\\/de\\\/was-sie-in-lloret-de-mar-tun-konnen\\\/nutzliche-informationen-fur-ihren-aufenthalt\\\/\",\"name\":\"N\u00fctzliche Informationen f\u00fcr Ihren Aufenthalt - Lloret de Mar\",\"isPartOf\":{\"@id\":\"https:\\\/\\\/lloretdemar.org\\\/de\\\/#website\"},\"datePublished\":\"2019-05-28T12:11:21+00:00\",\"dateModified\":\"2022-09-22T10:42:23+00:00\",\"description\":\"Lloret de Mar\",\"breadcrumb\":{\"@id\":\"https:\\\/\\\/lloretdemar.org\\\/de\\\/was-sie-in-lloret-de-mar-tun-konnen\\\/nutzliche-informationen-fur-ihren-aufenthalt\\\/#breadcrumb\"},\"inLanguage\":\"de\",\"potentialAction\":[{\"@type\":\"ReadAction\",\"target\":[\"https:\\\/\\\/lloretdemar.org\\\/de\\\/was-sie-in-lloret-de-mar-tun-konnen\\\/nutzliche-informationen-fur-ihren-aufenthalt\\\/\"]}]},{\"@type\":\"BreadcrumbList\",\"@id\":\"https:\\\/\\\/lloretdemar.org\\\/de\\\/was-sie-in-lloret-de-mar-tun-konnen\\\/nutzliche-informationen-fur-ihren-aufenthalt\\\/#breadcrumb\",\"itemListElement\":[{\"@type\":\"ListItem\",\"position\":1,\"name\":\"Home\",\"item\":\"https:\\\/\\\/lloretdemar.org\\\/de\\\/\"},{\"@type\":\"ListItem\",\"position\":2,\"name\":\"Was Sie in Lloret de Mar tun k\u00f6nnen\",\"item\":\"https:\\\/\\\/lloretdemar.org\\\/de\\\/was-sie-in-lloret-de-mar-tun-konnen\\\/\"},{\"@type\":\"ListItem\",\"position\":3,\"name\":\"N\u00fctzliche Informationen f\u00fcr Ihren Aufenthalt\"}]},{\"@type\":\"WebSite\",\"@id\":\"https:\\\/\\\/lloretdemar.org\\\/de\\\/#website\",\"url\":\"https:\\\/\\\/lloretdemar.org\\\/de\\\/\",\"name\":\"Lloret de Mar\",\"description\":\"\",\"publisher\":{\"@id\":\"https:\\\/\\\/lloretdemar.org\\\/de\\\/#organization\"},\"potentialAction\":[{\"@type\":\"SearchAction\",\"target\":{\"@type\":\"EntryPoint\",\"urlTemplate\":\"https:\\\/\\\/lloretdemar.org\\\/de\\\/?s={search_term_string}\"},\"query-input\":{\"@type\":\"PropertyValueSpecification\",\"valueRequired\":true,\"valueName\":\"search_term_string\"}}],\"inLanguage\":\"de\"},{\"@type\":\"Organization\",\"@id\":\"https:\\\/\\\/lloretdemar.org\\\/de\\\/#organization\",\"name\":\"Lloret de Mar\",\"url\":\"https:\\\/\\\/lloretdemar.org\\\/de\\\/\",\"logo\":{\"@type\":\"ImageObject\",\"inLanguage\":\"de\",\"@id\":\"https:\\\/\\\/lloretdemar.org\\\/de\\\/#\\\/schema\\\/logo\\\/image\\\/\",\"url\":\"https:\\\/\\\/lloretdemar.org\\\/wp-content\\\/uploads\\\/2020\\\/05\\\/lloret-de-mar-logo.png\",\"contentUrl\":\"https:\\\/\\\/lloretdemar.org\\\/wp-content\\\/uploads\\\/2020\\\/05\\\/lloret-de-mar-logo.png\",\"width\":87,\"height\":38,\"caption\":\"Lloret de Mar\"},\"image\":{\"@id\":\"https:\\\/\\\/lloretdemar.org\\\/de\\\/#\\\/schema\\\/logo\\\/image\\\/\"},\"sameAs\":[\"https:\\\/\\\/www.facebook.com\\\/Lloretturisme\",\"https:\\\/\\\/x.com\\\/lloretturisme\",\"https:\\\/\\\/instagram.com\\\/lloretturisme\",\"https:\\\/\\\/www.youtube.com\\\/LloretTurisme\"]}]}<\/script>\n<!-- \/ Yoast SEO plugin. -->","yoast_head_json":{"title":"N\u00fctzliche Informationen f\u00fcr Ihren Aufenthalt - Lloret de Mar","robots":{"index":"index","follow":"follow","max-snippet":"max-snippet:-1","max-image-preview":"max-image-preview:large","max-video-preview":"max-video-preview:-1"},"canonical":"https:\/\/lloretdemar.org\/de\/was-sie-in-lloret-de-mar-tun-konnen\/nutzliche-informationen-fur-ihren-aufenthalt\/","og_locale":"de_DE","og_type":"article","og_title":"N\u00fctzliche Informationen f\u00fcr Ihren Aufenthalt - Lloret de Mar","og_url":"https:\/\/lloretdemar.org\/de\/was-sie-in-lloret-de-mar-tun-konnen\/nutzliche-informationen-fur-ihren-aufenthalt\/","og_site_name":"Lloret de Mar","article_publisher":"https:\/\/www.facebook.com\/Lloretturisme","article_modified_time":"2022-09-22T10:42:23+00:00","og_image":[{"width":1920,"height":885,"url":"https:\/\/lloretdemar.org\/wp-content\/uploads\/2020\/02\/capsalera-info.jpg","type":"image\/jpeg"}],"twitter_card":"summary_large_image","twitter_site":"@lloretturisme","schema":{"@context":"https:\/\/schema.org","@graph":[{"@type":"WebPage","@id":"https:\/\/lloretdemar.org\/de\/was-sie-in-lloret-de-mar-tun-konnen\/nutzliche-informationen-fur-ihren-aufenthalt\/","url":"https:\/\/lloretdemar.org\/de\/was-sie-in-lloret-de-mar-tun-konnen\/nutzliche-informationen-fur-ihren-aufenthalt\/","name":"N\u00fctzliche Informationen f\u00fcr Ihren Aufenthalt - Lloret de Mar","isPartOf":{"@id":"https:\/\/lloretdemar.org\/de\/#website"},"datePublished":"2019-05-28T12:11:21+00:00","dateModified":"2022-09-22T10:42:23+00:00","description":"Lloret de Mar","breadcrumb":{"@id":"https:\/\/lloretdemar.org\/de\/was-sie-in-lloret-de-mar-tun-konnen\/nutzliche-informationen-fur-ihren-aufenthalt\/#breadcrumb"},"inLanguage":"de","potentialAction":[{"@type":"ReadAction","target":["https:\/\/lloretdemar.org\/de\/was-sie-in-lloret-de-mar-tun-konnen\/nutzliche-informationen-fur-ihren-aufenthalt\/"]}]},{"@type":"BreadcrumbList","@id":"https:\/\/lloretdemar.org\/de\/was-sie-in-lloret-de-mar-tun-konnen\/nutzliche-informationen-fur-ihren-aufenthalt\/#breadcrumb","itemListElement":[{"@type":"ListItem","position":1,"name":"Home","item":"https:\/\/lloretdemar.org\/de\/"},{"@type":"ListItem","position":2,"name":"Was Sie in Lloret de Mar tun k\u00f6nnen","item":"https:\/\/lloretdemar.org\/de\/was-sie-in-lloret-de-mar-tun-konnen\/"},{"@type":"ListItem","position":3,"name":"N\u00fctzliche Informationen f\u00fcr Ihren Aufenthalt"}]},{"@type":"WebSite","@id":"https:\/\/lloretdemar.org\/de\/#website","url":"https:\/\/lloretdemar.org\/de\/","name":"Lloret de Mar","description":"","publisher":{"@id":"https:\/\/lloretdemar.org\/de\/#organization"},"potentialAction":[{"@type":"SearchAction","target":{"@type":"EntryPoint","urlTemplate":"https:\/\/lloretdemar.org\/de\/?s={search_term_string}"},"query-input":{"@type":"PropertyValueSpecification","valueRequired":true,"valueName":"search_term_string"}}],"inLanguage":"de"},{"@type":"Organization","@id":"https:\/\/lloretdemar.org\/de\/#organization","name":"Lloret de Mar","url":"https:\/\/lloretdemar.org\/de\/","logo":{"@type":"ImageObject","inLanguage":"de","@id":"https:\/\/lloretdemar.org\/de\/#\/schema\/logo\/image\/","url":"https:\/\/lloretdemar.org\/wp-content\/uploads\/2020\/05\/lloret-de-mar-logo.png","contentUrl":"https:\/\/lloretdemar.org\/wp-content\/uploads\/2020\/05\/lloret-de-mar-logo.png","width":87,"height":38,"caption":"Lloret de Mar"},"image":{"@id":"https:\/\/lloretdemar.org\/de\/#\/schema\/logo\/image\/"},"sameAs":["https:\/\/www.facebook.com\/Lloretturisme","https:\/\/x.com\/lloretturisme","https:\/\/instagram.com\/lloretturisme","https:\/\/www.youtube.com\/LloretTurisme"]}]}},"_links":{"self":[{"href":"https:\/\/lloretdemar.org\/de\/wp-json\/wp\/v2\/pages\/13286","targetHints":{"allow":["GET"]}}],"collection":[{"href":"https:\/\/lloretdemar.org\/de\/wp-json\/wp\/v2\/pages"}],"about":[{"href":"https:\/\/lloretdemar.org\/de\/wp-json\/wp\/v2\/types\/page"}],"author":[{"embeddable":true,"href":"https:\/\/lloretdemar.org\/de\/wp-json\/wp\/v2\/users\/12"}],"replies":[{"embeddable":true,"href":"https:\/\/lloretdemar.org\/de\/wp-json\/wp\/v2\/comments?post=13286"}],"version-history":[{"count":2,"href":"https:\/\/lloretdemar.org\/de\/wp-json\/wp\/v2\/pages\/13286\/revisions"}],"predecessor-version":[{"id":30892,"href":"https:\/\/lloretdemar.org\/de\/wp-json\/wp\/v2\/pages\/13286\/revisions\/30892"}],"up":[{"embeddable":true,"href":"https:\/\/lloretdemar.org\/de\/wp-json\/wp\/v2\/pages\/18644"}],"wp:attachment":[{"href":"https:\/\/lloretdemar.org\/de\/wp-json\/wp\/v2\/media?parent=13286"}],"curies":[{"name":"wp","href":"https:\/\/api.w.org\/{rel}","templated":true}]}}