{"id":13160,"date":"2020-01-27T09:38:43","date_gmt":"2020-01-27T08:38:43","guid":{"rendered":"http:\/\/lloretdemar.org\/lloret-de-mar-de-nit\/"},"modified":"2020-05-25T14:30:04","modified_gmt":"2020-05-25T12:30:04","slug":"lloret-de-mar-bei-nacht","status":"publish","type":"page","link":"https:\/\/lloretdemar.org\/de\/was-sie-in-lloret-de-mar-tun-konnen\/lloret-de-mar-bei-nacht\/","title":{"rendered":"Lloret de Mar bei Nacht"},"content":{"rendered":"","protected":false},"excerpt":{"rendered":"","protected":false},"author":12,"featured_media":0,"parent":18644,"menu_order":0,"comment_status":"closed","ping_status":"closed","template":"page-templates\/dia-nit.php","meta":{"_acf_changed":false,"content-type":"","footnotes":""},"class_list":["post-13160","page","type-page","status-publish","hentry"],"acf":{"banner_imatge":13161,"banner_titol":"Lloret de Mar bei Nacht ","banner_subtitol":"","botons_blanc_o_negres":"defecte","banner_links":[{"es_post":true,"banner_link":{"title":"Restaurants","url":"http:\/\/lloretdemar.org\/que-fer-a-lloret\/lloret-de-mar-de-dia\/gastronomia-local\/","target":"_blank"},"link_intern":4704,"link_intern_titol":"Restaurants"},{"es_post":true,"banner_link":{"title":"Teatre","url":"http:\/\/lloretdemar.org\/cultura\/teatre\/","target":""},"link_intern":4689,"link_intern_titol":"Theater"},{"es_post":true,"banner_link":{"title":"Casino","url":"http:\/\/lloretdemar.org\/cultura\/casino\/","target":""},"link_intern":4690,"link_intern_titol":"Casino"},{"es_post":true,"banner_link":{"title":"Bars","url":"http:\/\/lloretdemar.org\/activitat\/bars\/","target":""},"link_intern":4691,"link_intern_titol":"Bars"},{"es_post":true,"banner_link":{"title":"Discoteques","url":"http:\/\/lloretdemar.org\/activitat\/discoteques\/","target":""},"link_intern":4692,"link_intern_titol":"Diskotheken"},{"es_post":true,"banner_link":{"title":"Festivals","url":"http:\/\/lloretdemar.org\/activitat\/festivals\/","target":""},"link_intern":5034,"link_intern_titol":"Festivals und Veranstaltungen"}],"pagina_dia":13096,"pagina_dia_titol":"Lloret de Mar de Dia","pagina_dia_descripcio":"Lloret de Mar bietet Ihnen zahlreiche M\u00f6glichkeiten f\u00fcr ein gelungenes Nachtleben. ","titol_plans":"Die besten Ideen f\u00fcr Ihre Urlaubsplanung!","subtitol_plans":"W\u00e4hlen Sie aus, mit wem Sie verreisen m\u00f6chten, und wir schlagen Ihnen zahlreiche M\u00f6glichkeiten vor, wie Sie das Beste aus Ihrer Zeit in Lloret de Mar machen k\u00f6nnen.","pagina_nit":13160,"pagina_nit_titol":"Lloret de Mar bei Nacht ","pagina_nit_descripcio":"Lloret de Mar bietet Ihnen zahlreiche M\u00f6glichkeiten f\u00fcr ein gelungenes Nachtleben.","apartats":[{"acf_fc_layout":"mosaic_fletxa","titol":"Das sollten Sie nicht verpassen","subsubtitol":"","subtitol":"Sobald die Sonne in Lloret de Mar untergeht, sollten Sie folgende ","tots_text":"","tots_link":"","mosaic":[{"titol":"Theater","subtitol":"","imatge":13164,"link_intern_o_extern":"intern","link_intern":4689,"link_extern":null},{"titol":"Casino","subtitol":"","imatge":13166,"link_intern_o_extern":"intern","link_intern":4690,"link_extern":null},{"titol":"Bars","subtitol":"","imatge":13165,"link_intern_o_extern":"intern","link_intern":4691,"link_extern":null},{"titol":"Diskotheken","subtitol":"","imatge":13168,"link_intern_o_extern":"intern","link_intern":4692,"link_extern":null},{"titol":"Festivals und Veranstaltungen","subtitol":"","imatge":13169,"link_intern_o_extern":"intern","link_intern":5034,"link_extern":null},{"titol":"Restaurants","subtitol":"","imatge":13163,"link_intern_o_extern":"intern","link_intern":4704,"link_extern":null},{"titol":"Outdoor Summer Festival","subtitol":"","imatge":9690,"link_intern_o_extern":"intern","link_intern":4694,"link_extern":null},{"titol":"Clon Festival","subtitol":"","imatge":13167,"link_intern_o_extern":"intern","link_intern":4695,"link_extern":null}]},{"acf_fc_layout":"video","video":"","video_youtube":""},{"acf_fc_layout":"bloc_text","titol":"Lloret de Mar bei Nacht  ","subtitol":"Lloret de Mar bietet Ihnen zahlreiche M\u00f6glichkeiten f\u00fcr ein gelungenes Nachtleben. ","descripcio":"Exklusive Sessions internationaler DJs, die besten Diskotheken und Pubs der Costa Brava, die angesagtesten Konzerte sowie Terrassen und Bars zum Tanzen mit der besten Atmosph\u00e4re sind nur einige der vielen Gr\u00fcnde, weshalb Lloret de Mar bereits seit vielen Jahren als Ikone des Nachtlebens in ganz Europa gilt.\r\n\r\nAuch das Stadttheater mit erstklassigen Auff\u00fchrungen und das Casino in Lloret de Mar sind zwei der Highlights des Lloreter Nachtlebens.\r\n\r\nNicht zu vergessen ist unser Veranstaltungskalender, der das ganze Jahr \u00fcber Messen, Festivals und Veranstaltungen f\u00fcr Sie bereith\u00e4lt, die Sie Tag und Nacht genie\u00dfen k\u00f6nnen.\r\n\r\n\u00dcberzeugen Sie sich selbst und entdecken Sie die K\u00fcstenstadt Lloret de Mar von ihrer besten Seite.\r\n\r\n&nbsp;"},{"acf_fc_layout":"banner_vols_venir","imatge_fons":13109,"titol":"M\u00f6chten Sie Lloret de Mar besuchen? ","descripcio":"Organisieren Sie Ihren perfekten Aufenthalt","link":{"title":"Reiseplanung","url":"http:\/\/lloretdemar.org\/de\/planifica-el-teu-viatge\/","target":""}},{"acf_fc_layout":"blocs_color","color_fons":"","imatge_fons":13060,"titol":"","subtitol":"","blocs":[{"titol":"N\u00fctzliche Informationen","subtitol":"N\u00fctzliche Informationen f\u00fcr Ihren Aufenthalt in Lloret de Mar","descripcio":"","imatge":13338,"links":[{"link":{"title":"\u00d6ffnungszeiten und Lokale Feiertage  ","url":"http:\/\/lloretdemar.org\/de\/sobre-lloret-de-mar\/informacio-practica-sobre-lloret-de-mar\/","target":""},"cta":"","boto_o_link":"link"},{"link":{"title":"Zustand der Str\u00e4nde","url":"http:\/\/lloretdemar.org\/de\/was-sie-in-lloret-de-mar-tun-konnen\/lloret-de-mar-bei-tag\/strande\/strandmanagement-in-lloret-de-mar\/","target":""},"cta":"","boto_o_link":"link"},{"link":{"title":"Unternehmensverzeichnis ","url":"http:\/\/lloretdemar.org\/de\/sobre-lloret-de-mar\/directori-dempreses\/","target":""},"cta":"","boto_o_link":"boto"}]},{"titol":"Reisef\u00fchrer und  brosch\u00fcren","subtitol":"Mit diesen Ideen entdecken Sie alles, was Lloret de Mar f\u00fcr Ihren Urlaub zu bieten hat","descripcio":"","imatge":13339,"links":[{"link":{"title":"Touristeninformationen","url":"http:\/\/lloretdemar.org\/de\/planifica-el-teu-viatge\/oficines-de-turisme\/","target":""},"cta":"","boto_o_link":"link"}]}]}]},"yoast_head":"<!-- This site is optimized with the Yoast SEO plugin v27.5 - https:\/\/yoast.com\/product\/yoast-seo-wordpress\/ -->\n<title>Lloret de Mar bei Nacht - Lloret de Mar<\/title>\n<meta name=\"robots\" content=\"index, follow, max-snippet:-1, max-image-preview:large, max-video-preview:-1\" \/>\n<link rel=\"canonical\" href=\"https:\/\/lloretdemar.org\/de\/was-sie-in-lloret-de-mar-tun-konnen\/lloret-de-mar-bei-nacht\/\" \/>\n<meta property=\"og:locale\" content=\"de_DE\" \/>\n<meta property=\"og:type\" content=\"article\" \/>\n<meta property=\"og:title\" content=\"Lloret de Mar bei Nacht - Lloret de Mar\" \/>\n<meta property=\"og:url\" content=\"https:\/\/lloretdemar.org\/de\/was-sie-in-lloret-de-mar-tun-konnen\/lloret-de-mar-bei-nacht\/\" \/>\n<meta property=\"og:site_name\" content=\"Lloret de Mar\" \/>\n<meta property=\"article:publisher\" content=\"https:\/\/www.facebook.com\/Lloretturisme\" \/>\n<meta property=\"article:modified_time\" content=\"2020-05-25T12:30:04+00:00\" \/>\n<meta property=\"og:image\" content=\"https:\/\/lloretdemar.org\/wp-content\/uploads\/2020\/02\/slide-lloret-nit.jpg\" \/>\n\t<meta property=\"og:image:width\" content=\"1920\" \/>\n\t<meta property=\"og:image:height\" content=\"885\" \/>\n\t<meta property=\"og:image:type\" content=\"image\/jpeg\" \/>\n<meta name=\"twitter:card\" content=\"summary_large_image\" \/>\n<meta name=\"twitter:site\" content=\"@lloretturisme\" \/>\n<script type=\"application\/ld+json\" class=\"yoast-schema-graph\">{\"@context\":\"https:\\\/\\\/schema.org\",\"@graph\":[{\"@type\":\"WebPage\",\"@id\":\"https:\\\/\\\/lloretdemar.org\\\/de\\\/was-sie-in-lloret-de-mar-tun-konnen\\\/lloret-de-mar-bei-nacht\\\/\",\"url\":\"https:\\\/\\\/lloretdemar.org\\\/de\\\/was-sie-in-lloret-de-mar-tun-konnen\\\/lloret-de-mar-bei-nacht\\\/\",\"name\":\"Lloret de Mar bei Nacht - Lloret de Mar\",\"isPartOf\":{\"@id\":\"https:\\\/\\\/lloretdemar.org\\\/de\\\/#website\"},\"datePublished\":\"2020-01-27T08:38:43+00:00\",\"dateModified\":\"2020-05-25T12:30:04+00:00\",\"description\":\"Lloret de Mar\",\"breadcrumb\":{\"@id\":\"https:\\\/\\\/lloretdemar.org\\\/de\\\/was-sie-in-lloret-de-mar-tun-konnen\\\/lloret-de-mar-bei-nacht\\\/#breadcrumb\"},\"inLanguage\":\"de\",\"potentialAction\":[{\"@type\":\"ReadAction\",\"target\":[\"https:\\\/\\\/lloretdemar.org\\\/de\\\/was-sie-in-lloret-de-mar-tun-konnen\\\/lloret-de-mar-bei-nacht\\\/\"]}]},{\"@type\":\"BreadcrumbList\",\"@id\":\"https:\\\/\\\/lloretdemar.org\\\/de\\\/was-sie-in-lloret-de-mar-tun-konnen\\\/lloret-de-mar-bei-nacht\\\/#breadcrumb\",\"itemListElement\":[{\"@type\":\"ListItem\",\"position\":1,\"name\":\"Home\",\"item\":\"https:\\\/\\\/lloretdemar.org\\\/de\\\/\"},{\"@type\":\"ListItem\",\"position\":2,\"name\":\"Was Sie in Lloret de Mar tun k\u00f6nnen\",\"item\":\"https:\\\/\\\/lloretdemar.org\\\/de\\\/was-sie-in-lloret-de-mar-tun-konnen\\\/\"},{\"@type\":\"ListItem\",\"position\":3,\"name\":\"Lloret de Mar bei Nacht\"}]},{\"@type\":\"WebSite\",\"@id\":\"https:\\\/\\\/lloretdemar.org\\\/de\\\/#website\",\"url\":\"https:\\\/\\\/lloretdemar.org\\\/de\\\/\",\"name\":\"Lloret de Mar\",\"description\":\"\",\"publisher\":{\"@id\":\"https:\\\/\\\/lloretdemar.org\\\/de\\\/#organization\"},\"potentialAction\":[{\"@type\":\"SearchAction\",\"target\":{\"@type\":\"EntryPoint\",\"urlTemplate\":\"https:\\\/\\\/lloretdemar.org\\\/de\\\/?s={search_term_string}\"},\"query-input\":{\"@type\":\"PropertyValueSpecification\",\"valueRequired\":true,\"valueName\":\"search_term_string\"}}],\"inLanguage\":\"de\"},{\"@type\":\"Organization\",\"@id\":\"https:\\\/\\\/lloretdemar.org\\\/de\\\/#organization\",\"name\":\"Lloret de Mar\",\"url\":\"https:\\\/\\\/lloretdemar.org\\\/de\\\/\",\"logo\":{\"@type\":\"ImageObject\",\"inLanguage\":\"de\",\"@id\":\"https:\\\/\\\/lloretdemar.org\\\/de\\\/#\\\/schema\\\/logo\\\/image\\\/\",\"url\":\"https:\\\/\\\/lloretdemar.org\\\/wp-content\\\/uploads\\\/2020\\\/05\\\/lloret-de-mar-logo.png\",\"contentUrl\":\"https:\\\/\\\/lloretdemar.org\\\/wp-content\\\/uploads\\\/2020\\\/05\\\/lloret-de-mar-logo.png\",\"width\":87,\"height\":38,\"caption\":\"Lloret de Mar\"},\"image\":{\"@id\":\"https:\\\/\\\/lloretdemar.org\\\/de\\\/#\\\/schema\\\/logo\\\/image\\\/\"},\"sameAs\":[\"https:\\\/\\\/www.facebook.com\\\/Lloretturisme\",\"https:\\\/\\\/x.com\\\/lloretturisme\",\"https:\\\/\\\/instagram.com\\\/lloretturisme\",\"https:\\\/\\\/www.youtube.com\\\/LloretTurisme\"]}]}<\/script>\n<!-- \/ Yoast SEO plugin. -->","yoast_head_json":{"title":"Lloret de Mar bei Nacht - Lloret de Mar","robots":{"index":"index","follow":"follow","max-snippet":"max-snippet:-1","max-image-preview":"max-image-preview:large","max-video-preview":"max-video-preview:-1"},"canonical":"https:\/\/lloretdemar.org\/de\/was-sie-in-lloret-de-mar-tun-konnen\/lloret-de-mar-bei-nacht\/","og_locale":"de_DE","og_type":"article","og_title":"Lloret de Mar bei Nacht - Lloret de Mar","og_url":"https:\/\/lloretdemar.org\/de\/was-sie-in-lloret-de-mar-tun-konnen\/lloret-de-mar-bei-nacht\/","og_site_name":"Lloret de Mar","article_publisher":"https:\/\/www.facebook.com\/Lloretturisme","article_modified_time":"2020-05-25T12:30:04+00:00","og_image":[{"width":1920,"height":885,"url":"https:\/\/lloretdemar.org\/wp-content\/uploads\/2020\/02\/slide-lloret-nit.jpg","type":"image\/jpeg"}],"twitter_card":"summary_large_image","twitter_site":"@lloretturisme","schema":{"@context":"https:\/\/schema.org","@graph":[{"@type":"WebPage","@id":"https:\/\/lloretdemar.org\/de\/was-sie-in-lloret-de-mar-tun-konnen\/lloret-de-mar-bei-nacht\/","url":"https:\/\/lloretdemar.org\/de\/was-sie-in-lloret-de-mar-tun-konnen\/lloret-de-mar-bei-nacht\/","name":"Lloret de Mar bei Nacht - Lloret de Mar","isPartOf":{"@id":"https:\/\/lloretdemar.org\/de\/#website"},"datePublished":"2020-01-27T08:38:43+00:00","dateModified":"2020-05-25T12:30:04+00:00","description":"Lloret de Mar","breadcrumb":{"@id":"https:\/\/lloretdemar.org\/de\/was-sie-in-lloret-de-mar-tun-konnen\/lloret-de-mar-bei-nacht\/#breadcrumb"},"inLanguage":"de","potentialAction":[{"@type":"ReadAction","target":["https:\/\/lloretdemar.org\/de\/was-sie-in-lloret-de-mar-tun-konnen\/lloret-de-mar-bei-nacht\/"]}]},{"@type":"BreadcrumbList","@id":"https:\/\/lloretdemar.org\/de\/was-sie-in-lloret-de-mar-tun-konnen\/lloret-de-mar-bei-nacht\/#breadcrumb","itemListElement":[{"@type":"ListItem","position":1,"name":"Home","item":"https:\/\/lloretdemar.org\/de\/"},{"@type":"ListItem","position":2,"name":"Was Sie in Lloret de Mar tun k\u00f6nnen","item":"https:\/\/lloretdemar.org\/de\/was-sie-in-lloret-de-mar-tun-konnen\/"},{"@type":"ListItem","position":3,"name":"Lloret de Mar bei Nacht"}]},{"@type":"WebSite","@id":"https:\/\/lloretdemar.org\/de\/#website","url":"https:\/\/lloretdemar.org\/de\/","name":"Lloret de Mar","description":"","publisher":{"@id":"https:\/\/lloretdemar.org\/de\/#organization"},"potentialAction":[{"@type":"SearchAction","target":{"@type":"EntryPoint","urlTemplate":"https:\/\/lloretdemar.org\/de\/?s={search_term_string}"},"query-input":{"@type":"PropertyValueSpecification","valueRequired":true,"valueName":"search_term_string"}}],"inLanguage":"de"},{"@type":"Organization","@id":"https:\/\/lloretdemar.org\/de\/#organization","name":"Lloret de Mar","url":"https:\/\/lloretdemar.org\/de\/","logo":{"@type":"ImageObject","inLanguage":"de","@id":"https:\/\/lloretdemar.org\/de\/#\/schema\/logo\/image\/","url":"https:\/\/lloretdemar.org\/wp-content\/uploads\/2020\/05\/lloret-de-mar-logo.png","contentUrl":"https:\/\/lloretdemar.org\/wp-content\/uploads\/2020\/05\/lloret-de-mar-logo.png","width":87,"height":38,"caption":"Lloret de Mar"},"image":{"@id":"https:\/\/lloretdemar.org\/de\/#\/schema\/logo\/image\/"},"sameAs":["https:\/\/www.facebook.com\/Lloretturisme","https:\/\/x.com\/lloretturisme","https:\/\/instagram.com\/lloretturisme","https:\/\/www.youtube.com\/LloretTurisme"]}]}},"_links":{"self":[{"href":"https:\/\/lloretdemar.org\/de\/wp-json\/wp\/v2\/pages\/13160","targetHints":{"allow":["GET"]}}],"collection":[{"href":"https:\/\/lloretdemar.org\/de\/wp-json\/wp\/v2\/pages"}],"about":[{"href":"https:\/\/lloretdemar.org\/de\/wp-json\/wp\/v2\/types\/page"}],"author":[{"embeddable":true,"href":"https:\/\/lloretdemar.org\/de\/wp-json\/wp\/v2\/users\/12"}],"replies":[{"embeddable":true,"href":"https:\/\/lloretdemar.org\/de\/wp-json\/wp\/v2\/comments?post=13160"}],"version-history":[{"count":0,"href":"https:\/\/lloretdemar.org\/de\/wp-json\/wp\/v2\/pages\/13160\/revisions"}],"up":[{"embeddable":true,"href":"https:\/\/lloretdemar.org\/de\/wp-json\/wp\/v2\/pages\/18644"}],"acf:post":[{"embeddable":true,"href":"https:\/\/lloretdemar.org\/de\/wp-json\/wp\/v2\/pages\/13160"},{"embeddable":true,"href":"https:\/\/lloretdemar.org\/de\/wp-json\/wp\/v2\/pages\/13096"}],"wp:attachment":[{"href":"https:\/\/lloretdemar.org\/de\/wp-json\/wp\/v2\/media?parent=13160"}],"curies":[{"name":"wp","href":"https:\/\/api.w.org\/{rel}","templated":true}]}}